{"id":4123,"date":"2022-06-30T09:19:38","date_gmt":"2022-06-30T02:19:38","guid":{"rendered":"https:\/\/tranthi.vn\/quangnam\/?post_type=product&#038;p=4123"},"modified":"2024-05-02T08:55:41","modified_gmt":"2024-05-02T01:55:41","slug":"may-hut-mui-smart","status":"publish","type":"product","link":"https:\/\/tranthi.vn\/hatinh\/may-hut-mui-smart\/","title":{"rendered":"M\u00e1y h\u00fat m\u00f9i SMART (V\u1eaby tay) BCV70MSI-TG"},"content":{"rendered":"<h1 style=\"text-align: center;\"><span style=\"font-family: 'times new roman', times, serif; font-size: 140%; color: #ff0000;\">M\u00e1y H\u00fat Kh\u1eed M\u00f9i <a style=\"color: #ff0000;\" href=\"https:\/\/vi.wikipedia.org\/wiki\/%C4%90%C3%A0_N%E1%BA%B5ng\">\u0110\u00e0 N\u1eb5ng<\/a><\/span><\/h1>\n<ul>\n<li><span style=\"font-size: 130%;\"><span style=\"font-family: 'times new roman', times, serif;\">M\u00e1y h\u00fat m\u00f9i k\u00ednh cong l\u00e0 g\u00ec?\u00a0 <em><strong>M\u00e1y h\u00fat m\u00f9i<\/strong><\/em> k\u00ednh cong l\u00e0 m\u1ed9t lo\u1ea1i m\u00e1y h\u00fat m\u00f9i \u0111\u01b0\u1ee3c thi\u1ebft k\u1ebf \u0111\u1eb7c bi\u1ec7t \u0111\u1ec3 l\u1eafp \u0111\u1eb7t tr\u00ean c\u00e1c b\u1ebfp c\u00f3 k\u00ednh cong. M\u00e1y n\u00e0y c\u00f3 th\u1ec3 \u0111\u01b0\u1ee3c t\u00edch h\u1ee3p v\u00e0o t\u1ee7 b\u1ebfp ho\u1eb7c \u0111\u01b0\u1ee3c treo tr\u00ean tr\u1ea7n, v\u00e0 n\u00f3 c\u00f3 th\u1ec3 c\u00f3 c\u00e1c t\u00ednh n\u0103ng nh\u01b0 h\u00fat m\u00f9i, l\u1ecdc kh\u00f4ng kh\u00ed v\u00e0 <em>h\u00fat<\/em> d\u1ea7u m\u1ee1 kh\u1ecfi kh\u00f4ng kh\u00ed trong qu\u00e1 tr\u00ecnh n\u1ea5u n\u01b0\u1edbng. Thi\u1ebft k\u1ebf k\u00ednh cong gi\u00fap m\u00e1y ph\u00f9 h\u1ee3p h\u01a1n v\u1edbi kh\u00f4ng gian b\u1ebfp v\u00e0 t\u1ea1o ra m\u1ed9t c\u00e1i nh\u00ecn th\u1ea9m m\u1ef9 h\u00e0i h\u00f2a h\u01a1n.<\/span>\u00a0<\/span><\/li>\n<\/ul>\n<p>&nbsp;<\/p>\n<ul>\n<li><span style=\"font-family: 'times new roman', times, serif; font-size: 130%;\">M\u00e1y h\u00fat m\u00f9i \u0111\u00e3 d\u1ea7n tr\u1edf th\u00e0nh thi\u1ebft b\u1ecb nh\u00e0 b\u1ebfp quen thu\u1ed9c v\u1edbi c\u00e1c gia \u0111\u00ecnh Vi\u1ec7t, \u0111\u1eb7c bi\u1ec7t l\u00e0 t\u1ea1i c\u00e1c trung t\u00e2m th\u00e0nh ph\u1ed1 l\u1edbn v\u1edbi nh\u1eefng kh\u00f4ng gian b\u1ebfp h\u1ea1n h\u1eb9p s\u1edf h\u1eefu m\u1ed9t chi\u1ebfc <a href=\"https:\/\/tranthi.vn\/quangnam\/may-hut-khu-mui-kinh-cong-da-nang\/\">m\u00e1y h\u00fat m\u00f9i<\/a> l\u00e0 gi\u1ea3i ph\u00e1p t\u1ed1i \u01b0u nh\u1ea5t \u0111\u1ec3 mang l\u1ea1i cho gia \u0111\u00ecnh b\u1ea1n b\u1ea7u kh\u00f4ng kh\u00ed trong l\u00e0nh v\u00e0 tho\u00e1ng \u0111\u00e3ng.<\/span><\/li>\n<\/ul>\n<p><iframe loading=\"lazy\" src=\"\/\/www.youtube.com\/embed\/X2oe2j6nB70\" width=\"560\" height=\"314\" allowfullscreen=\"allowfullscreen\" data-mce-fragment=\"1\"><\/iframe><\/p>\n<h2 id=\"hmenuid3\"><strong><span style=\"font-family: 'times new roman', times, serif; font-size: 130%; color: #3366ff;\">1. C\u1ea5u t\u1ea1o v\u00e0 nguy\u00ean l\u00fd ho\u1ea1t \u0111\u1ed9ng<\/span><\/strong><\/h2>\n<p><span style=\"font-family: 'times new roman', times, serif; font-size: 130%;\"><strong>M\u00e1y h\u00fat m\u00f9i<\/strong> \u0111\u01b0\u1ee3c c\u1ea5u t\u1ea1o t\u1eeb 3 th\u00e0nh ph\u1ea7n ch\u00ednh g\u1ed3m:<\/span><\/p>\n<ul>\n<li><span style=\"font-family: 'times new roman', times, serif; font-size: 130%;\">Th\u00e2n m\u00e1y: Ch\u1ebf t\u00e1c t\u1eeb h\u1ee3p ch\u1ea5t kim lo\u1ea1i\u00a0c\u00f3 \u0111\u1ed9 b\u1ec1n cao, ph\u1ee7 l\u1edbp s\u01a1n t\u0129nh \u0111i\u1ec7n, \u0111em l\u1ea1i cho s\u1ea3n ph\u1ea9m kh\u1ea3 n\u0103ng ch\u1ed1ng oxy h\u00f3a, ch\u1ed1ng \u0103n m\u00f2n hi\u1ec7u qu\u1ea3, t\u1eeb \u0111\u00f3 g\u00f3p ph\u1ea7n l\u00e0m cho kh\u00f4ng gian th\u00eam hi\u1ec7n \u0111\u1ea1i.<\/span><\/li>\n<li><span style=\"font-family: 'times new roman', times, serif; font-size: 130%;\">\u0110\u1ed9ng c\u01a1 qu\u1ea1t:\u00a0L\u00e0 b\u1ed9 ph\u1eadn quan tr\u1ecdng c\u1ee7a m\u00e1y h\u00fat m\u00f9i, gi\u00fap t\u1ea1o ra d\u00f2ng kh\u00ed m\u1ea1nh m\u1ebd, h\u00fat kh\u00f4ng kh\u00ed th\u00f4ng qua h\u1ec7 th\u1ed1ng l\u1ecdc \u0111\u1ec3 lo\u1ea1i b\u1ecf t\u1ea1p ch\u1ea5t,<strong> <em>m\u00f9i<\/em><\/strong> h\u00f4i, kh\u00f3i trong qu\u00e1 tr\u00ecnh n\u1ea5u \u0103n.<\/span><\/li>\n<li><span style=\"font-family: 'times new roman', times, serif; font-size: 130%;\">B\u1ea3ng m\u1ea1ch tr\u00ean b\u1ed9 \u0111i\u1ec1u khi\u1ec3n:\u00a0Cho ph\u00e9p ng\u01b0\u1eddi d\u00f9ng tinh ch\u1ec9nh c\u00e1c ch\u1ee9c n\u0103ng ho\u1ea1t \u0111\u1ed9ng c\u1ee7a m\u00e1y h\u00fat m\u00f9i nh\u01b0 c\u1ea3m bi\u1ebfn kh\u00f3i, c\u1ea3nh b\u00e1o m\u00e0ng l\u1ecdc c\u1ea7n v\u1ec7 sinh,&#8230;<\/span><\/li>\n<li><span style=\"font-family: 'times new roman', times, serif; font-size: 130%;\">M\u00e0ng l\u1ecdc m\u1ee1:\u00a0Th\u01b0\u1eddng \u0111\u01b0\u1ee3c l\u00e0m b\u1eb1ng\u00a0nh\u00f4m\u00a0c\u00f3 kh\u1ea3 n\u0103ng ch\u1ed1ng han g\u1ec9 t\u1ed1t, g\u00f3p ph\u1ea7n l\u1ecdc s\u1ea1ch m\u00f9i h\u00f4i, d\u1ea7u m\u1ee1 trong qu\u00e1 tr\u00ecnh n\u1ea5u n\u01b0\u1edbng.<\/span><\/li>\n<\/ul>\n<figure id=\"attachment_6676\" aria-describedby=\"caption-attachment-6676\" style=\"width: 309px\" class=\"wp-caption aligncenter\"><img loading=\"lazy\" decoding=\"async\" class=\" wp-image-6676\" src=\"https:\/\/tranthi.vn\/quangnam\/wp-content\/uploads\/2023\/11\/may-hut-mui-kinh-cong-da-nang.jpg\" alt=\"may-hut-mui-kinh-cong-da-nang.jpg\" width=\"309\" height=\"309\" srcset=\"https:\/\/tranthi.vn\/hatinh\/wp-content\/uploads\/2023\/11\/may-hut-mui-kinh-cong-da-nang.jpg 200w, https:\/\/tranthi.vn\/hatinh\/wp-content\/uploads\/2023\/11\/may-hut-mui-kinh-cong-da-nang-100x100.jpg 100w\" sizes=\"auto, (max-width: 309px) 100vw, 309px\" \/><figcaption id=\"caption-attachment-6676\" class=\"wp-caption-text\">M\u00e1y h\u00fat m\u00f9i k\u00ednh cong <em><strong>\u0110\u00e0 N\u1eb5ng<\/strong><\/em><\/figcaption><\/figure>\n<p><span style=\"font-family: 'times new roman', times, serif; font-size: 130%;\">Nguy\u00ean l\u00fd ho\u1ea1t \u0111\u1ed9ng:\u00a0Khi b\u1ea1n cung c\u1ea5p ngu\u1ed3n \u0111i\u1ec7n cho s\u1ea3n ph\u1ea9m, \u0111\u1ed9ng c\u01a1 qu\u1ea1t s\u1ebd ti\u1ebfn h\u00e0nh h\u00fat kh\u00f3i, m\u00f9i d\u1ea7u m\u1ee1, m\u00f9i tanh h\u00f4i, kh\u00ed gas ra kh\u1ecfi khu v\u1ef1c n\u1ea5u n\u01b0\u1edbng qua \u0111\u01b0\u1eddng \u1ed1ng. Sau khi lu\u1ed3ng kh\u00f4ng kh\u00ed n\u00e0y \u0111\u01b0\u1ee3c<strong> h\u00fat<\/strong> s\u1ebd \u0111i qua b\u1ed9 l\u1ecdc v\u00e0 tr\u1ea3 l\u1ea1i cho b\u1ea1n kh\u00f4ng gian b\u1ebfp th\u00f4ng tho\u00e1ng.<\/span><\/p>\n<h2 id=\"hmenuid4\"><strong><span style=\"font-family: 'times new roman', times, serif; font-size: 130%; color: #0000ff;\">2. C\u00e1c lo\u1ea1i m\u00e1y h\u00fat m\u00f9i d\u1ef1a v\u00e0o c\u00e1ch l\u1eafp \u0111\u1eb7t<\/span><\/strong><\/h2>\n<h3 id=\"hmenuid5\"><em><strong><span style=\"font-family: 'times new roman', times, serif; font-size: 130%; color: #0000ff;\">2.1 M\u00e1y h\u00fat m\u00f9i \u00e2m t\u1ee7<\/span><\/strong><\/em><\/h3>\n<ul>\n<li dir=\"ltr\"><span style=\"font-family: 'times new roman', times, serif; font-size: 130%;\">M\u00e1y h\u00fat m\u00f9i \u00e2m t\u1ee7\u00a0l\u00e0 d\u00f2ng s\u1ea3n ph\u1ea9m c\u00f3 thi\u1ebft k\u1ebf nh\u1ecf g\u1ecdn, \u0111\u01a1n gi\u1ea3n d\u00f9ng \u0111\u1ec3 l\u1eafp \u0111\u1eb7t ch\u00ecm v\u00e0o ph\u1ea7n t\u1ee7 b\u1ebfp nh\u01b0ng v\u1eabn gi\u1eef \u0111\u01b0\u1ee3c nh\u1eefng ch\u1ee9c n\u0103ng c\u01a1 b\u1ea3n c\u1ee7a m\u1ed9t chi\u1ebfc <strong>m\u00e1y<\/strong> h\u00fat m\u00f9i th\u00f4ng th\u01b0\u1eddng. K\u00edch th\u01b0\u1edbc ph\u1ed5 bi\u1ebfn c\u1ee7a m\u00e1y t\u1eeb\u00a060 &#8211; 70cm\u00a0n\u00ean d\u1ec5 d\u00e0ng k\u1ebft h\u1ee3p v\u1edbi c\u00e1c ki\u1ec3u kh\u00f4ng gian b\u1ebfp kh\u00e1c nhau.<\/span><\/li>\n<li><span style=\"font-family: 'times new roman', times, serif; font-size: 130%;\">M\u00e1y h\u00fat m\u00f9i \u00e2m t\u1ee7 ho\u1ea1t \u0111\u1ed9ng ch\u1ee7 y\u1ebfu d\u1ef1a tr\u00ean nguy\u00ean l\u00fd c\u1ee7a qu\u1ea1t th\u00f4ng gi\u00f3 v\u1edbi h\u1ec7 th\u1ed1ng \u0111\u1ed9ng c\u01a1turbinv\u00e0 c\u00e1nh qu\u1ea1t\u00a0gi\u00fap <strong>h\u00fat<\/strong> h\u1ebft <em>m\u00f9i<\/em>, kh\u00f3i trong ph\u00f2ng v\u00e0 \u0111\u1ea9y ra b\u00ean ngo\u00e0i k\u1ebft h\u1ee3p v\u1edbi l\u01b0\u1edbi l\u1ecdc h\u1ed7 tr\u1ee3 l\u1ecdc s\u1ea1ch b\u1ee5i, d\u1ea7u m\u1ee1.<\/span><\/li>\n<li><iframe loading=\"lazy\" src=\"\/\/www.youtube.com\/embed\/eryhtoV2wsE\" width=\"560\" height=\"314\" allowfullscreen=\"allowfullscreen\" data-mce-fragment=\"1\"><\/iframe><\/li>\n<\/ul>\n<h3 id=\"hmenuid6\"><strong><em><span style=\"font-family: 'times new roman', times, serif; font-size: 130%; color: #0000ff;\">2.2 M\u00e1y h\u00fat m\u00f9i \u00e1p t\u01b0\u1eddng<\/span><\/em><\/strong><\/h3>\n<ul>\n<li><span style=\"font-family: 'times new roman', times, serif; font-size: 130%;\">M\u00e1y h\u00fat m\u00f9i \u00e1p t\u01b0\u1eddng\u00a0l\u00e0 lo\u1ea1i m\u00e1y h\u00fat m\u00f9i c\u00f3 thi\u1ebft k\u1ebf \u0111\u1ed9c \u0111\u00e1o, tinh t\u1ebf nh\u01b0 m\u1ed9t chi\u1ebfc\u00a0<a title=\"tivi\" href=\"https:\/\/www.dienmayxanh.com\/tivi\" target=\"_blank\" rel=\"dofollow noopener\">tivi<\/a>\u00a0\u0111\u01b0\u1ee3c g\u1eafn tr\u1ef1c ti\u1ebfp tr\u00ean t\u01b0\u1eddng, m\u1ed9t ph\u1ea7n th\u00e2n m\u00e1y s\u1ebd c\u00f3 \u0111i\u1ec3m t\u1ef1a \u00e1p s\u00e1t t\u01b0\u1eddng c\u00f3 gi\u00e1 \u0111\u1ee1 ch\u1ecbu l\u1ef1c ho\u1eb7c v\u00edt n\u1edf t\u00f9y thi\u1ebft k\u1ebf.<\/span><\/li>\n<li><span style=\"font-family: 'times new roman', times, serif; font-size: 130%;\">M\u00e1y h\u00fat m\u00f9i \u00e1p t\u01b0\u1eddng ho\u1ea1t \u0111\u1ed9ng d\u1ef1a tr\u00eanc\u01a1 ch\u1ebf h\u00fat &#8211; \u0111\u1ea9y qua \u1ed1ng d\u1eabn kh\u00ed\u00a0\u0111\u1ec3 lo\u1ea1i b\u1ecf kh\u00f3i v\u00e0 m\u00f9i trong qu\u00e1 tr\u00ecnh n\u1ea5u r\u1ed3i \u0111\u1ea9y ra b\u00ean ngo\u00e0i ho\u1eb7c l\u1eafp th\u00eam h\u1ec7 th\u1ed1ng kh\u1eed m\u00f9i b\u1eb1ng than ho\u1ea1t t\u00ednh tr\u01b0\u1edbc khi \u0111\u1ea9y ra ngo\u00e0i m\u00f4i tr\u01b0\u1eddng.<\/span><\/li>\n<\/ul>\n<p><iframe loading=\"lazy\" src=\"\/\/www.youtube.com\/embed\/JnhbrDLtMO0?si=JT8vpPyiTnhsVEsE\" width=\"560\" height=\"314\" allowfullscreen=\"allowfullscreen\" data-mce-fragment=\"1\"><\/iframe><\/p>\n<ul>\n<li><span style=\"font-family: 'times new roman', times, serif; font-size: 130%;\">M\u00e1y h\u00fat m\u00f9i \u00e1p t\u01b0\u1eddng th\u01b0\u1eddng \u0111\u01b0\u1ee3c thi\u1ebft k\u1ebf v\u1edbi c\u00e1c lo\u1ea1i k\u00edch th\u01b0\u1edbc ph\u1ed5 bi\u1ebfn nh\u01b0: 70cm,\u00a090cm\u00a0n\u00ean m\u00e1y s\u1ebd ph\u00f9 h\u1ee3p v\u1edbi nh\u1eefng c\u0103n nh\u00e0 s\u1edf h\u1eefu gian b\u1ebfp r\u1ed9ng.<\/span><\/li>\n<\/ul>\n<h2 id=\"hmenuid9\"><span style=\"font-family: 'times new roman', times, serif; font-size: 130%; color: #0000ff;\">3. C\u00e1c lo\u1ea1i m\u00e1y h\u00fat m\u00f9i d\u1ef1a v\u00e0o ki\u1ec3u h\u00fat v\u00e0 x\u1ea3 m\u00f9i<\/span><\/h2>\n<h3 id=\"hmenuid10\"><span style=\"color: #0000ff;\"><em><strong><span style=\"font-family: 'times new roman', times, serif; font-size: 130%;\">3.1 M\u00e1y h\u00fat m\u00f9i c\u00f3 \u0111\u01b0\u1eddng \u1ed1ng tho\u00e1t<\/span><\/strong><\/em><\/span><\/h3>\n<ul>\n<li><span style=\"font-family: 'times new roman', times, serif; font-size: 130%;\"><em>M\u00e1y h\u00fat m\u00f9i<\/em> c\u00f3 \u0111\u01b0\u1eddng \u1ed1ng tho\u00e1t ho\u1ea1t \u0111\u1ed9ng d\u1ef1a tr\u00ean c\u01a1 ch\u1ebf \u0111\u1ea9y tr\u1ef1c ti\u1ebfp m\u00f9i h\u00f4i, kh\u00f3i th\u1ee9c \u0103n ra ngo\u00e0i c\u0103n b\u1ebfp th\u00f4ng qua \u0111\u01b0\u1eddng \u1ed1ng tho\u00e1t kh\u00ed \u0111\u01b0\u1ee3c thi\u1ebft k\u1ebf tr\u00ean s\u1ea3n ph\u1ea9m. Do \u0111\u00f3, lo\u1ea1i m\u00e1y n\u00e0y l\u00e0 s\u1ef1 l\u1ef1a ch\u1ecdn ph\u00f9 h\u1ee3p cho nh\u1eefng nh\u00e0 c\u00f3 gi\u1ebfng tr\u1eddi v\u00e0 th\u00f4ng tho\u00e1ng.<\/span><\/li>\n<\/ul>\n<h3 id=\"hmenuid11\"><span style=\"color: #0000ff;\"><em><strong><span style=\"font-family: 'times new roman', times, serif; font-size: 130%;\">3.2 <\/span><\/strong><\/em><strong><span style=\"font-family: 'times new roman', times, serif; font-size: 130%;\">M\u00e1y h\u00fat m\u00f9i<\/span><\/strong><em><strong><span style=\"font-family: 'times new roman', times, serif; font-size: 130%;\"> s\u1eed d\u1ee5ng than ho\u1ea1t t\u00ednh<\/span><\/strong><\/em><\/span><\/h3>\n<ul>\n<li><span style=\"font-family: 'times new roman', times, serif; font-size: 130%;\">M\u00e1y h\u00fat <strong>m\u00f9i<\/strong> s\u1eed d\u1ee5ng than ho\u1ea1t t\u00ednh ho\u1ea1t \u0111\u1ed9ng d\u1ef1a tr\u00ean c\u01a1 ch\u1ebf tu\u1ea7n ho\u00e0n, \u0111i\u1ec1u \u0111\u00f3 c\u00f3 ngh\u0129a l\u00e0 m\u00e1y s\u1ebd h\u00fat kh\u00f4ng kh\u00ed v\u00e0o khoang, r\u1ed3i \u0111\u01b0a \u0111\u1ebfn b\u1ed9 l\u1ecdc than ho\u1ea1t t\u00ednh v\u00e0 sau \u0111\u00f3 quay l\u1ea1i c\u0103n b\u1ebfp. Than ho\u1ea1t t\u00ednh trong b\u1ed9 l\u1ecdc s\u1ebd h\u1ea5p th\u1ee5 m\u00f9i h\u00f4i, d\u1ea7u m\u1ee1, kh\u00f3i,&#8230; hi\u1ec7u qu\u1ea3.<\/span><\/li>\n<\/ul>\n<p><span style=\"font-family: 'times new roman', times, serif; font-size: 130%;\">Nh\u1edd t\u00ednh ti\u1ec7n d\u1ee5ng c\u1ee7a s\u1ea3n ph\u1ea9m n\u00ean n\u1ebfu gia \u0111\u00ecnh b\u1ea1n \u0111ang s\u1ed1ng t\u1ea1i chung c\u01b0 hay nh\u00e0 c\u00f3 di\u1ec7n t\u00edch h\u1eb9p, \u0111\u01b0\u1ee3c x\u00e2y kh\u00e9p k\u00edn th\u00ec m\u00e1y h\u00fat m\u00f9i s\u1eed d\u1ee5ng than ho\u1ea1t t\u00ednh l\u00e0 s\u1ef1 l\u1ef1a ch\u1ecdn v\u00f4 c\u00f9ng h\u1ee3p l\u00fd.<\/span><\/p>\n","protected":false},"excerpt":{"rendered":"<div class=\"cxmmr5t8 oygrvhab hcukyx3x c1et5uql o9v6fnle ii04i59q\">\n<div dir=\"auto\">\n<p><span style=\"color: #000000;\"><strong><span style=\"font-family: 'times new roman', times, serif; font-size: 130%;\">M\u00e1y H\u00fat Kh\u1eed M\u00f9i Treo T\u01b0\u1eddng<\/span><\/strong><\/span><\/p>\n<p><span style=\"font-size: 130%; font-family: 'times new roman', times, serif;\">\ud83e\udd70\u0110\u01a1n gi\u00e1:<span style=\"color: #ff0000;\"><strong> 4.100.000\u0111\/c\u00e1i<\/strong><\/span><\/span><\/p>\n<p><span style=\"font-size: 130%; font-family: 'times new roman', times, serif;\">\ud83e\udd70Th\u00f4ng s\u1ed1 k\u1ef9 thu\u1eadt:<\/span><\/p>\n<ul>\n<li><span style=\"font-family: 'times new roman', times, serif; font-size: 130%;\">M\u00e0u s\u1eafc: \u0111en<\/span><\/li>\n<li><span style=\"font-family: 'times new roman', times, serif; font-size: 130%;\">Ch\u1ee9c n\u0103ng h\u00fat kh\u1eed m\u00f9i<\/span><\/li>\n<li><span style=\"font-family: 'times new roman', times, serif; font-size: 130%;\">L\u01b0\u1edbi l\u1ecdc h\u1ee3p kim nh\u00f4m (Aluminum)<\/span><\/li>\n<li><span style=\"font-family: 'times new roman', times, serif; font-size: 130%;\">Ch\u1ee9c n\u0103ng \u0111i\u1ec1u khi\u1ec3n v\u1eaby tay<\/span><\/li>\n<li><span style=\"font-family: 'times new roman', times, serif; font-size: 130%;\">K\u00edch th\u01b0\u1edbc: 700mm<\/span><\/li>\n<li><span style=\"font-family: 'times new roman', times, serif; font-size: 130%;\">C\u00f4ng su\u1ea5t h\u00fat: 1200m3<\/span><\/li>\n<li><span style=\"font-size: 130%; font-family: 'times new roman', times, serif;\">\u1ed0ng tho\u00e1t: D150mm<\/span><\/li>\n<\/ul>\n<p><span style=\"font-size: 130%; font-family: 'times new roman', times, serif;\"><strong> \ud83e\udd70B\u1ea3o h\u00e0nh ch\u00ednh h\u00e3ng 24 th\u00e1ng<\/strong><\/span><\/p>\n<p><span style=\"font-size: 130%; font-family: 'times new roman', times, serif;\"><em><span style=\"color: #008000;\">Mi\u1ec5n ph\u00ed v\u1eadn chuy\u1ec3n trong n\u1ed9i th\u00e0nh \u0110\u00e0 N\u1eb5ng<\/span><\/em><\/span><\/p>\n<\/div>\n<\/div>\n","protected":false},"featured_media":7243,"comment_status":"closed","ping_status":"closed","template":"","meta":[],"product_cat":[315,266],"product_tag":[],"class_list":{"0":"post-4123","1":"product","2":"type-product","3":"status-publish","4":"has-post-thumbnail","6":"product_cat-phu-kien-nha-bep-may-hut-mui","7":"product_cat-thiet-bi-nha-bep","9":"first","10":"instock","11":"sale","12":"shipping-taxable","13":"purchasable","14":"product-type-simple"},"yoast_head":"<!-- This site is optimized with the Yoast SEO Premium plugin v22.3 (Yoast SEO v22.8) - https:\/\/yoast.com\/wordpress\/plugins\/seo\/ -->\n<title>M\u00e1y h\u00fat m\u00f9i SMART (V\u1eaby tay) BCV70MSI-TG - V\u1eadt Li\u1ec7u X\u00e2y D\u1ef1ng Tr\u1ea7n Th\u1ecb Chi Nh\u00e1nh H\u00e0 T\u0129nh<\/title>\n<meta name=\"robots\" content=\"index, follow, max-snippet:-1, max-image-preview:large, max-video-preview:-1\" \/>\n<link rel=\"canonical\" href=\"https:\/\/tranthi.vn\/hatinh\/may-hut-mui-smart\/\" \/>\n<meta property=\"og:locale\" content=\"vi_VN\" \/>\n<meta property=\"og:type\" content=\"article\" \/>\n<meta property=\"og:title\" content=\"M\u00e1y h\u00fat m\u00f9i SMART (V\u1eaby tay) BCV70MSI-TG\" \/>\n<meta property=\"og:description\" content=\"M\u00e1y H\u00fat Kh\u1eed M\u00f9i Treo T\u01b0\u1eddng  \ud83e\udd70\u0110\u01a1n gi\u00e1: 4.100.000\u0111\/c\u00e1i  \ud83e\udd70Th\u00f4ng s\u1ed1 k\u1ef9 thu\u1eadt:   M\u00e0u s\u1eafc: \u0111en  Ch\u1ee9c n\u0103ng h\u00fat kh\u1eed m\u00f9i  L\u01b0\u1edbi l\u1ecdc h\u1ee3p kim nh\u00f4m (Aluminum)  Ch\u1ee9c n\u0103ng \u0111i\u1ec1u khi\u1ec3n v\u1eaby tay  K\u00edch th\u01b0\u1edbc: 700mm  C\u00f4ng su\u1ea5t h\u00fat: 1200m3  \u1ed0ng tho\u00e1t: D150mm   \ud83e\udd70B\u1ea3o h\u00e0nh ch\u00ednh h\u00e3ng 24 th\u00e1ng  Mi\u1ec5n ph\u00ed v\u1eadn chuy\u1ec3n trong n\u1ed9i th\u00e0nh \u0110\u00e0 N\u1eb5ng\" \/>\n<meta property=\"og:url\" content=\"https:\/\/tranthi.vn\/hatinh\/may-hut-mui-smart\/\" \/>\n<meta property=\"og:site_name\" content=\"V\u1eadt Li\u1ec7u X\u00e2y D\u1ef1ng Tr\u1ea7n Th\u1ecb Chi Nh\u00e1nh H\u00e0 T\u0129nh\" \/>\n<meta property=\"article:modified_time\" content=\"2024-05-02T01:55:41+00:00\" \/>\n<meta property=\"og:image\" content=\"https:\/\/tranthi.vn\/hatinh\/wp-content\/uploads\/2022\/06\/may-hut-mui-thong-minh-gia-re_optimized.jpg\" \/>\n\t<meta property=\"og:image:width\" content=\"260\" \/>\n\t<meta property=\"og:image:height\" content=\"320\" \/>\n\t<meta property=\"og:image:type\" content=\"image\/jpeg\" \/>\n<meta name=\"twitter:card\" content=\"summary_large_image\" \/>\n<meta name=\"twitter:label1\" content=\"Gi\u00e1\" \/>\n\t<meta name=\"twitter:data1\" content=\"4,100,000&nbsp;&#8363;\" \/>\n\t<meta name=\"twitter:label2\" content=\"Kh\u1ea3 d\u1ee5ng\" \/>\n\t<meta name=\"twitter:data2\" content=\"Trong kho\" \/>\n<script type=\"application\/ld+json\" class=\"yoast-schema-graph\">{\"@context\":\"https:\/\/schema.org\",\"@graph\":[{\"@type\":[\"WebPage\",\"ItemPage\"],\"@id\":\"https:\/\/tranthi.vn\/hatinh\/may-hut-mui-smart\/\",\"url\":\"https:\/\/tranthi.vn\/hatinh\/may-hut-mui-smart\/\",\"name\":\"M\u00e1y h\u00fat m\u00f9i SMART (V\u1eaby tay) BCV70MSI-TG - V\u1eadt Li\u1ec7u X\u00e2y D\u1ef1ng Tr\u1ea7n Th\u1ecb Chi Nh\u00e1nh H\u00e0 T\u0129nh\",\"isPartOf\":{\"@id\":\"https:\/\/tranthi.vn\/hatinh\/#website\"},\"primaryImageOfPage\":{\"@id\":\"https:\/\/tranthi.vn\/hatinh\/may-hut-mui-smart\/#primaryimage\"},\"image\":{\"@id\":\"https:\/\/tranthi.vn\/hatinh\/may-hut-mui-smart\/#primaryimage\"},\"thumbnailUrl\":\"https:\/\/tranthi.vn\/hatinh\/wp-content\/uploads\/2022\/06\/may-hut-mui-thong-minh-gia-re_optimized.jpg\",\"datePublished\":\"2022-06-30T02:19:38+00:00\",\"dateModified\":\"2024-05-02T01:55:41+00:00\",\"breadcrumb\":{\"@id\":\"https:\/\/tranthi.vn\/hatinh\/may-hut-mui-smart\/#breadcrumb\"},\"inLanguage\":\"vi\",\"potentialAction\":[{\"@type\":\"ReadAction\",\"target\":[\"https:\/\/tranthi.vn\/hatinh\/may-hut-mui-smart\/\"]}]},{\"@type\":\"ImageObject\",\"inLanguage\":\"vi\",\"@id\":\"https:\/\/tranthi.vn\/hatinh\/may-hut-mui-smart\/#primaryimage\",\"url\":\"https:\/\/tranthi.vn\/hatinh\/wp-content\/uploads\/2022\/06\/may-hut-mui-thong-minh-gia-re_optimized.jpg\",\"contentUrl\":\"https:\/\/tranthi.vn\/hatinh\/wp-content\/uploads\/2022\/06\/may-hut-mui-thong-minh-gia-re_optimized.jpg\",\"width\":260,\"height\":320},{\"@type\":\"BreadcrumbList\",\"@id\":\"https:\/\/tranthi.vn\/hatinh\/may-hut-mui-smart\/#breadcrumb\",\"itemListElement\":[{\"@type\":\"ListItem\",\"position\":1,\"name\":\"Trang ch\u1ee7\",\"item\":\"https:\/\/tranthi.vn\/hatinh\/\"},{\"@type\":\"ListItem\",\"position\":2,\"name\":\"Shop\",\"item\":\"https:\/\/tranthi.vn\/hatinh\/shop\/\"},{\"@type\":\"ListItem\",\"position\":3,\"name\":\"M\u00e1y h\u00fat m\u00f9i SMART (V\u1eaby tay) BCV70MSI-TG\"}]},{\"@type\":\"WebSite\",\"@id\":\"https:\/\/tranthi.vn\/hatinh\/#website\",\"url\":\"https:\/\/tranthi.vn\/hatinh\/\",\"name\":\"V\u1eadt Li\u1ec7u X\u00e2y D\u1ef1ng Tr\u1ea7n Th\u1ecb Chi Nh\u00e1nh H\u00e0 T\u0129nh\",\"description\":\"V\u1eadt Li\u1ec7u X\u00e2y D\u1ef1ng - H\u00e0 T\u0129nh\",\"potentialAction\":[{\"@type\":\"SearchAction\",\"target\":{\"@type\":\"EntryPoint\",\"urlTemplate\":\"https:\/\/tranthi.vn\/hatinh\/?s={search_term_string}\"},\"query-input\":\"required name=search_term_string\"}],\"inLanguage\":\"vi\"},{\"@type\":\"ImageObject\",\"inLanguage\":\"vi\",\"@id\":\"https:\/\/tranthi.vn\/hatinh\/may-hut-mui-smart\/#local-main-organization-logo\",\"url\":\"\",\"contentUrl\":\"\",\"caption\":\"V\u1eadt Li\u1ec7u X\u00e2y D\u1ef1ng Tr\u1ea7n Th\u1ecb Chi Nh\u00e1nh H\u00e0 T\u0129nh\"}]}<\/script>\n<meta property=\"product:price:amount\" content=\"4100000\" \/>\n<meta property=\"product:price:currency\" content=\"VND\" \/>\n<meta property=\"og:availability\" content=\"instock\" \/>\n<meta property=\"product:availability\" content=\"instock\" \/>\n<meta property=\"product:condition\" content=\"new\" \/>\n<!-- \/ Yoast SEO Premium plugin. -->","yoast_head_json":{"title":"M\u00e1y h\u00fat m\u00f9i SMART (V\u1eaby tay) BCV70MSI-TG - V\u1eadt Li\u1ec7u X\u00e2y D\u1ef1ng Tr\u1ea7n Th\u1ecb Chi Nh\u00e1nh H\u00e0 T\u0129nh","robots":{"index":"index","follow":"follow","max-snippet":"max-snippet:-1","max-image-preview":"max-image-preview:large","max-video-preview":"max-video-preview:-1"},"canonical":"https:\/\/tranthi.vn\/hatinh\/may-hut-mui-smart\/","og_locale":"vi_VN","og_type":"article","og_title":"M\u00e1y h\u00fat m\u00f9i SMART (V\u1eaby tay) BCV70MSI-TG","og_description":"M\u00e1y H\u00fat Kh\u1eed M\u00f9i Treo T\u01b0\u1eddng  \ud83e\udd70\u0110\u01a1n gi\u00e1: 4.100.000\u0111\/c\u00e1i  \ud83e\udd70Th\u00f4ng s\u1ed1 k\u1ef9 thu\u1eadt:   M\u00e0u s\u1eafc: \u0111en  Ch\u1ee9c n\u0103ng h\u00fat kh\u1eed m\u00f9i  L\u01b0\u1edbi l\u1ecdc h\u1ee3p kim nh\u00f4m (Aluminum)  Ch\u1ee9c n\u0103ng \u0111i\u1ec1u khi\u1ec3n v\u1eaby tay  K\u00edch th\u01b0\u1edbc: 700mm  C\u00f4ng su\u1ea5t h\u00fat: 1200m3  \u1ed0ng tho\u00e1t: D150mm   \ud83e\udd70B\u1ea3o h\u00e0nh ch\u00ednh h\u00e3ng 24 th\u00e1ng  Mi\u1ec5n ph\u00ed v\u1eadn chuy\u1ec3n trong n\u1ed9i th\u00e0nh \u0110\u00e0 N\u1eb5ng","og_url":"https:\/\/tranthi.vn\/hatinh\/may-hut-mui-smart\/","og_site_name":"V\u1eadt Li\u1ec7u X\u00e2y D\u1ef1ng Tr\u1ea7n Th\u1ecb Chi Nh\u00e1nh H\u00e0 T\u0129nh","article_modified_time":"2024-05-02T01:55:41+00:00","og_image":[{"width":260,"height":320,"url":"https:\/\/tranthi.vn\/hatinh\/wp-content\/uploads\/2022\/06\/may-hut-mui-thong-minh-gia-re_optimized.jpg","type":"image\/jpeg"}],"twitter_card":"summary_large_image","twitter_misc":{"Gi\u00e1":"4,100,000&nbsp;&#8363;","Kh\u1ea3 d\u1ee5ng":"Trong kho"},"schema":{"@context":"https:\/\/schema.org","@graph":[{"@type":["WebPage","ItemPage"],"@id":"https:\/\/tranthi.vn\/hatinh\/may-hut-mui-smart\/","url":"https:\/\/tranthi.vn\/hatinh\/may-hut-mui-smart\/","name":"M\u00e1y h\u00fat m\u00f9i SMART (V\u1eaby tay) BCV70MSI-TG - V\u1eadt Li\u1ec7u X\u00e2y D\u1ef1ng Tr\u1ea7n Th\u1ecb Chi Nh\u00e1nh H\u00e0 T\u0129nh","isPartOf":{"@id":"https:\/\/tranthi.vn\/hatinh\/#website"},"primaryImageOfPage":{"@id":"https:\/\/tranthi.vn\/hatinh\/may-hut-mui-smart\/#primaryimage"},"image":{"@id":"https:\/\/tranthi.vn\/hatinh\/may-hut-mui-smart\/#primaryimage"},"thumbnailUrl":"https:\/\/tranthi.vn\/hatinh\/wp-content\/uploads\/2022\/06\/may-hut-mui-thong-minh-gia-re_optimized.jpg","datePublished":"2022-06-30T02:19:38+00:00","dateModified":"2024-05-02T01:55:41+00:00","breadcrumb":{"@id":"https:\/\/tranthi.vn\/hatinh\/may-hut-mui-smart\/#breadcrumb"},"inLanguage":"vi","potentialAction":[{"@type":"ReadAction","target":["https:\/\/tranthi.vn\/hatinh\/may-hut-mui-smart\/"]}]},{"@type":"ImageObject","inLanguage":"vi","@id":"https:\/\/tranthi.vn\/hatinh\/may-hut-mui-smart\/#primaryimage","url":"https:\/\/tranthi.vn\/hatinh\/wp-content\/uploads\/2022\/06\/may-hut-mui-thong-minh-gia-re_optimized.jpg","contentUrl":"https:\/\/tranthi.vn\/hatinh\/wp-content\/uploads\/2022\/06\/may-hut-mui-thong-minh-gia-re_optimized.jpg","width":260,"height":320},{"@type":"BreadcrumbList","@id":"https:\/\/tranthi.vn\/hatinh\/may-hut-mui-smart\/#breadcrumb","itemListElement":[{"@type":"ListItem","position":1,"name":"Trang ch\u1ee7","item":"https:\/\/tranthi.vn\/hatinh\/"},{"@type":"ListItem","position":2,"name":"Shop","item":"https:\/\/tranthi.vn\/hatinh\/shop\/"},{"@type":"ListItem","position":3,"name":"M\u00e1y h\u00fat m\u00f9i SMART (V\u1eaby tay) BCV70MSI-TG"}]},{"@type":"WebSite","@id":"https:\/\/tranthi.vn\/hatinh\/#website","url":"https:\/\/tranthi.vn\/hatinh\/","name":"V\u1eadt Li\u1ec7u X\u00e2y D\u1ef1ng Tr\u1ea7n Th\u1ecb Chi Nh\u00e1nh H\u00e0 T\u0129nh","description":"V\u1eadt Li\u1ec7u X\u00e2y D\u1ef1ng - H\u00e0 T\u0129nh","potentialAction":[{"@type":"SearchAction","target":{"@type":"EntryPoint","urlTemplate":"https:\/\/tranthi.vn\/hatinh\/?s={search_term_string}"},"query-input":"required name=search_term_string"}],"inLanguage":"vi"},{"@type":"ImageObject","inLanguage":"vi","@id":"https:\/\/tranthi.vn\/hatinh\/may-hut-mui-smart\/#local-main-organization-logo","url":"","contentUrl":"","caption":"V\u1eadt Li\u1ec7u X\u00e2y D\u1ef1ng Tr\u1ea7n Th\u1ecb Chi Nh\u00e1nh H\u00e0 T\u0129nh"}]},"product_price_amount":"4100000","product_price_currency":"VND","og_availability":"instock","product_availability":"instock","product_condition":"new"},"_links":{"self":[{"href":"https:\/\/tranthi.vn\/hatinh\/wp-json\/wp\/v2\/product\/4123","targetHints":{"allow":["GET"]}}],"collection":[{"href":"https:\/\/tranthi.vn\/hatinh\/wp-json\/wp\/v2\/product"}],"about":[{"href":"https:\/\/tranthi.vn\/hatinh\/wp-json\/wp\/v2\/types\/product"}],"replies":[{"embeddable":true,"href":"https:\/\/tranthi.vn\/hatinh\/wp-json\/wp\/v2\/comments?post=4123"}],"wp:featuredmedia":[{"embeddable":true,"href":"https:\/\/tranthi.vn\/hatinh\/wp-json\/wp\/v2\/media\/7243"}],"wp:attachment":[{"href":"https:\/\/tranthi.vn\/hatinh\/wp-json\/wp\/v2\/media?parent=4123"}],"wp:term":[{"taxonomy":"product_cat","embeddable":true,"href":"https:\/\/tranthi.vn\/hatinh\/wp-json\/wp\/v2\/product_cat?post=4123"},{"taxonomy":"product_tag","embeddable":true,"href":"https:\/\/tranthi.vn\/hatinh\/wp-json\/wp\/v2\/product_tag?post=4123"}],"curies":[{"name":"wp","href":"https:\/\/api.w.org\/{rel}","templated":true}]}}