{"id":4107,"date":"2022-06-21T09:11:48","date_gmt":"2022-06-21T02:11:48","guid":{"rendered":"https:\/\/tranthi.vn\/quangnam\/?post_type=product&#038;p=4107"},"modified":"2024-03-23T16:41:14","modified_gmt":"2024-03-23T09:41:14","slug":"bep-tu-325s","status":"publish","type":"product","link":"https:\/\/tranthi.vn\/hatinh\/bep-tu-325s\/","title":{"rendered":"B\u1ebfp 01 t\u1eeb v\u00e0 01 h\u1ed3ng ngo\u1ea1i -TG"},"content":{"rendered":"<p><span style=\"font-family: 'times new roman', times, serif; font-size: 130%; color: #000000;\"><strong>T\u00cdNH N\u0102NG<\/strong><\/span><br \/>\n<span style=\"font-family: 'times new roman', times, serif; font-size: 130%; color: #000000;\">\u2013 M\u1eb7t k\u00ednh Vitroceramic<\/span><br \/>\n<span style=\"font-family: 'times new roman', times, serif; font-size: 130%; color: #000000;\">\u2013 \u00d0i\u1ec1u khi\u1ec3n c\u1ea3m \u1ee9ng tr\u01b0\u1ee3t slide.<\/span><br \/>\n<span style=\"font-family: 'times new roman', times, serif; font-size: 130%; color: #000000;\">\u2013 B\u1ed9 \u0111i\u1ec1u nhi\u1ec7t an to\u00e0n cho b\u1ebfp<\/span><br \/>\n<span style=\"font-family: 'times new roman', times, serif; font-size: 130%; color: #000000;\">\u2013 B\u1ebfp t\u1eeb s\u1eed d\u1ee5ng c\u00f4ng ngh\u1ec7 c\u1ea3m \u1ee9ng \u0111\u00e1y n\u1ed3i t\u1ef1 nh\u1eadn di\u1ec7n v\u00f9ng n\u1ea5u<\/span><br \/>\n<span style=\"font-family: 'times new roman', times, serif; font-size: 130%; color: #000000;\">\u2013 C\u00f4ng ngh\u1ec7 INVERTER Ti\u1ebft ki\u1ec7m 30% \u0111i\u1ec7n n\u0103ng<\/span><br \/>\n<span style=\"font-family: 'times new roman', times, serif; font-size: 130%; color: #000000;\">\u2013 H\u1eb9n gi\u1edd t\u1eaft<\/span><\/p>\n<p><span style=\"font-family: 'times new roman', times, serif; font-size: 130%; color: #000000;\"><strong>AN TO\u00c0N<\/strong><\/span><br \/>\n<span style=\"font-family: 'times new roman', times, serif; font-size: 130%; color: #000000;\">\u2013 Ch\u1ee9c n\u0103ng kh\u00f3a tr\u1ebb em<\/span><br \/>\n<span style=\"font-family: 'times new roman', times, serif; font-size: 130%; color: #000000;\">\u2013 C\u1ea3nh b\u00e1o nhi\u1ec7t d\u01b0<\/span><br \/>\n<span style=\"font-family: 'times new roman', times, serif; font-size: 130%; color: #000000;\">\u2013 \u201cCh\u1ebf \u0111\u1ed9 c\u1ea3m \u1ee9ng ch\u1ed1ng tr\u00e0n\u201d<\/span><br \/>\n<span style=\"font-family: 'times new roman', times, serif; font-size: 130%; color: #000000;\">\u2013 T\u1ef1 \u0111\u1ed9ng ng\u1eaft khi qu\u00e1 nhi\u1ec7t<\/span><\/p>\n","protected":false},"excerpt":{"rendered":"<div class=\"vdescprod\">\n<div class=\"depro p1 active\">\n<p><span style=\"font-family: 'times new roman', times, serif; font-size: 130%;\"><strong>B\u1ebfp 01 t\u1eeb v\u00e0 01 h\u1ed3ng ngo\u1ea1i k\u00ednh c\u01b0\u1eddng l\u1ef1c v\u00e1t\u00a0 c\u1ea1nh.<\/strong><\/span><\/p>\n<p><span style=\"font-family: 'times new roman', times, serif; font-size: 130%;\">\ud83e\udd70\u0110\u01a1n gi\u00e1: <\/span><span style=\"font-family: 'times new roman', times, serif; font-size: 130%; color: #d83131;\"><strong>3.109.000\u0111\/b\u1ebfp<\/strong><\/span><\/p>\n<p><span style=\"font-family: 'times new roman', times, serif; font-size: 130%; color: #0000ff;\"><strong>\ud83e\udd70V\u00d9NG N\u1ea4U &amp; C\u00d4NG SU\u1ea4T<\/strong><\/span><\/p>\n<ul>\n<li><span style=\"font-family: 'times new roman', times, serif; font-size: 130%;\"><strong>C\u00f4ng su\u1ea5t 1000W \/ b\u1ebfp<\/strong><\/span><\/li>\n<li><span style=\"font-family: 'times new roman', times, serif; font-size: 130%;\"><strong>220v-240v <\/strong><\/span><\/li>\n<li><span style=\"font-family: 'times new roman', times, serif; font-size: 130%;\"><strong>\u0110i\u1ec1u khi\u1ec3n c\u1ea3m \u1ee9ng<\/strong><\/span><\/li>\n<li><span style=\"font-family: 'times new roman', times, serif; font-size: 130%;\"><strong>Ch\u1ee9c n\u0103ng h\u1eb9n gi\u1edd kh\u00f3a \u0103n to\u00e0n tr\u1ebb em. <\/strong><\/span><\/li>\n<li><span style=\"font-family: 'times new roman', times, serif; font-size: 130%;\"><strong>M\u00e2m \u0111\u1ed3ng cao c\u1ea5p<\/strong><\/span><\/li>\n<li><span style=\"font-family: 'times new roman', times, serif; font-size: 130%;\"><strong>K\u00edch th\u01b0\u1edbc: W730*D430*H75<\/strong><\/span><\/li>\n<li><span style=\"font-family: 'times new roman', times, serif; font-size: 130%;\"><strong>Made in chine<\/strong><\/span><\/li>\n<\/ul>\n<p><span style=\"font-family: 'times new roman', times, serif; font-size: 130%; color: #008000;\">\ud83e\udd70Mi\u1ec5n ph\u00ed v\u1eadn chuy\u1ec3n trong n\u1ed9i th\u00e0nh \u0110\u00e0 N\u1eb5ng.<\/span><\/p>\n<\/div>\n<\/div>\n","protected":false},"featured_media":5597,"comment_status":"closed","ping_status":"closed","template":"","meta":[],"product_cat":[314,266],"product_tag":[],"class_list":{"0":"post-4107","1":"product","2":"type-product","3":"status-publish","4":"has-post-thumbnail","6":"product_cat-phu-kien-nha-bep-bep-tu","7":"product_cat-thiet-bi-nha-bep","9":"first","10":"instock","11":"sale","12":"shipping-taxable","13":"purchasable","14":"product-type-simple"},"yoast_head":"<!-- This site is optimized with the Yoast SEO Premium plugin v22.3 (Yoast SEO v22.8) - https:\/\/yoast.com\/wordpress\/plugins\/seo\/ -->\n<title>B\u1ebfp 01 t\u1eeb v\u00e0 01 h\u1ed3ng ngo\u1ea1i -TG - V\u1eadt Li\u1ec7u X\u00e2y D\u1ef1ng Tr\u1ea7n Th\u1ecb Chi Nh\u00e1nh H\u00e0 T\u0129nh<\/title>\n<meta name=\"robots\" content=\"index, follow, max-snippet:-1, max-image-preview:large, max-video-preview:-1\" \/>\n<link rel=\"canonical\" href=\"https:\/\/tranthi.vn\/hatinh\/bep-tu-325s\/\" \/>\n<meta property=\"og:locale\" content=\"vi_VN\" \/>\n<meta property=\"og:type\" content=\"article\" \/>\n<meta property=\"og:title\" content=\"B\u1ebfp 01 t\u1eeb v\u00e0 01 h\u1ed3ng ngo\u1ea1i -TG\" \/>\n<meta property=\"og:description\" content=\"B\u1ebfp 01 t\u1eeb v\u00e0 01 h\u1ed3ng ngo\u1ea1i k\u00ednh c\u01b0\u1eddng l\u1ef1c v\u00e1t\u00a0 c\u1ea1nh.  \ud83e\udd70\u0110\u01a1n gi\u00e1: 3.109.000\u0111\/b\u1ebfp  \ud83e\udd70V\u00d9NG N\u1ea4U &amp; C\u00d4NG SU\u1ea4T   C\u00f4ng su\u1ea5t 1000W \/ b\u1ebfp  220v-240v   \u0110i\u1ec1u khi\u1ec3n c\u1ea3m \u1ee9ng  Ch\u1ee9c n\u0103ng h\u1eb9n gi\u1edd kh\u00f3a \u0103n to\u00e0n tr\u1ebb em.   M\u00e2m \u0111\u1ed3ng cao c\u1ea5p  K\u00edch th\u01b0\u1edbc: W730*D430*H75  Made in chine  \ud83e\udd70Mi\u1ec5n ph\u00ed v\u1eadn chuy\u1ec3n trong n\u1ed9i th\u00e0nh \u0110\u00e0 N\u1eb5ng.\" \/>\n<meta property=\"og:url\" content=\"https:\/\/tranthi.vn\/hatinh\/bep-tu-325s\/\" \/>\n<meta property=\"og:site_name\" content=\"V\u1eadt Li\u1ec7u X\u00e2y D\u1ef1ng Tr\u1ea7n Th\u1ecb Chi Nh\u00e1nh H\u00e0 T\u0129nh\" \/>\n<meta property=\"article:modified_time\" content=\"2024-03-23T09:41:14+00:00\" \/>\n<meta property=\"og:image\" content=\"https:\/\/tranthi.vn\/hatinh\/wp-content\/uploads\/2022\/06\/Bep-01-tu-va-01-hong-ngoai.jpg\" \/>\n\t<meta property=\"og:image:width\" content=\"400\" \/>\n\t<meta property=\"og:image:height\" content=\"350\" \/>\n\t<meta property=\"og:image:type\" content=\"image\/jpeg\" \/>\n<meta name=\"twitter:card\" content=\"summary_large_image\" \/>\n<meta name=\"twitter:label1\" content=\"Gi\u00e1\" \/>\n\t<meta name=\"twitter:data1\" content=\"3,109,000&nbsp;&#8363;\" \/>\n\t<meta name=\"twitter:label2\" content=\"Kh\u1ea3 d\u1ee5ng\" \/>\n\t<meta name=\"twitter:data2\" content=\"Trong kho\" \/>\n<script type=\"application\/ld+json\" class=\"yoast-schema-graph\">{\"@context\":\"https:\/\/schema.org\",\"@graph\":[{\"@type\":[\"WebPage\",\"ItemPage\"],\"@id\":\"https:\/\/tranthi.vn\/hatinh\/bep-tu-325s\/\",\"url\":\"https:\/\/tranthi.vn\/hatinh\/bep-tu-325s\/\",\"name\":\"B\u1ebfp 01 t\u1eeb v\u00e0 01 h\u1ed3ng ngo\u1ea1i -TG - V\u1eadt Li\u1ec7u X\u00e2y D\u1ef1ng Tr\u1ea7n Th\u1ecb Chi Nh\u00e1nh H\u00e0 T\u0129nh\",\"isPartOf\":{\"@id\":\"https:\/\/tranthi.vn\/hatinh\/#website\"},\"primaryImageOfPage\":{\"@id\":\"https:\/\/tranthi.vn\/hatinh\/bep-tu-325s\/#primaryimage\"},\"image\":{\"@id\":\"https:\/\/tranthi.vn\/hatinh\/bep-tu-325s\/#primaryimage\"},\"thumbnailUrl\":\"https:\/\/tranthi.vn\/hatinh\/wp-content\/uploads\/2022\/06\/Bep-01-tu-va-01-hong-ngoai.jpg\",\"datePublished\":\"2022-06-21T02:11:48+00:00\",\"dateModified\":\"2024-03-23T09:41:14+00:00\",\"breadcrumb\":{\"@id\":\"https:\/\/tranthi.vn\/hatinh\/bep-tu-325s\/#breadcrumb\"},\"inLanguage\":\"vi\",\"potentialAction\":[{\"@type\":\"ReadAction\",\"target\":[\"https:\/\/tranthi.vn\/hatinh\/bep-tu-325s\/\"]}]},{\"@type\":\"ImageObject\",\"inLanguage\":\"vi\",\"@id\":\"https:\/\/tranthi.vn\/hatinh\/bep-tu-325s\/#primaryimage\",\"url\":\"https:\/\/tranthi.vn\/hatinh\/wp-content\/uploads\/2022\/06\/Bep-01-tu-va-01-hong-ngoai.jpg\",\"contentUrl\":\"https:\/\/tranthi.vn\/hatinh\/wp-content\/uploads\/2022\/06\/Bep-01-tu-va-01-hong-ngoai.jpg\",\"width\":400,\"height\":350,\"caption\":\"B\u1ebfp 01 t\u1eeb v\u00e0 01 h\u1ed3ng ngo\u1ea1i\"},{\"@type\":\"BreadcrumbList\",\"@id\":\"https:\/\/tranthi.vn\/hatinh\/bep-tu-325s\/#breadcrumb\",\"itemListElement\":[{\"@type\":\"ListItem\",\"position\":1,\"name\":\"Trang ch\u1ee7\",\"item\":\"https:\/\/tranthi.vn\/hatinh\/\"},{\"@type\":\"ListItem\",\"position\":2,\"name\":\"Shop\",\"item\":\"https:\/\/tranthi.vn\/hatinh\/shop\/\"},{\"@type\":\"ListItem\",\"position\":3,\"name\":\"B\u1ebfp 01 t\u1eeb v\u00e0 01 h\u1ed3ng ngo\u1ea1i -TG\"}]},{\"@type\":\"WebSite\",\"@id\":\"https:\/\/tranthi.vn\/hatinh\/#website\",\"url\":\"https:\/\/tranthi.vn\/hatinh\/\",\"name\":\"V\u1eadt Li\u1ec7u X\u00e2y D\u1ef1ng Tr\u1ea7n Th\u1ecb Chi Nh\u00e1nh H\u00e0 T\u0129nh\",\"description\":\"V\u1eadt Li\u1ec7u X\u00e2y D\u1ef1ng - H\u00e0 T\u0129nh\",\"potentialAction\":[{\"@type\":\"SearchAction\",\"target\":{\"@type\":\"EntryPoint\",\"urlTemplate\":\"https:\/\/tranthi.vn\/hatinh\/?s={search_term_string}\"},\"query-input\":\"required name=search_term_string\"}],\"inLanguage\":\"vi\"},{\"@type\":\"ImageObject\",\"inLanguage\":\"vi\",\"@id\":\"https:\/\/tranthi.vn\/hatinh\/bep-tu-325s\/#local-main-organization-logo\",\"url\":\"\",\"contentUrl\":\"\",\"caption\":\"V\u1eadt Li\u1ec7u X\u00e2y D\u1ef1ng Tr\u1ea7n Th\u1ecb Chi Nh\u00e1nh H\u00e0 T\u0129nh\"}]}<\/script>\n<meta property=\"product:price:amount\" content=\"3109000\" \/>\n<meta property=\"product:price:currency\" content=\"VND\" \/>\n<meta property=\"og:availability\" content=\"instock\" \/>\n<meta property=\"product:availability\" content=\"instock\" \/>\n<meta property=\"product:condition\" content=\"new\" \/>\n<!-- \/ Yoast SEO Premium plugin. -->","yoast_head_json":{"title":"B\u1ebfp 01 t\u1eeb v\u00e0 01 h\u1ed3ng ngo\u1ea1i -TG - V\u1eadt Li\u1ec7u X\u00e2y D\u1ef1ng Tr\u1ea7n Th\u1ecb Chi Nh\u00e1nh H\u00e0 T\u0129nh","robots":{"index":"index","follow":"follow","max-snippet":"max-snippet:-1","max-image-preview":"max-image-preview:large","max-video-preview":"max-video-preview:-1"},"canonical":"https:\/\/tranthi.vn\/hatinh\/bep-tu-325s\/","og_locale":"vi_VN","og_type":"article","og_title":"B\u1ebfp 01 t\u1eeb v\u00e0 01 h\u1ed3ng ngo\u1ea1i -TG","og_description":"B\u1ebfp 01 t\u1eeb v\u00e0 01 h\u1ed3ng ngo\u1ea1i k\u00ednh c\u01b0\u1eddng l\u1ef1c v\u00e1t\u00a0 c\u1ea1nh.  \ud83e\udd70\u0110\u01a1n gi\u00e1: 3.109.000\u0111\/b\u1ebfp  \ud83e\udd70V\u00d9NG N\u1ea4U &amp; C\u00d4NG SU\u1ea4T   C\u00f4ng su\u1ea5t 1000W \/ b\u1ebfp  220v-240v   \u0110i\u1ec1u khi\u1ec3n c\u1ea3m \u1ee9ng  Ch\u1ee9c n\u0103ng h\u1eb9n gi\u1edd kh\u00f3a \u0103n to\u00e0n tr\u1ebb em.   M\u00e2m \u0111\u1ed3ng cao c\u1ea5p  K\u00edch th\u01b0\u1edbc: W730*D430*H75  Made in chine  \ud83e\udd70Mi\u1ec5n ph\u00ed v\u1eadn chuy\u1ec3n trong n\u1ed9i th\u00e0nh \u0110\u00e0 N\u1eb5ng.","og_url":"https:\/\/tranthi.vn\/hatinh\/bep-tu-325s\/","og_site_name":"V\u1eadt Li\u1ec7u X\u00e2y D\u1ef1ng Tr\u1ea7n Th\u1ecb Chi Nh\u00e1nh H\u00e0 T\u0129nh","article_modified_time":"2024-03-23T09:41:14+00:00","og_image":[{"width":400,"height":350,"url":"https:\/\/tranthi.vn\/hatinh\/wp-content\/uploads\/2022\/06\/Bep-01-tu-va-01-hong-ngoai.jpg","type":"image\/jpeg"}],"twitter_card":"summary_large_image","twitter_misc":{"Gi\u00e1":"3,109,000&nbsp;&#8363;","Kh\u1ea3 d\u1ee5ng":"Trong kho"},"schema":{"@context":"https:\/\/schema.org","@graph":[{"@type":["WebPage","ItemPage"],"@id":"https:\/\/tranthi.vn\/hatinh\/bep-tu-325s\/","url":"https:\/\/tranthi.vn\/hatinh\/bep-tu-325s\/","name":"B\u1ebfp 01 t\u1eeb v\u00e0 01 h\u1ed3ng ngo\u1ea1i -TG - V\u1eadt Li\u1ec7u X\u00e2y D\u1ef1ng Tr\u1ea7n Th\u1ecb Chi Nh\u00e1nh H\u00e0 T\u0129nh","isPartOf":{"@id":"https:\/\/tranthi.vn\/hatinh\/#website"},"primaryImageOfPage":{"@id":"https:\/\/tranthi.vn\/hatinh\/bep-tu-325s\/#primaryimage"},"image":{"@id":"https:\/\/tranthi.vn\/hatinh\/bep-tu-325s\/#primaryimage"},"thumbnailUrl":"https:\/\/tranthi.vn\/hatinh\/wp-content\/uploads\/2022\/06\/Bep-01-tu-va-01-hong-ngoai.jpg","datePublished":"2022-06-21T02:11:48+00:00","dateModified":"2024-03-23T09:41:14+00:00","breadcrumb":{"@id":"https:\/\/tranthi.vn\/hatinh\/bep-tu-325s\/#breadcrumb"},"inLanguage":"vi","potentialAction":[{"@type":"ReadAction","target":["https:\/\/tranthi.vn\/hatinh\/bep-tu-325s\/"]}]},{"@type":"ImageObject","inLanguage":"vi","@id":"https:\/\/tranthi.vn\/hatinh\/bep-tu-325s\/#primaryimage","url":"https:\/\/tranthi.vn\/hatinh\/wp-content\/uploads\/2022\/06\/Bep-01-tu-va-01-hong-ngoai.jpg","contentUrl":"https:\/\/tranthi.vn\/hatinh\/wp-content\/uploads\/2022\/06\/Bep-01-tu-va-01-hong-ngoai.jpg","width":400,"height":350,"caption":"B\u1ebfp 01 t\u1eeb v\u00e0 01 h\u1ed3ng ngo\u1ea1i"},{"@type":"BreadcrumbList","@id":"https:\/\/tranthi.vn\/hatinh\/bep-tu-325s\/#breadcrumb","itemListElement":[{"@type":"ListItem","position":1,"name":"Trang ch\u1ee7","item":"https:\/\/tranthi.vn\/hatinh\/"},{"@type":"ListItem","position":2,"name":"Shop","item":"https:\/\/tranthi.vn\/hatinh\/shop\/"},{"@type":"ListItem","position":3,"name":"B\u1ebfp 01 t\u1eeb v\u00e0 01 h\u1ed3ng ngo\u1ea1i -TG"}]},{"@type":"WebSite","@id":"https:\/\/tranthi.vn\/hatinh\/#website","url":"https:\/\/tranthi.vn\/hatinh\/","name":"V\u1eadt Li\u1ec7u X\u00e2y D\u1ef1ng Tr\u1ea7n Th\u1ecb Chi Nh\u00e1nh H\u00e0 T\u0129nh","description":"V\u1eadt Li\u1ec7u X\u00e2y D\u1ef1ng - H\u00e0 T\u0129nh","potentialAction":[{"@type":"SearchAction","target":{"@type":"EntryPoint","urlTemplate":"https:\/\/tranthi.vn\/hatinh\/?s={search_term_string}"},"query-input":"required name=search_term_string"}],"inLanguage":"vi"},{"@type":"ImageObject","inLanguage":"vi","@id":"https:\/\/tranthi.vn\/hatinh\/bep-tu-325s\/#local-main-organization-logo","url":"","contentUrl":"","caption":"V\u1eadt Li\u1ec7u X\u00e2y D\u1ef1ng Tr\u1ea7n Th\u1ecb Chi Nh\u00e1nh H\u00e0 T\u0129nh"}]},"product_price_amount":"3109000","product_price_currency":"VND","og_availability":"instock","product_availability":"instock","product_condition":"new"},"_links":{"self":[{"href":"https:\/\/tranthi.vn\/hatinh\/wp-json\/wp\/v2\/product\/4107","targetHints":{"allow":["GET"]}}],"collection":[{"href":"https:\/\/tranthi.vn\/hatinh\/wp-json\/wp\/v2\/product"}],"about":[{"href":"https:\/\/tranthi.vn\/hatinh\/wp-json\/wp\/v2\/types\/product"}],"replies":[{"embeddable":true,"href":"https:\/\/tranthi.vn\/hatinh\/wp-json\/wp\/v2\/comments?post=4107"}],"wp:featuredmedia":[{"embeddable":true,"href":"https:\/\/tranthi.vn\/hatinh\/wp-json\/wp\/v2\/media\/5597"}],"wp:attachment":[{"href":"https:\/\/tranthi.vn\/hatinh\/wp-json\/wp\/v2\/media?parent=4107"}],"wp:term":[{"taxonomy":"product_cat","embeddable":true,"href":"https:\/\/tranthi.vn\/hatinh\/wp-json\/wp\/v2\/product_cat?post=4107"},{"taxonomy":"product_tag","embeddable":true,"href":"https:\/\/tranthi.vn\/hatinh\/wp-json\/wp\/v2\/product_tag?post=4107"}],"curies":[{"name":"wp","href":"https:\/\/api.w.org\/{rel}","templated":true}]}}