{"id":4100,"date":"2022-06-21T08:27:08","date_gmt":"2022-06-21T01:27:08","guid":{"rendered":"https:\/\/tranthi.vn\/quangnam\/?post_type=product&#038;p=4100"},"modified":"2024-03-23T16:42:48","modified_gmt":"2024-03-23T09:42:48","slug":"bep-tu-be-669gta","status":"publish","type":"product","link":"https:\/\/tranthi.vn\/hatinh\/bep-tu-be-669gta\/","title":{"rendered":"B\u1ebfp T\u1eeb \u0110\u01a1n L\u1eafp \u00c2m &#8211; TG"},"content":{"rendered":"","protected":false},"excerpt":{"rendered":"<div class=\"vdescprod\">\n<div class=\"depro p1 active\">\n<p><strong><span style=\"font-family: 'times new roman', times, serif; font-size: 140%;\">B\u1ebfp t\u1eeb \u0111\u01a1n l\u1eafp \u00e2m, k\u00ednh c\u01b0\u1eddng l\u1ef1c\u00a0 v\u00e1t\u00a0 c\u1ea1nh<\/span><\/strong><\/p>\n<p><span style=\"font-family: 'times new roman', times, serif; font-size: 130%;\">\ud83e\udd70\u0110\u01a1n gi\u00e1: <\/span><span style=\"font-family: 'times new roman', times, serif; font-size: 130%; color: #d83131;\"><strong>1.623.000\/b\u1ebfp<\/strong><\/span><\/p>\n<p><span style=\"font-family: 'times new roman', times, serif; font-size: 130%;\"><strong>\ud83e\udd70V\u00d9NG N\u1ea4U &amp; C\u00d4NG SU\u1ea4T<\/strong><\/span><\/p>\n<ul>\n<li><span style=\"font-family: 'times new roman', times, serif; font-size: 130%;\">C\u00f4ng su\u1ea5t 1000W\/ b\u1ebfp<\/span><\/li>\n<li><span style=\"font-family: 'times new roman', times, serif; font-size: 130%;\">B\u1ebfp Booter 2200w<\/span><\/li>\n<li><span style=\"font-family: 'times new roman', times, serif; font-size: 130%;\">\u0110i\u1ec7n 220v-240v<\/span><\/li>\n<\/ul>\n<p><span style=\"font-family: 'times new roman', times, serif; font-size: 130%;\">&#8211; B\u1ebfp\u00a0 \u0111i\u1ec1u khi\u1ec3n c\u1ea3m \u1ee9ng<\/span><\/p>\n<p><span style=\"font-family: 'times new roman', times, serif; font-size: 130%;\">&#8211; Ch\u1ee9c n\u0103ng h\u1eb9n gi\u1edd kh\u00f3a \u0103n to\u00e0n tr\u1ebb em. <\/span><\/p>\n<p><span style=\"font-family: 'times new roman', times, serif; font-size: 130%;\">&#8211; M\u00e2m \u0111\u1ed3ng cao c\u1ea5p<\/span><\/p>\n<p><span style=\"font-family: 'times new roman', times, serif; font-size: 130%;\">&#8211;\u00a0 K\u00edch th\u01b0\u1edbc: W300*D390*H50<\/span><\/p>\n<p><span style=\"font-family: 'times new roman', times, serif; font-size: 130%;\">&#8211; Made in chine<\/span><\/p>\n<p><em><span style=\"font-family: 'times new roman', times, serif; font-size: 130%; color: #008000;\">\ud83e\udd70Mi\u1ec5n ph\u00ed v\u1eadn chuy\u1ec3n trong n\u1ed9i th\u00e0nh \u0110\u00e0 N\u1eb5ng.<\/span><\/em><\/p>\n<\/div>\n<\/div>\n","protected":false},"featured_media":5606,"comment_status":"closed","ping_status":"closed","template":"","meta":[],"product_cat":[314,266],"product_tag":[],"class_list":{"0":"post-4100","1":"product","2":"type-product","3":"status-publish","4":"has-post-thumbnail","6":"product_cat-phu-kien-nha-bep-bep-tu","7":"product_cat-thiet-bi-nha-bep","9":"first","10":"instock","11":"sale","12":"shipping-taxable","13":"purchasable","14":"product-type-simple"},"yoast_head":"<!-- This site is optimized with the Yoast SEO Premium plugin v22.3 (Yoast SEO v22.8) - https:\/\/yoast.com\/wordpress\/plugins\/seo\/ -->\n<title>B\u1ebfp T\u1eeb \u0110\u01a1n L\u1eafp \u00c2m - TG - V\u1eadt Li\u1ec7u X\u00e2y D\u1ef1ng Tr\u1ea7n Th\u1ecb Chi Nh\u00e1nh H\u00e0 T\u0129nh<\/title>\n<meta name=\"robots\" content=\"index, follow, max-snippet:-1, max-image-preview:large, max-video-preview:-1\" \/>\n<link rel=\"canonical\" href=\"https:\/\/tranthi.vn\/hatinh\/bep-tu-be-669gta\/\" \/>\n<meta property=\"og:locale\" content=\"vi_VN\" \/>\n<meta property=\"og:type\" content=\"article\" \/>\n<meta property=\"og:title\" content=\"B\u1ebfp T\u1eeb \u0110\u01a1n L\u1eafp \u00c2m - TG\" \/>\n<meta property=\"og:description\" content=\"B\u1ebfp t\u1eeb \u0111\u01a1n l\u1eafp \u00e2m, k\u00ednh c\u01b0\u1eddng l\u1ef1c\u00a0 v\u00e1t\u00a0 c\u1ea1nh  \ud83e\udd70\u0110\u01a1n gi\u00e1: 1.623.000\/b\u1ebfp  \ud83e\udd70V\u00d9NG N\u1ea4U &amp; C\u00d4NG SU\u1ea4T   C\u00f4ng su\u1ea5t 1000W\/ b\u1ebfp  B\u1ebfp Booter 2200w  \u0110i\u1ec7n 220v-240v  - B\u1ebfp\u00a0 \u0111i\u1ec1u khi\u1ec3n c\u1ea3m \u1ee9ng  - Ch\u1ee9c n\u0103ng h\u1eb9n gi\u1edd kh\u00f3a \u0103n to\u00e0n tr\u1ebb em.   - M\u00e2m \u0111\u1ed3ng cao c\u1ea5p  -\u00a0 K\u00edch th\u01b0\u1edbc: W300*D390*H50  - Made in chine  \ud83e\udd70Mi\u1ec5n ph\u00ed v\u1eadn chuy\u1ec3n trong n\u1ed9i th\u00e0nh \u0110\u00e0 N\u1eb5ng.\" \/>\n<meta property=\"og:url\" content=\"https:\/\/tranthi.vn\/hatinh\/bep-tu-be-669gta\/\" \/>\n<meta property=\"og:site_name\" content=\"V\u1eadt Li\u1ec7u X\u00e2y D\u1ef1ng Tr\u1ea7n Th\u1ecb Chi Nh\u00e1nh H\u00e0 T\u0129nh\" \/>\n<meta property=\"article:modified_time\" content=\"2024-03-23T09:42:48+00:00\" \/>\n<meta property=\"og:image\" content=\"https:\/\/tranthi.vn\/hatinh\/wp-content\/uploads\/2022\/06\/bep-tu-am-lap-am-da-nang.jpeg\" \/>\n\t<meta property=\"og:image:width\" content=\"400\" \/>\n\t<meta property=\"og:image:height\" content=\"350\" \/>\n\t<meta property=\"og:image:type\" content=\"image\/jpeg\" \/>\n<meta name=\"twitter:card\" content=\"summary_large_image\" \/>\n<meta name=\"twitter:label1\" content=\"Gi\u00e1\" \/>\n\t<meta name=\"twitter:data1\" content=\"1,623,000&nbsp;&#8363;\" \/>\n\t<meta name=\"twitter:label2\" content=\"Kh\u1ea3 d\u1ee5ng\" \/>\n\t<meta name=\"twitter:data2\" content=\"Trong kho\" \/>\n<script type=\"application\/ld+json\" class=\"yoast-schema-graph\">{\"@context\":\"https:\/\/schema.org\",\"@graph\":[{\"@type\":[\"WebPage\",\"ItemPage\"],\"@id\":\"https:\/\/tranthi.vn\/hatinh\/bep-tu-be-669gta\/\",\"url\":\"https:\/\/tranthi.vn\/hatinh\/bep-tu-be-669gta\/\",\"name\":\"B\u1ebfp T\u1eeb \u0110\u01a1n L\u1eafp \u00c2m - TG - V\u1eadt Li\u1ec7u X\u00e2y D\u1ef1ng Tr\u1ea7n Th\u1ecb Chi Nh\u00e1nh H\u00e0 T\u0129nh\",\"isPartOf\":{\"@id\":\"https:\/\/tranthi.vn\/hatinh\/#website\"},\"primaryImageOfPage\":{\"@id\":\"https:\/\/tranthi.vn\/hatinh\/bep-tu-be-669gta\/#primaryimage\"},\"image\":{\"@id\":\"https:\/\/tranthi.vn\/hatinh\/bep-tu-be-669gta\/#primaryimage\"},\"thumbnailUrl\":\"https:\/\/tranthi.vn\/hatinh\/wp-content\/uploads\/2022\/06\/bep-tu-am-lap-am-da-nang.jpeg\",\"datePublished\":\"2022-06-21T01:27:08+00:00\",\"dateModified\":\"2024-03-23T09:42:48+00:00\",\"breadcrumb\":{\"@id\":\"https:\/\/tranthi.vn\/hatinh\/bep-tu-be-669gta\/#breadcrumb\"},\"inLanguage\":\"vi\",\"potentialAction\":[{\"@type\":\"ReadAction\",\"target\":[\"https:\/\/tranthi.vn\/hatinh\/bep-tu-be-669gta\/\"]}]},{\"@type\":\"ImageObject\",\"inLanguage\":\"vi\",\"@id\":\"https:\/\/tranthi.vn\/hatinh\/bep-tu-be-669gta\/#primaryimage\",\"url\":\"https:\/\/tranthi.vn\/hatinh\/wp-content\/uploads\/2022\/06\/bep-tu-am-lap-am-da-nang.jpeg\",\"contentUrl\":\"https:\/\/tranthi.vn\/hatinh\/wp-content\/uploads\/2022\/06\/bep-tu-am-lap-am-da-nang.jpeg\",\"width\":400,\"height\":350,\"caption\":\"b\u1ebfp-t\u1eeb-\u00e2m-l\u1eafp-\u00e2m-\u0111\u00e0-n\u1eb5ng\"},{\"@type\":\"BreadcrumbList\",\"@id\":\"https:\/\/tranthi.vn\/hatinh\/bep-tu-be-669gta\/#breadcrumb\",\"itemListElement\":[{\"@type\":\"ListItem\",\"position\":1,\"name\":\"Trang ch\u1ee7\",\"item\":\"https:\/\/tranthi.vn\/hatinh\/\"},{\"@type\":\"ListItem\",\"position\":2,\"name\":\"Shop\",\"item\":\"https:\/\/tranthi.vn\/hatinh\/shop\/\"},{\"@type\":\"ListItem\",\"position\":3,\"name\":\"B\u1ebfp T\u1eeb \u0110\u01a1n L\u1eafp \u00c2m &#8211; TG\"}]},{\"@type\":\"WebSite\",\"@id\":\"https:\/\/tranthi.vn\/hatinh\/#website\",\"url\":\"https:\/\/tranthi.vn\/hatinh\/\",\"name\":\"V\u1eadt Li\u1ec7u X\u00e2y D\u1ef1ng Tr\u1ea7n Th\u1ecb Chi Nh\u00e1nh H\u00e0 T\u0129nh\",\"description\":\"V\u1eadt Li\u1ec7u X\u00e2y D\u1ef1ng - H\u00e0 T\u0129nh\",\"potentialAction\":[{\"@type\":\"SearchAction\",\"target\":{\"@type\":\"EntryPoint\",\"urlTemplate\":\"https:\/\/tranthi.vn\/hatinh\/?s={search_term_string}\"},\"query-input\":\"required name=search_term_string\"}],\"inLanguage\":\"vi\"},{\"@type\":\"ImageObject\",\"inLanguage\":\"vi\",\"@id\":\"https:\/\/tranthi.vn\/hatinh\/bep-tu-be-669gta\/#local-main-organization-logo\",\"url\":\"\",\"contentUrl\":\"\",\"caption\":\"V\u1eadt Li\u1ec7u X\u00e2y D\u1ef1ng Tr\u1ea7n Th\u1ecb Chi Nh\u00e1nh H\u00e0 T\u0129nh\"}]}<\/script>\n<meta property=\"product:price:amount\" content=\"1623000\" \/>\n<meta property=\"product:price:currency\" content=\"VND\" \/>\n<meta property=\"og:availability\" content=\"instock\" \/>\n<meta property=\"product:availability\" content=\"instock\" \/>\n<meta property=\"product:condition\" content=\"new\" \/>\n<!-- \/ Yoast SEO Premium plugin. -->","yoast_head_json":{"title":"B\u1ebfp T\u1eeb \u0110\u01a1n L\u1eafp \u00c2m - TG - V\u1eadt Li\u1ec7u X\u00e2y D\u1ef1ng Tr\u1ea7n Th\u1ecb Chi Nh\u00e1nh H\u00e0 T\u0129nh","robots":{"index":"index","follow":"follow","max-snippet":"max-snippet:-1","max-image-preview":"max-image-preview:large","max-video-preview":"max-video-preview:-1"},"canonical":"https:\/\/tranthi.vn\/hatinh\/bep-tu-be-669gta\/","og_locale":"vi_VN","og_type":"article","og_title":"B\u1ebfp T\u1eeb \u0110\u01a1n L\u1eafp \u00c2m - TG","og_description":"B\u1ebfp t\u1eeb \u0111\u01a1n l\u1eafp \u00e2m, k\u00ednh c\u01b0\u1eddng l\u1ef1c\u00a0 v\u00e1t\u00a0 c\u1ea1nh  \ud83e\udd70\u0110\u01a1n gi\u00e1: 1.623.000\/b\u1ebfp  \ud83e\udd70V\u00d9NG N\u1ea4U &amp; C\u00d4NG SU\u1ea4T   C\u00f4ng su\u1ea5t 1000W\/ b\u1ebfp  B\u1ebfp Booter 2200w  \u0110i\u1ec7n 220v-240v  - B\u1ebfp\u00a0 \u0111i\u1ec1u khi\u1ec3n c\u1ea3m \u1ee9ng  - Ch\u1ee9c n\u0103ng h\u1eb9n gi\u1edd kh\u00f3a \u0103n to\u00e0n tr\u1ebb em.   - M\u00e2m \u0111\u1ed3ng cao c\u1ea5p  -\u00a0 K\u00edch th\u01b0\u1edbc: W300*D390*H50  - Made in chine  \ud83e\udd70Mi\u1ec5n ph\u00ed v\u1eadn chuy\u1ec3n trong n\u1ed9i th\u00e0nh \u0110\u00e0 N\u1eb5ng.","og_url":"https:\/\/tranthi.vn\/hatinh\/bep-tu-be-669gta\/","og_site_name":"V\u1eadt Li\u1ec7u X\u00e2y D\u1ef1ng Tr\u1ea7n Th\u1ecb Chi Nh\u00e1nh H\u00e0 T\u0129nh","article_modified_time":"2024-03-23T09:42:48+00:00","og_image":[{"width":400,"height":350,"url":"https:\/\/tranthi.vn\/hatinh\/wp-content\/uploads\/2022\/06\/bep-tu-am-lap-am-da-nang.jpeg","type":"image\/jpeg"}],"twitter_card":"summary_large_image","twitter_misc":{"Gi\u00e1":"1,623,000&nbsp;&#8363;","Kh\u1ea3 d\u1ee5ng":"Trong kho"},"schema":{"@context":"https:\/\/schema.org","@graph":[{"@type":["WebPage","ItemPage"],"@id":"https:\/\/tranthi.vn\/hatinh\/bep-tu-be-669gta\/","url":"https:\/\/tranthi.vn\/hatinh\/bep-tu-be-669gta\/","name":"B\u1ebfp T\u1eeb \u0110\u01a1n L\u1eafp \u00c2m - TG - V\u1eadt Li\u1ec7u X\u00e2y D\u1ef1ng Tr\u1ea7n Th\u1ecb Chi Nh\u00e1nh H\u00e0 T\u0129nh","isPartOf":{"@id":"https:\/\/tranthi.vn\/hatinh\/#website"},"primaryImageOfPage":{"@id":"https:\/\/tranthi.vn\/hatinh\/bep-tu-be-669gta\/#primaryimage"},"image":{"@id":"https:\/\/tranthi.vn\/hatinh\/bep-tu-be-669gta\/#primaryimage"},"thumbnailUrl":"https:\/\/tranthi.vn\/hatinh\/wp-content\/uploads\/2022\/06\/bep-tu-am-lap-am-da-nang.jpeg","datePublished":"2022-06-21T01:27:08+00:00","dateModified":"2024-03-23T09:42:48+00:00","breadcrumb":{"@id":"https:\/\/tranthi.vn\/hatinh\/bep-tu-be-669gta\/#breadcrumb"},"inLanguage":"vi","potentialAction":[{"@type":"ReadAction","target":["https:\/\/tranthi.vn\/hatinh\/bep-tu-be-669gta\/"]}]},{"@type":"ImageObject","inLanguage":"vi","@id":"https:\/\/tranthi.vn\/hatinh\/bep-tu-be-669gta\/#primaryimage","url":"https:\/\/tranthi.vn\/hatinh\/wp-content\/uploads\/2022\/06\/bep-tu-am-lap-am-da-nang.jpeg","contentUrl":"https:\/\/tranthi.vn\/hatinh\/wp-content\/uploads\/2022\/06\/bep-tu-am-lap-am-da-nang.jpeg","width":400,"height":350,"caption":"b\u1ebfp-t\u1eeb-\u00e2m-l\u1eafp-\u00e2m-\u0111\u00e0-n\u1eb5ng"},{"@type":"BreadcrumbList","@id":"https:\/\/tranthi.vn\/hatinh\/bep-tu-be-669gta\/#breadcrumb","itemListElement":[{"@type":"ListItem","position":1,"name":"Trang ch\u1ee7","item":"https:\/\/tranthi.vn\/hatinh\/"},{"@type":"ListItem","position":2,"name":"Shop","item":"https:\/\/tranthi.vn\/hatinh\/shop\/"},{"@type":"ListItem","position":3,"name":"B\u1ebfp T\u1eeb \u0110\u01a1n L\u1eafp \u00c2m &#8211; TG"}]},{"@type":"WebSite","@id":"https:\/\/tranthi.vn\/hatinh\/#website","url":"https:\/\/tranthi.vn\/hatinh\/","name":"V\u1eadt Li\u1ec7u X\u00e2y D\u1ef1ng Tr\u1ea7n Th\u1ecb Chi Nh\u00e1nh H\u00e0 T\u0129nh","description":"V\u1eadt Li\u1ec7u X\u00e2y D\u1ef1ng - H\u00e0 T\u0129nh","potentialAction":[{"@type":"SearchAction","target":{"@type":"EntryPoint","urlTemplate":"https:\/\/tranthi.vn\/hatinh\/?s={search_term_string}"},"query-input":"required name=search_term_string"}],"inLanguage":"vi"},{"@type":"ImageObject","inLanguage":"vi","@id":"https:\/\/tranthi.vn\/hatinh\/bep-tu-be-669gta\/#local-main-organization-logo","url":"","contentUrl":"","caption":"V\u1eadt Li\u1ec7u X\u00e2y D\u1ef1ng Tr\u1ea7n Th\u1ecb Chi Nh\u00e1nh H\u00e0 T\u0129nh"}]},"product_price_amount":"1623000","product_price_currency":"VND","og_availability":"instock","product_availability":"instock","product_condition":"new"},"_links":{"self":[{"href":"https:\/\/tranthi.vn\/hatinh\/wp-json\/wp\/v2\/product\/4100","targetHints":{"allow":["GET"]}}],"collection":[{"href":"https:\/\/tranthi.vn\/hatinh\/wp-json\/wp\/v2\/product"}],"about":[{"href":"https:\/\/tranthi.vn\/hatinh\/wp-json\/wp\/v2\/types\/product"}],"replies":[{"embeddable":true,"href":"https:\/\/tranthi.vn\/hatinh\/wp-json\/wp\/v2\/comments?post=4100"}],"wp:featuredmedia":[{"embeddable":true,"href":"https:\/\/tranthi.vn\/hatinh\/wp-json\/wp\/v2\/media\/5606"}],"wp:attachment":[{"href":"https:\/\/tranthi.vn\/hatinh\/wp-json\/wp\/v2\/media?parent=4100"}],"wp:term":[{"taxonomy":"product_cat","embeddable":true,"href":"https:\/\/tranthi.vn\/hatinh\/wp-json\/wp\/v2\/product_cat?post=4100"},{"taxonomy":"product_tag","embeddable":true,"href":"https:\/\/tranthi.vn\/hatinh\/wp-json\/wp\/v2\/product_tag?post=4100"}],"curies":[{"name":"wp","href":"https:\/\/api.w.org\/{rel}","templated":true}]}}