{"id":4080,"date":"2022-06-10T14:10:02","date_gmt":"2022-06-10T07:10:02","guid":{"rendered":"https:\/\/tranthi.vn\/quangnam\/?post_type=product&#038;p=4080"},"modified":"2024-03-18T16:40:30","modified_gmt":"2024-03-18T09:40:30","slug":"ke-gia-vi-gan-canh-tu-duoi","status":"publish","type":"product","link":"https:\/\/tranthi.vn\/hatinh\/ke-gia-vi-gan-canh-tu-duoi\/","title":{"rendered":"K\u1ec7 Gia V\u1ecb G\u1eafn C\u00e1nh T\u1ee7 D\u01b0\u1edbi"},"content":{"rendered":"<p><span style=\"font-family: 'times new roman', times, serif; font-size: 130%; color: #000000;\">\ud83d\ude1b \u0110\u01a1n gi\u00e1<em><strong>: gi\u00e1\/ k\u1ec7 gia v\u1ecb l\u1eafp t\u1ee7 b\u1ebfp d\u01b0\u1edbi inox 304 b\u00f3ng cao c\u1ea5p<\/strong><\/em><\/span><\/p>\n<table style=\"border-collapse: collapse; width: 99.3625%; height: 229px;\">\n<tbody>\n<tr style=\"height: 28px;\">\n<td style=\"width: 14.2469%; height: 28px;\"><span style=\"color: #008000; font-family: times new roman, times, serif;\"><span style=\"font-size: 18.72px;\"><b>Ch\u1ea5t li\u1ec7u<\/b><\/span><\/span><\/td>\n<td style=\"width: 22.7874%; height: 28px;\"><span style=\"color: #008000;\"><strong><span style=\"font-family: 'times new roman', times, serif; font-size: 130%;\">K\u00edch th\u01b0\u1edbc: r\u1ed9ng x s\u00e2u x cao<\/span><\/strong><\/span><\/td>\n<td style=\"width: 13.526%; height: 28px;\"><span style=\"font-family: 'times new roman', times, serif; font-size: 130%;\"><strong><span style=\"color: #008000;\">\u0110\u01a1n gi\u00e1<\/span><\/strong><\/span><\/td>\n<td style=\"width: 22.9214%; height: 28px;\"><span style=\"font-family: 'times new roman', times, serif; font-size: 130%;\"><strong><span style=\"color: #008000;\">B\u1ea3o h\u00e0nh<\/span><\/strong><\/span><\/td>\n<td style=\"width: 53.2818%; height: 28px;\"><span style=\"font-family: 'times new roman', times, serif; font-size: 130%;\"><strong><span style=\"color: #008000;\">C\u00e1c Tr\u01b0\u1eddng H\u1ee3p S\u1ea3n Ph\u1ea9m Kh\u00f4ng \u0110\u01b0\u1ee3c B\u1ea3o H\u00e0nh:<\/span><\/strong><\/span><\/td>\n<\/tr>\n<tr style=\"height: 28px;\">\n<td style=\"width: 14.2469%; height: 84px;\" rowspan=\"3\"><span style=\"color: #008000;\"><strong><span style=\"font-family: 'times new roman', times, serif; font-size: 130%;\">Inox m\u1edd<\/span><\/strong><\/span><\/td>\n<td style=\"width: 22.7874%; height: 28px;\"><span style=\"font-family: 'times new roman', times, serif; font-size: 130%; color: #000000;\">238*464*469<\/span><\/td>\n<td style=\"width: 13.526%; height: 28px;\"><span style=\"font-family: 'times new roman', times, serif; font-size: 130%; color: #000000;\"><strong><span style=\"color: #ff0000;\">2.183.000<\/span><\/strong><\/span><\/td>\n<td style=\"width: 22.9214%; height: 84px;\" rowspan=\"3\"><span style=\"font-family: 'times new roman', times, serif; font-size: 130%; color: #000000;\">&#8211; Gi\u1ecf b\u1ea3o h\u00e0nh r\u1ec9 s\u00e9t 5 n\u0103m<br \/>\n&#8211; H\u1ec7 th\u1ed1ng khung, ray b\u1ea3o h\u00e0nh 2 n\u0103m<strong><span style=\"color: #ff0000;\"><br \/>\n<\/span><\/strong><\/span><\/td>\n<td style=\"width: 53.2818%; height: 201px;\" rowspan=\"6\"><span style=\"font-family: 'times new roman', times, serif; font-size: 130%; color: #000000;\">&#8211; S\u1ea3n ph\u1ea9m s\u1eed d\u1ee5ng trong m\u00f4i tr\u01b0\u1eddng \u1ea9m \u01b0\u1edbt<br \/>\n&#8211; S\u1ea3n ph\u1ea9m s\u1eed d\u1ee5ng trong m\u00f4i tr\u01b0\u1eddng c\u00f3 axit, \u0111\u1ed9 m\u1eb7n cao<br \/>\n&#8211; S\u1ea3n ph\u1ea9m b\u1ecb d\u1eabm \u0111\u1ea1p, l\u00e0m bi\u1ebfn d\u1ea1ng do t\u00e1c \u0111\u1ed9ng b\u00ean ngo\u00e0i<\/span><span style=\"font-size: 130%; font-family: 'times new roman', times, serif;\"><span style=\"color: #ff0000;\"><span style=\"font-family: 'times new roman', times, serif; color: #000000;\">\u00a0<\/span><\/span><\/span><\/td>\n<\/tr>\n<tr style=\"height: 28px;\">\n<td style=\"width: 22.7874%; height: 28px;\"><span style=\"font-family: 'times new roman', times, serif; font-size: 130%; color: #000000;\">288*464*469<\/span><\/td>\n<td style=\"width: 13.526%; height: 28px;\"><span style=\"color: #ff0000; font-family: times new roman, times, serif;\"><span style=\"font-size: 18.72px;\"><b>2.246.000<\/b><\/span><\/span><\/td>\n<\/tr>\n<tr style=\"height: 28px;\">\n<td style=\"width: 22.7874%; height: 28px;\"><span style=\"font-family: 'times new roman', times, serif; font-size: 130%; color: #000000;\">338*464*469<\/span><\/td>\n<td style=\"width: 13.526%; height: 28px;\"><span style=\"color: #ff0000; font-family: times new roman, times, serif;\"><span style=\"font-size: 18.72px;\"><b>2.336.000<\/b><\/span><\/span><\/td>\n<\/tr>\n<tr style=\"height: 28px;\">\n<td style=\"width: 14.2469%; height: 117px;\" rowspan=\"3\"><span style=\"color: #008000;\"><strong><span style=\"font-family: 'times new roman', times, serif; font-size: 130%;\">Inox 304 b\u00f3ng<\/span><\/strong><\/span><\/td>\n<td style=\"width: 22.7874%; height: 28px;\"><span style=\"font-family: 'times new roman', times, serif; font-size: 130%; color: #000000;\">238*464*469<\/span><\/td>\n<td style=\"width: 13.526%; height: 28px;\"><span style=\"font-size: 130%; font-family: 'times new roman', times, serif; color: #ff0000;\"><strong><span style=\"font-family: 'times new roman', times, serif;\">2.620.000<\/span><\/strong><\/span><\/td>\n<td style=\"width: 22.9214%; height: 117px;\" rowspan=\"3\"><span style=\"font-size: 130%; font-family: 'times new roman', times, serif;\"><span style=\"color: #ff0000;\"><span style=\"font-family: 'times new roman', times, serif; color: #000000;\">&#8211; Gi\u1ecf b\u1ea3o h\u00e0nh r\u1ec9 s\u00e9t 5 n\u0103m<br \/>\n&#8211; H\u1ec7 th\u1ed1ng khung, ray b\u1ea3o h\u00e0nh 2 n\u0103m<\/span><\/span><strong><span style=\"color: #ff0000;\"><br \/>\n<\/span><\/strong><\/span><\/td>\n<\/tr>\n<tr style=\"height: 34px;\">\n<td style=\"width: 22.7874%; height: 34px;\"><span style=\"font-family: 'times new roman', times, serif; font-size: 130%; color: #000000;\">288*464*469<\/span><\/td>\n<td style=\"width: 13.526%; height: 34px;\"><span style=\"font-family: 'times new roman', times, serif; font-size: 130%; color: #000000;\"><strong><span style=\"color: #ff0000;\">2.723.000<\/span><\/strong><\/span><\/td>\n<\/tr>\n<tr style=\"height: 55px;\">\n<td style=\"width: 22.7874%; height: 55px;\"><span style=\"font-family: 'times new roman', times, serif; font-size: 130%; color: #000000;\">338*464*469<\/span><\/td>\n<td style=\"width: 13.526%; height: 55px;\"><span style=\"font-family: 'times new roman', times, serif; font-size: 130%; color: #000000;\"><strong><span style=\"color: #ff0000;\">2.786.000<\/span><\/strong><\/span><\/td>\n<\/tr>\n<\/tbody>\n<\/table>\n<p>&nbsp;<\/p>\n<p><span style=\"font-family: 'times new roman', times, serif; font-size: 130%; color: #000000;\">\ud83d\ude1b <em>S<\/em><\/span><span style=\"color: #000000;\"><em><span style=\"font-family: 'times new roman', times, serif; font-size: 130%;\">\u1eed d\u1ee5ng chung s\u1ea3n ph\u1ea9m v\u1edbi l\u1eafp \u0111\u1eb7t t\u1ee7 b\u1ebfp s\u1ebd nh\u1eadn \u0111\u01b0\u1ee3c gi\u00e1 \u01b0u \u0111\u00e3i<\/span><\/em><\/span><\/p>\n<p style=\"text-align: center;\"><iframe loading=\"lazy\" src=\"\/\/www.youtube.com\/embed\/uM_4kTB-lto\" width=\"560\" height=\"314\" allowfullscreen=\"allowfullscreen\"><\/iframe><\/p>\n","protected":false},"excerpt":{"rendered":"<p><span style=\"font-family: 'times new roman', times, serif; font-size: 130%; color: #000000;\">\ud83d\ude1b \u0110\u01a1n gi\u00e1<em><strong>: R\u00e1\/ k\u1ec7 gia v\u1ecb l\u1eafp t\u1ee7 b\u1ebfp d\u01b0\u1edbi inox 304 b\u00f3ng cao c\u1ea5p<\/strong><\/em><\/span><\/p>\n<p><span style=\"color: #008000;\"><strong><span style=\"font-family: 'times new roman', times, serif; font-size: 130%;\">K\u00edch th\u01b0\u1edbc: r\u1ed9ng x s\u00e2u x cao<\/span><\/strong><\/span><\/p>\n<p><span style=\"font-family: 'times new roman', times, serif; font-size: 130%; color: #000000;\">+ 238*464*469: <strong><span style=\"color: #ff0000;\">2.620.000\u0111<\/span><\/strong><\/span><\/p>\n<p><span style=\"font-family: 'times new roman', times, serif; font-size: 130%; color: #000000;\">+ 288*464*469: <strong><span style=\"color: #ff0000;\">2.723.000\u0111<\/span><\/strong><\/span><\/p>\n<p><span style=\"font-family: 'times new roman', times, serif; font-size: 130%; color: #000000;\">+ 338*464*469: <strong><span style=\"color: #ff0000;\">2.786.000\u0111<\/span><\/strong><\/span><\/p>\n<p><span style=\"color: #008000;\"><strong><span style=\"font-family: 'times new roman', times, serif; font-size: 130%;\">Ch\u1ea5t li\u1ec7u: <\/span><\/strong><span style=\"font-family: 'times new roman', times, serif; font-size: 130%; color: #000000;\">inox 304 b\u00f3ng n\u1ea1n d\u1eb9p<\/span><\/span><\/p>\n<p><span style=\"font-family: 'times new roman', times, serif; font-size: 130%; color: #000000;\">+ C\u00e1c N\u1ed9i Dung S\u1ea3n Ph\u1ea9m \u0110\u01b0\u1ee3c B\u1ea3o H\u00e0nh:<\/span><\/p>\n<p><span style=\"font-family: 'times new roman', times, serif; font-size: 130%; color: #000000;\">&#8211; Gi\u1ecf b\u1ea3o h\u00e0nh r\u1ec9 s\u00e9t 5 n\u0103m<br \/>\n&#8211; H\u1ec7 th\u1ed1ng khung, ray b\u1ea3o h\u00e0nh 2 n\u0103m<\/span><\/p>\n<p><span style=\"font-family: 'times new roman', times, serif; font-size: 130%; color: #000000;\">+ C\u00e1c Tr\u01b0\u1eddng H\u1ee3p S\u1ea3n Ph\u1ea9m Kh\u00f4ng \u0110\u01b0\u1ee3c B\u1ea3o H\u00e0nh:<\/span><\/p>\n<p><span style=\"font-family: 'times new roman', times, serif; font-size: 130%; color: #000000;\">&#8211; S\u1ea3n ph\u1ea9m s\u1eed d\u1ee5ng trong m\u00f4i tr\u01b0\u1eddng \u1ea9m \u01b0\u1edbt<br \/>\n&#8211; S\u1ea3n ph\u1ea9m s\u1eed d\u1ee5ng trong m\u00f4i tr\u01b0\u1eddng c\u00f3 axit, \u0111\u1ed9 m\u1eb7n cao<br \/>\n&#8211; S\u1ea3n ph\u1ea9m b\u1ecb d\u1eabm \u0111\u1ea1p, l\u00e0m bi\u1ebfn d\u1ea1ng do t\u00e1c \u0111\u1ed9ng b\u00ean ngo\u00e0i<\/span><\/p>\n<p><span style=\"font-family: 'times new roman', times, serif; font-size: 130%; color: #000000;\">\ud83d\ude1b <span style=\"color: #008000;\"><em>S<\/em><\/span><\/span><span style=\"color: #008000;\"><em><span style=\"font-family: 'times new roman', times, serif; font-size: 130%;\">\u1eed d\u1ee5ng chung s\u1ea3n ph\u1ea9m v\u1edbi l\u1eafp \u0111\u1eb7t t\u1ee7 b\u1ebfp s\u1ebd nh\u1eadn \u0111\u01b0\u1ee3c gi\u00e1 \u01b0u \u0111\u00e3i<\/span><\/em><\/span><\/p>\n","protected":false},"featured_media":4081,"comment_status":"closed","ping_status":"closed","template":"","meta":[],"product_cat":[15,312],"product_tag":[],"class_list":{"0":"post-4080","1":"product","2":"type-product","3":"status-publish","4":"has-post-thumbnail","6":"product_cat-chua-phan-loai","7":"product_cat-phu-kien-tu-bep-thong-minh","9":"first","10":"instock","11":"sale","12":"shipping-taxable","13":"purchasable","14":"product-type-simple"},"yoast_head":"<!-- This site is optimized with the Yoast SEO Premium plugin v22.3 (Yoast SEO v22.8) - https:\/\/yoast.com\/wordpress\/plugins\/seo\/ -->\n<title>K\u1ec7 Gia V\u1ecb G\u1eafn C\u00e1nh T\u1ee7 D\u01b0\u1edbi - V\u1eadt Li\u1ec7u X\u00e2y D\u1ef1ng Tr\u1ea7n Th\u1ecb Chi Nh\u00e1nh H\u00e0 T\u0129nh<\/title>\n<meta name=\"robots\" content=\"index, follow, max-snippet:-1, max-image-preview:large, max-video-preview:-1\" \/>\n<link rel=\"canonical\" href=\"https:\/\/tranthi.vn\/hatinh\/ke-gia-vi-gan-canh-tu-duoi\/\" \/>\n<meta property=\"og:locale\" content=\"vi_VN\" \/>\n<meta property=\"og:type\" content=\"article\" \/>\n<meta property=\"og:title\" content=\"K\u1ec7 Gia V\u1ecb G\u1eafn C\u00e1nh T\u1ee7 D\u01b0\u1edbi\" \/>\n<meta property=\"og:description\" content=\"\ud83d\ude1b \u0110\u01a1n gi\u00e1: R\u00e1\/ k\u1ec7 gia v\u1ecb l\u1eafp t\u1ee7 b\u1ebfp d\u01b0\u1edbi inox 304 b\u00f3ng cao c\u1ea5p  K\u00edch th\u01b0\u1edbc: r\u1ed9ng x s\u00e2u x cao  + 238*464*469: 2.620.000\u0111  + 288*464*469: 2.723.000\u0111  + 338*464*469: 2.786.000\u0111  Ch\u1ea5t li\u1ec7u: inox 304 b\u00f3ng n\u1ea1n d\u1eb9p  + C\u00e1c N\u1ed9i Dung S\u1ea3n Ph\u1ea9m \u0110\u01b0\u1ee3c B\u1ea3o H\u00e0nh:  - Gi\u1ecf b\u1ea3o h\u00e0nh r\u1ec9 s\u00e9t 5 n\u0103m - H\u1ec7 th\u1ed1ng khung, ray b\u1ea3o h\u00e0nh 2 n\u0103m  + C\u00e1c Tr\u01b0\u1eddng H\u1ee3p S\u1ea3n Ph\u1ea9m Kh\u00f4ng \u0110\u01b0\u1ee3c B\u1ea3o H\u00e0nh:  - S\u1ea3n ph\u1ea9m s\u1eed d\u1ee5ng trong m\u00f4i tr\u01b0\u1eddng \u1ea9m \u01b0\u1edbt - S\u1ea3n ph\u1ea9m s\u1eed d\u1ee5ng trong m\u00f4i tr\u01b0\u1eddng c\u00f3 axit, \u0111\u1ed9 m\u1eb7n cao - S\u1ea3n ph\u1ea9m b\u1ecb d\u1eabm \u0111\u1ea1p, l\u00e0m bi\u1ebfn d\u1ea1ng do t\u00e1c \u0111\u1ed9ng b\u00ean ngo\u00e0i  \ud83d\ude1b S\u1eed d\u1ee5ng chung s\u1ea3n ph\u1ea9m v\u1edbi l\u1eafp \u0111\u1eb7t t\u1ee7 b\u1ebfp s\u1ebd nh\u1eadn \u0111\u01b0\u1ee3c gi\u00e1 \u01b0u \u0111\u00e3i\" \/>\n<meta property=\"og:url\" content=\"https:\/\/tranthi.vn\/hatinh\/ke-gia-vi-gan-canh-tu-duoi\/\" \/>\n<meta property=\"og:site_name\" content=\"V\u1eadt Li\u1ec7u X\u00e2y D\u1ef1ng Tr\u1ea7n Th\u1ecb Chi Nh\u00e1nh H\u00e0 T\u0129nh\" \/>\n<meta property=\"article:modified_time\" content=\"2024-03-18T09:40:30+00:00\" \/>\n<meta property=\"og:image\" content=\"https:\/\/tranthi.vn\/hatinh\/wp-content\/uploads\/2022\/06\/ke-de-gia-vi-thong-minh-lap-tu-bep-duoi-da-nang.jpg\" \/>\n\t<meta property=\"og:image:width\" content=\"450\" \/>\n\t<meta property=\"og:image:height\" content=\"400\" \/>\n\t<meta property=\"og:image:type\" content=\"image\/jpeg\" \/>\n<meta name=\"twitter:card\" content=\"summary_large_image\" \/>\n<meta name=\"twitter:label1\" content=\"Gi\u00e1\" \/>\n\t<meta name=\"twitter:data1\" content=\"2,786,000&nbsp;&#8363;\" \/>\n\t<meta name=\"twitter:label2\" content=\"Kh\u1ea3 d\u1ee5ng\" \/>\n\t<meta name=\"twitter:data2\" content=\"Trong kho\" \/>\n<script type=\"application\/ld+json\" class=\"yoast-schema-graph\">{\"@context\":\"https:\/\/schema.org\",\"@graph\":[{\"@type\":[\"WebPage\",\"ItemPage\"],\"@id\":\"https:\/\/tranthi.vn\/hatinh\/ke-gia-vi-gan-canh-tu-duoi\/\",\"url\":\"https:\/\/tranthi.vn\/hatinh\/ke-gia-vi-gan-canh-tu-duoi\/\",\"name\":\"K\u1ec7 Gia V\u1ecb G\u1eafn C\u00e1nh T\u1ee7 D\u01b0\u1edbi - V\u1eadt Li\u1ec7u X\u00e2y D\u1ef1ng Tr\u1ea7n Th\u1ecb Chi Nh\u00e1nh H\u00e0 T\u0129nh\",\"isPartOf\":{\"@id\":\"https:\/\/tranthi.vn\/hatinh\/#website\"},\"primaryImageOfPage\":{\"@id\":\"https:\/\/tranthi.vn\/hatinh\/ke-gia-vi-gan-canh-tu-duoi\/#primaryimage\"},\"image\":{\"@id\":\"https:\/\/tranthi.vn\/hatinh\/ke-gia-vi-gan-canh-tu-duoi\/#primaryimage\"},\"thumbnailUrl\":\"https:\/\/tranthi.vn\/hatinh\/wp-content\/uploads\/2022\/06\/ke-de-gia-vi-thong-minh-lap-tu-bep-duoi-da-nang.jpg\",\"datePublished\":\"2022-06-10T07:10:02+00:00\",\"dateModified\":\"2024-03-18T09:40:30+00:00\",\"breadcrumb\":{\"@id\":\"https:\/\/tranthi.vn\/hatinh\/ke-gia-vi-gan-canh-tu-duoi\/#breadcrumb\"},\"inLanguage\":\"vi\",\"potentialAction\":[{\"@type\":\"ReadAction\",\"target\":[\"https:\/\/tranthi.vn\/hatinh\/ke-gia-vi-gan-canh-tu-duoi\/\"]}]},{\"@type\":\"ImageObject\",\"inLanguage\":\"vi\",\"@id\":\"https:\/\/tranthi.vn\/hatinh\/ke-gia-vi-gan-canh-tu-duoi\/#primaryimage\",\"url\":\"https:\/\/tranthi.vn\/hatinh\/wp-content\/uploads\/2022\/06\/ke-de-gia-vi-thong-minh-lap-tu-bep-duoi-da-nang.jpg\",\"contentUrl\":\"https:\/\/tranthi.vn\/hatinh\/wp-content\/uploads\/2022\/06\/ke-de-gia-vi-thong-minh-lap-tu-bep-duoi-da-nang.jpg\",\"width\":450,\"height\":400},{\"@type\":\"BreadcrumbList\",\"@id\":\"https:\/\/tranthi.vn\/hatinh\/ke-gia-vi-gan-canh-tu-duoi\/#breadcrumb\",\"itemListElement\":[{\"@type\":\"ListItem\",\"position\":1,\"name\":\"Trang ch\u1ee7\",\"item\":\"https:\/\/tranthi.vn\/hatinh\/\"},{\"@type\":\"ListItem\",\"position\":2,\"name\":\"Shop\",\"item\":\"https:\/\/tranthi.vn\/hatinh\/shop\/\"},{\"@type\":\"ListItem\",\"position\":3,\"name\":\"K\u1ec7 Gia V\u1ecb G\u1eafn C\u00e1nh T\u1ee7 D\u01b0\u1edbi\"}]},{\"@type\":\"WebSite\",\"@id\":\"https:\/\/tranthi.vn\/hatinh\/#website\",\"url\":\"https:\/\/tranthi.vn\/hatinh\/\",\"name\":\"V\u1eadt Li\u1ec7u X\u00e2y D\u1ef1ng Tr\u1ea7n Th\u1ecb Chi Nh\u00e1nh H\u00e0 T\u0129nh\",\"description\":\"V\u1eadt Li\u1ec7u X\u00e2y D\u1ef1ng - H\u00e0 T\u0129nh\",\"potentialAction\":[{\"@type\":\"SearchAction\",\"target\":{\"@type\":\"EntryPoint\",\"urlTemplate\":\"https:\/\/tranthi.vn\/hatinh\/?s={search_term_string}\"},\"query-input\":\"required name=search_term_string\"}],\"inLanguage\":\"vi\"},{\"@type\":\"ImageObject\",\"inLanguage\":\"vi\",\"@id\":\"https:\/\/tranthi.vn\/hatinh\/ke-gia-vi-gan-canh-tu-duoi\/#local-main-organization-logo\",\"url\":\"\",\"contentUrl\":\"\",\"caption\":\"V\u1eadt Li\u1ec7u X\u00e2y D\u1ef1ng Tr\u1ea7n Th\u1ecb Chi Nh\u00e1nh H\u00e0 T\u0129nh\"}]}<\/script>\n<meta property=\"product:price:amount\" content=\"2786000\" \/>\n<meta property=\"product:price:currency\" content=\"VND\" \/>\n<meta property=\"og:availability\" content=\"instock\" \/>\n<meta property=\"product:availability\" content=\"instock\" \/>\n<meta property=\"product:condition\" content=\"new\" \/>\n<!-- \/ Yoast SEO Premium plugin. -->","yoast_head_json":{"title":"K\u1ec7 Gia V\u1ecb G\u1eafn C\u00e1nh T\u1ee7 D\u01b0\u1edbi - V\u1eadt Li\u1ec7u X\u00e2y D\u1ef1ng Tr\u1ea7n Th\u1ecb Chi Nh\u00e1nh H\u00e0 T\u0129nh","robots":{"index":"index","follow":"follow","max-snippet":"max-snippet:-1","max-image-preview":"max-image-preview:large","max-video-preview":"max-video-preview:-1"},"canonical":"https:\/\/tranthi.vn\/hatinh\/ke-gia-vi-gan-canh-tu-duoi\/","og_locale":"vi_VN","og_type":"article","og_title":"K\u1ec7 Gia V\u1ecb G\u1eafn C\u00e1nh T\u1ee7 D\u01b0\u1edbi","og_description":"\ud83d\ude1b \u0110\u01a1n gi\u00e1: R\u00e1\/ k\u1ec7 gia v\u1ecb l\u1eafp t\u1ee7 b\u1ebfp d\u01b0\u1edbi inox 304 b\u00f3ng cao c\u1ea5p  K\u00edch th\u01b0\u1edbc: r\u1ed9ng x s\u00e2u x cao  + 238*464*469: 2.620.000\u0111  + 288*464*469: 2.723.000\u0111  + 338*464*469: 2.786.000\u0111  Ch\u1ea5t li\u1ec7u: inox 304 b\u00f3ng n\u1ea1n d\u1eb9p  + C\u00e1c N\u1ed9i Dung S\u1ea3n Ph\u1ea9m \u0110\u01b0\u1ee3c B\u1ea3o H\u00e0nh:  - Gi\u1ecf b\u1ea3o h\u00e0nh r\u1ec9 s\u00e9t 5 n\u0103m - H\u1ec7 th\u1ed1ng khung, ray b\u1ea3o h\u00e0nh 2 n\u0103m  + C\u00e1c Tr\u01b0\u1eddng H\u1ee3p S\u1ea3n Ph\u1ea9m Kh\u00f4ng \u0110\u01b0\u1ee3c B\u1ea3o H\u00e0nh:  - S\u1ea3n ph\u1ea9m s\u1eed d\u1ee5ng trong m\u00f4i tr\u01b0\u1eddng \u1ea9m \u01b0\u1edbt - S\u1ea3n ph\u1ea9m s\u1eed d\u1ee5ng trong m\u00f4i tr\u01b0\u1eddng c\u00f3 axit, \u0111\u1ed9 m\u1eb7n cao - S\u1ea3n ph\u1ea9m b\u1ecb d\u1eabm \u0111\u1ea1p, l\u00e0m bi\u1ebfn d\u1ea1ng do t\u00e1c \u0111\u1ed9ng b\u00ean ngo\u00e0i  \ud83d\ude1b S\u1eed d\u1ee5ng chung s\u1ea3n ph\u1ea9m v\u1edbi l\u1eafp \u0111\u1eb7t t\u1ee7 b\u1ebfp s\u1ebd nh\u1eadn \u0111\u01b0\u1ee3c gi\u00e1 \u01b0u \u0111\u00e3i","og_url":"https:\/\/tranthi.vn\/hatinh\/ke-gia-vi-gan-canh-tu-duoi\/","og_site_name":"V\u1eadt Li\u1ec7u X\u00e2y D\u1ef1ng Tr\u1ea7n Th\u1ecb Chi Nh\u00e1nh H\u00e0 T\u0129nh","article_modified_time":"2024-03-18T09:40:30+00:00","og_image":[{"width":450,"height":400,"url":"https:\/\/tranthi.vn\/hatinh\/wp-content\/uploads\/2022\/06\/ke-de-gia-vi-thong-minh-lap-tu-bep-duoi-da-nang.jpg","type":"image\/jpeg"}],"twitter_card":"summary_large_image","twitter_misc":{"Gi\u00e1":"2,786,000&nbsp;&#8363;","Kh\u1ea3 d\u1ee5ng":"Trong kho"},"schema":{"@context":"https:\/\/schema.org","@graph":[{"@type":["WebPage","ItemPage"],"@id":"https:\/\/tranthi.vn\/hatinh\/ke-gia-vi-gan-canh-tu-duoi\/","url":"https:\/\/tranthi.vn\/hatinh\/ke-gia-vi-gan-canh-tu-duoi\/","name":"K\u1ec7 Gia V\u1ecb G\u1eafn C\u00e1nh T\u1ee7 D\u01b0\u1edbi - V\u1eadt Li\u1ec7u X\u00e2y D\u1ef1ng Tr\u1ea7n Th\u1ecb Chi Nh\u00e1nh H\u00e0 T\u0129nh","isPartOf":{"@id":"https:\/\/tranthi.vn\/hatinh\/#website"},"primaryImageOfPage":{"@id":"https:\/\/tranthi.vn\/hatinh\/ke-gia-vi-gan-canh-tu-duoi\/#primaryimage"},"image":{"@id":"https:\/\/tranthi.vn\/hatinh\/ke-gia-vi-gan-canh-tu-duoi\/#primaryimage"},"thumbnailUrl":"https:\/\/tranthi.vn\/hatinh\/wp-content\/uploads\/2022\/06\/ke-de-gia-vi-thong-minh-lap-tu-bep-duoi-da-nang.jpg","datePublished":"2022-06-10T07:10:02+00:00","dateModified":"2024-03-18T09:40:30+00:00","breadcrumb":{"@id":"https:\/\/tranthi.vn\/hatinh\/ke-gia-vi-gan-canh-tu-duoi\/#breadcrumb"},"inLanguage":"vi","potentialAction":[{"@type":"ReadAction","target":["https:\/\/tranthi.vn\/hatinh\/ke-gia-vi-gan-canh-tu-duoi\/"]}]},{"@type":"ImageObject","inLanguage":"vi","@id":"https:\/\/tranthi.vn\/hatinh\/ke-gia-vi-gan-canh-tu-duoi\/#primaryimage","url":"https:\/\/tranthi.vn\/hatinh\/wp-content\/uploads\/2022\/06\/ke-de-gia-vi-thong-minh-lap-tu-bep-duoi-da-nang.jpg","contentUrl":"https:\/\/tranthi.vn\/hatinh\/wp-content\/uploads\/2022\/06\/ke-de-gia-vi-thong-minh-lap-tu-bep-duoi-da-nang.jpg","width":450,"height":400},{"@type":"BreadcrumbList","@id":"https:\/\/tranthi.vn\/hatinh\/ke-gia-vi-gan-canh-tu-duoi\/#breadcrumb","itemListElement":[{"@type":"ListItem","position":1,"name":"Trang ch\u1ee7","item":"https:\/\/tranthi.vn\/hatinh\/"},{"@type":"ListItem","position":2,"name":"Shop","item":"https:\/\/tranthi.vn\/hatinh\/shop\/"},{"@type":"ListItem","position":3,"name":"K\u1ec7 Gia V\u1ecb G\u1eafn C\u00e1nh T\u1ee7 D\u01b0\u1edbi"}]},{"@type":"WebSite","@id":"https:\/\/tranthi.vn\/hatinh\/#website","url":"https:\/\/tranthi.vn\/hatinh\/","name":"V\u1eadt Li\u1ec7u X\u00e2y D\u1ef1ng Tr\u1ea7n Th\u1ecb Chi Nh\u00e1nh H\u00e0 T\u0129nh","description":"V\u1eadt Li\u1ec7u X\u00e2y D\u1ef1ng - H\u00e0 T\u0129nh","potentialAction":[{"@type":"SearchAction","target":{"@type":"EntryPoint","urlTemplate":"https:\/\/tranthi.vn\/hatinh\/?s={search_term_string}"},"query-input":"required name=search_term_string"}],"inLanguage":"vi"},{"@type":"ImageObject","inLanguage":"vi","@id":"https:\/\/tranthi.vn\/hatinh\/ke-gia-vi-gan-canh-tu-duoi\/#local-main-organization-logo","url":"","contentUrl":"","caption":"V\u1eadt Li\u1ec7u X\u00e2y D\u1ef1ng Tr\u1ea7n Th\u1ecb Chi Nh\u00e1nh H\u00e0 T\u0129nh"}]},"product_price_amount":"2786000","product_price_currency":"VND","og_availability":"instock","product_availability":"instock","product_condition":"new"},"_links":{"self":[{"href":"https:\/\/tranthi.vn\/hatinh\/wp-json\/wp\/v2\/product\/4080","targetHints":{"allow":["GET"]}}],"collection":[{"href":"https:\/\/tranthi.vn\/hatinh\/wp-json\/wp\/v2\/product"}],"about":[{"href":"https:\/\/tranthi.vn\/hatinh\/wp-json\/wp\/v2\/types\/product"}],"replies":[{"embeddable":true,"href":"https:\/\/tranthi.vn\/hatinh\/wp-json\/wp\/v2\/comments?post=4080"}],"wp:featuredmedia":[{"embeddable":true,"href":"https:\/\/tranthi.vn\/hatinh\/wp-json\/wp\/v2\/media\/4081"}],"wp:attachment":[{"href":"https:\/\/tranthi.vn\/hatinh\/wp-json\/wp\/v2\/media?parent=4080"}],"wp:term":[{"taxonomy":"product_cat","embeddable":true,"href":"https:\/\/tranthi.vn\/hatinh\/wp-json\/wp\/v2\/product_cat?post=4080"},{"taxonomy":"product_tag","embeddable":true,"href":"https:\/\/tranthi.vn\/hatinh\/wp-json\/wp\/v2\/product_tag?post=4080"}],"curies":[{"name":"wp","href":"https:\/\/api.w.org\/{rel}","templated":true}]}}