{"id":4019,"date":"2022-05-17T17:11:04","date_gmt":"2022-05-17T10:11:04","guid":{"rendered":"https:\/\/tranthi.vn\/quangnam\/?post_type=product&#038;p=4019"},"modified":"2024-07-30T15:12:26","modified_gmt":"2024-07-30T08:12:26","slug":"lavabo-am-ban-tai-ha-tinh","status":"publish","type":"product","link":"https:\/\/tranthi.vn\/hatinh\/lavabo-am-ban-tai-ha-tinh\/","title":{"rendered":"Lavabo \u0111\u1ec3 b\u00e0n LB46-TL"},"content":{"rendered":"<h1 style=\"text-align: center;\"><strong><span style=\"font-family: 'times new roman', times, serif; font-size: 14pt; color: #ff0000;\">GI\u00c1 LAVABO \u00c2M B\u00c0N TR\u1eaeNG S\u1ee8 T\u1ea0I <a href=\"https:\/\/vi.wikipedia.org\/wiki\/H%C3%A0_T%C4%A9nh\">H\u00c0 T\u0128NH<\/a><\/span><\/strong><\/h1>\n<p><span style=\"font-family: 'times new roman', times, serif; font-size: 14pt; color: #000000;\">Ch\u1eadu r\u1eeda lavabo l\u00e0 thi\u1ebft b\u1ecb \u0111\u01b0\u1ee3c s\u1eed d\u1ee5ng h\u1ea7u h\u1ebft \u1edf nh\u00e0 h\u00e0ng, kh\u00e1ch s\u1ea1n, gia \u0111\u00ecnh t\u1ea1i <b><i>H\u00e0 T\u0129nh<\/i><\/b>\u00a0&#8230;. v\u1edbi r\u1ea5t nhi\u1ec1u ki\u1ec3u d\u00e1ng v\u00e0 gi\u00e1 c\u1ea3 kh\u00e1c nhau, h\u00f4m nay Tr\u1ea7n Th\u1ecb s\u1ebd gi\u1edbi thi\u1ec7u \u0111\u1ebfn qu\u00fd kh\u00e1ch h\u00e0ng m\u1eabu <em><strong>lavabo \u00e2m b\u00e0n<\/strong><\/em> v\u00e0 c\u00e1ch l\u1eafp \u0111\u1eb7t an to\u00e0n nh\u1ea5t<\/span><\/p>\n<h2><span style=\"font-family: 'times new roman', times, serif; color: #ff0000;\"><strong><span style=\"font-size: 14pt;\">1. TH\u1ebe N\u00c0O L\u00c0 LAVABO \u00c2M B\u00c0N?<\/span><\/strong><\/span><\/h2>\n<p><span style=\"font-family: 'times new roman', times, serif; font-size: 14pt; color: #000000;\"><em><strong>Lavabo \u00e2m b\u00e0n t\u1ea1i <a href=\"https:\/\/vi.wikipedia.org\/wiki\/H%C3%A0_T%C4%A9nh\">H\u00e0 T\u0129nh<\/a><\/strong><\/em>\u00a0l\u00e0 lo\u1ea1i ch\u1eadu r\u1eeda m\u1eb7t \u0111\u01b0\u1ee3c thi\u1ebft k\u1ebf v\u00f4 c\u00f9ng \u0111\u1ed9c \u0111\u00e1o. Khi l\u1eafp \u0111\u1eb7t ph\u1ea7n th\u00e2n s\u1ebd ch\u00ecm v\u00e0o ph\u1ea7n l\u00f2ng b\u00e0n, kh\u00f4ng nh\u00ecn th\u1ea5y \u0111\u01b0\u1ee3c b\u1ec1 m\u1eb7t v\u00e0 ph\u1ea7n vi\u1ec1n c\u1ee7a lavabo<\/span><\/p>\n<h2 style=\"text-align: center;\"><img loading=\"lazy\" decoding=\"async\" class=\"alignnone size-full wp-image-4020\" src=\"https:\/\/tranthi.vn\/quangnam\/wp-content\/uploads\/2022\/05\/lavabo-su-dat-ban-tron-gia-re-da-nang_optimized.jpg\" alt=\"\" width=\"400\" height=\"400\" srcset=\"https:\/\/tranthi.vn\/hatinh\/wp-content\/uploads\/2022\/05\/lavabo-su-dat-ban-tron-gia-re-da-nang_optimized.jpg 400w, https:\/\/tranthi.vn\/hatinh\/wp-content\/uploads\/2022\/05\/lavabo-su-dat-ban-tron-gia-re-da-nang_optimized-100x100.jpg 100w\" sizes=\"auto, (max-width: 400px) 100vw, 400px\" \/><\/h2>\n<h2 style=\"text-align: left;\"><strong><span style=\"font-family: 'times new roman', times, serif; font-size: 14pt; color: #ff0000;\">2. C\u00c1CH L\u1eaeP \u0110\u1eb6T LAVABO \u00c2M B\u00c0N<\/span><\/strong><\/h2>\n<h3><strong><span style=\"font-family: 'times new roman', times, serif; font-size: 14pt; color: #000000;\">B\u01b0\u1edbc 1: Ki\u1ec3m tra k\u00edch th\u01b0\u1edbc c\u1ee7a s\u1ea3n ph\u1ea9m<\/span><\/strong><\/h3>\n<p><span style=\"font-family: 'times new roman', times, serif; font-size: 14pt; color: #000000;\">Tr\u01b0\u1edbc khi l\u1eafp \u0111\u1eb7t b\u1ea1n c\u1ea7n n\u1eafm \u0111\u01b0\u1ee3c k\u00edch th\u01b0\u1edbc c\u1ee7a s\u1ea3n ph\u1ea9m<em><strong> lavabo<\/strong><\/em> \u0111\u1ec3 c\u00f3 th\u1ec3 l\u00e0m b\u1ea1n l\u1eafp \u0111\u1eb7t ch\u00ednh x\u00e1c nh\u1ea5t.<\/span><\/p>\n<h3><strong><span style=\"font-family: 'times new roman', times, serif; font-size: 14pt; color: #000000;\">B\u01b0\u1edbc 2: Chu\u1ea9n b\u1ecb c\u00e1c d\u1ee5ng b\u1ecb l\u1eafp \u0111\u1eb7t v\u00e0 v\u1eadt t\u01b0 c\u1ea7n thi\u1ebft<\/span><\/strong><\/h3>\n<p><span style=\"font-family: 'times new roman', times, serif; font-size: 14pt; color: #000000;\">\u0110\u1ec3 l\u1eafp <em>Lavabo <\/em>\u0111\u00fang k\u1ef9 thu\u1eadt b\u1ea1n n\u00ean chu\u1ea9n b\u1ecb c\u00e1c thi\u1ebft b\u1ecb c\u1ea7n thi\u1ebft nh\u01b0 m\u00e1y khoan, m\u00e1y c\u1eaft, tua v\u00edt, s\u00fang b\u1eafn keo&#8230;.<\/span><\/p>\n<p><span style=\"font-family: 'times new roman', times, serif; font-size: 14pt; color: #000000;\"><img loading=\"lazy\" decoding=\"async\" class=\"alignnone size-full wp-image-2801 aligncenter\" src=\"https:\/\/tranthi.vn\/quangnam\/wp-content\/uploads\/2021\/02\/huong-dan-lap-dat-chau-lavabo-am-inax-trong-6-buoc-cuc-nhanh-2_optimized.jpg\" alt=\"\" width=\"300\" height=\"216\" \/><\/span><\/p>\n<h3><strong><span style=\"font-family: 'times new roman', times, serif; font-size: 14pt; color: #000000;\">B\u01b0\u1edbc 3: C\u00e1ch c\u1eaft bi\u00ean c\u1ee7a lavobo tr\u00ean m\u1eb7t \u0111\u00e1<\/span><\/strong><\/h3>\n<p><span style=\"font-family: 'times new roman', times, serif; font-size: 14pt; color: #000000;\">Vi\u1ec7c c\u1eaft c\u00f3 ch\u00ednh x\u00e1c hay kh\u00f4ng ph\u1ee5 thu\u1ed9c v\u00e0o vi\u1ec7c x\u00e1c \u0111\u1ecbnh k\u00edch th\u01b0\u1edbc c\u1ee7a lavabo t\u1eeb ban \u0111\u1ea7u<\/span><\/p>\n<p><span style=\"font-family: 'times new roman', times, serif; font-size: 14pt; color: #000000;\">\u0110\u1ea7u ti\u00ean, ch\u1ecdn v\u1ecb tr\u00ed l\u1eafp \u0111\u1eb7t thi\u1ebft b\u1ecb v\u1ec7 sinh Lavabo tr\u00ean m\u1eb7t b\u00e0n \u0111\u00e1 b\u1ea1n c\u1ea3m th\u1ea5y ph\u00f9 h\u1ee3p nh\u1ea5t.<\/span><\/p>\n<p><span style=\"font-family: 'times new roman', times, serif; font-size: 14pt; color: #000000;\">Ti\u1ebfp theo, b\u1ea1n \u0111o chi\u1ec1u r\u1ed9ng, chi\u1ec1u d\u00e0i tr\u00ean b\u00e0n \u0111\u00e1 ph\u00f9 h\u1ee3p v\u1edbi k\u00edch th\u01b0\u1edbc \u0111\u00e3 \u0111o lavabo t\u1eeb tr\u01b0\u1edbc<\/span><\/p>\n<p><span style=\"font-family: 'times new roman', times, serif; font-size: 14pt; color: #000000;\"><img loading=\"lazy\" decoding=\"async\" class=\"alignnone wp-image-2878 aligncenter\" src=\"https:\/\/tranthi.vn\/quangnam\/wp-content\/uploads\/2021\/02\/2f10c1f30249f117a858_optimized-1.jpg\" alt=\"lavabo-am-ban-tai-da-nang\" width=\"363\" height=\"242\" \/><\/span><\/p>\n<p><span style=\"font-family: 'times new roman', times, serif; font-size: 14pt; color: #000000;\">S\u1eed d\u1ee5ng ph\u1ea5n ho\u1eb7c b\u00fat ch\u00ec, b\u00fat d\u1ea1 \u0111\u1ec3 \u0111\u00e1nh d\u1ea5u theo khu\u00f4n m\u1eabu c\u1ee7a <strong><em>lavabo \u00e2m b\u00e0n<\/em><\/strong> \u0111\u00e1 b\u1ea1n chu\u1ea9n b\u1ecb l\u1eafp \u0111\u1eb7t\u00a0<\/span><\/p>\n<p><span style=\"font-family: 'times new roman', times, serif; font-size: 14pt; color: #000000;\">Cu\u1ed1i c\u00f9ng, d\u00f9ng m\u00e1y c\u1eaft \u0111\u00e1 \u0111\u1ec3 c\u1eaft theo khu\u00f4n \u0111\u00e3 l\u00e0m d\u1ea5u. Sau khi c\u1eaft xong h\u00e3y v\u1ec7 sinh ph\u1ea7n \u0111\u00e1 th\u1eadt s\u1ea1ch s\u1ebd b\u1eb1ng kh\u0103n ho\u1eb7c b\u1eb1ng n\u01b0\u1edbc.<\/span><\/p>\n<h3><span style=\"font-family: 'times new roman', times, serif; font-size: 14pt; color: #000000;\"><strong>B\u01b0\u1edbc 4: H\u01b0\u1edbng d\u1eabn l\u1eafp \u0111\u1eb7t lavabo \u00e2m l\u00ean m\u1eb7t b\u00e0n<\/strong><\/span><\/h3>\n<p style=\"text-align: center;\"><iframe loading=\"lazy\" src=\"\/\/www.youtube.com\/embed\/7_jnMCIe1rs\" width=\"560\" height=\"314\" allowfullscreen=\"allowfullscreen\" data-mce-fragment=\"1\"><\/iframe><\/p>\n<p><span style=\"color: #000000; font-family: 'times new roman', times, serif; font-size: 14pt;\">\u0110\u1eb7t Lavabo t\u1eeb t\u1eeb theo h\u01b0\u1edbng t\u1eeb tr\u00ean m\u1eb7t b\u00e0n xu\u1ed1ng. \u0110\u01b0a lavabo v\u00e0o trong ph\u1ea7n m\u1eb7t b\u00e0n \u0111\u00e1 v\u1eeba b\u1ecb c\u1eaft b\u1ecf.<\/span><\/p>\n<p><span style=\"font-family: 'times new roman', times, serif; font-size: 14pt; color: #000000;\">\u0110i\u1ec1u ch\u1ec9nh l\u00e0m sao cho lavabo kh\u00f4ng b\u1ecb g\u1ed3 gh\u1ec1, ph\u1ea3i n\u1eb1m y\u00ean tr\u00ean m\u1eb7t b\u00e0n, kh\u00f4ng b\u1ecb l\u1ecfng.<\/span><\/p>\n<figure id=\"attachment_19177\" class=\"wp-caption aligncenter\" style=\"width: 392px;\" aria-describedby=\"caption-attachment-19177\"><figcaption id=\"caption-attachment-19177\" class=\"wp-caption-text\"><img loading=\"lazy\" decoding=\"async\" class=\"alignnone size-full wp-image-2877\" src=\"https:\/\/tranthi.vn\/quangnam\/wp-content\/uploads\/2021\/02\/cachdatlavabo-1586687093.jpg\" alt=\"lavabo-am-ban-tai-da-nang\" width=\"600\" height=\"338\" \/><\/figcaption><\/figure>\n<h3><strong><span style=\"font-family: 'times new roman', times, serif; font-size: 14pt; color: #000000;\">B\u01b0\u1edbc 5: L\u1eafp \u0111\u1eb7t v\u00f2i Lavabo<\/span><\/strong><\/h3>\n<p><span style=\"font-family: 'times new roman', times, serif; font-size: 14pt; color: #000000;\">Ti\u1ebfp theo, b\u1ea1n l\u1eafp \u0111\u1eb7t v\u00f2i cho <em>Lavabo \u00e2m b\u00e0<\/em>n \u0111\u00e1, \u1edf lavabo s\u1ebd c\u00f3 s\u1eb5n l\u1ed7 cho b\u1ea1n l\u1eafp \u0111\u1eb7t. B\u1ea1n ch\u1ec9 c\u1ea7n l\u1ea5y v\u00f2i \u0111\u00e3 c\u00f3 s\u1eb5n, l\u1eafp \u0111\u1eb7t theo h\u01b0\u1edbng t\u1eeb tr\u00ean lavabo xuy\u00ean qua l\u1ed7 v\u00f2i l\u00e0 \u0111\u01b0\u1ee3c.\u00a0<\/span><\/p>\n<figure id=\"attachment_19178\" class=\"wp-caption aligncenter\" style=\"width: 370px;\" aria-describedby=\"caption-attachment-19178\"><figcaption id=\"caption-attachment-19178\" class=\"wp-caption-text\"><img loading=\"lazy\" decoding=\"async\" class=\"alignnone size-full wp-image-2876\" src=\"https:\/\/tranthi.vn\/quangnam\/wp-content\/uploads\/2021\/02\/lap-voi-lavabo.jpg\" alt=\"lavabo-am-ban-tai-da-nang\" width=\"600\" height=\"337\" \/><\/figcaption><\/figure>\n<h3><strong><span style=\"font-family: 'times new roman', times, serif; font-size: 14pt; color: #000000;\">B\u01b0\u1edbc 6: H\u01b0\u1edbng d\u1eabn l\u1eafp d\u00e2y c\u1ea5p n\u01b0\u1edbc v\u00e0 \u1ed1ng th\u1ea3i v\u00e0o v\u1ecb tr\u00ed \u1ed1ng ch\u1edd<\/span><\/strong><\/h3>\n<p><span style=\"font-family: 'times new roman', times, serif; font-size: 14pt; color: #000000;\">D\u00e2y c\u1ea5p n\u01b0\u1edbc s\u1ebd c\u00f3 hai \u0111\u1ea7u. M\u1ed9t \u0111\u1ea7u b\u1ea1n k\u1ebft n\u1ed1i v\u1edbi v\u1ecb tr\u00ed \u1ed1ng c\u1ea5p n\u01b0\u1edbc t\u1eeb ngu\u1ed3n n\u01b0\u1edbc ngo\u00e0i v\u00e0o, m\u1ed9t \u0111\u1ea7u k\u1ebft n\u1ed1i v\u1edbi v\u00f2i Lavabo.<\/span><\/p>\n<p style=\"text-align: center;\"><img loading=\"lazy\" decoding=\"async\" class=\"alignnone wp-image-2875\" src=\"https:\/\/tranthi.vn\/quangnam\/wp-content\/uploads\/2021\/02\/lap-duong-ong-lavabo.jpg\" alt=\"lavabo-am-ban-tai-da-nang\" width=\"329\" height=\"439\" \/><\/p>\n<p style=\"text-align: left;\"><span style=\"font-family: 'times new roman', times, serif; font-size: 14pt; color: #000000;\">\u1ed0ng th\u1ea3i n\u01b0\u1edbc c\u0169ng g\u1ed3m c\u00f3 hai \u0111\u1ea7u. M\u1ed9t \u0111\u1ea7u s\u1ebd n\u1ed1i v\u1edbi l\u1ed7 x\u1ea3 th\u1ea3i ngay gi\u1eefa l\u00f2ng \u0111\u00e1y c\u1ee7a lavabo \u00e2m b\u00e0n \u0111\u00e1, m\u1ed9t \u0111\u1ea7u n\u1ed1i v\u1edbi v\u1ecb tr\u00ed \u1ed1ng th\u1ea3i \u0111\u1ec3 th\u1ea3i n\u01b0\u1edbc ra ngo\u00e0i.<\/span><\/p>\n<h2 id=\"quy_t\u1eafc_an_to\u00e0n\"><strong><span style=\"font-family: 'times new roman', times, serif; font-size: 14pt; color: #ff0000;\">4. L\u01afU \u00dd KHI L\u1eaeP \u0110\u1eb6T LAVABO \u00c2M B\u00c0N<\/span><\/strong><\/h2>\n<p><span style=\"font-family: 'times new roman', times, serif; font-size: 14pt; color: #000000;\">\u2013 Ki\u1ec3m tra ngu\u1ed3n \u0111i\u1ec7n an to\u00e0n, c\u00e1ch ly v\u1edbi n\u01b0\u1edbc khi s\u1eed d\u1ee5ng \u1ed5 c\u1eafm \u0111i\u1ec7n, m\u00e1y khoan \u0111\u00e1.<\/span><\/p>\n<p><span style=\"font-family: 'times new roman', times, serif; font-size: 14pt; color: #000000;\">\u2013 Ki\u1ec3m tra to\u00e0n di\u1ec7n s\u1ea3n ph\u1ea9m lavabo \u00e2m b\u00e0n \u0111\u00e1 kh\u00f4ng b\u1ecb x\u01b0\u1edbc, n\u1ee9t hay b\u1ecb v\u1ee1.<\/span><\/p>\n<p><span style=\"font-family: 'times new roman', times, serif; font-size: 14pt; color: #000000;\">\u2013 Ki\u1ec3m tra c\u00e1c ph\u1ee5 ki\u1ec7n \u0111i k\u00e8m c\u00f3 b\u1ecb thi\u1ebfu, h\u01b0 h\u1ecfng, n\u1ee9t, v\u1ee1 g\u00ec kh\u00f4ng.<\/span><\/p>\n<p><span style=\"font-family: 'times new roman', times, serif; font-size: 14pt; color: #000000;\">\u2013 Kh\u00f4ng n\u00ean si\u1ebft qu\u00e1 ch\u1eb7t c\u00e1c m\u1ed1i n\u1ed1i v\u00ec nh\u01b0 v\u1eady s\u1ebd kh\u00f3 kh\u0103n khi th\u00e1o r\u1eddi \u0111\u1ec3 thay \u0111\u1ed5i ho\u1eb7c v\u1ec7 sinh ch\u00fang.<\/span><\/p>\n<p>&nbsp;<\/p>\n","protected":false},"excerpt":{"rendered":"<p><span style=\"font-family: 'times new roman', times, serif; font-size: 130%;\"><img decoding=\"async\" class=\"emoji\" draggable=\"false\" src=\"https:\/\/s.w.org\/images\/core\/emoji\/12.0.0-1\/svg\/1f61b.svg\" alt=\"\ud83d\ude1b\" \/><span style=\"color: #000000;\"> Giao h\u00e0ng trong \u0111\u1ecba b\u00e0n <a href=\"https:\/\/vi.wikipedia.org\/wiki\/H%C3%A0_T%C4%A9nh\">H\u00e0 T\u0129nh<\/a><\/span><\/span><\/p>\n<p><span style=\"font-family: 'times new roman', times, serif; font-size: 130%; color: #000000;\"><img decoding=\"async\" class=\"emoji\" draggable=\"false\" src=\"https:\/\/s.w.org\/images\/core\/emoji\/12.0.0-1\/svg\/1f61b.svg\" alt=\"\ud83d\ude1b\" \/> \u0110\u01a1n v\u1ecb t\u00ednh: C\u00e1i\u00a0<\/span><\/p>\n<p><span style=\"font-size: 130%; font-family: 'times new roman', times, serif;\"><span style=\"color: #000000;\"><img decoding=\"async\" class=\"emoji\" draggable=\"false\" src=\"https:\/\/s.w.org\/images\/core\/emoji\/12.0.0-1\/svg\/1f61b.svg\" alt=\"\ud83d\ude1b\" \/> K\u00edch th\u01b0\u1edbc: 360x360x170<\/span>mm<\/span><\/p>\n<p><span style=\"font-family: 'times new roman', times, serif; font-size: 130%; color: #000000;\"><img decoding=\"async\" class=\"emoji\" draggable=\"false\" src=\"https:\/\/s.w.org\/images\/core\/emoji\/12.0.0-1\/svg\/1f61b.svg\" alt=\"\ud83d\ude1b\" \/>\u00a0\u0110\u01a1n gi\u00e1:<strong><span style=\"color: #ff0000;\"> 650.000\u0111\/c\u00e1i<\/span><\/strong> <em><span style=\"color: #ff0000;\"><span style=\"color: #000000;\">( kh\u00f4ng k\u00e8m b\u1ed9 x\u1ea3 v\u00e0 v\u00f2i lavabo)<\/span><\/span><\/em><\/span><\/p>\n","protected":false},"featured_media":4020,"comment_status":"closed","ping_status":"closed","template":"","meta":[],"product_cat":[184,274],"product_tag":[],"class_list":{"0":"post-4019","1":"product","2":"type-product","3":"status-publish","4":"has-post-thumbnail","6":"product_cat-lavabo-gia-re-tai-da-nang","7":"product_cat-lavabo-trang-su-de-ban","9":"first","10":"instock","11":"sale","12":"shipping-taxable","13":"purchasable","14":"product-type-simple"},"yoast_head":"<!-- This site is optimized with the Yoast SEO Premium plugin v22.3 (Yoast SEO v22.8) - https:\/\/yoast.com\/wordpress\/plugins\/seo\/ -->\n<title>Lavabo \u00e2m b\u00e0n gi\u00e1 r\u1ebb t\u1ea1i H\u00e0 T\u0129nh- 0947335871<\/title>\n<meta name=\"description\" content=\"Tr\u1ea7n Th\u1ecb - chuy\u00ean cung c\u1ea5p Lavabo gi\u00e1 r\u1ebb t\u1ea1i H\u00e0 T\u0129nh, g\u1ed3m lavabo \u00e2m b\u00e0n, treo t\u01b0\u1eddng, \u0111\u1ec3 b\u00e0n m\u1eabu m\u00e3 sang tr\u1ecdng gi\u00e1 c\u1ea3 h\u1ee3p l\u00fd\" \/>\n<meta name=\"robots\" content=\"index, follow, max-snippet:-1, max-image-preview:large, max-video-preview:-1\" \/>\n<link rel=\"canonical\" href=\"https:\/\/tranthi.vn\/hatinh\/lavabo-am-ban-tai-ha-tinh\/\" \/>\n<meta property=\"og:locale\" content=\"vi_VN\" \/>\n<meta property=\"og:type\" content=\"article\" \/>\n<meta property=\"og:title\" content=\"Lavabo \u0111\u1ec3 b\u00e0n LB46-TL\" \/>\n<meta property=\"og:description\" content=\"Tr\u1ea7n Th\u1ecb - chuy\u00ean cung c\u1ea5p Lavabo gi\u00e1 r\u1ebb t\u1ea1i H\u00e0 T\u0129nh, g\u1ed3m lavabo \u00e2m b\u00e0n, treo t\u01b0\u1eddng, \u0111\u1ec3 b\u00e0n m\u1eabu m\u00e3 sang tr\u1ecdng gi\u00e1 c\u1ea3 h\u1ee3p l\u00fd\" \/>\n<meta property=\"og:url\" content=\"https:\/\/tranthi.vn\/hatinh\/lavabo-am-ban-tai-ha-tinh\/\" \/>\n<meta property=\"og:site_name\" content=\"V\u1eadt Li\u1ec7u X\u00e2y D\u1ef1ng Tr\u1ea7n Th\u1ecb Chi Nh\u00e1nh H\u00e0 T\u0129nh\" \/>\n<meta property=\"article:modified_time\" content=\"2024-07-30T08:12:26+00:00\" \/>\n<meta property=\"og:image\" content=\"https:\/\/tranthi.vn\/hatinh\/wp-content\/uploads\/2022\/05\/lavabo-su-dat-ban-tron-gia-re-da-nang_optimized.jpg\" \/>\n\t<meta property=\"og:image:width\" content=\"400\" \/>\n\t<meta property=\"og:image:height\" content=\"400\" \/>\n\t<meta property=\"og:image:type\" content=\"image\/jpeg\" \/>\n<meta name=\"twitter:card\" content=\"summary_large_image\" \/>\n<meta name=\"twitter:label1\" content=\"Gi\u00e1\" \/>\n\t<meta name=\"twitter:data1\" content=\"650,000&nbsp;&#8363;\" \/>\n\t<meta name=\"twitter:label2\" content=\"Kh\u1ea3 d\u1ee5ng\" \/>\n\t<meta name=\"twitter:data2\" content=\"Trong kho\" \/>\n<script type=\"application\/ld+json\" class=\"yoast-schema-graph\">{\"@context\":\"https:\/\/schema.org\",\"@graph\":[{\"@type\":[\"WebPage\",\"ItemPage\"],\"@id\":\"https:\/\/tranthi.vn\/hatinh\/lavabo-am-ban-tai-ha-tinh\/\",\"url\":\"https:\/\/tranthi.vn\/hatinh\/lavabo-am-ban-tai-ha-tinh\/\",\"name\":\"Lavabo \u00e2m b\u00e0n gi\u00e1 r\u1ebb t\u1ea1i H\u00e0 T\u0129nh- 0947335871\",\"isPartOf\":{\"@id\":\"https:\/\/tranthi.vn\/hatinh\/#website\"},\"primaryImageOfPage\":{\"@id\":\"https:\/\/tranthi.vn\/hatinh\/lavabo-am-ban-tai-ha-tinh\/#primaryimage\"},\"image\":{\"@id\":\"https:\/\/tranthi.vn\/hatinh\/lavabo-am-ban-tai-ha-tinh\/#primaryimage\"},\"thumbnailUrl\":\"https:\/\/tranthi.vn\/hatinh\/wp-content\/uploads\/2022\/05\/lavabo-su-dat-ban-tron-gia-re-da-nang_optimized.jpg\",\"datePublished\":\"2022-05-17T10:11:04+00:00\",\"dateModified\":\"2024-07-30T08:12:26+00:00\",\"description\":\"Tr\u1ea7n Th\u1ecb - chuy\u00ean cung c\u1ea5p Lavabo gi\u00e1 r\u1ebb t\u1ea1i H\u00e0 T\u0129nh, g\u1ed3m lavabo \u00e2m b\u00e0n, treo t\u01b0\u1eddng, \u0111\u1ec3 b\u00e0n m\u1eabu m\u00e3 sang tr\u1ecdng gi\u00e1 c\u1ea3 h\u1ee3p l\u00fd\",\"breadcrumb\":{\"@id\":\"https:\/\/tranthi.vn\/hatinh\/lavabo-am-ban-tai-ha-tinh\/#breadcrumb\"},\"inLanguage\":\"vi\",\"potentialAction\":[{\"@type\":\"ReadAction\",\"target\":[\"https:\/\/tranthi.vn\/hatinh\/lavabo-am-ban-tai-ha-tinh\/\"]}]},{\"@type\":\"ImageObject\",\"inLanguage\":\"vi\",\"@id\":\"https:\/\/tranthi.vn\/hatinh\/lavabo-am-ban-tai-ha-tinh\/#primaryimage\",\"url\":\"https:\/\/tranthi.vn\/hatinh\/wp-content\/uploads\/2022\/05\/lavabo-su-dat-ban-tron-gia-re-da-nang_optimized.jpg\",\"contentUrl\":\"https:\/\/tranthi.vn\/hatinh\/wp-content\/uploads\/2022\/05\/lavabo-su-dat-ban-tron-gia-re-da-nang_optimized.jpg\",\"width\":400,\"height\":400},{\"@type\":\"BreadcrumbList\",\"@id\":\"https:\/\/tranthi.vn\/hatinh\/lavabo-am-ban-tai-ha-tinh\/#breadcrumb\",\"itemListElement\":[{\"@type\":\"ListItem\",\"position\":1,\"name\":\"Trang ch\u1ee7\",\"item\":\"https:\/\/tranthi.vn\/hatinh\/\"},{\"@type\":\"ListItem\",\"position\":2,\"name\":\"Shop\",\"item\":\"https:\/\/tranthi.vn\/hatinh\/shop\/\"},{\"@type\":\"ListItem\",\"position\":3,\"name\":\"Lavabo \u0111\u1ec3 b\u00e0n LB46-TL\"}]},{\"@type\":\"WebSite\",\"@id\":\"https:\/\/tranthi.vn\/hatinh\/#website\",\"url\":\"https:\/\/tranthi.vn\/hatinh\/\",\"name\":\"V\u1eadt Li\u1ec7u X\u00e2y D\u1ef1ng Tr\u1ea7n Th\u1ecb Chi Nh\u00e1nh H\u00e0 T\u0129nh\",\"description\":\"V\u1eadt Li\u1ec7u X\u00e2y D\u1ef1ng - H\u00e0 T\u0129nh\",\"potentialAction\":[{\"@type\":\"SearchAction\",\"target\":{\"@type\":\"EntryPoint\",\"urlTemplate\":\"https:\/\/tranthi.vn\/hatinh\/?s={search_term_string}\"},\"query-input\":\"required name=search_term_string\"}],\"inLanguage\":\"vi\"},{\"@type\":\"ImageObject\",\"inLanguage\":\"vi\",\"@id\":\"https:\/\/tranthi.vn\/hatinh\/lavabo-am-ban-tai-ha-tinh\/#local-main-organization-logo\",\"url\":\"\",\"contentUrl\":\"\",\"caption\":\"V\u1eadt Li\u1ec7u X\u00e2y D\u1ef1ng Tr\u1ea7n Th\u1ecb Chi Nh\u00e1nh H\u00e0 T\u0129nh\"}]}<\/script>\n<meta property=\"product:price:amount\" content=\"650000\" \/>\n<meta property=\"product:price:currency\" content=\"VND\" \/>\n<meta property=\"og:availability\" content=\"instock\" \/>\n<meta property=\"product:availability\" content=\"instock\" \/>\n<meta property=\"product:condition\" content=\"new\" \/>\n<!-- \/ Yoast SEO Premium plugin. -->","yoast_head_json":{"title":"Lavabo \u00e2m b\u00e0n gi\u00e1 r\u1ebb t\u1ea1i H\u00e0 T\u0129nh- 0947335871","description":"Tr\u1ea7n Th\u1ecb - chuy\u00ean cung c\u1ea5p Lavabo gi\u00e1 r\u1ebb t\u1ea1i H\u00e0 T\u0129nh, g\u1ed3m lavabo \u00e2m b\u00e0n, treo t\u01b0\u1eddng, \u0111\u1ec3 b\u00e0n m\u1eabu m\u00e3 sang tr\u1ecdng gi\u00e1 c\u1ea3 h\u1ee3p l\u00fd","robots":{"index":"index","follow":"follow","max-snippet":"max-snippet:-1","max-image-preview":"max-image-preview:large","max-video-preview":"max-video-preview:-1"},"canonical":"https:\/\/tranthi.vn\/hatinh\/lavabo-am-ban-tai-ha-tinh\/","og_locale":"vi_VN","og_type":"article","og_title":"Lavabo \u0111\u1ec3 b\u00e0n LB46-TL","og_description":"Tr\u1ea7n Th\u1ecb - chuy\u00ean cung c\u1ea5p Lavabo gi\u00e1 r\u1ebb t\u1ea1i H\u00e0 T\u0129nh, g\u1ed3m lavabo \u00e2m b\u00e0n, treo t\u01b0\u1eddng, \u0111\u1ec3 b\u00e0n m\u1eabu m\u00e3 sang tr\u1ecdng gi\u00e1 c\u1ea3 h\u1ee3p l\u00fd","og_url":"https:\/\/tranthi.vn\/hatinh\/lavabo-am-ban-tai-ha-tinh\/","og_site_name":"V\u1eadt Li\u1ec7u X\u00e2y D\u1ef1ng Tr\u1ea7n Th\u1ecb Chi Nh\u00e1nh H\u00e0 T\u0129nh","article_modified_time":"2024-07-30T08:12:26+00:00","og_image":[{"width":400,"height":400,"url":"https:\/\/tranthi.vn\/hatinh\/wp-content\/uploads\/2022\/05\/lavabo-su-dat-ban-tron-gia-re-da-nang_optimized.jpg","type":"image\/jpeg"}],"twitter_card":"summary_large_image","twitter_misc":{"Gi\u00e1":"650,000&nbsp;&#8363;","Kh\u1ea3 d\u1ee5ng":"Trong kho"},"schema":{"@context":"https:\/\/schema.org","@graph":[{"@type":["WebPage","ItemPage"],"@id":"https:\/\/tranthi.vn\/hatinh\/lavabo-am-ban-tai-ha-tinh\/","url":"https:\/\/tranthi.vn\/hatinh\/lavabo-am-ban-tai-ha-tinh\/","name":"Lavabo \u00e2m b\u00e0n gi\u00e1 r\u1ebb t\u1ea1i H\u00e0 T\u0129nh- 0947335871","isPartOf":{"@id":"https:\/\/tranthi.vn\/hatinh\/#website"},"primaryImageOfPage":{"@id":"https:\/\/tranthi.vn\/hatinh\/lavabo-am-ban-tai-ha-tinh\/#primaryimage"},"image":{"@id":"https:\/\/tranthi.vn\/hatinh\/lavabo-am-ban-tai-ha-tinh\/#primaryimage"},"thumbnailUrl":"https:\/\/tranthi.vn\/hatinh\/wp-content\/uploads\/2022\/05\/lavabo-su-dat-ban-tron-gia-re-da-nang_optimized.jpg","datePublished":"2022-05-17T10:11:04+00:00","dateModified":"2024-07-30T08:12:26+00:00","description":"Tr\u1ea7n Th\u1ecb - chuy\u00ean cung c\u1ea5p Lavabo gi\u00e1 r\u1ebb t\u1ea1i H\u00e0 T\u0129nh, g\u1ed3m lavabo \u00e2m b\u00e0n, treo t\u01b0\u1eddng, \u0111\u1ec3 b\u00e0n m\u1eabu m\u00e3 sang tr\u1ecdng gi\u00e1 c\u1ea3 h\u1ee3p l\u00fd","breadcrumb":{"@id":"https:\/\/tranthi.vn\/hatinh\/lavabo-am-ban-tai-ha-tinh\/#breadcrumb"},"inLanguage":"vi","potentialAction":[{"@type":"ReadAction","target":["https:\/\/tranthi.vn\/hatinh\/lavabo-am-ban-tai-ha-tinh\/"]}]},{"@type":"ImageObject","inLanguage":"vi","@id":"https:\/\/tranthi.vn\/hatinh\/lavabo-am-ban-tai-ha-tinh\/#primaryimage","url":"https:\/\/tranthi.vn\/hatinh\/wp-content\/uploads\/2022\/05\/lavabo-su-dat-ban-tron-gia-re-da-nang_optimized.jpg","contentUrl":"https:\/\/tranthi.vn\/hatinh\/wp-content\/uploads\/2022\/05\/lavabo-su-dat-ban-tron-gia-re-da-nang_optimized.jpg","width":400,"height":400},{"@type":"BreadcrumbList","@id":"https:\/\/tranthi.vn\/hatinh\/lavabo-am-ban-tai-ha-tinh\/#breadcrumb","itemListElement":[{"@type":"ListItem","position":1,"name":"Trang ch\u1ee7","item":"https:\/\/tranthi.vn\/hatinh\/"},{"@type":"ListItem","position":2,"name":"Shop","item":"https:\/\/tranthi.vn\/hatinh\/shop\/"},{"@type":"ListItem","position":3,"name":"Lavabo \u0111\u1ec3 b\u00e0n LB46-TL"}]},{"@type":"WebSite","@id":"https:\/\/tranthi.vn\/hatinh\/#website","url":"https:\/\/tranthi.vn\/hatinh\/","name":"V\u1eadt Li\u1ec7u X\u00e2y D\u1ef1ng Tr\u1ea7n Th\u1ecb Chi Nh\u00e1nh H\u00e0 T\u0129nh","description":"V\u1eadt Li\u1ec7u X\u00e2y D\u1ef1ng - H\u00e0 T\u0129nh","potentialAction":[{"@type":"SearchAction","target":{"@type":"EntryPoint","urlTemplate":"https:\/\/tranthi.vn\/hatinh\/?s={search_term_string}"},"query-input":"required name=search_term_string"}],"inLanguage":"vi"},{"@type":"ImageObject","inLanguage":"vi","@id":"https:\/\/tranthi.vn\/hatinh\/lavabo-am-ban-tai-ha-tinh\/#local-main-organization-logo","url":"","contentUrl":"","caption":"V\u1eadt Li\u1ec7u X\u00e2y D\u1ef1ng Tr\u1ea7n Th\u1ecb Chi Nh\u00e1nh H\u00e0 T\u0129nh"}]},"product_price_amount":"650000","product_price_currency":"VND","og_availability":"instock","product_availability":"instock","product_condition":"new"},"_links":{"self":[{"href":"https:\/\/tranthi.vn\/hatinh\/wp-json\/wp\/v2\/product\/4019","targetHints":{"allow":["GET"]}}],"collection":[{"href":"https:\/\/tranthi.vn\/hatinh\/wp-json\/wp\/v2\/product"}],"about":[{"href":"https:\/\/tranthi.vn\/hatinh\/wp-json\/wp\/v2\/types\/product"}],"replies":[{"embeddable":true,"href":"https:\/\/tranthi.vn\/hatinh\/wp-json\/wp\/v2\/comments?post=4019"}],"wp:featuredmedia":[{"embeddable":true,"href":"https:\/\/tranthi.vn\/hatinh\/wp-json\/wp\/v2\/media\/4020"}],"wp:attachment":[{"href":"https:\/\/tranthi.vn\/hatinh\/wp-json\/wp\/v2\/media?parent=4019"}],"wp:term":[{"taxonomy":"product_cat","embeddable":true,"href":"https:\/\/tranthi.vn\/hatinh\/wp-json\/wp\/v2\/product_cat?post=4019"},{"taxonomy":"product_tag","embeddable":true,"href":"https:\/\/tranthi.vn\/hatinh\/wp-json\/wp\/v2\/product_tag?post=4019"}],"curies":[{"name":"wp","href":"https:\/\/api.w.org\/{rel}","templated":true}]}}