{"id":3653,"date":"2021-10-14T15:20:51","date_gmt":"2021-10-14T08:20:51","guid":{"rendered":"https:\/\/tranthi.vn\/quangnam\/?post_type=product&#038;p=3653"},"modified":"2024-04-06T10:10:54","modified_gmt":"2024-04-06T03:10:54","slug":"chau-vuong-inox-304","status":"publish","type":"product","link":"https:\/\/tranthi.vn\/hatinh\/chau-vuong-inox-304\/","title":{"rendered":"CRC-8245-T\u0110P"},"content":{"rendered":"<p><span style=\"font-family: 'times new roman', times, serif; font-size: 130%; color: #ff0000;\"><strong>CH\u1eacU R\u1eecA CH\u00c9N 2 H\u1ed8C VU\u00d4NG &#8211; INOX 304<\/strong><\/span><\/p>\n<p><span style=\"font-family: 'times new roman', times, serif; font-size: 130%; color: #000000;\"><strong>TH\u00d4NG TIN S\u1ea2N PH\u1ea8M<\/strong><\/span><\/p>\n<p><span style=\"font-family: 'times new roman', times, serif; font-size: 130%; color: #000000;\">\u2013 K\u00edch th\u01b0\u1edbc: D820x R450 x S220 mm<\/span><\/p>\n<p><span style=\"font-family: 'times new roman', times, serif; font-size: 130%; color: #000000;\">\u2013 Ch\u1ea5t li\u1ec7u : inox 304<\/span><\/p>\n<p><span style=\"font-family: 'times new roman', times, serif; font-size: 130%; color: #000000;\">\u2013 Ch\u1ea5t li\u1ec7u inox SUS304 d\u00e0y 1.2mm, m\u1eb7t ch\u1eadu d\u00e0y 3mm, s\u00e2u, ch\u1ed1ng \u1ed3n 4 m\u1eb7t.<\/span><\/p>\n<p><span style=\"font-family: 'times new roman', times, serif; font-size: 130%; color: #000000;\">\u2013 Bao g\u1ed3m: Ch\u1eadu, b\u1ed9 x\u1ea3 tho\u00e1t n\u01b0\u1edbc v\u00e0 khay \u0111\u1ef1ng hoa qu\u1ea3.<\/span><\/p>\n<p><span style=\"font-family: 'times new roman', times, serif; font-size: 130%; color: #000000;\">_ C\u00f3 l\u1ed7 tho\u00e1t ch\u1ed1ng tr\u00e0n<\/span><\/p>\n<div id='gallery-1' class='gallery galleryid-3653 gallery-columns-2 gallery-size-large'><figure class='gallery-item'>\n\t\t\t<div class='gallery-icon landscape'>\n\t\t\t\t<a href='https:\/\/tranthi.vn\/hatinh\/?attachment_id=4537#main'><img loading=\"lazy\" decoding=\"async\" width=\"500\" height=\"400\" src=\"https:\/\/tranthi.vn\/hatinh\/wp-content\/uploads\/2021\/10\/chau-rua-chen-2-hoc-vuong-inox-304-da-nang_optimized.jpg\" class=\"attachment-large size-large\" alt=\"\" \/><\/a>\n\t\t\t<\/div><\/figure><figure class='gallery-item'>\n\t\t\t<div class='gallery-icon portrait'>\n\t\t\t\t<a href='https:\/\/tranthi.vn\/hatinh\/?attachment_id=4538#main'><img loading=\"lazy\" decoding=\"async\" width=\"400\" height=\"550\" src=\"https:\/\/tranthi.vn\/hatinh\/wp-content\/uploads\/2021\/10\/chau-rua-chen-2-hoc-vuong-tai-da-nang_optimized.jpg\" class=\"attachment-large size-large\" alt=\"\" \/><\/a>\n\t\t\t<\/div><\/figure>\n\t\t<\/div>\n\n","protected":false},"excerpt":{"rendered":"<p><span style=\"font-family: 'times new roman', times, serif; font-size: 130%; color: #000000;\">\ud83e\udd70\u0110\u01a1n v\u1ecb t\u00ednh: C\u00e1i<\/span><\/p>\n<p><span style=\"font-family: 'times new roman', times, serif; font-size: 130%; color: #000000;\">\ud83e\udd70K\u00edch th\u01b0\u1edbc: 82<\/span><span style=\"font-family: 'times new roman', times, serif; font-size: 130%;\">x45cm<\/span><\/p>\n<p><span style=\"font-family: 'times new roman', times, serif; font-size: 130%;\">\ud83e\udd70\u0110\u01a1n gi\u00e1:<\/span><\/p>\n<ul>\n<li><span style=\"font-family: 'times new roman', times, serif; font-size: 130%; color: #000000;\">Ch\u1ea5t li\u1ec7u inox 304: gi\u00e1 :<span style=\"color: #ff0000;\"><strong> 1.280.000\u0111\/c\u00e1i<\/strong><\/span><\/span><\/li>\n<li><span style=\"font-family: 'times new roman', times, serif; font-size: 130%;\">Ch\u1ea5t li\u1ec7u inox 201: gi\u00e1 :<span style=\"color: #ff0000;\"><strong> 850.000\u0111\/c\u00e1i<\/strong><\/span><\/span><\/li>\n<\/ul>\n<p><span style=\"font-family: 'times new roman', times, serif; font-size: 130%;\"><em><span style=\"color: #0000ff;\">\u00a0Giao h\u00e0ng trong \u0111\u1ecba b\u00e0n\u00a0<a style=\"color: #0000ff;\" href=\"https:\/\/fr.wikipedia.org\/wiki\/Da_Nang\"><strong>\u0110\u00e0 N\u1eb5ng<\/strong><\/a><\/span><\/em><\/span><\/p>\n","protected":false},"featured_media":5424,"comment_status":"closed","ping_status":"closed","template":"","meta":[],"product_cat":[268,266],"product_tag":[],"class_list":{"0":"post-3653","1":"product","2":"type-product","3":"status-publish","4":"has-post-thumbnail","6":"product_cat-chau-rua-chen","7":"product_cat-thiet-bi-nha-bep","9":"first","10":"instock","11":"sale","12":"shipping-taxable","13":"purchasable","14":"product-type-simple"},"yoast_head":"<!-- This site is optimized with the Yoast SEO Premium plugin v22.3 (Yoast SEO v22.8) - https:\/\/yoast.com\/wordpress\/plugins\/seo\/ -->\n<title>CRC-8245-T\u0110P - V\u1eadt Li\u1ec7u X\u00e2y D\u1ef1ng Tr\u1ea7n Th\u1ecb Chi Nh\u00e1nh H\u00e0 T\u0129nh<\/title>\n<meta name=\"robots\" content=\"index, follow, max-snippet:-1, max-image-preview:large, max-video-preview:-1\" \/>\n<link rel=\"canonical\" href=\"https:\/\/tranthi.vn\/hatinh\/chau-vuong-inox-304\/\" \/>\n<meta property=\"og:locale\" content=\"vi_VN\" \/>\n<meta property=\"og:type\" content=\"article\" \/>\n<meta property=\"og:title\" content=\"CRC-8245-T\u0110P\" \/>\n<meta property=\"og:description\" content=\"\ud83e\udd70\u0110\u01a1n v\u1ecb t\u00ednh: C\u00e1i  \ud83e\udd70K\u00edch th\u01b0\u1edbc: 82x45cm  \ud83e\udd70\u0110\u01a1n gi\u00e1:   Ch\u1ea5t li\u1ec7u inox 304: gi\u00e1 : 1.280.000\u0111\/c\u00e1i  Ch\u1ea5t li\u1ec7u inox 201: gi\u00e1 : 850.000\u0111\/c\u00e1i  \u00a0Giao h\u00e0ng trong \u0111\u1ecba b\u00e0n\u00a0\u0110\u00e0 N\u1eb5ng\" \/>\n<meta property=\"og:url\" content=\"https:\/\/tranthi.vn\/hatinh\/chau-vuong-inox-304\/\" \/>\n<meta property=\"og:site_name\" content=\"V\u1eadt Li\u1ec7u X\u00e2y D\u1ef1ng Tr\u1ea7n Th\u1ecb Chi Nh\u00e1nh H\u00e0 T\u0129nh\" \/>\n<meta property=\"article:modified_time\" content=\"2024-04-06T03:10:54+00:00\" \/>\n<meta property=\"og:image\" content=\"https:\/\/tranthi.vn\/hatinh\/wp-content\/uploads\/2021\/10\/chau-rua-chen-inox-201-gia-re-tai-da-nang.jpg\" \/>\n\t<meta property=\"og:image:width\" content=\"400\" \/>\n\t<meta property=\"og:image:height\" content=\"350\" \/>\n\t<meta property=\"og:image:type\" content=\"image\/jpeg\" \/>\n<meta name=\"twitter:card\" content=\"summary_large_image\" \/>\n<meta name=\"twitter:label1\" content=\"Gi\u00e1\" \/>\n\t<meta name=\"twitter:data1\" content=\"850,000&nbsp;&#8363;\" \/>\n\t<meta name=\"twitter:label2\" content=\"Kh\u1ea3 d\u1ee5ng\" \/>\n\t<meta name=\"twitter:data2\" content=\"Trong kho\" \/>\n<script type=\"application\/ld+json\" class=\"yoast-schema-graph\">{\"@context\":\"https:\/\/schema.org\",\"@graph\":[{\"@type\":[\"WebPage\",\"ItemPage\"],\"@id\":\"https:\/\/tranthi.vn\/hatinh\/chau-vuong-inox-304\/\",\"url\":\"https:\/\/tranthi.vn\/hatinh\/chau-vuong-inox-304\/\",\"name\":\"CRC-8245-T\u0110P - V\u1eadt Li\u1ec7u X\u00e2y D\u1ef1ng Tr\u1ea7n Th\u1ecb Chi Nh\u00e1nh H\u00e0 T\u0129nh\",\"isPartOf\":{\"@id\":\"https:\/\/tranthi.vn\/hatinh\/#website\"},\"primaryImageOfPage\":{\"@id\":\"https:\/\/tranthi.vn\/hatinh\/chau-vuong-inox-304\/#primaryimage\"},\"image\":{\"@id\":\"https:\/\/tranthi.vn\/hatinh\/chau-vuong-inox-304\/#primaryimage\"},\"thumbnailUrl\":\"https:\/\/tranthi.vn\/hatinh\/wp-content\/uploads\/2021\/10\/chau-rua-chen-inox-201-gia-re-tai-da-nang.jpg\",\"datePublished\":\"2021-10-14T08:20:51+00:00\",\"dateModified\":\"2024-04-06T03:10:54+00:00\",\"breadcrumb\":{\"@id\":\"https:\/\/tranthi.vn\/hatinh\/chau-vuong-inox-304\/#breadcrumb\"},\"inLanguage\":\"vi\",\"potentialAction\":[{\"@type\":\"ReadAction\",\"target\":[\"https:\/\/tranthi.vn\/hatinh\/chau-vuong-inox-304\/\"]}]},{\"@type\":\"ImageObject\",\"inLanguage\":\"vi\",\"@id\":\"https:\/\/tranthi.vn\/hatinh\/chau-vuong-inox-304\/#primaryimage\",\"url\":\"https:\/\/tranthi.vn\/hatinh\/wp-content\/uploads\/2021\/10\/chau-rua-chen-inox-201-gia-re-tai-da-nang.jpg\",\"contentUrl\":\"https:\/\/tranthi.vn\/hatinh\/wp-content\/uploads\/2021\/10\/chau-rua-chen-inox-201-gia-re-tai-da-nang.jpg\",\"width\":400,\"height\":350,\"caption\":\"ch\u1eadu-r\u1eeda-ch\u00e9n-inox-201-gi\u00e1-r\u1ebb-t\u1ea1i-\u0111\u00e0-n\u1eb5ng\"},{\"@type\":\"BreadcrumbList\",\"@id\":\"https:\/\/tranthi.vn\/hatinh\/chau-vuong-inox-304\/#breadcrumb\",\"itemListElement\":[{\"@type\":\"ListItem\",\"position\":1,\"name\":\"Trang ch\u1ee7\",\"item\":\"https:\/\/tranthi.vn\/hatinh\/\"},{\"@type\":\"ListItem\",\"position\":2,\"name\":\"Shop\",\"item\":\"https:\/\/tranthi.vn\/hatinh\/shop\/\"},{\"@type\":\"ListItem\",\"position\":3,\"name\":\"CRC-8245-T\u0110P\"}]},{\"@type\":\"WebSite\",\"@id\":\"https:\/\/tranthi.vn\/hatinh\/#website\",\"url\":\"https:\/\/tranthi.vn\/hatinh\/\",\"name\":\"V\u1eadt Li\u1ec7u X\u00e2y D\u1ef1ng Tr\u1ea7n Th\u1ecb Chi Nh\u00e1nh H\u00e0 T\u0129nh\",\"description\":\"V\u1eadt Li\u1ec7u X\u00e2y D\u1ef1ng - H\u00e0 T\u0129nh\",\"potentialAction\":[{\"@type\":\"SearchAction\",\"target\":{\"@type\":\"EntryPoint\",\"urlTemplate\":\"https:\/\/tranthi.vn\/hatinh\/?s={search_term_string}\"},\"query-input\":\"required name=search_term_string\"}],\"inLanguage\":\"vi\"},{\"@type\":\"ImageObject\",\"inLanguage\":\"vi\",\"@id\":\"https:\/\/tranthi.vn\/hatinh\/chau-vuong-inox-304\/#local-main-organization-logo\",\"url\":\"\",\"contentUrl\":\"\",\"caption\":\"V\u1eadt Li\u1ec7u X\u00e2y D\u1ef1ng Tr\u1ea7n Th\u1ecb Chi Nh\u00e1nh H\u00e0 T\u0129nh\"}]}<\/script>\n<meta property=\"product:price:amount\" content=\"850000\" \/>\n<meta property=\"product:price:currency\" content=\"VND\" \/>\n<meta property=\"og:availability\" content=\"instock\" \/>\n<meta property=\"product:availability\" content=\"instock\" \/>\n<meta property=\"product:condition\" content=\"new\" \/>\n<!-- \/ Yoast SEO Premium plugin. -->","yoast_head_json":{"title":"CRC-8245-T\u0110P - V\u1eadt Li\u1ec7u X\u00e2y D\u1ef1ng Tr\u1ea7n Th\u1ecb Chi Nh\u00e1nh H\u00e0 T\u0129nh","robots":{"index":"index","follow":"follow","max-snippet":"max-snippet:-1","max-image-preview":"max-image-preview:large","max-video-preview":"max-video-preview:-1"},"canonical":"https:\/\/tranthi.vn\/hatinh\/chau-vuong-inox-304\/","og_locale":"vi_VN","og_type":"article","og_title":"CRC-8245-T\u0110P","og_description":"\ud83e\udd70\u0110\u01a1n v\u1ecb t\u00ednh: C\u00e1i  \ud83e\udd70K\u00edch th\u01b0\u1edbc: 82x45cm  \ud83e\udd70\u0110\u01a1n gi\u00e1:   Ch\u1ea5t li\u1ec7u inox 304: gi\u00e1 : 1.280.000\u0111\/c\u00e1i  Ch\u1ea5t li\u1ec7u inox 201: gi\u00e1 : 850.000\u0111\/c\u00e1i  \u00a0Giao h\u00e0ng trong \u0111\u1ecba b\u00e0n\u00a0\u0110\u00e0 N\u1eb5ng","og_url":"https:\/\/tranthi.vn\/hatinh\/chau-vuong-inox-304\/","og_site_name":"V\u1eadt Li\u1ec7u X\u00e2y D\u1ef1ng Tr\u1ea7n Th\u1ecb Chi Nh\u00e1nh H\u00e0 T\u0129nh","article_modified_time":"2024-04-06T03:10:54+00:00","og_image":[{"width":400,"height":350,"url":"https:\/\/tranthi.vn\/hatinh\/wp-content\/uploads\/2021\/10\/chau-rua-chen-inox-201-gia-re-tai-da-nang.jpg","type":"image\/jpeg"}],"twitter_card":"summary_large_image","twitter_misc":{"Gi\u00e1":"850,000&nbsp;&#8363;","Kh\u1ea3 d\u1ee5ng":"Trong kho"},"schema":{"@context":"https:\/\/schema.org","@graph":[{"@type":["WebPage","ItemPage"],"@id":"https:\/\/tranthi.vn\/hatinh\/chau-vuong-inox-304\/","url":"https:\/\/tranthi.vn\/hatinh\/chau-vuong-inox-304\/","name":"CRC-8245-T\u0110P - V\u1eadt Li\u1ec7u X\u00e2y D\u1ef1ng Tr\u1ea7n Th\u1ecb Chi Nh\u00e1nh H\u00e0 T\u0129nh","isPartOf":{"@id":"https:\/\/tranthi.vn\/hatinh\/#website"},"primaryImageOfPage":{"@id":"https:\/\/tranthi.vn\/hatinh\/chau-vuong-inox-304\/#primaryimage"},"image":{"@id":"https:\/\/tranthi.vn\/hatinh\/chau-vuong-inox-304\/#primaryimage"},"thumbnailUrl":"https:\/\/tranthi.vn\/hatinh\/wp-content\/uploads\/2021\/10\/chau-rua-chen-inox-201-gia-re-tai-da-nang.jpg","datePublished":"2021-10-14T08:20:51+00:00","dateModified":"2024-04-06T03:10:54+00:00","breadcrumb":{"@id":"https:\/\/tranthi.vn\/hatinh\/chau-vuong-inox-304\/#breadcrumb"},"inLanguage":"vi","potentialAction":[{"@type":"ReadAction","target":["https:\/\/tranthi.vn\/hatinh\/chau-vuong-inox-304\/"]}]},{"@type":"ImageObject","inLanguage":"vi","@id":"https:\/\/tranthi.vn\/hatinh\/chau-vuong-inox-304\/#primaryimage","url":"https:\/\/tranthi.vn\/hatinh\/wp-content\/uploads\/2021\/10\/chau-rua-chen-inox-201-gia-re-tai-da-nang.jpg","contentUrl":"https:\/\/tranthi.vn\/hatinh\/wp-content\/uploads\/2021\/10\/chau-rua-chen-inox-201-gia-re-tai-da-nang.jpg","width":400,"height":350,"caption":"ch\u1eadu-r\u1eeda-ch\u00e9n-inox-201-gi\u00e1-r\u1ebb-t\u1ea1i-\u0111\u00e0-n\u1eb5ng"},{"@type":"BreadcrumbList","@id":"https:\/\/tranthi.vn\/hatinh\/chau-vuong-inox-304\/#breadcrumb","itemListElement":[{"@type":"ListItem","position":1,"name":"Trang ch\u1ee7","item":"https:\/\/tranthi.vn\/hatinh\/"},{"@type":"ListItem","position":2,"name":"Shop","item":"https:\/\/tranthi.vn\/hatinh\/shop\/"},{"@type":"ListItem","position":3,"name":"CRC-8245-T\u0110P"}]},{"@type":"WebSite","@id":"https:\/\/tranthi.vn\/hatinh\/#website","url":"https:\/\/tranthi.vn\/hatinh\/","name":"V\u1eadt Li\u1ec7u X\u00e2y D\u1ef1ng Tr\u1ea7n Th\u1ecb Chi Nh\u00e1nh H\u00e0 T\u0129nh","description":"V\u1eadt Li\u1ec7u X\u00e2y D\u1ef1ng - H\u00e0 T\u0129nh","potentialAction":[{"@type":"SearchAction","target":{"@type":"EntryPoint","urlTemplate":"https:\/\/tranthi.vn\/hatinh\/?s={search_term_string}"},"query-input":"required name=search_term_string"}],"inLanguage":"vi"},{"@type":"ImageObject","inLanguage":"vi","@id":"https:\/\/tranthi.vn\/hatinh\/chau-vuong-inox-304\/#local-main-organization-logo","url":"","contentUrl":"","caption":"V\u1eadt Li\u1ec7u X\u00e2y D\u1ef1ng Tr\u1ea7n Th\u1ecb Chi Nh\u00e1nh H\u00e0 T\u0129nh"}]},"product_price_amount":"850000","product_price_currency":"VND","og_availability":"instock","product_availability":"instock","product_condition":"new"},"_links":{"self":[{"href":"https:\/\/tranthi.vn\/hatinh\/wp-json\/wp\/v2\/product\/3653","targetHints":{"allow":["GET"]}}],"collection":[{"href":"https:\/\/tranthi.vn\/hatinh\/wp-json\/wp\/v2\/product"}],"about":[{"href":"https:\/\/tranthi.vn\/hatinh\/wp-json\/wp\/v2\/types\/product"}],"replies":[{"embeddable":true,"href":"https:\/\/tranthi.vn\/hatinh\/wp-json\/wp\/v2\/comments?post=3653"}],"wp:featuredmedia":[{"embeddable":true,"href":"https:\/\/tranthi.vn\/hatinh\/wp-json\/wp\/v2\/media\/5424"}],"wp:attachment":[{"href":"https:\/\/tranthi.vn\/hatinh\/wp-json\/wp\/v2\/media?parent=3653"}],"wp:term":[{"taxonomy":"product_cat","embeddable":true,"href":"https:\/\/tranthi.vn\/hatinh\/wp-json\/wp\/v2\/product_cat?post=3653"},{"taxonomy":"product_tag","embeddable":true,"href":"https:\/\/tranthi.vn\/hatinh\/wp-json\/wp\/v2\/product_tag?post=3653"}],"curies":[{"name":"wp","href":"https:\/\/api.w.org\/{rel}","templated":true}]}}