{"id":3242,"date":"2021-06-11T10:13:41","date_gmt":"2021-06-11T03:13:41","guid":{"rendered":"https:\/\/tranthi.vn\/quangnam\/?post_type=product&#038;p=3242"},"modified":"2024-07-29T16:48:42","modified_gmt":"2024-07-29T09:48:42","slug":"gach-luc-giac-mau-trang-ha-tinh","status":"publish","type":"product","link":"https:\/\/tranthi.vn\/hatinh\/gach-luc-giac-mau-trang-ha-tinh\/","title":{"rendered":"LD Tr\u1eafng"},"content":{"rendered":"<h1 style=\"text-align: center;\"><span style=\"font-family: 'times new roman', times, serif; font-size: 130%;\">G\u1ea1ch l\u1ee5c gi\u00e1c \u1edf <a href=\"https:\/\/vi.wikipedia.org\/wiki\/H%C3%A0_T%C4%A9nh\">H\u00e0 T\u0129nh<\/a><\/span><\/h1>\n<h1><strong><span style=\"font-family: 'times new roman', times, serif; font-size: 120%;\">G\u1ea1ch L\u1ee5c Gi\u00e1c &#8211; S\u1ef1 L\u1ef1a Ch\u1ecdn \u0110\u1ed9c \u0110\u00e1o Cho Kh\u00f4ng Gian S\u1ed1ng<\/span><\/strong><\/h1>\n<h3><span style=\"font-family: 'times new roman', times, serif; font-size: 120%;\">G\u1ea1ch l\u1ee5c gi\u00e1c \u0111ang tr\u1edf th\u00e0nh m\u1ed9t xu h\u01b0\u1edbng thi\u1ebft k\u1ebf n\u1ed5i b\u1eadt trong c\u00e1c d\u1ef1 \u00e1n x\u00e2y d\u1ef1ng v\u00e0 c\u1ea3i t\u1ea1o kh\u00f4ng gian t\u1ea1i H\u00e0 T\u0129nh. V\u1edbi h\u00ecnh d\u00e1ng \u0111\u1eb7c tr\u01b0ng v\u00e0 kh\u1ea3 n\u0103ng t\u1ea1o ra c\u00e1c m\u1eabu m\u00e3 \u0111\u1ed9c \u0111\u00e1o, g\u1ea1ch l\u1ee5c gi\u00e1c mang \u0111\u1ebfn s\u1ef1 m\u1edbi m\u1ebb v\u00e0 phong c\u00e1ch cho c\u00e1c kh\u00f4ng gian n\u1ed9i th\u1ea5t v\u00e0 ngo\u1ea1i th\u1ea5t.\u00a0<\/span><\/h3>\n<h1><strong><span style=\"font-family: 'times new roman', times, serif; font-size: 120%;\">1. Gi\u1edbi Thi\u1ec7u V\u1ec1 G\u1ea1ch L\u1ee5c Gi\u00e1c<\/span><\/strong><\/h1>\n<h3><span style=\"font-family: 'times new roman', times, serif; font-size: 120%;\">G\u1ea1ch l\u1ee5c gi\u00e1c l\u00e0 lo\u1ea1i g\u1ea1ch c\u00f3 h\u00ecnh d\u1ea1ng gi\u1ed1ng nh\u01b0 h\u00ecnh l\u1ee5c gi\u00e1c, v\u1edbi s\u00e1u c\u1ea1nh b\u1eb1ng nhau t\u1ea1o n\u00ean m\u1ed9t c\u1ea5u tr\u00fac h\u00ecnh h\u1ecdc \u0111\u1ed9c \u0111\u00e1o. Lo\u1ea1i g\u1ea1ch n\u00e0y th\u01b0\u1eddng \u0111\u01b0\u1ee3c l\u00e0m t\u1eeb c\u00e1c ch\u1ea5t li\u1ec7u nh\u01b0 g\u1ed1m s\u1ee9, \u0111\u00e1 t\u1ef1 nhi\u00ean, ho\u1eb7c b\u00ea t\u00f4ng, v\u00e0 \u0111\u01b0\u1ee3c \u1ee9ng d\u1ee5ng r\u1ed9ng r\u00e3i trong thi\u1ebft k\u1ebf s\u00e0n nh\u00e0, t\u01b0\u1eddng, v\u00e0 c\u00e1c khu v\u1ef1c ngo\u1ea1i th\u1ea5t. G\u1ea1ch l\u1ee5c gi\u00e1c kh\u00f4ng ch\u1ec9 t\u1ea1o ra nh\u1eefng m\u1eabu m\u00e3 \u0111\u1eb9p m\u1eaft m\u00e0 c\u00f2n gi\u00fap t\u0103ng c\u01b0\u1eddng t\u00ednh th\u1ea9m m\u1ef9 v\u00e0 phong c\u00e1ch c\u1ee7a kh\u00f4ng gian.<\/span><\/h3>\n<p style=\"text-align: center;\"><iframe loading=\"lazy\" src=\"\/\/www.youtube.com\/embed\/GssAz2EFRps?pp=ygUSZ-G6oWNoIGzhu6VjIGdpw6Fj\" width=\"560\" height=\"314\" allowfullscreen=\"allowfullscreen\"><\/iframe><\/p>\n<h1><strong><span style=\"font-family: 'times new roman', times, serif; font-size: 120%;\">2. L\u1ee3i \u00cdch C\u1ee7a G\u1ea1ch L\u1ee5c Gi\u00e1c\u00a0<\/span><\/strong><\/h1>\n<ul>\n<li>\n<h3><span style=\"font-family: 'times new roman', times, serif; font-size: 120%;\">T\u1ea1o \u0111i\u1ec3m nh\u1ea5n n\u1ed5i b\u1eadt: V\u1edbi thi\u1ebft k\u1ebf h\u00ecnh h\u1ecdc \u0111\u1ed9c \u0111\u00e1o, g\u1ea1ch l\u1ee5c gi\u00e1c gi\u00fap t\u1ea1o ra c\u00e1c \u0111i\u1ec3m nh\u1ea5n n\u1ed5i b\u1eadt cho kh\u00f4ng gian. Vi\u1ec7c k\u1ebft h\u1ee3p c\u00e1c m\u00e0u s\u1eafc v\u00e0 h\u1ecda ti\u1ebft kh\u00e1c nhau c\u00f3 th\u1ec3 t\u1ea1o ra c\u00e1c m\u1eabu trang tr\u00ed \u0111\u1eb9p m\u1eaft v\u00e0 \u1ea5n t\u01b0\u1ee3ng.<\/span><\/h3>\n<\/li>\n<li>\n<h3><span style=\"font-family: 'times new roman', times, serif; font-size: 120%;\">T\u00ednh linh ho\u1ea1t trong thi\u1ebft k\u1ebf: G\u1ea1ch l\u1ee5c gi\u00e1c c\u00f3 kh\u1ea3 n\u0103ng k\u1ebft h\u1ee3p linh ho\u1ea1t v\u1edbi c\u00e1c phong c\u00e1ch thi\u1ebft k\u1ebf kh\u00e1c nhau, t\u1eeb hi\u1ec7n \u0111\u1ea1i \u0111\u1ebfn c\u1ed5 \u0111i\u1ec3n. B\u1ea1n c\u00f3 th\u1ec3 s\u1eed d\u1ee5ng g\u1ea1ch l\u1ee5c gi\u00e1c cho s\u00e0n, t\u01b0\u1eddng, ho\u1eb7c c\u00e1c khu v\u1ef1c ngo\u1ea1i th\u1ea5t \u0111\u1ec3 t\u1ea1o ra m\u1ed9t phong c\u00e1ch \u0111\u1ed3ng b\u1ed9 v\u00e0 h\u00e0i h\u00f2a.<\/span><\/h3>\n<\/li>\n<li>\n<h3><span style=\"font-family: 'times new roman', times, serif; font-size: 120%;\">\u0110\u1ed9 b\u1ec1n cao: Nhi\u1ec1u lo\u1ea1i g\u1ea1ch l\u1ee5c gi\u00e1c \u0111\u01b0\u1ee3c l\u00e0m t\u1eeb c\u00e1c v\u1eadt li\u1ec7u b\u1ec1n b\u1ec9 nh\u01b0 \u0111\u00e1 t\u1ef1 nhi\u00ean ho\u1eb7c b\u00ea t\u00f4ng, gi\u00fap ch\u00fang c\u00f3 kh\u1ea3 n\u0103ng ch\u1ed1ng m\u00e0i m\u00f2n v\u00e0 ch\u1ecbu \u0111\u01b0\u1ee3c t\u00e1c \u0111\u1ed9ng c\u1ee7a th\u1eddi gian. \u0110i\u1ec1u n\u00e0y \u0111\u1ea3m b\u1ea3o r\u1eb1ng g\u1ea1ch l\u1ee5c gi\u00e1c c\u00f3 th\u1ec3 duy tr\u00ec v\u1ebb \u0111\u1eb9p v\u00e0 ch\u1ea5t l\u01b0\u1ee3ng trong su\u1ed1t th\u1eddi gian s\u1eed d\u1ee5ng.<\/span><\/h3>\n<\/li>\n<li>\n<h3><span style=\"font-family: 'times new roman', times, serif; font-size: 120%;\">D\u1ec5 d\u00e0ng v\u1ec7 sinh: B\u1ec1 m\u1eb7t g\u1ea1ch l\u1ee5c gi\u00e1c th\u01b0\u1eddng d\u1ec5 d\u00e0ng v\u1ec7 sinh v\u00e0 b\u1ea3o tr\u00ec, gi\u00fap b\u1ea1n ti\u1ebft ki\u1ec7m th\u1eddi gian v\u00e0 c\u00f4ng s\u1ee9c trong vi\u1ec7c gi\u1eef cho kh\u00f4ng gian lu\u00f4n s\u1ea1ch s\u1ebd v\u00e0 m\u1edbi m\u1ebb.<\/span><\/h3>\n<\/li>\n<\/ul>\n<p style=\"text-align: center;\"><iframe loading=\"lazy\" src=\"\/\/www.youtube.com\/embed\/NU0qtIzR05g?pp=ygUSZ-G6oWNoIGzhu6VjIGdpw6Fj\" width=\"560\" height=\"314\" allowfullscreen=\"allowfullscreen\"><\/iframe><\/p>\n<h1><strong><span style=\"font-family: 'times new roman', times, serif; font-size: 120%;\">3. L\u00fd Do N\u00ean Ch\u1ecdn G\u1ea1ch L\u1ee5c Gi\u00e1c T\u1ea1i <a href=\"https:\/\/vi.wikipedia.org\/wiki\/H%C3%A0_T%C4%A9nh\">H\u00e0 T\u0129nh<\/a><\/span><\/strong><\/h1>\n<ul>\n<li>\n<h3><span style=\"font-family: 'times new roman', times, serif; font-size: 120%;\">Kh\u00ed h\u1eadu \u0111\u1eb7c th\u00f9: <strong><em>H\u00e0 T\u0129nh<\/em><\/strong>\u00a0c\u00f3 kh\u00ed h\u1eadu nhi\u1ec7t \u0111\u1edbi gi\u00f3 m\u00f9a v\u1edbi m\u00f9a h\u00e8 n\u00f3ng \u1ea9m. G\u1ea1ch l\u1ee5c gi\u00e1c v\u1edbi kh\u1ea3 n\u0103ng ch\u1ed1ng th\u1ea5m v\u00e0 b\u1ec1n b\u1ec9 l\u00e0 l\u1ef1a ch\u1ecdn l\u00fd t\u01b0\u1edfng cho c\u00e1c khu v\u1ef1c trong v\u00e0 ngo\u00e0i nh\u00e0, \u0111\u1ea3m b\u1ea3o gi\u1eef \u0111\u01b0\u1ee3c v\u1ebb \u0111\u1eb9p l\u00e2u d\u00e0i trong \u0111i\u1ec1u ki\u1ec7n kh\u00ed h\u1eadu n\u00e0y.<\/span><\/h3>\n<\/li>\n<li>\n<h3><span style=\"font-family: 'times new roman', times, serif; font-size: 120%;\">Th\u1ecb tr\u01b0\u1eddng \u0111a d\u1ea1ng: C\u00f3 nhi\u1ec1u c\u1eeda h\u00e0ng v\u00e0 showroom cung c\u1ea5p g\u1ea1ch l\u1ee5c gi\u00e1c v\u1edbi nhi\u1ec1u m\u1eabu m\u00e3 v\u00e0 ch\u1ea5t li\u1ec7u kh\u00e1c nhau, gi\u00fap b\u1ea1n d\u1ec5 d\u00e0ng t\u00ecm ki\u1ebfm s\u1ea3n ph\u1ea9m ph\u00f9 h\u1ee3p v\u1edbi nhu c\u1ea7u v\u00e0 phong c\u00e1ch thi\u1ebft k\u1ebf c\u1ee7a m\u00ecnh.<\/span><\/h3>\n<\/li>\n<li>\n<h3><span style=\"font-family: 'times new roman', times, serif; font-size: 120%;\">D\u1ecbch v\u1ee5 h\u1ed7 tr\u1ee3 ch\u1ea5t l\u01b0\u1ee3ng: C\u00e1c nh\u00e0 cung c\u1ea5p g\u1ea1ch l\u1ee5c gi\u00e1c t\u1ea1i \u0111\u00e2y th\u01b0\u1eddng cung c\u1ea5p d\u1ecbch v\u1ee5 t\u01b0 v\u1ea5n, l\u1eafp \u0111\u1eb7t v\u00e0 b\u1ea3o tr\u00ec chuy\u00ean nghi\u1ec7p, gi\u00fap b\u1ea1n \u0111\u1ea3m b\u1ea3o r\u1eb1ng g\u1ea1ch \u0111\u01b0\u1ee3c l\u1eafp \u0111\u1eb7t \u0111\u00fang c\u00e1ch v\u00e0 \u0111\u1ea1t hi\u1ec7u qu\u1ea3 cao nh\u1ea5t.<\/span><\/h3>\n<\/li>\n<\/ul>\n","protected":false},"excerpt":{"rendered":"<p><span style=\"font-family: 'times new roman', times, serif; font-size: 130%; color: #000000;\">\ud83d\ude1b Giao h\u00e0ng trong \u0111\u1ecba b\u00e0n <em>H\u00e0 T\u0129nh<\/em><\/span><\/p>\n<p><span style=\"font-family: 'times new roman', times, serif; font-size: 130%; color: #000000;\">\ud83d\ude1b \u0110\u01a1n v\u1ecb t\u00ednh: M\u00e9t<\/span><\/p>\n<p><span style=\"font-family: 'times new roman', times, serif; font-size: 130%; color: #000000;\">\ud83d\ude1b \u0110\u01a1n gi\u00e1<em><strong>:\u00a0<span style=\"color: #008000;\"><a style=\"color: #008000;\" href=\"https:\/\/tranthi.vn\/quangnam\/gach-lat-via-he-re-quat-mau-vang-gia-95-000-m\/\">G\u1ea1ch L\u1ee5c Gi\u00e1c <\/a><\/span><\/strong><\/em>trong n\u1ed9i th\u00e0nh<a href=\"https:\/\/vi.wikipedia.org\/wiki\/H%C3%A0_T%C4%A9nh\"><strong><em> H\u00e0 T\u0129nh<\/em><\/strong><\/a><\/span><\/p>\n<p><span style=\"font-family: 'times new roman', times, serif; font-size: 130%; color: #000000;\"><strong>T\u1eeb 0&lt; M &lt; 20: Gi\u00e1: <span style=\"color: #ff0000;\">360.000\/M2<\/span><\/strong><\/span><\/p>\n<p><span style=\"font-family: 'times new roman', times, serif; font-size: 130%; color: #000000;\"><strong>\u00a0 \u00a0 \u00a0 \u00a0 \u00a0 \u00a0M &gt; 21: Gi\u00e1: <span style=\"color: #ff0000;\">350.000\/M2<\/span><\/strong><\/span><\/p>\n","protected":false},"featured_media":3243,"comment_status":"closed","ping_status":"closed","template":"","meta":[],"product_cat":[287],"product_tag":[467],"class_list":{"0":"post-3242","1":"product","2":"type-product","3":"status-publish","4":"has-post-thumbnail","6":"product_cat-gach-luc-giac","7":"product_tag-gia-gach-luc-giac-o-da-nang","9":"first","10":"instock","11":"sale","12":"shipping-taxable","13":"purchasable","14":"product-type-simple"},"yoast_head":"<!-- This site is optimized with the Yoast SEO Premium plugin v22.3 (Yoast SEO v22.8) - https:\/\/yoast.com\/wordpress\/plugins\/seo\/ -->\n<title>G\u1ea1ch l\u1ee5c gi\u00e1c gi\u00e1 r\u1ebb t\u1ea1i H\u00e0 T\u0129nh-0947335871<\/title>\n<meta name=\"description\" content=\"Tr\u1ea7n Th\u1ecb - Chuy\u00ean cung c\u1ea5p G\u1ea1ch l\u1ee5c gi\u00e1c gi\u00e1 r\u1ebb t\u1ea1i H\u00e0 T\u0129nh-0947335871 cho m\u1ecdi c\u00f4ng tr\u00ecnh t\u1eeb nh\u00e0 \u1edf \u0111\u1ebfn c\u00e1c c\u00f4ng tr\u00ecnh l\u1edbn\" \/>\n<meta name=\"robots\" content=\"index, follow, max-snippet:-1, max-image-preview:large, max-video-preview:-1\" \/>\n<link rel=\"canonical\" href=\"https:\/\/tranthi.vn\/hatinh\/gach-luc-giac-mau-trang-ha-tinh\/\" \/>\n<meta property=\"og:locale\" content=\"vi_VN\" \/>\n<meta property=\"og:type\" content=\"article\" \/>\n<meta property=\"og:title\" content=\"LD Tr\u1eafng\" \/>\n<meta property=\"og:description\" content=\"Tr\u1ea7n Th\u1ecb - Chuy\u00ean cung c\u1ea5p G\u1ea1ch l\u1ee5c gi\u00e1c gi\u00e1 r\u1ebb t\u1ea1i H\u00e0 T\u0129nh-0947335871 cho m\u1ecdi c\u00f4ng tr\u00ecnh t\u1eeb nh\u00e0 \u1edf \u0111\u1ebfn c\u00e1c c\u00f4ng tr\u00ecnh l\u1edbn\" \/>\n<meta property=\"og:url\" content=\"https:\/\/tranthi.vn\/hatinh\/gach-luc-giac-mau-trang-ha-tinh\/\" \/>\n<meta property=\"og:site_name\" content=\"V\u1eadt Li\u1ec7u X\u00e2y D\u1ef1ng Tr\u1ea7n Th\u1ecb Chi Nh\u00e1nh H\u00e0 T\u0129nh\" \/>\n<meta property=\"article:modified_time\" content=\"2024-07-29T09:48:42+00:00\" \/>\n<meta property=\"og:image\" content=\"https:\/\/tranthi.vn\/hatinh\/wp-content\/uploads\/2021\/06\/gach-luc-giac-mau-trang-tai-da-nang_optimized.jpg\" \/>\n\t<meta property=\"og:image:width\" content=\"400\" \/>\n\t<meta property=\"og:image:height\" content=\"400\" \/>\n\t<meta property=\"og:image:type\" content=\"image\/jpeg\" \/>\n<meta name=\"twitter:card\" content=\"summary_large_image\" \/>\n<meta name=\"twitter:label1\" content=\"Gi\u00e1\" \/>\n\t<meta name=\"twitter:data1\" content=\"350,000&nbsp;&#8363;\" \/>\n\t<meta name=\"twitter:label2\" content=\"Kh\u1ea3 d\u1ee5ng\" \/>\n\t<meta name=\"twitter:data2\" content=\"Trong kho\" \/>\n<script type=\"application\/ld+json\" class=\"yoast-schema-graph\">{\"@context\":\"https:\/\/schema.org\",\"@graph\":[{\"@type\":[\"WebPage\",\"ItemPage\"],\"@id\":\"https:\/\/tranthi.vn\/hatinh\/gach-luc-giac-mau-trang-ha-tinh\/\",\"url\":\"https:\/\/tranthi.vn\/hatinh\/gach-luc-giac-mau-trang-ha-tinh\/\",\"name\":\"G\u1ea1ch l\u1ee5c gi\u00e1c gi\u00e1 r\u1ebb t\u1ea1i H\u00e0 T\u0129nh-0947335871\",\"isPartOf\":{\"@id\":\"https:\/\/tranthi.vn\/hatinh\/#website\"},\"primaryImageOfPage\":{\"@id\":\"https:\/\/tranthi.vn\/hatinh\/gach-luc-giac-mau-trang-ha-tinh\/#primaryimage\"},\"image\":{\"@id\":\"https:\/\/tranthi.vn\/hatinh\/gach-luc-giac-mau-trang-ha-tinh\/#primaryimage\"},\"thumbnailUrl\":\"https:\/\/tranthi.vn\/hatinh\/wp-content\/uploads\/2021\/06\/gach-luc-giac-mau-trang-tai-da-nang_optimized.jpg\",\"datePublished\":\"2021-06-11T03:13:41+00:00\",\"dateModified\":\"2024-07-29T09:48:42+00:00\",\"description\":\"Tr\u1ea7n Th\u1ecb - Chuy\u00ean cung c\u1ea5p G\u1ea1ch l\u1ee5c gi\u00e1c gi\u00e1 r\u1ebb t\u1ea1i H\u00e0 T\u0129nh-0947335871 cho m\u1ecdi c\u00f4ng tr\u00ecnh t\u1eeb nh\u00e0 \u1edf \u0111\u1ebfn c\u00e1c c\u00f4ng tr\u00ecnh l\u1edbn\",\"breadcrumb\":{\"@id\":\"https:\/\/tranthi.vn\/hatinh\/gach-luc-giac-mau-trang-ha-tinh\/#breadcrumb\"},\"inLanguage\":\"vi\",\"potentialAction\":[{\"@type\":\"ReadAction\",\"target\":[\"https:\/\/tranthi.vn\/hatinh\/gach-luc-giac-mau-trang-ha-tinh\/\"]}]},{\"@type\":\"ImageObject\",\"inLanguage\":\"vi\",\"@id\":\"https:\/\/tranthi.vn\/hatinh\/gach-luc-giac-mau-trang-ha-tinh\/#primaryimage\",\"url\":\"https:\/\/tranthi.vn\/hatinh\/wp-content\/uploads\/2021\/06\/gach-luc-giac-mau-trang-tai-da-nang_optimized.jpg\",\"contentUrl\":\"https:\/\/tranthi.vn\/hatinh\/wp-content\/uploads\/2021\/06\/gach-luc-giac-mau-trang-tai-da-nang_optimized.jpg\",\"width\":400,\"height\":400},{\"@type\":\"BreadcrumbList\",\"@id\":\"https:\/\/tranthi.vn\/hatinh\/gach-luc-giac-mau-trang-ha-tinh\/#breadcrumb\",\"itemListElement\":[{\"@type\":\"ListItem\",\"position\":1,\"name\":\"Trang ch\u1ee7\",\"item\":\"https:\/\/tranthi.vn\/hatinh\/\"},{\"@type\":\"ListItem\",\"position\":2,\"name\":\"Shop\",\"item\":\"https:\/\/tranthi.vn\/hatinh\/shop\/\"},{\"@type\":\"ListItem\",\"position\":3,\"name\":\"LD Tr\u1eafng\"}]},{\"@type\":\"WebSite\",\"@id\":\"https:\/\/tranthi.vn\/hatinh\/#website\",\"url\":\"https:\/\/tranthi.vn\/hatinh\/\",\"name\":\"V\u1eadt Li\u1ec7u X\u00e2y D\u1ef1ng Tr\u1ea7n Th\u1ecb Chi Nh\u00e1nh H\u00e0 T\u0129nh\",\"description\":\"V\u1eadt Li\u1ec7u X\u00e2y D\u1ef1ng - H\u00e0 T\u0129nh\",\"potentialAction\":[{\"@type\":\"SearchAction\",\"target\":{\"@type\":\"EntryPoint\",\"urlTemplate\":\"https:\/\/tranthi.vn\/hatinh\/?s={search_term_string}\"},\"query-input\":\"required name=search_term_string\"}],\"inLanguage\":\"vi\"},{\"@type\":\"ImageObject\",\"inLanguage\":\"vi\",\"@id\":\"https:\/\/tranthi.vn\/hatinh\/gach-luc-giac-mau-trang-ha-tinh\/#local-main-organization-logo\",\"url\":\"\",\"contentUrl\":\"\",\"caption\":\"V\u1eadt Li\u1ec7u X\u00e2y D\u1ef1ng Tr\u1ea7n Th\u1ecb Chi Nh\u00e1nh H\u00e0 T\u0129nh\"}]}<\/script>\n<meta property=\"product:price:amount\" content=\"350000\" \/>\n<meta property=\"product:price:currency\" content=\"VND\" \/>\n<meta property=\"og:availability\" content=\"instock\" \/>\n<meta property=\"product:availability\" content=\"instock\" \/>\n<meta property=\"product:condition\" content=\"new\" \/>\n<!-- \/ Yoast SEO Premium plugin. -->","yoast_head_json":{"title":"G\u1ea1ch l\u1ee5c gi\u00e1c gi\u00e1 r\u1ebb t\u1ea1i H\u00e0 T\u0129nh-0947335871","description":"Tr\u1ea7n Th\u1ecb - Chuy\u00ean cung c\u1ea5p G\u1ea1ch l\u1ee5c gi\u00e1c gi\u00e1 r\u1ebb t\u1ea1i H\u00e0 T\u0129nh-0947335871 cho m\u1ecdi c\u00f4ng tr\u00ecnh t\u1eeb nh\u00e0 \u1edf \u0111\u1ebfn c\u00e1c c\u00f4ng tr\u00ecnh l\u1edbn","robots":{"index":"index","follow":"follow","max-snippet":"max-snippet:-1","max-image-preview":"max-image-preview:large","max-video-preview":"max-video-preview:-1"},"canonical":"https:\/\/tranthi.vn\/hatinh\/gach-luc-giac-mau-trang-ha-tinh\/","og_locale":"vi_VN","og_type":"article","og_title":"LD Tr\u1eafng","og_description":"Tr\u1ea7n Th\u1ecb - Chuy\u00ean cung c\u1ea5p G\u1ea1ch l\u1ee5c gi\u00e1c gi\u00e1 r\u1ebb t\u1ea1i H\u00e0 T\u0129nh-0947335871 cho m\u1ecdi c\u00f4ng tr\u00ecnh t\u1eeb nh\u00e0 \u1edf \u0111\u1ebfn c\u00e1c c\u00f4ng tr\u00ecnh l\u1edbn","og_url":"https:\/\/tranthi.vn\/hatinh\/gach-luc-giac-mau-trang-ha-tinh\/","og_site_name":"V\u1eadt Li\u1ec7u X\u00e2y D\u1ef1ng Tr\u1ea7n Th\u1ecb Chi Nh\u00e1nh H\u00e0 T\u0129nh","article_modified_time":"2024-07-29T09:48:42+00:00","og_image":[{"width":400,"height":400,"url":"https:\/\/tranthi.vn\/hatinh\/wp-content\/uploads\/2021\/06\/gach-luc-giac-mau-trang-tai-da-nang_optimized.jpg","type":"image\/jpeg"}],"twitter_card":"summary_large_image","twitter_misc":{"Gi\u00e1":"350,000&nbsp;&#8363;","Kh\u1ea3 d\u1ee5ng":"Trong kho"},"schema":{"@context":"https:\/\/schema.org","@graph":[{"@type":["WebPage","ItemPage"],"@id":"https:\/\/tranthi.vn\/hatinh\/gach-luc-giac-mau-trang-ha-tinh\/","url":"https:\/\/tranthi.vn\/hatinh\/gach-luc-giac-mau-trang-ha-tinh\/","name":"G\u1ea1ch l\u1ee5c gi\u00e1c gi\u00e1 r\u1ebb t\u1ea1i H\u00e0 T\u0129nh-0947335871","isPartOf":{"@id":"https:\/\/tranthi.vn\/hatinh\/#website"},"primaryImageOfPage":{"@id":"https:\/\/tranthi.vn\/hatinh\/gach-luc-giac-mau-trang-ha-tinh\/#primaryimage"},"image":{"@id":"https:\/\/tranthi.vn\/hatinh\/gach-luc-giac-mau-trang-ha-tinh\/#primaryimage"},"thumbnailUrl":"https:\/\/tranthi.vn\/hatinh\/wp-content\/uploads\/2021\/06\/gach-luc-giac-mau-trang-tai-da-nang_optimized.jpg","datePublished":"2021-06-11T03:13:41+00:00","dateModified":"2024-07-29T09:48:42+00:00","description":"Tr\u1ea7n Th\u1ecb - Chuy\u00ean cung c\u1ea5p G\u1ea1ch l\u1ee5c gi\u00e1c gi\u00e1 r\u1ebb t\u1ea1i H\u00e0 T\u0129nh-0947335871 cho m\u1ecdi c\u00f4ng tr\u00ecnh t\u1eeb nh\u00e0 \u1edf \u0111\u1ebfn c\u00e1c c\u00f4ng tr\u00ecnh l\u1edbn","breadcrumb":{"@id":"https:\/\/tranthi.vn\/hatinh\/gach-luc-giac-mau-trang-ha-tinh\/#breadcrumb"},"inLanguage":"vi","potentialAction":[{"@type":"ReadAction","target":["https:\/\/tranthi.vn\/hatinh\/gach-luc-giac-mau-trang-ha-tinh\/"]}]},{"@type":"ImageObject","inLanguage":"vi","@id":"https:\/\/tranthi.vn\/hatinh\/gach-luc-giac-mau-trang-ha-tinh\/#primaryimage","url":"https:\/\/tranthi.vn\/hatinh\/wp-content\/uploads\/2021\/06\/gach-luc-giac-mau-trang-tai-da-nang_optimized.jpg","contentUrl":"https:\/\/tranthi.vn\/hatinh\/wp-content\/uploads\/2021\/06\/gach-luc-giac-mau-trang-tai-da-nang_optimized.jpg","width":400,"height":400},{"@type":"BreadcrumbList","@id":"https:\/\/tranthi.vn\/hatinh\/gach-luc-giac-mau-trang-ha-tinh\/#breadcrumb","itemListElement":[{"@type":"ListItem","position":1,"name":"Trang ch\u1ee7","item":"https:\/\/tranthi.vn\/hatinh\/"},{"@type":"ListItem","position":2,"name":"Shop","item":"https:\/\/tranthi.vn\/hatinh\/shop\/"},{"@type":"ListItem","position":3,"name":"LD Tr\u1eafng"}]},{"@type":"WebSite","@id":"https:\/\/tranthi.vn\/hatinh\/#website","url":"https:\/\/tranthi.vn\/hatinh\/","name":"V\u1eadt Li\u1ec7u X\u00e2y D\u1ef1ng Tr\u1ea7n Th\u1ecb Chi Nh\u00e1nh H\u00e0 T\u0129nh","description":"V\u1eadt Li\u1ec7u X\u00e2y D\u1ef1ng - H\u00e0 T\u0129nh","potentialAction":[{"@type":"SearchAction","target":{"@type":"EntryPoint","urlTemplate":"https:\/\/tranthi.vn\/hatinh\/?s={search_term_string}"},"query-input":"required name=search_term_string"}],"inLanguage":"vi"},{"@type":"ImageObject","inLanguage":"vi","@id":"https:\/\/tranthi.vn\/hatinh\/gach-luc-giac-mau-trang-ha-tinh\/#local-main-organization-logo","url":"","contentUrl":"","caption":"V\u1eadt Li\u1ec7u X\u00e2y D\u1ef1ng Tr\u1ea7n Th\u1ecb Chi Nh\u00e1nh H\u00e0 T\u0129nh"}]},"product_price_amount":"350000","product_price_currency":"VND","og_availability":"instock","product_availability":"instock","product_condition":"new"},"_links":{"self":[{"href":"https:\/\/tranthi.vn\/hatinh\/wp-json\/wp\/v2\/product\/3242","targetHints":{"allow":["GET"]}}],"collection":[{"href":"https:\/\/tranthi.vn\/hatinh\/wp-json\/wp\/v2\/product"}],"about":[{"href":"https:\/\/tranthi.vn\/hatinh\/wp-json\/wp\/v2\/types\/product"}],"replies":[{"embeddable":true,"href":"https:\/\/tranthi.vn\/hatinh\/wp-json\/wp\/v2\/comments?post=3242"}],"wp:featuredmedia":[{"embeddable":true,"href":"https:\/\/tranthi.vn\/hatinh\/wp-json\/wp\/v2\/media\/3243"}],"wp:attachment":[{"href":"https:\/\/tranthi.vn\/hatinh\/wp-json\/wp\/v2\/media?parent=3242"}],"wp:term":[{"taxonomy":"product_cat","embeddable":true,"href":"https:\/\/tranthi.vn\/hatinh\/wp-json\/wp\/v2\/product_cat?post=3242"},{"taxonomy":"product_tag","embeddable":true,"href":"https:\/\/tranthi.vn\/hatinh\/wp-json\/wp\/v2\/product_tag?post=3242"}],"curies":[{"name":"wp","href":"https:\/\/api.w.org\/{rel}","templated":true}]}}