{"id":3074,"date":"2021-04-16T15:40:18","date_gmt":"2021-04-16T08:40:18","guid":{"rendered":"https:\/\/tranthi.vn\/quangnam\/?post_type=product&#038;p=3074"},"modified":"2024-07-31T15:09:22","modified_gmt":"2024-07-31T08:09:22","slug":"gia-day-dien-cadivi-ha-tinh","status":"publish","type":"product","link":"https:\/\/tranthi.vn\/hatinh\/gia-day-dien-cadivi-ha-tinh\/","title":{"rendered":"Gi\u00e1 d\u00e2y \u0111i\u1ec7n cadivi \u0111\u00e0 n\u1eb5ng"},"content":{"rendered":"<h1 style=\"text-align: center;\"><strong><span style=\"font-family: 'times new roman', times, serif; font-size: 130%; color: #ff0000;\">Gi\u00e1 d\u00e2y \u0111i\u1ec7n cadivi <a href=\"https:\/\/vi.wikipedia.org\/wiki\/H%C3%A0_T%C4%A9nh\">H\u00e0 T\u0129nh<\/a><\/span><\/strong><\/h1>\n<p><span style=\"font-family: 'times new roman', times, serif; font-size: 130%; color: #000000;\">Tr\u1ea7n Th\u1ecb lu\u00f4n mu\u1ed1n mang \u0111\u1ebfn cho kh\u00e1ch h\u00e0ng nh\u1eefng s\u1ea3n ph\u1ea9m d\u00e2y c\u00e1p \u0111i\u1ec7n cadivi ch\u1ea5t l\u01b0\u1ee3ng, <a href=\"https:\/\/vi.wikipedia.org\/wiki\/Gi%C3%A1_c%E1%BA%A3#:~:text=Gi%C3%A1%20c%E1%BA%A3%20l%C3%A0%20bi%E1%BB%83u%20hi%E1%BB%87n,m%E1%BB%99t%20t%C3%A0i%20s%E1%BA%A3n%20n%C3%A0o%20%C4%91%C3%B3.\"><em><strong>gi\u00e1<\/strong><\/em><\/a> c\u1ea3 h\u1ee3p l\u00fd nh\u1ea5t t\u1ea1i <b><i>H\u00e0 T\u0129nh<\/i><\/b>. \u0110\u1ec3 nh\u1eadn \u0111\u01b0\u1ee3c b\u00e1o gi\u00e1 ch\u00ednh x\u00e1c nh\u1ea5t qu\u00fd kh\u00e1ch h\u00e0ng vui l\u00f2ng li\u00ean h\u1ec7 Hotline\/zalo: 0947335871<\/span><\/p>\n<h2><span style=\"color: #ff0000; font-size: 115%;\"><strong><span style=\"font-family: 'times new roman', times, serif;\">1. C\u00e1c s\u1ea3n ph\u1ea9m d\u00e2y \u0111i\u1ec7n Cadivi t\u1ea1i th\u1ecb tr\u01b0\u1eddng H\u00e0 T\u0129nh bao g\u1ed3m :<\/span><\/strong><\/span><\/h2>\n<ul>\n<li><span style=\"font-family: 'times new roman', times, serif; font-size: 130%; color: #000000;\">D\u00e2y c\u00e1p \u0111i\u1ec7n cadivi S\u1eed d\u1ee5ng cho d\u00e2n d\u1ee5ng ( d\u00e2y \u0111\u00f4i m\u1ec1m d\u1eb9t, d\u00e2y \u0111\u01a1n m\u1ec1m, d\u00e2y \u0111\u01a1n c\u1ee9ng<\/span><\/li>\n<li><span style=\"font-family: 'times new roman', times, serif; font-size: 130%; color: #000000;\">D\u00e2y c\u00e1p \u0111i\u1ec7n Cadivi d\u00f9ng trong c\u00f4ng nghi\u1ec7p (c\u00e1p \u0111i\u1ec7n 3 pha, c\u00e1p \u0111i\u1ec7n treo, c\u00e1p \u0111i\u1ec7n ng\u1ea7m..)<\/span><\/li>\n<li><span style=\"font-family: 'times new roman', times, serif; font-size: 130%; color: #000000;\">D\u00e2y \u0111i\u1ec7n cadivi ch\u1ed1ng ch\u00e1y ( c\u00e1p \u0111i\u1ec7n ch\u1ed1ng ch\u00e1y, c\u00e1p \u0111i\u1ec7n ch\u1eadm ch\u00e1y)<\/span><\/li>\n<li><span style=\"font-family: 'times new roman', times, serif; font-size: 130%; color: #000000;\">D\u00e2y c\u00e1p \u0111i\u1ec7n tr\u1ea7n cadivi (d\u00f9ng cho \u0111\u01b0\u1eddng d\u00e2y t\u1ea3i \u0111i\u1ec7n tr\u00ean kh\u00f4n)<\/span><\/li>\n<li><span style=\"font-family: 'times new roman', times, serif; font-size: 130%; color: #000000;\">D\u00e2y c\u00e1p \u0111i\u1ec7n h\u1ea1 th\u1ebf <strong><em>cadivi<\/em><\/strong> ( c\u00e1p \u0111i\u1ec7n ru\u1ed9t \u0111\u1ed3ng, c\u00e1p \u0111i\u1ec7n ru\u1ed9t nh\u00f4m )<\/span><\/li>\n<li><span style=\"font-family: 'times new roman', times, serif; font-size: 130%; color: #000000;\">D\u00e2y<strong> \u0111i\u1ec7n<\/strong> Cadivi trung th\u1ebf<\/span><\/li>\n<li><span style=\"font-family: 'times new roman', times, serif; font-size: 130%; color: #000000;\">D\u00e2y c\u00e1p \u0111i\u1ec7n Cadivi cao th\u1ebf<\/span><\/li>\n<\/ul>\n<p style=\"text-align: center;\"><iframe loading=\"lazy\" src=\"\/\/www.youtube.com\/embed\/siYFReD2f9I\" width=\"560\" height=\"314\" allowfullscreen=\"allowfullscreen\"><\/iframe><\/p>\n<p><span style=\"font-family: 'times new roman', times, serif; font-size: 130%; color: #000000;\">T\u1ea1i th\u1ecb tr\u01b0\u1eddng <a href=\"https:\/\/vi.wikipedia.org\/wiki\/H%C3%A0_T%C4%A9nh\"><b><i>H\u00e0 T\u0129nh<\/i><\/b><\/a>\u00a0c\u0169ng nh\u01b0 tr\u00ean c\u1ea3 n\u01b0\u1edbc, \u0111\u1ed1i v\u1edbi nh\u00e0 d\u00e2n d\u1ee5ng x\u00e2y m\u1edbi. Th\u00ec d\u00e2y \u0111i\u1ec7n th\u01b0\u1eddng \u0111\u01b0\u1ee3c \u0111i \u00e2m t\u01b0\u1eddng n\u00ean ch\u00fang ta c\u1ea7n ph\u1ea3i l\u01b0u \u00fd ch\u1ecdn mua d\u00e2y \u0111i\u1ec7n th\u1eadt cho ng\u00f4i nh\u00e0 c\u1ee7a m\u00ecnh. V\u00e0 \u0111\u00e2y l\u00e0 m\u1ed9t s\u1ed1 c\u00e1ch \u0111\u1ec3 qu\u00fd kh\u00e1ch h\u00e0ng tr\u00e1nh mua ph\u1ea3i h\u00e0ng gi\u1ea3<\/span><\/p>\n<p><span style=\"font-family: 'times new roman', times, serif; font-size: 130%; color: #000000;\">C\u00e1ch 1: tra c\u1ee9u tr\u00ean website: cadivi.vn \u0111\u1ec3 ch\u1ecdn \u0111\u1ecba \u0111i\u1ec3m mua l\u00e0 \u0111\u1ea1i l\u00fd cadivi ch\u1ecdn \u0111\u1ecba \u0111i\u1ec3m H\u00e0 T\u0129nh<\/span><\/p>\n<p><span style=\"font-family: 'times new roman', times, serif; font-size: 130%; color: #000000;\">C\u00e1ch 2: Ti\u1ebfp theo, tr\u00ean nh\u00e3n s\u1ea3n ph\u1ea9m c\u1ee7a CADIVI c\u00f3 in ch\u00ecm tem c\u1ee7a CADIVI, khi qu\u00e9t qua tia c\u1ef1c t\u00edm s\u1ebd nh\u00ecn th\u1ea5y tem n\u00e0y.<\/span><\/p>\n<p><span style=\"font-family: 'times new roman', times, serif; font-size: 130%; color: #000000;\">C\u00e1ch 3: cadivi \u0111\u00e3 th\u1ef1c hi\u1ec7n in m\u00e3 QR code tr\u00ean nh\u00e3n s\u1ea3n ph\u1ea9m d\u00e2y d\u00e2n d\u1ee5ng,<\/span><\/p>\n<p><iframe loading=\"lazy\" src=\"\/\/www.youtube.com\/embed\/5WoOtlxjzKo\" width=\"560\" height=\"314\" allowfullscreen=\"allowfullscreen\"><\/iframe><\/p>\n<h2><span style=\"font-family: 'times new roman', times, serif; font-size: 115%; color: #ff0000;\"><strong>2. M\u1ed9t s\u1ed1 \u0111\u1eb7c \u0111i\u1ec3m c\u1ee7a d\u00e2y c\u00e1p \u0111i\u1ec7n Cadivi<\/strong><strong> d\u00e2n d\u1ee5ng<\/strong><\/span><\/h2>\n<h3><span style=\"font-family: 'times new roman', times, serif; font-size: 115%; color: #000000;\"><strong>C\u1ea5u t\u1ea1o d\u00e2y c\u00e1p \u0111i\u1ec7n Cadivi<\/strong><\/span><\/h3>\n<p><span style=\"font-family: 'times new roman', times, serif; font-size: 130%; color: #000000;\">Ru\u1ed9t d\u1eabn \u0111i\u1ec7n: c\u00f3 th\u1ec3 \u0111\u01b0\u1ee3c l\u00e0m b\u1eb1ng \u0111\u1ed3ng\u00a0 hay nh\u00f4m l\u00e0 nh\u1eefng ch\u1ea5t li\u1ec7u d\u1eabn \u0111i\u1ec7n t\u1ed1t, \u0111\u1ea3m b\u1ea3o \u0111\u1ed9 \u1ed5n \u0111\u1ecbnh khi truy\u1ec1n t\u1edbi c\u00e1c thi\u1ebft b\u1ecb \u0111i\u1ec7n.<\/span><\/p>\n<p><span style=\"font-family: 'times new roman', times, serif; font-size: 130%; color: #000000;\">L\u1edbp c\u00e1ch \u0111i\u1ec7n \u0111\u01b0\u1ee3c l\u00e0m t\u1eeb nh\u1ef1a PVC ho\u1eb7c XLPE, \u0111\u00e2y l\u00e0 nh\u1eefng ch\u1ea5t li\u1ec7u nh\u1ef1a cao c\u1ea5p, c\u00e1ch \u0111i\u1ec7n t\u1ed1t, an to\u00e0n v\u00e0 th\u00e2n thi\u1ec7n v\u1edbi m\u00f4i tr\u01b0\u1eddng.<\/span><\/p>\n<p><span style=\"font-family: 'times new roman', times, serif; font-size: 130%; color: #000000;\">Ch\u1ea5t \u0111\u1ed9n:\u00a0 \u0111\u01b0\u1ee3c l\u00e0m t\u1eeb ch\u1ea5t s\u1ee3i polypropylene (PP), C\u00f3 t\u00ednh b\u1ec1n, kh\u00e1 c\u1ee9ng v\u1eefng<\/span><\/p>\n<p><span style=\"font-family: 'times new roman', times, serif; font-size: 130%; color: #000000;\">B\u0103ng qu\u1ea5n: b\u0103ng kh\u00f4ng d\u1ec7t<\/span><\/p>\n<p><img loading=\"lazy\" decoding=\"async\" class=\"size-full wp-image-3075 aligncenter\" src=\"https:\/\/tranthi.vn\/quangnam\/wp-content\/uploads\/2021\/04\/day-cap-dien-cadivi-cv-2-5-mm2_optimized.jpg\" alt=\"\" width=\"352\" height=\"351\" srcset=\"https:\/\/tranthi.vn\/hatinh\/wp-content\/uploads\/2021\/04\/day-cap-dien-cadivi-cv-2-5-mm2_optimized.jpg 352w, https:\/\/tranthi.vn\/hatinh\/wp-content\/uploads\/2021\/04\/day-cap-dien-cadivi-cv-2-5-mm2_optimized-100x100.jpg 100w\" sizes=\"auto, (max-width: 352px) 100vw, 352px\" \/><\/p>\n<p style=\"text-align: center;\"><span style=\"color: #008000;\"><em><strong><span style=\"font-size: 130%; font-family: 'times new roman', times, serif;\">Gi\u00e1 d\u00e2y \u0111i\u1ec7n cadivi t\u1ea1i H\u00e0 T\u0129nh<\/span><\/strong><\/em><\/span><\/p>\n<p><span style=\"font-family: 'times new roman', times, serif; font-size: 130%; color: #000000;\">L\u1edbp v\u1ecf b\u1ecdc trong: PVC ho\u1eb7c PE r\u1ea5t b\u1ec1n v\u00e0 ch\u1eafc ch\u1eafn, c\u00e1ch \u0111i\u1ec7n an to\u00e0n, b\u1ea3o v\u1ec7\u00a0 an to\u00e0n, ch\u1ed1ng ch\u00e1y n\u1ed5<\/span><\/p>\n<p><span style=\"font-family: 'times new roman', times, serif; font-size: 130%; color: #000000;\">H\u00ecnh d\u1ea1ng v\u1ecf b\u1ecdc: ph\u1ea3n \u00e1nh t\u00ecnh tr\u1ea1ng v\u1ecf b\u1ecdc b\u00ean ngo\u00e0i theo k\u00edch th\u01b0\u1edbc, h\u00ecnh d\u00e1ng d\u1ec5 nh\u1eadn bi\u1ebft<\/span><\/p>\n<p><span style=\"font-family: 'times new roman', times, serif; font-size: 130%; color: #000000;\">&#8211; D\u00e2y d\u00e2n d\u1ee5ng b\u1ecdc tr\u00f2n<\/span><\/p>\n<p><span style=\"font-family: 'times new roman', times, serif; font-size: 130%; color: #000000;\">&#8211; D\u00e2y d\u00e2n d\u1ee5ng b\u1ecdc oval<\/span><\/p>\n<p><span style=\"font-family: 'times new roman', times, serif; font-size: 130%; color: #000000;\">&#8211; D\u00e2y d\u00e2n d\u1ee5ng b\u1ecdc d\u00ednh c\u00e1ch<\/span><\/p>\n<h3><span style=\"font-family: 'times new roman', times, serif; font-size: 115%; color: #000000;\"><strong>\u0110\u1eb7c \u0111i\u1ec3m nh\u1eadn di\u1ec7n d\u00e2y c\u00e1p \u0111i\u1ec7n Cadivi\u00a0<\/strong><\/span><\/h3>\n<p><span style=\"font-family: 'times new roman', times, serif; font-size: 130%; color: #000000;\">Tr\u00ean d\u00e2y c\u00f3 ghi r\u00f5 t\u00ean nh\u00e0 s\u1ea3n xu\u1ea5t CADIVI, k\u00edch th\u01b0\u1edbc v\u00e0 s\u1ed1 li\u1ec7u d\u00e2y. N\u1ebfu mua s\u1ed1 l\u01b0\u1ee3ng l\u1edbn, bao b\u00ec cu\u1ed9n d\u00e2y s\u1ebd ghi \u0111\u1ea7y \u0111\u1ee7 th\u00f4ng tin s\u1ea3n xu\u1ea5t, \u0111\u1ecba ch\u1ec9 v\u00e0 nh\u00e0 s\u1ea3n xu\u1ea5t, th\u00f4ng tin s\u1ea3n ph\u1ea9m, ti\u00eau chu\u1ea9n \u0111\u1ec3 kh\u00e1ch h\u00e0ng n\u1eafm r\u00f5.<\/span><\/p>\n<p><iframe loading=\"lazy\" src=\"\/\/www.youtube.com\/embed\/TNXw24SxiEY\" width=\"560\" height=\"314\" allowfullscreen=\"allowfullscreen\"><\/iframe><\/p>\n<p><span style=\"font-family: 'times new roman', times, serif; font-size: 130%; color: #000000;\">&#8211; B\u1ec1 ngo\u00e0i c\u1ee7a d\u00e2y c\u00e1p \u0111i\u1ec7n lu\u00f4n b\u00f3ng l\u00e1ng kh\u00f4ng ch\u1ee9a v\u1ebft \u0111\u1ee9t, kh\u00f4ng c\u00f3 tr\u1ea7y x\u01b0\u1edbc b\u1ec1 m\u1eb7t b\u00ean ngo\u00e0i.<\/span><\/p>\n<p><span style=\"font-family: 'times new roman', times, serif; font-size: 130%; color: #000000;\">&#8211; L\u1edbp c\u00e1ch \u0111i\u1ec7n d\u1ebbo, khi tu\u1ed1t ra kh\u1ecfi d\u00e2y d\u1eabn s\u1ebd k\u00e9o d\u00e3n g\u1ea5p <\/span><span style=\"font-family: 'times new roman', times, serif; font-size: 130%; color: #000000;\">\u0111\u00f4i, g\u1ea5p ba chi\u1ec1u d\u00e0i ban \u0111\u1ea7u kh\u00f4ng \u0111\u1ee9t. D\u00e2y b\u1ebb, g\u1eadp \u0111\u01b0\u1ee3c nhi\u1ec1u l\u1ea7n, xo\u1eafn g\u00fat v\u00e0 \u0111\u1ea3m b\u1ea3o \u0111\u01b0\u1ee3c b\u1ec1 m\u1eb7t c\u00e1ch \u0111i\u1ec7n kh\u00f4ng r\u1ea1n n\u1ee9t.<\/span><\/p>\n<p><img loading=\"lazy\" decoding=\"async\" class=\"alignnone size-full wp-image-3076 aligncenter\" src=\"https:\/\/tranthi.vn\/quangnam\/wp-content\/uploads\/2021\/04\/untitled-1_optimized-7.jpg\" alt=\"\" width=\"300\" height=\"200\" \/><\/p>\n<p><span style=\"font-family: 'times new roman', times, serif; font-size: 130%; color: #000000;\">&#8211; S\u1ed1 l\u01b0\u1ee3ng ru\u1ed9t d\u1eabn \u0111\u01b0\u1ee3c ghi b\u00ean ngo\u00e0i, n\u1ebfu mu\u1ed1n ch\u1eafc ch\u1eafn h\u00e3y l\u1ea5y 1 \u0111\u1ea7u d\u00e2y v\u00e0 \u0111\u1ebfm l\u1ea1i. \u0110\u01b0\u1eddng k\u00ednh s\u1ee3i nh\u1ecf b\u00ean trong kh\u00f3 ki\u1ec3m tra ph\u1ea3i c\u00f3 th\u01b0\u1edbc \u0111o chuy\u1ec7n d\u1ee5ng.<\/span><\/p>\n<p><span style=\"font-family: 'times new roman', times, serif; font-size: 130%; color: #000000;\">&#8211; <strong><em>D\u00e2y c\u00e1p \u0111i\u1ec7n Cadivi<\/em><\/strong> ch\u1ea5t l\u01b0\u1ee3ng \u0111\u1ea3m b\u1ea3o \u0111\u01b0\u1ee3c ru\u1ed9t d\u1eabn s\u00e1ng, b\u00f3ng, d\u00e2y \u0111\u1ed3ng ru\u1ed9t m\u1ec1m d\u1ebbo. \u0110\u1ed1i v\u1edbi d\u00e2y \u0111\u1ed3ng c\u00f3 nhi\u1ec1u s\u1ee3i nh\u1ecf khi d\u00f9ng 2 ng\u00f3n tay xo\u1eafn ru\u1ed9t c\u00e1c s\u1ee3i nh\u1ecf kh\u00f4ng bung, kh\u00f4ng g\u00e3y, kh\u00f4ng \u0111\u00e2m v\u00e0o tay. V\u1edbi ru\u1ed9t d\u1eabn \u0111\u01a1n khi b\u1ebb g\u1eadp ru\u1ed9t \u0111\u1ed3ng nhi\u1ec1u l\u1ea7n kh\u00f4ng g\u00e3y g\u1eadp.<\/span><\/p>\n<p>&nbsp;<\/p>\n","protected":false},"excerpt":{"rendered":"<p>Gi\u00e1 d\u00e2y \u0111i\u1ec7n cadivi H\u00e0 T\u0129nh Tr\u1ea7n Th\u1ecb lu\u00f4n mu\u1ed1n mang \u0111\u1ebfn cho kh\u00e1ch h\u00e0ng nh\u1eefng s\u1ea3n ph\u1ea9m d\u00e2y c\u00e1p \u0111i\u1ec7n cadivi ch\u1ea5t l\u01b0\u1ee3ng, gi\u00e1 c\u1ea3 h\u1ee3p l\u00fd nh\u1ea5t t\u1ea1i H\u00e0 T\u0129nh. \u0110\u1ec3 nh\u1eadn \u0111\u01b0\u1ee3c b\u00e1o gi\u00e1 ch\u00ednh x\u00e1c nh\u1ea5t qu\u00fd kh\u00e1ch h\u00e0ng vui l\u00f2ng li\u00ean h\u1ec7 Hotline\/zalo: 0947335871 1. C\u00e1c s\u1ea3n ph\u1ea9m d\u00e2y \u0111i\u1ec7n [&#8230;]\n","protected":false},"featured_media":3076,"comment_status":"closed","ping_status":"closed","template":"","meta":[],"product_cat":[15,401,435],"product_tag":[],"class_list":{"0":"post-3074","1":"product","2":"type-product","3":"status-publish","4":"has-post-thumbnail","6":"product_cat-chua-phan-loai","7":"product_cat-dien","8":"product_cat-thiet-bi-dien-nuoc","10":"first","11":"instock","12":"shipping-taxable","13":"product-type-simple"},"yoast_head":"<!-- This site is optimized with the Yoast SEO Premium plugin v22.3 (Yoast SEO v22.8) - https:\/\/yoast.com\/wordpress\/plugins\/seo\/ -->\n<title>Gi\u00e1 d\u00e2y \u0111i\u1ec7n Cadivi ch\u00ednh h\u00e3ng t\u1ea1i H\u00e0 T\u0129nh- 0947335871<\/title>\n<meta name=\"description\" content=\"Tr\u1ea7n Th\u1ecb- chuy\u00ean cung c\u1ea5p d\u00e2y \u0111i\u1ec7n cadivi c\u00e1c lo\u1ea1i v\u00e0 gi\u00e1 t\u1ed1t t\u1ea1i H\u00e0 T\u0129nh, t\u1ea5t c\u1ea3 c\u00e1c lo\u1ea1i cho nh\u00e0 \u1edf d\u00e2n d\u1ee5ng ho\u1eb7c \u0111i\u1ec7n c\u00f4ng nghi\u1ec7p\" \/>\n<meta name=\"robots\" content=\"index, follow, max-snippet:-1, max-image-preview:large, max-video-preview:-1\" \/>\n<link rel=\"canonical\" href=\"https:\/\/tranthi.vn\/hatinh\/gia-day-dien-cadivi-ha-tinh\/\" \/>\n<meta property=\"og:locale\" content=\"vi_VN\" \/>\n<meta property=\"og:type\" content=\"article\" \/>\n<meta property=\"og:title\" content=\"Gi\u00e1 d\u00e2y \u0111i\u1ec7n cadivi \u0111\u00e0 n\u1eb5ng\" \/>\n<meta property=\"og:description\" content=\"Tr\u1ea7n Th\u1ecb- chuy\u00ean cung c\u1ea5p d\u00e2y \u0111i\u1ec7n cadivi c\u00e1c lo\u1ea1i v\u00e0 gi\u00e1 t\u1ed1t t\u1ea1i H\u00e0 T\u0129nh, t\u1ea5t c\u1ea3 c\u00e1c lo\u1ea1i cho nh\u00e0 \u1edf d\u00e2n d\u1ee5ng ho\u1eb7c \u0111i\u1ec7n c\u00f4ng nghi\u1ec7p\" \/>\n<meta property=\"og:url\" content=\"https:\/\/tranthi.vn\/hatinh\/gia-day-dien-cadivi-ha-tinh\/\" \/>\n<meta property=\"og:site_name\" content=\"V\u1eadt Li\u1ec7u X\u00e2y D\u1ef1ng Tr\u1ea7n Th\u1ecb Chi Nh\u00e1nh H\u00e0 T\u0129nh\" \/>\n<meta property=\"article:modified_time\" content=\"2024-07-31T08:09:22+00:00\" \/>\n<meta property=\"og:image\" content=\"https:\/\/tranthi.vn\/hatinh\/wp-content\/uploads\/2021\/04\/untitled-1_optimized-7.jpg\" \/>\n\t<meta property=\"og:image:width\" content=\"300\" \/>\n\t<meta property=\"og:image:height\" content=\"200\" \/>\n\t<meta property=\"og:image:type\" content=\"image\/jpeg\" \/>\n<meta name=\"twitter:card\" content=\"summary_large_image\" \/>\n<meta name=\"twitter:label1\" content=\"Gi\u00e1\" \/>\n\t<meta name=\"twitter:data1\" content=\"\" \/>\n\t<meta name=\"twitter:label2\" content=\"Kh\u1ea3 d\u1ee5ng\" \/>\n\t<meta name=\"twitter:data2\" content=\"Trong kho\" \/>\n<script type=\"application\/ld+json\" class=\"yoast-schema-graph\">{\"@context\":\"https:\/\/schema.org\",\"@graph\":[{\"@type\":[\"WebPage\",\"ItemPage\"],\"@id\":\"https:\/\/tranthi.vn\/hatinh\/gia-day-dien-cadivi-ha-tinh\/\",\"url\":\"https:\/\/tranthi.vn\/hatinh\/gia-day-dien-cadivi-ha-tinh\/\",\"name\":\"Gi\u00e1 d\u00e2y \u0111i\u1ec7n Cadivi ch\u00ednh h\u00e3ng t\u1ea1i H\u00e0 T\u0129nh- 0947335871\",\"isPartOf\":{\"@id\":\"https:\/\/tranthi.vn\/hatinh\/#website\"},\"primaryImageOfPage\":{\"@id\":\"https:\/\/tranthi.vn\/hatinh\/gia-day-dien-cadivi-ha-tinh\/#primaryimage\"},\"image\":{\"@id\":\"https:\/\/tranthi.vn\/hatinh\/gia-day-dien-cadivi-ha-tinh\/#primaryimage\"},\"thumbnailUrl\":\"https:\/\/tranthi.vn\/hatinh\/wp-content\/uploads\/2021\/04\/untitled-1_optimized-7.jpg\",\"datePublished\":\"2021-04-16T08:40:18+00:00\",\"dateModified\":\"2024-07-31T08:09:22+00:00\",\"description\":\"Tr\u1ea7n Th\u1ecb- chuy\u00ean cung c\u1ea5p d\u00e2y \u0111i\u1ec7n cadivi c\u00e1c lo\u1ea1i v\u00e0 gi\u00e1 t\u1ed1t t\u1ea1i H\u00e0 T\u0129nh, t\u1ea5t c\u1ea3 c\u00e1c lo\u1ea1i cho nh\u00e0 \u1edf d\u00e2n d\u1ee5ng ho\u1eb7c \u0111i\u1ec7n c\u00f4ng nghi\u1ec7p\",\"breadcrumb\":{\"@id\":\"https:\/\/tranthi.vn\/hatinh\/gia-day-dien-cadivi-ha-tinh\/#breadcrumb\"},\"inLanguage\":\"vi\",\"potentialAction\":[{\"@type\":\"ReadAction\",\"target\":[\"https:\/\/tranthi.vn\/hatinh\/gia-day-dien-cadivi-ha-tinh\/\"]}]},{\"@type\":\"ImageObject\",\"inLanguage\":\"vi\",\"@id\":\"https:\/\/tranthi.vn\/hatinh\/gia-day-dien-cadivi-ha-tinh\/#primaryimage\",\"url\":\"https:\/\/tranthi.vn\/hatinh\/wp-content\/uploads\/2021\/04\/untitled-1_optimized-7.jpg\",\"contentUrl\":\"https:\/\/tranthi.vn\/hatinh\/wp-content\/uploads\/2021\/04\/untitled-1_optimized-7.jpg\",\"width\":300,\"height\":200},{\"@type\":\"BreadcrumbList\",\"@id\":\"https:\/\/tranthi.vn\/hatinh\/gia-day-dien-cadivi-ha-tinh\/#breadcrumb\",\"itemListElement\":[{\"@type\":\"ListItem\",\"position\":1,\"name\":\"Trang ch\u1ee7\",\"item\":\"https:\/\/tranthi.vn\/hatinh\/\"},{\"@type\":\"ListItem\",\"position\":2,\"name\":\"Shop\",\"item\":\"https:\/\/tranthi.vn\/hatinh\/shop\/\"},{\"@type\":\"ListItem\",\"position\":3,\"name\":\"Gi\u00e1 d\u00e2y \u0111i\u1ec7n cadivi \u0111\u00e0 n\u1eb5ng\"}]},{\"@type\":\"WebSite\",\"@id\":\"https:\/\/tranthi.vn\/hatinh\/#website\",\"url\":\"https:\/\/tranthi.vn\/hatinh\/\",\"name\":\"V\u1eadt Li\u1ec7u X\u00e2y D\u1ef1ng Tr\u1ea7n Th\u1ecb Chi Nh\u00e1nh H\u00e0 T\u0129nh\",\"description\":\"V\u1eadt Li\u1ec7u X\u00e2y D\u1ef1ng - H\u00e0 T\u0129nh\",\"potentialAction\":[{\"@type\":\"SearchAction\",\"target\":{\"@type\":\"EntryPoint\",\"urlTemplate\":\"https:\/\/tranthi.vn\/hatinh\/?s={search_term_string}\"},\"query-input\":\"required name=search_term_string\"}],\"inLanguage\":\"vi\"},{\"@type\":\"ImageObject\",\"inLanguage\":\"vi\",\"@id\":\"https:\/\/tranthi.vn\/hatinh\/gia-day-dien-cadivi-ha-tinh\/#local-main-organization-logo\",\"url\":\"\",\"contentUrl\":\"\",\"caption\":\"V\u1eadt Li\u1ec7u X\u00e2y D\u1ef1ng Tr\u1ea7n Th\u1ecb Chi Nh\u00e1nh H\u00e0 T\u0129nh\"}]}<\/script>\n<meta property=\"product:price:amount\" content=\"0\" \/>\n<meta property=\"product:price:currency\" content=\"VND\" \/>\n<meta property=\"og:availability\" content=\"instock\" \/>\n<meta property=\"product:availability\" content=\"instock\" \/>\n<meta property=\"product:condition\" content=\"new\" \/>\n<!-- \/ Yoast SEO Premium plugin. -->","yoast_head_json":{"title":"Gi\u00e1 d\u00e2y \u0111i\u1ec7n Cadivi ch\u00ednh h\u00e3ng t\u1ea1i H\u00e0 T\u0129nh- 0947335871","description":"Tr\u1ea7n Th\u1ecb- chuy\u00ean cung c\u1ea5p d\u00e2y \u0111i\u1ec7n cadivi c\u00e1c lo\u1ea1i v\u00e0 gi\u00e1 t\u1ed1t t\u1ea1i H\u00e0 T\u0129nh, t\u1ea5t c\u1ea3 c\u00e1c lo\u1ea1i cho nh\u00e0 \u1edf d\u00e2n d\u1ee5ng ho\u1eb7c \u0111i\u1ec7n c\u00f4ng nghi\u1ec7p","robots":{"index":"index","follow":"follow","max-snippet":"max-snippet:-1","max-image-preview":"max-image-preview:large","max-video-preview":"max-video-preview:-1"},"canonical":"https:\/\/tranthi.vn\/hatinh\/gia-day-dien-cadivi-ha-tinh\/","og_locale":"vi_VN","og_type":"article","og_title":"Gi\u00e1 d\u00e2y \u0111i\u1ec7n cadivi \u0111\u00e0 n\u1eb5ng","og_description":"Tr\u1ea7n Th\u1ecb- chuy\u00ean cung c\u1ea5p d\u00e2y \u0111i\u1ec7n cadivi c\u00e1c lo\u1ea1i v\u00e0 gi\u00e1 t\u1ed1t t\u1ea1i H\u00e0 T\u0129nh, t\u1ea5t c\u1ea3 c\u00e1c lo\u1ea1i cho nh\u00e0 \u1edf d\u00e2n d\u1ee5ng ho\u1eb7c \u0111i\u1ec7n c\u00f4ng nghi\u1ec7p","og_url":"https:\/\/tranthi.vn\/hatinh\/gia-day-dien-cadivi-ha-tinh\/","og_site_name":"V\u1eadt Li\u1ec7u X\u00e2y D\u1ef1ng Tr\u1ea7n Th\u1ecb Chi Nh\u00e1nh H\u00e0 T\u0129nh","article_modified_time":"2024-07-31T08:09:22+00:00","og_image":[{"width":300,"height":200,"url":"https:\/\/tranthi.vn\/hatinh\/wp-content\/uploads\/2021\/04\/untitled-1_optimized-7.jpg","type":"image\/jpeg"}],"twitter_card":"summary_large_image","twitter_misc":{"Gi\u00e1":"","Kh\u1ea3 d\u1ee5ng":"Trong kho"},"schema":{"@context":"https:\/\/schema.org","@graph":[{"@type":["WebPage","ItemPage"],"@id":"https:\/\/tranthi.vn\/hatinh\/gia-day-dien-cadivi-ha-tinh\/","url":"https:\/\/tranthi.vn\/hatinh\/gia-day-dien-cadivi-ha-tinh\/","name":"Gi\u00e1 d\u00e2y \u0111i\u1ec7n Cadivi ch\u00ednh h\u00e3ng t\u1ea1i H\u00e0 T\u0129nh- 0947335871","isPartOf":{"@id":"https:\/\/tranthi.vn\/hatinh\/#website"},"primaryImageOfPage":{"@id":"https:\/\/tranthi.vn\/hatinh\/gia-day-dien-cadivi-ha-tinh\/#primaryimage"},"image":{"@id":"https:\/\/tranthi.vn\/hatinh\/gia-day-dien-cadivi-ha-tinh\/#primaryimage"},"thumbnailUrl":"https:\/\/tranthi.vn\/hatinh\/wp-content\/uploads\/2021\/04\/untitled-1_optimized-7.jpg","datePublished":"2021-04-16T08:40:18+00:00","dateModified":"2024-07-31T08:09:22+00:00","description":"Tr\u1ea7n Th\u1ecb- chuy\u00ean cung c\u1ea5p d\u00e2y \u0111i\u1ec7n cadivi c\u00e1c lo\u1ea1i v\u00e0 gi\u00e1 t\u1ed1t t\u1ea1i H\u00e0 T\u0129nh, t\u1ea5t c\u1ea3 c\u00e1c lo\u1ea1i cho nh\u00e0 \u1edf d\u00e2n d\u1ee5ng ho\u1eb7c \u0111i\u1ec7n c\u00f4ng nghi\u1ec7p","breadcrumb":{"@id":"https:\/\/tranthi.vn\/hatinh\/gia-day-dien-cadivi-ha-tinh\/#breadcrumb"},"inLanguage":"vi","potentialAction":[{"@type":"ReadAction","target":["https:\/\/tranthi.vn\/hatinh\/gia-day-dien-cadivi-ha-tinh\/"]}]},{"@type":"ImageObject","inLanguage":"vi","@id":"https:\/\/tranthi.vn\/hatinh\/gia-day-dien-cadivi-ha-tinh\/#primaryimage","url":"https:\/\/tranthi.vn\/hatinh\/wp-content\/uploads\/2021\/04\/untitled-1_optimized-7.jpg","contentUrl":"https:\/\/tranthi.vn\/hatinh\/wp-content\/uploads\/2021\/04\/untitled-1_optimized-7.jpg","width":300,"height":200},{"@type":"BreadcrumbList","@id":"https:\/\/tranthi.vn\/hatinh\/gia-day-dien-cadivi-ha-tinh\/#breadcrumb","itemListElement":[{"@type":"ListItem","position":1,"name":"Trang ch\u1ee7","item":"https:\/\/tranthi.vn\/hatinh\/"},{"@type":"ListItem","position":2,"name":"Shop","item":"https:\/\/tranthi.vn\/hatinh\/shop\/"},{"@type":"ListItem","position":3,"name":"Gi\u00e1 d\u00e2y \u0111i\u1ec7n cadivi \u0111\u00e0 n\u1eb5ng"}]},{"@type":"WebSite","@id":"https:\/\/tranthi.vn\/hatinh\/#website","url":"https:\/\/tranthi.vn\/hatinh\/","name":"V\u1eadt Li\u1ec7u X\u00e2y D\u1ef1ng Tr\u1ea7n Th\u1ecb Chi Nh\u00e1nh H\u00e0 T\u0129nh","description":"V\u1eadt Li\u1ec7u X\u00e2y D\u1ef1ng - H\u00e0 T\u0129nh","potentialAction":[{"@type":"SearchAction","target":{"@type":"EntryPoint","urlTemplate":"https:\/\/tranthi.vn\/hatinh\/?s={search_term_string}"},"query-input":"required name=search_term_string"}],"inLanguage":"vi"},{"@type":"ImageObject","inLanguage":"vi","@id":"https:\/\/tranthi.vn\/hatinh\/gia-day-dien-cadivi-ha-tinh\/#local-main-organization-logo","url":"","contentUrl":"","caption":"V\u1eadt Li\u1ec7u X\u00e2y D\u1ef1ng Tr\u1ea7n Th\u1ecb Chi Nh\u00e1nh H\u00e0 T\u0129nh"}]},"product_price_currency":"VND","og_availability":"instock","product_availability":"instock","product_condition":"new"},"_links":{"self":[{"href":"https:\/\/tranthi.vn\/hatinh\/wp-json\/wp\/v2\/product\/3074","targetHints":{"allow":["GET"]}}],"collection":[{"href":"https:\/\/tranthi.vn\/hatinh\/wp-json\/wp\/v2\/product"}],"about":[{"href":"https:\/\/tranthi.vn\/hatinh\/wp-json\/wp\/v2\/types\/product"}],"replies":[{"embeddable":true,"href":"https:\/\/tranthi.vn\/hatinh\/wp-json\/wp\/v2\/comments?post=3074"}],"wp:featuredmedia":[{"embeddable":true,"href":"https:\/\/tranthi.vn\/hatinh\/wp-json\/wp\/v2\/media\/3076"}],"wp:attachment":[{"href":"https:\/\/tranthi.vn\/hatinh\/wp-json\/wp\/v2\/media?parent=3074"}],"wp:term":[{"taxonomy":"product_cat","embeddable":true,"href":"https:\/\/tranthi.vn\/hatinh\/wp-json\/wp\/v2\/product_cat?post=3074"},{"taxonomy":"product_tag","embeddable":true,"href":"https:\/\/tranthi.vn\/hatinh\/wp-json\/wp\/v2\/product_tag?post=3074"}],"curies":[{"name":"wp","href":"https:\/\/api.w.org\/{rel}","templated":true}]}}