{"id":3073,"date":"2021-04-16T10:45:51","date_gmt":"2021-04-16T03:45:51","guid":{"rendered":"https:\/\/tranthi.vn\/quangnam\/?post_type=product&#038;p=3073"},"modified":"2024-07-31T16:48:28","modified_gmt":"2024-07-31T09:48:28","slug":"gia-thiet-bi-ve-sinh-toto-tai-ha-tinh","status":"publish","type":"product","link":"https:\/\/tranthi.vn\/hatinh\/gia-thiet-bi-ve-sinh-toto-tai-ha-tinh\/","title":{"rendered":"Thi\u1ebft b\u1ecb v\u1ec7 sinh b\u1ed3n c\u1ea7u ( b\u00e0n c\u1ea7u) toto \u0111\u00e0 n\u1eb5ng"},"content":{"rendered":"<h1 style=\"text-align: center;\"><span style=\"color: #ff0000;\"><strong><span style=\"font-family: 'times new roman', times, serif; font-size: 130%;\">Thi\u1ebft b\u1ecb v\u1ec7 sinh b\u1ed3n c\u1ea7u ( b\u00e0n c\u1ea7u) toto <a href=\"https:\/\/vi.wikipedia.org\/wiki\/H%C3%A0_T%C4%A9nh\">H\u00e0 T\u0129nh<\/a><\/span><\/strong><\/span><\/h1>\n<p><span style=\"font-family: 'times new roman', times, serif; font-size: 130%; color: #000000;\">Hi\u1ec7n nay, tr\u00ean th\u1ecb tr\u01b0\u1eddng <a href=\"https:\/\/vi.wikipedia.org\/wiki\/H%C3%A0_T%C4%A9nh\">H\u00e0 T\u0129nh<\/a>, <strong>thi\u1ebft b\u1ecb v\u1ec7 sinh <\/strong>mang th\u01b0\u01a1ng hi\u1ec7u <strong>toto <\/strong>l\u00e0 m\u1ed9t trong b\u1ed1n th\u01b0\u01a1ng hi\u1ec7u m\u1ea1nh t\u1ea1i th\u1ecb tr\u01b0\u1eddng H\u00e0 T\u0129nh<\/span><\/p>\n<p><span style=\"color: #000000; font-family: times new roman, times, serif;\"><span style=\"font-size: 18.72px;\">V\u1edbi nhu c\u1ea7u c\u1ea1nh tranh v\u1ec1 gi\u00e1 v\u00e0 m\u1eabu m\u00e3, nhi\u1ec1u ngu\u1ed3n h\u00e0ng gi\u1ea3 h\u00e0ng nh\u00e1i \u0111\u01b0\u1ee3c tung ra th\u1ecb tr\u01b0\u1eddng. Nh\u1eefng lo\u1ea1i h\u00e0ng gi\u1ea3 h\u00e0ng nh\u00e1i nh\u01b0ng m\u1eabu m\u00e3 c\u0169ng r\u1ea5t b\u1eaft m\u1eaft \u0111\u1eb7c bi\u1ec7t <a href=\"https:\/\/vi.wikipedia.org\/wiki\/Gi%C3%A1_c%E1%BA%A3#:~:text=Gi%C3%A1%20c%E1%BA%A3%20l%C3%A0%20bi%E1%BB%83u%20hi%E1%BB%87n,m%E1%BB%99t%20t%C3%A0i%20s%E1%BA%A3n%20n%C3%A0o%20%C4%91%C3%B3.\">gi\u00e1<\/a> th\u00e0nh th\u1ea5p \u0111\u00e1nh v\u00e0 t\u00e2m l\u00fd r\u1ebb c\u1ee7a ng\u01b0\u1eddi ti\u00eau d\u00f9ng n\u00ean n\u00f3 \u0111\u01b0\u1ee3c ti\u00eau th\u1ee5 r\u1ea5t m\u1ea1nh<\/span><\/span><\/p>\n<p style=\"text-align: center;\"><iframe loading=\"lazy\" src=\"\/\/www.youtube.com\/embed\/Uhd6RCefZt0\" width=\"560\" height=\"314\" allowfullscreen=\"allowfullscreen\"><\/iframe><\/p>\n<p>&nbsp;<\/p>\n<p><span style=\"font-family: 'times new roman', times, serif; font-size: 130%; color: #000000;\">Danh m\u1ee5c s\u1ea3n ph\u1ea9m c\u1ee7a ToTo<\/span><\/p>\n<p><span style=\"font-family: 'times new roman', times, serif; font-size: 130%; color: #000000;\">&#8211; B\u00e0n c\u1ea7u ( b\u1ed3n c\u1ea7u)<\/span><\/p>\n<p><span style=\"font-family: 'times new roman', times, serif; font-size: 130%; color: #000000;\">&#8211; Ch\u1eadu r\u1eeda<\/span><\/p>\n<p><span style=\"font-family: 'times new roman', times, serif; font-size: 130%; color: #000000;\">&#8211; Sen v\u00f2i<\/span><\/p>\n<p><span style=\"font-family: 'times new roman', times, serif; font-size: 130%; color: #000000;\">&#8211; B\u1ed3n t\u1eafm<\/span><\/p>\n<h2><strong><span style=\"font-family: 'times new roman', times, serif; font-size: 130%; color: #ff0000;\">1. Thi\u1ebft b\u1ecb v\u1ec7 sinh Toto c\u00f3 t\u1ed1t kh\u00f4ng?<\/span><\/strong><\/h2>\n<h3><span style=\"font-family: 'times new roman', times, serif; font-size: 130%; color: #000000;\">a) Xu\u1ea5t x\u1ee9<\/span><\/h3>\n<p><span style=\"font-family: 'times new roman', times, serif; font-size: 130%; color: #000000;\"><em><strong>Thi\u1ebft b\u1ecb v\u1ec7 sinh Toto<\/strong><\/em> c\u00f3 t\u1ed1t kh\u00f4ng? B\u1ea1n c\u1ea7n t\u00ecm hi\u1ec3u m\u1ed9t ch\u00fat v\u1ec1 ngu\u1ed3n g\u1ed1c c\u1ee7a th\u01b0\u01a1ng hi\u1ec7u. Toto ch\u00ednh l\u00e0 th\u01b0\u01a1ng hi\u1ec7u c\u1ee7a Nh\u1eadt B\u1ea3n, c\u00f3 ngu\u1ed3n g\u1ed1c, xu\u1ea5t x\u1ee9 t\u1eeb x\u1ee9 s\u1edf hoa anh \u0111\u00e0o.<\/span><\/p>\n<p><span style=\"font-family: 'times new roman', times, serif; font-size: 130%; color: #000000;\">Thi\u1ebft b\u1ecb v\u1ec7 sinh c\u1ee7a th\u01b0\u01a1ng hi\u1ec7u n\u00e0y \u0111\u00e3 s\u1edbm n\u1ed5i ti\u1ebfng tr\u00ean to\u00e0n th\u1ebf gi\u1edbi. V\u00e0 t\u1eeb n\u0103m 2004, th\u01b0\u01a1ng hi\u1ec7u thi\u1ebft b\u1ecb v\u1ec7 sinh Toto \u0111\u00e3 c\u00f3 nh\u00e0 m\u00e1y s\u1ea3n xu\u1ea5t t\u1ea1i Vi\u1ec7t Nam. \u0110\u00e1p \u1ee9ng t\u1ed1t nhu c\u1ea7u ti\u00eau d\u00f9ng c\u1ee7a m\u1ecdi gia \u0111\u00ecnh Vi\u1ec7t.<\/span><\/p>\n<h3><span style=\"font-family: 'times new roman', times, serif; font-size: 130%; color: #000000;\">b) Ch\u1ea5t l\u01b0\u1ee3ng s\u1ea3n ph\u1ea9m<\/span><\/h3>\n<p><span style=\"font-family: 'times new roman', times, serif; font-size: 130%; color: #000000;\">C\u00f3 th\u1ec3 kh\u1eb3ng \u0111\u1ecbnh ngay, t\u1ea1i th\u1ecb tr\u01b0\u1eddng trong n\u01b0\u1edbc kh\u00f4ng m\u1ed9t th\u01b0\u01a1ng hi\u1ec7u<em> thi\u1ebft b\u1ecb v\u1ec7 sinh<\/em> cao c\u1ea5p n\u00e0o c\u00f3 ch\u1ea5t l\u01b0\u1ee3ng \u201cv\u01b0\u1ee3t m\u1eb7t\u201d \u0111\u01b0\u1ee3c Toto. B\u1edfi kh\u00f4ng ch\u1ec9 c\u00f3 ti\u1ebfng t\u0103m t\u1ea1i n\u1ed9i \u0111\u1ecba m\u00e0 ngay c\u1ea3 tr\u00ean th\u1ebf gi\u1edbi Toto c\u0169ng \u0111\u00e3 kh\u1eb3ng \u0111\u1ecbnh \u0111\u01b0\u1ee3c v\u1ecb th\u1ebf c\u1ee7a m\u00ecnh t\u1eeb l\u00e2u.<\/span><\/p>\n<p><span style=\"font-family: 'times new roman', times, serif; font-size: 130%; color: #000000;\">Kh\u00f4ng ph\u1ea3i ng\u1eabu nhi\u00ean <strong><em>Toto<\/em><\/strong> \u0111\u01b0\u1ee3c ng\u01b0\u1eddi d\u00e2n th\u1ebf gi\u1edbi tin t\u01b0\u1edfng nh\u01b0 v\u1eady. B\u00ean c\u1ea1nh ki\u1ec3u d\u00e1ng sang tr\u1ecdng, tinh t\u1ebf tr\u00ean t\u1eebng \u0111\u01b0\u1eddng n\u00e9t th\u00ec ch\u1ea5t l\u01b0\u1ee3ng, \u0111\u1ed9 b\u1ec1n ch\u00ednh l\u00e0 \u0111i\u1ec3m c\u1ed9ng tuy\u1ec7t \u0111\u1ed1i cho c\u00e1c thi\u1ebft b\u1ecb v\u1ec7 sinh Toto<\/span><\/p>\n<p><img loading=\"lazy\" decoding=\"async\" class=\"alignnone size-full wp-image-3080 aligncenter\" src=\"https:\/\/tranthi.vn\/quangnam\/wp-content\/uploads\/2021\/04\/unnamed_optimized-1.jpg\" alt=\"gia-thiet-bi-ve-sinh-toto-tai-da-nang\" width=\"512\" height=\"266\" \/><\/p>\n<p><span style=\"font-family: 'times new roman', times, serif; font-size: 130%; color: #000000;\">Lu\u00f4n lu\u00f4n \u0111\u1ea7u t\u01b0 nh\u1eefng nguy\u00ean li\u1ec7u t\u1ed1t nh\u1ea5t v\u00e0 nghi\u00ean c\u1ee9u v\u1edbi nh\u1eefng c\u00f4ng ngh\u1ec7 ti\u00ean ti\u1ebfn nh\u1ea5t. Khi s\u1ea3n xu\u1ea5t c\u00e1c thi\u1ebft b\u1ecb v\u1ec7 sinh c\u1ee7a m\u00ecnh. Toto th\u1ef1c s\u1ef1 mang \u0111\u1ebfn nh\u1eefng thi\u1ebft b\u1ecb v\u1ec7 sinh tuy\u1ec7t v\u1eddi nh\u1ea5t cho ng\u01b0\u1eddi d\u00f9ng.<\/span><\/p>\n<blockquote id=\"thiet-bi-ve-sinh-cotto\" cite=\"https:\/\/vn.toto.com\/dieu-gi-lam-nen-su-khac-biet-o-thiet-bi-ve-sinh-toto\/\"><p><span style=\"font-family: 'times new roman', times, serif; font-size: 130%;\">Kh\u00f4ng ch\u1ec9 c\u00f3 ch\u1ea5t l\u01b0\u1ee3ng ph\u1ee5c v\u1ee5 nhu c\u1ea7u s\u1ee9c kh\u1ecfe, c\u00e1c thi\u1ebft b\u1ecb v\u1ec7 sinh TOTO \u0111\u1ec1u \u0111\u01b0\u1ee3c \u0111\u00e1nh gi\u00e1 l\u00e0 n\u1ed5i b\u1eadt v\u1ec1 s\u1ef1 \u0111a d\u1ea1ng v\u00e0 t\u00ednh th\u1ea9m m\u1ef9. \u0110\u01b0\u1ee3c thi\u1ebft k\u1ebf theo nh\u1eefng concept nh\u1ea5t \u0111\u1ecbnh, c\u00f3 th\u1ec3 k\u1ebft h\u1ee3p h\u00e0i h\u00f2a v\u1edbi m\u1ecdi kh\u00f4ng gian trong nh\u00e0.<\/span><\/p><\/blockquote>\n<p>&nbsp;<\/p>\n","protected":false},"excerpt":{"rendered":"<p>Thi\u1ebft b\u1ecb v\u1ec7 sinh b\u1ed3n c\u1ea7u ( b\u00e0n c\u1ea7u) toto H\u00e0 T\u0129nh Hi\u1ec7n nay, tr\u00ean th\u1ecb tr\u01b0\u1eddng H\u00e0 T\u0129nh, thi\u1ebft b\u1ecb v\u1ec7 sinh mang th\u01b0\u01a1ng hi\u1ec7u toto l\u00e0 m\u1ed9t trong b\u1ed1n th\u01b0\u01a1ng hi\u1ec7u m\u1ea1nh t\u1ea1i th\u1ecb tr\u01b0\u1eddng H\u00e0 T\u0129nh V\u1edbi nhu c\u1ea7u c\u1ea1nh tranh v\u1ec1 gi\u00e1 v\u00e0 m\u1eabu m\u00e3, nhi\u1ec1u ngu\u1ed3n h\u00e0ng gi\u1ea3 h\u00e0ng nh\u00e1i [&#8230;]\n","protected":false},"featured_media":3081,"comment_status":"closed","ping_status":"closed","template":"","meta":[],"product_cat":[15],"product_tag":[],"class_list":{"0":"post-3073","1":"product","2":"type-product","3":"status-publish","4":"has-post-thumbnail","6":"product_cat-chua-phan-loai","8":"first","9":"instock","10":"shipping-taxable","11":"product-type-simple"},"yoast_head":"<!-- This site is optimized with the Yoast SEO Premium plugin v22.3 (Yoast SEO v22.8) - https:\/\/yoast.com\/wordpress\/plugins\/seo\/ -->\n<title>Gi\u00e1 thi\u1ebft b\u1ecb v\u1ec7 sinh toto t\u1ea1i H\u00e0 T\u0129nh- 0947335871<\/title>\n<meta name=\"description\" content=\"Tr\u1ea7n Th\u1ecb-chuy\u00ean cung c\u1ea5p thi\u1ebft b\u1ecb v\u1ec7 sinh, b\u1ed3n c\u1ea7u toto t\u1ea1i H\u00e0 T\u0129nh, cung c\u1ea5p s\u1ea3n ph\u1ea9m ch\u00ednh h\u00e3ng, giao h\u00e0ng t\u1eadn n\u01a1i n\u1ed9i th\u00e0nh\" \/>\n<meta name=\"robots\" content=\"index, follow, max-snippet:-1, max-image-preview:large, max-video-preview:-1\" \/>\n<link rel=\"canonical\" href=\"https:\/\/tranthi.vn\/hatinh\/gia-thiet-bi-ve-sinh-toto-tai-ha-tinh\/\" \/>\n<meta property=\"og:locale\" content=\"vi_VN\" \/>\n<meta property=\"og:type\" content=\"article\" \/>\n<meta property=\"og:title\" content=\"Thi\u1ebft b\u1ecb v\u1ec7 sinh b\u1ed3n c\u1ea7u ( b\u00e0n c\u1ea7u) toto \u0111\u00e0 n\u1eb5ng\" \/>\n<meta property=\"og:description\" content=\"Tr\u1ea7n Th\u1ecb-chuy\u00ean cung c\u1ea5p thi\u1ebft b\u1ecb v\u1ec7 sinh, b\u1ed3n c\u1ea7u toto t\u1ea1i H\u00e0 T\u0129nh, cung c\u1ea5p s\u1ea3n ph\u1ea9m ch\u00ednh h\u00e3ng, giao h\u00e0ng t\u1eadn n\u01a1i n\u1ed9i th\u00e0nh\" \/>\n<meta property=\"og:url\" content=\"https:\/\/tranthi.vn\/hatinh\/gia-thiet-bi-ve-sinh-toto-tai-ha-tinh\/\" \/>\n<meta property=\"og:site_name\" content=\"V\u1eadt Li\u1ec7u X\u00e2y D\u1ef1ng Tr\u1ea7n Th\u1ecb Chi Nh\u00e1nh H\u00e0 T\u0129nh\" \/>\n<meta property=\"article:modified_time\" content=\"2024-07-31T09:48:28+00:00\" \/>\n<meta property=\"og:image\" content=\"https:\/\/tranthi.vn\/hatinh\/wp-content\/uploads\/2021\/04\/bao-gia-tron-bo-thiet-bi-ve-sinh-cotto-1_optimized.jpg\" \/>\n\t<meta property=\"og:image:width\" content=\"400\" \/>\n\t<meta property=\"og:image:height\" content=\"200\" \/>\n\t<meta property=\"og:image:type\" content=\"image\/jpeg\" \/>\n<meta name=\"twitter:card\" content=\"summary_large_image\" \/>\n<meta name=\"twitter:label1\" content=\"Gi\u00e1\" \/>\n\t<meta name=\"twitter:data1\" content=\"\" \/>\n\t<meta name=\"twitter:label2\" content=\"Kh\u1ea3 d\u1ee5ng\" \/>\n\t<meta name=\"twitter:data2\" content=\"Trong kho\" \/>\n<script type=\"application\/ld+json\" class=\"yoast-schema-graph\">{\"@context\":\"https:\/\/schema.org\",\"@graph\":[{\"@type\":[\"WebPage\",\"ItemPage\"],\"@id\":\"https:\/\/tranthi.vn\/hatinh\/gia-thiet-bi-ve-sinh-toto-tai-ha-tinh\/\",\"url\":\"https:\/\/tranthi.vn\/hatinh\/gia-thiet-bi-ve-sinh-toto-tai-ha-tinh\/\",\"name\":\"Gi\u00e1 thi\u1ebft b\u1ecb v\u1ec7 sinh toto t\u1ea1i H\u00e0 T\u0129nh- 0947335871\",\"isPartOf\":{\"@id\":\"https:\/\/tranthi.vn\/hatinh\/#website\"},\"primaryImageOfPage\":{\"@id\":\"https:\/\/tranthi.vn\/hatinh\/gia-thiet-bi-ve-sinh-toto-tai-ha-tinh\/#primaryimage\"},\"image\":{\"@id\":\"https:\/\/tranthi.vn\/hatinh\/gia-thiet-bi-ve-sinh-toto-tai-ha-tinh\/#primaryimage\"},\"thumbnailUrl\":\"https:\/\/tranthi.vn\/hatinh\/wp-content\/uploads\/2021\/04\/bao-gia-tron-bo-thiet-bi-ve-sinh-cotto-1_optimized.jpg\",\"datePublished\":\"2021-04-16T03:45:51+00:00\",\"dateModified\":\"2024-07-31T09:48:28+00:00\",\"description\":\"Tr\u1ea7n Th\u1ecb-chuy\u00ean cung c\u1ea5p thi\u1ebft b\u1ecb v\u1ec7 sinh, b\u1ed3n c\u1ea7u toto t\u1ea1i H\u00e0 T\u0129nh, cung c\u1ea5p s\u1ea3n ph\u1ea9m ch\u00ednh h\u00e3ng, giao h\u00e0ng t\u1eadn n\u01a1i n\u1ed9i th\u00e0nh\",\"breadcrumb\":{\"@id\":\"https:\/\/tranthi.vn\/hatinh\/gia-thiet-bi-ve-sinh-toto-tai-ha-tinh\/#breadcrumb\"},\"inLanguage\":\"vi\",\"potentialAction\":[{\"@type\":\"ReadAction\",\"target\":[\"https:\/\/tranthi.vn\/hatinh\/gia-thiet-bi-ve-sinh-toto-tai-ha-tinh\/\"]}]},{\"@type\":\"ImageObject\",\"inLanguage\":\"vi\",\"@id\":\"https:\/\/tranthi.vn\/hatinh\/gia-thiet-bi-ve-sinh-toto-tai-ha-tinh\/#primaryimage\",\"url\":\"https:\/\/tranthi.vn\/hatinh\/wp-content\/uploads\/2021\/04\/bao-gia-tron-bo-thiet-bi-ve-sinh-cotto-1_optimized.jpg\",\"contentUrl\":\"https:\/\/tranthi.vn\/hatinh\/wp-content\/uploads\/2021\/04\/bao-gia-tron-bo-thiet-bi-ve-sinh-cotto-1_optimized.jpg\",\"width\":400,\"height\":200},{\"@type\":\"BreadcrumbList\",\"@id\":\"https:\/\/tranthi.vn\/hatinh\/gia-thiet-bi-ve-sinh-toto-tai-ha-tinh\/#breadcrumb\",\"itemListElement\":[{\"@type\":\"ListItem\",\"position\":1,\"name\":\"Trang ch\u1ee7\",\"item\":\"https:\/\/tranthi.vn\/hatinh\/\"},{\"@type\":\"ListItem\",\"position\":2,\"name\":\"Shop\",\"item\":\"https:\/\/tranthi.vn\/hatinh\/shop\/\"},{\"@type\":\"ListItem\",\"position\":3,\"name\":\"Thi\u1ebft b\u1ecb v\u1ec7 sinh b\u1ed3n c\u1ea7u ( b\u00e0n c\u1ea7u) toto \u0111\u00e0 n\u1eb5ng\"}]},{\"@type\":\"WebSite\",\"@id\":\"https:\/\/tranthi.vn\/hatinh\/#website\",\"url\":\"https:\/\/tranthi.vn\/hatinh\/\",\"name\":\"V\u1eadt Li\u1ec7u X\u00e2y D\u1ef1ng Tr\u1ea7n Th\u1ecb Chi Nh\u00e1nh H\u00e0 T\u0129nh\",\"description\":\"V\u1eadt Li\u1ec7u X\u00e2y D\u1ef1ng - H\u00e0 T\u0129nh\",\"potentialAction\":[{\"@type\":\"SearchAction\",\"target\":{\"@type\":\"EntryPoint\",\"urlTemplate\":\"https:\/\/tranthi.vn\/hatinh\/?s={search_term_string}\"},\"query-input\":\"required name=search_term_string\"}],\"inLanguage\":\"vi\"},{\"@type\":\"ImageObject\",\"inLanguage\":\"vi\",\"@id\":\"https:\/\/tranthi.vn\/hatinh\/gia-thiet-bi-ve-sinh-toto-tai-ha-tinh\/#local-main-organization-logo\",\"url\":\"\",\"contentUrl\":\"\",\"caption\":\"V\u1eadt Li\u1ec7u X\u00e2y D\u1ef1ng Tr\u1ea7n Th\u1ecb Chi Nh\u00e1nh H\u00e0 T\u0129nh\"}]}<\/script>\n<meta property=\"product:price:amount\" content=\"0\" \/>\n<meta property=\"product:price:currency\" content=\"VND\" \/>\n<meta property=\"og:availability\" content=\"instock\" \/>\n<meta property=\"product:availability\" content=\"instock\" \/>\n<meta property=\"product:condition\" content=\"new\" \/>\n<!-- \/ Yoast SEO Premium plugin. -->","yoast_head_json":{"title":"Gi\u00e1 thi\u1ebft b\u1ecb v\u1ec7 sinh toto t\u1ea1i H\u00e0 T\u0129nh- 0947335871","description":"Tr\u1ea7n Th\u1ecb-chuy\u00ean cung c\u1ea5p thi\u1ebft b\u1ecb v\u1ec7 sinh, b\u1ed3n c\u1ea7u toto t\u1ea1i H\u00e0 T\u0129nh, cung c\u1ea5p s\u1ea3n ph\u1ea9m ch\u00ednh h\u00e3ng, giao h\u00e0ng t\u1eadn n\u01a1i n\u1ed9i th\u00e0nh","robots":{"index":"index","follow":"follow","max-snippet":"max-snippet:-1","max-image-preview":"max-image-preview:large","max-video-preview":"max-video-preview:-1"},"canonical":"https:\/\/tranthi.vn\/hatinh\/gia-thiet-bi-ve-sinh-toto-tai-ha-tinh\/","og_locale":"vi_VN","og_type":"article","og_title":"Thi\u1ebft b\u1ecb v\u1ec7 sinh b\u1ed3n c\u1ea7u ( b\u00e0n c\u1ea7u) toto \u0111\u00e0 n\u1eb5ng","og_description":"Tr\u1ea7n Th\u1ecb-chuy\u00ean cung c\u1ea5p thi\u1ebft b\u1ecb v\u1ec7 sinh, b\u1ed3n c\u1ea7u toto t\u1ea1i H\u00e0 T\u0129nh, cung c\u1ea5p s\u1ea3n ph\u1ea9m ch\u00ednh h\u00e3ng, giao h\u00e0ng t\u1eadn n\u01a1i n\u1ed9i th\u00e0nh","og_url":"https:\/\/tranthi.vn\/hatinh\/gia-thiet-bi-ve-sinh-toto-tai-ha-tinh\/","og_site_name":"V\u1eadt Li\u1ec7u X\u00e2y D\u1ef1ng Tr\u1ea7n Th\u1ecb Chi Nh\u00e1nh H\u00e0 T\u0129nh","article_modified_time":"2024-07-31T09:48:28+00:00","og_image":[{"width":400,"height":200,"url":"https:\/\/tranthi.vn\/hatinh\/wp-content\/uploads\/2021\/04\/bao-gia-tron-bo-thiet-bi-ve-sinh-cotto-1_optimized.jpg","type":"image\/jpeg"}],"twitter_card":"summary_large_image","twitter_misc":{"Gi\u00e1":"","Kh\u1ea3 d\u1ee5ng":"Trong kho"},"schema":{"@context":"https:\/\/schema.org","@graph":[{"@type":["WebPage","ItemPage"],"@id":"https:\/\/tranthi.vn\/hatinh\/gia-thiet-bi-ve-sinh-toto-tai-ha-tinh\/","url":"https:\/\/tranthi.vn\/hatinh\/gia-thiet-bi-ve-sinh-toto-tai-ha-tinh\/","name":"Gi\u00e1 thi\u1ebft b\u1ecb v\u1ec7 sinh toto t\u1ea1i H\u00e0 T\u0129nh- 0947335871","isPartOf":{"@id":"https:\/\/tranthi.vn\/hatinh\/#website"},"primaryImageOfPage":{"@id":"https:\/\/tranthi.vn\/hatinh\/gia-thiet-bi-ve-sinh-toto-tai-ha-tinh\/#primaryimage"},"image":{"@id":"https:\/\/tranthi.vn\/hatinh\/gia-thiet-bi-ve-sinh-toto-tai-ha-tinh\/#primaryimage"},"thumbnailUrl":"https:\/\/tranthi.vn\/hatinh\/wp-content\/uploads\/2021\/04\/bao-gia-tron-bo-thiet-bi-ve-sinh-cotto-1_optimized.jpg","datePublished":"2021-04-16T03:45:51+00:00","dateModified":"2024-07-31T09:48:28+00:00","description":"Tr\u1ea7n Th\u1ecb-chuy\u00ean cung c\u1ea5p thi\u1ebft b\u1ecb v\u1ec7 sinh, b\u1ed3n c\u1ea7u toto t\u1ea1i H\u00e0 T\u0129nh, cung c\u1ea5p s\u1ea3n ph\u1ea9m ch\u00ednh h\u00e3ng, giao h\u00e0ng t\u1eadn n\u01a1i n\u1ed9i th\u00e0nh","breadcrumb":{"@id":"https:\/\/tranthi.vn\/hatinh\/gia-thiet-bi-ve-sinh-toto-tai-ha-tinh\/#breadcrumb"},"inLanguage":"vi","potentialAction":[{"@type":"ReadAction","target":["https:\/\/tranthi.vn\/hatinh\/gia-thiet-bi-ve-sinh-toto-tai-ha-tinh\/"]}]},{"@type":"ImageObject","inLanguage":"vi","@id":"https:\/\/tranthi.vn\/hatinh\/gia-thiet-bi-ve-sinh-toto-tai-ha-tinh\/#primaryimage","url":"https:\/\/tranthi.vn\/hatinh\/wp-content\/uploads\/2021\/04\/bao-gia-tron-bo-thiet-bi-ve-sinh-cotto-1_optimized.jpg","contentUrl":"https:\/\/tranthi.vn\/hatinh\/wp-content\/uploads\/2021\/04\/bao-gia-tron-bo-thiet-bi-ve-sinh-cotto-1_optimized.jpg","width":400,"height":200},{"@type":"BreadcrumbList","@id":"https:\/\/tranthi.vn\/hatinh\/gia-thiet-bi-ve-sinh-toto-tai-ha-tinh\/#breadcrumb","itemListElement":[{"@type":"ListItem","position":1,"name":"Trang ch\u1ee7","item":"https:\/\/tranthi.vn\/hatinh\/"},{"@type":"ListItem","position":2,"name":"Shop","item":"https:\/\/tranthi.vn\/hatinh\/shop\/"},{"@type":"ListItem","position":3,"name":"Thi\u1ebft b\u1ecb v\u1ec7 sinh b\u1ed3n c\u1ea7u ( b\u00e0n c\u1ea7u) toto \u0111\u00e0 n\u1eb5ng"}]},{"@type":"WebSite","@id":"https:\/\/tranthi.vn\/hatinh\/#website","url":"https:\/\/tranthi.vn\/hatinh\/","name":"V\u1eadt Li\u1ec7u X\u00e2y D\u1ef1ng Tr\u1ea7n Th\u1ecb Chi Nh\u00e1nh H\u00e0 T\u0129nh","description":"V\u1eadt Li\u1ec7u X\u00e2y D\u1ef1ng - H\u00e0 T\u0129nh","potentialAction":[{"@type":"SearchAction","target":{"@type":"EntryPoint","urlTemplate":"https:\/\/tranthi.vn\/hatinh\/?s={search_term_string}"},"query-input":"required name=search_term_string"}],"inLanguage":"vi"},{"@type":"ImageObject","inLanguage":"vi","@id":"https:\/\/tranthi.vn\/hatinh\/gia-thiet-bi-ve-sinh-toto-tai-ha-tinh\/#local-main-organization-logo","url":"","contentUrl":"","caption":"V\u1eadt Li\u1ec7u X\u00e2y D\u1ef1ng Tr\u1ea7n Th\u1ecb Chi Nh\u00e1nh H\u00e0 T\u0129nh"}]},"product_price_currency":"VND","og_availability":"instock","product_availability":"instock","product_condition":"new"},"_links":{"self":[{"href":"https:\/\/tranthi.vn\/hatinh\/wp-json\/wp\/v2\/product\/3073","targetHints":{"allow":["GET"]}}],"collection":[{"href":"https:\/\/tranthi.vn\/hatinh\/wp-json\/wp\/v2\/product"}],"about":[{"href":"https:\/\/tranthi.vn\/hatinh\/wp-json\/wp\/v2\/types\/product"}],"replies":[{"embeddable":true,"href":"https:\/\/tranthi.vn\/hatinh\/wp-json\/wp\/v2\/comments?post=3073"}],"wp:featuredmedia":[{"embeddable":true,"href":"https:\/\/tranthi.vn\/hatinh\/wp-json\/wp\/v2\/media\/3081"}],"wp:attachment":[{"href":"https:\/\/tranthi.vn\/hatinh\/wp-json\/wp\/v2\/media?parent=3073"}],"wp:term":[{"taxonomy":"product_cat","embeddable":true,"href":"https:\/\/tranthi.vn\/hatinh\/wp-json\/wp\/v2\/product_cat?post=3073"},{"taxonomy":"product_tag","embeddable":true,"href":"https:\/\/tranthi.vn\/hatinh\/wp-json\/wp\/v2\/product_tag?post=3073"}],"curies":[{"name":"wp","href":"https:\/\/api.w.org\/{rel}","templated":true}]}}