{"id":2756,"date":"2021-03-10T16:41:31","date_gmt":"2021-03-10T09:41:31","guid":{"rendered":"https:\/\/tranthi.vn\/quangnam\/?post_type=product&#038;p=2756"},"modified":"2024-06-20T16:13:04","modified_gmt":"2024-06-20T09:13:04","slug":"dc-09tnl","status":"publish","type":"product","link":"https:\/\/tranthi.vn\/hatinh\/dc-09tnl\/","title":{"rendered":"Sen T\u1eafm D\u00e2y CA-206 TL"},"content":{"rendered":"<h1 style=\"text-align: center;\"><span style=\"color: #ff0000; font-family: 'times new roman', times, serif; font-size: 130%;\"><strong>Sen t\u1eafm d\u00e2y \u0110\u00e0 N\u1eb5ng<\/strong><\/span><\/h1>\n<h2><span style=\"font-family: 'times new roman', times, serif; font-size: 130%;\"><strong><span style=\"color: #0000ff;\">1.T\u1ed5ng quan v\u1ec1 sen d\u00e2y<\/span><\/strong><\/span><\/h2>\n<p><span style=\"font-family: 'times new roman', times, serif; font-size: 130%; color: #000000;\"><em><strong>&#8211;<\/strong><strong>Sen t\u1eafm d\u00e2y <\/strong><\/em>\u0111\u01b0\u1ee3c s\u1eed d\u1ee5ng kh\u00e1 ph\u1ed5 bi\u1ebfn cho nh\u1eefng gian ph\u00f2ng c\u00f3 kh\u00f4ng gian h\u1eb9p, gi\u00fap ti\u1ebft ki\u1ec7m di\u1ec7n t\u00edch gi\u00e1 th\u00e0nh r\u1ebb d\u1ec5 d\u00e0ng s\u1eed d\u1ee5ng.\u00a0<\/span><\/p>\n<ul style=\"list-style-type: circle;\">\n<li><span style=\"font-family: 'times new roman', times, serif; font-size: 130%; color: #000000;\">C\u00e1c b\u1ed9 ph\u1eadn \u0111\u01b0\u1ee3c l\u00e0m t\u1eeb inox 304 kh\u00f4ng g\u1ec9 c\u00f3 kh\u1ea3 n\u0103ng ch\u1ed1ng bi\u1ebfn d\u1ea1ng khi x\u1ea3y ra va ch\u1ea1m ho\u1eb7c ch\u1ecbu \u00e1p l\u1ef1c cao n\u00ean r\u1ea5t b\u1ec1n b\u1ec9 theo th\u1eddi gian. V\u1edbi ch\u1ea5t li\u1ec7u n\u00e0y b\u1ea1n c\u00f3 th\u1ec3 s\u1eed d\u1ee5ng l\u00e2u d\u00e0i m\u00e0 kh\u00f4ng lo ng\u1ea1i v\u1ec1 vi\u1ec7c s\u1ea3n ph\u1ea9m ti\u1ebfp x\u00fac v\u1edbi n\u01b0\u1edbc li\u00ean t\u1ee5c s\u1ebd g\u00e2y ra g\u1ec9 s\u00e9t ho\u1eb7c h\u01b0 h\u1ecfng. G\u00f3p ph\u1ea7n n\u00e2ng cao tu\u1ed5i th\u1ecd c\u1ee7a s\u1ea3n ph\u1ea9m v\u00e0 ti\u1ebft ki\u1ec7m chi ph\u00ed hi\u1ec7u qu\u1ea3.<\/span><\/li>\n<li><span style=\"font-family: 'times new roman', times, serif; font-size: 130%; color: #000000;\">V\u1edbi ki\u1ec3u d\u00e1ng nh\u1ecf g\u1ecdn, c\u00e1c chi ti\u1ebft \u0111\u01b0\u1ee3c gia c\u00f4ng m\u1ed9t c\u00e1ch t\u1ec9 m\u1ec9, tinh t\u1ebf c\u00f9ng m\u00e0u s\u1eafc s\u00e1ng b\u00f3ng t\u1eeb ch\u1ea5t li\u1ec7u \u0111\u00e3 g\u00f3p ph\u1ea7n l\u00e0m n\u00ean m\u1ed9t s\u1ea3n ph\u1ea9m \u0111\u1eb9p m\u1eaft. Mang l\u1ea1i v\u1ebb sang tr\u1ecdng, \u0111\u1ed9c \u0111\u00e1o \u0111\u1ec3 t\u00f4 \u0111i\u1ec3m cho kh\u00f4ng gian ph\u00f2ng t\u1eafm gia \u0111\u00ecnh b\u1ea1n<\/span><\/li>\n<li><span style=\"font-family: 'times new roman', times, serif; font-size: 130%; color: #000000;\">\u00a0B\u00e1t sen t\u0103ng \u00e1p l\u1ef1c n\u01b0\u1edbc, n\u01b0\u1edbc ch\u1ea3y m\u1ea1nh v\u00e0 \u0111\u1ec1u, mang \u0111\u1ebfn b\u1ea1n nh\u1eefng ph\u00fat gi\u00e2y th\u01b0 gi\u1ea3n tho\u1ea3i m\u00e1i v\u00e0 s\u1ea3ng kho\u00e1i nh\u1ea5t trong khi t\u1eafm.<\/span><\/li>\n<\/ul>\n<h1 id=\"4-nhung-luu-y-quan-trong-khi-chon-mua-va-su-dung-day-voi-hoa-sen\"><span style=\"font-size: 130%; font-family: 'times new roman', times, serif; color: #0000ff;\"><b>2.M\u1ed9t v\u00e0i nh\u1eefng l\u01b0u \u00fd khi l\u1ef1a ch\u1ecdn sen t\u1eafm d\u00e2y<\/b><\/span><\/h1>\n<h1><span style=\"font-family: 'times new roman', times, serif; font-size: 75%; color: #000000;\">-\u0110\u1ec3 l\u1ef1a ch\u1ecdn lo\u1ea1i d\u00e2y sen t\u1eafm ph\u00f9 h\u1ee3p, \u0111\u00e1p \u1ee9ng hi\u1ec7u qu\u1ea3 s\u1eed d\u1ee5ng cao nh\u1ea5t, b\u1ea1n n\u00ean ch\u00fa \u00fd m\u1ed9t v\u00e0i l\u01b0u \u00fd sau:\u00a0<\/span><\/h1>\n<ul>\n<li aria-level=\"1\"><span style=\"font-family: 'times new roman', times, serif; font-size: 130%; color: #000000;\">N\u00ean l\u1ef1a ch\u1ecdn ch\u1ea5t li\u1ec7u cao c\u1ea5p cho d\u00e2y sen t\u1eafm \u0111\u1ec3 \u0111\u1ea3m b\u1ea3o s\u1ea3n ph\u1ea9m duy tr\u00ec \u0111\u1ed9 b\u1ec1n cao, an to\u00e0n khi s\u1eed d\u1ee5ng v\u00e0 ph\u00f9 h\u1ee3p v\u1edbi \u0111i\u1ec1u ki\u1ec7n nh\u00e0 t\u1eafm c\u1ee7a b\u1ea1n nh\u01b0 ch\u1ea5t li\u1ec7u \u0111\u1ed3ng, inox SUS 304 ho\u1eb7c c\u00e1c ch\u1ea5t li\u1ec7u nh\u1ef1a cao c\u1ea5p \u2026<\/span><\/li>\n<li aria-level=\"1\"><span style=\"font-family: 'times new roman', times, serif; font-size: 130%; color: #000000;\">N\u00ean ch\u1ecdn mua c\u00e1c lo\u1ea1i d\u00e2y v\u00f2i hoa sen t\u1eeb c\u00e1c th\u01b0\u01a1ng hi\u1ec7u l\u1edbn \u0111\u1ec3 \u0111\u1ea3m b\u1ea3o ngu\u1ed3n g\u1ed1c xu\u1ea5t x\u1ee9 r\u00f5 r\u00e0ng. Ngo\u00e0i ra, b\u1ea1n c\u0169ng an t\u00e2m h\u01a1n v\u1ec1 \u0111\u1ed9 b\u1ec1n c\u1ee7a s\u1ea3n ph\u1ea9m b\u1edfi ch\u00fang lu\u00f4n \u0111\u01b0\u1ee3c s\u1ea3n xu\u1ea5t t\u1eeb ch\u1ea5t li\u1ec7u cao c\u1ea5p. C\u00e1c ch\u1ebf \u0111\u1ed9 b\u00e1n h\u00e0ng v\u00e0 b\u1ea3o h\u00e0nh s\u1ea3n ph\u1ea9m t\u1ed1t h\u01a1n\u00a0<\/span><\/li>\n<li aria-level=\"1\"><span style=\"font-family: 'times new roman', times, serif; font-size: 130%; color: #000000;\">Khi s\u1eed d\u1ee5ng d\u00e2y sen t\u1eafm b\u1ea1n c\u0169ng h\u1ea1n ch\u1ebf b\u1ebb g\u1eadp d\u00e2y sen \u0111\u1ec3 tr\u00e1nh l\u00e0m \u0111\u1ee9t hay h\u01b0 h\u1ecfng\u00a0<\/span><\/li>\n<li aria-level=\"1\"><span style=\"font-family: 'times new roman', times, serif; font-size: 130%; color: #000000;\">B\u1ea1n c\u0169ng l\u01b0u \u00fd kh\u00f4ng qu\u1ea5n d\u00e2y sen quanh c\u1ee7 sen \u0111\u1ec3 h\u1ea1n ch\u1ebf l\u00e0m d\u00e2y sen b\u1ecb c\u1ee9ng ho\u1eb7c t\u1ea1o n\u1ebfp g\u1ea5p d\u1ec5 d\u00e2y \u0111\u1ee9t, \u0111\u1eb7c bi\u1ec7t l\u00e0 \u0111\u1ed1i v\u1edbi d\u00f2ng d\u00e2y sen tr\u01a1n l\u00e0m b\u1eb1ng nh\u1ef1a<\/span><\/li>\n<\/ul>\n","protected":false},"excerpt":{"rendered":"<p><span style=\"font-family: 'times new roman', times, serif; font-size: 130%;\">Giao h\u00e0ng trong \u0111\u1ecba b\u00e0n\u00a0<em><a href=\"https:\/\/fr.wikipedia.org\/wiki\/Da_Nang\"><strong>\u0110\u00e0 N\u1eb5ng<\/strong><\/a><\/em><\/span><\/p>\n<p><span style=\"font-family: 'times new roman', times, serif; font-size: 130%;\"><img decoding=\"async\" class=\"emoji\" draggable=\"false\" src=\"https:\/\/s.w.org\/images\/core\/emoji\/12.0.0-1\/svg\/1f61b.svg\" alt=\"\ud83d\ude1b\" \/> \u0110\u01a1n v\u1ecb t\u00ednh: B\u1ed9<\/span><\/p>\n<p><span style=\"font-family: 'times new roman', times, serif; font-size: 130%;\"><img decoding=\"async\" class=\"emoji\" draggable=\"false\" src=\"https:\/\/s.w.org\/images\/core\/emoji\/12.0.0-1\/svg\/1f61b.svg\" alt=\"\ud83d\ude1b\" \/>\u00a0\u0110\u01a1n gi\u00e1:\u00a0<em>Sen T\u1eafm D\u00e2y N\u00f3ng L\u1ea1nh CA-206 <\/em>trong n\u1ed9i th\u00e0nh_ Gi\u00e1: <span style=\"color: #ff0000;\"><strong>1.050.000\u0111\/b\u1ed9<\/strong><\/span><\/span><\/p>\n","protected":false},"featured_media":5208,"comment_status":"closed","ping_status":"closed","template":"","meta":[],"product_cat":[246,179],"product_tag":[],"class_list":{"0":"post-2756","1":"product","2":"type-product","3":"status-publish","4":"has-post-thumbnail","6":"product_cat-sen-tam-day","7":"product_cat-thiet-bi-ve-sinh-da-nang","9":"first","10":"instock","11":"sale","12":"shipping-taxable","13":"purchasable","14":"product-type-simple"},"yoast_head":"<!-- This site is optimized with the Yoast SEO Premium plugin v22.3 (Yoast SEO v22.8) - https:\/\/yoast.com\/wordpress\/plugins\/seo\/ -->\n<title>Sen T\u1eafm D\u00e2y CA-206 TL - V\u1eadt Li\u1ec7u X\u00e2y D\u1ef1ng Tr\u1ea7n Th\u1ecb Chi Nh\u00e1nh H\u00e0 T\u0129nh<\/title>\n<meta name=\"robots\" content=\"index, follow, max-snippet:-1, max-image-preview:large, max-video-preview:-1\" \/>\n<link rel=\"canonical\" href=\"https:\/\/tranthi.vn\/hatinh\/dc-09tnl\/\" \/>\n<meta property=\"og:locale\" content=\"vi_VN\" \/>\n<meta property=\"og:type\" content=\"article\" \/>\n<meta property=\"og:title\" content=\"Sen T\u1eafm D\u00e2y CA-206 TL\" \/>\n<meta property=\"og:description\" content=\"Giao h\u00e0ng trong \u0111\u1ecba b\u00e0n\u00a0\u0110\u00e0 N\u1eb5ng   \u0110\u01a1n v\u1ecb t\u00ednh: B\u1ed9  \u00a0\u0110\u01a1n gi\u00e1:\u00a0Sen T\u1eafm D\u00e2y N\u00f3ng L\u1ea1nh CA-206 trong n\u1ed9i th\u00e0nh_ Gi\u00e1: 1.050.000\u0111\/b\u1ed9\" \/>\n<meta property=\"og:url\" content=\"https:\/\/tranthi.vn\/hatinh\/dc-09tnl\/\" \/>\n<meta property=\"og:site_name\" content=\"V\u1eadt Li\u1ec7u X\u00e2y D\u1ef1ng Tr\u1ea7n Th\u1ecb Chi Nh\u00e1nh H\u00e0 T\u0129nh\" \/>\n<meta property=\"article:modified_time\" content=\"2024-06-20T09:13:04+00:00\" \/>\n<meta property=\"og:image\" content=\"https:\/\/tranthi.vn\/hatinh\/wp-content\/uploads\/2021\/03\/Mau-cu-sen-nong-lanh-tai-Da-Nang-CA-206.jpg\" \/>\n\t<meta property=\"og:image:width\" content=\"267\" \/>\n\t<meta property=\"og:image:height\" content=\"158\" \/>\n\t<meta property=\"og:image:type\" content=\"image\/jpeg\" \/>\n<meta name=\"twitter:card\" content=\"summary_large_image\" \/>\n<meta name=\"twitter:label1\" content=\"Gi\u00e1\" \/>\n\t<meta name=\"twitter:data1\" content=\"1,050,000&nbsp;&#8363;\" \/>\n\t<meta name=\"twitter:label2\" content=\"Kh\u1ea3 d\u1ee5ng\" \/>\n\t<meta name=\"twitter:data2\" content=\"Trong kho\" \/>\n<script type=\"application\/ld+json\" class=\"yoast-schema-graph\">{\"@context\":\"https:\/\/schema.org\",\"@graph\":[{\"@type\":[\"WebPage\",\"ItemPage\"],\"@id\":\"https:\/\/tranthi.vn\/hatinh\/dc-09tnl\/\",\"url\":\"https:\/\/tranthi.vn\/hatinh\/dc-09tnl\/\",\"name\":\"Sen T\u1eafm D\u00e2y CA-206 TL - V\u1eadt Li\u1ec7u X\u00e2y D\u1ef1ng Tr\u1ea7n Th\u1ecb Chi Nh\u00e1nh H\u00e0 T\u0129nh\",\"isPartOf\":{\"@id\":\"https:\/\/tranthi.vn\/hatinh\/#website\"},\"primaryImageOfPage\":{\"@id\":\"https:\/\/tranthi.vn\/hatinh\/dc-09tnl\/#primaryimage\"},\"image\":{\"@id\":\"https:\/\/tranthi.vn\/hatinh\/dc-09tnl\/#primaryimage\"},\"thumbnailUrl\":\"https:\/\/tranthi.vn\/hatinh\/wp-content\/uploads\/2021\/03\/Mau-cu-sen-nong-lanh-tai-Da-Nang-CA-206.jpg\",\"datePublished\":\"2021-03-10T09:41:31+00:00\",\"dateModified\":\"2024-06-20T09:13:04+00:00\",\"breadcrumb\":{\"@id\":\"https:\/\/tranthi.vn\/hatinh\/dc-09tnl\/#breadcrumb\"},\"inLanguage\":\"vi\",\"potentialAction\":[{\"@type\":\"ReadAction\",\"target\":[\"https:\/\/tranthi.vn\/hatinh\/dc-09tnl\/\"]}]},{\"@type\":\"ImageObject\",\"inLanguage\":\"vi\",\"@id\":\"https:\/\/tranthi.vn\/hatinh\/dc-09tnl\/#primaryimage\",\"url\":\"https:\/\/tranthi.vn\/hatinh\/wp-content\/uploads\/2021\/03\/Mau-cu-sen-nong-lanh-tai-Da-Nang-CA-206.jpg\",\"contentUrl\":\"https:\/\/tranthi.vn\/hatinh\/wp-content\/uploads\/2021\/03\/Mau-cu-sen-nong-lanh-tai-Da-Nang-CA-206.jpg\",\"width\":267,\"height\":158,\"caption\":\"Mau-cu-sen-nong-lanh-tai-Da-Nang-CA-206.jpg\"},{\"@type\":\"BreadcrumbList\",\"@id\":\"https:\/\/tranthi.vn\/hatinh\/dc-09tnl\/#breadcrumb\",\"itemListElement\":[{\"@type\":\"ListItem\",\"position\":1,\"name\":\"Trang ch\u1ee7\",\"item\":\"https:\/\/tranthi.vn\/hatinh\/\"},{\"@type\":\"ListItem\",\"position\":2,\"name\":\"Shop\",\"item\":\"https:\/\/tranthi.vn\/hatinh\/shop\/\"},{\"@type\":\"ListItem\",\"position\":3,\"name\":\"Sen T\u1eafm D\u00e2y CA-206 TL\"}]},{\"@type\":\"WebSite\",\"@id\":\"https:\/\/tranthi.vn\/hatinh\/#website\",\"url\":\"https:\/\/tranthi.vn\/hatinh\/\",\"name\":\"V\u1eadt Li\u1ec7u X\u00e2y D\u1ef1ng Tr\u1ea7n Th\u1ecb Chi Nh\u00e1nh H\u00e0 T\u0129nh\",\"description\":\"V\u1eadt Li\u1ec7u X\u00e2y D\u1ef1ng - H\u00e0 T\u0129nh\",\"potentialAction\":[{\"@type\":\"SearchAction\",\"target\":{\"@type\":\"EntryPoint\",\"urlTemplate\":\"https:\/\/tranthi.vn\/hatinh\/?s={search_term_string}\"},\"query-input\":\"required name=search_term_string\"}],\"inLanguage\":\"vi\"},{\"@type\":\"ImageObject\",\"inLanguage\":\"vi\",\"@id\":\"https:\/\/tranthi.vn\/hatinh\/dc-09tnl\/#local-main-organization-logo\",\"url\":\"\",\"contentUrl\":\"\",\"caption\":\"V\u1eadt Li\u1ec7u X\u00e2y D\u1ef1ng Tr\u1ea7n Th\u1ecb Chi Nh\u00e1nh H\u00e0 T\u0129nh\"}]}<\/script>\n<meta property=\"product:price:amount\" content=\"1050000\" \/>\n<meta property=\"product:price:currency\" content=\"VND\" \/>\n<meta property=\"og:availability\" content=\"instock\" \/>\n<meta property=\"product:availability\" content=\"instock\" \/>\n<meta property=\"product:condition\" content=\"new\" \/>\n<!-- \/ Yoast SEO Premium plugin. -->","yoast_head_json":{"title":"Sen T\u1eafm D\u00e2y CA-206 TL - V\u1eadt Li\u1ec7u X\u00e2y D\u1ef1ng Tr\u1ea7n Th\u1ecb Chi Nh\u00e1nh H\u00e0 T\u0129nh","robots":{"index":"index","follow":"follow","max-snippet":"max-snippet:-1","max-image-preview":"max-image-preview:large","max-video-preview":"max-video-preview:-1"},"canonical":"https:\/\/tranthi.vn\/hatinh\/dc-09tnl\/","og_locale":"vi_VN","og_type":"article","og_title":"Sen T\u1eafm D\u00e2y CA-206 TL","og_description":"Giao h\u00e0ng trong \u0111\u1ecba b\u00e0n\u00a0\u0110\u00e0 N\u1eb5ng   \u0110\u01a1n v\u1ecb t\u00ednh: B\u1ed9  \u00a0\u0110\u01a1n gi\u00e1:\u00a0Sen T\u1eafm D\u00e2y N\u00f3ng L\u1ea1nh CA-206 trong n\u1ed9i th\u00e0nh_ Gi\u00e1: 1.050.000\u0111\/b\u1ed9","og_url":"https:\/\/tranthi.vn\/hatinh\/dc-09tnl\/","og_site_name":"V\u1eadt Li\u1ec7u X\u00e2y D\u1ef1ng Tr\u1ea7n Th\u1ecb Chi Nh\u00e1nh H\u00e0 T\u0129nh","article_modified_time":"2024-06-20T09:13:04+00:00","og_image":[{"width":267,"height":158,"url":"https:\/\/tranthi.vn\/hatinh\/wp-content\/uploads\/2021\/03\/Mau-cu-sen-nong-lanh-tai-Da-Nang-CA-206.jpg","type":"image\/jpeg"}],"twitter_card":"summary_large_image","twitter_misc":{"Gi\u00e1":"1,050,000&nbsp;&#8363;","Kh\u1ea3 d\u1ee5ng":"Trong kho"},"schema":{"@context":"https:\/\/schema.org","@graph":[{"@type":["WebPage","ItemPage"],"@id":"https:\/\/tranthi.vn\/hatinh\/dc-09tnl\/","url":"https:\/\/tranthi.vn\/hatinh\/dc-09tnl\/","name":"Sen T\u1eafm D\u00e2y CA-206 TL - V\u1eadt Li\u1ec7u X\u00e2y D\u1ef1ng Tr\u1ea7n Th\u1ecb Chi Nh\u00e1nh H\u00e0 T\u0129nh","isPartOf":{"@id":"https:\/\/tranthi.vn\/hatinh\/#website"},"primaryImageOfPage":{"@id":"https:\/\/tranthi.vn\/hatinh\/dc-09tnl\/#primaryimage"},"image":{"@id":"https:\/\/tranthi.vn\/hatinh\/dc-09tnl\/#primaryimage"},"thumbnailUrl":"https:\/\/tranthi.vn\/hatinh\/wp-content\/uploads\/2021\/03\/Mau-cu-sen-nong-lanh-tai-Da-Nang-CA-206.jpg","datePublished":"2021-03-10T09:41:31+00:00","dateModified":"2024-06-20T09:13:04+00:00","breadcrumb":{"@id":"https:\/\/tranthi.vn\/hatinh\/dc-09tnl\/#breadcrumb"},"inLanguage":"vi","potentialAction":[{"@type":"ReadAction","target":["https:\/\/tranthi.vn\/hatinh\/dc-09tnl\/"]}]},{"@type":"ImageObject","inLanguage":"vi","@id":"https:\/\/tranthi.vn\/hatinh\/dc-09tnl\/#primaryimage","url":"https:\/\/tranthi.vn\/hatinh\/wp-content\/uploads\/2021\/03\/Mau-cu-sen-nong-lanh-tai-Da-Nang-CA-206.jpg","contentUrl":"https:\/\/tranthi.vn\/hatinh\/wp-content\/uploads\/2021\/03\/Mau-cu-sen-nong-lanh-tai-Da-Nang-CA-206.jpg","width":267,"height":158,"caption":"Mau-cu-sen-nong-lanh-tai-Da-Nang-CA-206.jpg"},{"@type":"BreadcrumbList","@id":"https:\/\/tranthi.vn\/hatinh\/dc-09tnl\/#breadcrumb","itemListElement":[{"@type":"ListItem","position":1,"name":"Trang ch\u1ee7","item":"https:\/\/tranthi.vn\/hatinh\/"},{"@type":"ListItem","position":2,"name":"Shop","item":"https:\/\/tranthi.vn\/hatinh\/shop\/"},{"@type":"ListItem","position":3,"name":"Sen T\u1eafm D\u00e2y CA-206 TL"}]},{"@type":"WebSite","@id":"https:\/\/tranthi.vn\/hatinh\/#website","url":"https:\/\/tranthi.vn\/hatinh\/","name":"V\u1eadt Li\u1ec7u X\u00e2y D\u1ef1ng Tr\u1ea7n Th\u1ecb Chi Nh\u00e1nh H\u00e0 T\u0129nh","description":"V\u1eadt Li\u1ec7u X\u00e2y D\u1ef1ng - H\u00e0 T\u0129nh","potentialAction":[{"@type":"SearchAction","target":{"@type":"EntryPoint","urlTemplate":"https:\/\/tranthi.vn\/hatinh\/?s={search_term_string}"},"query-input":"required name=search_term_string"}],"inLanguage":"vi"},{"@type":"ImageObject","inLanguage":"vi","@id":"https:\/\/tranthi.vn\/hatinh\/dc-09tnl\/#local-main-organization-logo","url":"","contentUrl":"","caption":"V\u1eadt Li\u1ec7u X\u00e2y D\u1ef1ng Tr\u1ea7n Th\u1ecb Chi Nh\u00e1nh H\u00e0 T\u0129nh"}]},"product_price_amount":"1050000","product_price_currency":"VND","og_availability":"instock","product_availability":"instock","product_condition":"new"},"_links":{"self":[{"href":"https:\/\/tranthi.vn\/hatinh\/wp-json\/wp\/v2\/product\/2756","targetHints":{"allow":["GET"]}}],"collection":[{"href":"https:\/\/tranthi.vn\/hatinh\/wp-json\/wp\/v2\/product"}],"about":[{"href":"https:\/\/tranthi.vn\/hatinh\/wp-json\/wp\/v2\/types\/product"}],"replies":[{"embeddable":true,"href":"https:\/\/tranthi.vn\/hatinh\/wp-json\/wp\/v2\/comments?post=2756"}],"wp:featuredmedia":[{"embeddable":true,"href":"https:\/\/tranthi.vn\/hatinh\/wp-json\/wp\/v2\/media\/5208"}],"wp:attachment":[{"href":"https:\/\/tranthi.vn\/hatinh\/wp-json\/wp\/v2\/media?parent=2756"}],"wp:term":[{"taxonomy":"product_cat","embeddable":true,"href":"https:\/\/tranthi.vn\/hatinh\/wp-json\/wp\/v2\/product_cat?post=2756"},{"taxonomy":"product_tag","embeddable":true,"href":"https:\/\/tranthi.vn\/hatinh\/wp-json\/wp\/v2\/product_tag?post=2756"}],"curies":[{"name":"wp","href":"https:\/\/api.w.org\/{rel}","templated":true}]}}