{"id":2644,"date":"2021-03-09T15:00:09","date_gmt":"2021-03-09T08:00:09","guid":{"rendered":"https:\/\/tranthi.vn\/quangnam\/?post_type=product&#038;p=2644"},"modified":"2021-03-27T16:06:38","modified_gmt":"2021-03-27T09:06:38","slug":"cua-so-mo-quay-nhom-xingfa","status":"publish","type":"product","link":"https:\/\/tranthi.vn\/hatinh\/cua-so-mo-quay-nhom-xingfa\/","title":{"rendered":"C\u1eeda S\u1ed5 M\u1edf Quay Nh\u00f4m Xingfa"},"content":{"rendered":"<h1 style=\"text-align: center;\"><a href=\"https:\/\/tranthi.vn\/quangnam\/cua-so-mo-quay-nhom-xingfa\/\"><span style=\"color: #ff0000;\"><strong><span style=\"font-family: 'times new roman', times, serif; font-size: 130%;\">GI\u00c1 C\u1eecA S\u1ed4 M\u1ede QUAY NH\u00d4M XINGFA \u0110\u00c0 N\u1eb4NG<\/span><\/strong><\/span><\/a><\/h1>\n<p><span style=\"font-family: 'times new roman', times, serif; font-size: 130%; color: #000000;\"><strong><em>C\u1eeda s\u1ed5 m\u1edf quay nh\u00f4m xingfa<\/em> <\/strong>\u0111\u01b0\u1ee3c s\u1eed d\u1ee5ng nhi\u1ec1u \u1edf c\u00e1c c\u00f4ng tr\u00ecnh nh\u00e0 \u1edf kh\u00e1ch s\u1ea1n, khu ngh\u0129 d\u01b0\u1ee1ng<strong><em> t\u1ea1i \u0110\u00e0 N\u1eb5ng, gi\u00e1<\/em> <\/strong>kho\u1ea3n 1.650.000\/m2 tuyd thu\u1ed9c v\u00e0o s\u1ed1 l\u01b0\u1ee3ng. M\u1eabu c\u1eeda s\u1ed5 m\u1edf quay \u0111\u01b0\u1ee3c s\u1eed d\u1ee5ng t\u1eeb r\u1ea5t l\u00e2u \u0111\u1ebfn nay n\u00ean n\u00f3 lu\u00f4n \u0111\u01b0\u1ee3c \u01b0a chu\u1ed9ng<\/span><\/p>\n<h2><span style=\"font-family: 'times new roman', times, serif; font-size: 130%; color: #ff0000;\"><em><strong>1. Gi\u1edbi thi\u1ec7u chung c\u1eeda s\u1ed5 m\u1edf quay nh\u00f4m Xingfa\u00a0\u00a0<\/strong><\/em><\/span><\/h2>\n<p><span style=\"font-family: 'times new roman', times, serif; font-size: 130%; color: #000000;\"><em>\u00a0<strong>C\u1eeda s\u1ed5 m\u1edf quay nh\u00f4m Xingfa<\/strong><\/em>\u00a0\u0111\u01b0\u1ee3c l\u1eafp gh\u00e9p b\u1edfi thanh nh\u00f4m Xingfa nh\u1eadp kh\u1ea9u h\u1ec7 55, \u0111\u01b0\u1ee3c m\u1edf v\u1edbi g\u00f3c g\u1ea7n 90 \u0111\u1ed9 (<em><strong>m\u1edf quay<\/strong> <\/em>ra ngo\u00e0i), thi\u1ebft k\u1ebf khung nh\u1ecf g\u1ecdn, \u0111\u1ea3m b\u1ea3o t\u00ednh th\u1ea9m m\u1ef9 cao, c\u00f3 thanh h\u1ea1n v\u1ecb \u0111\u1ec3 ch\u1ed1ng va \u0111\u1eadp v\u00e0o t\u01b0\u1eddng,\u00a0mang \u0111\u1ebfn v\u1ebb \u0111\u1eb9p hi\u1ec7n \u0111\u1ea1i, sang tr\u1ecdng cho ng\u00f4i nh\u00e0. T\u00ednh th\u1ea9m m\u1ef9 c\u00f9ng \u0111\u1ed9 b\u1ec1n v\u01b0\u1ee3t th\u1eddi gian \u0111\u00e3 gi\u00fap thi\u1ebft k\u1ebf m\u1edf quay ph\u1ed5 bi\u1ebfn \u1edf t\u1ea5t c\u1ea3 m\u1ecdi ki\u1ebfn tr\u00fac c\u00f4ng tr\u00ecnh.<\/span><\/p>\n<p><span style=\"font-family: 'times new roman', times, serif; font-size: 130%; color: #000000;\"><em>C\u1eeda s\u1ed5\u00a0m\u1edf quay<\/em> s\u1eed d\u1ee5ng h\u1ec7 th\u1ed1ng ch\u1ed1t \u0111a \u0111i\u1ec3m v\u00e0 h\u1ec7 gio\u0103ng k\u00e9p, khi \u0111\u00f3ng c\u1eeda h\u1ec7 th\u1ed1ng ch\u1ed1t \u0111a \u0111i\u1ec3m s\u1ebd \u00e9p ch\u1eb7t khu\u00f4n c\u1eeda v\u00e0 khung c\u00e1nh v\u1edbi nhau t\u1ea1o \u0111\u1ed9 k\u00edn kh\u00edt v\u00e0 kh\u1ea3 n\u0103ng c\u00e1ch \u00e2m, c\u00e1ch nhi\u1ec7t cao.<\/span><\/p>\n<h2><span style=\"font-family: 'times new roman', times, serif; font-size: 130%; color: #ff0000;\"><em><strong>2. Th\u00f4ng s\u1ed1 k\u1ef9 thu\u1eadt:<\/strong><\/em><\/span><\/h2>\n<p><span style=\"font-family: 'times new roman', times, serif; font-size: 130%; color: #000000;\">+\u00a0Thanh profile:\u00a0<em><strong>nh\u00f4m Xingfa<\/strong> <\/em>h\u1ec7 55 nh\u1eadp kh\u1ea9u ch\u00ednh h\u00e3ng 100% tem \u0111\u1ecf Qu\u1ea3ng \u0110\u00f4ng<\/span><\/p>\n<p><span style=\"font-family: 'times new roman', times, serif; font-size: 130%; color: #000000;\">+\u00a0\u0110\u1ed9 d\u00e0y nh\u00f4m:\u00a0th\u00e2n c\u00e1nh c\u1eeda v\u00e0 khu\u00f4n bao xung quanh c\u00f3 \u0111\u1ed9 d\u00e0y 2.0mm (+-5%)<\/span><\/p>\n<p><span style=\"font-family: 'times new roman', times, serif; font-size: 130%; color: #000000;\">+\u00a0M\u00e0u s\u1eafc: tr\u1eafng s\u1ee9, n\u00e2u s\u1ea7n \u00e1nh kim, \u0111en tuy\u1ec1n, ghi s\u1eabm, v\u00e2n g\u1ed7 (m\u1ea7u gi\u1ea3 g\u1ed7 t\u1ef1 nhi\u00ean)..<\/span><\/p>\n<p><span style=\"font-family: 'times new roman', times, serif; font-size: 130%; color: #000000;\">+\u00a0K\u00edch th\u01b0\u1edbc:\u00a0\u0111o \u0111\u1ea1c s\u1ea3n xu\u1ea5t v\u00e0 l\u1eafp gh\u00e9p theo k\u00edch th\u01b0\u1edbc th\u1ef1c t\u1ebf c\u1ee7a t\u1eebng c\u00f4ng tr\u00ecnh<\/span><\/p>\n<p><span style=\"font-family: 'times new roman', times, serif; font-size: 130%; color: #000000;\">+\u00a0K\u00ednh:\u00a0s\u1eed d\u1ee5ng k\u00ednh an to\u00e0n ph\u00f4i vi\u1ec7t nh\u1eadt H\u1ea3i Long c\u00f3 \u0111\u1ed9 d\u00e0y t\u1eeb 6.38mm &#8211; 21mm<\/span><\/p>\n<p><span style=\"font-family: 'times new roman', times, serif; font-size: 130%; color: #000000;\">+\u00a0Ph\u1ee5 ki\u1ec7n:\u00a0s\u1eed d\u1ee5ng ph\u1ee5 ki\u1ec7n Kinlong cao c\u1ea5p nh\u1eadp kh\u1ea9u \u0111\u1ed3ng b\u1ed9 ch\u00ednh h\u00e3ng 100%<\/span><\/p>\n<p><span style=\"font-family: 'times new roman', times, serif; font-size: 130%; color: #000000;\">+\u00a0Gio\u0103ng k\u00e9p:\u00a0s\u1eed d\u1ee5ng gio\u0103ng k\u00e9p EDPM ch\u1ea5t l\u01b0\u1ee3ng cao k\u00edn kh\u00edt tuy\u1ec7t \u0111\u1ed1i 100%<\/span><\/p>\n<p><span style=\"font-family: 'times new roman', times, serif; font-size: 130%; color: #000000;\">+\u00a0Keo:\u00a0s\u1eed d\u1ee5ng keo \u0111\u1eb7c ch\u1ee7ng Dowcorning Eurowindow ch\u1ecbu n\u01b0\u1edbc tuy\u1ec7t \u0111\u1ed1i 100%<\/span><\/p>\n<p><span style=\"font-family: 'times new roman', times, serif; font-size: 130%; color: #000000;\">+\u00a0B\u1ea3o h\u00e0nh:\u00a0s\u1ea3n ph\u1ea9m b\u1ea3o h\u00e0nh ch\u00ednh h\u00e3ng 5 n\u0103m<\/span><\/p>\n<p><img loading=\"lazy\" decoding=\"async\" class=\"alignnone size-full wp-image-2953 aligncenter\" src=\"https:\/\/tranthi.vn\/quangnam\/wp-content\/uploads\/2021\/03\/untitled-1_optimized-3.jpg\" alt=\"cua-so-mo-quay-nhom-xingfa\" width=\"300\" height=\"350\" \/><\/p>\n<p style=\"text-align: center;\"><em><span style=\"font-family: 'times new roman', times, serif; font-size: 130%; color: #008000;\"><strong>H\u1ec7 nh\u00f4m xingfa 55 d\u00f9ng s\u1ea3n xu\u1ea5t c\u1eeda s\u1ed5 m\u1edf quay<\/strong><\/span><\/em><\/p>\n<h2><span style=\"font-family: 'times new roman', times, serif; font-size: 130%; color: #ff0000;\"><em><strong>3. B\u00e1o gi\u00e1 c\u1eeda s\u1ed5 m\u1edf quay nh\u00f4m Xingfa<\/strong><\/em><\/span><\/h2>\n<p><span style=\"font-family: 'times new roman', times, serif; font-size: 130%; color: #000000;\"><em><strong>Xingfa<\/strong><\/em> Tr\u1ea7n Th\u1ecb xin g\u1eedi t\u1edbi qu\u00fd kh\u00e1ch h\u00e0ng b\u1ea3ng <em><strong>gi\u00e1 c\u1eeda s\u1ed5 m\u1edf quay xingfa<\/strong><\/em>\u00a0m\u1edbi nh\u1ea5t, ch\u00fang t\u00f4i hy v\u1ecdng qua th\u00f4ng tin n\u00e0y qu\u00fd kh\u00e1ch c\u00f3 th\u1ec3 \u0111\u01b0a ra quy\u1ebft \u0111\u1ecbnh s\u00e1ng su\u1ed1t ch\u1ecdn cho m\u00ecnh b\u1ed9\u00a0<strong>c\u1eeda s\u1ed5 m\u1edf quay nh\u00f4m xingfa <\/strong>\u00a0b\u1ec1n \u0111\u1eb9p c\u00f9ng th\u1eddi gian.<\/span><\/p>\n<table border=\"1\" width=\"100%\">\n<tbody>\n<tr>\n<td style=\"text-align: center;\"><span style=\"font-family: 'times new roman', times, serif; font-size: 130%; color: #000000;\">TT<\/span><\/td>\n<td style=\"text-align: center;\"><span style=\"font-family: 'times new roman', times, serif; font-size: 130%; color: #000000;\">H\u1ec6 C\u1eecA<\/span><\/td>\n<td style=\"text-align: center;\"><span style=\"font-family: 'times new roman', times, serif; font-size: 130%; color: #000000;\">M\u00d4 T\u1ea2 C\u1eecA NH\u00d4M XINGFA<\/span><\/td>\n<td style=\"text-align: center;\"><span style=\"font-family: 'times new roman', times, serif; font-size: 130%; color: #000000;\">\u0110\u01a0N\u00a0GI\u00c1<\/span><\/td>\n<\/tr>\n<tr>\n<td style=\"text-align: center;\"><span style=\"font-family: 'times new roman', times, serif; font-size: 130%; color: #000000;\">A<\/span><\/td>\n<td style=\"text-align: center;\" colspan=\"2\"><span style=\"font-family: 'times new roman', times, serif; font-size: 130%; color: #000000;\">Nh\u00f4m Xingfa h\u1ec7 55 Qu\u1ea3ng \u0110\u00f4ng tem \u0111\u1ecf ch\u00ednh h\u00e3ng,\u00a0nh\u1eadp kh\u1ea9u 100%<\/span><\/td>\n<td style=\"text-align: center;\"><span style=\"font-family: 'times new roman', times, serif; font-size: 130%; color: #000000;\">(VN\u0110\/m2)<\/span><\/td>\n<\/tr>\n<tr>\n<td><span style=\"font-family: 'times new roman', times, serif; font-size: 130%; color: #000000;\"><strong>1<\/strong><\/span><\/td>\n<td>&nbsp;<\/p>\n<p><span style=\"font-family: 'times new roman', times, serif; font-size: 130%; color: #000000;\"><strong><a style=\"color: #000000;\" href=\"https:\/\/vi.wikipedia.org\/wiki\/C%E1%BB%ADa\">C\u1eeda<\/a> s\u1ed5 m\u1edf quay<\/strong><\/span><\/td>\n<td><span style=\"font-family: 'times new roman', times, serif; font-size: 130%; color: #000000;\">&#8211; Nh\u00f4m: Thanh nh\u00f4m profile Xingfa h\u1ec7 55<\/span><br \/>\n<span style=\"font-family: 'times new roman', times, serif; font-size: 130%; color: #000000;\">&#8211; \u0110\u1ed9 d\u00e0y: 1.4 (mm)<\/span><br \/>\n<span style=\"font-family: 'times new roman', times, serif; font-size: 130%; color: #000000;\">&#8211; M\u00e0u: N\u00e2u s\u1ea7n, tr\u1eafng s\u1ee9, \u0111en, ghi, v\u00e2n g\u1ed7.<\/span><br \/>\n<span style=\"font-family: 'times new roman', times, serif; font-size: 130%; color: #000000;\">&#8211; K\u00ednh: K\u00ednh an to\u00e0n 6.38mm, k\u00ednh h\u1ed9p\u00a05.9.5 (mm)<\/span><br \/>\n<span style=\"font-family: 'times new roman', times, serif; font-size: 130%; color: #000000;\">&#8211; Ph\u1ee5 ki\u1ec7n: Gio\u0103ng EDPM, keo Silicon ch\u1ecbu n\u01b0\u1edbc<\/span><br \/>\n<span style=\"font-family: 'times new roman', times, serif; font-size: 130%; color: #000000;\">&#8211; B\u1ea3o h\u00e0nh: 5 n\u0103m<\/span><\/td>\n<td><span style=\"font-family: 'times new roman', times, serif; font-size: 130%; color: #000000;\"><strong>1.750.000<\/strong><\/span><\/td>\n<\/tr>\n<\/tbody>\n<\/table>\n<p><span style=\"font-family: 'times new roman', times, serif; font-size: 130%; color: #008000;\"><em><strong>\u2666 Ghi ch\u00fa:<\/strong><\/em><\/span><\/p>\n<p><span style=\"font-family: 'times new roman', times, serif; font-size: 130%; color: #000000;\">+<em><strong> Gi\u00e1<\/strong><\/em> tr\u00ean ch\u01b0a bao g\u1ed3m Vat 10%, bao g\u1ed3m v\u1eadn chuy\u1ec3n l\u1eafp \u0111\u1eb7t t\u1ea1i <a style=\"color: #000000;\" href=\"https:\/\/vi.wikipedia.org\/wiki\/%C4%90%C3%A0_N%E1%BA%B5ng\">\u0110\u00e0 N\u1eb5ng\u00a0<\/a> \u0111\u1ed1i v\u1edbi nh\u1eefng \u0111\u01a1n h\u00e0ng tr\u00ean 20m2.<\/span><\/p>\n<p><span style=\"font-family: 'times new roman', times, serif; font-size: 130%; color: #000000;\">+ \u0110\u01a1n gi\u00e1 \u00e1p d\u1ee5ng cho k\u00ednh 6.38mm tr\u1eafng trong.<\/span><\/p>\n<p><span style=\"font-family: 'times new roman', times, serif; font-size: 130%; color: #000000;\">+ Th\u1eddi gian giao h\u00e0ng s\u1ebd ghi r\u00f5 trong h\u1ee3p \u0111\u1ed3ng.<\/span><\/p>\n<p><span style=\"font-family: 'times new roman', times, serif; font-size: 130%; color: #000000;\">+ B\u00e1o gi\u00e1 tr\u00ean ch\u1ec9 l\u00e0 b\u00e1o <a style=\"color: #000000;\" href=\"https:\/\/vi.wikipedia.org\/wiki\/Gi%C3%A1\">gi\u00e1<\/a> theo k\u00edch th\u01b0\u1edbc ti\u00eau chu\u1ea9n, n\u1ebfu <em><strong><a style=\"color: #000000;\" href=\"https:\/\/vi.wikipedia.org\/wiki\/C%E1%BB%ADa_s%E1%BB%95\">c\u1eeda s\u1ed5<\/a> m\u1edf quay<\/strong><\/em> chia nhi\u1ec1u \u00f4 ho\u1eb7c c\u1eeda\u00a0 qu\u00e1 b\u00e9 ho\u1eb7c c\u1eeda qu\u00e1 l\u1edbn s\u1ebd c\u00f3 <strong><em>gi\u00e1<\/em> <\/strong>kh\u00e1c nhau.<\/span><\/p>\n","protected":false},"excerpt":{"rendered":"<p><span style=\"font-family: 'times new roman', times, serif; font-size: 150%; color: #000000;\"><img decoding=\"async\" class=\"emoji\" draggable=\"false\" src=\"https:\/\/s.w.org\/images\/core\/emoji\/12.0.0-1\/svg\/1f61b.svg\" alt=\"\ud83d\ude1b\" \/> Giao h\u00e0ng trong \u0111\u1ecba b\u00e0n <a style=\"color: #000000;\" href=\"https:\/\/fr.wikipedia.org\/wiki\/Da_Nang\"><strong>\u0110\u00e0 N\u1eb5ng<\/strong><\/a><\/span><\/p>\n<p><span style=\"font-family: 'times new roman', times, serif; font-size: 150%; color: #000000;\"><img decoding=\"async\" class=\"emoji\" draggable=\"false\" src=\"https:\/\/s.w.org\/images\/core\/emoji\/12.0.0-1\/svg\/1f61b.svg\" alt=\"\ud83d\ude1b\" \/>\u00a0\u0110\u01a1n gi\u00e1:\u00a0<span style=\"color: #ff0000;\"><strong>1.690.000<\/strong><\/span>\u00a0ch\u01b0a bao g\u1ed3m kh\u00f3a ( t\u00f9y thu\u1ed9c v\u00e0o k\u00edch th\u01b0\u1edbc, s\u1ed1 l\u01b0\u1ee3ng v\u00e0 v\u1ecb tr\u00ed l\u1eafp c\u1eeda)<\/span><\/p>\n<p><span style=\"font-family: 'times new roman', times, serif; font-size: 150%; color: #000000;\">-Chi ph\u00ed v\u1eadn chuy\u1ec3n s\u1ebd t\u00ednh theo kho\u1ea3ng c\u00e1ch v\u00e0 s\u1ed1 l\u01b0\u1ee3ng h\u00e0ng h\u00f3a nh\u1eadp<\/span><\/p>\n","protected":false},"featured_media":2645,"comment_status":"closed","ping_status":"closed","template":"","meta":[],"product_cat":[115],"product_tag":[],"class_list":{"0":"post-2644","1":"product","2":"type-product","3":"status-publish","4":"has-post-thumbnail","6":"product_cat-nhom-xingfa","8":"first","9":"instock","10":"sale","11":"shipping-taxable","12":"purchasable","13":"product-type-simple"},"yoast_head":"<!-- This site is optimized with the Yoast SEO Premium plugin v22.3 (Yoast SEO v22.8) - https:\/\/yoast.com\/wordpress\/plugins\/seo\/ -->\n<title>Gi\u00e1 c\u1eeda s\u1ed5 m\u1edf quay nh\u00f4m xingfa \u0110\u00e0 N\u1eb5ng - 0903.595.049<\/title>\n<meta name=\"description\" content=\"Tr\u1ea7n Th\u1ecb chuy\u00ean s\u1ea3n xu\u1ea5t c\u1eeda s\u1ed5 nh\u00f4m xingfa m\u1edf quay gi\u00e1 r\u1ebb t\u1ea1i \u0110\u00e0 n\u1eb5ng, c\u00e1c s\u1ea3n ph\u1ea9m b\u1ea3o h\u00e0nh 5 n\u0103m v\u00e0 l\u1eafp \u0111\u1eb7t mi\u1ec5n ph\u00ed t\u1ea1i \u0110\u00e0 N\u1eb5ng\" \/>\n<meta name=\"robots\" content=\"index, follow, max-snippet:-1, max-image-preview:large, max-video-preview:-1\" \/>\n<link rel=\"canonical\" href=\"https:\/\/tranthi.vn\/hatinh\/cua-so-mo-quay-nhom-xingfa\/\" \/>\n<meta property=\"og:locale\" content=\"vi_VN\" \/>\n<meta property=\"og:type\" content=\"article\" \/>\n<meta property=\"og:title\" content=\"C\u1eeda S\u1ed5 M\u1edf Quay Nh\u00f4m Xingfa\" \/>\n<meta property=\"og:description\" content=\"Tr\u1ea7n Th\u1ecb chuy\u00ean s\u1ea3n xu\u1ea5t c\u1eeda s\u1ed5 nh\u00f4m xingfa m\u1edf quay gi\u00e1 r\u1ebb t\u1ea1i \u0110\u00e0 n\u1eb5ng, c\u00e1c s\u1ea3n ph\u1ea9m b\u1ea3o h\u00e0nh 5 n\u0103m v\u00e0 l\u1eafp \u0111\u1eb7t mi\u1ec5n ph\u00ed t\u1ea1i \u0110\u00e0 N\u1eb5ng\" \/>\n<meta property=\"og:url\" content=\"https:\/\/tranthi.vn\/hatinh\/cua-so-mo-quay-nhom-xingfa\/\" \/>\n<meta property=\"og:site_name\" content=\"V\u1eadt Li\u1ec7u X\u00e2y D\u1ef1ng Tr\u1ea7n Th\u1ecb Chi Nh\u00e1nh H\u00e0 T\u0129nh\" \/>\n<meta property=\"article:modified_time\" content=\"2021-03-27T09:06:38+00:00\" \/>\n<meta property=\"og:image\" content=\"https:\/\/tranthi.vn\/hatinh\/wp-content\/uploads\/2021\/03\/nhOm4.jpg\" \/>\n\t<meta property=\"og:image:width\" content=\"512\" \/>\n\t<meta property=\"og:image:height\" content=\"373\" \/>\n\t<meta property=\"og:image:type\" content=\"image\/jpeg\" \/>\n<meta name=\"twitter:card\" content=\"summary_large_image\" \/>\n<meta name=\"twitter:label1\" content=\"Gi\u00e1\" \/>\n\t<meta name=\"twitter:data1\" content=\"1,690,000&nbsp;&#8363;\" \/>\n\t<meta name=\"twitter:label2\" content=\"Kh\u1ea3 d\u1ee5ng\" \/>\n\t<meta name=\"twitter:data2\" content=\"Trong kho\" \/>\n<script type=\"application\/ld+json\" class=\"yoast-schema-graph\">{\"@context\":\"https:\/\/schema.org\",\"@graph\":[{\"@type\":[\"WebPage\",\"ItemPage\"],\"@id\":\"https:\/\/tranthi.vn\/hatinh\/cua-so-mo-quay-nhom-xingfa\/\",\"url\":\"https:\/\/tranthi.vn\/hatinh\/cua-so-mo-quay-nhom-xingfa\/\",\"name\":\"Gi\u00e1 c\u1eeda s\u1ed5 m\u1edf quay nh\u00f4m xingfa \u0110\u00e0 N\u1eb5ng - 0903.595.049\",\"isPartOf\":{\"@id\":\"https:\/\/tranthi.vn\/hatinh\/#website\"},\"primaryImageOfPage\":{\"@id\":\"https:\/\/tranthi.vn\/hatinh\/cua-so-mo-quay-nhom-xingfa\/#primaryimage\"},\"image\":{\"@id\":\"https:\/\/tranthi.vn\/hatinh\/cua-so-mo-quay-nhom-xingfa\/#primaryimage\"},\"thumbnailUrl\":\"https:\/\/tranthi.vn\/hatinh\/wp-content\/uploads\/2021\/03\/nhOm4.jpg\",\"datePublished\":\"2021-03-09T08:00:09+00:00\",\"dateModified\":\"2021-03-27T09:06:38+00:00\",\"description\":\"Tr\u1ea7n Th\u1ecb chuy\u00ean s\u1ea3n xu\u1ea5t c\u1eeda s\u1ed5 nh\u00f4m xingfa m\u1edf quay gi\u00e1 r\u1ebb t\u1ea1i \u0110\u00e0 n\u1eb5ng, c\u00e1c s\u1ea3n ph\u1ea9m b\u1ea3o h\u00e0nh 5 n\u0103m v\u00e0 l\u1eafp \u0111\u1eb7t mi\u1ec5n ph\u00ed t\u1ea1i \u0110\u00e0 N\u1eb5ng\",\"breadcrumb\":{\"@id\":\"https:\/\/tranthi.vn\/hatinh\/cua-so-mo-quay-nhom-xingfa\/#breadcrumb\"},\"inLanguage\":\"vi\",\"potentialAction\":[{\"@type\":\"ReadAction\",\"target\":[\"https:\/\/tranthi.vn\/hatinh\/cua-so-mo-quay-nhom-xingfa\/\"]}]},{\"@type\":\"ImageObject\",\"inLanguage\":\"vi\",\"@id\":\"https:\/\/tranthi.vn\/hatinh\/cua-so-mo-quay-nhom-xingfa\/#primaryimage\",\"url\":\"https:\/\/tranthi.vn\/hatinh\/wp-content\/uploads\/2021\/03\/nhOm4.jpg\",\"contentUrl\":\"https:\/\/tranthi.vn\/hatinh\/wp-content\/uploads\/2021\/03\/nhOm4.jpg\",\"width\":512,\"height\":373},{\"@type\":\"BreadcrumbList\",\"@id\":\"https:\/\/tranthi.vn\/hatinh\/cua-so-mo-quay-nhom-xingfa\/#breadcrumb\",\"itemListElement\":[{\"@type\":\"ListItem\",\"position\":1,\"name\":\"Trang ch\u1ee7\",\"item\":\"https:\/\/tranthi.vn\/hatinh\/\"},{\"@type\":\"ListItem\",\"position\":2,\"name\":\"Shop\",\"item\":\"https:\/\/tranthi.vn\/hatinh\/shop\/\"},{\"@type\":\"ListItem\",\"position\":3,\"name\":\"C\u1eeda S\u1ed5 M\u1edf Quay Nh\u00f4m Xingfa\"}]},{\"@type\":\"WebSite\",\"@id\":\"https:\/\/tranthi.vn\/hatinh\/#website\",\"url\":\"https:\/\/tranthi.vn\/hatinh\/\",\"name\":\"V\u1eadt Li\u1ec7u X\u00e2y D\u1ef1ng Tr\u1ea7n Th\u1ecb Chi Nh\u00e1nh H\u00e0 T\u0129nh\",\"description\":\"V\u1eadt Li\u1ec7u X\u00e2y D\u1ef1ng - H\u00e0 T\u0129nh\",\"potentialAction\":[{\"@type\":\"SearchAction\",\"target\":{\"@type\":\"EntryPoint\",\"urlTemplate\":\"https:\/\/tranthi.vn\/hatinh\/?s={search_term_string}\"},\"query-input\":\"required name=search_term_string\"}],\"inLanguage\":\"vi\"},{\"@type\":\"ImageObject\",\"inLanguage\":\"vi\",\"@id\":\"https:\/\/tranthi.vn\/hatinh\/cua-so-mo-quay-nhom-xingfa\/#local-main-organization-logo\",\"url\":\"\",\"contentUrl\":\"\",\"caption\":\"V\u1eadt Li\u1ec7u X\u00e2y D\u1ef1ng Tr\u1ea7n Th\u1ecb Chi Nh\u00e1nh H\u00e0 T\u0129nh\"}]}<\/script>\n<meta property=\"product:price:amount\" content=\"1690000\" \/>\n<meta property=\"product:price:currency\" content=\"VND\" \/>\n<meta property=\"og:availability\" content=\"instock\" \/>\n<meta property=\"product:availability\" content=\"instock\" \/>\n<meta property=\"product:condition\" content=\"new\" \/>\n<!-- \/ Yoast SEO Premium plugin. -->","yoast_head_json":{"title":"Gi\u00e1 c\u1eeda s\u1ed5 m\u1edf quay nh\u00f4m xingfa \u0110\u00e0 N\u1eb5ng - 0903.595.049","description":"Tr\u1ea7n Th\u1ecb chuy\u00ean s\u1ea3n xu\u1ea5t c\u1eeda s\u1ed5 nh\u00f4m xingfa m\u1edf quay gi\u00e1 r\u1ebb t\u1ea1i \u0110\u00e0 n\u1eb5ng, c\u00e1c s\u1ea3n ph\u1ea9m b\u1ea3o h\u00e0nh 5 n\u0103m v\u00e0 l\u1eafp \u0111\u1eb7t mi\u1ec5n ph\u00ed t\u1ea1i \u0110\u00e0 N\u1eb5ng","robots":{"index":"index","follow":"follow","max-snippet":"max-snippet:-1","max-image-preview":"max-image-preview:large","max-video-preview":"max-video-preview:-1"},"canonical":"https:\/\/tranthi.vn\/hatinh\/cua-so-mo-quay-nhom-xingfa\/","og_locale":"vi_VN","og_type":"article","og_title":"C\u1eeda S\u1ed5 M\u1edf Quay Nh\u00f4m Xingfa","og_description":"Tr\u1ea7n Th\u1ecb chuy\u00ean s\u1ea3n xu\u1ea5t c\u1eeda s\u1ed5 nh\u00f4m xingfa m\u1edf quay gi\u00e1 r\u1ebb t\u1ea1i \u0110\u00e0 n\u1eb5ng, c\u00e1c s\u1ea3n ph\u1ea9m b\u1ea3o h\u00e0nh 5 n\u0103m v\u00e0 l\u1eafp \u0111\u1eb7t mi\u1ec5n ph\u00ed t\u1ea1i \u0110\u00e0 N\u1eb5ng","og_url":"https:\/\/tranthi.vn\/hatinh\/cua-so-mo-quay-nhom-xingfa\/","og_site_name":"V\u1eadt Li\u1ec7u X\u00e2y D\u1ef1ng Tr\u1ea7n Th\u1ecb Chi Nh\u00e1nh H\u00e0 T\u0129nh","article_modified_time":"2021-03-27T09:06:38+00:00","og_image":[{"width":512,"height":373,"url":"https:\/\/tranthi.vn\/hatinh\/wp-content\/uploads\/2021\/03\/nhOm4.jpg","type":"image\/jpeg"}],"twitter_card":"summary_large_image","twitter_misc":{"Gi\u00e1":"1,690,000&nbsp;&#8363;","Kh\u1ea3 d\u1ee5ng":"Trong kho"},"schema":{"@context":"https:\/\/schema.org","@graph":[{"@type":["WebPage","ItemPage"],"@id":"https:\/\/tranthi.vn\/hatinh\/cua-so-mo-quay-nhom-xingfa\/","url":"https:\/\/tranthi.vn\/hatinh\/cua-so-mo-quay-nhom-xingfa\/","name":"Gi\u00e1 c\u1eeda s\u1ed5 m\u1edf quay nh\u00f4m xingfa \u0110\u00e0 N\u1eb5ng - 0903.595.049","isPartOf":{"@id":"https:\/\/tranthi.vn\/hatinh\/#website"},"primaryImageOfPage":{"@id":"https:\/\/tranthi.vn\/hatinh\/cua-so-mo-quay-nhom-xingfa\/#primaryimage"},"image":{"@id":"https:\/\/tranthi.vn\/hatinh\/cua-so-mo-quay-nhom-xingfa\/#primaryimage"},"thumbnailUrl":"https:\/\/tranthi.vn\/hatinh\/wp-content\/uploads\/2021\/03\/nhOm4.jpg","datePublished":"2021-03-09T08:00:09+00:00","dateModified":"2021-03-27T09:06:38+00:00","description":"Tr\u1ea7n Th\u1ecb chuy\u00ean s\u1ea3n xu\u1ea5t c\u1eeda s\u1ed5 nh\u00f4m xingfa m\u1edf quay gi\u00e1 r\u1ebb t\u1ea1i \u0110\u00e0 n\u1eb5ng, c\u00e1c s\u1ea3n ph\u1ea9m b\u1ea3o h\u00e0nh 5 n\u0103m v\u00e0 l\u1eafp \u0111\u1eb7t mi\u1ec5n ph\u00ed t\u1ea1i \u0110\u00e0 N\u1eb5ng","breadcrumb":{"@id":"https:\/\/tranthi.vn\/hatinh\/cua-so-mo-quay-nhom-xingfa\/#breadcrumb"},"inLanguage":"vi","potentialAction":[{"@type":"ReadAction","target":["https:\/\/tranthi.vn\/hatinh\/cua-so-mo-quay-nhom-xingfa\/"]}]},{"@type":"ImageObject","inLanguage":"vi","@id":"https:\/\/tranthi.vn\/hatinh\/cua-so-mo-quay-nhom-xingfa\/#primaryimage","url":"https:\/\/tranthi.vn\/hatinh\/wp-content\/uploads\/2021\/03\/nhOm4.jpg","contentUrl":"https:\/\/tranthi.vn\/hatinh\/wp-content\/uploads\/2021\/03\/nhOm4.jpg","width":512,"height":373},{"@type":"BreadcrumbList","@id":"https:\/\/tranthi.vn\/hatinh\/cua-so-mo-quay-nhom-xingfa\/#breadcrumb","itemListElement":[{"@type":"ListItem","position":1,"name":"Trang ch\u1ee7","item":"https:\/\/tranthi.vn\/hatinh\/"},{"@type":"ListItem","position":2,"name":"Shop","item":"https:\/\/tranthi.vn\/hatinh\/shop\/"},{"@type":"ListItem","position":3,"name":"C\u1eeda S\u1ed5 M\u1edf Quay Nh\u00f4m Xingfa"}]},{"@type":"WebSite","@id":"https:\/\/tranthi.vn\/hatinh\/#website","url":"https:\/\/tranthi.vn\/hatinh\/","name":"V\u1eadt Li\u1ec7u X\u00e2y D\u1ef1ng Tr\u1ea7n Th\u1ecb Chi Nh\u00e1nh H\u00e0 T\u0129nh","description":"V\u1eadt Li\u1ec7u X\u00e2y D\u1ef1ng - H\u00e0 T\u0129nh","potentialAction":[{"@type":"SearchAction","target":{"@type":"EntryPoint","urlTemplate":"https:\/\/tranthi.vn\/hatinh\/?s={search_term_string}"},"query-input":"required name=search_term_string"}],"inLanguage":"vi"},{"@type":"ImageObject","inLanguage":"vi","@id":"https:\/\/tranthi.vn\/hatinh\/cua-so-mo-quay-nhom-xingfa\/#local-main-organization-logo","url":"","contentUrl":"","caption":"V\u1eadt Li\u1ec7u X\u00e2y D\u1ef1ng Tr\u1ea7n Th\u1ecb Chi Nh\u00e1nh H\u00e0 T\u0129nh"}]},"product_price_amount":"1690000","product_price_currency":"VND","og_availability":"instock","product_availability":"instock","product_condition":"new"},"_links":{"self":[{"href":"https:\/\/tranthi.vn\/hatinh\/wp-json\/wp\/v2\/product\/2644","targetHints":{"allow":["GET"]}}],"collection":[{"href":"https:\/\/tranthi.vn\/hatinh\/wp-json\/wp\/v2\/product"}],"about":[{"href":"https:\/\/tranthi.vn\/hatinh\/wp-json\/wp\/v2\/types\/product"}],"replies":[{"embeddable":true,"href":"https:\/\/tranthi.vn\/hatinh\/wp-json\/wp\/v2\/comments?post=2644"}],"wp:featuredmedia":[{"embeddable":true,"href":"https:\/\/tranthi.vn\/hatinh\/wp-json\/wp\/v2\/media\/2645"}],"wp:attachment":[{"href":"https:\/\/tranthi.vn\/hatinh\/wp-json\/wp\/v2\/media?parent=2644"}],"wp:term":[{"taxonomy":"product_cat","embeddable":true,"href":"https:\/\/tranthi.vn\/hatinh\/wp-json\/wp\/v2\/product_cat?post=2644"},{"taxonomy":"product_tag","embeddable":true,"href":"https:\/\/tranthi.vn\/hatinh\/wp-json\/wp\/v2\/product_tag?post=2644"}],"curies":[{"name":"wp","href":"https:\/\/api.w.org\/{rel}","templated":true}]}}