{"id":2552,"date":"2021-03-08T15:26:38","date_gmt":"2021-03-08T08:26:38","guid":{"rendered":"https:\/\/tranthi.vn\/quangnam\/?post_type=product&#038;p=2552"},"modified":"2022-02-15T17:27:52","modified_gmt":"2022-02-15T10:27:52","slug":"da-ghep-xanh-vang","status":"publish","type":"product","link":"https:\/\/tranthi.vn\/hatinh\/da-ghep-xanh-vang\/","title":{"rendered":"\u0110\u00e1 Gh\u00e9p Xanh V\u00e0ng"},"content":{"rendered":"","protected":false},"excerpt":{"rendered":"<p><span style=\"font-family: 'times new roman', times, serif; font-size: 150%; color: #000000;\">\ud83d\ude06 Giao h\u00e0ng t\u1eadn ch\u00e2n c\u00f4ng tr\u00ecnh<\/span><\/p>\n<p><span style=\"font-family: 'times new roman', times, serif; font-size: 150%; color: #000000;\">\ud83d\ude06 \u0110VT: M2<\/span><\/p>\n<p><span style=\"font-family: 'times new roman', times, serif; font-size: 150%; color: #000000;\">\ud83d\ude06 Gi\u00e1 \u0111\u00e1 gh\u00e9p xanh\u00a0trong n\u1ed9i th\u00e0nh\u00a0<strong><a style=\"color: #000000;\" href=\"https:\/\/fr.wikipedia.org\/wiki\/Da_Nang\">\u0110\u00e0 N\u1eb5ng<\/a><\/strong><\/span><\/p>\n<p><span style=\"font-family: 'times new roman', times, serif; font-size: 150%; color: #000000;\">1m&lt;m&lt;10m <span style=\"color: #ff0000;\">:<strong>215.000\/m2<\/strong><\/span><\/span><\/p>\n<p><span style=\"font-family: 'times new roman', times, serif; font-size: 150%; color: #000000;\">10m&lt;m&lt;20m :<span style=\"color: #ff0000;\">\u00a0<strong>195.000\/m2<\/strong><\/span><\/span><\/p>\n<p><span style=\"font-family: 'times new roman', times, serif; font-size: 150%; color: #000000;\"><em>( ch\u01b0a bao g\u1ed3m chi ph\u00ed v\u1eadn chuy\u1ec3n)<\/em><\/span><\/p>\n","protected":false},"featured_media":2554,"comment_status":"closed","ping_status":"closed","template":"","meta":[],"product_cat":[108],"product_tag":[],"class_list":{"0":"post-2552","1":"product","2":"type-product","3":"status-publish","4":"has-post-thumbnail","6":"product_cat-da","8":"first","9":"instock","10":"sale","11":"shipping-taxable","12":"purchasable","13":"product-type-simple"},"yoast_head":"<!-- This site is optimized with the Yoast SEO Premium plugin v22.3 (Yoast SEO v22.8) - https:\/\/yoast.com\/wordpress\/plugins\/seo\/ -->\n<title>\u0110\u00e1 Gh\u00e9p Xanh V\u00e0ng - V\u1eadt Li\u1ec7u X\u00e2y D\u1ef1ng Tr\u1ea7n Th\u1ecb Chi Nh\u00e1nh H\u00e0 T\u0129nh<\/title>\n<meta name=\"robots\" content=\"index, follow, max-snippet:-1, max-image-preview:large, max-video-preview:-1\" \/>\n<link rel=\"canonical\" href=\"https:\/\/tranthi.vn\/hatinh\/da-ghep-xanh-vang\/\" \/>\n<meta property=\"og:locale\" content=\"vi_VN\" \/>\n<meta property=\"og:type\" content=\"article\" \/>\n<meta property=\"og:title\" content=\"\u0110\u00e1 Gh\u00e9p Xanh V\u00e0ng\" \/>\n<meta property=\"og:description\" content=\"\ud83d\ude06 Giao h\u00e0ng t\u1eadn ch\u00e2n c\u00f4ng tr\u00ecnh  \ud83d\ude06 \u0110VT: M2  \ud83d\ude06 Gi\u00e1 \u0111\u00e1 gh\u00e9p xanh\u00a0trong n\u1ed9i th\u00e0nh\u00a0\u0110\u00e0 N\u1eb5ng  1m&lt;m&lt;10m :215.000\/m2  10m&lt;m&lt;20m :\u00a0195.000\/m2  ( ch\u01b0a bao g\u1ed3m chi ph\u00ed v\u1eadn chuy\u1ec3n)\" \/>\n<meta property=\"og:url\" content=\"https:\/\/tranthi.vn\/hatinh\/da-ghep-xanh-vang\/\" \/>\n<meta property=\"og:site_name\" content=\"V\u1eadt Li\u1ec7u X\u00e2y D\u1ef1ng Tr\u1ea7n Th\u1ecb Chi Nh\u00e1nh H\u00e0 T\u0129nh\" \/>\n<meta property=\"article:modified_time\" content=\"2022-02-15T10:27:52+00:00\" \/>\n<meta property=\"og:image\" content=\"https:\/\/tranthi.vn\/hatinh\/wp-content\/uploads\/2021\/03\/da-ghep-xanh-vang-2_optimized.jpg\" \/>\n\t<meta property=\"og:image:width\" content=\"300\" \/>\n\t<meta property=\"og:image:height\" content=\"300\" \/>\n\t<meta property=\"og:image:type\" content=\"image\/jpeg\" \/>\n<meta name=\"twitter:card\" content=\"summary_large_image\" \/>\n<meta name=\"twitter:label1\" content=\"Gi\u00e1\" \/>\n\t<meta name=\"twitter:data1\" content=\"195,000&nbsp;&#8363;\" \/>\n\t<meta name=\"twitter:label2\" content=\"Kh\u1ea3 d\u1ee5ng\" \/>\n\t<meta name=\"twitter:data2\" content=\"Trong kho\" \/>\n<script type=\"application\/ld+json\" class=\"yoast-schema-graph\">{\"@context\":\"https:\/\/schema.org\",\"@graph\":[{\"@type\":[\"WebPage\",\"ItemPage\"],\"@id\":\"https:\/\/tranthi.vn\/hatinh\/da-ghep-xanh-vang\/\",\"url\":\"https:\/\/tranthi.vn\/hatinh\/da-ghep-xanh-vang\/\",\"name\":\"\u0110\u00e1 Gh\u00e9p Xanh V\u00e0ng - V\u1eadt Li\u1ec7u X\u00e2y D\u1ef1ng Tr\u1ea7n Th\u1ecb Chi Nh\u00e1nh H\u00e0 T\u0129nh\",\"isPartOf\":{\"@id\":\"https:\/\/tranthi.vn\/hatinh\/#website\"},\"primaryImageOfPage\":{\"@id\":\"https:\/\/tranthi.vn\/hatinh\/da-ghep-xanh-vang\/#primaryimage\"},\"image\":{\"@id\":\"https:\/\/tranthi.vn\/hatinh\/da-ghep-xanh-vang\/#primaryimage\"},\"thumbnailUrl\":\"https:\/\/tranthi.vn\/hatinh\/wp-content\/uploads\/2021\/03\/da-ghep-xanh-vang-2_optimized.jpg\",\"datePublished\":\"2021-03-08T08:26:38+00:00\",\"dateModified\":\"2022-02-15T10:27:52+00:00\",\"breadcrumb\":{\"@id\":\"https:\/\/tranthi.vn\/hatinh\/da-ghep-xanh-vang\/#breadcrumb\"},\"inLanguage\":\"vi\",\"potentialAction\":[{\"@type\":\"ReadAction\",\"target\":[\"https:\/\/tranthi.vn\/hatinh\/da-ghep-xanh-vang\/\"]}]},{\"@type\":\"ImageObject\",\"inLanguage\":\"vi\",\"@id\":\"https:\/\/tranthi.vn\/hatinh\/da-ghep-xanh-vang\/#primaryimage\",\"url\":\"https:\/\/tranthi.vn\/hatinh\/wp-content\/uploads\/2021\/03\/da-ghep-xanh-vang-2_optimized.jpg\",\"contentUrl\":\"https:\/\/tranthi.vn\/hatinh\/wp-content\/uploads\/2021\/03\/da-ghep-xanh-vang-2_optimized.jpg\",\"width\":300,\"height\":300},{\"@type\":\"BreadcrumbList\",\"@id\":\"https:\/\/tranthi.vn\/hatinh\/da-ghep-xanh-vang\/#breadcrumb\",\"itemListElement\":[{\"@type\":\"ListItem\",\"position\":1,\"name\":\"Trang ch\u1ee7\",\"item\":\"https:\/\/tranthi.vn\/hatinh\/\"},{\"@type\":\"ListItem\",\"position\":2,\"name\":\"Shop\",\"item\":\"https:\/\/tranthi.vn\/hatinh\/shop\/\"},{\"@type\":\"ListItem\",\"position\":3,\"name\":\"\u0110\u00e1 Gh\u00e9p Xanh V\u00e0ng\"}]},{\"@type\":\"WebSite\",\"@id\":\"https:\/\/tranthi.vn\/hatinh\/#website\",\"url\":\"https:\/\/tranthi.vn\/hatinh\/\",\"name\":\"V\u1eadt Li\u1ec7u X\u00e2y D\u1ef1ng Tr\u1ea7n Th\u1ecb Chi Nh\u00e1nh H\u00e0 T\u0129nh\",\"description\":\"V\u1eadt Li\u1ec7u X\u00e2y D\u1ef1ng - H\u00e0 T\u0129nh\",\"potentialAction\":[{\"@type\":\"SearchAction\",\"target\":{\"@type\":\"EntryPoint\",\"urlTemplate\":\"https:\/\/tranthi.vn\/hatinh\/?s={search_term_string}\"},\"query-input\":\"required name=search_term_string\"}],\"inLanguage\":\"vi\"},{\"@type\":\"ImageObject\",\"inLanguage\":\"vi\",\"@id\":\"https:\/\/tranthi.vn\/hatinh\/da-ghep-xanh-vang\/#local-main-organization-logo\",\"url\":\"\",\"contentUrl\":\"\",\"caption\":\"V\u1eadt Li\u1ec7u X\u00e2y D\u1ef1ng Tr\u1ea7n Th\u1ecb Chi Nh\u00e1nh H\u00e0 T\u0129nh\"}]}<\/script>\n<meta property=\"product:price:amount\" content=\"195000\" \/>\n<meta property=\"product:price:currency\" content=\"VND\" \/>\n<meta property=\"og:availability\" content=\"instock\" \/>\n<meta property=\"product:availability\" content=\"instock\" \/>\n<meta property=\"product:condition\" content=\"new\" \/>\n<!-- \/ Yoast SEO Premium plugin. -->","yoast_head_json":{"title":"\u0110\u00e1 Gh\u00e9p Xanh V\u00e0ng - V\u1eadt Li\u1ec7u X\u00e2y D\u1ef1ng Tr\u1ea7n Th\u1ecb Chi Nh\u00e1nh H\u00e0 T\u0129nh","robots":{"index":"index","follow":"follow","max-snippet":"max-snippet:-1","max-image-preview":"max-image-preview:large","max-video-preview":"max-video-preview:-1"},"canonical":"https:\/\/tranthi.vn\/hatinh\/da-ghep-xanh-vang\/","og_locale":"vi_VN","og_type":"article","og_title":"\u0110\u00e1 Gh\u00e9p Xanh V\u00e0ng","og_description":"\ud83d\ude06 Giao h\u00e0ng t\u1eadn ch\u00e2n c\u00f4ng tr\u00ecnh  \ud83d\ude06 \u0110VT: M2  \ud83d\ude06 Gi\u00e1 \u0111\u00e1 gh\u00e9p xanh\u00a0trong n\u1ed9i th\u00e0nh\u00a0\u0110\u00e0 N\u1eb5ng  1m&lt;m&lt;10m :215.000\/m2  10m&lt;m&lt;20m :\u00a0195.000\/m2  ( ch\u01b0a bao g\u1ed3m chi ph\u00ed v\u1eadn chuy\u1ec3n)","og_url":"https:\/\/tranthi.vn\/hatinh\/da-ghep-xanh-vang\/","og_site_name":"V\u1eadt Li\u1ec7u X\u00e2y D\u1ef1ng Tr\u1ea7n Th\u1ecb Chi Nh\u00e1nh H\u00e0 T\u0129nh","article_modified_time":"2022-02-15T10:27:52+00:00","og_image":[{"width":300,"height":300,"url":"https:\/\/tranthi.vn\/hatinh\/wp-content\/uploads\/2021\/03\/da-ghep-xanh-vang-2_optimized.jpg","type":"image\/jpeg"}],"twitter_card":"summary_large_image","twitter_misc":{"Gi\u00e1":"195,000&nbsp;&#8363;","Kh\u1ea3 d\u1ee5ng":"Trong kho"},"schema":{"@context":"https:\/\/schema.org","@graph":[{"@type":["WebPage","ItemPage"],"@id":"https:\/\/tranthi.vn\/hatinh\/da-ghep-xanh-vang\/","url":"https:\/\/tranthi.vn\/hatinh\/da-ghep-xanh-vang\/","name":"\u0110\u00e1 Gh\u00e9p Xanh V\u00e0ng - V\u1eadt Li\u1ec7u X\u00e2y D\u1ef1ng Tr\u1ea7n Th\u1ecb Chi Nh\u00e1nh H\u00e0 T\u0129nh","isPartOf":{"@id":"https:\/\/tranthi.vn\/hatinh\/#website"},"primaryImageOfPage":{"@id":"https:\/\/tranthi.vn\/hatinh\/da-ghep-xanh-vang\/#primaryimage"},"image":{"@id":"https:\/\/tranthi.vn\/hatinh\/da-ghep-xanh-vang\/#primaryimage"},"thumbnailUrl":"https:\/\/tranthi.vn\/hatinh\/wp-content\/uploads\/2021\/03\/da-ghep-xanh-vang-2_optimized.jpg","datePublished":"2021-03-08T08:26:38+00:00","dateModified":"2022-02-15T10:27:52+00:00","breadcrumb":{"@id":"https:\/\/tranthi.vn\/hatinh\/da-ghep-xanh-vang\/#breadcrumb"},"inLanguage":"vi","potentialAction":[{"@type":"ReadAction","target":["https:\/\/tranthi.vn\/hatinh\/da-ghep-xanh-vang\/"]}]},{"@type":"ImageObject","inLanguage":"vi","@id":"https:\/\/tranthi.vn\/hatinh\/da-ghep-xanh-vang\/#primaryimage","url":"https:\/\/tranthi.vn\/hatinh\/wp-content\/uploads\/2021\/03\/da-ghep-xanh-vang-2_optimized.jpg","contentUrl":"https:\/\/tranthi.vn\/hatinh\/wp-content\/uploads\/2021\/03\/da-ghep-xanh-vang-2_optimized.jpg","width":300,"height":300},{"@type":"BreadcrumbList","@id":"https:\/\/tranthi.vn\/hatinh\/da-ghep-xanh-vang\/#breadcrumb","itemListElement":[{"@type":"ListItem","position":1,"name":"Trang ch\u1ee7","item":"https:\/\/tranthi.vn\/hatinh\/"},{"@type":"ListItem","position":2,"name":"Shop","item":"https:\/\/tranthi.vn\/hatinh\/shop\/"},{"@type":"ListItem","position":3,"name":"\u0110\u00e1 Gh\u00e9p Xanh V\u00e0ng"}]},{"@type":"WebSite","@id":"https:\/\/tranthi.vn\/hatinh\/#website","url":"https:\/\/tranthi.vn\/hatinh\/","name":"V\u1eadt Li\u1ec7u X\u00e2y D\u1ef1ng Tr\u1ea7n Th\u1ecb Chi Nh\u00e1nh H\u00e0 T\u0129nh","description":"V\u1eadt Li\u1ec7u X\u00e2y D\u1ef1ng - H\u00e0 T\u0129nh","potentialAction":[{"@type":"SearchAction","target":{"@type":"EntryPoint","urlTemplate":"https:\/\/tranthi.vn\/hatinh\/?s={search_term_string}"},"query-input":"required name=search_term_string"}],"inLanguage":"vi"},{"@type":"ImageObject","inLanguage":"vi","@id":"https:\/\/tranthi.vn\/hatinh\/da-ghep-xanh-vang\/#local-main-organization-logo","url":"","contentUrl":"","caption":"V\u1eadt Li\u1ec7u X\u00e2y D\u1ef1ng Tr\u1ea7n Th\u1ecb Chi Nh\u00e1nh H\u00e0 T\u0129nh"}]},"product_price_amount":"195000","product_price_currency":"VND","og_availability":"instock","product_availability":"instock","product_condition":"new"},"_links":{"self":[{"href":"https:\/\/tranthi.vn\/hatinh\/wp-json\/wp\/v2\/product\/2552","targetHints":{"allow":["GET"]}}],"collection":[{"href":"https:\/\/tranthi.vn\/hatinh\/wp-json\/wp\/v2\/product"}],"about":[{"href":"https:\/\/tranthi.vn\/hatinh\/wp-json\/wp\/v2\/types\/product"}],"replies":[{"embeddable":true,"href":"https:\/\/tranthi.vn\/hatinh\/wp-json\/wp\/v2\/comments?post=2552"}],"wp:featuredmedia":[{"embeddable":true,"href":"https:\/\/tranthi.vn\/hatinh\/wp-json\/wp\/v2\/media\/2554"}],"wp:attachment":[{"href":"https:\/\/tranthi.vn\/hatinh\/wp-json\/wp\/v2\/media?parent=2552"}],"wp:term":[{"taxonomy":"product_cat","embeddable":true,"href":"https:\/\/tranthi.vn\/hatinh\/wp-json\/wp\/v2\/product_cat?post=2552"},{"taxonomy":"product_tag","embeddable":true,"href":"https:\/\/tranthi.vn\/hatinh\/wp-json\/wp\/v2\/product_tag?post=2552"}],"curies":[{"name":"wp","href":"https:\/\/api.w.org\/{rel}","templated":true}]}}