{"id":2509,"date":"2021-03-08T08:48:38","date_gmt":"2021-03-08T01:48:38","guid":{"rendered":"https:\/\/tranthi.vn\/quangnam\/?post_type=product&#038;p=2509"},"modified":"2021-03-08T08:51:40","modified_gmt":"2021-03-08T01:51:40","slug":"tam-pin-nang-luong-mat-troi-mono-da-nang","status":"publish","type":"product","link":"https:\/\/tranthi.vn\/hatinh\/tam-pin-nang-luong-mat-troi-mono-da-nang\/","title":{"rendered":"T\u1ea5m Pin N\u0103ng L\u01b0\u1ee3ng M\u1eb7t Tr\u1eddi \u0110\u00e0 N\u1eb5ng"},"content":{"rendered":"<h1 style=\"text-align: center;\"><span style=\"color: #ff0000;\"><a style=\"color: #ff0000;\" href=\"https:\/\/tranthi.vn\/quangnam\/?post_type=product&amp;p=2509&amp;preview=true\"><span style=\"font-family: 'times new roman', times, serif; font-size: 140%;\"><strong>T\u1ea4M PIN N\u0102NG L\u01af\u1ee2NG M\u1eb6T TR\u1edcI MONO<\/strong><\/span><\/a><\/span><\/h1>\n<p><span style=\"font-family: 'times new roman', times, serif; font-size: 140%; color: #000000;\">So v\u1edbi pin n\u0103ng l\u01b0\u1ee3ng Poly th\u00ec\u00a0<span style=\"color: #008000;\"><a style=\"color: #008000;\" href=\"https:\/\/vi.wikipedia.org\/wiki\/Pin_m%E1%BA%B7t_tr%E1%BB%9Di\"><strong><em>t\u1ea5m pin n\u0103ng l\u01b0\u1ee3ng m\u1eb7t tr\u1eddi<\/em><\/strong>\u00a0<\/a><strong><em>Mono<\/em><\/strong><\/span>\u00a0c\u00f3 hi\u1ec7u su\u1ea5t cao h\u01a1n ch\u00ednh g\u00ec th\u1ebf gi\u00e1 th\u00e0nh t\u1ea1i\u00a0<span style=\"color: #008000;\"><a style=\"color: #008000;\" href=\"https:\/\/vi.wikipedia.org\/wiki\/%C4%90%C3%A0_N%E1%BA%B5ng\"><strong><em>\u0110\u00e0 N\u1eb5ng<\/em><\/strong><\/a><\/span> c\u1ee7a pin Mono c\u0169ng nh\u00edch h\u01a1n m\u1ed9t ch\u00fat, t\u1ea5m pin m\u00ecnh l\u1ef1a ch\u1ecdn \u0111\u1ec3 l\u1eafp h\u1ec7 th\u1ed1ng \u0111i\u1ec7n 3kw l\u00e0 pin mono 385w<\/span><\/p>\n<h2><span style=\"color: #ff0000; font-size: 140%;\"><strong style=\"font-family: 'times new roman', times, serif;\">1. \u0110\u1eb6C T\u00cdNH C\u1ee6A <em>PIN N\u0102NG L\u01af\u1ee2NG M\u1eb6T TR\u1edcI <\/em>MONO 385W<\/strong><\/span><\/h2>\n<ul>\n<li><span style=\"font-family: 'times new roman', times, serif; font-size: 140%; color: #000000;\">C\u1ea5u t\u1ea1o khung nh\u00f4m h\u1ee3p kim \u0111\u1ed9 b\u1ec1n c\u01a1 h\u1ecdc cao, d\u1ec5 d\u00e0ng l\u1eafp \u0111\u1eb7t.<\/span><\/li>\n<li><span style=\"font-family: 'times new roman', times, serif; font-size: 140%; color: #000000;\">Anti-aging EVA v\u00e0 t\u1ea5m ch\u1ed1ng ch\u00e1y cao, hi\u1ec7u su\u1ea5t pin l\u00e2u d\u00e0i v\u00e0 hi\u1ec7u qu\u1ea3<\/span><\/li>\n<li><span style=\"font-family: 'times new roman', times, serif; font-size: 140%; color: #000000;\">\u0110\u1ed9 truy\u1ec1n cao, k\u00ednh c\u01b0\u1eddng l\u1ef1c v\u1edbi \u0111\u1ed9 c\u1ee9ng t\u0103ng c\u01b0\u1eddng v\u00e0 kh\u1ea3 n\u0103ng ch\u1ed1ng va \u0111\u1eadp<\/span><\/li>\n<li><span style=\"font-family: 'times new roman', times, serif; font-size: 140%; color: #000000;\">Hi\u1ec7u su\u1ea5t \u0111i\u1ec7n v\u01b0\u1ee3t tr\u1ed9i \u1edf nhi\u1ec7t \u0111\u1ed9 cao v\u00e0 \u0111i\u1ec1u ki\u1ec7n \u00e1nh s\u00e1ng th\u1ea5p<\/span><\/li>\n<li><span style=\"font-family: 'times new roman', times, serif; font-size: 140%; color: #000000;\">Hi\u1ec7u qu\u1ea3 s\u1ea3n xu\u1ea5t \u0111i\u1ec7n \u0111\u1ea1t\u00a080%c\u00f4ng su\u1ea5t thi\u1ebft k\u1ebf 25 n\u0103m<\/span><\/li>\n<\/ul>\n<p><img loading=\"lazy\" decoding=\"async\" class=\"alignnone size-full wp-image-2510 aligncenter\" src=\"https:\/\/tranthi.vn\/quangnam\/wp-content\/uploads\/2021\/03\/tam-pin-nang-luong-mono_optimized.jpg\" alt=\"tam-pin-nang-luong-mono_tai-da-nang\" width=\"300\" height=\"300\" srcset=\"https:\/\/tranthi.vn\/hatinh\/wp-content\/uploads\/2021\/03\/tam-pin-nang-luong-mono_optimized.jpg 300w, https:\/\/tranthi.vn\/hatinh\/wp-content\/uploads\/2021\/03\/tam-pin-nang-luong-mono_optimized-100x100.jpg 100w\" sizes=\"auto, (max-width: 300px) 100vw, 300px\" \/><\/p>\n<p style=\"text-align: center;\"><span style=\"font-family: 'times new roman', times, serif; font-size: 140%; color: #008000;\"><em><strong>Pin n\u0103ng l\u01b0\u1ee3ng m\u1eb7t tr\u1eddi<\/strong> mono 385w<\/em><\/span><\/p>\n<h2><span style=\"color: #ff0000;\"><strong style=\"font-family: 'times new roman', times, serif; font-size: 140%;\">2. KH\u00d4NG GIAN \u0110\u1ec2 L\u1eaeP \u0110\u1eb6T <\/strong><strong style=\"font-family: 'times new roman', times, serif; font-size: 140%;\"><em>T\u1ea4M PIN N\u0102NG L\u01af\u1ee2NG M\u1eb6T TR\u1edcI<\/em><\/strong><\/span><\/h2>\n<p><span style=\"font-family: 'times new roman', times, serif; font-size: 140%; color: #000000;\">N\u1ebfu kh\u1ea3o s\u00e1t th\u1ea5y kh\u00f4ng gian \u0111\u1eb7t t\u1ea5m pin nh\u00e0 b\u1ea1n b\u1ecb khu\u1ea5t \u00e1nh n\u1eafng kh\u00e1 nhi\u1ec1u. Do \u0111i\u1ec1u ki\u1ec7n m\u00e1i nh\u00e0 th\u1ea5p ho\u1eb7c c\u00e2y c\u1ed1i che \u00e1nh n\u1eafng m\u1eb7t tr\u1eddi th\u00ec b\u1ea1n n\u00ean ch\u1ecdn lo\u1ea1i <strong>pin n\u0103ng l\u01b0\u1ee3ng m\u1eb7t tr\u1eddi<\/strong> Mono n\u00e0y. B\u1edfi pin mono c\u00f3 hi\u1ec7u su\u1ea5t h\u1ea5p th\u1ee5 \u00e1ng n\u1eafng m\u1eb7t tr\u1eddi t\u1ed1t h\u01a1n mang l\u1ea1i hi\u1ec7u qu\u1ea3 cao h\u01a1n trong \u0111i\u1ec1u ki\u1ec7n l\u1eafp \u0111\u1eb7t nh\u01b0 v\u1eady<\/span><\/p>\n<p><span style=\"font-family: 'times new roman', times, serif; font-size: 140%; color: #000000;\">\u0110\u1ec3 h\u1ec7 th\u1ed1ng \u0111i\u1ec7n m\u1eb7t tr\u1eddi ho\u1ea1t \u0111\u1ed9ng hi\u1ec7u qu\u1ea3 v\u00e0 ph\u00e1t huy h\u1ebft c\u00f4ng su\u1ea5t. B\u1ea1n n\u00ean l\u1eafp \u0111\u1eb7t tr\u00ean n\u00f3c nh\u00e0, s\u00e2n th\u01b0\u1ee3ng tho\u00e1ng.. Nh\u1eefng n\u01a1i m\u00e0 \u0111\u1ea3m b\u1ea3o r\u1eb1ng t\u1ea5m pin c\u1ee7a b\u1ea1n s\u1ebd lu\u00f4n nh\u1eadn \u0111\u01b0\u1ee3c \u00e1nh n\u1eafng m\u1eb7t tr\u1eddi t\u1ed1t nh\u1ea5t \u1edf m\u1ecdi th\u1eddi \u0111i\u1ec3m.<\/span><\/p>\n<p><span style=\"font-family: 'times new roman', times, serif; font-size: 140%; color: #000000;\">M\u00e1i ng\u00f3i hay m\u00e1i t\u00f4n c\u0169ng \u0111\u1ec1u c\u00f3 th\u1ec3 l\u1eafp \u0111\u1eb7t \u0111\u01b0\u1ee3c h\u1ec7 th\u1ed1ng <strong>\u0111i\u1ec7n m\u1eb7t tr\u1eddi<\/strong>. Nh\u01b0ng vi\u1ec7c thi c\u00f4ng s\u1ebd kh\u00f3 kh\u0103n h\u01a1n\u00a0 n\u00ean ph\u1ea3i c\u1ea7n \u0111\u1ebfn s\u1ef1 h\u1ed7 tr\u1ee3 c\u1ee7a nh\u1eefng \u0111\u01a1n v\u1ecb thi c\u00f4ng chuy\u00ean nghi\u1ec7p. \u0110\u1ec3 \u0111\u1ea3m b\u1ea3o an to\u00e0n thi c\u00f4ng v\u00e0 kh\u00f4ng l\u00e0m h\u01b0 h\u1ea1i \u0111\u1ebfn t\u1ea5m pin trong l\u00fac thi c\u00f4ng<\/span><\/p>\n<p><img loading=\"lazy\" decoding=\"async\" class=\"size-full wp-image-2511 aligncenter\" src=\"https:\/\/tranthi.vn\/quangnam\/wp-content\/uploads\/2021\/03\/lap-dat-pin-nang-luong-mat-troi-re-nhat-2019-3_optimized.jpg\" alt=\"lap-dat-pin-nang-luong-mat-troi-re-nhat\" width=\"300\" height=\"300\" srcset=\"https:\/\/tranthi.vn\/hatinh\/wp-content\/uploads\/2021\/03\/lap-dat-pin-nang-luong-mat-troi-re-nhat-2019-3_optimized.jpg 300w, https:\/\/tranthi.vn\/hatinh\/wp-content\/uploads\/2021\/03\/lap-dat-pin-nang-luong-mat-troi-re-nhat-2019-3_optimized-100x100.jpg 100w\" sizes=\"auto, (max-width: 300px) 100vw, 300px\" \/><\/p>\n<p style=\"text-align: center;\"><span style=\"font-family: 'times new roman', times, serif; font-size: 140%; color: #008000;\"><em>L\u1eafp \u0111\u1eb7t t\u1ea5m pin tr\u00ean m\u00e1i t\u00f4n, m\u00e1i ng\u00f3i c\u1ea7n \u0111\u1ed9i thi c\u00f4ng chuy\u00ean nghi\u1ec7p<\/em><\/span><\/p>\n<p><span style=\"font-family: 'times new roman', times, serif; font-size: 140%; color: #000000;\">T\u1ea1i\u00a0<span style=\"color: #008000;\"><a style=\"color: #008000;\" href=\"https:\/\/vi.wikipedia.org\/wiki\/%C4%90%C3%A0_N%E1%BA%B5ng\">\u0110\u00e0 N\u1eb5ng<\/a><\/span>\u00a0pin Mono \u0111\u01b0\u1ee3c s\u1eed d\u1ee5ng kh\u00e1 ph\u1ed5 bi\u1ebfn, \u0111\u1ed1i v\u1edbi\u00a0<strong><em>t\u1ea5m pin\u00a0<\/em><\/strong><a style=\"color: #000000;\" href=\"https:\/\/vi.wikipedia.org\/wiki\/N%C4%83ng_l%C6%B0%E1%BB%A3ng_M%E1%BA%B7t_Tr%E1%BB%9Di\"><strong><em><span style=\"color: #008000;\">n\u0103ng l\u01b0\u1ee3ng m\u1eb7t<\/span> <span style=\"color: #008000;\">tr\u1eddi<\/span><\/em><\/strong><\/a>\u00a0mono\u00a0385w\u00a0\u0111\u1ec3 s\u1ea3n xu\u1ea5t ra\u00a03kwh\u00a0\u0111i\u1ec7n n\u0103ng, m\u00ecnh s\u1ebd c\u1ea7n 8 t\u1ea5m pin v\u00e0 di\u1ec7n t\u00edch c\u1ea7n \u0111\u1ec3 \u0111\u1eb7t t\u1ea5m pin l\u00e0\u00a020m2\u00a0s\u00e0n<\/span><\/p>\n<p>&nbsp;<\/p>\n","protected":false},"excerpt":{"rendered":"<p>T\u1ea4M PIN N\u0102NG L\u01af\u1ee2NG M\u1eb6T TR\u1edcI MONO So v\u1edbi pin n\u0103ng l\u01b0\u1ee3ng Poly th\u00ec\u00a0t\u1ea5m pin n\u0103ng l\u01b0\u1ee3ng m\u1eb7t tr\u1eddi\u00a0Mono\u00a0c\u00f3 hi\u1ec7u su\u1ea5t cao h\u01a1n ch\u00ednh g\u00ec th\u1ebf gi\u00e1 th\u00e0nh t\u1ea1i\u00a0\u0110\u00e0 N\u1eb5ng c\u1ee7a pin Mono c\u0169ng nh\u00edch h\u01a1n m\u1ed9t ch\u00fat, t\u1ea5m pin m\u00ecnh l\u1ef1a ch\u1ecdn \u0111\u1ec3 l\u1eafp h\u1ec7 th\u1ed1ng \u0111i\u1ec7n 3kw l\u00e0 pin mono 385w 1. \u0110\u1eb6C [&#8230;]\n","protected":false},"featured_media":2510,"comment_status":"closed","ping_status":"closed","template":"","meta":[],"product_cat":[214],"product_tag":[],"class_list":{"0":"post-2509","1":"product","2":"type-product","3":"status-publish","4":"has-post-thumbnail","6":"product_cat-dien-mat-troi","8":"first","9":"instock","10":"shipping-taxable","11":"product-type-simple"},"yoast_head":"<!-- This site is optimized with the Yoast SEO Premium plugin v22.3 (Yoast SEO v22.8) - https:\/\/yoast.com\/wordpress\/plugins\/seo\/ -->\n<title>Gi\u00e1 t\u1ea5m pin n\u0103ng l\u01b0\u1ee3ng m\u1eb7t tr\u1eddi t\u1ea1i \u0110\u00e0 N\u1eb5ng - 0903.595.049<\/title>\n<meta name=\"description\" content=\"Tr\u1ea7n Th\u1ecb - chuy\u00ean cung c\u1ea5p t\u1ea5m pin n\u0103ng l\u01b0\u1ee3ng m\u1eb7t tr\u1eddi mono ch\u00ednh h\u00e3ng gi\u00e1 t\u1ed1t t\u1ea1i \u0110\u00e0 N\u1eb5ng, nh\u1eadn l\u1eafp \u0111\u1eb7t h\u1ec7 th\u1ed1ng \u0111i\u1ec7n m\u1eb7t tr\u1eddi h\u1ed9 gia \u0111\u00ecnh\" \/>\n<meta name=\"robots\" content=\"index, follow, max-snippet:-1, max-image-preview:large, max-video-preview:-1\" \/>\n<link rel=\"canonical\" href=\"https:\/\/tranthi.vn\/hatinh\/tam-pin-nang-luong-mat-troi-mono-da-nang\/\" \/>\n<meta property=\"og:locale\" content=\"vi_VN\" \/>\n<meta property=\"og:type\" content=\"article\" \/>\n<meta property=\"og:title\" content=\"T\u1ea5m Pin N\u0103ng L\u01b0\u1ee3ng M\u1eb7t Tr\u1eddi \u0110\u00e0 N\u1eb5ng\" \/>\n<meta property=\"og:description\" content=\"Tr\u1ea7n Th\u1ecb - chuy\u00ean cung c\u1ea5p t\u1ea5m pin n\u0103ng l\u01b0\u1ee3ng m\u1eb7t tr\u1eddi mono ch\u00ednh h\u00e3ng gi\u00e1 t\u1ed1t t\u1ea1i \u0110\u00e0 N\u1eb5ng, nh\u1eadn l\u1eafp \u0111\u1eb7t h\u1ec7 th\u1ed1ng \u0111i\u1ec7n m\u1eb7t tr\u1eddi h\u1ed9 gia \u0111\u00ecnh\" \/>\n<meta property=\"og:url\" content=\"https:\/\/tranthi.vn\/hatinh\/tam-pin-nang-luong-mat-troi-mono-da-nang\/\" \/>\n<meta property=\"og:site_name\" content=\"V\u1eadt Li\u1ec7u X\u00e2y D\u1ef1ng Tr\u1ea7n Th\u1ecb Chi Nh\u00e1nh H\u00e0 T\u0129nh\" \/>\n<meta property=\"article:modified_time\" content=\"2021-03-08T01:51:40+00:00\" \/>\n<meta property=\"og:image\" content=\"https:\/\/tranthi.vn\/hatinh\/wp-content\/uploads\/2021\/03\/tam-pin-nang-luong-mono_optimized.jpg\" \/>\n\t<meta property=\"og:image:width\" content=\"300\" \/>\n\t<meta property=\"og:image:height\" content=\"300\" \/>\n\t<meta property=\"og:image:type\" content=\"image\/jpeg\" \/>\n<meta name=\"twitter:card\" content=\"summary_large_image\" \/>\n<meta name=\"twitter:label1\" content=\"Gi\u00e1\" \/>\n\t<meta name=\"twitter:data1\" content=\"\" \/>\n\t<meta name=\"twitter:label2\" content=\"Kh\u1ea3 d\u1ee5ng\" \/>\n\t<meta name=\"twitter:data2\" content=\"Trong kho\" \/>\n<script type=\"application\/ld+json\" class=\"yoast-schema-graph\">{\"@context\":\"https:\/\/schema.org\",\"@graph\":[{\"@type\":[\"WebPage\",\"ItemPage\"],\"@id\":\"https:\/\/tranthi.vn\/hatinh\/tam-pin-nang-luong-mat-troi-mono-da-nang\/\",\"url\":\"https:\/\/tranthi.vn\/hatinh\/tam-pin-nang-luong-mat-troi-mono-da-nang\/\",\"name\":\"Gi\u00e1 t\u1ea5m pin n\u0103ng l\u01b0\u1ee3ng m\u1eb7t tr\u1eddi t\u1ea1i \u0110\u00e0 N\u1eb5ng - 0903.595.049\",\"isPartOf\":{\"@id\":\"https:\/\/tranthi.vn\/hatinh\/#website\"},\"primaryImageOfPage\":{\"@id\":\"https:\/\/tranthi.vn\/hatinh\/tam-pin-nang-luong-mat-troi-mono-da-nang\/#primaryimage\"},\"image\":{\"@id\":\"https:\/\/tranthi.vn\/hatinh\/tam-pin-nang-luong-mat-troi-mono-da-nang\/#primaryimage\"},\"thumbnailUrl\":\"https:\/\/tranthi.vn\/hatinh\/wp-content\/uploads\/2021\/03\/tam-pin-nang-luong-mono_optimized.jpg\",\"datePublished\":\"2021-03-08T01:48:38+00:00\",\"dateModified\":\"2021-03-08T01:51:40+00:00\",\"description\":\"Tr\u1ea7n Th\u1ecb - chuy\u00ean cung c\u1ea5p t\u1ea5m pin n\u0103ng l\u01b0\u1ee3ng m\u1eb7t tr\u1eddi mono ch\u00ednh h\u00e3ng gi\u00e1 t\u1ed1t t\u1ea1i \u0110\u00e0 N\u1eb5ng, nh\u1eadn l\u1eafp \u0111\u1eb7t h\u1ec7 th\u1ed1ng \u0111i\u1ec7n m\u1eb7t tr\u1eddi h\u1ed9 gia \u0111\u00ecnh\",\"breadcrumb\":{\"@id\":\"https:\/\/tranthi.vn\/hatinh\/tam-pin-nang-luong-mat-troi-mono-da-nang\/#breadcrumb\"},\"inLanguage\":\"vi\",\"potentialAction\":[{\"@type\":\"ReadAction\",\"target\":[\"https:\/\/tranthi.vn\/hatinh\/tam-pin-nang-luong-mat-troi-mono-da-nang\/\"]}]},{\"@type\":\"ImageObject\",\"inLanguage\":\"vi\",\"@id\":\"https:\/\/tranthi.vn\/hatinh\/tam-pin-nang-luong-mat-troi-mono-da-nang\/#primaryimage\",\"url\":\"https:\/\/tranthi.vn\/hatinh\/wp-content\/uploads\/2021\/03\/tam-pin-nang-luong-mono_optimized.jpg\",\"contentUrl\":\"https:\/\/tranthi.vn\/hatinh\/wp-content\/uploads\/2021\/03\/tam-pin-nang-luong-mono_optimized.jpg\",\"width\":300,\"height\":300,\"caption\":\"tam-pin-nang-luong-mono_tai-da-nang\"},{\"@type\":\"BreadcrumbList\",\"@id\":\"https:\/\/tranthi.vn\/hatinh\/tam-pin-nang-luong-mat-troi-mono-da-nang\/#breadcrumb\",\"itemListElement\":[{\"@type\":\"ListItem\",\"position\":1,\"name\":\"Trang ch\u1ee7\",\"item\":\"https:\/\/tranthi.vn\/hatinh\/\"},{\"@type\":\"ListItem\",\"position\":2,\"name\":\"Shop\",\"item\":\"https:\/\/tranthi.vn\/hatinh\/shop\/\"},{\"@type\":\"ListItem\",\"position\":3,\"name\":\"T\u1ea5m Pin N\u0103ng L\u01b0\u1ee3ng M\u1eb7t Tr\u1eddi \u0110\u00e0 N\u1eb5ng\"}]},{\"@type\":\"WebSite\",\"@id\":\"https:\/\/tranthi.vn\/hatinh\/#website\",\"url\":\"https:\/\/tranthi.vn\/hatinh\/\",\"name\":\"V\u1eadt Li\u1ec7u X\u00e2y D\u1ef1ng Tr\u1ea7n Th\u1ecb Chi Nh\u00e1nh H\u00e0 T\u0129nh\",\"description\":\"V\u1eadt Li\u1ec7u X\u00e2y D\u1ef1ng - H\u00e0 T\u0129nh\",\"potentialAction\":[{\"@type\":\"SearchAction\",\"target\":{\"@type\":\"EntryPoint\",\"urlTemplate\":\"https:\/\/tranthi.vn\/hatinh\/?s={search_term_string}\"},\"query-input\":\"required name=search_term_string\"}],\"inLanguage\":\"vi\"},{\"@type\":\"ImageObject\",\"inLanguage\":\"vi\",\"@id\":\"https:\/\/tranthi.vn\/hatinh\/tam-pin-nang-luong-mat-troi-mono-da-nang\/#local-main-organization-logo\",\"url\":\"\",\"contentUrl\":\"\",\"caption\":\"V\u1eadt Li\u1ec7u X\u00e2y D\u1ef1ng Tr\u1ea7n Th\u1ecb Chi Nh\u00e1nh H\u00e0 T\u0129nh\"}]}<\/script>\n<meta property=\"product:price:amount\" content=\"0\" \/>\n<meta property=\"product:price:currency\" content=\"VND\" \/>\n<meta property=\"og:availability\" content=\"instock\" \/>\n<meta property=\"product:availability\" content=\"instock\" \/>\n<meta property=\"product:condition\" content=\"new\" \/>\n<!-- \/ Yoast SEO Premium plugin. -->","yoast_head_json":{"title":"Gi\u00e1 t\u1ea5m pin n\u0103ng l\u01b0\u1ee3ng m\u1eb7t tr\u1eddi t\u1ea1i \u0110\u00e0 N\u1eb5ng - 0903.595.049","description":"Tr\u1ea7n Th\u1ecb - chuy\u00ean cung c\u1ea5p t\u1ea5m pin n\u0103ng l\u01b0\u1ee3ng m\u1eb7t tr\u1eddi mono ch\u00ednh h\u00e3ng gi\u00e1 t\u1ed1t t\u1ea1i \u0110\u00e0 N\u1eb5ng, nh\u1eadn l\u1eafp \u0111\u1eb7t h\u1ec7 th\u1ed1ng \u0111i\u1ec7n m\u1eb7t tr\u1eddi h\u1ed9 gia \u0111\u00ecnh","robots":{"index":"index","follow":"follow","max-snippet":"max-snippet:-1","max-image-preview":"max-image-preview:large","max-video-preview":"max-video-preview:-1"},"canonical":"https:\/\/tranthi.vn\/hatinh\/tam-pin-nang-luong-mat-troi-mono-da-nang\/","og_locale":"vi_VN","og_type":"article","og_title":"T\u1ea5m Pin N\u0103ng L\u01b0\u1ee3ng M\u1eb7t Tr\u1eddi \u0110\u00e0 N\u1eb5ng","og_description":"Tr\u1ea7n Th\u1ecb - chuy\u00ean cung c\u1ea5p t\u1ea5m pin n\u0103ng l\u01b0\u1ee3ng m\u1eb7t tr\u1eddi mono ch\u00ednh h\u00e3ng gi\u00e1 t\u1ed1t t\u1ea1i \u0110\u00e0 N\u1eb5ng, nh\u1eadn l\u1eafp \u0111\u1eb7t h\u1ec7 th\u1ed1ng \u0111i\u1ec7n m\u1eb7t tr\u1eddi h\u1ed9 gia \u0111\u00ecnh","og_url":"https:\/\/tranthi.vn\/hatinh\/tam-pin-nang-luong-mat-troi-mono-da-nang\/","og_site_name":"V\u1eadt Li\u1ec7u X\u00e2y D\u1ef1ng Tr\u1ea7n Th\u1ecb Chi Nh\u00e1nh H\u00e0 T\u0129nh","article_modified_time":"2021-03-08T01:51:40+00:00","og_image":[{"width":300,"height":300,"url":"https:\/\/tranthi.vn\/hatinh\/wp-content\/uploads\/2021\/03\/tam-pin-nang-luong-mono_optimized.jpg","type":"image\/jpeg"}],"twitter_card":"summary_large_image","twitter_misc":{"Gi\u00e1":"","Kh\u1ea3 d\u1ee5ng":"Trong kho"},"schema":{"@context":"https:\/\/schema.org","@graph":[{"@type":["WebPage","ItemPage"],"@id":"https:\/\/tranthi.vn\/hatinh\/tam-pin-nang-luong-mat-troi-mono-da-nang\/","url":"https:\/\/tranthi.vn\/hatinh\/tam-pin-nang-luong-mat-troi-mono-da-nang\/","name":"Gi\u00e1 t\u1ea5m pin n\u0103ng l\u01b0\u1ee3ng m\u1eb7t tr\u1eddi t\u1ea1i \u0110\u00e0 N\u1eb5ng - 0903.595.049","isPartOf":{"@id":"https:\/\/tranthi.vn\/hatinh\/#website"},"primaryImageOfPage":{"@id":"https:\/\/tranthi.vn\/hatinh\/tam-pin-nang-luong-mat-troi-mono-da-nang\/#primaryimage"},"image":{"@id":"https:\/\/tranthi.vn\/hatinh\/tam-pin-nang-luong-mat-troi-mono-da-nang\/#primaryimage"},"thumbnailUrl":"https:\/\/tranthi.vn\/hatinh\/wp-content\/uploads\/2021\/03\/tam-pin-nang-luong-mono_optimized.jpg","datePublished":"2021-03-08T01:48:38+00:00","dateModified":"2021-03-08T01:51:40+00:00","description":"Tr\u1ea7n Th\u1ecb - chuy\u00ean cung c\u1ea5p t\u1ea5m pin n\u0103ng l\u01b0\u1ee3ng m\u1eb7t tr\u1eddi mono ch\u00ednh h\u00e3ng gi\u00e1 t\u1ed1t t\u1ea1i \u0110\u00e0 N\u1eb5ng, nh\u1eadn l\u1eafp \u0111\u1eb7t h\u1ec7 th\u1ed1ng \u0111i\u1ec7n m\u1eb7t tr\u1eddi h\u1ed9 gia \u0111\u00ecnh","breadcrumb":{"@id":"https:\/\/tranthi.vn\/hatinh\/tam-pin-nang-luong-mat-troi-mono-da-nang\/#breadcrumb"},"inLanguage":"vi","potentialAction":[{"@type":"ReadAction","target":["https:\/\/tranthi.vn\/hatinh\/tam-pin-nang-luong-mat-troi-mono-da-nang\/"]}]},{"@type":"ImageObject","inLanguage":"vi","@id":"https:\/\/tranthi.vn\/hatinh\/tam-pin-nang-luong-mat-troi-mono-da-nang\/#primaryimage","url":"https:\/\/tranthi.vn\/hatinh\/wp-content\/uploads\/2021\/03\/tam-pin-nang-luong-mono_optimized.jpg","contentUrl":"https:\/\/tranthi.vn\/hatinh\/wp-content\/uploads\/2021\/03\/tam-pin-nang-luong-mono_optimized.jpg","width":300,"height":300,"caption":"tam-pin-nang-luong-mono_tai-da-nang"},{"@type":"BreadcrumbList","@id":"https:\/\/tranthi.vn\/hatinh\/tam-pin-nang-luong-mat-troi-mono-da-nang\/#breadcrumb","itemListElement":[{"@type":"ListItem","position":1,"name":"Trang ch\u1ee7","item":"https:\/\/tranthi.vn\/hatinh\/"},{"@type":"ListItem","position":2,"name":"Shop","item":"https:\/\/tranthi.vn\/hatinh\/shop\/"},{"@type":"ListItem","position":3,"name":"T\u1ea5m Pin N\u0103ng L\u01b0\u1ee3ng M\u1eb7t Tr\u1eddi \u0110\u00e0 N\u1eb5ng"}]},{"@type":"WebSite","@id":"https:\/\/tranthi.vn\/hatinh\/#website","url":"https:\/\/tranthi.vn\/hatinh\/","name":"V\u1eadt Li\u1ec7u X\u00e2y D\u1ef1ng Tr\u1ea7n Th\u1ecb Chi Nh\u00e1nh H\u00e0 T\u0129nh","description":"V\u1eadt Li\u1ec7u X\u00e2y D\u1ef1ng - H\u00e0 T\u0129nh","potentialAction":[{"@type":"SearchAction","target":{"@type":"EntryPoint","urlTemplate":"https:\/\/tranthi.vn\/hatinh\/?s={search_term_string}"},"query-input":"required name=search_term_string"}],"inLanguage":"vi"},{"@type":"ImageObject","inLanguage":"vi","@id":"https:\/\/tranthi.vn\/hatinh\/tam-pin-nang-luong-mat-troi-mono-da-nang\/#local-main-organization-logo","url":"","contentUrl":"","caption":"V\u1eadt Li\u1ec7u X\u00e2y D\u1ef1ng Tr\u1ea7n Th\u1ecb Chi Nh\u00e1nh H\u00e0 T\u0129nh"}]},"product_price_currency":"VND","og_availability":"instock","product_availability":"instock","product_condition":"new"},"_links":{"self":[{"href":"https:\/\/tranthi.vn\/hatinh\/wp-json\/wp\/v2\/product\/2509","targetHints":{"allow":["GET"]}}],"collection":[{"href":"https:\/\/tranthi.vn\/hatinh\/wp-json\/wp\/v2\/product"}],"about":[{"href":"https:\/\/tranthi.vn\/hatinh\/wp-json\/wp\/v2\/types\/product"}],"replies":[{"embeddable":true,"href":"https:\/\/tranthi.vn\/hatinh\/wp-json\/wp\/v2\/comments?post=2509"}],"wp:featuredmedia":[{"embeddable":true,"href":"https:\/\/tranthi.vn\/hatinh\/wp-json\/wp\/v2\/media\/2510"}],"wp:attachment":[{"href":"https:\/\/tranthi.vn\/hatinh\/wp-json\/wp\/v2\/media?parent=2509"}],"wp:term":[{"taxonomy":"product_cat","embeddable":true,"href":"https:\/\/tranthi.vn\/hatinh\/wp-json\/wp\/v2\/product_cat?post=2509"},{"taxonomy":"product_tag","embeddable":true,"href":"https:\/\/tranthi.vn\/hatinh\/wp-json\/wp\/v2\/product_tag?post=2509"}],"curies":[{"name":"wp","href":"https:\/\/api.w.org\/{rel}","templated":true}]}}