{"id":2492,"date":"2021-03-06T16:24:40","date_gmt":"2021-03-06T09:24:40","guid":{"rendered":"https:\/\/tranthi.vn\/quangnam\/?post_type=product&#038;p=2492"},"modified":"2024-01-29T20:52:11","modified_gmt":"2024-01-29T13:52:11","slug":"gia-da-tu-nhien-trang-tri-lat-san-da-nang","status":"publish","type":"product","link":"https:\/\/tranthi.vn\/hatinh\/gia-da-tu-nhien-trang-tri-lat-san-da-nang\/","title":{"rendered":"\u0110\u00e1 Trang Tr\u00ed T\u1ef1 Nhi\u00ean L\u00e1t s\u00e2n Xanh \u0110en 30&#215;60"},"content":{"rendered":"<h1 style=\"text-align: center;\"><a href=\"https:\/\/tranthi.vn\/quangnam\/gia-da-tu-nhien-trang-tri-lat-san-da-nang\/\"><span style=\"color: #ff0000; font-size: 115%;\"><strong><span style=\"font-family: 'times new roman', times, serif;\">\u0110\u00e1 trang tr\u00ed t\u1ef1 nhi\u00ean \u1ed1p l\u00e1t s\u00e2n v\u01b0\u1eddn \u0110\u00e0 N\u1eb5ng<\/span><\/strong><\/span><\/a><\/h1>\n<p><span style=\"font-family: 'times new roman', times, serif; font-size: 130%; color: #000000;\"><em><strong>\u0110\u00e1 trang tr\u00ed<\/strong><\/em> t\u1eeb <strong><em>t\u1ef1 nhi\u00ean<\/em><\/strong> \u0111ang \u0111\u01b0\u1ee3c \u01b0a chu\u1ed9ng <strong><em>t\u1ea1i \u0110\u00e0 N\u1eb5ng<\/em><\/strong>, \u0111\u00e1 t\u1eeb t\u1ef1 nhi\u00ean n\u00ean lu\u00f4n \u0111\u1ed9c \u0111\u00e1o \u0111\u1eb9p m\u1eaft m\u00e0 kh\u00f4ng l\u1ed7i th\u1eddi, <strong><em>gi\u00e1<\/em><\/strong> c\u1ea3 c\u0169ng kh\u00f4ng ch\u00eanh l\u1ec7ch qu\u00e1 nhi\u1ec1u so v\u1edbi nh\u1eefng m\u1eabu \u0111\u00e1 nh\u00e2n t\u1ea1o. \u0110\u00e1 trang tr\u00ed c\u00f3 nhi\u1ec1u k\u00edch c\u1ee1 kh\u00e1c nhau c\u00e1c b\u1ea1n c\u00f3 th\u1ec3 tham kh\u1ea3o th\u00eam \u1edf b\u00e0i vi\u1ebft b\u00ean d\u01b0\u1edbi<\/span><\/p>\n<p style=\"text-align: center;\"><iframe loading=\"lazy\" src=\"\/\/www.youtube.com\/embed\/zNVARmCyEwc\" width=\"560\" height=\"314\" allowfullscreen=\"allowfullscreen\"><\/iframe><\/p>\n<h2><span style=\"font-family: 'times new roman', times, serif; font-size: 130%;\"><span style=\"color: #ff0000;\">1. <a style=\"color: #ff0000;\" href=\"https:\/\/vi.wikipedia.org\/wiki\/Gi%C3%A1\"><em>Gi\u00e1<\/em><\/a> \u0111\u00e1 trang tr\u00ed t\u1ea1i <a style=\"color: #ff0000;\" href=\"https:\/\/vi.wikipedia.org\/wiki\/Th%C3%A0nh_%E1%BB%A7y_%C4%90%C3%A0_N%E1%BA%B5ng\"><em><strong>\u0110\u00e0 N\u1eb5ng<\/strong><\/em><\/a><\/span><br \/>\n<\/span><\/h2>\n<p><span style=\"font-family: 'times new roman', times, serif; font-size: 130%; color: #000000;\">T\u1ea1i <em>\u0110\u00e0 N\u1eb5ng<\/em> gi\u00e1 \u0111\u00e1 t\u1ef1 nhi\u00ean trang tr\u00ed ph\u1ea7n l\u1edbn ph\u1ee5 thu\u1ed9c v\u00e0o k\u00edch th\u01b0\u1edbc v\u00e0 \u0111\u1ed9 d\u00e0y, m\u1ed7i lo\u1ea1i s\u1ebd ph\u00f9 h\u1ee3p v\u1edbi t\u1eebng v\u1ecb tr\u00ed s\u1eed d\u1ee5ng kh\u00e1c nhau. \u0110\u00e1 \u0111\u01b0\u1ee3c l\u1ea5y t\u1eeb t\u1ef1 nhi\u00ean n\u00ean s\u1ebd c\u00f3 ki\u1ec3u d\u00e1ng kh\u00e1c nhau v\u00f4 c\u00f9ng \u0111\u1ed9c \u0111\u00e1o<\/span><\/p>\n<ul>\n<li><span style=\"font-family: 'times new roman', times, serif; font-size: 130%; color: #000000;\"><strong>\u0110<em>\u00e1<\/em><\/strong><em> \u1ed1p<\/em> :<\/span><br \/>\n<span style=\"font-family: 'times new roman', times, serif; font-size: 130%; color: #000000;\">&#8211; 15 x 20 x 1 : 79.000 \u0111\/ m\u00e9t<\/span><br \/>\n<span style=\"font-family: 'times new roman', times, serif; font-size: 130%; color: #000000;\">&#8211; 20 x 30 x 1 : 88.000 \u0111\/m\u00e9t<\/span><br \/>\n<span style=\"font-family: 'times new roman', times, serif; font-size: 130%; color: #000000;\">&#8211; 20 x 40 x 1 : 92.000 \u0111\/m\u00e9t<\/span><br \/>\n<span style=\"font-family: 'times new roman', times, serif; font-size: 130%; color: #000000;\">&#8211; 30 x 30 x 1: 95.000 \u0111\/ m\u00e9t<\/span><\/li>\n<\/ul>\n<p style=\"text-align: center;\"><iframe loading=\"lazy\" src=\"\/\/www.youtube.com\/embed\/xplzexgmEWQ\" width=\"560\" height=\"314\" allowfullscreen=\"allowfullscreen\"><\/iframe><\/p>\n<ul>\n<li><span style=\"font-family: 'times new roman', times, serif; font-size: 130%;\"><a href=\"https:\/\/vi.wikipedia.org\/wiki\/%C4%90%C3%A1\"><em><strong>\u0110\u00e1<\/strong><\/em><\/a> <em><strong>l\u00e1t<\/strong><\/em><\/span><br \/>\n<span style=\"font-family: 'times new roman', times, serif; font-size: 130%; color: #000000;\">&#8211; 30 x 60 x 2 : 165.000 \u0111\/m\u00e9t<\/span><\/li>\n<\/ul>\n<p>&nbsp;<\/p>\n<p style=\"text-align: center;\"><iframe loading=\"lazy\" src=\"\/\/www.youtube.com\/embed\/xyqlpfvGcsU\" width=\"560\" height=\"314\" allowfullscreen=\"allowfullscreen\"><\/iframe><\/p>\n<p><span style=\"font-family: 'times new roman', times, serif; font-size: 130%; color: #000000;\">&#8211; R\u1ed1i xanh: 41.000 \u0111\/ bao<\/span><br \/>\n<span style=\"font-family: 'times new roman', times, serif; font-size: 130%; color: #000000;\">&#8211; R\u1ed1i v\u00e0ng: 47.000 \u0111\/ bao<\/span><\/p>\n<p><img loading=\"lazy\" decoding=\"async\" class=\"size-full wp-image-2910 aligncenter\" src=\"https:\/\/tranthi.vn\/quangnam\/wp-content\/uploads\/2021\/03\/da-xanh-den-30x60_optimized-1.jpg\" alt=\"\" width=\"300\" height=\"300\" srcset=\"https:\/\/tranthi.vn\/hatinh\/wp-content\/uploads\/2021\/03\/da-xanh-den-30x60_optimized-1.jpg 300w, https:\/\/tranthi.vn\/hatinh\/wp-content\/uploads\/2021\/03\/da-xanh-den-30x60_optimized-1-100x100.jpg 100w\" sizes=\"auto, (max-width: 300px) 100vw, 300px\" \/><\/p>\n<ul>\n<li><span style=\"font-family: 'times new roman', times, serif; font-size: 130%;\"><em><strong>\u0110\u00e1<\/strong> <\/em>gh\u00e9p<\/span><br \/>\n<span style=\"font-family: 'times new roman', times, serif; font-size: 130%;\">&#8211; gh\u00e9p xanh: 170.000 \u0111\/ m\u00e9t<\/span><br \/>\n<span style=\"font-family: 'times new roman', times, serif; font-size: 130%;\">&#8211; gh\u00e9p v\u00e0ng: 175.000 \u0111\/ m\u00e9t<\/span><br \/>\n<span style=\"font-family: 'times new roman', times, serif; font-size: 130%;\">&#8211; Gh\u00e9p xanh v\u00e0ng: 180.000 \u0111\/m\u00e9t<\/span><\/li>\n<\/ul>\n<p><img loading=\"lazy\" decoding=\"async\" class=\"size-full wp-image-2911 aligncenter\" src=\"https:\/\/tranthi.vn\/quangnam\/wp-content\/uploads\/2021\/03\/da-ghep-xanh-vang-1_optimized-1.jpg\" alt=\"\" width=\"300\" height=\"300\" srcset=\"https:\/\/tranthi.vn\/hatinh\/wp-content\/uploads\/2021\/03\/da-ghep-xanh-vang-1_optimized-1.jpg 300w, https:\/\/tranthi.vn\/hatinh\/wp-content\/uploads\/2021\/03\/da-ghep-xanh-vang-1_optimized-1-100x100.jpg 100w\" sizes=\"auto, (max-width: 300px) 100vw, 300px\" \/><\/p>\n<p>&nbsp;<\/p>\n<h2><span style=\"color: #ff0000;\"><span style=\"font-size: 100%; font-family: 'times new roman', times, serif;\">2. <\/span><span style=\"font-size: 100%; font-family: 'times new roman', times, serif;\">\u0110\u1eb7c \u0111i\u1ec3m c\u1ee7a <em><strong>\u0111\u00e1 t\u1ef1 nhi\u00ean trang tr\u00ed<\/strong><\/em><\/span><\/span><\/h2>\n<ul>\n<li><span style=\"font-family: 'times new roman', times, serif; font-size: 130%; color: #000000;\">\u0110a t\u1ef1 nhi\u00ean \u0111\u00e3 v\u00e0 \u0111ang\u00a0 d\u1ea7n \u0111\u01b0\u1ee3c nhi\u1ec1u ng\u01b0\u1eddi s\u1eed d\u1ee5ng trong c\u00e1c kh\u00f4ng gian nh\u00e0 \u1edf. T\u1eeb nh\u1eefng ph\u1ea7n kh\u00f4ng gian ngo\u00e0i tr\u1eddi nh\u01b0 s\u00e2n v\u01b0\u1eddn, c\u00e1c m\u1eabu \u0111\u00e1 trang tr\u00ed <a href=\"https:\/\/vi.wikipedia.org\/wiki\/T%E1%BB%B1_nhi%C3%AAn\">t\u1ef1 nhi\u00ean<\/a> c\u0169ng d\u1ea7n \u0111\u01b0\u1ee3c d\u00f9ng trong ph\u00f2ng kh\u00e1ch, ph\u00f2ng t\u1eafm&#8230; Kh\u00f4ng ch\u1ec9 mang \u0111\u1ebfn m\u1ed9t n\u00e9t \u0111\u1eb9p r\u1ea5t ri\u00eang m\u00e0 c\u00f2n t\u1ea1o c\u1ea3m gi\u00e1c th\u00e2n thu\u1ed9c v\u1edbi thi\u00ean nhi\u00ean\u00a0<\/span><\/li>\n<li><iframe loading=\"lazy\" src=\"\/\/www.youtube.com\/embed\/6Ndjv0z54Dc\" width=\"560\" height=\"314\" allowfullscreen=\"allowfullscreen\"><\/iframe><\/li>\n<\/ul>\n<p style=\"text-align: center;\"><span style=\"font-family: 'times new roman', times, serif; font-size: 130%; color: #000000;\">.<img loading=\"lazy\" decoding=\"async\" class=\"alignnone size-full wp-image-3631\" src=\"https:\/\/tranthi.vn\/quangnam\/wp-content\/uploads\/2021\/03\/mau-da-sa-thach-30x60-lat-san-tai-da-nang_optimized.jpg\" alt=\"\" width=\"400\" height=\"400\" srcset=\"https:\/\/tranthi.vn\/hatinh\/wp-content\/uploads\/2021\/03\/mau-da-sa-thach-30x60-lat-san-tai-da-nang_optimized.jpg 400w, https:\/\/tranthi.vn\/hatinh\/wp-content\/uploads\/2021\/03\/mau-da-sa-thach-30x60-lat-san-tai-da-nang_optimized-100x100.jpg 100w\" sizes=\"auto, (max-width: 400px) 100vw, 400px\" \/><\/span><\/p>\n<ul>\n<li><span style=\"font-family: 'times new roman', times, serif; font-size: 130%; color: #000000;\">Hi\u1ec7n nay t\u1ea1i th\u1ecb tr\u01b0\u1eddng <em>\u0110\u00e0 N\u1eb5ng<\/em>, \u0111\u00e1 trang tr\u00ed t\u1ef1 nhi\u00ean \u0111\u01b0\u1ee3c ph\u00e2n ph\u1ed1i t\u1eeb c\u00e1c m\u1ecf \u0111\u00e1 t\u1ea1i thanh h\u00f3a ngh\u1ec7 an, v\u00e0 m\u1ecf \u0111\u00e1 h\u00f2a s\u01a1n <span style=\"color: #008000;\"><a style=\"color: #008000;\" href=\"http:\/\/hdnd.danang.gov.vn\/\">\u0110\u00e0 N\u1eb5ng<\/a><\/span>&#8230;vvvv<\/span><\/li>\n<li><span style=\"font-family: 'times new roman', times, serif; font-size: 130%; color: #000000;\">\u0110\u00e1 trang <em>tr\u00ed<\/em> s\u00e2n v\u01b0\u1eddn r\u1ea5t \u0111a d\u1ea1ng v\u1ec1 m\u00e0u s\u1eafc nh\u01b0: xanh \u0111en, \u0111\u00e1 granite, \u0111\u00e1 b\u0103m m\u1eb7t xanh \u0111en, \u0111\u00e1 t\u1ef1 nhi\u00ean c\u00f3 m\u00e0u tr\u1eafng, xanh, \u0111\u1ecf, v\u00e0ng\u2026 M\u1ed7i m\u00e0u s\u1eafc c\u1ee7a \u0111\u00e1 s\u1ebd ph\u00f9 h\u1ee3p \u0111\u1ec3<strong> trang<\/strong> tr\u00ed cho t\u1eebng kh\u00f4ng gian trong nh\u00e0 b\u1ea1<\/span><\/li>\n<\/ul>\n<p style=\"text-align: center;\"><span style=\"font-family: 'times new roman', times, serif; font-size: 130%;\"><iframe loading=\"lazy\" src=\"\/\/www.youtube.com\/embed\/QQppjyr11XA\" width=\"560\" height=\"314\" allowfullscreen=\"allowfullscreen\"><\/iframe><\/span><\/p>\n<h2><span style=\"font-family: 'times new roman', times, serif; font-size: 130%; color: #ff0000;\">3. C\u00f4ng d\u1ee5ng c\u1ee7a <strong>\u0111\u00e1 t\u1ef1 nhi\u00ean trang tr\u00ed<\/strong><\/span><\/h2>\n<ul>\n<li>\n<h3><span style=\"color: #000000; font-size: 110%; font-family: 'times new roman', times, serif;\"><em><strong>\u0110\u00e1 t\u1ef1 nhi\u00ean trang tr\u00ed<\/strong><\/em> trong nh\u00e0<\/span><\/h3>\n<\/li>\n<\/ul>\n<p><span style=\"color: #000000; font-size: 130%; font-family: 'times new roman', times, serif;\">V\u1edbi nh\u1eefng ng\u01b0\u1eddi th\u00edch s\u1ef1 t\u1ef1 nhi\u00ean th\u00ec s\u1eed d\u1ee5ng \u0111\u00e1 t\u1ef1 nhi\u00ean \u0111\u1ec3 trang tr\u00ed cho nh\u1eefng b\u1ee9c t\u01b0\u1eddng ph\u00eda trong nh\u00e0 l\u00e0 l\u1ef1a ch\u1ecdn v\u00f4 c\u00f9ng h\u1ee3p l\u00fd. Kh\u00f4ng nh\u1eefng mang l\u1ea1i c\u1ea3m gi\u00e1c h\u00f2 h\u1ee3p v\u1edbi thi\u00ean <em>nhi\u00ean<\/em> m\u00e0 c\u00f2n gi\u00fap ng\u00f4i nh\u00e0 tr\u1edf n\u00ean \u0111\u1ed9c \u0111\u00e1o h\u01a1n<\/span><\/p>\n<p style=\"text-align: center;\"><iframe loading=\"lazy\" src=\"\/\/www.youtube.com\/embed\/_Tdb25l4HcE\" width=\"560\" height=\"314\" allowfullscreen=\"allowfullscreen\"><\/iframe><\/p>\n<ul>\n<li>\n<h3><span style=\"font-family: 'times new roman', times, serif; font-size: 110%; color: #000000;\"><em><strong>\u0110\u00e1 t\u1ef1 nhi\u00ean<\/strong><\/em> d\u00f9ng cho s\u00e2n v\u01b0\u1eddn<\/span><\/h3>\n<\/li>\n<\/ul>\n<p><span style=\"font-family: 'times new roman', times, serif; font-size: 130%; color: #000000;\">Ng\u00e0y nay s\u1eed d\u1ee5ng \u0111\u00e1 t\u1ef1 nhi\u00ean cho s\u00e2n v\u01b0\u1eddn \u0111\u00e3 v\u00f4 c\u00f9ng ph\u1ed5 bi\u1ebfn t\u1eeb nh\u00e0 \u1edf cho t\u1edbi qu\u00e1n cafe hay kh\u00e1ch s\u1ea1n. \u0110\u00e1 <em>t\u1ef1<\/em> nhi\u00ean k\u1ebft h\u1ee3p v\u1edbi s\u1ecfi tr\u1eafng ho\u1eb7c c\u1ecf xanh th\u00ec v\u00f4 c\u00f9ng ho\u00e0n h\u1ea3o. Nh\u1eefng b\u1ef1c t\u01b0\u1eddng t\u1eeb <em><strong>\u0111\u00e1<\/strong><\/em> t\u1ef1 nhi\u00ean gi\u00fap kh\u00f4ng gian th\u00eam m\u00e1t gia ch\u1ee7 c\u00f3 th\u1ec3 k\u1ebft h\u1ee3p tr\u1ed3ng c\u00e2y xanh xem k\u1ebb<\/span><\/p>\n<p><img loading=\"lazy\" decoding=\"async\" class=\"alignnone size-full wp-image-3632 aligncenter\" src=\"https:\/\/tranthi.vn\/quangnam\/wp-content\/uploads\/2021\/03\/mau-da-lat-san-30x60-tai-da-nang_optimized.jpg\" alt=\"\" width=\"350\" height=\"400\" \/><\/p>\n<p><span style=\"font-family: 'times new roman', times, serif; font-size: 130%; color: #000000;\">Hi\u1ec7n t\u1ea1i Tr\u1ea7n Th\u1ecb cung c\u1ea5p c\u00e1c lo\u1ea1i \u0111\u00e1 t\u1ef1 nhi\u00ean trang tr\u00ed t\u1ea1i \u0110\u00e0 N\u1eb5ng v\u1edbi \u0111\u1ea7y \u0111\u1ee7 k\u00edch th\u01b0\u1edbc, lu\u00f4n h\u1ed7 tr\u1ee3 <strong><em>gi\u00e1<\/em><\/strong> t\u1ed1t nh\u1ea5t cho kh\u00e1ch h\u00e0ng.\u00a0<\/span><\/p>\n","protected":false},"excerpt":{"rendered":"<p><span style=\"font-family: 'times new roman', times, serif; font-size: 150%; color: #000000;\">\ud83d\ude06 Giao h\u00e0ng t\u1eadn ch\u00e2n c\u00f4ng tr\u00ecnh<\/span><\/p>\n<p><span style=\"font-family: 'times new roman', times, serif; font-size: 150%; color: #000000;\">\ud83d\ude06 \u0110\u1ed9 d\u00e0y: 2p b\u1ec1 m\u1eb7t g\u1ed3 gh\u1ec1<\/span><\/p>\n<p><span style=\"font-family: 'times new roman', times, serif; font-size: 150%; color: #000000;\">\ud83d\ude06 Gi\u00e1 xanh \u0111en 30\u00d760\u00a0trong n\u1ed9i th\u00e0nh\u00a0<span style=\"color: #008000;\"><strong><a style=\"color: #008000;\" href=\"https:\/\/fr.wikipedia.org\/wiki\/Da_Nang\">\u0110\u00e0 N\u1eb5ng<\/a><\/strong><\/span><\/span><\/p>\n<p><span style=\"color: #ff0000;\"><strong><span style=\"font-family: 'times new roman', times, serif; font-size: 140%;\">M &lt; 50 gi\u00e1 195.000\/m2<\/span><\/strong><\/span><\/p>\n<p><span style=\"color: #ff0000;\"><strong><span style=\"font-family: 'times new roman', times, serif; font-size: 140%;\">M &gt;50\u00a0 gi\u00e1 189.000\/m2<\/span><\/strong><\/span><\/p>\n","protected":false},"featured_media":2496,"comment_status":"closed","ping_status":"closed","template":"","meta":[],"product_cat":[108],"product_tag":[],"class_list":{"0":"post-2492","1":"product","2":"type-product","3":"status-publish","4":"has-post-thumbnail","6":"product_cat-da","8":"first","9":"instock","10":"sale","11":"shipping-taxable","12":"purchasable","13":"product-type-simple"},"yoast_head":"<!-- This site is optimized with the Yoast SEO Premium plugin v22.3 (Yoast SEO v22.8) - https:\/\/yoast.com\/wordpress\/plugins\/seo\/ -->\n<title>\u0110\u00e1 Trang Tr\u00ed T\u1ef1 Nhi\u00ean 30x60x2 gi\u00e1 r\u1ebb \u0110\u00e0 N\u1eb5ng - 0903.595.049<\/title>\n<meta name=\"description\" content=\"Hotline: 0903.595.049 Tr\u1ea7n Th\u1ecb b\u00e1n l\u1ebb \u0111\u00e1 t\u1ef1 nhi\u00ean gi\u00e1 r\u1ebb t\u1ea1i \u0110\u00e0 N\u1eb5ng, \u0111\u00e1 trang tr\u00ed s\u00e2n v\u01b0\u1eddn r\u1ea5t \u0111a d\u1ea1ng v\u1ec1 m\u00e0u s\u1eafc nh\u01b0: \u0111\u00e1 b\u0103m m\u1eb7t xanh \u0111en\" \/>\n<meta name=\"robots\" content=\"index, follow, max-snippet:-1, max-image-preview:large, max-video-preview:-1\" \/>\n<link rel=\"canonical\" href=\"https:\/\/tranthi.vn\/hatinh\/gia-da-tu-nhien-trang-tri-lat-san-da-nang\/\" \/>\n<meta property=\"og:locale\" content=\"vi_VN\" \/>\n<meta property=\"og:type\" content=\"article\" \/>\n<meta property=\"og:title\" content=\"\u0110\u00e1 Trang Tr\u00ed T\u1ef1 Nhi\u00ean L\u00e1t s\u00e2n Xanh \u0110en 30x60\" \/>\n<meta property=\"og:description\" content=\"Hotline: 0903.595.049 Tr\u1ea7n Th\u1ecb b\u00e1n l\u1ebb \u0111\u00e1 t\u1ef1 nhi\u00ean gi\u00e1 r\u1ebb t\u1ea1i \u0110\u00e0 N\u1eb5ng, \u0111\u00e1 trang tr\u00ed s\u00e2n v\u01b0\u1eddn r\u1ea5t \u0111a d\u1ea1ng v\u1ec1 m\u00e0u s\u1eafc nh\u01b0: \u0111\u00e1 b\u0103m m\u1eb7t xanh \u0111en\" \/>\n<meta property=\"og:url\" content=\"https:\/\/tranthi.vn\/hatinh\/gia-da-tu-nhien-trang-tri-lat-san-da-nang\/\" \/>\n<meta property=\"og:site_name\" content=\"V\u1eadt Li\u1ec7u X\u00e2y D\u1ef1ng Tr\u1ea7n Th\u1ecb Chi Nh\u00e1nh H\u00e0 T\u0129nh\" \/>\n<meta property=\"article:modified_time\" content=\"2024-01-29T13:52:11+00:00\" \/>\n<meta property=\"og:image\" content=\"https:\/\/tranthi.vn\/hatinh\/wp-content\/uploads\/2021\/03\/da-xanh-den-30x60_optimized.jpg\" \/>\n\t<meta property=\"og:image:width\" content=\"300\" \/>\n\t<meta property=\"og:image:height\" content=\"300\" \/>\n\t<meta property=\"og:image:type\" content=\"image\/jpeg\" \/>\n<meta name=\"twitter:card\" content=\"summary_large_image\" \/>\n<meta name=\"twitter:label1\" content=\"Gi\u00e1\" \/>\n\t<meta name=\"twitter:data1\" content=\"195,000&nbsp;&#8363;\" \/>\n\t<meta name=\"twitter:label2\" content=\"Kh\u1ea3 d\u1ee5ng\" \/>\n\t<meta name=\"twitter:data2\" content=\"Trong kho\" \/>\n<script type=\"application\/ld+json\" class=\"yoast-schema-graph\">{\"@context\":\"https:\/\/schema.org\",\"@graph\":[{\"@type\":[\"WebPage\",\"ItemPage\"],\"@id\":\"https:\/\/tranthi.vn\/hatinh\/gia-da-tu-nhien-trang-tri-lat-san-da-nang\/\",\"url\":\"https:\/\/tranthi.vn\/hatinh\/gia-da-tu-nhien-trang-tri-lat-san-da-nang\/\",\"name\":\"\u0110\u00e1 Trang Tr\u00ed T\u1ef1 Nhi\u00ean 30x60x2 gi\u00e1 r\u1ebb \u0110\u00e0 N\u1eb5ng - 0903.595.049\",\"isPartOf\":{\"@id\":\"https:\/\/tranthi.vn\/hatinh\/#website\"},\"primaryImageOfPage\":{\"@id\":\"https:\/\/tranthi.vn\/hatinh\/gia-da-tu-nhien-trang-tri-lat-san-da-nang\/#primaryimage\"},\"image\":{\"@id\":\"https:\/\/tranthi.vn\/hatinh\/gia-da-tu-nhien-trang-tri-lat-san-da-nang\/#primaryimage\"},\"thumbnailUrl\":\"https:\/\/tranthi.vn\/hatinh\/wp-content\/uploads\/2021\/03\/da-xanh-den-30x60_optimized.jpg\",\"datePublished\":\"2021-03-06T09:24:40+00:00\",\"dateModified\":\"2024-01-29T13:52:11+00:00\",\"description\":\"Hotline: 0903.595.049 Tr\u1ea7n Th\u1ecb b\u00e1n l\u1ebb \u0111\u00e1 t\u1ef1 nhi\u00ean gi\u00e1 r\u1ebb t\u1ea1i \u0110\u00e0 N\u1eb5ng, \u0111\u00e1 trang tr\u00ed s\u00e2n v\u01b0\u1eddn r\u1ea5t \u0111a d\u1ea1ng v\u1ec1 m\u00e0u s\u1eafc nh\u01b0: \u0111\u00e1 b\u0103m m\u1eb7t xanh \u0111en\",\"breadcrumb\":{\"@id\":\"https:\/\/tranthi.vn\/hatinh\/gia-da-tu-nhien-trang-tri-lat-san-da-nang\/#breadcrumb\"},\"inLanguage\":\"vi\",\"potentialAction\":[{\"@type\":\"ReadAction\",\"target\":[\"https:\/\/tranthi.vn\/hatinh\/gia-da-tu-nhien-trang-tri-lat-san-da-nang\/\"]}]},{\"@type\":\"ImageObject\",\"inLanguage\":\"vi\",\"@id\":\"https:\/\/tranthi.vn\/hatinh\/gia-da-tu-nhien-trang-tri-lat-san-da-nang\/#primaryimage\",\"url\":\"https:\/\/tranthi.vn\/hatinh\/wp-content\/uploads\/2021\/03\/da-xanh-den-30x60_optimized.jpg\",\"contentUrl\":\"https:\/\/tranthi.vn\/hatinh\/wp-content\/uploads\/2021\/03\/da-xanh-den-30x60_optimized.jpg\",\"width\":300,\"height\":300},{\"@type\":\"BreadcrumbList\",\"@id\":\"https:\/\/tranthi.vn\/hatinh\/gia-da-tu-nhien-trang-tri-lat-san-da-nang\/#breadcrumb\",\"itemListElement\":[{\"@type\":\"ListItem\",\"position\":1,\"name\":\"Trang ch\u1ee7\",\"item\":\"https:\/\/tranthi.vn\/hatinh\/\"},{\"@type\":\"ListItem\",\"position\":2,\"name\":\"Shop\",\"item\":\"https:\/\/tranthi.vn\/hatinh\/shop\/\"},{\"@type\":\"ListItem\",\"position\":3,\"name\":\"\u0110\u00e1 Trang Tr\u00ed T\u1ef1 Nhi\u00ean L\u00e1t s\u00e2n Xanh \u0110en 30&#215;60\"}]},{\"@type\":\"WebSite\",\"@id\":\"https:\/\/tranthi.vn\/hatinh\/#website\",\"url\":\"https:\/\/tranthi.vn\/hatinh\/\",\"name\":\"V\u1eadt Li\u1ec7u X\u00e2y D\u1ef1ng Tr\u1ea7n Th\u1ecb Chi Nh\u00e1nh H\u00e0 T\u0129nh\",\"description\":\"V\u1eadt Li\u1ec7u X\u00e2y D\u1ef1ng - H\u00e0 T\u0129nh\",\"potentialAction\":[{\"@type\":\"SearchAction\",\"target\":{\"@type\":\"EntryPoint\",\"urlTemplate\":\"https:\/\/tranthi.vn\/hatinh\/?s={search_term_string}\"},\"query-input\":\"required name=search_term_string\"}],\"inLanguage\":\"vi\"},{\"@type\":\"ImageObject\",\"inLanguage\":\"vi\",\"@id\":\"https:\/\/tranthi.vn\/hatinh\/gia-da-tu-nhien-trang-tri-lat-san-da-nang\/#local-main-organization-logo\",\"url\":\"\",\"contentUrl\":\"\",\"caption\":\"V\u1eadt Li\u1ec7u X\u00e2y D\u1ef1ng Tr\u1ea7n Th\u1ecb Chi Nh\u00e1nh H\u00e0 T\u0129nh\"}]}<\/script>\n<meta property=\"product:price:amount\" content=\"195000\" \/>\n<meta property=\"product:price:currency\" content=\"VND\" \/>\n<meta property=\"og:availability\" content=\"instock\" \/>\n<meta property=\"product:availability\" content=\"instock\" \/>\n<meta property=\"product:condition\" content=\"new\" \/>\n<!-- \/ Yoast SEO Premium plugin. -->","yoast_head_json":{"title":"\u0110\u00e1 Trang Tr\u00ed T\u1ef1 Nhi\u00ean 30x60x2 gi\u00e1 r\u1ebb \u0110\u00e0 N\u1eb5ng - 0903.595.049","description":"Hotline: 0903.595.049 Tr\u1ea7n Th\u1ecb b\u00e1n l\u1ebb \u0111\u00e1 t\u1ef1 nhi\u00ean gi\u00e1 r\u1ebb t\u1ea1i \u0110\u00e0 N\u1eb5ng, \u0111\u00e1 trang tr\u00ed s\u00e2n v\u01b0\u1eddn r\u1ea5t \u0111a d\u1ea1ng v\u1ec1 m\u00e0u s\u1eafc nh\u01b0: \u0111\u00e1 b\u0103m m\u1eb7t xanh \u0111en","robots":{"index":"index","follow":"follow","max-snippet":"max-snippet:-1","max-image-preview":"max-image-preview:large","max-video-preview":"max-video-preview:-1"},"canonical":"https:\/\/tranthi.vn\/hatinh\/gia-da-tu-nhien-trang-tri-lat-san-da-nang\/","og_locale":"vi_VN","og_type":"article","og_title":"\u0110\u00e1 Trang Tr\u00ed T\u1ef1 Nhi\u00ean L\u00e1t s\u00e2n Xanh \u0110en 30x60","og_description":"Hotline: 0903.595.049 Tr\u1ea7n Th\u1ecb b\u00e1n l\u1ebb \u0111\u00e1 t\u1ef1 nhi\u00ean gi\u00e1 r\u1ebb t\u1ea1i \u0110\u00e0 N\u1eb5ng, \u0111\u00e1 trang tr\u00ed s\u00e2n v\u01b0\u1eddn r\u1ea5t \u0111a d\u1ea1ng v\u1ec1 m\u00e0u s\u1eafc nh\u01b0: \u0111\u00e1 b\u0103m m\u1eb7t xanh \u0111en","og_url":"https:\/\/tranthi.vn\/hatinh\/gia-da-tu-nhien-trang-tri-lat-san-da-nang\/","og_site_name":"V\u1eadt Li\u1ec7u X\u00e2y D\u1ef1ng Tr\u1ea7n Th\u1ecb Chi Nh\u00e1nh H\u00e0 T\u0129nh","article_modified_time":"2024-01-29T13:52:11+00:00","og_image":[{"width":300,"height":300,"url":"https:\/\/tranthi.vn\/hatinh\/wp-content\/uploads\/2021\/03\/da-xanh-den-30x60_optimized.jpg","type":"image\/jpeg"}],"twitter_card":"summary_large_image","twitter_misc":{"Gi\u00e1":"195,000&nbsp;&#8363;","Kh\u1ea3 d\u1ee5ng":"Trong kho"},"schema":{"@context":"https:\/\/schema.org","@graph":[{"@type":["WebPage","ItemPage"],"@id":"https:\/\/tranthi.vn\/hatinh\/gia-da-tu-nhien-trang-tri-lat-san-da-nang\/","url":"https:\/\/tranthi.vn\/hatinh\/gia-da-tu-nhien-trang-tri-lat-san-da-nang\/","name":"\u0110\u00e1 Trang Tr\u00ed T\u1ef1 Nhi\u00ean 30x60x2 gi\u00e1 r\u1ebb \u0110\u00e0 N\u1eb5ng - 0903.595.049","isPartOf":{"@id":"https:\/\/tranthi.vn\/hatinh\/#website"},"primaryImageOfPage":{"@id":"https:\/\/tranthi.vn\/hatinh\/gia-da-tu-nhien-trang-tri-lat-san-da-nang\/#primaryimage"},"image":{"@id":"https:\/\/tranthi.vn\/hatinh\/gia-da-tu-nhien-trang-tri-lat-san-da-nang\/#primaryimage"},"thumbnailUrl":"https:\/\/tranthi.vn\/hatinh\/wp-content\/uploads\/2021\/03\/da-xanh-den-30x60_optimized.jpg","datePublished":"2021-03-06T09:24:40+00:00","dateModified":"2024-01-29T13:52:11+00:00","description":"Hotline: 0903.595.049 Tr\u1ea7n Th\u1ecb b\u00e1n l\u1ebb \u0111\u00e1 t\u1ef1 nhi\u00ean gi\u00e1 r\u1ebb t\u1ea1i \u0110\u00e0 N\u1eb5ng, \u0111\u00e1 trang tr\u00ed s\u00e2n v\u01b0\u1eddn r\u1ea5t \u0111a d\u1ea1ng v\u1ec1 m\u00e0u s\u1eafc nh\u01b0: \u0111\u00e1 b\u0103m m\u1eb7t xanh \u0111en","breadcrumb":{"@id":"https:\/\/tranthi.vn\/hatinh\/gia-da-tu-nhien-trang-tri-lat-san-da-nang\/#breadcrumb"},"inLanguage":"vi","potentialAction":[{"@type":"ReadAction","target":["https:\/\/tranthi.vn\/hatinh\/gia-da-tu-nhien-trang-tri-lat-san-da-nang\/"]}]},{"@type":"ImageObject","inLanguage":"vi","@id":"https:\/\/tranthi.vn\/hatinh\/gia-da-tu-nhien-trang-tri-lat-san-da-nang\/#primaryimage","url":"https:\/\/tranthi.vn\/hatinh\/wp-content\/uploads\/2021\/03\/da-xanh-den-30x60_optimized.jpg","contentUrl":"https:\/\/tranthi.vn\/hatinh\/wp-content\/uploads\/2021\/03\/da-xanh-den-30x60_optimized.jpg","width":300,"height":300},{"@type":"BreadcrumbList","@id":"https:\/\/tranthi.vn\/hatinh\/gia-da-tu-nhien-trang-tri-lat-san-da-nang\/#breadcrumb","itemListElement":[{"@type":"ListItem","position":1,"name":"Trang ch\u1ee7","item":"https:\/\/tranthi.vn\/hatinh\/"},{"@type":"ListItem","position":2,"name":"Shop","item":"https:\/\/tranthi.vn\/hatinh\/shop\/"},{"@type":"ListItem","position":3,"name":"\u0110\u00e1 Trang Tr\u00ed T\u1ef1 Nhi\u00ean L\u00e1t s\u00e2n Xanh \u0110en 30&#215;60"}]},{"@type":"WebSite","@id":"https:\/\/tranthi.vn\/hatinh\/#website","url":"https:\/\/tranthi.vn\/hatinh\/","name":"V\u1eadt Li\u1ec7u X\u00e2y D\u1ef1ng Tr\u1ea7n Th\u1ecb Chi Nh\u00e1nh H\u00e0 T\u0129nh","description":"V\u1eadt Li\u1ec7u X\u00e2y D\u1ef1ng - H\u00e0 T\u0129nh","potentialAction":[{"@type":"SearchAction","target":{"@type":"EntryPoint","urlTemplate":"https:\/\/tranthi.vn\/hatinh\/?s={search_term_string}"},"query-input":"required name=search_term_string"}],"inLanguage":"vi"},{"@type":"ImageObject","inLanguage":"vi","@id":"https:\/\/tranthi.vn\/hatinh\/gia-da-tu-nhien-trang-tri-lat-san-da-nang\/#local-main-organization-logo","url":"","contentUrl":"","caption":"V\u1eadt Li\u1ec7u X\u00e2y D\u1ef1ng Tr\u1ea7n Th\u1ecb Chi Nh\u00e1nh H\u00e0 T\u0129nh"}]},"product_price_amount":"195000","product_price_currency":"VND","og_availability":"instock","product_availability":"instock","product_condition":"new"},"_links":{"self":[{"href":"https:\/\/tranthi.vn\/hatinh\/wp-json\/wp\/v2\/product\/2492","targetHints":{"allow":["GET"]}}],"collection":[{"href":"https:\/\/tranthi.vn\/hatinh\/wp-json\/wp\/v2\/product"}],"about":[{"href":"https:\/\/tranthi.vn\/hatinh\/wp-json\/wp\/v2\/types\/product"}],"replies":[{"embeddable":true,"href":"https:\/\/tranthi.vn\/hatinh\/wp-json\/wp\/v2\/comments?post=2492"}],"wp:featuredmedia":[{"embeddable":true,"href":"https:\/\/tranthi.vn\/hatinh\/wp-json\/wp\/v2\/media\/2496"}],"wp:attachment":[{"href":"https:\/\/tranthi.vn\/hatinh\/wp-json\/wp\/v2\/media?parent=2492"}],"wp:term":[{"taxonomy":"product_cat","embeddable":true,"href":"https:\/\/tranthi.vn\/hatinh\/wp-json\/wp\/v2\/product_cat?post=2492"},{"taxonomy":"product_tag","embeddable":true,"href":"https:\/\/tranthi.vn\/hatinh\/wp-json\/wp\/v2\/product_tag?post=2492"}],"curies":[{"name":"wp","href":"https:\/\/api.w.org\/{rel}","templated":true}]}}