{"id":2316,"date":"2021-03-01T16:00:37","date_gmt":"2021-03-01T09:00:37","guid":{"rendered":"https:\/\/tranthi.vn\/quangnam\/?post_type=product&#038;p=2316"},"modified":"2021-03-01T16:00:37","modified_gmt":"2021-03-01T09:00:37","slug":"san-nhua-dan-keo-m211","status":"publish","type":"product","link":"https:\/\/tranthi.vn\/hatinh\/san-nhua-dan-keo-m211\/","title":{"rendered":"S\u00e0n Nh\u1ef1a D\u00e1n Keo \u2013 M211"},"content":{"rendered":"","protected":false},"excerpt":{"rendered":"<p><span style=\"font-family: 'times new roman', times, serif; font-size: 150%; color: #000000;\">Giao h\u00e0ng trong \u0111\u1ecba b\u00e0n\u00a0<span style=\"color: #008000;\"><em><a style=\"color: #008000;\" href=\"https:\/\/fr.wikipedia.org\/wiki\/Da_Nang\"><strong>\u0110\u00e0 N\u1eb5ng<\/strong><\/a><\/em><\/span><\/span><\/p>\n<p><span style=\"font-family: 'times new roman', times, serif; font-size: 150%; color: #000000;\">\u0110\u01a1n v\u1ecb t\u00ednh: Met vu\u00f4ng<\/span><\/p>\n<p><span style=\"font-family: 'times new roman', times, serif; font-size: 150%; color: #000000;\">K\u00edch th\u01b0\u1edbc 1 t\u1ea5m: 0,152cm x 0,914cm x 2mm<\/span><\/p>\n<p><span style=\"font-family: 'times new roman', times, serif; font-size: 150%; color: #000000;\">\u0110\u01a1n gi\u00e1<em><strong>: S\u00e0n nh\u1ef1a d\u00e1n keo M211: <span style=\"color: #ff0000;\">135.000\/m2<\/span>\u00a0 <\/strong><\/em>(ch\u01b0a bao g\u1ed3m chi ph\u00ed v\u1eadn chuy\u1ec3n v\u00e0 VAT)<\/span><\/p>\n<p><span style=\"font-family: 'times new roman', times, serif; font-size: 150%; color: #000000;\">Keo d\u00e1n:<strong>\u00a0<span style=\"color: #ff0000;\">800.000\/ th\u00f9ng 10kg<\/span><\/strong>\u00a0( 1kg=5m2)<\/span><\/p>\n<p><span style=\"font-family: 'times new roman', times, serif; font-size: 150%; color: #000000;\">Nh\u1eadn thi c\u00f4ng tr\u1ecdn g\u00f3i\u00a0<span style=\"color: #ff0000;\"><strong>185.000\/m2<\/strong><\/span><\/span><\/p>\n","protected":false},"featured_media":2319,"comment_status":"closed","ping_status":"closed","template":"","meta":[],"product_cat":[135],"product_tag":[],"class_list":{"0":"post-2316","1":"product","2":"type-product","3":"status-publish","4":"has-post-thumbnail","6":"product_cat-san-nhua-van-gia-go","8":"first","9":"instock","10":"sale","11":"shipping-taxable","12":"purchasable","13":"product-type-simple"},"yoast_head":"<!-- This site is optimized with the Yoast SEO Premium plugin v22.3 (Yoast SEO v22.8) - https:\/\/yoast.com\/wordpress\/plugins\/seo\/ -->\n<title>S\u00e0n Nh\u1ef1a D\u00e1n Keo \u2013 M211 - V\u1eadt Li\u1ec7u X\u00e2y D\u1ef1ng Tr\u1ea7n Th\u1ecb Chi Nh\u00e1nh H\u00e0 T\u0129nh<\/title>\n<meta name=\"robots\" content=\"index, follow, max-snippet:-1, max-image-preview:large, max-video-preview:-1\" \/>\n<link rel=\"canonical\" href=\"https:\/\/tranthi.vn\/hatinh\/san-nhua-dan-keo-m211\/\" \/>\n<meta property=\"og:locale\" content=\"vi_VN\" \/>\n<meta property=\"og:type\" content=\"article\" \/>\n<meta property=\"og:title\" content=\"S\u00e0n Nh\u1ef1a D\u00e1n Keo \u2013 M211\" \/>\n<meta property=\"og:description\" content=\"Giao h\u00e0ng trong \u0111\u1ecba b\u00e0n\u00a0\u0110\u00e0 N\u1eb5ng  \u0110\u01a1n v\u1ecb t\u00ednh: Met vu\u00f4ng  K\u00edch th\u01b0\u1edbc 1 t\u1ea5m: 0,152cm x 0,914cm x 2mm  \u0110\u01a1n gi\u00e1: S\u00e0n nh\u1ef1a d\u00e1n keo M211: 135.000\/m2\u00a0 (ch\u01b0a bao g\u1ed3m chi ph\u00ed v\u1eadn chuy\u1ec3n v\u00e0 VAT)  Keo d\u00e1n:\u00a0800.000\/ th\u00f9ng 10kg\u00a0( 1kg=5m2)  Nh\u1eadn thi c\u00f4ng tr\u1ecdn g\u00f3i\u00a0185.000\/m2\" \/>\n<meta property=\"og:url\" content=\"https:\/\/tranthi.vn\/hatinh\/san-nhua-dan-keo-m211\/\" \/>\n<meta property=\"og:site_name\" content=\"V\u1eadt Li\u1ec7u X\u00e2y D\u1ef1ng Tr\u1ea7n Th\u1ecb Chi Nh\u00e1nh H\u00e0 T\u0129nh\" \/>\n<meta property=\"og:image\" content=\"https:\/\/tranthi.vn\/hatinh\/wp-content\/uploads\/2021\/03\/m211_optimized.jpg\" \/>\n\t<meta property=\"og:image:width\" content=\"300\" \/>\n\t<meta property=\"og:image:height\" content=\"450\" \/>\n\t<meta property=\"og:image:type\" content=\"image\/jpeg\" \/>\n<meta name=\"twitter:card\" content=\"summary_large_image\" \/>\n<meta name=\"twitter:label1\" content=\"Gi\u00e1\" \/>\n\t<meta name=\"twitter:data1\" content=\"135,000&nbsp;&#8363;\" \/>\n\t<meta name=\"twitter:label2\" content=\"Kh\u1ea3 d\u1ee5ng\" \/>\n\t<meta name=\"twitter:data2\" content=\"Trong kho\" \/>\n<script type=\"application\/ld+json\" class=\"yoast-schema-graph\">{\"@context\":\"https:\/\/schema.org\",\"@graph\":[{\"@type\":[\"WebPage\",\"ItemPage\"],\"@id\":\"https:\/\/tranthi.vn\/hatinh\/san-nhua-dan-keo-m211\/\",\"url\":\"https:\/\/tranthi.vn\/hatinh\/san-nhua-dan-keo-m211\/\",\"name\":\"S\u00e0n Nh\u1ef1a D\u00e1n Keo \u2013 M211 - V\u1eadt Li\u1ec7u X\u00e2y D\u1ef1ng Tr\u1ea7n Th\u1ecb Chi Nh\u00e1nh H\u00e0 T\u0129nh\",\"isPartOf\":{\"@id\":\"https:\/\/tranthi.vn\/hatinh\/#website\"},\"primaryImageOfPage\":{\"@id\":\"https:\/\/tranthi.vn\/hatinh\/san-nhua-dan-keo-m211\/#primaryimage\"},\"image\":{\"@id\":\"https:\/\/tranthi.vn\/hatinh\/san-nhua-dan-keo-m211\/#primaryimage\"},\"thumbnailUrl\":\"https:\/\/tranthi.vn\/hatinh\/wp-content\/uploads\/2021\/03\/m211_optimized.jpg\",\"datePublished\":\"2021-03-01T09:00:37+00:00\",\"dateModified\":\"2021-03-01T09:00:37+00:00\",\"breadcrumb\":{\"@id\":\"https:\/\/tranthi.vn\/hatinh\/san-nhua-dan-keo-m211\/#breadcrumb\"},\"inLanguage\":\"vi\",\"potentialAction\":[{\"@type\":\"ReadAction\",\"target\":[\"https:\/\/tranthi.vn\/hatinh\/san-nhua-dan-keo-m211\/\"]}]},{\"@type\":\"ImageObject\",\"inLanguage\":\"vi\",\"@id\":\"https:\/\/tranthi.vn\/hatinh\/san-nhua-dan-keo-m211\/#primaryimage\",\"url\":\"https:\/\/tranthi.vn\/hatinh\/wp-content\/uploads\/2021\/03\/m211_optimized.jpg\",\"contentUrl\":\"https:\/\/tranthi.vn\/hatinh\/wp-content\/uploads\/2021\/03\/m211_optimized.jpg\",\"width\":300,\"height\":450},{\"@type\":\"BreadcrumbList\",\"@id\":\"https:\/\/tranthi.vn\/hatinh\/san-nhua-dan-keo-m211\/#breadcrumb\",\"itemListElement\":[{\"@type\":\"ListItem\",\"position\":1,\"name\":\"Trang ch\u1ee7\",\"item\":\"https:\/\/tranthi.vn\/hatinh\/\"},{\"@type\":\"ListItem\",\"position\":2,\"name\":\"Shop\",\"item\":\"https:\/\/tranthi.vn\/hatinh\/shop\/\"},{\"@type\":\"ListItem\",\"position\":3,\"name\":\"S\u00e0n Nh\u1ef1a D\u00e1n Keo \u2013 M211\"}]},{\"@type\":\"WebSite\",\"@id\":\"https:\/\/tranthi.vn\/hatinh\/#website\",\"url\":\"https:\/\/tranthi.vn\/hatinh\/\",\"name\":\"V\u1eadt Li\u1ec7u X\u00e2y D\u1ef1ng Tr\u1ea7n Th\u1ecb Chi Nh\u00e1nh H\u00e0 T\u0129nh\",\"description\":\"V\u1eadt Li\u1ec7u X\u00e2y D\u1ef1ng - H\u00e0 T\u0129nh\",\"potentialAction\":[{\"@type\":\"SearchAction\",\"target\":{\"@type\":\"EntryPoint\",\"urlTemplate\":\"https:\/\/tranthi.vn\/hatinh\/?s={search_term_string}\"},\"query-input\":\"required name=search_term_string\"}],\"inLanguage\":\"vi\"},{\"@type\":\"ImageObject\",\"inLanguage\":\"vi\",\"@id\":\"https:\/\/tranthi.vn\/hatinh\/san-nhua-dan-keo-m211\/#local-main-organization-logo\",\"url\":\"\",\"contentUrl\":\"\",\"caption\":\"V\u1eadt Li\u1ec7u X\u00e2y D\u1ef1ng Tr\u1ea7n Th\u1ecb Chi Nh\u00e1nh H\u00e0 T\u0129nh\"}]}<\/script>\n<meta property=\"product:price:amount\" content=\"135000\" \/>\n<meta property=\"product:price:currency\" content=\"VND\" \/>\n<meta property=\"og:availability\" content=\"instock\" \/>\n<meta property=\"product:availability\" content=\"instock\" \/>\n<meta property=\"product:condition\" content=\"new\" \/>\n<!-- \/ Yoast SEO Premium plugin. -->","yoast_head_json":{"title":"S\u00e0n Nh\u1ef1a D\u00e1n Keo \u2013 M211 - V\u1eadt Li\u1ec7u X\u00e2y D\u1ef1ng Tr\u1ea7n Th\u1ecb Chi Nh\u00e1nh H\u00e0 T\u0129nh","robots":{"index":"index","follow":"follow","max-snippet":"max-snippet:-1","max-image-preview":"max-image-preview:large","max-video-preview":"max-video-preview:-1"},"canonical":"https:\/\/tranthi.vn\/hatinh\/san-nhua-dan-keo-m211\/","og_locale":"vi_VN","og_type":"article","og_title":"S\u00e0n Nh\u1ef1a D\u00e1n Keo \u2013 M211","og_description":"Giao h\u00e0ng trong \u0111\u1ecba b\u00e0n\u00a0\u0110\u00e0 N\u1eb5ng  \u0110\u01a1n v\u1ecb t\u00ednh: Met vu\u00f4ng  K\u00edch th\u01b0\u1edbc 1 t\u1ea5m: 0,152cm x 0,914cm x 2mm  \u0110\u01a1n gi\u00e1: S\u00e0n nh\u1ef1a d\u00e1n keo M211: 135.000\/m2\u00a0 (ch\u01b0a bao g\u1ed3m chi ph\u00ed v\u1eadn chuy\u1ec3n v\u00e0 VAT)  Keo d\u00e1n:\u00a0800.000\/ th\u00f9ng 10kg\u00a0( 1kg=5m2)  Nh\u1eadn thi c\u00f4ng tr\u1ecdn g\u00f3i\u00a0185.000\/m2","og_url":"https:\/\/tranthi.vn\/hatinh\/san-nhua-dan-keo-m211\/","og_site_name":"V\u1eadt Li\u1ec7u X\u00e2y D\u1ef1ng Tr\u1ea7n Th\u1ecb Chi Nh\u00e1nh H\u00e0 T\u0129nh","og_image":[{"width":300,"height":450,"url":"https:\/\/tranthi.vn\/hatinh\/wp-content\/uploads\/2021\/03\/m211_optimized.jpg","type":"image\/jpeg"}],"twitter_card":"summary_large_image","twitter_misc":{"Gi\u00e1":"135,000&nbsp;&#8363;","Kh\u1ea3 d\u1ee5ng":"Trong kho"},"schema":{"@context":"https:\/\/schema.org","@graph":[{"@type":["WebPage","ItemPage"],"@id":"https:\/\/tranthi.vn\/hatinh\/san-nhua-dan-keo-m211\/","url":"https:\/\/tranthi.vn\/hatinh\/san-nhua-dan-keo-m211\/","name":"S\u00e0n Nh\u1ef1a D\u00e1n Keo \u2013 M211 - V\u1eadt Li\u1ec7u X\u00e2y D\u1ef1ng Tr\u1ea7n Th\u1ecb Chi Nh\u00e1nh H\u00e0 T\u0129nh","isPartOf":{"@id":"https:\/\/tranthi.vn\/hatinh\/#website"},"primaryImageOfPage":{"@id":"https:\/\/tranthi.vn\/hatinh\/san-nhua-dan-keo-m211\/#primaryimage"},"image":{"@id":"https:\/\/tranthi.vn\/hatinh\/san-nhua-dan-keo-m211\/#primaryimage"},"thumbnailUrl":"https:\/\/tranthi.vn\/hatinh\/wp-content\/uploads\/2021\/03\/m211_optimized.jpg","datePublished":"2021-03-01T09:00:37+00:00","dateModified":"2021-03-01T09:00:37+00:00","breadcrumb":{"@id":"https:\/\/tranthi.vn\/hatinh\/san-nhua-dan-keo-m211\/#breadcrumb"},"inLanguage":"vi","potentialAction":[{"@type":"ReadAction","target":["https:\/\/tranthi.vn\/hatinh\/san-nhua-dan-keo-m211\/"]}]},{"@type":"ImageObject","inLanguage":"vi","@id":"https:\/\/tranthi.vn\/hatinh\/san-nhua-dan-keo-m211\/#primaryimage","url":"https:\/\/tranthi.vn\/hatinh\/wp-content\/uploads\/2021\/03\/m211_optimized.jpg","contentUrl":"https:\/\/tranthi.vn\/hatinh\/wp-content\/uploads\/2021\/03\/m211_optimized.jpg","width":300,"height":450},{"@type":"BreadcrumbList","@id":"https:\/\/tranthi.vn\/hatinh\/san-nhua-dan-keo-m211\/#breadcrumb","itemListElement":[{"@type":"ListItem","position":1,"name":"Trang ch\u1ee7","item":"https:\/\/tranthi.vn\/hatinh\/"},{"@type":"ListItem","position":2,"name":"Shop","item":"https:\/\/tranthi.vn\/hatinh\/shop\/"},{"@type":"ListItem","position":3,"name":"S\u00e0n Nh\u1ef1a D\u00e1n Keo \u2013 M211"}]},{"@type":"WebSite","@id":"https:\/\/tranthi.vn\/hatinh\/#website","url":"https:\/\/tranthi.vn\/hatinh\/","name":"V\u1eadt Li\u1ec7u X\u00e2y D\u1ef1ng Tr\u1ea7n Th\u1ecb Chi Nh\u00e1nh H\u00e0 T\u0129nh","description":"V\u1eadt Li\u1ec7u X\u00e2y D\u1ef1ng - H\u00e0 T\u0129nh","potentialAction":[{"@type":"SearchAction","target":{"@type":"EntryPoint","urlTemplate":"https:\/\/tranthi.vn\/hatinh\/?s={search_term_string}"},"query-input":"required name=search_term_string"}],"inLanguage":"vi"},{"@type":"ImageObject","inLanguage":"vi","@id":"https:\/\/tranthi.vn\/hatinh\/san-nhua-dan-keo-m211\/#local-main-organization-logo","url":"","contentUrl":"","caption":"V\u1eadt Li\u1ec7u X\u00e2y D\u1ef1ng Tr\u1ea7n Th\u1ecb Chi Nh\u00e1nh H\u00e0 T\u0129nh"}]},"product_price_amount":"135000","product_price_currency":"VND","og_availability":"instock","product_availability":"instock","product_condition":"new"},"_links":{"self":[{"href":"https:\/\/tranthi.vn\/hatinh\/wp-json\/wp\/v2\/product\/2316","targetHints":{"allow":["GET"]}}],"collection":[{"href":"https:\/\/tranthi.vn\/hatinh\/wp-json\/wp\/v2\/product"}],"about":[{"href":"https:\/\/tranthi.vn\/hatinh\/wp-json\/wp\/v2\/types\/product"}],"replies":[{"embeddable":true,"href":"https:\/\/tranthi.vn\/hatinh\/wp-json\/wp\/v2\/comments?post=2316"}],"wp:featuredmedia":[{"embeddable":true,"href":"https:\/\/tranthi.vn\/hatinh\/wp-json\/wp\/v2\/media\/2319"}],"wp:attachment":[{"href":"https:\/\/tranthi.vn\/hatinh\/wp-json\/wp\/v2\/media?parent=2316"}],"wp:term":[{"taxonomy":"product_cat","embeddable":true,"href":"https:\/\/tranthi.vn\/hatinh\/wp-json\/wp\/v2\/product_cat?post=2316"},{"taxonomy":"product_tag","embeddable":true,"href":"https:\/\/tranthi.vn\/hatinh\/wp-json\/wp\/v2\/product_tag?post=2316"}],"curies":[{"name":"wp","href":"https:\/\/api.w.org\/{rel}","templated":true}]}}