{"id":1611,"date":"2021-02-18T13:31:14","date_gmt":"2021-02-18T13:31:14","guid":{"rendered":"http:\/\/new-tranthi.test\/san-pham\/dong-ho-treo-tuong-chim-cong-tha-duoi-dkt-4408-6\/"},"modified":"2023-08-18T11:05:44","modified_gmt":"2023-08-18T04:05:44","slug":"dong-ho-treo-tuong-chim-cong-tha-duoi-dkt-4408-6","status":"publish","type":"product","link":"https:\/\/tranthi.vn\/hatinh\/dong-ho-treo-tuong-chim-cong-tha-duoi-dkt-4408-6\/","title":{"rendered":"\u0110\u1ed3ng H\u1ed3 Treo T\u01b0\u1eddng Chim C\u00f4ng 32 -TP"},"content":{"rendered":"","protected":false},"excerpt":{"rendered":"<p><strong><span style=\"font-family: 'times new roman', times, serif; font-size: 140%; color: #d83131;\">\u0110\u1ed3ng H\u1ed3 Chim C\u00f4ng 32<\/span><\/strong><\/p>\n<p><strong><span style=\"font-family: 'times new roman', times, serif; font-size: 130%;\"><img decoding=\"async\" class=\"emoji\" draggable=\"false\" src=\"https:\/\/s.w.org\/images\/core\/emoji\/12.0.0-1\/svg\/1f606.svg\" alt=\"\ud83d\ude06\" \/><span style=\"color: #000000;\">\u00a0Th\u00f4ng tin chi ti\u1ebft:<\/span><\/span><\/strong><\/p>\n<p><strong><span style=\"font-family: 'times new roman', times, serif; font-size: 130%;\">&#8211; Th\u01b0\u01a1ng hi\u1ec7u: LianZhuang<\/span><\/strong><\/p>\n<p><strong><span style=\"font-family: 'times new roman', times, serif; font-size: 130%;\">&#8211; M\u00e3 s\u1ea3n ph\u1ea9m: DHCC-32<\/span><\/strong><\/p>\n<p><strong><span style=\"font-family: 'times new roman', times, serif; font-size: 130%;\">&#8211; K\u00edch th\u01b0\u1edbc: 92*60 (cm) _ \u0110\u01b0\u1eddng k\u00ednh m\u1eb7t s\u1ed1 21cm<\/span><\/strong><\/p>\n<p><strong><span style=\"font-family: 'times new roman', times, serif; font-size: 130%;\">&#8211; M\u00e0u s\u1eafc: V\u00e0ng\u00a0(nh\u01b0 h\u00ecnh)<\/span><\/strong><\/p>\n<p><strong><span style=\"font-family: 'times new roman', times, serif; font-size: 130%;\">&#8211; Ch\u1ea5t li\u1ec7u: Th\u00e9p _ S\u01a1n t\u0129nh \u0111i\u1ec7n<\/span><\/strong><\/p>\n<p><strong><span style=\"font-family: 'times new roman', times, serif; font-size: 130%;\">&#8211; \u0110\u1ed9ng c\u01a1: M\u00e1y kim tr\u00f4i kh\u00f4ng g\u00e2y ti\u1ebfng \u0111\u1ed9ng, s\u1ea3n xu\u1ea5t theo ti\u00eau chu\u1ea9n Ch\u00e2u \u00c2u (CE &amp; RoHS).<\/span><\/strong><\/p>\n<p><strong><span style=\"font-family: 'times new roman', times, serif; font-size: 130%; color: #000000;\"><img decoding=\"async\" class=\"emoji\" draggable=\"false\" src=\"https:\/\/s.w.org\/images\/core\/emoji\/12.0.0-1\/svg\/1f606.svg\" alt=\"\ud83d\ude06\" \/> <span style=\"color: #d83131;\">\u0110\u01a1n gi\u00e1: 888.000\u0111<\/span><\/span><\/strong><\/p>\n<p><strong><em><span style=\"font-family: 'times new roman', times, serif; font-size: 130%; color: #0000ff;\">Chi ph\u00ed v\u1eadn chuy\u1ec3n s\u1ebd t\u00ednh theo kho\u1ea3ng c\u00e1ch v\u00e0 s\u1ed1 l\u01b0\u1ee3ng h\u00e0ng h\u00f3a nh\u1eadp<\/span><\/em><\/strong><\/p>\n","protected":false},"featured_media":5828,"comment_status":"open","ping_status":"closed","template":"","meta":[],"product_cat":[390],"product_tag":[],"class_list":{"0":"post-1611","1":"product","2":"type-product","3":"status-publish","4":"has-post-thumbnail","6":"product_cat-thung-rac","8":"first","9":"instock","10":"sale","11":"shipping-taxable","12":"purchasable","13":"product-type-simple"},"yoast_head":"<!-- This site is optimized with the Yoast SEO Premium plugin v22.3 (Yoast SEO v22.8) - https:\/\/yoast.com\/wordpress\/plugins\/seo\/ -->\n<title>\u0110\u1ed3ng H\u1ed3 Treo T\u01b0\u1eddng Chim C\u00f4ng 32 -TP - V\u1eadt Li\u1ec7u X\u00e2y D\u1ef1ng Tr\u1ea7n Th\u1ecb Chi Nh\u00e1nh H\u00e0 T\u0129nh<\/title>\n<meta name=\"robots\" content=\"index, follow, max-snippet:-1, max-image-preview:large, max-video-preview:-1\" \/>\n<link rel=\"canonical\" href=\"https:\/\/tranthi.vn\/hatinh\/dong-ho-treo-tuong-chim-cong-tha-duoi-dkt-4408-6\/\" \/>\n<meta property=\"og:locale\" content=\"vi_VN\" \/>\n<meta property=\"og:type\" content=\"article\" \/>\n<meta property=\"og:title\" content=\"\u0110\u1ed3ng H\u1ed3 Treo T\u01b0\u1eddng Chim C\u00f4ng 32 -TP\" \/>\n<meta property=\"og:description\" content=\"\u0110\u1ed3ng H\u1ed3 Chim C\u00f4ng 32  \u00a0Th\u00f4ng tin chi ti\u1ebft:  - Th\u01b0\u01a1ng hi\u1ec7u: LianZhuang  - M\u00e3 s\u1ea3n ph\u1ea9m: DHCC-32  - K\u00edch th\u01b0\u1edbc: 92*60 (cm) _ \u0110\u01b0\u1eddng k\u00ednh m\u1eb7t s\u1ed1 21cm  - M\u00e0u s\u1eafc: V\u00e0ng\u00a0(nh\u01b0 h\u00ecnh)  - Ch\u1ea5t li\u1ec7u: Th\u00e9p _ S\u01a1n t\u0129nh \u0111i\u1ec7n  - \u0110\u1ed9ng c\u01a1: M\u00e1y kim tr\u00f4i kh\u00f4ng g\u00e2y ti\u1ebfng \u0111\u1ed9ng, s\u1ea3n xu\u1ea5t theo ti\u00eau chu\u1ea9n Ch\u00e2u \u00c2u (CE &amp; RoHS).   \u0110\u01a1n gi\u00e1: 888.000\u0111  Chi ph\u00ed v\u1eadn chuy\u1ec3n s\u1ebd t\u00ednh theo kho\u1ea3ng c\u00e1ch v\u00e0 s\u1ed1 l\u01b0\u1ee3ng h\u00e0ng h\u00f3a nh\u1eadp\" \/>\n<meta property=\"og:url\" content=\"https:\/\/tranthi.vn\/hatinh\/dong-ho-treo-tuong-chim-cong-tha-duoi-dkt-4408-6\/\" \/>\n<meta property=\"og:site_name\" content=\"V\u1eadt Li\u1ec7u X\u00e2y D\u1ef1ng Tr\u1ea7n Th\u1ecb Chi Nh\u00e1nh H\u00e0 T\u0129nh\" \/>\n<meta property=\"article:modified_time\" content=\"2023-08-18T04:05:44+00:00\" \/>\n<meta property=\"og:image\" content=\"https:\/\/tranthi.vn\/hatinh\/wp-content\/uploads\/2021\/02\/cac-mau-chim-cong-gia-re-tai-da-nang.jpeg\" \/>\n\t<meta property=\"og:image:width\" content=\"400\" \/>\n\t<meta property=\"og:image:height\" content=\"350\" \/>\n\t<meta property=\"og:image:type\" content=\"image\/jpeg\" \/>\n<meta name=\"twitter:card\" content=\"summary_large_image\" \/>\n<meta name=\"twitter:label1\" content=\"Gi\u00e1\" \/>\n\t<meta name=\"twitter:data1\" content=\"888,000&nbsp;&#8363;\" \/>\n\t<meta name=\"twitter:label2\" content=\"Kh\u1ea3 d\u1ee5ng\" \/>\n\t<meta name=\"twitter:data2\" content=\"Trong kho\" \/>\n<script type=\"application\/ld+json\" class=\"yoast-schema-graph\">{\"@context\":\"https:\/\/schema.org\",\"@graph\":[{\"@type\":[\"WebPage\",\"ItemPage\"],\"@id\":\"https:\/\/tranthi.vn\/hatinh\/dong-ho-treo-tuong-chim-cong-tha-duoi-dkt-4408-6\/\",\"url\":\"https:\/\/tranthi.vn\/hatinh\/dong-ho-treo-tuong-chim-cong-tha-duoi-dkt-4408-6\/\",\"name\":\"\u0110\u1ed3ng H\u1ed3 Treo T\u01b0\u1eddng Chim C\u00f4ng 32 -TP - V\u1eadt Li\u1ec7u X\u00e2y D\u1ef1ng Tr\u1ea7n Th\u1ecb Chi Nh\u00e1nh H\u00e0 T\u0129nh\",\"isPartOf\":{\"@id\":\"https:\/\/tranthi.vn\/hatinh\/#website\"},\"primaryImageOfPage\":{\"@id\":\"https:\/\/tranthi.vn\/hatinh\/dong-ho-treo-tuong-chim-cong-tha-duoi-dkt-4408-6\/#primaryimage\"},\"image\":{\"@id\":\"https:\/\/tranthi.vn\/hatinh\/dong-ho-treo-tuong-chim-cong-tha-duoi-dkt-4408-6\/#primaryimage\"},\"thumbnailUrl\":\"https:\/\/tranthi.vn\/hatinh\/wp-content\/uploads\/2021\/02\/cac-mau-chim-cong-gia-re-tai-da-nang.jpeg\",\"datePublished\":\"2021-02-18T13:31:14+00:00\",\"dateModified\":\"2023-08-18T04:05:44+00:00\",\"breadcrumb\":{\"@id\":\"https:\/\/tranthi.vn\/hatinh\/dong-ho-treo-tuong-chim-cong-tha-duoi-dkt-4408-6\/#breadcrumb\"},\"inLanguage\":\"vi\",\"potentialAction\":[{\"@type\":\"ReadAction\",\"target\":[\"https:\/\/tranthi.vn\/hatinh\/dong-ho-treo-tuong-chim-cong-tha-duoi-dkt-4408-6\/\"]}]},{\"@type\":\"ImageObject\",\"inLanguage\":\"vi\",\"@id\":\"https:\/\/tranthi.vn\/hatinh\/dong-ho-treo-tuong-chim-cong-tha-duoi-dkt-4408-6\/#primaryimage\",\"url\":\"https:\/\/tranthi.vn\/hatinh\/wp-content\/uploads\/2021\/02\/cac-mau-chim-cong-gia-re-tai-da-nang.jpeg\",\"contentUrl\":\"https:\/\/tranthi.vn\/hatinh\/wp-content\/uploads\/2021\/02\/cac-mau-chim-cong-gia-re-tai-da-nang.jpeg\",\"width\":400,\"height\":350,\"caption\":\"c\u00e1c-m\u1eabu-chim-c\u00f4ng-gi\u00e1-r\u1ebb-t\u1ea1i-\u0111\u00e0-n\u1eb5ng..\"},{\"@type\":\"BreadcrumbList\",\"@id\":\"https:\/\/tranthi.vn\/hatinh\/dong-ho-treo-tuong-chim-cong-tha-duoi-dkt-4408-6\/#breadcrumb\",\"itemListElement\":[{\"@type\":\"ListItem\",\"position\":1,\"name\":\"Trang ch\u1ee7\",\"item\":\"https:\/\/tranthi.vn\/hatinh\/\"},{\"@type\":\"ListItem\",\"position\":2,\"name\":\"Shop\",\"item\":\"https:\/\/tranthi.vn\/hatinh\/shop\/\"},{\"@type\":\"ListItem\",\"position\":3,\"name\":\"\u0110\u1ed3ng H\u1ed3 Treo T\u01b0\u1eddng Chim C\u00f4ng 32 -TP\"}]},{\"@type\":\"WebSite\",\"@id\":\"https:\/\/tranthi.vn\/hatinh\/#website\",\"url\":\"https:\/\/tranthi.vn\/hatinh\/\",\"name\":\"V\u1eadt Li\u1ec7u X\u00e2y D\u1ef1ng Tr\u1ea7n Th\u1ecb Chi Nh\u00e1nh H\u00e0 T\u0129nh\",\"description\":\"V\u1eadt Li\u1ec7u X\u00e2y D\u1ef1ng - H\u00e0 T\u0129nh\",\"potentialAction\":[{\"@type\":\"SearchAction\",\"target\":{\"@type\":\"EntryPoint\",\"urlTemplate\":\"https:\/\/tranthi.vn\/hatinh\/?s={search_term_string}\"},\"query-input\":\"required name=search_term_string\"}],\"inLanguage\":\"vi\"},{\"@type\":\"ImageObject\",\"inLanguage\":\"vi\",\"@id\":\"https:\/\/tranthi.vn\/hatinh\/dong-ho-treo-tuong-chim-cong-tha-duoi-dkt-4408-6\/#local-main-organization-logo\",\"url\":\"\",\"contentUrl\":\"\",\"caption\":\"V\u1eadt Li\u1ec7u X\u00e2y D\u1ef1ng Tr\u1ea7n Th\u1ecb Chi Nh\u00e1nh H\u00e0 T\u0129nh\"}]}<\/script>\n<meta property=\"product:price:amount\" content=\"888000\" \/>\n<meta property=\"product:price:currency\" content=\"VND\" \/>\n<meta property=\"og:availability\" content=\"instock\" \/>\n<meta property=\"product:availability\" content=\"instock\" \/>\n<meta property=\"product:condition\" content=\"new\" \/>\n<!-- \/ Yoast SEO Premium plugin. -->","yoast_head_json":{"title":"\u0110\u1ed3ng H\u1ed3 Treo T\u01b0\u1eddng Chim C\u00f4ng 32 -TP - V\u1eadt Li\u1ec7u X\u00e2y D\u1ef1ng Tr\u1ea7n Th\u1ecb Chi Nh\u00e1nh H\u00e0 T\u0129nh","robots":{"index":"index","follow":"follow","max-snippet":"max-snippet:-1","max-image-preview":"max-image-preview:large","max-video-preview":"max-video-preview:-1"},"canonical":"https:\/\/tranthi.vn\/hatinh\/dong-ho-treo-tuong-chim-cong-tha-duoi-dkt-4408-6\/","og_locale":"vi_VN","og_type":"article","og_title":"\u0110\u1ed3ng H\u1ed3 Treo T\u01b0\u1eddng Chim C\u00f4ng 32 -TP","og_description":"\u0110\u1ed3ng H\u1ed3 Chim C\u00f4ng 32  \u00a0Th\u00f4ng tin chi ti\u1ebft:  - Th\u01b0\u01a1ng hi\u1ec7u: LianZhuang  - M\u00e3 s\u1ea3n ph\u1ea9m: DHCC-32  - K\u00edch th\u01b0\u1edbc: 92*60 (cm) _ \u0110\u01b0\u1eddng k\u00ednh m\u1eb7t s\u1ed1 21cm  - M\u00e0u s\u1eafc: V\u00e0ng\u00a0(nh\u01b0 h\u00ecnh)  - Ch\u1ea5t li\u1ec7u: Th\u00e9p _ S\u01a1n t\u0129nh \u0111i\u1ec7n  - \u0110\u1ed9ng c\u01a1: M\u00e1y kim tr\u00f4i kh\u00f4ng g\u00e2y ti\u1ebfng \u0111\u1ed9ng, s\u1ea3n xu\u1ea5t theo ti\u00eau chu\u1ea9n Ch\u00e2u \u00c2u (CE &amp; RoHS).   \u0110\u01a1n gi\u00e1: 888.000\u0111  Chi ph\u00ed v\u1eadn chuy\u1ec3n s\u1ebd t\u00ednh theo kho\u1ea3ng c\u00e1ch v\u00e0 s\u1ed1 l\u01b0\u1ee3ng h\u00e0ng h\u00f3a nh\u1eadp","og_url":"https:\/\/tranthi.vn\/hatinh\/dong-ho-treo-tuong-chim-cong-tha-duoi-dkt-4408-6\/","og_site_name":"V\u1eadt Li\u1ec7u X\u00e2y D\u1ef1ng Tr\u1ea7n Th\u1ecb Chi Nh\u00e1nh H\u00e0 T\u0129nh","article_modified_time":"2023-08-18T04:05:44+00:00","og_image":[{"width":400,"height":350,"url":"https:\/\/tranthi.vn\/hatinh\/wp-content\/uploads\/2021\/02\/cac-mau-chim-cong-gia-re-tai-da-nang.jpeg","type":"image\/jpeg"}],"twitter_card":"summary_large_image","twitter_misc":{"Gi\u00e1":"888,000&nbsp;&#8363;","Kh\u1ea3 d\u1ee5ng":"Trong kho"},"schema":{"@context":"https:\/\/schema.org","@graph":[{"@type":["WebPage","ItemPage"],"@id":"https:\/\/tranthi.vn\/hatinh\/dong-ho-treo-tuong-chim-cong-tha-duoi-dkt-4408-6\/","url":"https:\/\/tranthi.vn\/hatinh\/dong-ho-treo-tuong-chim-cong-tha-duoi-dkt-4408-6\/","name":"\u0110\u1ed3ng H\u1ed3 Treo T\u01b0\u1eddng Chim C\u00f4ng 32 -TP - V\u1eadt Li\u1ec7u X\u00e2y D\u1ef1ng Tr\u1ea7n Th\u1ecb Chi Nh\u00e1nh H\u00e0 T\u0129nh","isPartOf":{"@id":"https:\/\/tranthi.vn\/hatinh\/#website"},"primaryImageOfPage":{"@id":"https:\/\/tranthi.vn\/hatinh\/dong-ho-treo-tuong-chim-cong-tha-duoi-dkt-4408-6\/#primaryimage"},"image":{"@id":"https:\/\/tranthi.vn\/hatinh\/dong-ho-treo-tuong-chim-cong-tha-duoi-dkt-4408-6\/#primaryimage"},"thumbnailUrl":"https:\/\/tranthi.vn\/hatinh\/wp-content\/uploads\/2021\/02\/cac-mau-chim-cong-gia-re-tai-da-nang.jpeg","datePublished":"2021-02-18T13:31:14+00:00","dateModified":"2023-08-18T04:05:44+00:00","breadcrumb":{"@id":"https:\/\/tranthi.vn\/hatinh\/dong-ho-treo-tuong-chim-cong-tha-duoi-dkt-4408-6\/#breadcrumb"},"inLanguage":"vi","potentialAction":[{"@type":"ReadAction","target":["https:\/\/tranthi.vn\/hatinh\/dong-ho-treo-tuong-chim-cong-tha-duoi-dkt-4408-6\/"]}]},{"@type":"ImageObject","inLanguage":"vi","@id":"https:\/\/tranthi.vn\/hatinh\/dong-ho-treo-tuong-chim-cong-tha-duoi-dkt-4408-6\/#primaryimage","url":"https:\/\/tranthi.vn\/hatinh\/wp-content\/uploads\/2021\/02\/cac-mau-chim-cong-gia-re-tai-da-nang.jpeg","contentUrl":"https:\/\/tranthi.vn\/hatinh\/wp-content\/uploads\/2021\/02\/cac-mau-chim-cong-gia-re-tai-da-nang.jpeg","width":400,"height":350,"caption":"c\u00e1c-m\u1eabu-chim-c\u00f4ng-gi\u00e1-r\u1ebb-t\u1ea1i-\u0111\u00e0-n\u1eb5ng.."},{"@type":"BreadcrumbList","@id":"https:\/\/tranthi.vn\/hatinh\/dong-ho-treo-tuong-chim-cong-tha-duoi-dkt-4408-6\/#breadcrumb","itemListElement":[{"@type":"ListItem","position":1,"name":"Trang ch\u1ee7","item":"https:\/\/tranthi.vn\/hatinh\/"},{"@type":"ListItem","position":2,"name":"Shop","item":"https:\/\/tranthi.vn\/hatinh\/shop\/"},{"@type":"ListItem","position":3,"name":"\u0110\u1ed3ng H\u1ed3 Treo T\u01b0\u1eddng Chim C\u00f4ng 32 -TP"}]},{"@type":"WebSite","@id":"https:\/\/tranthi.vn\/hatinh\/#website","url":"https:\/\/tranthi.vn\/hatinh\/","name":"V\u1eadt Li\u1ec7u X\u00e2y D\u1ef1ng Tr\u1ea7n Th\u1ecb Chi Nh\u00e1nh H\u00e0 T\u0129nh","description":"V\u1eadt Li\u1ec7u X\u00e2y D\u1ef1ng - H\u00e0 T\u0129nh","potentialAction":[{"@type":"SearchAction","target":{"@type":"EntryPoint","urlTemplate":"https:\/\/tranthi.vn\/hatinh\/?s={search_term_string}"},"query-input":"required name=search_term_string"}],"inLanguage":"vi"},{"@type":"ImageObject","inLanguage":"vi","@id":"https:\/\/tranthi.vn\/hatinh\/dong-ho-treo-tuong-chim-cong-tha-duoi-dkt-4408-6\/#local-main-organization-logo","url":"","contentUrl":"","caption":"V\u1eadt Li\u1ec7u X\u00e2y D\u1ef1ng Tr\u1ea7n Th\u1ecb Chi Nh\u00e1nh H\u00e0 T\u0129nh"}]},"product_price_amount":"888000","product_price_currency":"VND","og_availability":"instock","product_availability":"instock","product_condition":"new"},"_links":{"self":[{"href":"https:\/\/tranthi.vn\/hatinh\/wp-json\/wp\/v2\/product\/1611","targetHints":{"allow":["GET"]}}],"collection":[{"href":"https:\/\/tranthi.vn\/hatinh\/wp-json\/wp\/v2\/product"}],"about":[{"href":"https:\/\/tranthi.vn\/hatinh\/wp-json\/wp\/v2\/types\/product"}],"replies":[{"embeddable":true,"href":"https:\/\/tranthi.vn\/hatinh\/wp-json\/wp\/v2\/comments?post=1611"}],"wp:featuredmedia":[{"embeddable":true,"href":"https:\/\/tranthi.vn\/hatinh\/wp-json\/wp\/v2\/media\/5828"}],"wp:attachment":[{"href":"https:\/\/tranthi.vn\/hatinh\/wp-json\/wp\/v2\/media?parent=1611"}],"wp:term":[{"taxonomy":"product_cat","embeddable":true,"href":"https:\/\/tranthi.vn\/hatinh\/wp-json\/wp\/v2\/product_cat?post=1611"},{"taxonomy":"product_tag","embeddable":true,"href":"https:\/\/tranthi.vn\/hatinh\/wp-json\/wp\/v2\/product_tag?post=1611"}],"curies":[{"name":"wp","href":"https:\/\/api.w.org\/{rel}","templated":true}]}}