{"id":1561,"date":"2021-02-18T13:30:45","date_gmt":"2021-02-18T13:30:45","guid":{"rendered":"http:\/\/new-tranthi.test\/san-pham\/thi-cong-lap-dat-dien-mat-troi\/"},"modified":"2021-02-21T13:04:54","modified_gmt":"2021-02-21T13:04:54","slug":"thi-cong-lap-dat-dien-nang-luong-mat-troi-da-nang","status":"publish","type":"product","link":"https:\/\/tranthi.vn\/hatinh\/thi-cong-lap-dat-dien-nang-luong-mat-troi-da-nang\/","title":{"rendered":"Thi c\u00f4ng l\u1eafp \u0111\u1eb7t \u0111i\u1ec7n m\u1eb7t tr\u1eddi"},"content":{"rendered":"<h1 style=\"text-align: center;\"><span style=\"font-family: 'times new roman', times, serif; font-size: 18pt; color: #ff0000;\"><strong>THI C\u00d4NG L\u1eaeP \u0110\u1eb6T H\u1ec6 TH\u1ed0NG \u0110I\u1ec6N N\u0102NG L\u01af\u01a0NG M\u1eb6T TR\u1edcI T\u1ea0I <a href=\"https:\/\/vi.wikipedia.org\/wiki\/%C4%90%C3%A0_N%E1%BA%B5ng\">\u0110\u00c0 N\u1eb4NG<\/a><\/strong><\/span><\/h1>\n<p><span style=\"font-family: 'times new roman', times, serif; font-size: 14pt;\">Trong qu\u00e1 tr\u00ecnh thi c\u00f4ng v\u00e0 l\u1eafp \u0111\u1eb7t, Tr\u1ea7n Th\u1ecb ch\u00fang t\u00f4i nh\u1eadn th\u1ea5y <em><strong>chi ph\u00ed l\u1eafp \u0111\u1eb7t<\/strong><\/em> \u1ea3nh h\u01b0\u1edfng \u0111\u1ebfn gi\u00e1 th\u00e0nh \u0111\u1ea7u t\u01b0 <a href=\"http:\/\/tranthi.vn\/quangnam\/thi-cong-lap-dat-dien-nang-luong-mat-troi-da-nang\/\"><strong><em>h\u1ec7 th\u1ed1ng \u0111i\u1ec7n n\u0103ng l\u01b0\u1ee3ng m\u1eb7t tr\u1eddi<\/em> <\/strong><\/a>. V\u00ec v\u1eady \u0111\u1ec3 ti\u1ebft ki\u1ec7m chi ph\u00ed cho kh\u00e1ch h\u00e0ng Tr\u1ea7n Th\u1ecb ch\u00fang t\u00f4i s\u1ebd \u0111\u01b0a ra hai ph\u01b0\u01a1ng \u00e1n \u0111\u1ec3 kh\u00e1ch h\u00e0ng l\u1ef1a ch\u1ecdn:<\/span><\/p>\n<h2><span style=\"font-family: 'times new roman', times, serif; font-size: 14pt; color: #0000ff;\"><strong>Tr\u01b0\u1eddng h\u1ee3p 1: Tr\u1ea7n Th\u1ecb s\u1ebd cung c\u1ea5p pin m\u1eb7t tr\u1eddi v\u00e0 inverter\u00a0<\/strong><\/span><\/h2>\n<p><span style=\"font-family: 'times new roman', times, serif; font-size: 14pt;\">Tr\u1ea7n Th\u1ecb s\u1ebd ch\u1ecbu tr\u00e1ch nhi\u1ec7m cung c\u1ea5p t\u1ea5m pin <a href=\"https:\/\/vi.wikipedia.org\/wiki\/N%C4%83ng_l%C6%B0%E1%BB%A3ng_M%E1%BA%B7t_Tr%E1%BB%9Di\">n\u0103ng l\u01b0\u1ee3ng m\u1eb7t tr\u1eddi<\/a> v\u00e0 b\u1ed9 bi\u1ebfn t\u1ea5n inverter cho kh\u00e1ch h\u00e0ng. T\u1ea5t c\u1ea3 \u0111\u1ec1u c\u00f3 gi\u1ea5y b\u1ea3o h\u00e0nh c\u1ee7a nh\u00e0 s\u1ea3n xu\u1ea5t v\u00e0 c\u1ee7a Tr\u1ea7n Th\u1ecb<\/span><\/p>\n<p style=\"text-align: center;\"><em><span style=\"color: #008000; font-family: 'times new roman', times, serif; font-size: 14pt;\"><img loading=\"lazy\" decoding=\"async\" class=\"alignnone wp-image-4870\" src=\"http:\/\/tranthi.vn\/quangnam\/wp-content\/uploads\/2020\/03\/lap-dat-dien-mat-troi-tai-da-nang-1.jpg\" alt=\"\" width=\"413\" height=\"513\" \/><\/span><\/em><\/p>\n<p style=\"text-align: center;\"><em><span style=\"color: #008000; font-family: 'times new roman', times, serif; font-size: 14pt;\">L\u1eafp \u0111\u1eb7t h\u1ec7 th\u1ed1ng \u0111i\u1ec7n m\u1eb7t tr\u1eddi tr\u00ean cao<\/span><\/em><\/p>\n<p><span style=\"font-family: 'times new roman', times, serif; font-size: 14pt;\">Tr\u1ea7n Th\u1ecb s\u1ebd g\u1eedi video h\u01b0\u1edbng d\u1eabn kh\u00e1ch h\u00e0ng c\u00e1ch <\/span><em style=\"font-family: 'times new roman', times, serif; font-size: 14pt;\"><strong>l\u1eafp \u0111\u1eb7t h\u1ec7 th\u1ed1ng \u0111i\u1ec7n<\/strong><\/em><span style=\"font-family: 'times new roman', times, serif; font-size: 14pt;\">. N\u1ebfu ch\u1ee7 nh\u00e0 kh\u00f4ng th\u1ec3 t\u1ef1 \u0111\u1ea5u n\u1ed1i Tr\u1ea7n Th\u1ecb s\u1ebd h\u1ed7 tr\u1ee3 \u0111\u1ea5u n\u1ed1i gi\u00fap kh\u00e1ch h\u00e0ng<\/span><\/p>\n<p style=\"text-align: center;\"><span style=\"color: #008000;\"><em><span style=\"font-family: 'times new roman', times, serif; font-size: 14pt;\"><img loading=\"lazy\" decoding=\"async\" class=\"alignnone wp-image-4871\" src=\"http:\/\/tranthi.vn\/quangnam\/wp-content\/uploads\/2020\/03\/lap-dat-1.jpg\" alt=\"\" width=\"375\" height=\"403\" \/><\/span><\/em><\/span><\/p>\n<p style=\"text-align: center;\"><span style=\"color: #008000;\"><em><span style=\"font-family: 'times new roman', times, serif; font-size: 14pt;\">\u0110\u1ea5u n\u1ed1i h\u1ec7 th\u1ed1ng \u0111i\u1ec7n m\u1eb7t tr\u1eddi<\/span><\/em><\/span><\/p>\n<p><span style=\"font-family: 'times new roman', times, serif; font-size: 14pt;\">\u0110\u1ed1i v\u1edbi ph\u01b0\u01a1ng \u00e1n n\u00e0y s\u1ebd gi\u00fap ti\u1ebft ki\u1ec7m cho kh\u00e1ch h\u00e0ng <strong>20%<\/strong> chi ph\u00ed ( ch\u1ec9 t\u1ed1n <strong>chi ph\u00ed<\/strong> nh\u01b0 s\u1eaft th\u00e9p, d\u00e2y \u0111i\u1ec7n, \u1ed1c \u00edt&#8230;). N\u1ebfu kh\u00e1ch h\u00e0ng ch\u1ecdn tr\u01b0\u1eddng h\u1ee3p n\u00e0y th\u00ec kh\u00e1ch h\u00e0ng ph\u1ea3i \u0111\u00e1p \u1ee9ng c\u00e1c y\u00eau c\u1ea7u sau:<\/span><\/p>\n<ul>\n<li><span style=\"font-family: 'times new roman', times, serif; font-size: 14pt;\">c\u00f3 th\u1eddi gian<\/span><\/li>\n<li><span style=\"font-family: 'times new roman', times, serif; font-size: 14pt;\">\u0111i\u1ec1u ki\u1ec7n <strong>l\u1eafp \u0111\u1eb7t<\/strong> \u0111\u01a1n gi\u1ea3n nh\u01b0 m\u00e1i b\u1eb1ng, b\u1ed1n ph\u00eda kh\u00f4ng b\u1ecb che b\u1edfi c\u00e1c nh\u00e0 b\u00ean c\u1ea1nh v\u00e0 c\u00e2y c\u1ed1i, ho\u1eb7c l\u1eafp \u0111\u1eb7t tr\u00ean m\u00e1i t\u00f4n th\u1ea5p v\u00e0 b\u1eb1ng ph\u1eb3ng nh\u01b0 h\u00ecnh b\u00ean d\u01b0\u1edbi<\/span><\/li>\n<\/ul>\n<h2><span style=\"color: #0000ff;\"><strong><span style=\"font-family: 'times new roman', times, serif; font-size: 14pt;\">Tr\u01b0\u1eddng h\u1ee3p 2: Tr\u1ea7n Th\u1ecb thi c\u00f4ng tr\u1ecdn g\u00f3i<\/span><\/strong><\/span><\/h2>\n<p><span style=\"font-family: 'times new roman', times, serif; font-size: 14pt;\">Trong tr\u01b0\u1eddng h\u1ee3p nh\u00e0 b\u1ea1n <em><strong>l\u1eafp \u0111\u1eb7t<\/strong><\/em> tr\u00ean m\u00e1i t\u00f4n, m\u00e1i ng\u00f3i hay c\u1ea7n n\u00e2ng cao h\u1ec7 th\u1ed1ng \u0111\u1ec3 \u0111\u00f3n \u0111\u01b0\u01a1c \u00e1nh n\u1eafng <em><strong>m\u1eb7t tr\u1eddi<\/strong><\/em>. Th\u00ec ph\u1ea3i c\u00f3 \u0111\u1ed9i thi c\u00f4ng chuy\u00ean nghi\u1ec7p. \u0110\u1ec3 h\u1ecd t\u00ednh to\u00e1n nh\u1eefng r\u1ee7i ro v\u1ec1 gi\u00f3 b\u00e3o v\u00e0 tr\u00e1nh h\u01b0 h\u1ea1i t\u1ea5m pin &#8230; nh\u01b0 h\u00ecnh b\u00ean d\u01b0\u1edbi<\/span><\/p>\n<p><span style=\"color: #ff0000;\"><strong><span style=\"font-family: 'times new roman', times, serif; font-size: 14pt;\">\u00a0Tr\u00e1ch nhi\u1ec7m b\u1ea3o h\u00e0nh v\u00e0 b\u1ea3o tr\u00ec s\u1ea3n ph\u1ea9m cho kh\u00e1ch h\u00e0ng c\u1ee7a Tr\u1ea7n Th\u1ecb<\/span><\/strong><\/span><\/p>\n<p><span style=\"font-family: 'times new roman', times, serif; font-size: 14pt;\">Tr\u1ea7n Th\u1ecb s\u1ebd nh\u1eadn cung c\u1ea5p t\u1ea5m pin v\u00e0 b\u1ed9 bi\u1ebfn t\u1ea7n inverter v\u00e0 thi c\u00f4ng <em><strong>l\u1eafp \u0111\u1eb7t h\u1ec7 th\u1ed1ng \u0111i\u1ec7n m\u1eb7t tr\u1eddi<\/strong><\/em> ho\u00e0n ch\u1ec9nh cho kh\u00e1ch h\u00e0ng<\/span><\/p>\n<ul>\n<li><span style=\"font-family: 'times new roman', times, serif; font-size: 14pt;\">B\u1ea3o h\u00e0nh, ch\u1ecbu tr\u00e1ch nhi\u1ec7m ki\u1ec3m tra \u0111\u1ecbnh k\u1ef3 t\u1ea5m pin v\u00e0 b\u1ed9 bi\u1ebfn t\u1ea5n inverter<\/span><\/li>\n<li><span style=\"font-family: 'times new roman', times, serif; font-size: 14pt;\">Ti\u1ebfn h\u00e0nh \u0111\u1ea5u n\u1ed1i <em><strong>h\u1ec7 th\u1ed1ng <a href=\"https:\/\/vi.wikipedia.org\/wiki\/%C4%90i%E1%BB%87n_m%E1%BA%B7t_tr%E1%BB%9Di\">\u0111i\u1ec7n m\u1eb7t tr\u1eddi<\/a><\/strong> <\/em>v\u1edbi h\u1ec7 th\u1ed1ng \u0111i\u1ec7n nh\u00e0 b\u1ea1n<\/span><\/li>\n<li><span style=\"font-family: 'times new roman', times, serif; font-size: 14pt;\">Ho\u00e0n th\u00e0nh c\u00e1c th\u1ee7 t\u1ee5c mua b\u00e1n \u0111i\u1ec7n v\u1edbi \u0111i\u1ec7n l\u1ef1c nh\u00e0 n\u01b0\u1edbc<\/span><\/li>\n<li><span style=\"font-family: 'times new roman', times, serif; font-size: 14pt;\">H\u01b0\u1edbng d\u1eabn ki\u1ec3m tra l\u01b0\u1ee3ng \u0111\u01b0\u1ee3c t\u1ea1o ra t\u1eeb h\u1ec7 th\u1ed1ng v\u00e0 l\u01b0\u1ee3ng \u0111i\u1ec7n ti\u00eau th\u1ee5<\/span><\/li>\n<li><span style=\"font-family: 'times new roman', times, serif; font-size: 14pt;\">B\u1ea3o h\u00e0nh 10 n\u0103m \u0111\u1ed1i v\u1edbi pin v\u00e0 5 n\u0103m \u0111\u1ed1i v\u1edbi Inveter<\/span><\/li>\n<li><span style=\"font-family: 'times new roman', times, serif; font-size: 14pt;\">B\u1ea3o tr\u00ec mi\u1ec5n ph\u00ed 6 th\u00e1ng 1 l\u1ea7n<\/span><\/li>\n<\/ul>\n<p><span style=\"font-family: 'times new roman', times, serif; font-size: 14pt;\">V\u1ec1 ph\u1ea7n <em><strong>chi ph\u00ed l\u1eafp \u0111\u1eb7t<\/strong><\/em>, s\u1ebd b\u00e1o gi\u00e1 cho kh\u00e1ch h\u00e0ng khi xem x\u00e9t th\u1ef1c \u0111\u1ecba, theo y\u00eau c\u1ea7u c\u1ee7a kh\u00e1ch h\u00e0ng v\u00e0 t\u00f9y tr\u01b0\u1eddng h\u1ee3p kh\u00e1ch h\u00e0ng l\u00e0 <em><strong>h\u1ed9 gia \u0111\u00ecnh<\/strong><\/em> hay kh\u00e1ch s\u1ea1n nh\u00e0 h\u00e0ng, c\u01a1 s\u1edf s\u1ea3n xu\u1ea5t<\/span><\/p>\n<p>&nbsp;<\/p>\n<p>&nbsp;<\/p>\n<p>&nbsp;<\/p>\n","protected":false},"excerpt":{"rendered":"<p>THI C\u00d4NG L\u1eaeP \u0110\u1eb6T H\u1ec6 TH\u1ed0NG \u0110I\u1ec6N N\u0102NG L\u01af\u01a0NG M\u1eb6T TR\u1edcI T\u1ea0I \u0110\u00c0 N\u1eb4NG Trong qu\u00e1 tr\u00ecnh thi c\u00f4ng v\u00e0 l\u1eafp \u0111\u1eb7t, Tr\u1ea7n Th\u1ecb ch\u00fang t\u00f4i nh\u1eadn th\u1ea5y chi ph\u00ed l\u1eafp \u0111\u1eb7t \u1ea3nh h\u01b0\u1edfng \u0111\u1ebfn gi\u00e1 th\u00e0nh \u0111\u1ea7u t\u01b0 h\u1ec7 th\u1ed1ng \u0111i\u1ec7n n\u0103ng l\u01b0\u1ee3ng m\u1eb7t tr\u1eddi . V\u00ec v\u1eady \u0111\u1ec3 ti\u1ebft ki\u1ec7m chi ph\u00ed cho [&#8230;]\n","protected":false},"featured_media":1560,"comment_status":"open","ping_status":"closed","template":"","meta":[],"product_cat":[214],"product_tag":[],"class_list":{"0":"post-1561","1":"product","2":"type-product","3":"status-publish","4":"has-post-thumbnail","6":"product_cat-dien-mat-troi","8":"first","9":"instock","10":"shipping-taxable","11":"product-type-simple"},"yoast_head":"<!-- This site is optimized with the Yoast SEO Premium plugin v22.3 (Yoast SEO v22.8) - https:\/\/yoast.com\/wordpress\/plugins\/seo\/ -->\n<title>Thi c\u00f4ng l\u1eafp \u0111\u1eb7t \u0111i\u1ec7n n\u0103ng l\u01b0\u1ee3ng m\u1eb7t tr\u1eddi \u0110\u00e0 N\u1eb5ng - 0903.595.049<\/title>\n<meta name=\"description\" content=\"Tr\u1ea7n Th\u1ecb l\u00e0 \u0111\u01a1n v\u1ecb thi c\u00f4ng l\u1eafp \u0111\u1eb7t \u0111i\u1ec7n n\u0103ng l\u01b0\u1ee3ng m\u1eb7t tr\u1eddi t\u1ea1i \u0110\u00e0 N\u1eb5ng - chuy\u00ean cung c\u1ea5p gi\u1ea3i ph\u00e1p ti\u1ebft ki\u1ec7m n\u0103ng l\u01b0\u1ee3ng cho h\u1ed9 gia \u0111\u00ecnh\" \/>\n<meta name=\"robots\" content=\"index, follow, max-snippet:-1, max-image-preview:large, max-video-preview:-1\" \/>\n<link rel=\"canonical\" href=\"https:\/\/tranthi.vn\/hatinh\/thi-cong-lap-dat-dien-nang-luong-mat-troi-da-nang\/\" \/>\n<meta property=\"og:locale\" content=\"vi_VN\" \/>\n<meta property=\"og:type\" content=\"article\" \/>\n<meta property=\"og:title\" content=\"Thi c\u00f4ng l\u1eafp \u0111\u1eb7t \u0111i\u1ec7n m\u1eb7t tr\u1eddi\" \/>\n<meta property=\"og:description\" content=\"Tr\u1ea7n Th\u1ecb l\u00e0 \u0111\u01a1n v\u1ecb thi c\u00f4ng l\u1eafp \u0111\u1eb7t \u0111i\u1ec7n n\u0103ng l\u01b0\u1ee3ng m\u1eb7t tr\u1eddi t\u1ea1i \u0110\u00e0 N\u1eb5ng - chuy\u00ean cung c\u1ea5p gi\u1ea3i ph\u00e1p ti\u1ebft ki\u1ec7m n\u0103ng l\u01b0\u1ee3ng cho h\u1ed9 gia \u0111\u00ecnh\" \/>\n<meta property=\"og:url\" content=\"https:\/\/tranthi.vn\/hatinh\/thi-cong-lap-dat-dien-nang-luong-mat-troi-da-nang\/\" \/>\n<meta property=\"og:site_name\" content=\"V\u1eadt Li\u1ec7u X\u00e2y D\u1ef1ng Tr\u1ea7n Th\u1ecb Chi Nh\u00e1nh H\u00e0 T\u0129nh\" \/>\n<meta property=\"article:modified_time\" content=\"2021-02-21T13:04:54+00:00\" \/>\n<meta property=\"og:image\" content=\"https:\/\/tranthi.vn\/hatinh\/wp-content\/uploads\/2021\/02\/lap-1.jpg\" \/>\n\t<meta property=\"og:image:width\" content=\"720\" \/>\n\t<meta property=\"og:image:height\" content=\"960\" \/>\n\t<meta property=\"og:image:type\" content=\"image\/jpeg\" \/>\n<meta name=\"twitter:card\" content=\"summary_large_image\" \/>\n<meta name=\"twitter:label1\" content=\"Gi\u00e1\" \/>\n\t<meta name=\"twitter:data1\" content=\"\" \/>\n\t<meta name=\"twitter:label2\" content=\"Kh\u1ea3 d\u1ee5ng\" \/>\n\t<meta name=\"twitter:data2\" content=\"Trong kho\" \/>\n<script type=\"application\/ld+json\" class=\"yoast-schema-graph\">{\"@context\":\"https:\/\/schema.org\",\"@graph\":[{\"@type\":[\"WebPage\",\"ItemPage\"],\"@id\":\"https:\/\/tranthi.vn\/hatinh\/thi-cong-lap-dat-dien-nang-luong-mat-troi-da-nang\/\",\"url\":\"https:\/\/tranthi.vn\/hatinh\/thi-cong-lap-dat-dien-nang-luong-mat-troi-da-nang\/\",\"name\":\"Thi c\u00f4ng l\u1eafp \u0111\u1eb7t \u0111i\u1ec7n n\u0103ng l\u01b0\u1ee3ng m\u1eb7t tr\u1eddi \u0110\u00e0 N\u1eb5ng - 0903.595.049\",\"isPartOf\":{\"@id\":\"https:\/\/tranthi.vn\/hatinh\/#website\"},\"primaryImageOfPage\":{\"@id\":\"https:\/\/tranthi.vn\/hatinh\/thi-cong-lap-dat-dien-nang-luong-mat-troi-da-nang\/#primaryimage\"},\"image\":{\"@id\":\"https:\/\/tranthi.vn\/hatinh\/thi-cong-lap-dat-dien-nang-luong-mat-troi-da-nang\/#primaryimage\"},\"thumbnailUrl\":\"https:\/\/tranthi.vn\/hatinh\/wp-content\/uploads\/2021\/02\/lap-1.jpg\",\"datePublished\":\"2021-02-18T13:30:45+00:00\",\"dateModified\":\"2021-02-21T13:04:54+00:00\",\"description\":\"Tr\u1ea7n Th\u1ecb l\u00e0 \u0111\u01a1n v\u1ecb thi c\u00f4ng l\u1eafp \u0111\u1eb7t \u0111i\u1ec7n n\u0103ng l\u01b0\u1ee3ng m\u1eb7t tr\u1eddi t\u1ea1i \u0110\u00e0 N\u1eb5ng - chuy\u00ean cung c\u1ea5p gi\u1ea3i ph\u00e1p ti\u1ebft ki\u1ec7m n\u0103ng l\u01b0\u1ee3ng cho h\u1ed9 gia \u0111\u00ecnh\",\"breadcrumb\":{\"@id\":\"https:\/\/tranthi.vn\/hatinh\/thi-cong-lap-dat-dien-nang-luong-mat-troi-da-nang\/#breadcrumb\"},\"inLanguage\":\"vi\",\"potentialAction\":[{\"@type\":\"ReadAction\",\"target\":[\"https:\/\/tranthi.vn\/hatinh\/thi-cong-lap-dat-dien-nang-luong-mat-troi-da-nang\/\"]}]},{\"@type\":\"ImageObject\",\"inLanguage\":\"vi\",\"@id\":\"https:\/\/tranthi.vn\/hatinh\/thi-cong-lap-dat-dien-nang-luong-mat-troi-da-nang\/#primaryimage\",\"url\":\"https:\/\/tranthi.vn\/hatinh\/wp-content\/uploads\/2021\/02\/lap-1.jpg\",\"contentUrl\":\"https:\/\/tranthi.vn\/hatinh\/wp-content\/uploads\/2021\/02\/lap-1.jpg\",\"width\":720,\"height\":960},{\"@type\":\"BreadcrumbList\",\"@id\":\"https:\/\/tranthi.vn\/hatinh\/thi-cong-lap-dat-dien-nang-luong-mat-troi-da-nang\/#breadcrumb\",\"itemListElement\":[{\"@type\":\"ListItem\",\"position\":1,\"name\":\"Trang ch\u1ee7\",\"item\":\"https:\/\/tranthi.vn\/hatinh\/\"},{\"@type\":\"ListItem\",\"position\":2,\"name\":\"Shop\",\"item\":\"https:\/\/tranthi.vn\/hatinh\/shop\/\"},{\"@type\":\"ListItem\",\"position\":3,\"name\":\"Thi c\u00f4ng l\u1eafp \u0111\u1eb7t \u0111i\u1ec7n m\u1eb7t tr\u1eddi\"}]},{\"@type\":\"WebSite\",\"@id\":\"https:\/\/tranthi.vn\/hatinh\/#website\",\"url\":\"https:\/\/tranthi.vn\/hatinh\/\",\"name\":\"V\u1eadt Li\u1ec7u X\u00e2y D\u1ef1ng Tr\u1ea7n Th\u1ecb Chi Nh\u00e1nh H\u00e0 T\u0129nh\",\"description\":\"V\u1eadt Li\u1ec7u X\u00e2y D\u1ef1ng - H\u00e0 T\u0129nh\",\"potentialAction\":[{\"@type\":\"SearchAction\",\"target\":{\"@type\":\"EntryPoint\",\"urlTemplate\":\"https:\/\/tranthi.vn\/hatinh\/?s={search_term_string}\"},\"query-input\":\"required name=search_term_string\"}],\"inLanguage\":\"vi\"},{\"@type\":\"ImageObject\",\"inLanguage\":\"vi\",\"@id\":\"https:\/\/tranthi.vn\/hatinh\/thi-cong-lap-dat-dien-nang-luong-mat-troi-da-nang\/#local-main-organization-logo\",\"url\":\"\",\"contentUrl\":\"\",\"caption\":\"V\u1eadt Li\u1ec7u X\u00e2y D\u1ef1ng Tr\u1ea7n Th\u1ecb Chi Nh\u00e1nh H\u00e0 T\u0129nh\"}]}<\/script>\n<meta property=\"product:price:amount\" content=\"0\" \/>\n<meta property=\"product:price:currency\" content=\"VND\" \/>\n<meta property=\"og:availability\" content=\"instock\" \/>\n<meta property=\"product:availability\" content=\"instock\" \/>\n<meta property=\"product:condition\" content=\"new\" \/>\n<!-- \/ Yoast SEO Premium plugin. -->","yoast_head_json":{"title":"Thi c\u00f4ng l\u1eafp \u0111\u1eb7t \u0111i\u1ec7n n\u0103ng l\u01b0\u1ee3ng m\u1eb7t tr\u1eddi \u0110\u00e0 N\u1eb5ng - 0903.595.049","description":"Tr\u1ea7n Th\u1ecb l\u00e0 \u0111\u01a1n v\u1ecb thi c\u00f4ng l\u1eafp \u0111\u1eb7t \u0111i\u1ec7n n\u0103ng l\u01b0\u1ee3ng m\u1eb7t tr\u1eddi t\u1ea1i \u0110\u00e0 N\u1eb5ng - chuy\u00ean cung c\u1ea5p gi\u1ea3i ph\u00e1p ti\u1ebft ki\u1ec7m n\u0103ng l\u01b0\u1ee3ng cho h\u1ed9 gia \u0111\u00ecnh","robots":{"index":"index","follow":"follow","max-snippet":"max-snippet:-1","max-image-preview":"max-image-preview:large","max-video-preview":"max-video-preview:-1"},"canonical":"https:\/\/tranthi.vn\/hatinh\/thi-cong-lap-dat-dien-nang-luong-mat-troi-da-nang\/","og_locale":"vi_VN","og_type":"article","og_title":"Thi c\u00f4ng l\u1eafp \u0111\u1eb7t \u0111i\u1ec7n m\u1eb7t tr\u1eddi","og_description":"Tr\u1ea7n Th\u1ecb l\u00e0 \u0111\u01a1n v\u1ecb thi c\u00f4ng l\u1eafp \u0111\u1eb7t \u0111i\u1ec7n n\u0103ng l\u01b0\u1ee3ng m\u1eb7t tr\u1eddi t\u1ea1i \u0110\u00e0 N\u1eb5ng - chuy\u00ean cung c\u1ea5p gi\u1ea3i ph\u00e1p ti\u1ebft ki\u1ec7m n\u0103ng l\u01b0\u1ee3ng cho h\u1ed9 gia \u0111\u00ecnh","og_url":"https:\/\/tranthi.vn\/hatinh\/thi-cong-lap-dat-dien-nang-luong-mat-troi-da-nang\/","og_site_name":"V\u1eadt Li\u1ec7u X\u00e2y D\u1ef1ng Tr\u1ea7n Th\u1ecb Chi Nh\u00e1nh H\u00e0 T\u0129nh","article_modified_time":"2021-02-21T13:04:54+00:00","og_image":[{"width":720,"height":960,"url":"https:\/\/tranthi.vn\/hatinh\/wp-content\/uploads\/2021\/02\/lap-1.jpg","type":"image\/jpeg"}],"twitter_card":"summary_large_image","twitter_misc":{"Gi\u00e1":"","Kh\u1ea3 d\u1ee5ng":"Trong kho"},"schema":{"@context":"https:\/\/schema.org","@graph":[{"@type":["WebPage","ItemPage"],"@id":"https:\/\/tranthi.vn\/hatinh\/thi-cong-lap-dat-dien-nang-luong-mat-troi-da-nang\/","url":"https:\/\/tranthi.vn\/hatinh\/thi-cong-lap-dat-dien-nang-luong-mat-troi-da-nang\/","name":"Thi c\u00f4ng l\u1eafp \u0111\u1eb7t \u0111i\u1ec7n n\u0103ng l\u01b0\u1ee3ng m\u1eb7t tr\u1eddi \u0110\u00e0 N\u1eb5ng - 0903.595.049","isPartOf":{"@id":"https:\/\/tranthi.vn\/hatinh\/#website"},"primaryImageOfPage":{"@id":"https:\/\/tranthi.vn\/hatinh\/thi-cong-lap-dat-dien-nang-luong-mat-troi-da-nang\/#primaryimage"},"image":{"@id":"https:\/\/tranthi.vn\/hatinh\/thi-cong-lap-dat-dien-nang-luong-mat-troi-da-nang\/#primaryimage"},"thumbnailUrl":"https:\/\/tranthi.vn\/hatinh\/wp-content\/uploads\/2021\/02\/lap-1.jpg","datePublished":"2021-02-18T13:30:45+00:00","dateModified":"2021-02-21T13:04:54+00:00","description":"Tr\u1ea7n Th\u1ecb l\u00e0 \u0111\u01a1n v\u1ecb thi c\u00f4ng l\u1eafp \u0111\u1eb7t \u0111i\u1ec7n n\u0103ng l\u01b0\u1ee3ng m\u1eb7t tr\u1eddi t\u1ea1i \u0110\u00e0 N\u1eb5ng - chuy\u00ean cung c\u1ea5p gi\u1ea3i ph\u00e1p ti\u1ebft ki\u1ec7m n\u0103ng l\u01b0\u1ee3ng cho h\u1ed9 gia \u0111\u00ecnh","breadcrumb":{"@id":"https:\/\/tranthi.vn\/hatinh\/thi-cong-lap-dat-dien-nang-luong-mat-troi-da-nang\/#breadcrumb"},"inLanguage":"vi","potentialAction":[{"@type":"ReadAction","target":["https:\/\/tranthi.vn\/hatinh\/thi-cong-lap-dat-dien-nang-luong-mat-troi-da-nang\/"]}]},{"@type":"ImageObject","inLanguage":"vi","@id":"https:\/\/tranthi.vn\/hatinh\/thi-cong-lap-dat-dien-nang-luong-mat-troi-da-nang\/#primaryimage","url":"https:\/\/tranthi.vn\/hatinh\/wp-content\/uploads\/2021\/02\/lap-1.jpg","contentUrl":"https:\/\/tranthi.vn\/hatinh\/wp-content\/uploads\/2021\/02\/lap-1.jpg","width":720,"height":960},{"@type":"BreadcrumbList","@id":"https:\/\/tranthi.vn\/hatinh\/thi-cong-lap-dat-dien-nang-luong-mat-troi-da-nang\/#breadcrumb","itemListElement":[{"@type":"ListItem","position":1,"name":"Trang ch\u1ee7","item":"https:\/\/tranthi.vn\/hatinh\/"},{"@type":"ListItem","position":2,"name":"Shop","item":"https:\/\/tranthi.vn\/hatinh\/shop\/"},{"@type":"ListItem","position":3,"name":"Thi c\u00f4ng l\u1eafp \u0111\u1eb7t \u0111i\u1ec7n m\u1eb7t tr\u1eddi"}]},{"@type":"WebSite","@id":"https:\/\/tranthi.vn\/hatinh\/#website","url":"https:\/\/tranthi.vn\/hatinh\/","name":"V\u1eadt Li\u1ec7u X\u00e2y D\u1ef1ng Tr\u1ea7n Th\u1ecb Chi Nh\u00e1nh H\u00e0 T\u0129nh","description":"V\u1eadt Li\u1ec7u X\u00e2y D\u1ef1ng - H\u00e0 T\u0129nh","potentialAction":[{"@type":"SearchAction","target":{"@type":"EntryPoint","urlTemplate":"https:\/\/tranthi.vn\/hatinh\/?s={search_term_string}"},"query-input":"required name=search_term_string"}],"inLanguage":"vi"},{"@type":"ImageObject","inLanguage":"vi","@id":"https:\/\/tranthi.vn\/hatinh\/thi-cong-lap-dat-dien-nang-luong-mat-troi-da-nang\/#local-main-organization-logo","url":"","contentUrl":"","caption":"V\u1eadt Li\u1ec7u X\u00e2y D\u1ef1ng Tr\u1ea7n Th\u1ecb Chi Nh\u00e1nh H\u00e0 T\u0129nh"}]},"product_price_currency":"VND","og_availability":"instock","product_availability":"instock","product_condition":"new"},"_links":{"self":[{"href":"https:\/\/tranthi.vn\/hatinh\/wp-json\/wp\/v2\/product\/1561","targetHints":{"allow":["GET"]}}],"collection":[{"href":"https:\/\/tranthi.vn\/hatinh\/wp-json\/wp\/v2\/product"}],"about":[{"href":"https:\/\/tranthi.vn\/hatinh\/wp-json\/wp\/v2\/types\/product"}],"replies":[{"embeddable":true,"href":"https:\/\/tranthi.vn\/hatinh\/wp-json\/wp\/v2\/comments?post=1561"}],"wp:featuredmedia":[{"embeddable":true,"href":"https:\/\/tranthi.vn\/hatinh\/wp-json\/wp\/v2\/media\/1560"}],"wp:attachment":[{"href":"https:\/\/tranthi.vn\/hatinh\/wp-json\/wp\/v2\/media?parent=1561"}],"wp:term":[{"taxonomy":"product_cat","embeddable":true,"href":"https:\/\/tranthi.vn\/hatinh\/wp-json\/wp\/v2\/product_cat?post=1561"},{"taxonomy":"product_tag","embeddable":true,"href":"https:\/\/tranthi.vn\/hatinh\/wp-json\/wp\/v2\/product_tag?post=1561"}],"curies":[{"name":"wp","href":"https:\/\/api.w.org\/{rel}","templated":true}]}}