{"id":1559,"date":"2021-02-18T13:30:44","date_gmt":"2021-02-18T13:30:44","guid":{"rendered":"http:\/\/new-tranthi.test\/san-pham\/bo-bien-tan-inverter\/"},"modified":"2024-02-25T08:44:06","modified_gmt":"2024-02-25T01:44:06","slug":"bo-bien-tan-inverter-tai-da-nang","status":"publish","type":"product","link":"https:\/\/tranthi.vn\/hatinh\/bo-bien-tan-inverter-tai-da-nang\/","title":{"rendered":"B\u1ed9 Bi\u1ebfn T\u1ea7n Inverter"},"content":{"rendered":"<h1 style=\"text-align: center;\"><span style=\"font-family: 'times new roman', times, serif; color: #ff0000;\">B\u1ed9 bi\u1ebfn t\u1ea7n Inverter n\u0103ng l\u01b0\u1ee3ng m\u1eb7t tr\u1eddi<\/span><\/h1>\n<h2><span style=\"color: #ff0000; font-size: 18pt;\"><strong><span style=\"font-family: 'times new roman', times, serif;\">1. NGUY\u00caN L\u00dd HO\u1ea0T \u0110\u1ed8NG C\u1ee6A <em>B\u1ed8 BI\u1ebeN T\u1ea6N<\/em><\/span><\/strong><\/span><\/h2>\n<p><span style=\"font-family: 'times new roman', times, serif; font-size: 18pt; color: #000000;\">Khi \u00e1nh n\u1eafng m\u1eb7t tr\u1eddi chi\u1ebfu xu\u1ed1ng t\u1ea5m pin <em><strong>n\u0103ng l\u01b0\u1ee3ng m\u1eb7t tr\u1eddi<\/strong><\/em>. T\u1ea5m pin s\u1ebd h\u1ea5p th\u1ee5 \u00e1nh n\u1eafng m\u1eb7t tr\u1eddi v\u00e0 thu v\u1ec1 d\u00f2ng \u0111i\u1ec7n m\u1ed9t chi\u1ec1u DC. L\u00fac n\u00e0y ch\u1ee9c n\u0103ng c\u1ee7a <a href=\"https:\/\/vi.wikipedia.org\/wiki\/Bi%E1%BA%BFn_t%E1%BA%A7n\"><em><strong>b\u1ed9 bi\u1ebfn t\u1ea7n inverter<\/strong><\/em><\/a> l\u00e0 chuy\u1ec3n \u0111\u1ed5i d\u00f2ng \u0111i\u1ec7n 1 chi\u1ec1u \u0111\u00f3 th\u00e0nh d\u00f2ng \u0111i\u1ec7n xoay chi\u1ec1u. C\u00f9ng tu\u1ea7n s\u1ed1 v\u00e0 \u0111i\u1ec7n \u00e1p v\u1edbi d\u00f2ng \u0111i\u1ec7n qu\u1ed1c gia \u0111\u1ec3 c\u00f3 th\u1ec3 h\u00f2a chung l\u01b0\u1edbi \u0111i\u1ec7n. V\u00e0 cung c\u1ea5p cho c\u00e1c thi\u1ebft b\u1ecb \u0111i\u1ec7n trong gia \u0111\u00ecnh b\u1ea1n\u00a0<\/span><\/p>\n<p dir=\"ltr\"><span style=\"color: #000000; font-family: 'times new roman', times, serif; font-size: 18pt;\"><span style=\"color: #000000;\">Ngu\u1ed3n \u0111i\u1ec7n \u0111\u01b0\u1ee3c t\u1ea1o ra t\u1eeb h\u1ec7 th\u1ed1<\/span>ng<a href=\"https:\/\/vi.wikipedia.org\/wiki\/N%C4%83ng_l%C6%B0%E1%BB%A3ng_M%E1%BA%B7t_Tr%E1%BB%9Di\"> \u0111i\u1ec7n m\u1eb7t tr\u1eddi<\/a> s\u1ebd \u01b0u ti\u00ean s\u1eed d\u1ee5ng cho c\u00e1c thi\u1ebft b\u1ecb trong gia \u0111\u00ecnh. N\u1ebfu l\u01b0\u1ee3ng \u0111i\u1ec7n m\u1eb7t tr\u1eddi d\u01b0 s\u1ebd \u0111\u01b0\u1ee3c \u0111\u1ea9y l\u00ean l\u01b0\u1edbi \u0111i\u1ec7n qu\u1ed1c gia. Trong tr\u01b0\u1eddng h\u1ee3p ban \u0111\u00eam kh\u00f4ng c\u00f3 \u0111i\u1ec7n t\u1eeb h\u1ec7 th\u1ed1ng \u0111i\u1ec7n m\u1eb7t tr\u1eddi. Th\u00ec h\u1ec7 th\u1ed1ng s\u1ebd t\u1ef1 \u0111\u1ed9ng thu \u0111i\u1ec7n t\u1eeb \u0111i\u1ec7n l\u01b0\u1edbi qu\u1ed1c gia v\u1ec1 \u0111\u1ec3 cung c\u1ea5p cho c\u00e1c thi\u1ebft b\u1ecb \u0111i\u1ec7n trong gia \u0111\u00ecnh. N\u1ebfu h\u1ec7 th\u1ed1ng c\u00f3 l\u01b0u tr\u1eef th\u00ec b\u1ea1n v\u1eabn s\u1ebd c\u00f3 th\u1ec3 s\u1eed d\u1ee5ng \u0111i\u1ec7n m\u1eb7t tr\u1eddi v\u00e0o ban \u0111\u00eam. Tuy nhi\u00ean ph\u01b0\u01a1ng \u00e1n l\u1eafp d\u1ef1 tr\u1eef kh\u00f4ng \u0111\u01b0\u1ee3c \u01b0u ti\u00ean m\u1eb7c d\u00f9 nghe r\u1ea5t hi\u1ec7u qu\u1ea3. Nh\u01b0ng chi ph\u00ed \u0111\u1ea7u t\u01b0 cho m\u1ed9t h\u1ec7 th\u1ed1ng d\u1ef1 tr\u1eef kh\u00e1 cao. S\u1ebd l\u00e2u thu h\u1ed3i l\u1ea1i v\u1ed1n m\u00e0 hi\u1ec7u su\u1ea5t l\u1ea1i kh\u00f4ng cao nh\u01b0 b\u1ea1n t\u01b0\u1edfng t\u01b0\u1ee3ng<\/span><\/p>\n<p dir=\"ltr\"><span style=\"font-family: 'times new roman', times, serif; font-size: 18pt; color: #000000;\"><img loading=\"lazy\" decoding=\"async\" class=\" wp-image-4711 aligncenter\" src=\"http:\/\/tranthi.vn\/quangnam\/wp-content\/uploads\/2020\/01\/b\u1ed9-bi\u1ebfn-t\u1ea7n.jpg\" alt=\"bo-bien-tan-inverter-tai-da-nang\" width=\"529\" height=\"442\" \/><\/span><\/p>\n<p dir=\"ltr\" style=\"text-align: center;\"><span style=\"font-size: 18pt;\"><em><span style=\"font-family: 'times new roman', times, serif; color: #008080;\">B\u1ed9 ph\u1eadn quan tr\u1ecdng c\u1ee7a to\u00e0n b\u1ed9 h\u1ec7 th\u1ed1ng \u0111i\u1ec7n m\u1eb7t tr\u1eddi<\/span><\/em><\/span><\/p>\n<p dir=\"ltr\"><span style=\"font-family: 'times new roman', times, serif; font-size: 18pt; color: #000000;\">Bi\u1ebfn t\u1ea7n ho\u1ea1t \u0111\u1ed9ng ho\u00e0n to\u00e0n t\u1ef1 \u0111\u1ed9ng, to\u00e0n b\u1ed9 h\u1ec7 th\u1ed1ng s\u1ebd t\u1ef1 \u0111\u1ed9ng ng\u1eaft khi tr\u1eddi t\u1ed1i v\u00e0 ho\u1ea1t \u0111\u1ed9ng khi c\u00f3 n\u1eafng tr\u1edf l\u1ea1i. Ng\u01b0\u1eddi d\u00f9ng c\u00f3 th\u1ec3 theo d\u00f5i h\u00e0ng ng\u00e0y b\u1eb1ng \u0111i\u1ec7n tho\u1ea1i ho\u1eb7c m\u00e1y t\u00ednh. Theo d\u00f5i s\u1ea3n l\u01b0\u1ee3ng \u0111i\u1ec7n th\u1ef1c t\u1ebf h\u00e0ng ng\u00e0y, c\u00e1c s\u1ef1 c\u1ed1 v\u1ec1 \u0111i\u1ec7n c\u0169ng \u0111\u01b0\u1ee3c th\u00f4ng b\u00e1o \u0111\u1ebfn ng\u01b0\u1eddi s\u1eed d\u1ee5ng ngay khi x\u1ea3y ra.<\/span><\/p>\n<h3><span style=\"font-family: 'times new roman', times, serif; font-size: 18pt; color: #ff0000;\"><strong>2. <em>B\u1ed8 BI\u1ebeN T\u1ea6N INVERTER<\/em> H\u00d2A L\u01af\u1edaI 3KW\u00a0<\/strong><\/span><\/h3>\n<p><span style=\"font-family: 'times new roman', times, serif; font-size: 18pt; color: #000000;\"><strong><em>B\u1ed9 bi\u1ebfn t\u1ea7n inverter <\/em><\/strong>h\u00f2a l\u01b0\u1edbi 3kw th\u00edch h\u1ee3p cho nh\u1eefng h\u1ed9 gia \u0111\u00ecnh c\u00f3 s\u1ea3n l\u01b0\u1ee3ng \u0111i\u1ec7n ti\u00eau th\u1ecb kho\u1ea3ng 15kwh tr\u00ean ng\u00e0y. S\u1ea3n l\u01b0\u1ee3ng \u0111i\u1ec7n sinh ra h\u00e0ng th\u00e1ng giao \u0111\u1ed9ng t\u1eeb 372-420kwh. \u0110\u1ec3 l\u1eafp \u0111\u1eb7t h\u1ec7 th\u1ed1ng n\u00e0y b\u1ea1n s\u1ebd c\u1ea7n 20m2 s\u00e0n cho kho\u1ea3ng 8 t\u1ea5m pin n\u0103ng l\u01b0\u1ee3ng m\u1eb7t tr\u1eddi 385w<\/span><\/p>\n<h2 dir=\"ltr\" style=\"text-align: center;\"><span style=\"color: #ff0000; font-size: 18pt;\"><strong><span style=\"font-family: 'times new roman', times, serif;\"><img loading=\"lazy\" decoding=\"async\" class=\"alignnone size-full wp-image-4708\" src=\"http:\/\/tranthi.vn\/quangnam\/wp-content\/uploads\/2020\/01\/pin-mono.jpg\" alt=\"tam-pin-nang-luong-mat-troi-mono-385w\" width=\"500\" height=\"500\" \/><\/span><\/strong><\/span><\/h2>\n<p style=\"text-align: center;\"><span style=\"font-size: 18pt;\"><em><span style=\"font-family: 'times new roman', times, serif; color: #008080;\">Inverter 3kw s\u1ebd c\u1ea7n 8 t\u1ea5m pin Mono 385w<\/span><\/em><\/span><\/p>\n<h2 dir=\"ltr\" style=\"text-align: left;\"><span style=\"color: #ff0000; font-size: 18pt;\"><strong><span style=\"font-family: 'times new roman', times, serif;\">3. GI\u00c1 <\/span><\/strong><em><span style=\"font-family: 'times new roman', times, serif;\">B\u1ed8 BI\u1ebeN T\u1ea6N INVERTER<\/span><\/em><strong><span style=\"font-family: 'times new roman', times, serif;\"> H\u00d2A L\u01af\u1edaI\u00a0<\/span><\/strong><\/span><\/h2>\n<h3 dir=\"ltr\"><span style=\"font-family: 'times new roman', times, serif; font-size: 18pt; color: #000000;\"><strong>a) Inverter \u0111i\u1ec7n m\u1eb7t tr\u1eddi ch\u1ea5t l\u01b0\u1ee3ng cao<\/strong><\/span><\/h3>\n<p><span style=\"font-family: 'times new roman', times, serif; font-size: 18pt; color: #000000;\">C\u0169ng t\u01b0\u01a1ng t\u1ef1 nh\u01b0 <a href=\"http:\/\/tranthi.vn\/quangnam\/tam-pin-nang-luong-mat-troi-mono-385w\/\">t\u1ea5m pin n\u0103ng l\u01b0\u1ee3ng m\u1eb7t tr\u1eddi<\/a> t\u1ea1i <a href=\"https:\/\/vi.wikipedia.org\/wiki\/%C4%90%C3%A0_N%E1%BA%B5ng\">\u0110\u00e0 N\u1eb5ng<\/a> <strong><em>b\u1ed9 bi\u1ebfn t\u1ea7n inverter<\/em><\/strong> hi\u1ec7n c\u0169ng c\u00f3 r\u1ea5t nhi\u1ec1u \u0111\u01a1n v\u1ecb b\u00e1n. L\u00e0 m\u1ed9t b\u1ed9 ph\u1eadn quan tr\u1ecdng nh\u1ea5t trong to\u00e0n b\u1ed9 h\u1ec7 th\u1ed1ng n\u00ean kh\u00e1ch h\u00e0ng c\u1ea7n c\u00e2n nh\u1eafc k\u1ef9 l\u01b0\u1ee1ng. Kh\u00f4ng n\u00ean v\u00ec mu\u1ed1n ti\u1ebft ki\u1ec7m chi ph\u00ed m\u00e0 mua nh\u1eefng b\u1ed9 bi\u1ebfn t\u1ea7n kh\u00f4ng r\u00f5 ngu\u1ed3n g\u1ed1c xu\u1ea5t x\u1ee9. Kh\u00f4ng c\u00f3 gi\u1ea5y b\u1ea3o h\u00e0nh v\u00e0 \u0111\u1ea3m b\u1ea3o ch\u1ea5t l\u01b0\u1ee3ng \u0111\u1ea1t ti\u00eau chu\u1ea9n<\/span><\/p>\n<p><span style=\"font-family: 'times new roman', times, serif; font-size: 18pt; color: #000000;\">gi\u00e1 m\u1ed9t b\u1ed9 bi\u1ebfn t\u1ea7n c\u1ee7a nh\u1eefng th\u01b0\u01a1ng hi\u1ec7u s\u1ebd c\u00f3 gi\u00e1 giao \u0111\u1ed9ng nh\u01b0 sau<\/span><\/p>\n<ul>\n<li dir=\"ltr\">\n<p dir=\"ltr\"><span style=\"font-family: 'times new roman', times, serif; font-size: 18pt; color: #000000;\">SolarX: c\u00f3 gi\u00e1 t\u1eeb <span style=\"color: #ff0000;\">16.600.000 &#8211; 35.200.000<\/span> \u0111\u1ed3ng.<\/span><\/p>\n<\/li>\n<li dir=\"ltr\">\n<p dir=\"ltr\"><span style=\"font-family: 'times new roman', times, serif; font-size: 18pt; color: #000000;\">SMA: <span style=\"color: #ff0000;\">41.800.000 &#8211; 219.000.000<\/span> \u0111\u1ed3ng<\/span><\/p>\n<\/li>\n<li dir=\"ltr\">\n<p dir=\"ltr\"><span style=\"font-family: 'times new roman', times, serif; font-size: 18pt; color: #000000;\">SolaEdge: t\u1eeb <span style=\"color: #ff0000;\">10.650.000 &#8211; 63.940.000<\/span> \u0111\u1ed3ng<\/span><\/p>\n<\/li>\n<li dir=\"ltr\">\n<p dir=\"ltr\"><span style=\"font-family: 'times new roman', times, serif; font-size: 18pt; color: #000000;\">Fronius: t\u1eeb <span style=\"color: #ff0000;\">42.800.000 &#8211; 123.000.0000<\/span> \u0111\u1ed3ng<\/span><\/p>\n<\/li>\n<\/ul>\n<h3><span style=\"font-family: 'times new roman', times, serif; font-size: 18pt; color: #000000;\"><strong>b) Inverter h\u00f2a l\u01b0\u1edbi gi\u00e1 r\u1ebb<\/strong><\/span><\/h3>\n<p><span style=\"font-family: 'times new roman', times, serif; font-size: 18pt; color: #000000;\">Inverter h\u00f2a l\u01b0\u1edbi gi\u00e1 r\u1ebb s\u1ebd l\u00e0m \u1ea3nh h\u01b0\u1edfng r\u1ea5t l\u1edbn \u0111\u1ebfn to\u00e0n b\u1ed9 h\u1ec7 th\u1ed1ng \u0111i\u1ec7n m\u1eb7t tr\u1eddi nh\u00e0 b\u1ea1n. N\u00f3 s\u1ebd l\u00e0m gi\u1ea3m hi\u1ec7u su\u1ea5t c\u1ee7a to\u00e0n h\u1ec7 th\u1ed1ng, gi\u1ea3m tu\u1ed5i th\u1ecd c\u1ee7a c\u00e1c thi\u1ebft b\u1ecb \u0111i\u1ec7n. L\u00e0m hao ph\u00ed \u0111i\u1ec7n n\u0103ng, v\u00e0 s\u1ebd x\u1ea3y ra h\u01b0 h\u1ecfng khi\u1ebfn b\u1ea1n m\u1ea5t th\u1eddi gian v\u00e0 m\u1ea5t ti\u1ec1n b\u1ea1c<\/span><\/p>\n","protected":false},"excerpt":{"rendered":"<ul>\n<li><span style=\"font-family: 'times new roman', times, serif; font-size: 18pt; color: #000000;\">Gi\u00e1 b\u1ed9 bi\u1ebfn t\u1ea7n inverter: <span style=\"color: #ff0000;\">12.000.000<\/span><\/span><\/li>\n<li><span style=\"font-family: 'times new roman', times, serif; font-size: 18pt; color: #000000;\">B\u1ea3o h\u00e0nh 5 n\u0103m<\/span><\/li>\n<li><span style=\"font-family: 'times new roman', times, serif; font-size: 18pt;\">Gi\u00e1 b\u00e1n t\u1ea1i<a href=\"https:\/\/www.baodanang.vn\/\"><em><strong> \u0110\u00e0 N\u1eb5ng<\/strong><\/em><\/a>,<a href=\"https:\/\/vi.wikipedia.org\/wiki\/H%E1%BB%99i_An\"><em><strong> H\u1ed9i an<\/strong><\/em><\/a><\/span><\/li>\n<\/ul>\n","protected":false},"featured_media":1558,"comment_status":"open","ping_status":"closed","template":"","meta":[],"product_cat":[214],"product_tag":[],"class_list":{"0":"post-1559","1":"product","2":"type-product","3":"status-publish","4":"has-post-thumbnail","6":"product_cat-dien-mat-troi","8":"first","9":"instock","10":"sale","11":"shipping-taxable","12":"purchasable","13":"product-type-simple"},"yoast_head":"<!-- This site is optimized with the Yoast SEO Premium plugin v22.3 (Yoast SEO v22.8) - https:\/\/yoast.com\/wordpress\/plugins\/seo\/ -->\n<title>Gi\u00e1 b\u1ed9 bi\u1ebfn t\u1ea7n inverter 3kw t\u1ea1i \u0110\u00e0 n\u1eb5ng - 0903.595.049<\/title>\n<meta name=\"description\" content=\"Tr\u1ea7n Th\u1ecb - chuy\u00ean l\u1eafp \u0111\u1eb7t h\u1ec7 th\u1ed1ng \u0111i\u1ec7n m\u1eb7t tr\u1eddi t\u1ea1i \u0110\u00e0 N\u1eb5ng, cung c\u1ea5p b\u1ed9 bi\u1ebfn t\u1ea7n inverter 3kw v\u00e0 t\u1ea5m pin n\u0103ng l\u01b0\u1ee3ng m\u1eb7t tr\u1eddi mono ch\u1ea5t l\u01b0\u1ee3ng cao\" \/>\n<meta name=\"robots\" content=\"index, follow, max-snippet:-1, max-image-preview:large, max-video-preview:-1\" \/>\n<link rel=\"canonical\" href=\"https:\/\/tranthi.vn\/hatinh\/bo-bien-tan-inverter-tai-da-nang\/\" \/>\n<meta property=\"og:locale\" content=\"vi_VN\" \/>\n<meta property=\"og:type\" content=\"article\" \/>\n<meta property=\"og:title\" content=\"B\u1ed9 Bi\u1ebfn T\u1ea7n Inverter\" \/>\n<meta property=\"og:description\" content=\"Tr\u1ea7n Th\u1ecb - chuy\u00ean l\u1eafp \u0111\u1eb7t h\u1ec7 th\u1ed1ng \u0111i\u1ec7n m\u1eb7t tr\u1eddi t\u1ea1i \u0110\u00e0 N\u1eb5ng, cung c\u1ea5p b\u1ed9 bi\u1ebfn t\u1ea7n inverter 3kw v\u00e0 t\u1ea5m pin n\u0103ng l\u01b0\u1ee3ng m\u1eb7t tr\u1eddi mono ch\u1ea5t l\u01b0\u1ee3ng cao\" \/>\n<meta property=\"og:url\" content=\"https:\/\/tranthi.vn\/hatinh\/bo-bien-tan-inverter-tai-da-nang\/\" \/>\n<meta property=\"og:site_name\" content=\"V\u1eadt Li\u1ec7u X\u00e2y D\u1ef1ng Tr\u1ea7n Th\u1ecb Chi Nh\u00e1nh H\u00e0 T\u0129nh\" \/>\n<meta property=\"article:modified_time\" content=\"2024-02-25T01:44:06+00:00\" \/>\n<meta property=\"og:image\" content=\"https:\/\/tranthi.vn\/hatinh\/wp-content\/uploads\/2021\/02\/bo-bien-tan.jpg\" \/>\n\t<meta property=\"og:image:width\" content=\"800\" \/>\n\t<meta property=\"og:image:height\" content=\"755\" \/>\n\t<meta property=\"og:image:type\" content=\"image\/jpeg\" \/>\n<meta name=\"twitter:card\" content=\"summary_large_image\" \/>\n<meta name=\"twitter:label1\" content=\"Gi\u00e1\" \/>\n\t<meta name=\"twitter:data1\" content=\"12,000,000&nbsp;&#8363;\" \/>\n\t<meta name=\"twitter:label2\" content=\"Kh\u1ea3 d\u1ee5ng\" \/>\n\t<meta name=\"twitter:data2\" content=\"Trong kho\" \/>\n<script type=\"application\/ld+json\" class=\"yoast-schema-graph\">{\"@context\":\"https:\/\/schema.org\",\"@graph\":[{\"@type\":[\"WebPage\",\"ItemPage\"],\"@id\":\"https:\/\/tranthi.vn\/hatinh\/bo-bien-tan-inverter-tai-da-nang\/\",\"url\":\"https:\/\/tranthi.vn\/hatinh\/bo-bien-tan-inverter-tai-da-nang\/\",\"name\":\"Gi\u00e1 b\u1ed9 bi\u1ebfn t\u1ea7n inverter 3kw t\u1ea1i \u0110\u00e0 n\u1eb5ng - 0903.595.049\",\"isPartOf\":{\"@id\":\"https:\/\/tranthi.vn\/hatinh\/#website\"},\"primaryImageOfPage\":{\"@id\":\"https:\/\/tranthi.vn\/hatinh\/bo-bien-tan-inverter-tai-da-nang\/#primaryimage\"},\"image\":{\"@id\":\"https:\/\/tranthi.vn\/hatinh\/bo-bien-tan-inverter-tai-da-nang\/#primaryimage\"},\"thumbnailUrl\":\"https:\/\/tranthi.vn\/hatinh\/wp-content\/uploads\/2021\/02\/bo-bien-tan.jpg\",\"datePublished\":\"2021-02-18T13:30:44+00:00\",\"dateModified\":\"2024-02-25T01:44:06+00:00\",\"description\":\"Tr\u1ea7n Th\u1ecb - chuy\u00ean l\u1eafp \u0111\u1eb7t h\u1ec7 th\u1ed1ng \u0111i\u1ec7n m\u1eb7t tr\u1eddi t\u1ea1i \u0110\u00e0 N\u1eb5ng, cung c\u1ea5p b\u1ed9 bi\u1ebfn t\u1ea7n inverter 3kw v\u00e0 t\u1ea5m pin n\u0103ng l\u01b0\u1ee3ng m\u1eb7t tr\u1eddi mono ch\u1ea5t l\u01b0\u1ee3ng cao\",\"breadcrumb\":{\"@id\":\"https:\/\/tranthi.vn\/hatinh\/bo-bien-tan-inverter-tai-da-nang\/#breadcrumb\"},\"inLanguage\":\"vi\",\"potentialAction\":[{\"@type\":\"ReadAction\",\"target\":[\"https:\/\/tranthi.vn\/hatinh\/bo-bien-tan-inverter-tai-da-nang\/\"]}]},{\"@type\":\"ImageObject\",\"inLanguage\":\"vi\",\"@id\":\"https:\/\/tranthi.vn\/hatinh\/bo-bien-tan-inverter-tai-da-nang\/#primaryimage\",\"url\":\"https:\/\/tranthi.vn\/hatinh\/wp-content\/uploads\/2021\/02\/bo-bien-tan.jpg\",\"contentUrl\":\"https:\/\/tranthi.vn\/hatinh\/wp-content\/uploads\/2021\/02\/bo-bien-tan.jpg\",\"width\":800,\"height\":755},{\"@type\":\"BreadcrumbList\",\"@id\":\"https:\/\/tranthi.vn\/hatinh\/bo-bien-tan-inverter-tai-da-nang\/#breadcrumb\",\"itemListElement\":[{\"@type\":\"ListItem\",\"position\":1,\"name\":\"Trang ch\u1ee7\",\"item\":\"https:\/\/tranthi.vn\/hatinh\/\"},{\"@type\":\"ListItem\",\"position\":2,\"name\":\"Shop\",\"item\":\"https:\/\/tranthi.vn\/hatinh\/shop\/\"},{\"@type\":\"ListItem\",\"position\":3,\"name\":\"B\u1ed9 Bi\u1ebfn T\u1ea7n Inverter\"}]},{\"@type\":\"WebSite\",\"@id\":\"https:\/\/tranthi.vn\/hatinh\/#website\",\"url\":\"https:\/\/tranthi.vn\/hatinh\/\",\"name\":\"V\u1eadt Li\u1ec7u X\u00e2y D\u1ef1ng Tr\u1ea7n Th\u1ecb Chi Nh\u00e1nh H\u00e0 T\u0129nh\",\"description\":\"V\u1eadt Li\u1ec7u X\u00e2y D\u1ef1ng - H\u00e0 T\u0129nh\",\"potentialAction\":[{\"@type\":\"SearchAction\",\"target\":{\"@type\":\"EntryPoint\",\"urlTemplate\":\"https:\/\/tranthi.vn\/hatinh\/?s={search_term_string}\"},\"query-input\":\"required name=search_term_string\"}],\"inLanguage\":\"vi\"},{\"@type\":\"ImageObject\",\"inLanguage\":\"vi\",\"@id\":\"https:\/\/tranthi.vn\/hatinh\/bo-bien-tan-inverter-tai-da-nang\/#local-main-organization-logo\",\"url\":\"\",\"contentUrl\":\"\",\"caption\":\"V\u1eadt Li\u1ec7u X\u00e2y D\u1ef1ng Tr\u1ea7n Th\u1ecb Chi Nh\u00e1nh H\u00e0 T\u0129nh\"}]}<\/script>\n<meta property=\"product:price:amount\" content=\"12000000\" \/>\n<meta property=\"product:price:currency\" content=\"VND\" \/>\n<meta property=\"og:availability\" content=\"instock\" \/>\n<meta property=\"product:availability\" content=\"instock\" \/>\n<meta property=\"product:condition\" content=\"new\" \/>\n<!-- \/ Yoast SEO Premium plugin. -->","yoast_head_json":{"title":"Gi\u00e1 b\u1ed9 bi\u1ebfn t\u1ea7n inverter 3kw t\u1ea1i \u0110\u00e0 n\u1eb5ng - 0903.595.049","description":"Tr\u1ea7n Th\u1ecb - chuy\u00ean l\u1eafp \u0111\u1eb7t h\u1ec7 th\u1ed1ng \u0111i\u1ec7n m\u1eb7t tr\u1eddi t\u1ea1i \u0110\u00e0 N\u1eb5ng, cung c\u1ea5p b\u1ed9 bi\u1ebfn t\u1ea7n inverter 3kw v\u00e0 t\u1ea5m pin n\u0103ng l\u01b0\u1ee3ng m\u1eb7t tr\u1eddi mono ch\u1ea5t l\u01b0\u1ee3ng cao","robots":{"index":"index","follow":"follow","max-snippet":"max-snippet:-1","max-image-preview":"max-image-preview:large","max-video-preview":"max-video-preview:-1"},"canonical":"https:\/\/tranthi.vn\/hatinh\/bo-bien-tan-inverter-tai-da-nang\/","og_locale":"vi_VN","og_type":"article","og_title":"B\u1ed9 Bi\u1ebfn T\u1ea7n Inverter","og_description":"Tr\u1ea7n Th\u1ecb - chuy\u00ean l\u1eafp \u0111\u1eb7t h\u1ec7 th\u1ed1ng \u0111i\u1ec7n m\u1eb7t tr\u1eddi t\u1ea1i \u0110\u00e0 N\u1eb5ng, cung c\u1ea5p b\u1ed9 bi\u1ebfn t\u1ea7n inverter 3kw v\u00e0 t\u1ea5m pin n\u0103ng l\u01b0\u1ee3ng m\u1eb7t tr\u1eddi mono ch\u1ea5t l\u01b0\u1ee3ng cao","og_url":"https:\/\/tranthi.vn\/hatinh\/bo-bien-tan-inverter-tai-da-nang\/","og_site_name":"V\u1eadt Li\u1ec7u X\u00e2y D\u1ef1ng Tr\u1ea7n Th\u1ecb Chi Nh\u00e1nh H\u00e0 T\u0129nh","article_modified_time":"2024-02-25T01:44:06+00:00","og_image":[{"width":800,"height":755,"url":"https:\/\/tranthi.vn\/hatinh\/wp-content\/uploads\/2021\/02\/bo-bien-tan.jpg","type":"image\/jpeg"}],"twitter_card":"summary_large_image","twitter_misc":{"Gi\u00e1":"12,000,000&nbsp;&#8363;","Kh\u1ea3 d\u1ee5ng":"Trong kho"},"schema":{"@context":"https:\/\/schema.org","@graph":[{"@type":["WebPage","ItemPage"],"@id":"https:\/\/tranthi.vn\/hatinh\/bo-bien-tan-inverter-tai-da-nang\/","url":"https:\/\/tranthi.vn\/hatinh\/bo-bien-tan-inverter-tai-da-nang\/","name":"Gi\u00e1 b\u1ed9 bi\u1ebfn t\u1ea7n inverter 3kw t\u1ea1i \u0110\u00e0 n\u1eb5ng - 0903.595.049","isPartOf":{"@id":"https:\/\/tranthi.vn\/hatinh\/#website"},"primaryImageOfPage":{"@id":"https:\/\/tranthi.vn\/hatinh\/bo-bien-tan-inverter-tai-da-nang\/#primaryimage"},"image":{"@id":"https:\/\/tranthi.vn\/hatinh\/bo-bien-tan-inverter-tai-da-nang\/#primaryimage"},"thumbnailUrl":"https:\/\/tranthi.vn\/hatinh\/wp-content\/uploads\/2021\/02\/bo-bien-tan.jpg","datePublished":"2021-02-18T13:30:44+00:00","dateModified":"2024-02-25T01:44:06+00:00","description":"Tr\u1ea7n Th\u1ecb - chuy\u00ean l\u1eafp \u0111\u1eb7t h\u1ec7 th\u1ed1ng \u0111i\u1ec7n m\u1eb7t tr\u1eddi t\u1ea1i \u0110\u00e0 N\u1eb5ng, cung c\u1ea5p b\u1ed9 bi\u1ebfn t\u1ea7n inverter 3kw v\u00e0 t\u1ea5m pin n\u0103ng l\u01b0\u1ee3ng m\u1eb7t tr\u1eddi mono ch\u1ea5t l\u01b0\u1ee3ng cao","breadcrumb":{"@id":"https:\/\/tranthi.vn\/hatinh\/bo-bien-tan-inverter-tai-da-nang\/#breadcrumb"},"inLanguage":"vi","potentialAction":[{"@type":"ReadAction","target":["https:\/\/tranthi.vn\/hatinh\/bo-bien-tan-inverter-tai-da-nang\/"]}]},{"@type":"ImageObject","inLanguage":"vi","@id":"https:\/\/tranthi.vn\/hatinh\/bo-bien-tan-inverter-tai-da-nang\/#primaryimage","url":"https:\/\/tranthi.vn\/hatinh\/wp-content\/uploads\/2021\/02\/bo-bien-tan.jpg","contentUrl":"https:\/\/tranthi.vn\/hatinh\/wp-content\/uploads\/2021\/02\/bo-bien-tan.jpg","width":800,"height":755},{"@type":"BreadcrumbList","@id":"https:\/\/tranthi.vn\/hatinh\/bo-bien-tan-inverter-tai-da-nang\/#breadcrumb","itemListElement":[{"@type":"ListItem","position":1,"name":"Trang ch\u1ee7","item":"https:\/\/tranthi.vn\/hatinh\/"},{"@type":"ListItem","position":2,"name":"Shop","item":"https:\/\/tranthi.vn\/hatinh\/shop\/"},{"@type":"ListItem","position":3,"name":"B\u1ed9 Bi\u1ebfn T\u1ea7n Inverter"}]},{"@type":"WebSite","@id":"https:\/\/tranthi.vn\/hatinh\/#website","url":"https:\/\/tranthi.vn\/hatinh\/","name":"V\u1eadt Li\u1ec7u X\u00e2y D\u1ef1ng Tr\u1ea7n Th\u1ecb Chi Nh\u00e1nh H\u00e0 T\u0129nh","description":"V\u1eadt Li\u1ec7u X\u00e2y D\u1ef1ng - H\u00e0 T\u0129nh","potentialAction":[{"@type":"SearchAction","target":{"@type":"EntryPoint","urlTemplate":"https:\/\/tranthi.vn\/hatinh\/?s={search_term_string}"},"query-input":"required name=search_term_string"}],"inLanguage":"vi"},{"@type":"ImageObject","inLanguage":"vi","@id":"https:\/\/tranthi.vn\/hatinh\/bo-bien-tan-inverter-tai-da-nang\/#local-main-organization-logo","url":"","contentUrl":"","caption":"V\u1eadt Li\u1ec7u X\u00e2y D\u1ef1ng Tr\u1ea7n Th\u1ecb Chi Nh\u00e1nh H\u00e0 T\u0129nh"}]},"product_price_amount":"12000000","product_price_currency":"VND","og_availability":"instock","product_availability":"instock","product_condition":"new"},"_links":{"self":[{"href":"https:\/\/tranthi.vn\/hatinh\/wp-json\/wp\/v2\/product\/1559","targetHints":{"allow":["GET"]}}],"collection":[{"href":"https:\/\/tranthi.vn\/hatinh\/wp-json\/wp\/v2\/product"}],"about":[{"href":"https:\/\/tranthi.vn\/hatinh\/wp-json\/wp\/v2\/types\/product"}],"replies":[{"embeddable":true,"href":"https:\/\/tranthi.vn\/hatinh\/wp-json\/wp\/v2\/comments?post=1559"}],"wp:featuredmedia":[{"embeddable":true,"href":"https:\/\/tranthi.vn\/hatinh\/wp-json\/wp\/v2\/media\/1558"}],"wp:attachment":[{"href":"https:\/\/tranthi.vn\/hatinh\/wp-json\/wp\/v2\/media?parent=1559"}],"wp:term":[{"taxonomy":"product_cat","embeddable":true,"href":"https:\/\/tranthi.vn\/hatinh\/wp-json\/wp\/v2\/product_cat?post=1559"},{"taxonomy":"product_tag","embeddable":true,"href":"https:\/\/tranthi.vn\/hatinh\/wp-json\/wp\/v2\/product_tag?post=1559"}],"curies":[{"name":"wp","href":"https:\/\/api.w.org\/{rel}","templated":true}]}}