{"id":1553,"date":"2021-02-18T13:30:10","date_gmt":"2021-02-18T06:30:10","guid":{"rendered":"http:\/\/new-tranthi.test\/san-pham\/xi-mang-dong-lam-pc40\/"},"modified":"2024-07-29T15:22:52","modified_gmt":"2024-07-29T08:22:52","slug":"gia-xi-mang-dong-lam-pc40-ha-tinh","status":"publish","type":"product","link":"https:\/\/tranthi.vn\/hatinh\/gia-xi-mang-dong-lam-pc40-ha-tinh\/","title":{"rendered":"Xi M\u0103ng \u0110\u1ed3ng L\u00e2m PCB40"},"content":{"rendered":"<p><span style=\"font-size: 130%; font-family: 'times new roman', times, serif;\"><strong>C\u00f4ng ty xi m\u0103ng \u0110\u1ed3ng L\u00e2m<\/strong>\u00a0l\u00e0 c\u00f4ng ty chuy\u00ean s\u1ea3n xu\u1ea5t xi m\u0103ng v\u1edbi nhi\u1ec1u th\u01b0\u01a1ng hi\u1ec7u kh\u00e1c nhau nh\u01b0ng c\u00f9ng t\u1ea1o n\u00ean danh ti\u1ebfng cho \u0110\u1ed3ng L\u00e2m. C\u00f4ng ty \u0111\u01b0\u1ee3c h\u00ecnh th\u00e0nh v\u00e0 ph\u00e1t tri\u1ec3n qua nhi\u1ec1u n\u0103m kinh nghi\u1ec7m v\u1edbi \u0111\u1ed9i ng\u0169 c\u00f4ng nh\u00e2n vi\u00ean nhi\u1ec7t huy\u1ebft \u0111\u00e3 mang \u0111\u1ebfn nhi\u1ec1u s\u1ea3n ph\u1ea9m t\u1ed1t cho ng\u01b0\u1eddi ti\u00eau d\u00f9ng tr\u00ean c\u1ea3 n\u01b0\u1edbc.<\/span><\/p>\n<p><span style=\"font-size: 130%; font-family: 'times new roman', times, serif;\">&#8211; Xi m\u0103ng l\u00e0 lo\u1ea1i b\u1ed9t k\u1ebft d\u00ednh \u0111\u01b0\u1ee3c tr\u1ed9n v\u1edbi n\u01b0\u1edbc t\u1ea1o th\u00e0nh h\u1ed3 d\u1ea7u ho\u1eb7c ch\u00fang \u0111\u01b0\u1ee3c tr\u1ed9n v\u1edbi c\u00e1t, \u0111\u00e1\u2026 \u0111\u1ec3 t\u1ea1o ra v\u1eefa x\u00e2y d\u1ef1ng, b\u00ea t\u00f4ng ch\u1ea5t l\u01b0\u1ee3ng cao cho m\u1ecdi c\u00f4ng tr\u00ecnh.<\/span><\/p>\n<p><span style=\"font-size: 130%; font-family: 'times new roman', times, serif;\">&#8211; xi m\u0103ng PC40 \u0110\u1ed3ng L\u00e2m c\u00f2n l\u00e0 s\u1ea3n ph\u1ea9m chuy\u00ean d\u1ee5ng \u0111\u1ec3 thi c\u00f4ng c\u00e1c c\u00f4ng tr\u00ecnh nh\u00e0 cao t\u1ea7ng, cao \u1ed1c v\u0103n ph\u00f2ng\u2026 V\u1edbi \u0111\u1eb7c t\u00ednh xi m\u0103ng lu\u00f4n \u0111\u1ea1t ti\u00eau chu\u1ea9n v\u00e0 \u0111\u1ed9 b\u00e1m d\u00ednh cao t\u1ea1i c\u00e1c c\u00f4ng tr\u00ecnh lu\u00f4n c\u00f3 m\u1eb7t xi m\u0103ng.<\/span><\/p>\n<p><span style=\"font-size: 130%; font-family: 'times new roman', times, serif;\">&#8211; L\u00e0 m\u1eabu xi m\u0103ng d\u00e2n d\u1ee5ng th\u01b0\u1eddng \u0111\u01b0\u1ee3c s\u1eed d\u1ee5ng cho c\u00e1c c\u00f4ng tr\u00ecnh d\u00e2n d\u1ee5ng ho\u1eb7c x\u00e2y d\u1ef1ng c\u1ea7u, \u0111\u01b0\u1eddng, m\u01b0\u01a1ng, m\u00e1ng\u2026 V\u1edbi m\u1ee9c gi\u00e1 c\u1ee7a lo\u1ea1i v\u1eadt li\u1ec7u n\u00e0y ph\u00f9 h\u1ee3p \u0111\u1ec3 b\u1ea1n x\u00e2y d\u1ef1ng c\u00e1c c\u00f4ng tr\u00ecnh c\u1ee7a ch\u00ednh m\u00ecnh.<\/span><\/p>\n<p><span style=\"font-size: 130%; font-family: 'times new roman', times, serif;\">C\u1eeda h\u00e0ng ch\u00fang t\u00f4i lu\u00f4n c\u1eadp nh\u1eadt gi\u00e1 v\u1eadt li\u1ec7u x\u00e2y d\u1ef1ng h\u00e0ng ng\u00e0y. T\u1ea1i \u0111\u00e2y b\u1ea1n c\u00f3 th\u1ec3 tham kh\u1ea3o c\u00e1c m\u1eb7t h\u00e0ng v\u1edbi \u0111a d\u1ea1ng s\u1ea3n ph\u1ea9m v\u00e0 gi\u00e1 c\u1ea3. B\u1ea1n ho\u00e0n to\u00e0n y\u00ean t\u00e2m v\u1ec1 ch\u1ea5t l\u01b0\u1ee3ng m\u1ecdi d\u1ecbch v\u1ee5 t\u1eeb ch\u00fang t\u00f4i. V\u00ec m\u1ed9t n\u1ec1n x\u00e2y d\u1ef1ng s\u1ed1 lu\u00f4n th\u1ea5u hi\u1ec3u v\u00e0 c\u1ed1ng hi\u1ebfn h\u1ebft m\u00ecnh v\u00ec c\u00e1c b\u1ea1n tr\u00ean kh\u1eafp m\u1ecdi mi\u1ec1n<\/span><\/p>\n","protected":false},"excerpt":{"rendered":"<p><span style=\"font-size: 130%; color: #000000; font-family: 'times new roman', times, serif;\"><strong>\ud83e\udd70\u01afu \u0111i\u1ec3m:<\/strong><\/span><\/p>\n<p><span style=\"font-size: 130%; color: #000000; font-family: 'times new roman', times, serif;\">S\u1ea3n ph\u1ea9m c\u00f3 \u0111\u1ed9 m\u1ecbn, d\u1ebbo dai v\u00e0 \u0111\u1ed9 b\u00e1m d\u00ednh cao.<\/span><\/p>\n<p><span style=\"font-family: 'times new roman', times, serif; font-size: 130%; color: #000000;\">Giao h\u00e0ng trong \u0111\u1ecba b\u00e0n <a href=\"https:\/\/vi.wikipedia.org\/wiki\/H%C3%A0_T%C4%A9nh\">H\u00e0 T\u0129nh<\/a><\/span><\/p>\n<p><span style=\"font-family: 'times new roman', times, serif; font-size: 130%; color: #000000;\"><strong> \ud83e\udd70\u0110\u01a1n<\/strong> <a style=\"color: #000000;\" href=\"https:\/\/tranthi.vn\/quangnam\/xi-mang-dong-lam-pc40\/\"><strong>gi\u00e1 xi m\u0103ng \u0110\u1ed3ng L\u00e2m pcb40<\/strong><\/a> : <span style=\"color: #ff0000;\"><strong>1.900.000\/t\u1ea5n\u00a0<\/strong><\/span><\/span><\/p>\n<p><span style=\"font-family: 'times new roman', times, serif; font-size: 130%;\"><strong><em>\ud83e\udd70\u0110\u01a1n gi\u00e1 tr\u00ean ch\u1ec9 mang t\u00ednh ch\u1ea5t tham kh\u1ea3o. Gi\u00e1 c\u00f3 th\u1ec3 thay \u0111\u1ed5i theo t\u1eebng th\u1eddi \u0111i\u1ec3m.<\/em><\/strong><\/span><\/p>\n<p><span style=\"font-size: 130%; color: #0000ff; font-family: 'times new roman', times, serif;\"><em>\u0110\u01a1n gi\u00e1 tr\u00ean \u00e1p d\u1ee5ng t\u1eeb 5 t\u1ea5n tr\u1edf l\u00ean, t\u00f9y thu\u1ed9c v\u00e0o khu v\u1ef1c nh\u1eadn h\u00e0ng s\u1ebd c\u00f3 th\u00eam ph\u00ed v\u1eadn chuy\u1ec3n. D\u01b0\u1edbi 5 t\u1ea5n vui l\u00f2ng li\u00ean h\u1ec7 s\u1ed1 hotline: 0947335871<\/em><\/span><\/p>\n<p><span style=\"font-size: 130%; color: #0000ff; font-family: 'times new roman', times, serif;\"><em>Kh\u00f4ng bao g\u1ed3m h\u00f3a \u0111\u01a1n vat<\/em><\/span><\/p>\n","protected":false},"featured_media":1552,"comment_status":"open","ping_status":"closed","template":"","meta":[],"product_cat":[203,208,416],"product_tag":[],"class_list":{"0":"post-1553","1":"product","2":"type-product","3":"status-publish","4":"has-post-thumbnail","6":"product_cat-vat-lieu-xay-dung","7":"product_cat-xi-mang","8":"product_cat-xi-mang-dong-lam","10":"first","11":"instock","12":"sale","13":"shipping-taxable","14":"purchasable","15":"product-type-simple"},"yoast_head":"<!-- This site is optimized with the Yoast SEO Premium plugin v22.3 (Yoast SEO v22.8) - https:\/\/yoast.com\/wordpress\/plugins\/seo\/ -->\n<title>Gi\u00e1 xi m\u0103ng \u0110\u1ed3ng L\u00e2m pc40 t\u1ea1i Qu\u1ea3ng Nam-0947.335.871<\/title>\n<meta name=\"description\" content=\"Tr\u1ea7n Th\u1ecb l\u00e0 nh\u00e0 cung c\u1ea5p xi m\u0103ng \u0110\u1ed3ng L\u00e2m pc40 gi\u00e1 r\u1ebb nh\u1ea5t Qu\u1ea3ng Nam-0947.335.871. Ph\u1ee5c v\u1ee5 t\u1eadn ch\u00e2n c\u00f4ng tr\u00ecnh v\u1edbi gi\u00e1 r\u1ebb nh\u1ea5t th\u1ecb tr\u01b0\u1eddng\" \/>\n<meta name=\"robots\" content=\"index, follow, max-snippet:-1, max-image-preview:large, max-video-preview:-1\" \/>\n<link rel=\"canonical\" href=\"https:\/\/tranthi.vn\/hatinh\/gia-xi-mang-dong-lam-pc40-ha-tinh\/\" \/>\n<meta property=\"og:locale\" content=\"vi_VN\" \/>\n<meta property=\"og:type\" content=\"article\" \/>\n<meta property=\"og:title\" content=\"Xi M\u0103ng \u0110\u1ed3ng L\u00e2m PCB40\" \/>\n<meta property=\"og:description\" content=\"Tr\u1ea7n Th\u1ecb l\u00e0 nh\u00e0 cung c\u1ea5p xi m\u0103ng \u0110\u1ed3ng L\u00e2m pc40 gi\u00e1 r\u1ebb nh\u1ea5t Qu\u1ea3ng Nam-0947.335.871. Ph\u1ee5c v\u1ee5 t\u1eadn ch\u00e2n c\u00f4ng tr\u00ecnh v\u1edbi gi\u00e1 r\u1ebb nh\u1ea5t th\u1ecb tr\u01b0\u1eddng\" \/>\n<meta property=\"og:url\" content=\"https:\/\/tranthi.vn\/hatinh\/gia-xi-mang-dong-lam-pc40-ha-tinh\/\" \/>\n<meta property=\"og:site_name\" content=\"V\u1eadt Li\u1ec7u X\u00e2y D\u1ef1ng Tr\u1ea7n Th\u1ecb Chi Nh\u00e1nh H\u00e0 T\u0129nh\" \/>\n<meta property=\"article:modified_time\" content=\"2024-07-29T08:22:52+00:00\" \/>\n<meta property=\"og:image\" content=\"https:\/\/tranthi.vn\/hatinh\/wp-content\/uploads\/2021\/02\/dong-lam-po-300x300-1.jpg\" \/>\n\t<meta property=\"og:image:width\" content=\"300\" \/>\n\t<meta property=\"og:image:height\" content=\"300\" \/>\n\t<meta property=\"og:image:type\" content=\"image\/jpeg\" \/>\n<meta name=\"twitter:card\" content=\"summary_large_image\" \/>\n<meta name=\"twitter:label1\" content=\"Gi\u00e1\" \/>\n\t<meta name=\"twitter:data1\" content=\"1,900,000&nbsp;&#8363;\" \/>\n\t<meta name=\"twitter:label2\" content=\"Kh\u1ea3 d\u1ee5ng\" \/>\n\t<meta name=\"twitter:data2\" content=\"Trong kho\" \/>\n<script type=\"application\/ld+json\" class=\"yoast-schema-graph\">{\"@context\":\"https:\/\/schema.org\",\"@graph\":[{\"@type\":[\"WebPage\",\"ItemPage\"],\"@id\":\"https:\/\/tranthi.vn\/hatinh\/gia-xi-mang-dong-lam-pc40-ha-tinh\/\",\"url\":\"https:\/\/tranthi.vn\/hatinh\/gia-xi-mang-dong-lam-pc40-ha-tinh\/\",\"name\":\"Gi\u00e1 xi m\u0103ng \u0110\u1ed3ng L\u00e2m pc40 t\u1ea1i Qu\u1ea3ng Nam-0947.335.871\",\"isPartOf\":{\"@id\":\"https:\/\/tranthi.vn\/hatinh\/#website\"},\"primaryImageOfPage\":{\"@id\":\"https:\/\/tranthi.vn\/hatinh\/gia-xi-mang-dong-lam-pc40-ha-tinh\/#primaryimage\"},\"image\":{\"@id\":\"https:\/\/tranthi.vn\/hatinh\/gia-xi-mang-dong-lam-pc40-ha-tinh\/#primaryimage\"},\"thumbnailUrl\":\"https:\/\/tranthi.vn\/hatinh\/wp-content\/uploads\/2021\/02\/dong-lam-po-300x300-1.jpg\",\"datePublished\":\"2021-02-18T06:30:10+00:00\",\"dateModified\":\"2024-07-29T08:22:52+00:00\",\"description\":\"Tr\u1ea7n Th\u1ecb l\u00e0 nh\u00e0 cung c\u1ea5p xi m\u0103ng \u0110\u1ed3ng L\u00e2m pc40 gi\u00e1 r\u1ebb nh\u1ea5t Qu\u1ea3ng Nam-0947.335.871. Ph\u1ee5c v\u1ee5 t\u1eadn ch\u00e2n c\u00f4ng tr\u00ecnh v\u1edbi gi\u00e1 r\u1ebb nh\u1ea5t th\u1ecb tr\u01b0\u1eddng\",\"breadcrumb\":{\"@id\":\"https:\/\/tranthi.vn\/hatinh\/gia-xi-mang-dong-lam-pc40-ha-tinh\/#breadcrumb\"},\"inLanguage\":\"vi\",\"potentialAction\":[{\"@type\":\"ReadAction\",\"target\":[\"https:\/\/tranthi.vn\/hatinh\/gia-xi-mang-dong-lam-pc40-ha-tinh\/\"]}]},{\"@type\":\"ImageObject\",\"inLanguage\":\"vi\",\"@id\":\"https:\/\/tranthi.vn\/hatinh\/gia-xi-mang-dong-lam-pc40-ha-tinh\/#primaryimage\",\"url\":\"https:\/\/tranthi.vn\/hatinh\/wp-content\/uploads\/2021\/02\/dong-lam-po-300x300-1.jpg\",\"contentUrl\":\"https:\/\/tranthi.vn\/hatinh\/wp-content\/uploads\/2021\/02\/dong-lam-po-300x300-1.jpg\",\"width\":300,\"height\":300},{\"@type\":\"BreadcrumbList\",\"@id\":\"https:\/\/tranthi.vn\/hatinh\/gia-xi-mang-dong-lam-pc40-ha-tinh\/#breadcrumb\",\"itemListElement\":[{\"@type\":\"ListItem\",\"position\":1,\"name\":\"Trang ch\u1ee7\",\"item\":\"https:\/\/tranthi.vn\/hatinh\/\"},{\"@type\":\"ListItem\",\"position\":2,\"name\":\"Shop\",\"item\":\"https:\/\/tranthi.vn\/hatinh\/shop\/\"},{\"@type\":\"ListItem\",\"position\":3,\"name\":\"Xi M\u0103ng \u0110\u1ed3ng L\u00e2m PCB40\"}]},{\"@type\":\"WebSite\",\"@id\":\"https:\/\/tranthi.vn\/hatinh\/#website\",\"url\":\"https:\/\/tranthi.vn\/hatinh\/\",\"name\":\"V\u1eadt Li\u1ec7u X\u00e2y D\u1ef1ng Tr\u1ea7n Th\u1ecb Chi Nh\u00e1nh H\u00e0 T\u0129nh\",\"description\":\"V\u1eadt Li\u1ec7u X\u00e2y D\u1ef1ng - H\u00e0 T\u0129nh\",\"potentialAction\":[{\"@type\":\"SearchAction\",\"target\":{\"@type\":\"EntryPoint\",\"urlTemplate\":\"https:\/\/tranthi.vn\/hatinh\/?s={search_term_string}\"},\"query-input\":\"required name=search_term_string\"}],\"inLanguage\":\"vi\"},{\"@type\":\"ImageObject\",\"inLanguage\":\"vi\",\"@id\":\"https:\/\/tranthi.vn\/hatinh\/gia-xi-mang-dong-lam-pc40-ha-tinh\/#local-main-organization-logo\",\"url\":\"\",\"contentUrl\":\"\",\"caption\":\"V\u1eadt Li\u1ec7u X\u00e2y D\u1ef1ng Tr\u1ea7n Th\u1ecb Chi Nh\u00e1nh H\u00e0 T\u0129nh\"}]}<\/script>\n<meta property=\"product:price:amount\" content=\"1900000\" \/>\n<meta property=\"product:price:currency\" content=\"VND\" \/>\n<meta property=\"og:availability\" content=\"instock\" \/>\n<meta property=\"product:availability\" content=\"instock\" \/>\n<meta property=\"product:condition\" content=\"new\" \/>\n<!-- \/ Yoast SEO Premium plugin. -->","yoast_head_json":{"title":"Gi\u00e1 xi m\u0103ng \u0110\u1ed3ng L\u00e2m pc40 t\u1ea1i Qu\u1ea3ng Nam-0947.335.871","description":"Tr\u1ea7n Th\u1ecb l\u00e0 nh\u00e0 cung c\u1ea5p xi m\u0103ng \u0110\u1ed3ng L\u00e2m pc40 gi\u00e1 r\u1ebb nh\u1ea5t Qu\u1ea3ng Nam-0947.335.871. Ph\u1ee5c v\u1ee5 t\u1eadn ch\u00e2n c\u00f4ng tr\u00ecnh v\u1edbi gi\u00e1 r\u1ebb nh\u1ea5t th\u1ecb tr\u01b0\u1eddng","robots":{"index":"index","follow":"follow","max-snippet":"max-snippet:-1","max-image-preview":"max-image-preview:large","max-video-preview":"max-video-preview:-1"},"canonical":"https:\/\/tranthi.vn\/hatinh\/gia-xi-mang-dong-lam-pc40-ha-tinh\/","og_locale":"vi_VN","og_type":"article","og_title":"Xi M\u0103ng \u0110\u1ed3ng L\u00e2m PCB40","og_description":"Tr\u1ea7n Th\u1ecb l\u00e0 nh\u00e0 cung c\u1ea5p xi m\u0103ng \u0110\u1ed3ng L\u00e2m pc40 gi\u00e1 r\u1ebb nh\u1ea5t Qu\u1ea3ng Nam-0947.335.871. Ph\u1ee5c v\u1ee5 t\u1eadn ch\u00e2n c\u00f4ng tr\u00ecnh v\u1edbi gi\u00e1 r\u1ebb nh\u1ea5t th\u1ecb tr\u01b0\u1eddng","og_url":"https:\/\/tranthi.vn\/hatinh\/gia-xi-mang-dong-lam-pc40-ha-tinh\/","og_site_name":"V\u1eadt Li\u1ec7u X\u00e2y D\u1ef1ng Tr\u1ea7n Th\u1ecb Chi Nh\u00e1nh H\u00e0 T\u0129nh","article_modified_time":"2024-07-29T08:22:52+00:00","og_image":[{"width":300,"height":300,"url":"https:\/\/tranthi.vn\/hatinh\/wp-content\/uploads\/2021\/02\/dong-lam-po-300x300-1.jpg","type":"image\/jpeg"}],"twitter_card":"summary_large_image","twitter_misc":{"Gi\u00e1":"1,900,000&nbsp;&#8363;","Kh\u1ea3 d\u1ee5ng":"Trong kho"},"schema":{"@context":"https:\/\/schema.org","@graph":[{"@type":["WebPage","ItemPage"],"@id":"https:\/\/tranthi.vn\/hatinh\/gia-xi-mang-dong-lam-pc40-ha-tinh\/","url":"https:\/\/tranthi.vn\/hatinh\/gia-xi-mang-dong-lam-pc40-ha-tinh\/","name":"Gi\u00e1 xi m\u0103ng \u0110\u1ed3ng L\u00e2m pc40 t\u1ea1i Qu\u1ea3ng Nam-0947.335.871","isPartOf":{"@id":"https:\/\/tranthi.vn\/hatinh\/#website"},"primaryImageOfPage":{"@id":"https:\/\/tranthi.vn\/hatinh\/gia-xi-mang-dong-lam-pc40-ha-tinh\/#primaryimage"},"image":{"@id":"https:\/\/tranthi.vn\/hatinh\/gia-xi-mang-dong-lam-pc40-ha-tinh\/#primaryimage"},"thumbnailUrl":"https:\/\/tranthi.vn\/hatinh\/wp-content\/uploads\/2021\/02\/dong-lam-po-300x300-1.jpg","datePublished":"2021-02-18T06:30:10+00:00","dateModified":"2024-07-29T08:22:52+00:00","description":"Tr\u1ea7n Th\u1ecb l\u00e0 nh\u00e0 cung c\u1ea5p xi m\u0103ng \u0110\u1ed3ng L\u00e2m pc40 gi\u00e1 r\u1ebb nh\u1ea5t Qu\u1ea3ng Nam-0947.335.871. Ph\u1ee5c v\u1ee5 t\u1eadn ch\u00e2n c\u00f4ng tr\u00ecnh v\u1edbi gi\u00e1 r\u1ebb nh\u1ea5t th\u1ecb tr\u01b0\u1eddng","breadcrumb":{"@id":"https:\/\/tranthi.vn\/hatinh\/gia-xi-mang-dong-lam-pc40-ha-tinh\/#breadcrumb"},"inLanguage":"vi","potentialAction":[{"@type":"ReadAction","target":["https:\/\/tranthi.vn\/hatinh\/gia-xi-mang-dong-lam-pc40-ha-tinh\/"]}]},{"@type":"ImageObject","inLanguage":"vi","@id":"https:\/\/tranthi.vn\/hatinh\/gia-xi-mang-dong-lam-pc40-ha-tinh\/#primaryimage","url":"https:\/\/tranthi.vn\/hatinh\/wp-content\/uploads\/2021\/02\/dong-lam-po-300x300-1.jpg","contentUrl":"https:\/\/tranthi.vn\/hatinh\/wp-content\/uploads\/2021\/02\/dong-lam-po-300x300-1.jpg","width":300,"height":300},{"@type":"BreadcrumbList","@id":"https:\/\/tranthi.vn\/hatinh\/gia-xi-mang-dong-lam-pc40-ha-tinh\/#breadcrumb","itemListElement":[{"@type":"ListItem","position":1,"name":"Trang ch\u1ee7","item":"https:\/\/tranthi.vn\/hatinh\/"},{"@type":"ListItem","position":2,"name":"Shop","item":"https:\/\/tranthi.vn\/hatinh\/shop\/"},{"@type":"ListItem","position":3,"name":"Xi M\u0103ng \u0110\u1ed3ng L\u00e2m PCB40"}]},{"@type":"WebSite","@id":"https:\/\/tranthi.vn\/hatinh\/#website","url":"https:\/\/tranthi.vn\/hatinh\/","name":"V\u1eadt Li\u1ec7u X\u00e2y D\u1ef1ng Tr\u1ea7n Th\u1ecb Chi Nh\u00e1nh H\u00e0 T\u0129nh","description":"V\u1eadt Li\u1ec7u X\u00e2y D\u1ef1ng - H\u00e0 T\u0129nh","potentialAction":[{"@type":"SearchAction","target":{"@type":"EntryPoint","urlTemplate":"https:\/\/tranthi.vn\/hatinh\/?s={search_term_string}"},"query-input":"required name=search_term_string"}],"inLanguage":"vi"},{"@type":"ImageObject","inLanguage":"vi","@id":"https:\/\/tranthi.vn\/hatinh\/gia-xi-mang-dong-lam-pc40-ha-tinh\/#local-main-organization-logo","url":"","contentUrl":"","caption":"V\u1eadt Li\u1ec7u X\u00e2y D\u1ef1ng Tr\u1ea7n Th\u1ecb Chi Nh\u00e1nh H\u00e0 T\u0129nh"}]},"product_price_amount":"1900000","product_price_currency":"VND","og_availability":"instock","product_availability":"instock","product_condition":"new"},"_links":{"self":[{"href":"https:\/\/tranthi.vn\/hatinh\/wp-json\/wp\/v2\/product\/1553","targetHints":{"allow":["GET"]}}],"collection":[{"href":"https:\/\/tranthi.vn\/hatinh\/wp-json\/wp\/v2\/product"}],"about":[{"href":"https:\/\/tranthi.vn\/hatinh\/wp-json\/wp\/v2\/types\/product"}],"replies":[{"embeddable":true,"href":"https:\/\/tranthi.vn\/hatinh\/wp-json\/wp\/v2\/comments?post=1553"}],"wp:featuredmedia":[{"embeddable":true,"href":"https:\/\/tranthi.vn\/hatinh\/wp-json\/wp\/v2\/media\/1552"}],"wp:attachment":[{"href":"https:\/\/tranthi.vn\/hatinh\/wp-json\/wp\/v2\/media?parent=1553"}],"wp:term":[{"taxonomy":"product_cat","embeddable":true,"href":"https:\/\/tranthi.vn\/hatinh\/wp-json\/wp\/v2\/product_cat?post=1553"},{"taxonomy":"product_tag","embeddable":true,"href":"https:\/\/tranthi.vn\/hatinh\/wp-json\/wp\/v2\/product_tag?post=1553"}],"curies":[{"name":"wp","href":"https:\/\/api.w.org\/{rel}","templated":true}]}}