{"id":1549,"date":"2021-02-18T13:30:08","date_gmt":"2021-02-18T06:30:08","guid":{"rendered":"http:\/\/new-tranthi.test\/san-pham\/xi-mang-kim-dinh-pc-30\/"},"modified":"2024-05-02T02:07:51","modified_gmt":"2024-05-01T19:07:51","slug":"xi-mang-kim-dinh-pc-30-da-nang","status":"publish","type":"product","link":"https:\/\/tranthi.vn\/hatinh\/xi-mang-kim-dinh-pc-30-da-nang\/","title":{"rendered":"Xi M\u0103ng Kim \u0110\u1ec9nh PCB 30"},"content":{"rendered":"","protected":false},"excerpt":{"rendered":"<p><strong><span style=\"font-family: 'times new roman', times, serif; font-size: 115%;\">\u01afu \u0111i\u1ec3m:<\/span><\/strong><\/p>\n<p><strong><span style=\"font-family: 'times new roman', times, serif; font-size: 115%;\">T\u0103ng \u0111\u1ed9 d\u1ebbo c\u1ee7a v\u1eefa, t\u0103ng c\u01b0\u1eddng t\u00ednh ch\u1ed1ng th\u1ea5m, ch\u1ed1ng x\u00e2m th\u1ef1c v\u1edbi m\u00f4i tr\u01b0\u1eddng, kh\u1ea3 n\u0103ng gi\u1eef n\u01b0\u1edbc t\u1ed1t. <\/span><\/strong><\/p>\n<p><strong><span style=\"font-family: 'times new roman', times, serif; font-size: 115%;\">T\u0103ng \u0111\u1ed9 b\u1ec1n v\u1eefng cho c\u00f4ng tr\u00ecnh, ch\u1ea5t l\u01b0\u1ee3ng xi m\u0103ng lu\u00f4n \u1ed5n \u0111\u1ecbnh<\/span><\/strong><\/p>\n<p><strong><span style=\"font-family: 'times new roman', times, serif; font-size: 115%;\">C\u01b0\u1eddng \u0111\u1ed9 xi m\u0103ng lu\u00f4n c\u00f3 \u0111\u1ed9 d\u01b0 m\u00e1c l\u1edbn, gi\u00fap ti\u1ebft ki\u1ec7m l\u01b0\u1ee3ng xi m\u0103ng khi s\u1eed d\u1ee5ng.<\/span><\/strong><\/p>\n<p><strong><span style=\"font-family: 'times new roman', times, serif; font-size: 115%;\">Ph\u00f9 h\u1ee3p cho m\u1ee5c \u0111\u00edch x\u00e2y, t\u00f4, tr\u00e1t c\u00e1c h\u1ea1ng m\u1ee5c c\u00f4ng tr\u00ecnh.<\/span><\/strong><\/p>\n<p><span style=\"color: #000000; font-family: 'times new roman', times, serif; font-size: 115%;\">Giao h\u00e0ng trong \u0111\u1ecba b\u00e0n <span style=\"color: #008000;\"><a style=\"color: #008000;\" href=\"https:\/\/fr.wikipedia.org\/wiki\/Da_Nang\"><strong>\u0110\u00e0 N\u1eb5ng<\/strong><\/a><\/span><\/span><\/p>\n<p><span style=\"color: #000000; font-family: 'times new roman', times, serif; font-size: 115%;\">\u0110\u01a1n gi\u00e1 <a href=\"https:\/\/tranthi.vn\/quangnam\/xi-mang-kim-dinh-pc-30\/\"><span style=\"color: #008000;\"><strong>xi m\u0103ng Kim \u0110\u1ec9nh PCB 30<\/strong><\/span><\/a> : <strong><span style=\"color: #ff0000;\">1.850.000\/t\u1ea5n<\/span><\/strong><\/span><\/p>\n<p><span style=\"font-family: 'times new roman', times, serif; font-size: 115%; color: #000000;\"><em>Nh\u1eadn \u0111\u01a1n t\u1eeb 3 t\u1ea5n tr\u1edf l\u00ean, t\u00f9y thu\u1ed9c v\u00e0o khu v\u1ef1c nh\u1eadn h\u00e0ng s\u1ebd c\u00f3 th\u00eam ph\u00ed v\u1eadn chuy\u1ec3n<\/em><\/span><\/p>\n<p><span style=\"font-family: 'times new roman', times, serif; font-size: 115%; color: #000000;\"><em>Kh\u00f4ng bao g\u1ed3m h\u00f3a \u0111\u01a1n vat<\/em><\/span><\/p>\n","protected":false},"featured_media":1547,"comment_status":"open","ping_status":"closed","template":"","meta":[],"product_cat":[208,415],"product_tag":[],"class_list":{"0":"post-1549","1":"product","2":"type-product","3":"status-publish","4":"has-post-thumbnail","6":"product_cat-xi-mang","7":"product_cat-xi-mang-kim-dinh","9":"first","10":"instock","11":"sale","12":"shipping-taxable","13":"purchasable","14":"product-type-simple"},"yoast_head":"<!-- This site is optimized with the Yoast SEO Premium plugin v22.3 (Yoast SEO v22.8) - https:\/\/yoast.com\/wordpress\/plugins\/seo\/ -->\n<title>gi\u00e1 xi m\u0103ng kim \u0111\u1ec9nh pc30 t\u1ea1i \u0111\u00e0 n\u1eb5ng - 0903.595.049<\/title>\n<meta name=\"description\" content=\"Tr\u1ea7n Th\u1ecb l\u00e0 nh\u00e0 cung c\u1ea5p xi m\u0103ng kim \u0111\u1ec9nh pc30 gi\u00e1 r\u1ebb nh\u1ea5t \u0111\u00e0 n\u1eb5ng. Ph\u1ee5c v\u1ee5 t\u1eadn ch\u00e2n c\u00f4ng tr\u00ecnh v\u1edbi gi\u00e1 r\u1ebb nh\u1ea5t th\u1ecb tr\u01b0\u1eddng \u0110\u00e0 N\u1eb5ng. \u0110\u1ecba ch\u1ec9: 204 L\u00ea V\u0103n Hi\u1ebfn\" \/>\n<meta name=\"robots\" content=\"index, follow, max-snippet:-1, max-image-preview:large, max-video-preview:-1\" \/>\n<link rel=\"canonical\" href=\"https:\/\/tranthi.vn\/hatinh\/xi-mang-kim-dinh-pc-30-da-nang\/\" \/>\n<meta property=\"og:locale\" content=\"vi_VN\" \/>\n<meta property=\"og:type\" content=\"article\" \/>\n<meta property=\"og:title\" content=\"Xi M\u0103ng Kim \u0110\u1ec9nh PCB 30\" \/>\n<meta property=\"og:description\" content=\"Tr\u1ea7n Th\u1ecb l\u00e0 nh\u00e0 cung c\u1ea5p xi m\u0103ng kim \u0111\u1ec9nh pc30 gi\u00e1 r\u1ebb nh\u1ea5t \u0111\u00e0 n\u1eb5ng. Ph\u1ee5c v\u1ee5 t\u1eadn ch\u00e2n c\u00f4ng tr\u00ecnh v\u1edbi gi\u00e1 r\u1ebb nh\u1ea5t th\u1ecb tr\u01b0\u1eddng \u0110\u00e0 N\u1eb5ng. \u0110\u1ecba ch\u1ec9: 204 L\u00ea V\u0103n Hi\u1ebfn\" \/>\n<meta property=\"og:url\" content=\"https:\/\/tranthi.vn\/hatinh\/xi-mang-kim-dinh-pc-30-da-nang\/\" \/>\n<meta property=\"og:site_name\" content=\"V\u1eadt Li\u1ec7u X\u00e2y D\u1ef1ng Tr\u1ea7n Th\u1ecb Chi Nh\u00e1nh H\u00e0 T\u0129nh\" \/>\n<meta property=\"article:modified_time\" content=\"2024-05-01T19:07:51+00:00\" \/>\n<meta property=\"og:image\" content=\"https:\/\/tranthi.vn\/hatinh\/wp-content\/uploads\/2021\/02\/xmkd-p.jpg\" \/>\n\t<meta property=\"og:image:width\" content=\"400\" \/>\n\t<meta property=\"og:image:height\" content=\"400\" \/>\n\t<meta property=\"og:image:type\" content=\"image\/jpeg\" \/>\n<meta name=\"twitter:card\" content=\"summary_large_image\" \/>\n<meta name=\"twitter:label1\" content=\"Gi\u00e1\" \/>\n\t<meta name=\"twitter:data1\" content=\"1,850,000&nbsp;&#8363;\" \/>\n\t<meta name=\"twitter:label2\" content=\"Kh\u1ea3 d\u1ee5ng\" \/>\n\t<meta name=\"twitter:data2\" content=\"Trong kho\" \/>\n<script type=\"application\/ld+json\" class=\"yoast-schema-graph\">{\"@context\":\"https:\/\/schema.org\",\"@graph\":[{\"@type\":[\"WebPage\",\"ItemPage\"],\"@id\":\"https:\/\/tranthi.vn\/hatinh\/xi-mang-kim-dinh-pc-30-da-nang\/\",\"url\":\"https:\/\/tranthi.vn\/hatinh\/xi-mang-kim-dinh-pc-30-da-nang\/\",\"name\":\"gi\u00e1 xi m\u0103ng kim \u0111\u1ec9nh pc30 t\u1ea1i \u0111\u00e0 n\u1eb5ng - 0903.595.049\",\"isPartOf\":{\"@id\":\"https:\/\/tranthi.vn\/hatinh\/#website\"},\"primaryImageOfPage\":{\"@id\":\"https:\/\/tranthi.vn\/hatinh\/xi-mang-kim-dinh-pc-30-da-nang\/#primaryimage\"},\"image\":{\"@id\":\"https:\/\/tranthi.vn\/hatinh\/xi-mang-kim-dinh-pc-30-da-nang\/#primaryimage\"},\"thumbnailUrl\":\"https:\/\/tranthi.vn\/hatinh\/wp-content\/uploads\/2021\/02\/xmkd-p.jpg\",\"datePublished\":\"2021-02-18T06:30:08+00:00\",\"dateModified\":\"2024-05-01T19:07:51+00:00\",\"description\":\"Tr\u1ea7n Th\u1ecb l\u00e0 nh\u00e0 cung c\u1ea5p xi m\u0103ng kim \u0111\u1ec9nh pc30 gi\u00e1 r\u1ebb nh\u1ea5t \u0111\u00e0 n\u1eb5ng. Ph\u1ee5c v\u1ee5 t\u1eadn ch\u00e2n c\u00f4ng tr\u00ecnh v\u1edbi gi\u00e1 r\u1ebb nh\u1ea5t th\u1ecb tr\u01b0\u1eddng \u0110\u00e0 N\u1eb5ng. \u0110\u1ecba ch\u1ec9: 204 L\u00ea V\u0103n Hi\u1ebfn\",\"breadcrumb\":{\"@id\":\"https:\/\/tranthi.vn\/hatinh\/xi-mang-kim-dinh-pc-30-da-nang\/#breadcrumb\"},\"inLanguage\":\"vi\",\"potentialAction\":[{\"@type\":\"ReadAction\",\"target\":[\"https:\/\/tranthi.vn\/hatinh\/xi-mang-kim-dinh-pc-30-da-nang\/\"]}]},{\"@type\":\"ImageObject\",\"inLanguage\":\"vi\",\"@id\":\"https:\/\/tranthi.vn\/hatinh\/xi-mang-kim-dinh-pc-30-da-nang\/#primaryimage\",\"url\":\"https:\/\/tranthi.vn\/hatinh\/wp-content\/uploads\/2021\/02\/xmkd-p.jpg\",\"contentUrl\":\"https:\/\/tranthi.vn\/hatinh\/wp-content\/uploads\/2021\/02\/xmkd-p.jpg\",\"width\":400,\"height\":400},{\"@type\":\"BreadcrumbList\",\"@id\":\"https:\/\/tranthi.vn\/hatinh\/xi-mang-kim-dinh-pc-30-da-nang\/#breadcrumb\",\"itemListElement\":[{\"@type\":\"ListItem\",\"position\":1,\"name\":\"Trang ch\u1ee7\",\"item\":\"https:\/\/tranthi.vn\/hatinh\/\"},{\"@type\":\"ListItem\",\"position\":2,\"name\":\"Shop\",\"item\":\"https:\/\/tranthi.vn\/hatinh\/shop\/\"},{\"@type\":\"ListItem\",\"position\":3,\"name\":\"Xi M\u0103ng Kim \u0110\u1ec9nh PCB 30\"}]},{\"@type\":\"WebSite\",\"@id\":\"https:\/\/tranthi.vn\/hatinh\/#website\",\"url\":\"https:\/\/tranthi.vn\/hatinh\/\",\"name\":\"V\u1eadt Li\u1ec7u X\u00e2y D\u1ef1ng Tr\u1ea7n Th\u1ecb Chi Nh\u00e1nh H\u00e0 T\u0129nh\",\"description\":\"V\u1eadt Li\u1ec7u X\u00e2y D\u1ef1ng - H\u00e0 T\u0129nh\",\"potentialAction\":[{\"@type\":\"SearchAction\",\"target\":{\"@type\":\"EntryPoint\",\"urlTemplate\":\"https:\/\/tranthi.vn\/hatinh\/?s={search_term_string}\"},\"query-input\":\"required name=search_term_string\"}],\"inLanguage\":\"vi\"},{\"@type\":\"ImageObject\",\"inLanguage\":\"vi\",\"@id\":\"https:\/\/tranthi.vn\/hatinh\/xi-mang-kim-dinh-pc-30-da-nang\/#local-main-organization-logo\",\"url\":\"\",\"contentUrl\":\"\",\"caption\":\"V\u1eadt Li\u1ec7u X\u00e2y D\u1ef1ng Tr\u1ea7n Th\u1ecb Chi Nh\u00e1nh H\u00e0 T\u0129nh\"}]}<\/script>\n<meta property=\"product:price:amount\" content=\"1850000\" \/>\n<meta property=\"product:price:currency\" content=\"VND\" \/>\n<meta property=\"og:availability\" content=\"instock\" \/>\n<meta property=\"product:availability\" content=\"instock\" \/>\n<meta property=\"product:condition\" content=\"new\" \/>\n<!-- \/ Yoast SEO Premium plugin. -->","yoast_head_json":{"title":"gi\u00e1 xi m\u0103ng kim \u0111\u1ec9nh pc30 t\u1ea1i \u0111\u00e0 n\u1eb5ng - 0903.595.049","description":"Tr\u1ea7n Th\u1ecb l\u00e0 nh\u00e0 cung c\u1ea5p xi m\u0103ng kim \u0111\u1ec9nh pc30 gi\u00e1 r\u1ebb nh\u1ea5t \u0111\u00e0 n\u1eb5ng. Ph\u1ee5c v\u1ee5 t\u1eadn ch\u00e2n c\u00f4ng tr\u00ecnh v\u1edbi gi\u00e1 r\u1ebb nh\u1ea5t th\u1ecb tr\u01b0\u1eddng \u0110\u00e0 N\u1eb5ng. \u0110\u1ecba ch\u1ec9: 204 L\u00ea V\u0103n Hi\u1ebfn","robots":{"index":"index","follow":"follow","max-snippet":"max-snippet:-1","max-image-preview":"max-image-preview:large","max-video-preview":"max-video-preview:-1"},"canonical":"https:\/\/tranthi.vn\/hatinh\/xi-mang-kim-dinh-pc-30-da-nang\/","og_locale":"vi_VN","og_type":"article","og_title":"Xi M\u0103ng Kim \u0110\u1ec9nh PCB 30","og_description":"Tr\u1ea7n Th\u1ecb l\u00e0 nh\u00e0 cung c\u1ea5p xi m\u0103ng kim \u0111\u1ec9nh pc30 gi\u00e1 r\u1ebb nh\u1ea5t \u0111\u00e0 n\u1eb5ng. Ph\u1ee5c v\u1ee5 t\u1eadn ch\u00e2n c\u00f4ng tr\u00ecnh v\u1edbi gi\u00e1 r\u1ebb nh\u1ea5t th\u1ecb tr\u01b0\u1eddng \u0110\u00e0 N\u1eb5ng. \u0110\u1ecba ch\u1ec9: 204 L\u00ea V\u0103n Hi\u1ebfn","og_url":"https:\/\/tranthi.vn\/hatinh\/xi-mang-kim-dinh-pc-30-da-nang\/","og_site_name":"V\u1eadt Li\u1ec7u X\u00e2y D\u1ef1ng Tr\u1ea7n Th\u1ecb Chi Nh\u00e1nh H\u00e0 T\u0129nh","article_modified_time":"2024-05-01T19:07:51+00:00","og_image":[{"width":400,"height":400,"url":"https:\/\/tranthi.vn\/hatinh\/wp-content\/uploads\/2021\/02\/xmkd-p.jpg","type":"image\/jpeg"}],"twitter_card":"summary_large_image","twitter_misc":{"Gi\u00e1":"1,850,000&nbsp;&#8363;","Kh\u1ea3 d\u1ee5ng":"Trong kho"},"schema":{"@context":"https:\/\/schema.org","@graph":[{"@type":["WebPage","ItemPage"],"@id":"https:\/\/tranthi.vn\/hatinh\/xi-mang-kim-dinh-pc-30-da-nang\/","url":"https:\/\/tranthi.vn\/hatinh\/xi-mang-kim-dinh-pc-30-da-nang\/","name":"gi\u00e1 xi m\u0103ng kim \u0111\u1ec9nh pc30 t\u1ea1i \u0111\u00e0 n\u1eb5ng - 0903.595.049","isPartOf":{"@id":"https:\/\/tranthi.vn\/hatinh\/#website"},"primaryImageOfPage":{"@id":"https:\/\/tranthi.vn\/hatinh\/xi-mang-kim-dinh-pc-30-da-nang\/#primaryimage"},"image":{"@id":"https:\/\/tranthi.vn\/hatinh\/xi-mang-kim-dinh-pc-30-da-nang\/#primaryimage"},"thumbnailUrl":"https:\/\/tranthi.vn\/hatinh\/wp-content\/uploads\/2021\/02\/xmkd-p.jpg","datePublished":"2021-02-18T06:30:08+00:00","dateModified":"2024-05-01T19:07:51+00:00","description":"Tr\u1ea7n Th\u1ecb l\u00e0 nh\u00e0 cung c\u1ea5p xi m\u0103ng kim \u0111\u1ec9nh pc30 gi\u00e1 r\u1ebb nh\u1ea5t \u0111\u00e0 n\u1eb5ng. Ph\u1ee5c v\u1ee5 t\u1eadn ch\u00e2n c\u00f4ng tr\u00ecnh v\u1edbi gi\u00e1 r\u1ebb nh\u1ea5t th\u1ecb tr\u01b0\u1eddng \u0110\u00e0 N\u1eb5ng. \u0110\u1ecba ch\u1ec9: 204 L\u00ea V\u0103n Hi\u1ebfn","breadcrumb":{"@id":"https:\/\/tranthi.vn\/hatinh\/xi-mang-kim-dinh-pc-30-da-nang\/#breadcrumb"},"inLanguage":"vi","potentialAction":[{"@type":"ReadAction","target":["https:\/\/tranthi.vn\/hatinh\/xi-mang-kim-dinh-pc-30-da-nang\/"]}]},{"@type":"ImageObject","inLanguage":"vi","@id":"https:\/\/tranthi.vn\/hatinh\/xi-mang-kim-dinh-pc-30-da-nang\/#primaryimage","url":"https:\/\/tranthi.vn\/hatinh\/wp-content\/uploads\/2021\/02\/xmkd-p.jpg","contentUrl":"https:\/\/tranthi.vn\/hatinh\/wp-content\/uploads\/2021\/02\/xmkd-p.jpg","width":400,"height":400},{"@type":"BreadcrumbList","@id":"https:\/\/tranthi.vn\/hatinh\/xi-mang-kim-dinh-pc-30-da-nang\/#breadcrumb","itemListElement":[{"@type":"ListItem","position":1,"name":"Trang ch\u1ee7","item":"https:\/\/tranthi.vn\/hatinh\/"},{"@type":"ListItem","position":2,"name":"Shop","item":"https:\/\/tranthi.vn\/hatinh\/shop\/"},{"@type":"ListItem","position":3,"name":"Xi M\u0103ng Kim \u0110\u1ec9nh PCB 30"}]},{"@type":"WebSite","@id":"https:\/\/tranthi.vn\/hatinh\/#website","url":"https:\/\/tranthi.vn\/hatinh\/","name":"V\u1eadt Li\u1ec7u X\u00e2y D\u1ef1ng Tr\u1ea7n Th\u1ecb Chi Nh\u00e1nh H\u00e0 T\u0129nh","description":"V\u1eadt Li\u1ec7u X\u00e2y D\u1ef1ng - H\u00e0 T\u0129nh","potentialAction":[{"@type":"SearchAction","target":{"@type":"EntryPoint","urlTemplate":"https:\/\/tranthi.vn\/hatinh\/?s={search_term_string}"},"query-input":"required name=search_term_string"}],"inLanguage":"vi"},{"@type":"ImageObject","inLanguage":"vi","@id":"https:\/\/tranthi.vn\/hatinh\/xi-mang-kim-dinh-pc-30-da-nang\/#local-main-organization-logo","url":"","contentUrl":"","caption":"V\u1eadt Li\u1ec7u X\u00e2y D\u1ef1ng Tr\u1ea7n Th\u1ecb Chi Nh\u00e1nh H\u00e0 T\u0129nh"}]},"product_price_amount":"1850000","product_price_currency":"VND","og_availability":"instock","product_availability":"instock","product_condition":"new"},"_links":{"self":[{"href":"https:\/\/tranthi.vn\/hatinh\/wp-json\/wp\/v2\/product\/1549","targetHints":{"allow":["GET"]}}],"collection":[{"href":"https:\/\/tranthi.vn\/hatinh\/wp-json\/wp\/v2\/product"}],"about":[{"href":"https:\/\/tranthi.vn\/hatinh\/wp-json\/wp\/v2\/types\/product"}],"replies":[{"embeddable":true,"href":"https:\/\/tranthi.vn\/hatinh\/wp-json\/wp\/v2\/comments?post=1549"}],"wp:featuredmedia":[{"embeddable":true,"href":"https:\/\/tranthi.vn\/hatinh\/wp-json\/wp\/v2\/media\/1547"}],"wp:attachment":[{"href":"https:\/\/tranthi.vn\/hatinh\/wp-json\/wp\/v2\/media?parent=1549"}],"wp:term":[{"taxonomy":"product_cat","embeddable":true,"href":"https:\/\/tranthi.vn\/hatinh\/wp-json\/wp\/v2\/product_cat?post=1549"},{"taxonomy":"product_tag","embeddable":true,"href":"https:\/\/tranthi.vn\/hatinh\/wp-json\/wp\/v2\/product_tag?post=1549"}],"curies":[{"name":"wp","href":"https:\/\/api.w.org\/{rel}","templated":true}]}}