{"id":1546,"date":"2021-02-18T13:30:06","date_gmt":"2021-02-18T13:30:06","guid":{"rendered":"http:\/\/new-tranthi.test\/san-pham\/da-mong-be-tong\/"},"modified":"2024-07-27T16:32:57","modified_gmt":"2024-07-27T09:32:57","slug":"gia-da-mong-be-tong-hoi-an-tam-ky-quang-nam","status":"publish","type":"product","link":"https:\/\/tranthi.vn\/hatinh\/gia-da-mong-be-tong-hoi-an-tam-ky-quang-nam\/","title":{"rendered":"\u0110\u00e1 m\u00f3ng b\u00ea t\u00f4ng"},"content":{"rendered":"<p><span style=\"font-family: 'times new roman', times, serif; font-size: 18pt; color: #000000;\">C\u00f4ng ty V\u1eadt Li\u1ec7u X\u00e2y D\u1ef1ng t\u1ea1i \u0110\u00e0 N\u1eb5ng <a style=\"color: #000000;\" href=\"http:\/\/tranthi.vn\/quangnam\/\">Tr\u1ea7n Th\u1ecb<\/a> \u2013 Chuy\u00ean c\u0169ng c\u1ea5p v\u1eadt li\u1ec7u x\u00e2y d\u1ef1ng bao g\u1ed3m \u0111\u00e1 m\u00f3ng b\u00ea t\u00f4ng, \u0111\u00e11\u00d72, \u0111\u00e1 4\u00d76, \u0111\u00e1 d\u0103m, <a style=\"color: #000000;\" href=\"http:\/\/tranthi.vn\/quangnam\/vat-lieu-xay-dung\/xi-mang\/\">xi m\u0103ng<\/a>, c\u00e1t, s\u1ea1n v\u1edbi gi\u00e1 c\u1ea3 ph\u1ea3i ch\u0103ng, v\u1eadn chuy\u1ec3n t\u1eadn ch\u00e2n c\u00f4ng tr\u00ecnh H\u1ed9i An-Tam K\u1ef3-<a href=\"https:\/\/vi.wikipedia.org\/wiki\/Qu%E1%BA%A3ng_Nam\">Qu\u1ea3ng Nam<\/a><\/span><\/p>\n<p><span style=\"font-family: 'times new roman', times, serif; font-size: 18pt; color: #000000;\">\u0110\u1ec3 li\u00ean h\u1ec7 \u0111\u1eb7t h\u00e0ng v\u00e0 t\u01b0 v\u1ea5n vui l\u00f2ng li\u00ean h\u1ec7\u00a0<strong>Hotline\/zalo: 0947.335.871<\/strong><\/span><\/p>\n<p><span style=\"font-family: 'times new roman', times, serif; font-size: 18pt; color: #000000;\"><em>\u0110\u00e1 M\u00f3ng B\u00ea T\u00f4ng<\/em> l\u00e0 lo\u1ea1i \u0111\u00e1 x\u00e2y d\u1ef1ng \u0111\u01b0\u1ee3c \u0111\u00fac b\u1eb1ng h\u1ed7n h\u1ee3p v\u1eefa b\u00ea t\u00f4ng t\u01b0\u01a1i. C\u00f3 k\u00edch c\u1ee1 8x18x28 cm n\u00ean r\u1ea5t ch\u1eafc ch\u1eafn \u0111\u1ec3 b\u1ea3o v\u1ec7 v\u1eefng ch\u1eafc cho m\u00f3ng nh\u00e0 c\u1ee7a c\u00e1c b\u1ea1n<\/span><\/p>\n<p><span style=\"font-family: 'times new roman', times, serif; font-size: 18pt; color: #000000;\">S\u1ea3n ph\u1ea9m \u00a0<strong>\u0110\u00e1\u00a0m\u00f3ng<\/strong>\u00a0th\u01b0\u1eddng \u0111\u01b0\u1ee3c s\u1eed d\u1ee5ng \u0111\u1ec3 thi c\u00f4ng x\u00e2y m\u00f3ng nh\u00e0, x\u00e2y t\u01b0\u1eddng r\u00e0o, x\u00e2y v\u00e1ch ng\u0103n, l\u00e1t\u00a0l\u1ed1i \u0111i s\u00e2n v\u01b0\u1eddn.<\/span><\/p>\n<p><span style=\"font-family: 'times new roman', times, serif; font-size: 18pt; color: #000000;\">&gt;&gt; Gi\u00e1 \u0111\u00e1 m\u00f3ng b\u00ea t\u00f4ng t\u1ea1i Qu\u1ea3ng Nam l\u00e0 <strong><span style=\"color: #ff0000;\">5.500\u0111\/vi\u00ean\u00a0<\/span><\/strong><\/span><\/p>\n<p>&nbsp;<\/p>\n<p style=\"text-align: center;\"><img loading=\"lazy\" decoding=\"async\" class=\"alignnone size-full wp-image-3840\" src=\"https:\/\/tranthi.vn\/quangnam\/wp-content\/uploads\/2021\/02\/gia-da-mong-be-tong-da-ang_optimized.jpg\" alt=\"gia-da-mong-be-tong-da-ang_optimized\" width=\"400\" height=\"500\" \/><\/p>\n<p style=\"text-align: center;\"><span style=\"font-family: 'times new roman', times, serif; font-size: 18pt; color: #008000;\"><em><strong><u>M\u1ecdi chi ti\u1ebft xin vui l\u00f2ng li\u00ean h\u1ec7:<\/u><\/strong><\/em><\/span><\/p>\n<p style=\"text-align: center;\"><span style=\"font-family: 'times new roman', times, serif; font-size: 18pt; color: #008000;\"><em><strong>\u0110i\u1ec7n tho\u1ea1i: 0903.595.059 Anh H\u00e1t<\/strong><\/em><\/span><\/p>\n<p style=\"text-align: center;\"><span style=\"font-family: 'times new roman', times, serif; font-size: 18pt; color: #008000;\"><em><strong>E-mail: baogiatranthi@gmail.com<\/strong><\/em><\/span><\/p>\n<p style=\"text-align: center;\"><span style=\"font-family: 'times new roman', times, serif; font-size: 18pt; color: #008000;\"><em><strong>Website b\u00e1n h\u00e0ng: tranthi.vn<\/strong><\/em><\/span><\/p>\n<p style=\"text-align: center;\"><span style=\"font-family: 'times new roman', times, serif; font-size: 18pt; color: #008000;\"><em><strong>Website t\u01b0 v\u1ea5n :\u00a0<a style=\"color: #008000;\" href=\"https:\/\/tranhat.vn\/\">Tranhat.vn<\/a><\/strong><\/em><\/span><\/p>\n","protected":false},"excerpt":{"rendered":"<p><span style=\"color: #282828; font-family: 'times new roman', times, serif; font-size: 130%;\">\ud83e\udd70\u00a0<a href=\"https:\/\/tranthi.vn\/quangnam\/da-mong-be-tong\/\">Gi\u00e1 \u0111\u00e1 m\u00f3ng b\u00ea t\u00f4ng<\/a> k\u00edch th\u01b0\u1edbc: 8x18x28 gi\u00e1 <span style=\"color: #ff0000;\"><strong>5.000\u0111\/vi\u00ean <\/strong><\/span><\/span><\/p>\n<p><span style=\"color: #282828; font-family: 'times new roman', times, serif; font-size: 130%;\">\ud83e\udd70K\u00edch th\u01b0\u1edbc: 10x20x30 gi\u00e1 <span style=\"color: #ff0000;\"><strong>7.500\u0111\/vi\u00ean<\/strong><\/span> trong n\u1ed9i th\u00e0nh <\/span><a href=\"https:\/\/vi.wikipedia.org\/wiki\/Qu%E1%BA%A3ng_Nam\"><span style=\"color: #282828; font-family: 'times new roman', times, serif; font-size: 130%;\"><span style=\"color: #00a859;\">Qu\u1ea3ng Nam<\/span><\/span><\/a><\/p>\n<p><span style=\"font-family: 'times new roman', times, serif; font-size: 130%; color: #000000;\">\ud83e\udd70\u0110\u01a1n gi\u00e1 ch\u01b0a t\u00ednh ph\u00ed v\u1eadn chuy\u1ec3n<\/span><\/p>\n","protected":false},"featured_media":3840,"comment_status":"open","ping_status":"closed","template":"","meta":[],"product_cat":[210,203],"product_tag":[],"class_list":{"0":"post-1546","1":"product","2":"type-product","3":"status-publish","4":"has-post-thumbnail","6":"product_cat-da-xay-dung","7":"product_cat-vat-lieu-xay-dung","9":"first","10":"instock","11":"sale","12":"shipping-taxable","13":"purchasable","14":"product-type-simple"},"yoast_head":"<!-- This site is optimized with the Yoast SEO Premium plugin v22.3 (Yoast SEO v22.8) - https:\/\/yoast.com\/wordpress\/plugins\/seo\/ -->\n<title>Gi\u00e1 \u0111\u00e1 m\u00f3ng b\u00ea t\u00f4ng t\u1ea1i Qu\u1ea3ng Nam -Tr\u1ea7n Th\u1ecb 0947.335.871<\/title>\n<meta name=\"description\" content=\"Tr\u1ea7n Th\u1ecb l\u00e0 nh\u00e0 cung c\u1ea5p \u0111\u00e1 m\u00f3ng b\u00ea t\u00f4ng h\u00e0ng \u0111\u1ea7u t\u1ea1i Qu\u1ea3ng Nam ph\u1ee5c v\u1ee5 t\u1eadn ch\u00e2n c\u00f4ng tr\u00ecnh v\u1edbi gi\u00e1 r\u1ebb nh\u1ea5t th\u1ecb tr\u01b0\u1eddng Qu\u1ea3ng Nam\" \/>\n<meta name=\"robots\" content=\"index, follow, max-snippet:-1, max-image-preview:large, max-video-preview:-1\" \/>\n<link rel=\"canonical\" href=\"https:\/\/tranthi.vn\/hatinh\/gia-da-mong-be-tong-hoi-an-tam-ky-quang-nam\/\" \/>\n<meta property=\"og:locale\" content=\"vi_VN\" \/>\n<meta property=\"og:type\" content=\"article\" \/>\n<meta property=\"og:title\" content=\"\u0110\u00e1 m\u00f3ng b\u00ea t\u00f4ng\" \/>\n<meta property=\"og:description\" content=\"Tr\u1ea7n Th\u1ecb l\u00e0 nh\u00e0 cung c\u1ea5p \u0111\u00e1 m\u00f3ng b\u00ea t\u00f4ng h\u00e0ng \u0111\u1ea7u t\u1ea1i Qu\u1ea3ng Nam ph\u1ee5c v\u1ee5 t\u1eadn ch\u00e2n c\u00f4ng tr\u00ecnh v\u1edbi gi\u00e1 r\u1ebb nh\u1ea5t th\u1ecb tr\u01b0\u1eddng Qu\u1ea3ng Nam\" \/>\n<meta property=\"og:url\" content=\"https:\/\/tranthi.vn\/hatinh\/gia-da-mong-be-tong-hoi-an-tam-ky-quang-nam\/\" \/>\n<meta property=\"og:site_name\" content=\"V\u1eadt Li\u1ec7u X\u00e2y D\u1ef1ng Tr\u1ea7n Th\u1ecb Chi Nh\u00e1nh H\u00e0 T\u0129nh\" \/>\n<meta property=\"article:modified_time\" content=\"2024-07-27T09:32:57+00:00\" \/>\n<meta property=\"og:image\" content=\"https:\/\/tranthi.vn\/hatinh\/wp-content\/uploads\/2021\/02\/gia-da-mong-be-tong-da-ang_optimized.jpg\" \/>\n\t<meta property=\"og:image:width\" content=\"400\" \/>\n\t<meta property=\"og:image:height\" content=\"500\" \/>\n\t<meta property=\"og:image:type\" content=\"image\/jpeg\" \/>\n<meta name=\"twitter:card\" content=\"summary_large_image\" \/>\n<meta name=\"twitter:label1\" content=\"Gi\u00e1\" \/>\n\t<meta name=\"twitter:data1\" content=\"5,000&nbsp;&#8363;\" \/>\n\t<meta name=\"twitter:label2\" content=\"Kh\u1ea3 d\u1ee5ng\" \/>\n\t<meta name=\"twitter:data2\" content=\"Trong kho\" \/>\n<script type=\"application\/ld+json\" class=\"yoast-schema-graph\">{\"@context\":\"https:\/\/schema.org\",\"@graph\":[{\"@type\":[\"WebPage\",\"ItemPage\"],\"@id\":\"https:\/\/tranthi.vn\/hatinh\/gia-da-mong-be-tong-hoi-an-tam-ky-quang-nam\/\",\"url\":\"https:\/\/tranthi.vn\/hatinh\/gia-da-mong-be-tong-hoi-an-tam-ky-quang-nam\/\",\"name\":\"Gi\u00e1 \u0111\u00e1 m\u00f3ng b\u00ea t\u00f4ng t\u1ea1i Qu\u1ea3ng Nam -Tr\u1ea7n Th\u1ecb 0947.335.871\",\"isPartOf\":{\"@id\":\"https:\/\/tranthi.vn\/hatinh\/#website\"},\"primaryImageOfPage\":{\"@id\":\"https:\/\/tranthi.vn\/hatinh\/gia-da-mong-be-tong-hoi-an-tam-ky-quang-nam\/#primaryimage\"},\"image\":{\"@id\":\"https:\/\/tranthi.vn\/hatinh\/gia-da-mong-be-tong-hoi-an-tam-ky-quang-nam\/#primaryimage\"},\"thumbnailUrl\":\"https:\/\/tranthi.vn\/hatinh\/wp-content\/uploads\/2021\/02\/gia-da-mong-be-tong-da-ang_optimized.jpg\",\"datePublished\":\"2021-02-18T13:30:06+00:00\",\"dateModified\":\"2024-07-27T09:32:57+00:00\",\"description\":\"Tr\u1ea7n Th\u1ecb l\u00e0 nh\u00e0 cung c\u1ea5p \u0111\u00e1 m\u00f3ng b\u00ea t\u00f4ng h\u00e0ng \u0111\u1ea7u t\u1ea1i Qu\u1ea3ng Nam ph\u1ee5c v\u1ee5 t\u1eadn ch\u00e2n c\u00f4ng tr\u00ecnh v\u1edbi gi\u00e1 r\u1ebb nh\u1ea5t th\u1ecb tr\u01b0\u1eddng Qu\u1ea3ng Nam\",\"breadcrumb\":{\"@id\":\"https:\/\/tranthi.vn\/hatinh\/gia-da-mong-be-tong-hoi-an-tam-ky-quang-nam\/#breadcrumb\"},\"inLanguage\":\"vi\",\"potentialAction\":[{\"@type\":\"ReadAction\",\"target\":[\"https:\/\/tranthi.vn\/hatinh\/gia-da-mong-be-tong-hoi-an-tam-ky-quang-nam\/\"]}]},{\"@type\":\"ImageObject\",\"inLanguage\":\"vi\",\"@id\":\"https:\/\/tranthi.vn\/hatinh\/gia-da-mong-be-tong-hoi-an-tam-ky-quang-nam\/#primaryimage\",\"url\":\"https:\/\/tranthi.vn\/hatinh\/wp-content\/uploads\/2021\/02\/gia-da-mong-be-tong-da-ang_optimized.jpg\",\"contentUrl\":\"https:\/\/tranthi.vn\/hatinh\/wp-content\/uploads\/2021\/02\/gia-da-mong-be-tong-da-ang_optimized.jpg\",\"width\":400,\"height\":500,\"caption\":\"gia-da-mong-be-tong-da-ang_optimized\"},{\"@type\":\"BreadcrumbList\",\"@id\":\"https:\/\/tranthi.vn\/hatinh\/gia-da-mong-be-tong-hoi-an-tam-ky-quang-nam\/#breadcrumb\",\"itemListElement\":[{\"@type\":\"ListItem\",\"position\":1,\"name\":\"Trang ch\u1ee7\",\"item\":\"https:\/\/tranthi.vn\/hatinh\/\"},{\"@type\":\"ListItem\",\"position\":2,\"name\":\"Shop\",\"item\":\"https:\/\/tranthi.vn\/hatinh\/shop\/\"},{\"@type\":\"ListItem\",\"position\":3,\"name\":\"\u0110\u00e1 m\u00f3ng b\u00ea t\u00f4ng\"}]},{\"@type\":\"WebSite\",\"@id\":\"https:\/\/tranthi.vn\/hatinh\/#website\",\"url\":\"https:\/\/tranthi.vn\/hatinh\/\",\"name\":\"V\u1eadt Li\u1ec7u X\u00e2y D\u1ef1ng Tr\u1ea7n Th\u1ecb Chi Nh\u00e1nh H\u00e0 T\u0129nh\",\"description\":\"V\u1eadt Li\u1ec7u X\u00e2y D\u1ef1ng - H\u00e0 T\u0129nh\",\"potentialAction\":[{\"@type\":\"SearchAction\",\"target\":{\"@type\":\"EntryPoint\",\"urlTemplate\":\"https:\/\/tranthi.vn\/hatinh\/?s={search_term_string}\"},\"query-input\":\"required name=search_term_string\"}],\"inLanguage\":\"vi\"},{\"@type\":\"ImageObject\",\"inLanguage\":\"vi\",\"@id\":\"https:\/\/tranthi.vn\/hatinh\/gia-da-mong-be-tong-hoi-an-tam-ky-quang-nam\/#local-main-organization-logo\",\"url\":\"\",\"contentUrl\":\"\",\"caption\":\"V\u1eadt Li\u1ec7u X\u00e2y D\u1ef1ng Tr\u1ea7n Th\u1ecb Chi Nh\u00e1nh H\u00e0 T\u0129nh\"}]}<\/script>\n<meta property=\"product:price:amount\" content=\"5000\" \/>\n<meta property=\"product:price:currency\" content=\"VND\" \/>\n<meta property=\"og:availability\" content=\"instock\" \/>\n<meta property=\"product:availability\" content=\"instock\" \/>\n<meta property=\"product:condition\" content=\"new\" \/>\n<!-- \/ Yoast SEO Premium plugin. -->","yoast_head_json":{"title":"Gi\u00e1 \u0111\u00e1 m\u00f3ng b\u00ea t\u00f4ng t\u1ea1i Qu\u1ea3ng Nam -Tr\u1ea7n Th\u1ecb 0947.335.871","description":"Tr\u1ea7n Th\u1ecb l\u00e0 nh\u00e0 cung c\u1ea5p \u0111\u00e1 m\u00f3ng b\u00ea t\u00f4ng h\u00e0ng \u0111\u1ea7u t\u1ea1i Qu\u1ea3ng Nam ph\u1ee5c v\u1ee5 t\u1eadn ch\u00e2n c\u00f4ng tr\u00ecnh v\u1edbi gi\u00e1 r\u1ebb nh\u1ea5t th\u1ecb tr\u01b0\u1eddng Qu\u1ea3ng Nam","robots":{"index":"index","follow":"follow","max-snippet":"max-snippet:-1","max-image-preview":"max-image-preview:large","max-video-preview":"max-video-preview:-1"},"canonical":"https:\/\/tranthi.vn\/hatinh\/gia-da-mong-be-tong-hoi-an-tam-ky-quang-nam\/","og_locale":"vi_VN","og_type":"article","og_title":"\u0110\u00e1 m\u00f3ng b\u00ea t\u00f4ng","og_description":"Tr\u1ea7n Th\u1ecb l\u00e0 nh\u00e0 cung c\u1ea5p \u0111\u00e1 m\u00f3ng b\u00ea t\u00f4ng h\u00e0ng \u0111\u1ea7u t\u1ea1i Qu\u1ea3ng Nam ph\u1ee5c v\u1ee5 t\u1eadn ch\u00e2n c\u00f4ng tr\u00ecnh v\u1edbi gi\u00e1 r\u1ebb nh\u1ea5t th\u1ecb tr\u01b0\u1eddng Qu\u1ea3ng Nam","og_url":"https:\/\/tranthi.vn\/hatinh\/gia-da-mong-be-tong-hoi-an-tam-ky-quang-nam\/","og_site_name":"V\u1eadt Li\u1ec7u X\u00e2y D\u1ef1ng Tr\u1ea7n Th\u1ecb Chi Nh\u00e1nh H\u00e0 T\u0129nh","article_modified_time":"2024-07-27T09:32:57+00:00","og_image":[{"width":400,"height":500,"url":"https:\/\/tranthi.vn\/hatinh\/wp-content\/uploads\/2021\/02\/gia-da-mong-be-tong-da-ang_optimized.jpg","type":"image\/jpeg"}],"twitter_card":"summary_large_image","twitter_misc":{"Gi\u00e1":"5,000&nbsp;&#8363;","Kh\u1ea3 d\u1ee5ng":"Trong kho"},"schema":{"@context":"https:\/\/schema.org","@graph":[{"@type":["WebPage","ItemPage"],"@id":"https:\/\/tranthi.vn\/hatinh\/gia-da-mong-be-tong-hoi-an-tam-ky-quang-nam\/","url":"https:\/\/tranthi.vn\/hatinh\/gia-da-mong-be-tong-hoi-an-tam-ky-quang-nam\/","name":"Gi\u00e1 \u0111\u00e1 m\u00f3ng b\u00ea t\u00f4ng t\u1ea1i Qu\u1ea3ng Nam -Tr\u1ea7n Th\u1ecb 0947.335.871","isPartOf":{"@id":"https:\/\/tranthi.vn\/hatinh\/#website"},"primaryImageOfPage":{"@id":"https:\/\/tranthi.vn\/hatinh\/gia-da-mong-be-tong-hoi-an-tam-ky-quang-nam\/#primaryimage"},"image":{"@id":"https:\/\/tranthi.vn\/hatinh\/gia-da-mong-be-tong-hoi-an-tam-ky-quang-nam\/#primaryimage"},"thumbnailUrl":"https:\/\/tranthi.vn\/hatinh\/wp-content\/uploads\/2021\/02\/gia-da-mong-be-tong-da-ang_optimized.jpg","datePublished":"2021-02-18T13:30:06+00:00","dateModified":"2024-07-27T09:32:57+00:00","description":"Tr\u1ea7n Th\u1ecb l\u00e0 nh\u00e0 cung c\u1ea5p \u0111\u00e1 m\u00f3ng b\u00ea t\u00f4ng h\u00e0ng \u0111\u1ea7u t\u1ea1i Qu\u1ea3ng Nam ph\u1ee5c v\u1ee5 t\u1eadn ch\u00e2n c\u00f4ng tr\u00ecnh v\u1edbi gi\u00e1 r\u1ebb nh\u1ea5t th\u1ecb tr\u01b0\u1eddng Qu\u1ea3ng Nam","breadcrumb":{"@id":"https:\/\/tranthi.vn\/hatinh\/gia-da-mong-be-tong-hoi-an-tam-ky-quang-nam\/#breadcrumb"},"inLanguage":"vi","potentialAction":[{"@type":"ReadAction","target":["https:\/\/tranthi.vn\/hatinh\/gia-da-mong-be-tong-hoi-an-tam-ky-quang-nam\/"]}]},{"@type":"ImageObject","inLanguage":"vi","@id":"https:\/\/tranthi.vn\/hatinh\/gia-da-mong-be-tong-hoi-an-tam-ky-quang-nam\/#primaryimage","url":"https:\/\/tranthi.vn\/hatinh\/wp-content\/uploads\/2021\/02\/gia-da-mong-be-tong-da-ang_optimized.jpg","contentUrl":"https:\/\/tranthi.vn\/hatinh\/wp-content\/uploads\/2021\/02\/gia-da-mong-be-tong-da-ang_optimized.jpg","width":400,"height":500,"caption":"gia-da-mong-be-tong-da-ang_optimized"},{"@type":"BreadcrumbList","@id":"https:\/\/tranthi.vn\/hatinh\/gia-da-mong-be-tong-hoi-an-tam-ky-quang-nam\/#breadcrumb","itemListElement":[{"@type":"ListItem","position":1,"name":"Trang ch\u1ee7","item":"https:\/\/tranthi.vn\/hatinh\/"},{"@type":"ListItem","position":2,"name":"Shop","item":"https:\/\/tranthi.vn\/hatinh\/shop\/"},{"@type":"ListItem","position":3,"name":"\u0110\u00e1 m\u00f3ng b\u00ea t\u00f4ng"}]},{"@type":"WebSite","@id":"https:\/\/tranthi.vn\/hatinh\/#website","url":"https:\/\/tranthi.vn\/hatinh\/","name":"V\u1eadt Li\u1ec7u X\u00e2y D\u1ef1ng Tr\u1ea7n Th\u1ecb Chi Nh\u00e1nh H\u00e0 T\u0129nh","description":"V\u1eadt Li\u1ec7u X\u00e2y D\u1ef1ng - H\u00e0 T\u0129nh","potentialAction":[{"@type":"SearchAction","target":{"@type":"EntryPoint","urlTemplate":"https:\/\/tranthi.vn\/hatinh\/?s={search_term_string}"},"query-input":"required name=search_term_string"}],"inLanguage":"vi"},{"@type":"ImageObject","inLanguage":"vi","@id":"https:\/\/tranthi.vn\/hatinh\/gia-da-mong-be-tong-hoi-an-tam-ky-quang-nam\/#local-main-organization-logo","url":"","contentUrl":"","caption":"V\u1eadt Li\u1ec7u X\u00e2y D\u1ef1ng Tr\u1ea7n Th\u1ecb Chi Nh\u00e1nh H\u00e0 T\u0129nh"}]},"product_price_amount":"5000","product_price_currency":"VND","og_availability":"instock","product_availability":"instock","product_condition":"new"},"_links":{"self":[{"href":"https:\/\/tranthi.vn\/hatinh\/wp-json\/wp\/v2\/product\/1546","targetHints":{"allow":["GET"]}}],"collection":[{"href":"https:\/\/tranthi.vn\/hatinh\/wp-json\/wp\/v2\/product"}],"about":[{"href":"https:\/\/tranthi.vn\/hatinh\/wp-json\/wp\/v2\/types\/product"}],"replies":[{"embeddable":true,"href":"https:\/\/tranthi.vn\/hatinh\/wp-json\/wp\/v2\/comments?post=1546"}],"wp:featuredmedia":[{"embeddable":true,"href":"https:\/\/tranthi.vn\/hatinh\/wp-json\/wp\/v2\/media\/3840"}],"wp:attachment":[{"href":"https:\/\/tranthi.vn\/hatinh\/wp-json\/wp\/v2\/media?parent=1546"}],"wp:term":[{"taxonomy":"product_cat","embeddable":true,"href":"https:\/\/tranthi.vn\/hatinh\/wp-json\/wp\/v2\/product_cat?post=1546"},{"taxonomy":"product_tag","embeddable":true,"href":"https:\/\/tranthi.vn\/hatinh\/wp-json\/wp\/v2\/product_tag?post=1546"}],"curies":[{"name":"wp","href":"https:\/\/api.w.org\/{rel}","templated":true}]}}