{"id":1517,"date":"2021-02-17T17:35:32","date_gmt":"2021-02-17T10:35:32","guid":{"rendered":"http:\/\/new-tranthi.test\/san-pham\/son-lot-chong-kiem-ngoai-that-jotun-ultra-primer-thung-17-lit\/"},"modified":"2024-06-13T10:09:54","modified_gmt":"2024-06-13T03:09:54","slug":"gia-son-lot-chong-kiem-ngoai-that-ultra-primer-da-nang","status":"publish","type":"product","link":"https:\/\/tranthi.vn\/hatinh\/gia-son-lot-chong-kiem-ngoai-that-ultra-primer-da-nang\/","title":{"rendered":"Jotun Ultra Primer-17L ( S\u01a1n l\u00f3t ch\u1ed1ng ki\u1ec1m) T"},"content":{"rendered":"","protected":false},"excerpt":{"rendered":"<p><strong><span style=\"font-family: 'times new roman', times, serif; font-size: 130%;\">S\u01a1n l\u00f3t ch\u1ed1ng ki\u1ec1m cao c\u1ea5p ngo\u1ea1i &amp; n\u1ed9i th\u1ea5t th\u00edch h\u1ee3p cho t\u01b0\u1eddng b\u00ea t\u00f4ng m\u1edbi.<\/span><\/strong><\/p>\n<p><span style=\"font-family: 'times new roman', times, serif; font-size: 130%;\">\ud83e\udd70\u01afu \u0111i\u1ec3m:<\/span><\/p>\n<ul>\n<li><span style=\"font-family: 'times new roman', times, serif; font-size: 130%;\">\u0110\u1ed9 b\u00e1m d\u00ednh tuy\u1ec7t h\u1ea3o<\/span><\/li>\n<li><span style=\"font-family: 'times new roman', times, serif; font-size: 130%;\">Kh\u00f4ng loang m\u00e0u<\/span><\/li>\n<li><span style=\"font-family: 'times new roman', times, serif; font-size: 130%;\">Th\u00edch h\u1ee3p cho t\u01b0\u1eddng b\u00ea t\u00f4ng m\u1edbi<\/span><\/li>\n<li><span style=\"font-family: 'times new roman', times, serif; font-size: 130%;\">Ch\u1ed1ng ki\u1ec1m tuy\u1ec7t h\u1ea3o<\/span><\/li>\n<li><span style=\"font-family: 'times new roman', times, serif; font-size: 130%;\">Ch\u1ed1ng th\u1ea5m<\/span><\/li>\n<\/ul>\n<p><span style=\"font-family: 'times new roman', times, serif; font-size: 130%; color: #000000;\">\ud83e\udd70Giao h\u00e0ng trong \u0111\u1ecba b\u00e0n <span style=\"color: #008000;\"><a style=\"color: #008000;\" href=\"https:\/\/fr.wikipedia.org\/wiki\/Da_Nang\">\u0110\u00e0 N\u1eb5ng<\/a><\/span><\/span><\/p>\n<p><span style=\"font-family: 'times new roman', times, serif; font-size: 130%; color: #000000;\">\ud83e\udd70\u0110\u01a1n v\u1ecb t\u00ednh: th\u00f9ng<\/span><\/p>\n<p><span style=\"font-family: 'times new roman', times, serif; font-size: 130%; color: #000000;\">\ud83e\udd70\u0110\u01a1n gi\u00e1 <em><span style=\"color: #008000;\"><a style=\"color: #008000;\" href=\"http:\/\/sonnuocmiennam.com\/son-nuoc\/son-lot-noi-ngoai-cao-cap-jotun-ultra-primer-17-lit\/\">S\u01a1n l\u00f3t ch\u1ed1ng ki\u1ec1m ngo\u1ea1i v\u00e0 n\u1ed9i th\u1ea5t Ultra Primer<\/a><\/span><\/em><\/span><\/p>\n<ul>\n<li><strong><span style=\"font-family: 'times new roman', times, serif; font-size: 130%; color: #000000;\"><span style=\"color: #ff0000;\">710.000\u0111\/5L (m\u00e0u tr\u1eafng)\u00a0<\/span><\/span><\/strong><\/li>\n<li><strong><span style=\"font-family: 'times new roman', times, serif; font-size: 130%; color: #000000;\"><span style=\"color: #ff0000;\">\u00a02.000.000\u0111\/17L (m\u00e0u tr\u1eafng)\u00a0<\/span><\/span><\/strong><\/li>\n<\/ul>\n<p><span style=\"font-family: 'times new roman', times, serif; font-size: 130%;\"><em>\ud83e\udd70\u0110\u01a1n gi\u00e1 \u00e1p d\u1ee5ng khi mua tr\u00ean 5 s\u1ea3n ph\u1ea9m, d\u01b0\u1edbi 5 s\u1ea3n ph\u1ea9m qu\u00fd kh\u00e1ch vui l\u00f2ng ch\u1ecbu ph\u00ed v\u1eadn chuy\u1ec3n<\/em><\/span><\/p>\n<p>&nbsp;<\/p>\n","protected":false},"featured_media":1516,"comment_status":"open","ping_status":"closed","template":"","meta":[],"product_cat":[139,153,155],"product_tag":[],"class_list":{"0":"post-1517","1":"product","2":"type-product","3":"status-publish","4":"has-post-thumbnail","6":"product_cat-son","7":"product_cat-son-jotun-tai-da-nang","8":"product_cat-son-lot-chong-kiem-jotun","10":"first","11":"instock","12":"sale","13":"shipping-taxable","14":"purchasable","15":"product-type-simple"},"yoast_head":"<!-- This site is optimized with the Yoast SEO Premium plugin v22.3 (Yoast SEO v22.8) - https:\/\/yoast.com\/wordpress\/plugins\/seo\/ -->\n<title>Gi\u00e1 s\u01a1n l\u00f3t ch\u1ed1ng ki\u1ec1m Jotun ultra primer t\u1ea1i \u0110\u00e0 N\u1eb5ng - 0903.595.049<\/title>\n<meta name=\"description\" content=\"Tr\u1ea7n Th\u1ecb l\u00e0 \u0111\u1ea1i l\u00fd s\u01a1n l\u00f3t ch\u1ed1ng ki\u1ec1m ngo\u1ea1i th\u1ea5t Jotun ultra primer t\u1ea1i \u0110\u00e0 N\u1eb5ng, ph\u1ee5c v\u1ee5 t\u1eadn ch\u00e2n c\u00f4ng tr\u00ecnh v\u1edbi gi\u00e1 r\u1ebb nh\u1ea5t th\u1ecb tr\u01b0\u1eddng\" \/>\n<meta name=\"robots\" content=\"index, follow, max-snippet:-1, max-image-preview:large, max-video-preview:-1\" \/>\n<link rel=\"canonical\" href=\"https:\/\/tranthi.vn\/hatinh\/gia-son-lot-chong-kiem-ngoai-that-ultra-primer-da-nang\/\" \/>\n<meta property=\"og:locale\" content=\"vi_VN\" \/>\n<meta property=\"og:type\" content=\"article\" \/>\n<meta property=\"og:title\" content=\"Jotun Ultra Primer-17L ( S\u01a1n l\u00f3t ch\u1ed1ng ki\u1ec1m) T\" \/>\n<meta property=\"og:description\" content=\"Tr\u1ea7n Th\u1ecb l\u00e0 \u0111\u1ea1i l\u00fd s\u01a1n l\u00f3t ch\u1ed1ng ki\u1ec1m ngo\u1ea1i th\u1ea5t Jotun ultra primer t\u1ea1i \u0110\u00e0 N\u1eb5ng, ph\u1ee5c v\u1ee5 t\u1eadn ch\u00e2n c\u00f4ng tr\u00ecnh v\u1edbi gi\u00e1 r\u1ebb nh\u1ea5t th\u1ecb tr\u01b0\u1eddng\" \/>\n<meta property=\"og:url\" content=\"https:\/\/tranthi.vn\/hatinh\/gia-son-lot-chong-kiem-ngoai-that-ultra-primer-da-nang\/\" \/>\n<meta property=\"og:site_name\" content=\"V\u1eadt Li\u1ec7u X\u00e2y D\u1ef1ng Tr\u1ea7n Th\u1ecb Chi Nh\u00e1nh H\u00e0 T\u0129nh\" \/>\n<meta property=\"article:modified_time\" content=\"2024-06-13T03:09:54+00:00\" \/>\n<meta property=\"og:image\" content=\"https:\/\/tranthi.vn\/hatinh\/wp-content\/uploads\/2021\/02\/san-nhua-hem-khoa_optimized.jpg\" \/>\n\t<meta property=\"og:image:width\" content=\"300\" \/>\n\t<meta property=\"og:image:height\" content=\"300\" \/>\n\t<meta property=\"og:image:type\" content=\"image\/jpeg\" \/>\n<meta name=\"twitter:card\" content=\"summary_large_image\" \/>\n<meta name=\"twitter:label1\" content=\"Gi\u00e1\" \/>\n\t<meta name=\"twitter:data1\" content=\"2,000,000&nbsp;&#8363;\" \/>\n\t<meta name=\"twitter:label2\" content=\"Kh\u1ea3 d\u1ee5ng\" \/>\n\t<meta name=\"twitter:data2\" content=\"Trong kho\" \/>\n<script type=\"application\/ld+json\" class=\"yoast-schema-graph\">{\"@context\":\"https:\/\/schema.org\",\"@graph\":[{\"@type\":[\"WebPage\",\"ItemPage\"],\"@id\":\"https:\/\/tranthi.vn\/hatinh\/gia-son-lot-chong-kiem-ngoai-that-ultra-primer-da-nang\/\",\"url\":\"https:\/\/tranthi.vn\/hatinh\/gia-son-lot-chong-kiem-ngoai-that-ultra-primer-da-nang\/\",\"name\":\"Gi\u00e1 s\u01a1n l\u00f3t ch\u1ed1ng ki\u1ec1m Jotun ultra primer t\u1ea1i \u0110\u00e0 N\u1eb5ng - 0903.595.049\",\"isPartOf\":{\"@id\":\"https:\/\/tranthi.vn\/hatinh\/#website\"},\"primaryImageOfPage\":{\"@id\":\"https:\/\/tranthi.vn\/hatinh\/gia-son-lot-chong-kiem-ngoai-that-ultra-primer-da-nang\/#primaryimage\"},\"image\":{\"@id\":\"https:\/\/tranthi.vn\/hatinh\/gia-son-lot-chong-kiem-ngoai-that-ultra-primer-da-nang\/#primaryimage\"},\"thumbnailUrl\":\"https:\/\/tranthi.vn\/hatinh\/wp-content\/uploads\/2021\/02\/san-nhua-hem-khoa_optimized.jpg\",\"datePublished\":\"2021-02-17T10:35:32+00:00\",\"dateModified\":\"2024-06-13T03:09:54+00:00\",\"description\":\"Tr\u1ea7n Th\u1ecb l\u00e0 \u0111\u1ea1i l\u00fd s\u01a1n l\u00f3t ch\u1ed1ng ki\u1ec1m ngo\u1ea1i th\u1ea5t Jotun ultra primer t\u1ea1i \u0110\u00e0 N\u1eb5ng, ph\u1ee5c v\u1ee5 t\u1eadn ch\u00e2n c\u00f4ng tr\u00ecnh v\u1edbi gi\u00e1 r\u1ebb nh\u1ea5t th\u1ecb tr\u01b0\u1eddng\",\"breadcrumb\":{\"@id\":\"https:\/\/tranthi.vn\/hatinh\/gia-son-lot-chong-kiem-ngoai-that-ultra-primer-da-nang\/#breadcrumb\"},\"inLanguage\":\"vi\",\"potentialAction\":[{\"@type\":\"ReadAction\",\"target\":[\"https:\/\/tranthi.vn\/hatinh\/gia-son-lot-chong-kiem-ngoai-that-ultra-primer-da-nang\/\"]}]},{\"@type\":\"ImageObject\",\"inLanguage\":\"vi\",\"@id\":\"https:\/\/tranthi.vn\/hatinh\/gia-son-lot-chong-kiem-ngoai-that-ultra-primer-da-nang\/#primaryimage\",\"url\":\"https:\/\/tranthi.vn\/hatinh\/wp-content\/uploads\/2021\/02\/san-nhua-hem-khoa_optimized.jpg\",\"contentUrl\":\"https:\/\/tranthi.vn\/hatinh\/wp-content\/uploads\/2021\/02\/san-nhua-hem-khoa_optimized.jpg\",\"width\":300,\"height\":300},{\"@type\":\"BreadcrumbList\",\"@id\":\"https:\/\/tranthi.vn\/hatinh\/gia-son-lot-chong-kiem-ngoai-that-ultra-primer-da-nang\/#breadcrumb\",\"itemListElement\":[{\"@type\":\"ListItem\",\"position\":1,\"name\":\"Trang ch\u1ee7\",\"item\":\"https:\/\/tranthi.vn\/hatinh\/\"},{\"@type\":\"ListItem\",\"position\":2,\"name\":\"Shop\",\"item\":\"https:\/\/tranthi.vn\/hatinh\/shop\/\"},{\"@type\":\"ListItem\",\"position\":3,\"name\":\"Jotun Ultra Primer-17L ( S\u01a1n l\u00f3t ch\u1ed1ng ki\u1ec1m) T\"}]},{\"@type\":\"WebSite\",\"@id\":\"https:\/\/tranthi.vn\/hatinh\/#website\",\"url\":\"https:\/\/tranthi.vn\/hatinh\/\",\"name\":\"V\u1eadt Li\u1ec7u X\u00e2y D\u1ef1ng Tr\u1ea7n Th\u1ecb Chi Nh\u00e1nh H\u00e0 T\u0129nh\",\"description\":\"V\u1eadt Li\u1ec7u X\u00e2y D\u1ef1ng - H\u00e0 T\u0129nh\",\"potentialAction\":[{\"@type\":\"SearchAction\",\"target\":{\"@type\":\"EntryPoint\",\"urlTemplate\":\"https:\/\/tranthi.vn\/hatinh\/?s={search_term_string}\"},\"query-input\":\"required name=search_term_string\"}],\"inLanguage\":\"vi\"},{\"@type\":\"ImageObject\",\"inLanguage\":\"vi\",\"@id\":\"https:\/\/tranthi.vn\/hatinh\/gia-son-lot-chong-kiem-ngoai-that-ultra-primer-da-nang\/#local-main-organization-logo\",\"url\":\"\",\"contentUrl\":\"\",\"caption\":\"V\u1eadt Li\u1ec7u X\u00e2y D\u1ef1ng Tr\u1ea7n Th\u1ecb Chi Nh\u00e1nh H\u00e0 T\u0129nh\"}]}<\/script>\n<meta property=\"product:price:amount\" content=\"2000000\" \/>\n<meta property=\"product:price:currency\" content=\"VND\" \/>\n<meta property=\"og:availability\" content=\"instock\" \/>\n<meta property=\"product:availability\" content=\"instock\" \/>\n<meta property=\"product:condition\" content=\"new\" \/>\n<!-- \/ Yoast SEO Premium plugin. -->","yoast_head_json":{"title":"Gi\u00e1 s\u01a1n l\u00f3t ch\u1ed1ng ki\u1ec1m Jotun ultra primer t\u1ea1i \u0110\u00e0 N\u1eb5ng - 0903.595.049","description":"Tr\u1ea7n Th\u1ecb l\u00e0 \u0111\u1ea1i l\u00fd s\u01a1n l\u00f3t ch\u1ed1ng ki\u1ec1m ngo\u1ea1i th\u1ea5t Jotun ultra primer t\u1ea1i \u0110\u00e0 N\u1eb5ng, ph\u1ee5c v\u1ee5 t\u1eadn ch\u00e2n c\u00f4ng tr\u00ecnh v\u1edbi gi\u00e1 r\u1ebb nh\u1ea5t th\u1ecb tr\u01b0\u1eddng","robots":{"index":"index","follow":"follow","max-snippet":"max-snippet:-1","max-image-preview":"max-image-preview:large","max-video-preview":"max-video-preview:-1"},"canonical":"https:\/\/tranthi.vn\/hatinh\/gia-son-lot-chong-kiem-ngoai-that-ultra-primer-da-nang\/","og_locale":"vi_VN","og_type":"article","og_title":"Jotun Ultra Primer-17L ( S\u01a1n l\u00f3t ch\u1ed1ng ki\u1ec1m) T","og_description":"Tr\u1ea7n Th\u1ecb l\u00e0 \u0111\u1ea1i l\u00fd s\u01a1n l\u00f3t ch\u1ed1ng ki\u1ec1m ngo\u1ea1i th\u1ea5t Jotun ultra primer t\u1ea1i \u0110\u00e0 N\u1eb5ng, ph\u1ee5c v\u1ee5 t\u1eadn ch\u00e2n c\u00f4ng tr\u00ecnh v\u1edbi gi\u00e1 r\u1ebb nh\u1ea5t th\u1ecb tr\u01b0\u1eddng","og_url":"https:\/\/tranthi.vn\/hatinh\/gia-son-lot-chong-kiem-ngoai-that-ultra-primer-da-nang\/","og_site_name":"V\u1eadt Li\u1ec7u X\u00e2y D\u1ef1ng Tr\u1ea7n Th\u1ecb Chi Nh\u00e1nh H\u00e0 T\u0129nh","article_modified_time":"2024-06-13T03:09:54+00:00","og_image":[{"width":300,"height":300,"url":"https:\/\/tranthi.vn\/hatinh\/wp-content\/uploads\/2021\/02\/san-nhua-hem-khoa_optimized.jpg","type":"image\/jpeg"}],"twitter_card":"summary_large_image","twitter_misc":{"Gi\u00e1":"2,000,000&nbsp;&#8363;","Kh\u1ea3 d\u1ee5ng":"Trong kho"},"schema":{"@context":"https:\/\/schema.org","@graph":[{"@type":["WebPage","ItemPage"],"@id":"https:\/\/tranthi.vn\/hatinh\/gia-son-lot-chong-kiem-ngoai-that-ultra-primer-da-nang\/","url":"https:\/\/tranthi.vn\/hatinh\/gia-son-lot-chong-kiem-ngoai-that-ultra-primer-da-nang\/","name":"Gi\u00e1 s\u01a1n l\u00f3t ch\u1ed1ng ki\u1ec1m Jotun ultra primer t\u1ea1i \u0110\u00e0 N\u1eb5ng - 0903.595.049","isPartOf":{"@id":"https:\/\/tranthi.vn\/hatinh\/#website"},"primaryImageOfPage":{"@id":"https:\/\/tranthi.vn\/hatinh\/gia-son-lot-chong-kiem-ngoai-that-ultra-primer-da-nang\/#primaryimage"},"image":{"@id":"https:\/\/tranthi.vn\/hatinh\/gia-son-lot-chong-kiem-ngoai-that-ultra-primer-da-nang\/#primaryimage"},"thumbnailUrl":"https:\/\/tranthi.vn\/hatinh\/wp-content\/uploads\/2021\/02\/san-nhua-hem-khoa_optimized.jpg","datePublished":"2021-02-17T10:35:32+00:00","dateModified":"2024-06-13T03:09:54+00:00","description":"Tr\u1ea7n Th\u1ecb l\u00e0 \u0111\u1ea1i l\u00fd s\u01a1n l\u00f3t ch\u1ed1ng ki\u1ec1m ngo\u1ea1i th\u1ea5t Jotun ultra primer t\u1ea1i \u0110\u00e0 N\u1eb5ng, ph\u1ee5c v\u1ee5 t\u1eadn ch\u00e2n c\u00f4ng tr\u00ecnh v\u1edbi gi\u00e1 r\u1ebb nh\u1ea5t th\u1ecb tr\u01b0\u1eddng","breadcrumb":{"@id":"https:\/\/tranthi.vn\/hatinh\/gia-son-lot-chong-kiem-ngoai-that-ultra-primer-da-nang\/#breadcrumb"},"inLanguage":"vi","potentialAction":[{"@type":"ReadAction","target":["https:\/\/tranthi.vn\/hatinh\/gia-son-lot-chong-kiem-ngoai-that-ultra-primer-da-nang\/"]}]},{"@type":"ImageObject","inLanguage":"vi","@id":"https:\/\/tranthi.vn\/hatinh\/gia-son-lot-chong-kiem-ngoai-that-ultra-primer-da-nang\/#primaryimage","url":"https:\/\/tranthi.vn\/hatinh\/wp-content\/uploads\/2021\/02\/san-nhua-hem-khoa_optimized.jpg","contentUrl":"https:\/\/tranthi.vn\/hatinh\/wp-content\/uploads\/2021\/02\/san-nhua-hem-khoa_optimized.jpg","width":300,"height":300},{"@type":"BreadcrumbList","@id":"https:\/\/tranthi.vn\/hatinh\/gia-son-lot-chong-kiem-ngoai-that-ultra-primer-da-nang\/#breadcrumb","itemListElement":[{"@type":"ListItem","position":1,"name":"Trang ch\u1ee7","item":"https:\/\/tranthi.vn\/hatinh\/"},{"@type":"ListItem","position":2,"name":"Shop","item":"https:\/\/tranthi.vn\/hatinh\/shop\/"},{"@type":"ListItem","position":3,"name":"Jotun Ultra Primer-17L ( S\u01a1n l\u00f3t ch\u1ed1ng ki\u1ec1m) T"}]},{"@type":"WebSite","@id":"https:\/\/tranthi.vn\/hatinh\/#website","url":"https:\/\/tranthi.vn\/hatinh\/","name":"V\u1eadt Li\u1ec7u X\u00e2y D\u1ef1ng Tr\u1ea7n Th\u1ecb Chi Nh\u00e1nh H\u00e0 T\u0129nh","description":"V\u1eadt Li\u1ec7u X\u00e2y D\u1ef1ng - H\u00e0 T\u0129nh","potentialAction":[{"@type":"SearchAction","target":{"@type":"EntryPoint","urlTemplate":"https:\/\/tranthi.vn\/hatinh\/?s={search_term_string}"},"query-input":"required name=search_term_string"}],"inLanguage":"vi"},{"@type":"ImageObject","inLanguage":"vi","@id":"https:\/\/tranthi.vn\/hatinh\/gia-son-lot-chong-kiem-ngoai-that-ultra-primer-da-nang\/#local-main-organization-logo","url":"","contentUrl":"","caption":"V\u1eadt Li\u1ec7u X\u00e2y D\u1ef1ng Tr\u1ea7n Th\u1ecb Chi Nh\u00e1nh H\u00e0 T\u0129nh"}]},"product_price_amount":"2000000","product_price_currency":"VND","og_availability":"instock","product_availability":"instock","product_condition":"new"},"_links":{"self":[{"href":"https:\/\/tranthi.vn\/hatinh\/wp-json\/wp\/v2\/product\/1517","targetHints":{"allow":["GET"]}}],"collection":[{"href":"https:\/\/tranthi.vn\/hatinh\/wp-json\/wp\/v2\/product"}],"about":[{"href":"https:\/\/tranthi.vn\/hatinh\/wp-json\/wp\/v2\/types\/product"}],"replies":[{"embeddable":true,"href":"https:\/\/tranthi.vn\/hatinh\/wp-json\/wp\/v2\/comments?post=1517"}],"wp:featuredmedia":[{"embeddable":true,"href":"https:\/\/tranthi.vn\/hatinh\/wp-json\/wp\/v2\/media\/1516"}],"wp:attachment":[{"href":"https:\/\/tranthi.vn\/hatinh\/wp-json\/wp\/v2\/media?parent=1517"}],"wp:term":[{"taxonomy":"product_cat","embeddable":true,"href":"https:\/\/tranthi.vn\/hatinh\/wp-json\/wp\/v2\/product_cat?post=1517"},{"taxonomy":"product_tag","embeddable":true,"href":"https:\/\/tranthi.vn\/hatinh\/wp-json\/wp\/v2\/product_tag?post=1517"}],"curies":[{"name":"wp","href":"https:\/\/api.w.org\/{rel}","templated":true}]}}