{"id":1490,"date":"2021-02-17T16:08:27","date_gmt":"2021-02-17T16:08:27","guid":{"rendered":"http:\/\/new-tranthi.test\/san-pham\/son-gia-da-kova-hat-lon-gia-3-232-000-20kg\/"},"modified":"2024-05-30T15:00:40","modified_gmt":"2024-05-30T08:00:40","slug":"gia-son-gia-da-kova-hat-lon-tai-da-nang","status":"publish","type":"product","link":"https:\/\/tranthi.vn\/hatinh\/gia-son-gia-da-kova-hat-lon-tai-da-nang\/","title":{"rendered":"S\u01a1n Gi\u1ea3 \u0110\u00e1 Kova H\u1ea1t L\u1edbn Gi\u00e1: 3.492.000\/ 20kg"},"content":{"rendered":"<h1 style=\"text-align: center;\"><a href=\"https:\/\/tranthi.vn\/quangnam\/gia-son-gia-da-kova-hat-lon-tai-da-nang\/\"><strong><span style=\"color: #ff0000; font-family: 'times new roman', times, serif; font-size: 130%;\">GI\u00c1 S\u01a0N GI\u1ea2 \u0110\u00c1 KOVA T\u1ea0I \u0110\u00c0 N\u1eb4NG<\/span><\/strong><\/a><\/h1>\n<p><span style=\"color: #333300; font-family: times new roman, times, serif;\"><span style=\"font-size: 18.6667px;\"><strong><em>S\u01a1n gi\u1ea3 \u0111\u00e1 Kova<\/em><\/strong> l\u00e0 d\u00f2ng s\u01a1n \u0111ang r\u1ea5t \u0111\u01b0\u1ee3c chu\u1ed9ng t\u1ea1i th\u1ecb tr\u01b0\u1eddng <strong><em>\u0110\u00e0 N\u1eb5ng, s<\/em><\/strong>\u1ea3n ph\u1ea9m v\u1edbi ch\u1ee9c n\u0103ng thay th\u1ebf \u0111\u00e1 t\u1ef1 nhi\u00ean m\u00e0 v\u1eabn \u0111\u1ea3m b\u1ea3o \u0111\u1ed9 \u0111\u1eb9p v\u00e0 sang tr\u1ecdng cho c\u00f4ng tr\u00ecnh v\u00e0 <strong><em>gi\u00e1<\/em><\/strong> th\u00e0nh th\u1ea5p. S\u01a1n g\u1ed3m h\u1ea1t m\u1ecbn v\u00e0 h\u1ea1t trung t\u00f9y v\u00e0o <\/span><\/span><\/p>\n<h2><span style=\"font-size: 14pt;\"><strong><span style=\"font-family: 'times new roman', times, serif; color: #ff0000;\">1. S\u01a0N GI\u1ea2 \u0110\u00c1 L\u00c0 G\u00cc?<\/span><\/strong><\/span><\/h2>\n<p><span style=\"font-family: 'times new roman', times, serif; font-size: 14pt; color: #333300;\"><strong><em>S\u01a1n gi\u1ea3 \u0111\u00e1<\/em><\/strong> \u0111\u01b0\u1ee3c xem l\u00e0 m\u1ed9t lo\u1ea1i s\u01a1n trang tr\u00ed, n\u00f3 gi\u00fap cho b\u1ec1 m\u1eb7t t\u01b0\u1eddng s\u01a1n \u0111\u01b0\u1ee3c trang tr\u00ed m\u1ed9t l\u1edbp nh\u01b0 \u0111\u00e1 t\u1ef1 nhi\u00ean v\u00e0 kh\u00f4ng k\u00e9m ph\u1ea7n sang tr\u1ecdng. S\u01a1n gi\u1ea3 \u0111\u00e1 th\u01b0\u1eddng \u0111\u01b0\u1ee3c d\u00f9ng \u0111\u1ec3 s\u01a1n l\u00ean t\u01b0\u1eddng, tr\u1ea7n nh\u00e0 ho\u1eb7c nh\u1eefng c\u00f4ng tr\u00ecnh \u0111\u00f2i h\u1ecfi t\u00ednh th\u1ea9m m\u1ef9 v\u00e0 ki\u1ebfn tr\u00fac cao\u00a0<\/span><\/p>\n<p><img loading=\"lazy\" decoding=\"async\" class=\"alignnone size-full wp-image-2866 aligncenter\" src=\"https:\/\/tranthi.vn\/quangnam\/wp-content\/uploads\/2021\/02\/unnamed_optimized.jpg\" alt=\"gi\u00e1 s\u01a1n gi\u1ea3 \u0111\u00e1 kova \u0111\u00e0 n\u1eb5ng\" width=\"225\" height=\"225\" srcset=\"https:\/\/tranthi.vn\/hatinh\/wp-content\/uploads\/2021\/02\/unnamed_optimized.jpg 225w, https:\/\/tranthi.vn\/hatinh\/wp-content\/uploads\/2021\/02\/unnamed_optimized-100x100.jpg 100w\" sizes=\"auto, (max-width: 225px) 100vw, 225px\" \/><\/p>\n<p style=\"text-align: center;\"><span style=\"font-size: 14pt; font-family: 'times new roman', times, serif;\"><em><span style=\"color: #008000;\">B\u1ea3ng m\u00e0u s\u01a1n gi\u1ea3 \u0111\u00e1 kova h\u1ea1t l\u1edbn<\/span><\/em><\/span><\/p>\n<p><span style=\"font-family: 'times new roman', times, serif; font-size: 14pt; color: #333300;\">B\u1ec1 m\u1eb7t c\u1ee7a l\u1edbp s\u01a1n gi\u1ea3 \u0111\u00e1 l\u00e0 m\u1ed9t l\u1edbp s\u01a1n d\u1ebbo ch\u1ee9a c\u00e1c h\u1ea1t khi s\u01a1n s\u1ebd x\u1ebfp ch\u1ed1ng l\u00ean nhau. N\u1ebfu ch\u1ecdn lo\u1ea1i s\u01a1n m\u1ecbn th\u00ec h\u1ea1t s\u1ebd nh\u1ecf n\u1ebfu ch\u1ecdn lo\u1ea1i s\u01a1n h\u1ea1t l\u1edbn th\u00ec c\u00e1c l\u1edbp x\u1ebfp ch\u1ed3ng l\u00ean nhau t\u01b0\u01a1ng t\u1ef1 nh\u01b0 v\u1ea3y c\u00e1. Tr\u00ean th\u1ecb tr\u01b0\u1eddng hi\u1ec7n nay c\u00f3 r\u1ea5t nhi\u1ec1u lo\u1ea1i s\u01a1n gi\u1ea3 \u0111\u00e1. <\/span><\/p>\n<p><span style=\"font-family: 'times new roman', times, serif; font-size: 14pt; color: #333300;\">Tuy nhi\u00ean n\u1ebfu ch\u1ea5t l\u01b0\u1ee3ng s\u01a1n kh\u00f4ng t\u1ed1t s\u1ebd l\u00e0m n\u1eb7ng c\u00f4ng tr\u00ecnh v\u00e0 \u0111\u1ed9 b\u00e1m d\u00ednh k\u00e9m. Th\u00f4ng th\u01b0\u1eddng\u00a0c\u00e1c ki\u1ebfn tr\u00fac s\u01b0 hay ch\u1ecdn <strong><em>s\u01a1n gi\u1ea3 \u0111\u00e1 c\u1ee7a kova<\/em><\/strong> do \u0111\u01b0\u1ee3c s\u1ea3n xu\u1ea5t th\u00edch h\u1ee3p v\u1edbi kh\u00ed h\u1eadu nhi\u1ec7t \u0111\u1edbi c\u1ee7a \u0110\u00e0 N\u1eb5ng. M\u00e0 v\u1eabn \u0111\u1ea3m b\u1ea3o t\u00ednh th\u1ea9m m\u1ef9 v\u00e0 kh\u00f4ng l\u00e0m n\u1eb7ng c\u00f4ng tr\u00ecnh\u00a0<\/span><\/p>\n<h2><span style=\"color: #ff0000;\"><strong><span style=\"font-family: 'times new roman', times, serif; font-size: 14pt;\">2. GI\u00c1 S\u01a0N GI\u1ea2 \u0110\u00c1 KOVA T\u1ea0I \u0110\u00c0 N\u1eb4NG<\/span><\/strong><\/span><\/h2>\n<p><span style=\"font-family: 'times new roman', times, serif; font-size: 14pt; color: #000000;\">T\u1ea1i <em><strong>\u0110\u00e0 N\u1eb5ng<\/strong><\/em>,\u00a0<strong><em>s\u01a1n gi\u1ea3 \u0111\u00e1 kova<\/em><\/strong> ch\u01b0a th\u1ef1c s\u1ef1 th\u1ecbnh h\u00e0nh n\u00ean \u0111a s\u1ed1 \u0111\u01b0\u1ee3c s\u1eed d\u1ee5ng \u1edf nh\u1eefng c\u00f4ng tr\u00ecnh l\u1edbn, <a href=\"https:\/\/vi.wikipedia.org\/wiki\/Gi%C3%A1_c%E1%BA%A3#:~:text=Gi%C3%A1%20c%E1%BA%A3%20l%C3%A0%20bi%E1%BB%83u%20hi%E1%BB%87n,m%E1%BB%99t%20t%C3%A0i%20s%E1%BA%A3n%20n%C3%A0o%20%C4%91%C3%B3.\"><em><strong>gi\u00e1<\/strong><\/em><\/a> s\u01a1n ph\u1ee5 thu\u1ed9c v\u00e0o \u0111\u1ed9 l\u1edbn nh\u1ecf c\u1ee7a h\u1ea1t s\u01a1n<\/span><\/p>\n<ul>\n<li><span style=\"font-family: 'times new roman', times, serif; font-size: 14pt; color: #000000;\">S\u01a1n gi\u1ea3 \u0111\u00e1 v\u1ea3y trung: 4kg: <strong><span style=\"color: #ff0000;\">730.000<\/span><\/strong><\/span><\/li>\n<\/ul>\n<p><span style=\"font-family: 'times new roman', times, serif; font-size: 14pt; color: #000000;\">\u00a0 \u00a0 \u00a0 \u00a0 \u00a0 \u00a0 \u00a0 \u00a0 \u00a0 \u00a0 \u00a0 \u00a0 \u00a0 \u00a0 \u00a0 \u00a0 \u00a0 \u00a0 20kg: <strong><span style=\"color: #ff0000;\">3.290.000<\/span><\/strong><\/span><\/p>\n<ul>\n<li><span style=\"font-family: 'times new roman', times, serif; font-size: 14pt; color: #000000;\">S\u01a1n gi\u1ea3 \u0111\u00e1 v\u1ea3y nh\u1ecf: 4kg: <strong><span style=\"color: #ff0000;\">535.000<\/span><\/strong><\/span><\/li>\n<\/ul>\n<p><span style=\"font-family: 'times new roman', times, serif; font-size: 14pt; color: #000000;\">\u00a0 \u00a0 \u00a0 \u00a0 \u00a0 \u00a0 \u00a0 \u00a0 \u00a0 \u00a0 \u00a0 \u00a0 \u00a0 \u00a0 \u00a0 \u00a0 \u00a020kg:<strong><span style=\"color: #ff0000;\"> 2.358.000<\/span><\/strong><\/span><\/p>\n<h2><span style=\"color: #ff0000; font-size: 14pt;\"><strong><span style=\"font-family: 'times new roman', times, serif;\"><img loading=\"lazy\" decoding=\"async\" class=\"alignnone size-full wp-image-2865 aligncenter\" src=\"https:\/\/tranthi.vn\/quangnam\/wp-content\/uploads\/2021\/02\/images_optimized.jpg\" alt=\"\" width=\"259\" height=\"194\" \/><\/span><\/strong><\/span><\/h2>\n<p style=\"text-align: center;\"><span style=\"color: #008000; font-family: times new roman, times, serif;\"><span style=\"font-size: 18.6667px;\"><i>Gi\u1ea3 \u0111\u00e1 v\u1ea3y trung gi\u00e1 s\u1ebd cao h\u01a1n s\u01a1n gi\u1ea3 \u0111\u00e1 h\u1ea1t m\u1ecbn<\/i><\/span><\/span><\/p>\n<h2><span style=\"color: #ff0000; font-size: 14pt;\"><strong><span style=\"font-family: 'times new roman', times, serif;\">3. QUY TR\u00ccNH THI C\u00d4NG S\u01a0N GI\u1ea2 \u0110\u00c1<\/span><\/strong><\/span><\/h2>\n<p><span style=\"color: #008080;\"><strong><span style=\"font-family: 'times new roman', times, serif; font-size: 14pt;\">a) Chu\u1ea9n b\u1ecb<\/span><\/strong><\/span><\/p>\n<ul>\n<li><span style=\"font-family: 'times new roman', times, serif; font-size: 14pt; color: #333300;\">Rulo<\/span><\/li>\n<li><span style=\"font-family: 'times new roman', times, serif; font-size: 14pt; color: #333300;\">Ch\u1ed5i<\/span><\/li>\n<li><span style=\"font-family: 'times new roman', times, serif; font-size: 14pt; color: #333300;\">C\u1ecd l\u0103n<\/span><\/li>\n<li><span style=\"font-family: 'times new roman', times, serif; font-size: 14pt; color: #333300;\">Gi\u1ea5y nh\u00e1m<\/span><\/li>\n<li><span style=\"font-family: 'times new roman', times, serif; font-size: 14pt; color: #333300;\">M\u00e1y kh\u00ed n\u00e9n<\/span><\/li>\n<li><span style=\"font-family: 'times new roman', times, serif; font-size: 14pt; color: #333300;\">P\u00e9p phun s\u01a1n<\/span><\/li>\n<\/ul>\n<p><strong><span style=\"font-family: 'times new roman', times, serif; font-size: 14pt; color: #008080;\">b) Chu\u1ea9n b\u1ecb b\u1ec1 m\u1eb7t<\/span><\/strong><\/p>\n<ul>\n<li><span style=\"font-family: 'times new roman', times, serif; font-size: 14pt; color: #333300;\">D\u00f9ng gi\u1ea5y nh\u00e1m \u0111\u00e1 m\u00e0i v\u1ec7 sinh m\u00e0i b\u1ec1 m\u1eb7t t\u01b0\u1eddng.<\/span><\/li>\n<li><span style=\"font-family: 'times new roman', times, serif; font-size: 14pt; color: #333300;\">D\u00f9ng ch\u1ed5i, kh\u0103n \u1ea9m lau s\u1ea1ch b\u1ee5i ph\u1ea5n tr\u00ean b\u1ec1 m\u1eb7t t\u01b0\u1eddng.<\/span><\/li>\n<li><span style=\"font-family: 'times new roman', times, serif; font-size: 14pt; color: #333300;\">D\u00f9ng v\u1eefa xi m\u0103ng c\u00e1t (ho\u1eb7c matit) v\u00e1 s\u1eeda nh\u1eefng \u0111i\u1ec3m l\u1ed3i l\u00f5m (n\u1ebfu c\u00f3)<\/span><\/li>\n<\/ul>\n<p><span style=\"color: #008080;\"><strong><span style=\"font-family: 'times new roman', times, serif; font-size: 14pt;\">c) Thi c\u00f4ng<\/span><\/strong><\/span><\/p>\n<ul>\n<li><span style=\"font-family: 'times new roman', times, serif; font-size: 14pt; color: #333300;\">D\u00f9ng Rulo, ch\u1ed5i c\u1ecd l\u0103n l\u00f3t t\u1eeb 1 \u2013 2 l\u1edbp s\u01a1n l\u00f3t ch\u1ed1ng ki\u1ec1m K 209 \u2013 GOLD<\/span><\/li>\n<li><span style=\"font-family: 'times new roman', times, serif; font-size: 14pt; color: #333300;\">D\u00f9ng Rulo, ch\u1ed5i c\u1ecd l\u0103n l\u00f3t t\u1eeb 1 \u2013 2 l\u1edbp s\u01a1n l\u00f3t ch\u1ed1ng ki\u1ec1m K 209 \u2013 GOLD<\/span><\/li>\n<li><span style=\"font-family: 'times new roman', times, serif; font-size: 14pt; color: #333300;\">D\u00f9ng b\u00e0n b\u1ea3, Rulo l\u0103n s\u01a1n nh\u00fang n\u01b0\u1edbc l\u0103n d\u00e0n \u0111\u1ec1u h\u1ea1t gi\u1ea3 \u0111\u00e1 \u0111\u00e3 phun \u1edf tr\u00ean.<\/span><\/li>\n<\/ul>\n<p><span style=\"font-family: 'times new roman', times, serif; font-size: 14pt; color: #333300;\">+ Ph\u1ee7 b\u00f3ng Clear N KOVA<\/span><\/p>\n<ul>\n<li><span style=\"font-family: 'times new roman', times, serif; font-size: 14pt; color: #333300;\">D\u00f9ng gi\u1ea5y nh\u00e1m, ch\u00e0 nh\u1eb5n b\u1ec1 m\u1eb7t s\u01a1n (gi\u1ea5y nh\u00e1m lo\u1ea1i m\u1ecbn)<\/span><\/li>\n<li><span style=\"font-family: 'times new roman', times, serif; font-size: 14pt; color: #333300;\">D\u00f9ng ch\u1ed5i, gi\u1ebb \u1ea9m v\u1ec7 sinh b\u1ee5i tr\u00ean b\u1ec1 m\u1eb7t s\u01a1n gi\u1ea3 \u0111\u00e1.<\/span><\/li>\n<li><span style=\"font-family: 'times new roman', times, serif; font-size: 14pt; color: #333300;\">D\u00f9ng Rulo ch\u1ed5i c\u1ecd ph\u1ee7 02 l\u1edbp clear N KOVA l\u00ean b\u1ec1 m\u1eb7t s\u01a1n gi\u1ea3 \u0111\u00e1. C\u00e1c l\u1edbp c\u00e1ch nhau sau 4 \u2013 6 gi\u1edd<\/span><\/li>\n<\/ul>\n<p><span style=\"font-size: 14pt; color: #ff0000;\"><strong><span style=\"font-family: 'times new roman', times, serif;\">Video h\u01b0\u1edbng d\u1eabn thi c\u00f4ng s\u01a1n gi\u1ea3 \u0111\u00e1<\/span><\/strong><\/span><\/p>\n<p style=\"text-align: center;\"><iframe loading=\"lazy\" src=\"\/\/www.youtube.com\/embed\/2th2OrCyYAU\" width=\"560\" height=\"314\" allowfullscreen=\"allowfullscreen\"><\/iframe><\/p>\n<p>&nbsp;<\/p>\n","protected":false},"excerpt":{"rendered":"<p><span style=\"color: #000000; font-family: 'times new roman', times, serif; font-size: 130%;\">\ud83d\ude1b Giao h\u00e0ng trong \u0111\u1ecba b\u00e0n\u00a0<em><a style=\"color: #000000;\" href=\"https:\/\/fr.wikipedia.org\/wiki\/Da_Nang\"><strong>\u0110\u00e0 N\u1eb5ng<\/strong><\/a><\/em><\/span><\/p>\n<p><span style=\"font-family: 'times new roman', times, serif; font-size: 130%;\"><span style=\"color: #000000;\">\ud83d\ude1b \u0110\u01a1n v\u1ecb t\u00ednh: Th\u00f9ng<\/span><span style=\"color: #000000;\">\u00a0<\/span><\/span><\/p>\n<p><span style=\"color: #000000; font-family: 'times new roman', times, serif; font-size: 130%;\">\ud83d\ude1b \u0110\u01a1n gi\u00e1<em><strong>: <a href=\"http:\/\/tranthi.vn\/quangnam\/?post_type=product&amp;p=4656&amp;preview=true\">S\u01a1n gi\u1ea3 \u0111\u00e1 Kova h\u1ea1t l\u1edbn t\u1ea1i \u0110\u00e0 N\u1eb5ng<\/a>\u00a0\u00a0<\/strong><\/em>trong n\u1ed9i th\u00e0nh<\/span><\/p>\n<ul style=\"list-style-type: circle;\">\n<li><span style=\"font-size: 130%; font-family: 'times new roman', times, serif; color: #ff0000;\"><strong>3.492.000\u0111\/20kg<\/strong><\/span><\/li>\n<li><span style=\"color: #ff0000; font-size: 130%;\"><strong><span style=\"font-family: 'times new roman', times, serif;\">750.000\u0111\/4kg<\/span><\/strong><\/span><\/li>\n<\/ul>\n<p><span style=\"color: #000000; font-family: 'times new roman', times, serif; font-size: 130%;\">\ud83d\ude1b Ngo\u00e0i ra Tr\u1ea7n Th\u1ecb c\u00f2n nh\u1eadn giao h\u00e0ng \u0111\u1ebfn c\u00e1c \u0111i\u1ec3m <strong><a style=\"color: #000000;\" href=\"https:\/\/vi.wikipedia.org\/wiki\/%C4%90%C3%B4ng_H%C3%A0\">\u0110\u00f4ng H\u00e0 Qu\u1ea3ng tr\u1ecb<\/a><\/strong>, <strong><a style=\"color: #000000;\" href=\"https:\/\/vi.wikipedia.org\/wiki\/H%E1%BB%99i_An\">H\u1ed9i An<\/a><\/strong>, <strong><a style=\"color: #000000;\" href=\"https:\/\/vi.wikipedia.org\/wiki\/Tam_K%E1%BB%B3\">Tam k\u1ef3 Qu\u1ea3ng Nam<\/a><\/strong>,<strong><a style=\"color: #000000;\" href=\"https:\/\/vi.wikipedia.org\/wiki\/Hu%E1%BA%BF\"> Hu\u1ebf<\/a><\/strong> , <strong><a style=\"color: #000000;\" href=\"https:\/\/vi.wikipedia.org\/wiki\/Qu%E1%BA%A3ng_Ng%C3%A3i\">Qu\u1ea3ng Ng\u00e3i<\/a><\/strong> -Chi ph\u00ed v\u1eadn chuy\u1ec3n s\u1ebd t\u00ednh theo kho\u1ea3ng c\u00e1ch v\u00e0 s\u1ed1 l\u01b0\u1ee3ng h\u00e0ng h\u00f3a nh\u1eadp<\/span><\/p>\n","protected":false},"featured_media":1489,"comment_status":"open","ping_status":"closed","template":"","meta":[],"product_cat":[152],"product_tag":[],"class_list":{"0":"post-1490","1":"product","2":"type-product","3":"status-publish","4":"has-post-thumbnail","6":"product_cat-son-gia-da","8":"first","9":"instock","10":"sale","11":"shipping-taxable","12":"purchasable","13":"product-type-simple"},"yoast_head":"<!-- This site is optimized with the Yoast SEO Premium plugin v22.3 (Yoast SEO v22.8) - https:\/\/yoast.com\/wordpress\/plugins\/seo\/ -->\n<title>Gi\u00e1 s\u01a1n gi\u1ea3 \u0111\u00e1 Kova h\u1ea1t l\u1edbn t\u1ea1i \u0110\u00e0 N\u1eb5ng - 0903.595.049<\/title>\n<meta name=\"description\" content=\"Tr\u1ea7n Th\u1ecb - chuy\u00ean cung c\u1ea5p s\u01a1n gi\u1ea3 \u0111\u00e1 kova lo\u1ea1i h\u1ea1t l\u1edbn, h\u1ea1t m\u1ecbn gi\u00e1 r\u1ebb t\u1ea1i \u0110\u00e0 N\u1eb5ng, s\u01a1n ch\u1ea5t l\u01b0\u1ee3ng b\u00e1m d\u00ednh t\u1ed1t kh\u00f4ng n\u1eb7ng c\u00f4ng tr\u00ecnh\" \/>\n<meta name=\"robots\" content=\"index, follow, max-snippet:-1, max-image-preview:large, max-video-preview:-1\" \/>\n<link rel=\"canonical\" href=\"https:\/\/tranthi.vn\/hatinh\/gia-son-gia-da-kova-hat-lon-tai-da-nang\/\" \/>\n<meta property=\"og:locale\" content=\"vi_VN\" \/>\n<meta property=\"og:type\" content=\"article\" \/>\n<meta property=\"og:title\" content=\"S\u01a1n Gi\u1ea3 \u0110\u00e1 Kova H\u1ea1t L\u1edbn Gi\u00e1: 3.492.000\/ 20kg\" \/>\n<meta property=\"og:description\" content=\"Tr\u1ea7n Th\u1ecb - chuy\u00ean cung c\u1ea5p s\u01a1n gi\u1ea3 \u0111\u00e1 kova lo\u1ea1i h\u1ea1t l\u1edbn, h\u1ea1t m\u1ecbn gi\u00e1 r\u1ebb t\u1ea1i \u0110\u00e0 N\u1eb5ng, s\u01a1n ch\u1ea5t l\u01b0\u1ee3ng b\u00e1m d\u00ednh t\u1ed1t kh\u00f4ng n\u1eb7ng c\u00f4ng tr\u00ecnh\" \/>\n<meta property=\"og:url\" content=\"https:\/\/tranthi.vn\/hatinh\/gia-son-gia-da-kova-hat-lon-tai-da-nang\/\" \/>\n<meta property=\"og:site_name\" content=\"V\u1eadt Li\u1ec7u X\u00e2y D\u1ef1ng Tr\u1ea7n Th\u1ecb Chi Nh\u00e1nh H\u00e0 T\u0129nh\" \/>\n<meta property=\"article:modified_time\" content=\"2024-05-30T08:00:40+00:00\" \/>\n<meta property=\"og:image\" content=\"https:\/\/tranthi.vn\/hatinh\/wp-content\/uploads\/2021\/02\/Son-gia-da-kova-copy.jpg\" \/>\n\t<meta property=\"og:image:width\" content=\"1024\" \/>\n\t<meta property=\"og:image:height\" content=\"768\" \/>\n\t<meta property=\"og:image:type\" content=\"image\/jpeg\" \/>\n<meta name=\"twitter:card\" content=\"summary_large_image\" \/>\n<meta name=\"twitter:label1\" content=\"Gi\u00e1\" \/>\n\t<meta name=\"twitter:data1\" content=\"3,492,000&nbsp;&#8363;\" \/>\n\t<meta name=\"twitter:label2\" content=\"Kh\u1ea3 d\u1ee5ng\" \/>\n\t<meta name=\"twitter:data2\" content=\"Trong kho\" \/>\n<script type=\"application\/ld+json\" class=\"yoast-schema-graph\">{\"@context\":\"https:\/\/schema.org\",\"@graph\":[{\"@type\":[\"WebPage\",\"ItemPage\"],\"@id\":\"https:\/\/tranthi.vn\/hatinh\/gia-son-gia-da-kova-hat-lon-tai-da-nang\/\",\"url\":\"https:\/\/tranthi.vn\/hatinh\/gia-son-gia-da-kova-hat-lon-tai-da-nang\/\",\"name\":\"Gi\u00e1 s\u01a1n gi\u1ea3 \u0111\u00e1 Kova h\u1ea1t l\u1edbn t\u1ea1i \u0110\u00e0 N\u1eb5ng - 0903.595.049\",\"isPartOf\":{\"@id\":\"https:\/\/tranthi.vn\/hatinh\/#website\"},\"primaryImageOfPage\":{\"@id\":\"https:\/\/tranthi.vn\/hatinh\/gia-son-gia-da-kova-hat-lon-tai-da-nang\/#primaryimage\"},\"image\":{\"@id\":\"https:\/\/tranthi.vn\/hatinh\/gia-son-gia-da-kova-hat-lon-tai-da-nang\/#primaryimage\"},\"thumbnailUrl\":\"https:\/\/tranthi.vn\/hatinh\/wp-content\/uploads\/2021\/02\/Son-gia-da-kova-copy.jpg\",\"datePublished\":\"2021-02-17T16:08:27+00:00\",\"dateModified\":\"2024-05-30T08:00:40+00:00\",\"description\":\"Tr\u1ea7n Th\u1ecb - chuy\u00ean cung c\u1ea5p s\u01a1n gi\u1ea3 \u0111\u00e1 kova lo\u1ea1i h\u1ea1t l\u1edbn, h\u1ea1t m\u1ecbn gi\u00e1 r\u1ebb t\u1ea1i \u0110\u00e0 N\u1eb5ng, s\u01a1n ch\u1ea5t l\u01b0\u1ee3ng b\u00e1m d\u00ednh t\u1ed1t kh\u00f4ng n\u1eb7ng c\u00f4ng tr\u00ecnh\",\"breadcrumb\":{\"@id\":\"https:\/\/tranthi.vn\/hatinh\/gia-son-gia-da-kova-hat-lon-tai-da-nang\/#breadcrumb\"},\"inLanguage\":\"vi\",\"potentialAction\":[{\"@type\":\"ReadAction\",\"target\":[\"https:\/\/tranthi.vn\/hatinh\/gia-son-gia-da-kova-hat-lon-tai-da-nang\/\"]}]},{\"@type\":\"ImageObject\",\"inLanguage\":\"vi\",\"@id\":\"https:\/\/tranthi.vn\/hatinh\/gia-son-gia-da-kova-hat-lon-tai-da-nang\/#primaryimage\",\"url\":\"https:\/\/tranthi.vn\/hatinh\/wp-content\/uploads\/2021\/02\/Son-gia-da-kova-copy.jpg\",\"contentUrl\":\"https:\/\/tranthi.vn\/hatinh\/wp-content\/uploads\/2021\/02\/Son-gia-da-kova-copy.jpg\",\"width\":1024,\"height\":768},{\"@type\":\"BreadcrumbList\",\"@id\":\"https:\/\/tranthi.vn\/hatinh\/gia-son-gia-da-kova-hat-lon-tai-da-nang\/#breadcrumb\",\"itemListElement\":[{\"@type\":\"ListItem\",\"position\":1,\"name\":\"Trang ch\u1ee7\",\"item\":\"https:\/\/tranthi.vn\/hatinh\/\"},{\"@type\":\"ListItem\",\"position\":2,\"name\":\"Shop\",\"item\":\"https:\/\/tranthi.vn\/hatinh\/shop\/\"},{\"@type\":\"ListItem\",\"position\":3,\"name\":\"S\u01a1n Gi\u1ea3 \u0110\u00e1 Kova H\u1ea1t L\u1edbn Gi\u00e1: 3.492.000\/ 20kg\"}]},{\"@type\":\"WebSite\",\"@id\":\"https:\/\/tranthi.vn\/hatinh\/#website\",\"url\":\"https:\/\/tranthi.vn\/hatinh\/\",\"name\":\"V\u1eadt Li\u1ec7u X\u00e2y D\u1ef1ng Tr\u1ea7n Th\u1ecb Chi Nh\u00e1nh H\u00e0 T\u0129nh\",\"description\":\"V\u1eadt Li\u1ec7u X\u00e2y D\u1ef1ng - H\u00e0 T\u0129nh\",\"potentialAction\":[{\"@type\":\"SearchAction\",\"target\":{\"@type\":\"EntryPoint\",\"urlTemplate\":\"https:\/\/tranthi.vn\/hatinh\/?s={search_term_string}\"},\"query-input\":\"required name=search_term_string\"}],\"inLanguage\":\"vi\"},{\"@type\":\"ImageObject\",\"inLanguage\":\"vi\",\"@id\":\"https:\/\/tranthi.vn\/hatinh\/gia-son-gia-da-kova-hat-lon-tai-da-nang\/#local-main-organization-logo\",\"url\":\"\",\"contentUrl\":\"\",\"caption\":\"V\u1eadt Li\u1ec7u X\u00e2y D\u1ef1ng Tr\u1ea7n Th\u1ecb Chi Nh\u00e1nh H\u00e0 T\u0129nh\"}]}<\/script>\n<meta property=\"product:price:amount\" content=\"3492000\" \/>\n<meta property=\"product:price:currency\" content=\"VND\" \/>\n<meta property=\"og:availability\" content=\"instock\" \/>\n<meta property=\"product:availability\" content=\"instock\" \/>\n<meta property=\"product:condition\" content=\"new\" \/>\n<!-- \/ Yoast SEO Premium plugin. -->","yoast_head_json":{"title":"Gi\u00e1 s\u01a1n gi\u1ea3 \u0111\u00e1 Kova h\u1ea1t l\u1edbn t\u1ea1i \u0110\u00e0 N\u1eb5ng - 0903.595.049","description":"Tr\u1ea7n Th\u1ecb - chuy\u00ean cung c\u1ea5p s\u01a1n gi\u1ea3 \u0111\u00e1 kova lo\u1ea1i h\u1ea1t l\u1edbn, h\u1ea1t m\u1ecbn gi\u00e1 r\u1ebb t\u1ea1i \u0110\u00e0 N\u1eb5ng, s\u01a1n ch\u1ea5t l\u01b0\u1ee3ng b\u00e1m d\u00ednh t\u1ed1t kh\u00f4ng n\u1eb7ng c\u00f4ng tr\u00ecnh","robots":{"index":"index","follow":"follow","max-snippet":"max-snippet:-1","max-image-preview":"max-image-preview:large","max-video-preview":"max-video-preview:-1"},"canonical":"https:\/\/tranthi.vn\/hatinh\/gia-son-gia-da-kova-hat-lon-tai-da-nang\/","og_locale":"vi_VN","og_type":"article","og_title":"S\u01a1n Gi\u1ea3 \u0110\u00e1 Kova H\u1ea1t L\u1edbn Gi\u00e1: 3.492.000\/ 20kg","og_description":"Tr\u1ea7n Th\u1ecb - chuy\u00ean cung c\u1ea5p s\u01a1n gi\u1ea3 \u0111\u00e1 kova lo\u1ea1i h\u1ea1t l\u1edbn, h\u1ea1t m\u1ecbn gi\u00e1 r\u1ebb t\u1ea1i \u0110\u00e0 N\u1eb5ng, s\u01a1n ch\u1ea5t l\u01b0\u1ee3ng b\u00e1m d\u00ednh t\u1ed1t kh\u00f4ng n\u1eb7ng c\u00f4ng tr\u00ecnh","og_url":"https:\/\/tranthi.vn\/hatinh\/gia-son-gia-da-kova-hat-lon-tai-da-nang\/","og_site_name":"V\u1eadt Li\u1ec7u X\u00e2y D\u1ef1ng Tr\u1ea7n Th\u1ecb Chi Nh\u00e1nh H\u00e0 T\u0129nh","article_modified_time":"2024-05-30T08:00:40+00:00","og_image":[{"width":1024,"height":768,"url":"https:\/\/tranthi.vn\/hatinh\/wp-content\/uploads\/2021\/02\/Son-gia-da-kova-copy.jpg","type":"image\/jpeg"}],"twitter_card":"summary_large_image","twitter_misc":{"Gi\u00e1":"3,492,000&nbsp;&#8363;","Kh\u1ea3 d\u1ee5ng":"Trong kho"},"schema":{"@context":"https:\/\/schema.org","@graph":[{"@type":["WebPage","ItemPage"],"@id":"https:\/\/tranthi.vn\/hatinh\/gia-son-gia-da-kova-hat-lon-tai-da-nang\/","url":"https:\/\/tranthi.vn\/hatinh\/gia-son-gia-da-kova-hat-lon-tai-da-nang\/","name":"Gi\u00e1 s\u01a1n gi\u1ea3 \u0111\u00e1 Kova h\u1ea1t l\u1edbn t\u1ea1i \u0110\u00e0 N\u1eb5ng - 0903.595.049","isPartOf":{"@id":"https:\/\/tranthi.vn\/hatinh\/#website"},"primaryImageOfPage":{"@id":"https:\/\/tranthi.vn\/hatinh\/gia-son-gia-da-kova-hat-lon-tai-da-nang\/#primaryimage"},"image":{"@id":"https:\/\/tranthi.vn\/hatinh\/gia-son-gia-da-kova-hat-lon-tai-da-nang\/#primaryimage"},"thumbnailUrl":"https:\/\/tranthi.vn\/hatinh\/wp-content\/uploads\/2021\/02\/Son-gia-da-kova-copy.jpg","datePublished":"2021-02-17T16:08:27+00:00","dateModified":"2024-05-30T08:00:40+00:00","description":"Tr\u1ea7n Th\u1ecb - chuy\u00ean cung c\u1ea5p s\u01a1n gi\u1ea3 \u0111\u00e1 kova lo\u1ea1i h\u1ea1t l\u1edbn, h\u1ea1t m\u1ecbn gi\u00e1 r\u1ebb t\u1ea1i \u0110\u00e0 N\u1eb5ng, s\u01a1n ch\u1ea5t l\u01b0\u1ee3ng b\u00e1m d\u00ednh t\u1ed1t kh\u00f4ng n\u1eb7ng c\u00f4ng tr\u00ecnh","breadcrumb":{"@id":"https:\/\/tranthi.vn\/hatinh\/gia-son-gia-da-kova-hat-lon-tai-da-nang\/#breadcrumb"},"inLanguage":"vi","potentialAction":[{"@type":"ReadAction","target":["https:\/\/tranthi.vn\/hatinh\/gia-son-gia-da-kova-hat-lon-tai-da-nang\/"]}]},{"@type":"ImageObject","inLanguage":"vi","@id":"https:\/\/tranthi.vn\/hatinh\/gia-son-gia-da-kova-hat-lon-tai-da-nang\/#primaryimage","url":"https:\/\/tranthi.vn\/hatinh\/wp-content\/uploads\/2021\/02\/Son-gia-da-kova-copy.jpg","contentUrl":"https:\/\/tranthi.vn\/hatinh\/wp-content\/uploads\/2021\/02\/Son-gia-da-kova-copy.jpg","width":1024,"height":768},{"@type":"BreadcrumbList","@id":"https:\/\/tranthi.vn\/hatinh\/gia-son-gia-da-kova-hat-lon-tai-da-nang\/#breadcrumb","itemListElement":[{"@type":"ListItem","position":1,"name":"Trang ch\u1ee7","item":"https:\/\/tranthi.vn\/hatinh\/"},{"@type":"ListItem","position":2,"name":"Shop","item":"https:\/\/tranthi.vn\/hatinh\/shop\/"},{"@type":"ListItem","position":3,"name":"S\u01a1n Gi\u1ea3 \u0110\u00e1 Kova H\u1ea1t L\u1edbn Gi\u00e1: 3.492.000\/ 20kg"}]},{"@type":"WebSite","@id":"https:\/\/tranthi.vn\/hatinh\/#website","url":"https:\/\/tranthi.vn\/hatinh\/","name":"V\u1eadt Li\u1ec7u X\u00e2y D\u1ef1ng Tr\u1ea7n Th\u1ecb Chi Nh\u00e1nh H\u00e0 T\u0129nh","description":"V\u1eadt Li\u1ec7u X\u00e2y D\u1ef1ng - H\u00e0 T\u0129nh","potentialAction":[{"@type":"SearchAction","target":{"@type":"EntryPoint","urlTemplate":"https:\/\/tranthi.vn\/hatinh\/?s={search_term_string}"},"query-input":"required name=search_term_string"}],"inLanguage":"vi"},{"@type":"ImageObject","inLanguage":"vi","@id":"https:\/\/tranthi.vn\/hatinh\/gia-son-gia-da-kova-hat-lon-tai-da-nang\/#local-main-organization-logo","url":"","contentUrl":"","caption":"V\u1eadt Li\u1ec7u X\u00e2y D\u1ef1ng Tr\u1ea7n Th\u1ecb Chi Nh\u00e1nh H\u00e0 T\u0129nh"}]},"product_price_amount":"3492000","product_price_currency":"VND","og_availability":"instock","product_availability":"instock","product_condition":"new"},"_links":{"self":[{"href":"https:\/\/tranthi.vn\/hatinh\/wp-json\/wp\/v2\/product\/1490","targetHints":{"allow":["GET"]}}],"collection":[{"href":"https:\/\/tranthi.vn\/hatinh\/wp-json\/wp\/v2\/product"}],"about":[{"href":"https:\/\/tranthi.vn\/hatinh\/wp-json\/wp\/v2\/types\/product"}],"replies":[{"embeddable":true,"href":"https:\/\/tranthi.vn\/hatinh\/wp-json\/wp\/v2\/comments?post=1490"}],"wp:featuredmedia":[{"embeddable":true,"href":"https:\/\/tranthi.vn\/hatinh\/wp-json\/wp\/v2\/media\/1489"}],"wp:attachment":[{"href":"https:\/\/tranthi.vn\/hatinh\/wp-json\/wp\/v2\/media?parent=1490"}],"wp:term":[{"taxonomy":"product_cat","embeddable":true,"href":"https:\/\/tranthi.vn\/hatinh\/wp-json\/wp\/v2\/product_cat?post=1490"},{"taxonomy":"product_tag","embeddable":true,"href":"https:\/\/tranthi.vn\/hatinh\/wp-json\/wp\/v2\/product_tag?post=1490"}],"curies":[{"name":"wp","href":"https:\/\/api.w.org\/{rel}","templated":true}]}}