{"id":1486,"date":"2021-02-17T16:08:24","date_gmt":"2021-02-17T09:08:24","guid":{"rendered":"http:\/\/new-tranthi.test\/san-pham\/son-phu-noi-that-dulux-easy-clean-mau-nhat-thung-18l\/"},"modified":"2024-05-07T11:07:00","modified_gmt":"2024-05-07T04:07:00","slug":"gia-son-phu-noi-that-dulux-easy-clean-da-nang","status":"publish","type":"product","link":"https:\/\/tranthi.vn\/hatinh\/gia-son-phu-noi-that-dulux-easy-clean-da-nang\/","title":{"rendered":"EasyClean d\u1ec5 lau ch\u00f9i m\u1edd &#8211; Th\u00f9ng 15L"},"content":{"rendered":"<h1 style=\"text-align: center;\"><a href=\"http:\/\/tranthi.vn\/quangnam\/gia-son-phu-noi-that-dulux-easy-clean-da-nang\/\"><span style=\"color: #008000;\"><strong><span style=\"font-family: 'times new roman', times, serif; font-size: 18pt;\">Maxilite TotalS\u01a0N PH\u1ee6 N\u1ed8I TH\u1ea4T DULUX EASY CLEAN<\/span><\/strong><\/span><\/a><\/h1>\n<p><span style=\"font-family: 'times new roman', times, serif; font-size: 14pt;\"><span style=\"color: #008000;\"><strong><em>S\u01a1n Ph\u1ee7 N\u1ed9i Th\u1ea5t Dulux Easy Clean<\/em><\/strong><\/span> &#8211; Lau Ch\u00f9i V\u01b0\u1ee3t B\u1eadc l\u00e0 s\u01a1n n\u1ed9i th\u1ea5t cao c\u1ea5p c\u00f3 kh\u1ea3 n\u0103ng lau ch\u00f9i t\u1ed1i \u01b0u. T\u1ea1o m\u1ed9t l\u1edbp m\u00e0ng b\u1ea3o v\u1ec7 \u0111\u1eb7c bi\u1ec7t gi\u00fap ch\u1ed1ng b\u00e1m c\u00e1c v\u1ebft b\u1ea9n c\u1ee9ng \u0111\u1ea7u. Do \u0111\u00f3 ng\u0103n c\u00e1c v\u1ebft b\u1ea9n th\u1ea5m s\u00e2u v\u00e0o m\u00e0ng s\u01a1n, v\u1ebft b\u1ea9n s\u1ebd \u0111\u01b0\u1ee3c lau ch\u00f9i m\u1ed9t c\u00e1ch d\u1ec5 d\u00e0ng. B\u00ean c\u1ea1nh \u0111\u00f3, m\u00e0u s\u01a1n lu\u00f4n s\u00e1ng, \u0111\u1eb9p nh\u01b0 m\u1edbi qua th\u1eddi gian.\u00a0<\/span><\/p>\n<h2><strong><span style=\"color: #ff0000; font-size: 14pt; font-family: 'times new roman', times, serif;\">1.H\u01af\u1edaNG D\u1eaaN THI C\u00d4NG S\u01a0N PH\u1ee6 N\u1ed8I TH\u1ea4T DULUX\u00a0<\/span><\/strong><\/h2>\n<p><span style=\"color: #000000; font-family: 'times new roman', times, serif; font-size: 14pt;\"><strong>a. Chu\u1ea9n b\u1ecb b\u1ec1 m\u1eb7t:<\/strong><\/span><\/p>\n<p><span style=\"font-family: 'times new roman', times, serif; font-size: 14pt;\">B\u1ea3o \u0111\u1ea3m b\u1ec1 m\u1eb7t t\u01b0\u1eddng ph\u1ea3i s\u1ea1ch, kh\u00f4 kh\u00f4ng c\u00f3 t\u1ea1p ch\u1ea5t l\u00e0m gi\u1ea3m \u0111\u1ed9 b\u00e1m d\u00ednh nh\u01b0 b\u1ed9t, b\u1ee5i, d\u1ea7u m\u1ee1 hay s\u00e1p. \u0110\u1ed9 \u1ea9m \u00a0c\u1ee7a \u00a0b\u1ec1 \u00a0m\u1eb7t \u00a0n\u00ean \u00a0d\u01b0\u1edbi \u00a016% \u00a0theo \u00a0m\u00e1y \u00a0\u0111o \u00a0\u0111\u1ed9 \u00a0\u1ea9m Protimeter hay \u0111\u1ec3 b\u1ec1 m\u1eb7t t\u01b0\u1eddng kh\u00f4 t\u1eeb 21 \u0111\u1ebfn 28 ng\u00e0y trong \u0111i\u1ec1u ki\u1ec7n b\u00ecnh th\u01b0\u1eddng (nhi\u1ec7t \u0111\u1ed9 trung b\u00ecnh 300C, \u0111\u1ed9 \u1ea9m m\u00f4i tr\u01b0\u1eddng 80%).<\/span><\/p>\n<p><span style=\"font-family: 'times new roman', times, serif; font-size: 14pt;\">C\u00e1c v\u1ebft n\u1ee9t l\u1edbn c\u1ea7n \u0111\u01b0\u1ee3c x\u1eed l\u00fd m\u1ed9t c\u00e1ch th\u00edch h\u1ee3p. C\u1ea7n c\u00f3 bi\u1ec7n ph\u00e1p ch\u1ed1ng th\u1ea5m th\u00edch h\u1ee3p \u1edf nh\u1eefng khu v\u1ef1c d\u1ec5 ng\u1ea5m \u1ea9m nh\u01b0 n\u1ec1n \u0111\u1ea5t, lan can,\u2026<\/span><\/p>\n<p><span style=\"font-family: 'times new roman', times, serif; font-size: 14pt;\"><img loading=\"lazy\" decoding=\"async\" class=\"size-full wp-image-3561 aligncenter\" src=\"https:\/\/tranthi.vn\/quangnam\/wp-content\/uploads\/2019\/04\/S\u01a1n-ph\u1ee7-n\u1ed9i-th\u1ea5t-Dulux-Easy-Clean-m\u00e0u-nh\u1ea1t-da-nang-1.jpg\" alt=\"\" width=\"400\" height=\"400\" \/><\/span><\/p>\n<h2 style=\"text-align: center;\"><span style=\"color: #008000; font-size: 14pt; font-family: 'times new roman', times, serif;\"><strong>s\u01a1n\u00a0Ph\u1ee7 N\u1ed9i Th\u1ea5t Dulux Easy Clean<\/strong><\/span><\/h2>\n<p><span style=\"font-family: 'times new roman', times, serif; font-size: 14pt;\">\u0110\u1ed1i v\u1edbi b\u1ec1 m\u1eb7t t\u01b0\u1eddng c\u0169 b\u1ecb bong tr\u00f3c, r\u00eau m\u1ed1c, c\u1ea1o s\u1ea1ch l\u1edbp s\u01a1n c\u0169 b\u1eb1ng d\u1ee5ng c\u1ee5 th\u00edch h\u1ee3p. D\u00f9ng h\u00f3a ch\u1ea5t th\u00edch h\u1ee3p \u0111\u1ec3 r\u1eeda s\u1ea1ch c\u00e1c khu v\u1ef1c b\u1ecb n\u1ea5m m\u1ed1c hay rong r\u00eau. S\u1eed d\u1ee5ng Dulux Putty \u0111\u1ec3 cho b\u1ec1 m\u1eb7t t\u01b0\u1eddng nh\u1eb5n m\u1ecbn. S\u1eed d\u1ee5ng Dulux S\u01a1n l\u00f3t n\u1ed9t th\u1ea5t cao c\u1ea5p (A934-75007) \u0111\u1ec3 t\u0103ng c\u01b0\u1eddng \u0111\u1ed9 b\u00e1m d\u00ednh v\u00e0 \u0111\u1ed9 b\u1ec1n m\u00e0u cho l\u1edbp s\u01a1n ph\u1ee7.<\/span><\/p>\n<p><span style=\"font-family: 'times new roman', times, serif; font-size: 14pt;\">Pha lo\u00e3ng qu\u00e1 nhi\u1ec1u n\u01b0\u1edbc s\u1ebd l\u00e0m gi\u1ea3m \u0111\u1ed9 che ph\u1ee7 c\u1ee7a m\u00e0ng s\u01a1n<\/span><\/p>\n<p><span style=\"font-family: 'times new roman', times, serif; font-size: 14pt; color: #000000;\"><strong>b. Thi c\u00f4ng<\/strong><\/span><\/p>\n<p><span style=\"font-family: 'times new roman', times, serif; font-size: 14pt;\">\u2013 Khu\u1ea5y \u0111\u1ec1u s\u01a1n c\u00f9ng n\u01b0\u1edbc (l\u01b0\u1ee3ng n\u01b0\u1edbc kh\u00f4ng \u0111\u01b0\u1ee3c qu\u00e1 10% s\u01a1n).<\/span><\/p>\n<p><span style=\"font-family: 'times new roman', times, serif; font-size: 14pt;\">\u2013 D\u00f9ng rulo (cho m\u1ea3ng t\u01b0\u1eddng l\u1edbn ) ho\u1eb7c c\u1ecd (k\u1ebb ch\u1ec9, ch\u00e2n t\u01b0\u1eddng ) th\u1ea5m \u0111\u1ec1u s\u01a1n. B\u1eaft \u0111\u1ea7u s\u01a1n l\u1edbp th\u1ee9 nh\u1ea5t. S\u01a1n l\u1edbp th\u1ee9 2 sau 2 gi\u1edd.<\/span><\/p>\n<p><span style=\"font-family: 'times new roman', times, serif; font-size: 14pt;\">\u2013 L\u0103n s\u01a1n \u0111\u1ec1u tay, b\u1ec1 m\u1eb7t s\u01a1n \u0111\u1ec1u m\u00e0u. Kh\u00f4ng n\u00ean l\u0103n s\u01a1n qu\u00e1 l\u00e2u t\u1ea1i m\u1ed9t ch\u1ed5.<\/span><\/p>\n<p style=\"text-align: center;\"><iframe loading=\"lazy\" src=\"\/\/www.youtube.com\/embed\/9DjVQf_hgGM?t=223s\" width=\"560\" height=\"314\" allowfullscreen=\"allowfullscreen\"><\/iframe><\/p>\n<h2><span style=\"font-size: 14pt; color: #ff0000; font-family: 'times new roman', times, serif;\"><strong>2. TH\u00d4NG TIN AN TO\u00c0N KHI S\u1eec D\u1ee4NG S\u01a0N<\/strong><\/span><\/h2>\n<p><span style=\"font-family: 'times new roman', times, serif; font-size: 14pt;\">\u2013\u00a0\u00a0\u00a0\u00a0 \u0110\u1ec3 xa t\u1ea7m tay tr\u1ebb em, th\u1ef1c ph\u1ea9m, \u0111\u1ed3 u\u1ed1ng v\u00e0 th\u1ee9c \u0103n cho \u0111\u1ed9ng v\u1eadt.<\/span><\/p>\n<p><span style=\"font-family: 'times new roman', times, serif; font-size: 14pt;\">\u2013\u00a0\u00a0\u00a0 \u00a0Tr\u00e1nh ti\u1ebfp x\u00fac v\u1edbi da ho\u1eb7c m\u1eaft. Mang g\u0103ng tay, kh\u1ea9u trang v\u00e0 k\u00ednh b\u1ea3o v\u1ec7 m\u1eaft th\u00edch h\u1ee3p trong l\u00fac thi c\u00f4ng.<\/span><\/p>\n<p><span style=\"font-family: 'times new roman', times, serif; font-size: 14pt;\">\u2013\u00a0\u00a0\u00a0 \u00a0Tr\u00e1nh h\u00edt h\u01a1i\/b\u1ee5i s\u01b0\u01a1ng c\u1ee7a s\u01a1n. Ch\u1ec9 s\u1eed d\u1ee5ng \u1edf n\u01a1i th\u00f4ng tho\u00e1ng.<\/span><\/p>\n<p><span style=\"font-family: 'times new roman', times, serif; font-size: 14pt;\">\u2013\u00a0\u00a0\u00a0\u00a0 Vi\u1ec7c x\u1ea3 nh\u00e1m kh\u00f4, c\u1eaft ho\u1eb7c h\u00e0n x\u00ec m\u00e0ng s\u01a1n kh\u00f4 s\u1ebd t\u1ea1o b\u1ee5i v\u00e0\/ho\u1eb7c kh\u00f3i \u0111\u1ed9c. N\u00ean x\u1ea3 nh\u00e1m \u01b0\u1edbt n\u1ebfu c\u00f3 th\u1ec3. N\u1ebfu kh\u00f4ng th\u1ec3 tr\u00e1nh \u0111\u01b0\u1ee3c ti\u1ebfp x\u00fac v\u1edbi kh\u00f3i \u0111\u1ed9c d\u00f9 \u0111\u00e3 s\u1eed d\u1ee5ng h\u1ec7 th\u1ed1ng h\u00fat h\u01a1i, n\u00ean s\u1eed d\u1ee5ng thi\u1ebft b\u1ecb b\u1ea3o v\u1ec7 \u0111\u01b0\u1eddng h\u00f4 h\u1ea5p th\u00edch h\u1ee3p.<\/span><\/p>\n<p><span style=\"font-family: 'times new roman', times, serif; font-size: 14pt;\">\u2013\u00a0\u00a0\u00a0 \u00a0L\u1ea5y l\u1ea1i l\u01b0\u1ee3ng s\u01a1n c\u00f2n d\u01b0 tr\u00ean c\u1ecd ho\u1eb7c rul\u00f4 tr\u01b0\u1edbc khi r\u1eeda<\/span><\/p>\n<p><span style=\"font-family: 'times new roman', times, serif; font-size: 14pt;\">\u2013\u00a0\u00a0\u00a0\u00a0 Kh\u00f4ng t\u00e1i s\u1eed d\u1ee5ng th\u00f9ng s\u01a1n \u0111\u1ec3 ch\u1ee9a th\u1ef1c ph\u1ea9m hay \u0111\u1ed3 u\u1ed1ng.<\/span><\/p>\n<p><span style=\"font-family: 'times new roman', times, serif; font-size: 14pt;\">\u2013\u00a0\u00a0\u00a0 \u00a0N\u1ebfu nu\u1ed1t ph\u1ea3i, n\u00ean \u0111\u1ebfn g\u1eb7p b\u00e1c s\u0129 ngay v\u00e0 mang theo th\u00f9ng s\u01a1n ho\u1eb7c nh\u00e3n s\u01a1n.<\/span><\/p>\n<p><span style=\"font-family: 'times new roman', times, serif; font-size: 14pt;\">\u2013\u00a0\u00a0\u00a0\u00a0 Khi b\u1ecb d\u00ednh s\u01a1n v\u00e0o m\u1eaft l\u1eadp t\u1ee9c r\u1eeda m\u1eaft v\u1edbi nhi\u1ec1u n\u01b0\u1edbc s\u1ea1ch v\u00e0 \u0111\u1ebfn g\u1eb7p b\u00e1c s\u0129 ngay.<\/span><\/p>\n<p><span style=\"font-family: 'times new roman', times, serif; font-size: 14pt;\">\u2013\u00a0\u00a0\u00a0\u00a0 Khi b\u1ecb d\u00ednh v\u00e0o da l\u1eadp t\u1ee9c r\u1eeda s\u1ea1ch v\u1edbi x\u00e0 ph\u00f2ng v\u00e0 n\u01b0\u1edbc s\u1ea1ch ho\u1eb7c dung d\u1ecbch r\u1eeda tay th\u00edch h\u1ee3p. Kh\u00f4ng s\u1eed\u00a0 d\u1ee5ng dung m\u00f4i.<\/span><\/p>\n<p><span style=\"font-family: 'times new roman', times, serif; font-size: 14pt;\">\u2013\u00a0\u00a0\u00a0\u00a0 Tr\u00e1nh th\u1ea3i s\u01a1n ra m\u00f4i tr\u01b0\u1eddng. Kh\u00f4ng \u0111\u1ed5 s\u01a1n v\u00e0o c\u1ed1ng r\u00e3nh hay ngu\u1ed3n n\u01b0\u1edbc. X\u1eed l\u00fd th\u00f9ng s\u01a1n \u0111\u00e3 s\u1eed d\u1ee5ng theo \u0111\u00fang quy \u0111\u1ecbnh \u0111\u1ecba ph\u01b0\u01a1ng.<\/span><\/p>\n<p>&nbsp;<\/p>\n<p><span style=\"font-family: 'times new roman', times, serif; font-size: 14pt;\"><img loading=\"lazy\" decoding=\"async\" class=\"alignnone size-full wp-image-4473 aligncenter\" src=\"http:\/\/tranthi.vn\/quangnam\/wp-content\/uploads\/2019\/04\/banner.jpg\" alt=\"\" width=\"624\" height=\"351\" \/><\/span><\/p>\n<p>&nbsp;<\/p>\n<p><span style=\"font-family: 'times new roman', times, serif; font-size: 14pt;\">V\u1edbi th\u1eddi ti\u1ebft t\u1ea1i\u00a0<strong><a href=\"https:\/\/vi.wikipedia.org\/wiki\/%C4%90%C3%A0_N%E1%BA%B5ng\">\u0110\u00e0 N\u1eb5ng<\/a><\/strong> <strong><a href=\"https:\/\/vi.wikipedia.org\/wiki\/%C4%90%C3%B4ng_H%C3%A0\">\u0110\u00f4ng H\u00e0 Qu\u1ea3ng tr\u1ecb<\/a><\/strong>, <strong><a href=\"https:\/\/vi.wikipedia.org\/wiki\/H%E1%BB%99i_An\">H\u1ed9i An<\/a><\/strong>, <strong><a href=\"https:\/\/vi.wikipedia.org\/wiki\/Tam_K%E1%BB%B3\">Tam k\u1ef3 Qu\u1ea3ng Nam<\/a><\/strong>,<strong><a href=\"https:\/\/vi.wikipedia.org\/wiki\/Hu%E1%BA%BF\"> Hu\u1ebf<\/a><\/strong> , <strong><a href=\"https:\/\/vi.wikipedia.org\/wiki\/Qu%E1%BA%A3ng_Ng%C3%A3i\">Qu\u1ea3ng Ng\u00e3i<\/a><\/strong> th\u01b0\u1eddng m\u01b0a v\u00e0o th\u00e1ng 11, 12 n\u00ean tr\u00e1nh thi c\u00f4ng s\u01a1n \u0111\u1ec3 \u0111\u1ea3m b\u1ea3o ch\u1ea5t l\u01b0\u1ee3ng b\u1ec1 m\u1eb7t t\u01b0\u1eddng s\u01a1n<\/span><\/p>\n","protected":false},"excerpt":{"rendered":"<p><span style=\"font-family: 'times new roman', times, serif; font-size: 130%;\">\ud83d\ude1b Giao h\u00e0ng trong \u0111\u1ecba b\u00e0n\u00a0<em><a href=\"https:\/\/fr.wikipedia.org\/wiki\/Da_Nang\"><strong>\u0110\u00e0 N\u1eb5ng<\/strong><\/a><\/em><\/span><\/p>\n<p><span style=\"font-family: 'times new roman', times, serif; font-size: 130%;\">\ud83d\ude1b \u0110\u01a1n v\u1ecb t\u00ednh: Th\u00f9ng 15 L\u00edt<\/span><\/p>\n<p><span style=\"font-family: 'times new roman', times, serif; font-size: 130%;\">\ud83d\ude1b \u0110\u01a1n gi\u00e1: <strong><em><a href=\"https:\/\/tranthi.vn\/quangnam\/?post_type=product&amp;p=2798&amp;preview=true\">S\u01a1n ph\u1ee7 n\u1ed9i th\u1ea5t Dulux EasyClean<\/a><\/em><\/strong>\u00a0trong n\u1ed9i th\u00e0nh <\/span><\/p>\n<ul>\n<li><span style=\"font-size: 130%; font-family: 'times new roman', times, serif;\">Th\u00f9ng 15 L\u00edt: <span style=\"color: #ff0000;\"><strong>1<\/strong><\/span><span style=\"color: #ff0000;\"><strong>.620.000\u0111<\/strong><\/span><\/span><\/li>\n<li><span style=\"font-family: 'times new roman', times, serif; font-size: 130%;\">Th\u00f9ng 5 L\u00edt:<span style=\"color: #ff0000;\"><strong> 610.000\u0111<\/strong><\/span><\/span><\/li>\n<li><span style=\"font-family: 'times new roman', times, serif; font-size: 130%;\">Th\u00f9ng 1 L\u00edt: <span style=\"color: #ff0000;\"><strong>180.000\u0111<\/strong><\/span><\/span><\/li>\n<\/ul>\n<p><span style=\"font-size: 130%; font-family: 'times new roman', times, serif;\">\ud83d\ude1b\u00a0 V\u1edbi c\u00e1c t\u00edn 2h n\u0103ng b\u1ea3o v\u1ec7 t\u1ed1i \u01b0u S\u01a1n Ph\u1ee7 N\u1ed9i Th\u1ea5t Dulux Easy Clean gi\u1ea3i ph\u00e1p to\u00e0n di\u1ec7n v\u1ec1 trang tr\u00ed v\u00e0 b\u1ea3o v\u1ec7, \u0111em l\u1ea1i v\u1ebb \u0111\u1eb9p ho\u00e0n h\u1ea3o cho ng\u00f4i nh\u00e0 b\u1ea1n. S\u1eed d\u1ee5ng k\u1ebft h\u1ee3p\u00a0<a href=\"https:\/\/tranthi.vn\/quangnam\/gia-bot-tret-jotun-noi-that-da-nang\">b\u1ed9t tr\u00e9t Jotun n\u1ed9i th\u1ea5t\u00a0<\/a>v\u00e0\u00a0<a href=\"https:\/\/tranthi.vn\/quangnam\/son-lot-noi-that-dulux\">s\u01a1n l\u00f3t ch\u1ed1ng ki\u1ec1m n\u1ed9i th\u1ea5t dulux<\/a><\/span><\/p>\n<p><span style=\"font-family: 'times new roman', times, serif; font-size: 130%;\">\ud83d\ude1b Ngo\u00e0i ra Tr\u1ea7n Th\u1ecb c\u00f2n nh\u1eadn giao h\u00e0ng \u0111\u1ebfn c\u00e1c \u0111i\u1ec3m <strong><a href=\"https:\/\/vi.wikipedia.org\/wiki\/%C4%90%C3%B4ng_H%C3%A0\">\u0110\u00f4ng H\u00e0 Qu\u1ea3ng tr\u1ecb<\/a><\/strong>, <strong><a href=\"https:\/\/vi.wikipedia.org\/wiki\/H%E1%BB%99i_An\">H\u1ed9i An<\/a><\/strong>, <strong><a href=\"https:\/\/vi.wikipedia.org\/wiki\/Tam_K%E1%BB%B3\">Tam k\u1ef3 Qu\u1ea3ng Nam<\/a><\/strong>,<strong><a href=\"https:\/\/vi.wikipedia.org\/wiki\/Hu%E1%BA%BF\"> Hu\u1ebf<\/a><\/strong> , <strong><a href=\"https:\/\/vi.wikipedia.org\/wiki\/Qu%E1%BA%A3ng_Ng%C3%A3i\">Qu\u1ea3ng Ng\u00e3i<\/a><\/strong> -Chi ph\u00ed v\u1eadn chuy\u1ec3n s\u1ebd t\u00ednh theo kho\u1ea3ng c\u00e1ch v\u00e0 s\u1ed1 l\u01b0\u1ee3ng h\u00e0ng h\u00f3a nh\u1eadp<\/span><\/p>\n","protected":false},"featured_media":1485,"comment_status":"open","ping_status":"closed","template":"","meta":[],"product_cat":[146,151],"product_tag":[],"class_list":{"0":"post-1486","1":"product","2":"type-product","3":"status-publish","4":"has-post-thumbnail","6":"product_cat-gia-son-dulux-tai-da-nang","7":"product_cat-son-phu-noi-that-dulux","9":"first","10":"instock","11":"sale","12":"shipping-taxable","13":"purchasable","14":"product-type-simple"},"yoast_head":"<!-- This site is optimized with the Yoast SEO Premium plugin v22.3 (Yoast SEO v22.8) - https:\/\/yoast.com\/wordpress\/plugins\/seo\/ -->\n<title>Gi\u00e1 S\u01a1n Ph\u1ee7 N\u1ed9i Th\u1ea5t Dulux Easy Clean T\u1ea1i \u0110\u00e0 N\u1eb5ng 0903.595.049<\/title>\n<meta name=\"description\" content=\"Tr\u1ea7n Th\u1ecb l\u00e0 \u0111\u1ea1i l\u00fd S\u01a1n Ph\u1ee7 N\u1ed9i Th\u1ea5t Dulux Easy Clean t\u1ea1i \u0111\u00e0 n\u1eb5ng, ph\u1ee5c v\u1ee5 t\u1eadn ch\u00e2n c\u00f4ng tr\u00ecnh v\u1edbi gi\u00e1 r\u1ebb nh\u1ea5t th\u1ecb tr\u01b0\u1eddng \u0110\u00e0 N\u1eb5ng.\u0110\u1ecba ch\u1ec9: 204 L\u00ea V\u0103n Hi\u1ebfn\" \/>\n<meta name=\"robots\" content=\"index, follow, max-snippet:-1, max-image-preview:large, max-video-preview:-1\" \/>\n<link rel=\"canonical\" href=\"https:\/\/tranthi.vn\/hatinh\/gia-son-phu-noi-that-dulux-easy-clean-da-nang\/\" \/>\n<meta property=\"og:locale\" content=\"vi_VN\" \/>\n<meta property=\"og:type\" content=\"article\" \/>\n<meta property=\"og:title\" content=\"EasyClean d\u1ec5 lau ch\u00f9i m\u1edd - Th\u00f9ng 15L\" \/>\n<meta property=\"og:description\" content=\"Tr\u1ea7n Th\u1ecb l\u00e0 \u0111\u1ea1i l\u00fd S\u01a1n Ph\u1ee7 N\u1ed9i Th\u1ea5t Dulux Easy Clean t\u1ea1i \u0111\u00e0 n\u1eb5ng, ph\u1ee5c v\u1ee5 t\u1eadn ch\u00e2n c\u00f4ng tr\u00ecnh v\u1edbi gi\u00e1 r\u1ebb nh\u1ea5t th\u1ecb tr\u01b0\u1eddng \u0110\u00e0 N\u1eb5ng.\u0110\u1ecba ch\u1ec9: 204 L\u00ea V\u0103n Hi\u1ebfn\" \/>\n<meta property=\"og:url\" content=\"https:\/\/tranthi.vn\/hatinh\/gia-son-phu-noi-that-dulux-easy-clean-da-nang\/\" \/>\n<meta property=\"og:site_name\" content=\"V\u1eadt Li\u1ec7u X\u00e2y D\u1ef1ng Tr\u1ea7n Th\u1ecb Chi Nh\u00e1nh H\u00e0 T\u0129nh\" \/>\n<meta property=\"article:modified_time\" content=\"2024-05-07T04:07:00+00:00\" \/>\n<meta property=\"og:image\" content=\"https:\/\/tranthi.vn\/hatinh\/wp-content\/uploads\/2021\/02\/son-phu-noi-that-dulux-easy-clean-mau-nhat-da-nang-1-300x300_optimized.jpg\" \/>\n\t<meta property=\"og:image:width\" content=\"300\" \/>\n\t<meta property=\"og:image:height\" content=\"300\" \/>\n\t<meta property=\"og:image:type\" content=\"image\/jpeg\" \/>\n<meta name=\"twitter:card\" content=\"summary_large_image\" \/>\n<meta name=\"twitter:label1\" content=\"Gi\u00e1\" \/>\n\t<meta name=\"twitter:data1\" content=\"1,620,000&nbsp;&#8363;\" \/>\n\t<meta name=\"twitter:label2\" content=\"Kh\u1ea3 d\u1ee5ng\" \/>\n\t<meta name=\"twitter:data2\" content=\"Trong kho\" \/>\n<script type=\"application\/ld+json\" class=\"yoast-schema-graph\">{\"@context\":\"https:\/\/schema.org\",\"@graph\":[{\"@type\":[\"WebPage\",\"ItemPage\"],\"@id\":\"https:\/\/tranthi.vn\/hatinh\/gia-son-phu-noi-that-dulux-easy-clean-da-nang\/\",\"url\":\"https:\/\/tranthi.vn\/hatinh\/gia-son-phu-noi-that-dulux-easy-clean-da-nang\/\",\"name\":\"Gi\u00e1 S\u01a1n Ph\u1ee7 N\u1ed9i Th\u1ea5t Dulux Easy Clean T\u1ea1i \u0110\u00e0 N\u1eb5ng 0903.595.049\",\"isPartOf\":{\"@id\":\"https:\/\/tranthi.vn\/hatinh\/#website\"},\"primaryImageOfPage\":{\"@id\":\"https:\/\/tranthi.vn\/hatinh\/gia-son-phu-noi-that-dulux-easy-clean-da-nang\/#primaryimage\"},\"image\":{\"@id\":\"https:\/\/tranthi.vn\/hatinh\/gia-son-phu-noi-that-dulux-easy-clean-da-nang\/#primaryimage\"},\"thumbnailUrl\":\"https:\/\/tranthi.vn\/hatinh\/wp-content\/uploads\/2021\/02\/son-phu-noi-that-dulux-easy-clean-mau-nhat-da-nang-1-300x300_optimized.jpg\",\"datePublished\":\"2021-02-17T09:08:24+00:00\",\"dateModified\":\"2024-05-07T04:07:00+00:00\",\"description\":\"Tr\u1ea7n Th\u1ecb l\u00e0 \u0111\u1ea1i l\u00fd S\u01a1n Ph\u1ee7 N\u1ed9i Th\u1ea5t Dulux Easy Clean t\u1ea1i \u0111\u00e0 n\u1eb5ng, ph\u1ee5c v\u1ee5 t\u1eadn ch\u00e2n c\u00f4ng tr\u00ecnh v\u1edbi gi\u00e1 r\u1ebb nh\u1ea5t th\u1ecb tr\u01b0\u1eddng \u0110\u00e0 N\u1eb5ng.\u0110\u1ecba ch\u1ec9: 204 L\u00ea V\u0103n Hi\u1ebfn\",\"breadcrumb\":{\"@id\":\"https:\/\/tranthi.vn\/hatinh\/gia-son-phu-noi-that-dulux-easy-clean-da-nang\/#breadcrumb\"},\"inLanguage\":\"vi\",\"potentialAction\":[{\"@type\":\"ReadAction\",\"target\":[\"https:\/\/tranthi.vn\/hatinh\/gia-son-phu-noi-that-dulux-easy-clean-da-nang\/\"]}]},{\"@type\":\"ImageObject\",\"inLanguage\":\"vi\",\"@id\":\"https:\/\/tranthi.vn\/hatinh\/gia-son-phu-noi-that-dulux-easy-clean-da-nang\/#primaryimage\",\"url\":\"https:\/\/tranthi.vn\/hatinh\/wp-content\/uploads\/2021\/02\/son-phu-noi-that-dulux-easy-clean-mau-nhat-da-nang-1-300x300_optimized.jpg\",\"contentUrl\":\"https:\/\/tranthi.vn\/hatinh\/wp-content\/uploads\/2021\/02\/son-phu-noi-that-dulux-easy-clean-mau-nhat-da-nang-1-300x300_optimized.jpg\",\"width\":300,\"height\":300},{\"@type\":\"BreadcrumbList\",\"@id\":\"https:\/\/tranthi.vn\/hatinh\/gia-son-phu-noi-that-dulux-easy-clean-da-nang\/#breadcrumb\",\"itemListElement\":[{\"@type\":\"ListItem\",\"position\":1,\"name\":\"Trang ch\u1ee7\",\"item\":\"https:\/\/tranthi.vn\/hatinh\/\"},{\"@type\":\"ListItem\",\"position\":2,\"name\":\"Shop\",\"item\":\"https:\/\/tranthi.vn\/hatinh\/shop\/\"},{\"@type\":\"ListItem\",\"position\":3,\"name\":\"EasyClean d\u1ec5 lau ch\u00f9i m\u1edd &#8211; Th\u00f9ng 15L\"}]},{\"@type\":\"WebSite\",\"@id\":\"https:\/\/tranthi.vn\/hatinh\/#website\",\"url\":\"https:\/\/tranthi.vn\/hatinh\/\",\"name\":\"V\u1eadt Li\u1ec7u X\u00e2y D\u1ef1ng Tr\u1ea7n Th\u1ecb Chi Nh\u00e1nh H\u00e0 T\u0129nh\",\"description\":\"V\u1eadt Li\u1ec7u X\u00e2y D\u1ef1ng - H\u00e0 T\u0129nh\",\"potentialAction\":[{\"@type\":\"SearchAction\",\"target\":{\"@type\":\"EntryPoint\",\"urlTemplate\":\"https:\/\/tranthi.vn\/hatinh\/?s={search_term_string}\"},\"query-input\":\"required name=search_term_string\"}],\"inLanguage\":\"vi\"},{\"@type\":\"ImageObject\",\"inLanguage\":\"vi\",\"@id\":\"https:\/\/tranthi.vn\/hatinh\/gia-son-phu-noi-that-dulux-easy-clean-da-nang\/#local-main-organization-logo\",\"url\":\"\",\"contentUrl\":\"\",\"caption\":\"V\u1eadt Li\u1ec7u X\u00e2y D\u1ef1ng Tr\u1ea7n Th\u1ecb Chi Nh\u00e1nh H\u00e0 T\u0129nh\"}]}<\/script>\n<meta property=\"product:price:amount\" content=\"1620000\" \/>\n<meta property=\"product:price:currency\" content=\"VND\" \/>\n<meta property=\"og:availability\" content=\"instock\" \/>\n<meta property=\"product:availability\" content=\"instock\" \/>\n<meta property=\"product:condition\" content=\"new\" \/>\n<!-- \/ Yoast SEO Premium plugin. -->","yoast_head_json":{"title":"Gi\u00e1 S\u01a1n Ph\u1ee7 N\u1ed9i Th\u1ea5t Dulux Easy Clean T\u1ea1i \u0110\u00e0 N\u1eb5ng 0903.595.049","description":"Tr\u1ea7n Th\u1ecb l\u00e0 \u0111\u1ea1i l\u00fd S\u01a1n Ph\u1ee7 N\u1ed9i Th\u1ea5t Dulux Easy Clean t\u1ea1i \u0111\u00e0 n\u1eb5ng, ph\u1ee5c v\u1ee5 t\u1eadn ch\u00e2n c\u00f4ng tr\u00ecnh v\u1edbi gi\u00e1 r\u1ebb nh\u1ea5t th\u1ecb tr\u01b0\u1eddng \u0110\u00e0 N\u1eb5ng.\u0110\u1ecba ch\u1ec9: 204 L\u00ea V\u0103n Hi\u1ebfn","robots":{"index":"index","follow":"follow","max-snippet":"max-snippet:-1","max-image-preview":"max-image-preview:large","max-video-preview":"max-video-preview:-1"},"canonical":"https:\/\/tranthi.vn\/hatinh\/gia-son-phu-noi-that-dulux-easy-clean-da-nang\/","og_locale":"vi_VN","og_type":"article","og_title":"EasyClean d\u1ec5 lau ch\u00f9i m\u1edd - Th\u00f9ng 15L","og_description":"Tr\u1ea7n Th\u1ecb l\u00e0 \u0111\u1ea1i l\u00fd S\u01a1n Ph\u1ee7 N\u1ed9i Th\u1ea5t Dulux Easy Clean t\u1ea1i \u0111\u00e0 n\u1eb5ng, ph\u1ee5c v\u1ee5 t\u1eadn ch\u00e2n c\u00f4ng tr\u00ecnh v\u1edbi gi\u00e1 r\u1ebb nh\u1ea5t th\u1ecb tr\u01b0\u1eddng \u0110\u00e0 N\u1eb5ng.\u0110\u1ecba ch\u1ec9: 204 L\u00ea V\u0103n Hi\u1ebfn","og_url":"https:\/\/tranthi.vn\/hatinh\/gia-son-phu-noi-that-dulux-easy-clean-da-nang\/","og_site_name":"V\u1eadt Li\u1ec7u X\u00e2y D\u1ef1ng Tr\u1ea7n Th\u1ecb Chi Nh\u00e1nh H\u00e0 T\u0129nh","article_modified_time":"2024-05-07T04:07:00+00:00","og_image":[{"width":300,"height":300,"url":"https:\/\/tranthi.vn\/hatinh\/wp-content\/uploads\/2021\/02\/son-phu-noi-that-dulux-easy-clean-mau-nhat-da-nang-1-300x300_optimized.jpg","type":"image\/jpeg"}],"twitter_card":"summary_large_image","twitter_misc":{"Gi\u00e1":"1,620,000&nbsp;&#8363;","Kh\u1ea3 d\u1ee5ng":"Trong kho"},"schema":{"@context":"https:\/\/schema.org","@graph":[{"@type":["WebPage","ItemPage"],"@id":"https:\/\/tranthi.vn\/hatinh\/gia-son-phu-noi-that-dulux-easy-clean-da-nang\/","url":"https:\/\/tranthi.vn\/hatinh\/gia-son-phu-noi-that-dulux-easy-clean-da-nang\/","name":"Gi\u00e1 S\u01a1n Ph\u1ee7 N\u1ed9i Th\u1ea5t Dulux Easy Clean T\u1ea1i \u0110\u00e0 N\u1eb5ng 0903.595.049","isPartOf":{"@id":"https:\/\/tranthi.vn\/hatinh\/#website"},"primaryImageOfPage":{"@id":"https:\/\/tranthi.vn\/hatinh\/gia-son-phu-noi-that-dulux-easy-clean-da-nang\/#primaryimage"},"image":{"@id":"https:\/\/tranthi.vn\/hatinh\/gia-son-phu-noi-that-dulux-easy-clean-da-nang\/#primaryimage"},"thumbnailUrl":"https:\/\/tranthi.vn\/hatinh\/wp-content\/uploads\/2021\/02\/son-phu-noi-that-dulux-easy-clean-mau-nhat-da-nang-1-300x300_optimized.jpg","datePublished":"2021-02-17T09:08:24+00:00","dateModified":"2024-05-07T04:07:00+00:00","description":"Tr\u1ea7n Th\u1ecb l\u00e0 \u0111\u1ea1i l\u00fd S\u01a1n Ph\u1ee7 N\u1ed9i Th\u1ea5t Dulux Easy Clean t\u1ea1i \u0111\u00e0 n\u1eb5ng, ph\u1ee5c v\u1ee5 t\u1eadn ch\u00e2n c\u00f4ng tr\u00ecnh v\u1edbi gi\u00e1 r\u1ebb nh\u1ea5t th\u1ecb tr\u01b0\u1eddng \u0110\u00e0 N\u1eb5ng.\u0110\u1ecba ch\u1ec9: 204 L\u00ea V\u0103n Hi\u1ebfn","breadcrumb":{"@id":"https:\/\/tranthi.vn\/hatinh\/gia-son-phu-noi-that-dulux-easy-clean-da-nang\/#breadcrumb"},"inLanguage":"vi","potentialAction":[{"@type":"ReadAction","target":["https:\/\/tranthi.vn\/hatinh\/gia-son-phu-noi-that-dulux-easy-clean-da-nang\/"]}]},{"@type":"ImageObject","inLanguage":"vi","@id":"https:\/\/tranthi.vn\/hatinh\/gia-son-phu-noi-that-dulux-easy-clean-da-nang\/#primaryimage","url":"https:\/\/tranthi.vn\/hatinh\/wp-content\/uploads\/2021\/02\/son-phu-noi-that-dulux-easy-clean-mau-nhat-da-nang-1-300x300_optimized.jpg","contentUrl":"https:\/\/tranthi.vn\/hatinh\/wp-content\/uploads\/2021\/02\/son-phu-noi-that-dulux-easy-clean-mau-nhat-da-nang-1-300x300_optimized.jpg","width":300,"height":300},{"@type":"BreadcrumbList","@id":"https:\/\/tranthi.vn\/hatinh\/gia-son-phu-noi-that-dulux-easy-clean-da-nang\/#breadcrumb","itemListElement":[{"@type":"ListItem","position":1,"name":"Trang ch\u1ee7","item":"https:\/\/tranthi.vn\/hatinh\/"},{"@type":"ListItem","position":2,"name":"Shop","item":"https:\/\/tranthi.vn\/hatinh\/shop\/"},{"@type":"ListItem","position":3,"name":"EasyClean d\u1ec5 lau ch\u00f9i m\u1edd &#8211; Th\u00f9ng 15L"}]},{"@type":"WebSite","@id":"https:\/\/tranthi.vn\/hatinh\/#website","url":"https:\/\/tranthi.vn\/hatinh\/","name":"V\u1eadt Li\u1ec7u X\u00e2y D\u1ef1ng Tr\u1ea7n Th\u1ecb Chi Nh\u00e1nh H\u00e0 T\u0129nh","description":"V\u1eadt Li\u1ec7u X\u00e2y D\u1ef1ng - H\u00e0 T\u0129nh","potentialAction":[{"@type":"SearchAction","target":{"@type":"EntryPoint","urlTemplate":"https:\/\/tranthi.vn\/hatinh\/?s={search_term_string}"},"query-input":"required name=search_term_string"}],"inLanguage":"vi"},{"@type":"ImageObject","inLanguage":"vi","@id":"https:\/\/tranthi.vn\/hatinh\/gia-son-phu-noi-that-dulux-easy-clean-da-nang\/#local-main-organization-logo","url":"","contentUrl":"","caption":"V\u1eadt Li\u1ec7u X\u00e2y D\u1ef1ng Tr\u1ea7n Th\u1ecb Chi Nh\u00e1nh H\u00e0 T\u0129nh"}]},"product_price_amount":"1620000","product_price_currency":"VND","og_availability":"instock","product_availability":"instock","product_condition":"new"},"_links":{"self":[{"href":"https:\/\/tranthi.vn\/hatinh\/wp-json\/wp\/v2\/product\/1486","targetHints":{"allow":["GET"]}}],"collection":[{"href":"https:\/\/tranthi.vn\/hatinh\/wp-json\/wp\/v2\/product"}],"about":[{"href":"https:\/\/tranthi.vn\/hatinh\/wp-json\/wp\/v2\/types\/product"}],"replies":[{"embeddable":true,"href":"https:\/\/tranthi.vn\/hatinh\/wp-json\/wp\/v2\/comments?post=1486"}],"wp:featuredmedia":[{"embeddable":true,"href":"https:\/\/tranthi.vn\/hatinh\/wp-json\/wp\/v2\/media\/1485"}],"wp:attachment":[{"href":"https:\/\/tranthi.vn\/hatinh\/wp-json\/wp\/v2\/media?parent=1486"}],"wp:term":[{"taxonomy":"product_cat","embeddable":true,"href":"https:\/\/tranthi.vn\/hatinh\/wp-json\/wp\/v2\/product_cat?post=1486"},{"taxonomy":"product_tag","embeddable":true,"href":"https:\/\/tranthi.vn\/hatinh\/wp-json\/wp\/v2\/product_tag?post=1486"}],"curies":[{"name":"wp","href":"https:\/\/api.w.org\/{rel}","templated":true}]}}