{"id":1484,"date":"2021-02-17T16:08:22","date_gmt":"2021-02-17T09:08:22","guid":{"rendered":"http:\/\/new-tranthi.test\/san-pham\/son-phu-noi-that-dulux-inspire-mau-nhat-thung-18l\/"},"modified":"2024-05-02T01:53:09","modified_gmt":"2024-05-01T18:53:09","slug":"son-phu-noi-that-dulux-inspire-mau-nhat-thung-18l","status":"publish","type":"product","link":"https:\/\/tranthi.vn\/hatinh\/son-phu-noi-that-dulux-inspire-mau-nhat-thung-18l\/","title":{"rendered":"Dulux Inspire &#8211; B\u1ec1 m\u1eb7t b\u00f3ng- Th\u00f9ng 18l"},"content":{"rendered":"<p><span style=\"font-family: 'times new roman', times, serif; font-size: 14pt; color: #000000;\"><span style=\"color: #008000;\"><strong><a style=\"color: #008000;\" href=\"http:\/\/tranthi.vn\/quangnam\/gia-son-phu-noi-that-dulux-inspire-da-nang\">S\u01a1n Ph\u1ee7 N\u1ed9i Th\u1ea5t Dulux Inspire-\u00a0 B\u1ec1 m\u1eb7t b\u00f3ng <\/a><\/strong><\/span>&#8211; t\u00f4 \u0111i\u1ec3m v\u00e0 g\u00ecn gi\u1eef v\u1ebb \u0111\u1eb9p cho ng\u00f4i nh\u00e0 b\u1ea1n. V\u1edbi c\u00f4ng ngh\u1ec7 ChromaBrite cho m\u00e0u s\u1eafc b\u1ec1n v\u00e0 t\u01b0\u01a1i \u0111\u1eb9p, t\u1ed5 \u1ea5m c\u1ee7a b\u1ea1n s\u1ebd lu\u00f4n l\u00e0 kh\u00f4ng gian \u0111\u1eb9p, d\u1ec5 ch\u1ecbu v\u00e0 tho\u1ea3i m\u00e1i.<\/span><\/p>\n<h2 class=\"ie9_headlines\"><span style=\"font-family: 'times new roman', times, serif; font-size: 14pt; color: #ff0000;\"><strong>1.H\u01b0\u1edbng d\u1eabn s\u1eed d\u1ee5ng &amp; B\u1ea3o qu\u1ea3n<\/strong><\/span><\/h2>\n<p><span style=\"font-family: 'times new roman', times, serif; font-size: 14pt; color: #000000;\">B\u1ea3o \u0111\u1ea3m b\u1ec1 m\u1eb7t s\u01a1n ph\u1ea3i s\u1ea1ch, kh\u00f4ng c\u00f3 t\u1ea1p ch\u1ea5t l\u00e0m gi\u1ea3m \u0111\u1ed9 b\u00e1m d\u00ednh nh\u01b0 b\u1ed9t, b\u1ee5i, d\u1ea7u m\u1ee1 hay s\u00e1p.<\/span><\/p>\n<p><span style=\"font-family: 'times new roman', times, serif; font-size: 14pt; color: #000000;\">\u0110\u1ed9 \u1ea9m c\u1ee7a b\u1ec1 m\u1eb7t d\u01b0\u1edbi 16% theo m\u00e1y \u0111o \u0111\u1ed9 \u1ea9m Protimeter hay \u0111\u1ec3 b\u1ec1 m\u1eb7t t\u01b0\u1eddng kh\u00f4 t\u1eeb 21 \u0111\u1ebfn 28 ng\u00e0y trong \u0111i\u1ec1u ki\u1ec7n b\u00ecnh th\u01b0\u1eddng (nhi\u1ec7t \u0111\u1ed9 trung b\u00ecnh 30<sup>0<\/sup>C, \u0111\u1ed9 \u1ea9m m\u00f4i tr\u01b0\u1eddng 80%).<\/span><\/p>\n<p><span style=\"font-family: 'times new roman', times, serif; font-size: 14pt; color: #000000;\"><a style=\"color: #000000;\" href=\"http:\/\/tranthi.vn\/quangnam\/gia-son-phu-noi-that-dulux-inspire-da-nang\"><img loading=\"lazy\" decoding=\"async\" class=\"size-full wp-image-3562 aligncenter\" src=\"http:\/\/tranthi.vn\/quangnam\/wp-content\/uploads\/2019\/04\/S\u01a1n-ph\u1ee7-n\u1ed9i-th\u1ea5t-Dulux-Inspire-m\u00e0u-nh\u1ea1t-1.jpg\" alt=\"\" width=\"400\" height=\"400\" \/><\/a><\/span><\/p>\n<p style=\"text-align: center;\"><span style=\"color: #000000; font-family: 'times new roman', times, serif; font-size: 14pt;\"><em>S\u01a1n ph\u1ee7 n\u1ed9i th\u1ea5t Dulux Inspire \u0111\u00e0 n\u1eb5ng<\/em><\/span><\/p>\n<h3><span style=\"font-family: 'times new roman', times, serif; font-size: 14pt; color: #ff0000;\"><strong>2. Thi c\u00f4ng s\u01a1n:<\/strong><img loading=\"lazy\" decoding=\"async\" src=\"https:\/\/www.dulux.com.vn\/images\/sonngoainha\/congcusondau.jpg\" width=\"62\" height=\"21\" \/><\/span><\/h3>\n<p><span style=\"font-family: 'times new roman', times, serif; font-size: 14pt; color: #000000;\">Kh\u00f4 b\u1ec1 m\u1eb7t: 30 ph\u00fat<\/span><\/p>\n<p><span style=\"font-family: 'times new roman', times, serif; font-size: 14pt; color: #000000;\">S\u01a1n l\u1edbp sau: 1-2 gi\u1edd<\/span><\/p>\n<p><span style=\"font-family: 'times new roman', times, serif; font-size: 14pt; color: #000000;\">S\u1ed1 l\u1edbp s\u01a1n: 2 l\u1edbp<\/span><\/p>\n<p><span style=\"font-family: 'times new roman', times, serif; font-size: 14pt; color: #000000;\"><strong>Pha s\u01a1n:<\/strong>\u00a0kh\u00f4ng c\u1ea7n pha cho s\u1eed d\u1ee5ng th\u00f4ng th\u01b0\u1eddng. Nh\u01b0ng n\u1ebfu c\u1ea7n c\u00f3 th\u1ec3 pha t\u1ed1i \u0111a 10% n\u01b0\u1edbc s\u1ea1ch. Khu\u1ea5y \u0111\u1ec1u tr\u01b0\u1edbc khi s\u1eed d\u1ee5ng.<\/span><\/p>\n<p><span style=\"font-family: 'times new roman', times, serif; font-size: 14pt; color: #000000;\"><strong>L\u00e0m s\u1ea1ch<\/strong>: r\u1eeda s\u1ea1ch d\u1ee5ng c\u1ee5 v\u1edbi n\u01b0\u1edbc s\u1ea1ch ngay sau khi s\u1eed d\u1ee5ng.<\/span><\/p>\n<p><span style=\"font-family: 'times new roman', times, serif; font-size: 14pt; color: #000000;\"><strong>B\u1ea3o qu\u1ea3n:<\/strong>\u00a0t\u1ed3n tr\u1eef s\u01a1n \u1edf n\u01a1i kh\u00f4, m\u00e1t. \u0110\u1eb7t th\u00f9ng s\u01a1n \u1edf v\u1ecb tr\u00ed th\u1eb3ng \u0111\u1ee9ng an to\u00e0n v\u00e0 \u0111\u1eady ch\u1eb7t n\u1eafp. D\u00f9ng ngay sau khi m\u1edf n\u1eafp.<\/span><\/p>\n<h4><span style=\"color: #ff0000; font-family: 'times new roman', times, serif; font-size: 14pt;\"><strong>3. H\u1ec7 th\u1ed1ng s\u01a1n \u0111\u1ec1 ngh\u1ecb<\/strong><\/span><\/h4>\n<ul>\n<li><span style=\"font-family: 'times new roman', times, serif; font-size: 14pt; color: #000000;\">B\u1ed9t tr\u00e9t : S\u1eed d\u1ee5ng 2-3 l\u1edbp\u00a0<strong><a style=\"color: #000000;\" href=\"https:\/\/tranthi.vn\/quangnam\/bot-tret-tuong-dulux\">b\u1ed9t tr\u00e9t t\u01b0\u1eddng Dulux cao c\u1ea5p<\/a><\/strong><\/span><\/li>\n<li><span style=\"font-family: 'times new roman', times, serif; font-size: 14pt; color: #000000;\">S\u01a1n L\u00f3t: L\u0103n 2 l\u1edbp\u00a0S\u01a1n l\u00f3t n\u1ed9i th\u1ea5t Dulux cao c\u1ea5p<\/span><\/li>\n<li><span style=\"font-family: 'times new roman', times, serif; font-size: 14pt; color: #000000;\">S\u01a1n ph\u1ee7 : 2 l\u1edbp\u00a0<a style=\"color: #000000;\" href=\"http:\/\/tranthi.vn\/quangnam\/gia-son-phu-noi-that-dulux-inspire-da-nang\"><strong>s\u01a1n\u00a0n\u1ed9i th\u1ea5t Dulux Inspire<\/strong><\/a><\/span><\/li>\n<\/ul>\n<p><span style=\"font-family: 'times new roman', times, serif; font-size: 14pt; color: #000000;\">V\u1edbi th\u1eddi ti\u1ebft n\u1eafng n\u00f3ng c\u1ee7a <em><strong><a style=\"color: #000000;\" href=\"https:\/\/fr.wikipedia.org\/wiki\/Da_Nang\">\u0110\u00e0 N\u1eb5ng<\/a> <\/strong><\/em><strong><a style=\"color: #000000;\" href=\"https:\/\/vi.wikipedia.org\/wiki\/%C4%90%C3%B4ng_H%C3%A0\">\u0110\u00f4ng H\u00e0 Qu\u1ea3ng tr\u1ecb<\/a><\/strong>, <strong><a style=\"color: #000000;\" href=\"https:\/\/vi.wikipedia.org\/wiki\/H%E1%BB%99i_An\">H\u1ed9i An<\/a><\/strong>, <strong><a style=\"color: #000000;\" href=\"https:\/\/vi.wikipedia.org\/wiki\/Tam_K%E1%BB%B3\">Tam k\u1ef3 Qu\u1ea3ng Nam<\/a><\/strong>,<strong><a style=\"color: #000000;\" href=\"https:\/\/vi.wikipedia.org\/wiki\/Hu%E1%BA%BF\"> Hu\u1ebf<\/a><\/strong> , <strong><a style=\"color: #000000;\" href=\"https:\/\/vi.wikipedia.org\/wiki\/Qu%E1%BA%A3ng_Ng%C3%A3i\">Qu\u1ea3ng Ng\u00e3i<\/a><\/strong> -v\u00e0o th\u00e1ng 4,5,6 r\u1ea5t th\u00edch h\u1ee3p cho vi\u1ec7c s\u01a1n l\u1ea1i t\u01b0\u1eddng<\/span><\/p>\n","protected":false},"excerpt":{"rendered":"<p><span style=\"font-family: 'times new roman', times, serif; font-size: 130%; color: #000000;\">\ud83d\ude1b Giao h\u00e0ng trong \u0111\u1ecba b\u00e0n\u00a0<span style=\"color: #008000;\"><em><a style=\"color: #008000;\" href=\"https:\/\/fr.wikipedia.org\/wiki\/Da_Nang\"><strong>\u0110\u00e0 N\u1eb5ng<\/strong><\/a><\/em><\/span><\/span><\/p>\n<p><span style=\"font-family: 'times new roman', times, serif; font-size: 130%; color: #000000;\">\ud83d\ude1b \u0110\u01a1n v\u1ecb t\u00ednh: Th\u00f9ng 18 L\u00edt<\/span><\/p>\n<p><span style=\"font-family: 'times new roman', times, serif; font-size: 130%; color: #000000;\">\ud83d\ude1b \u0110\u01a1n gi\u00e1 <span style=\"color: #008000;\"><em><strong><a style=\"color: #008000;\" href=\"https:\/\/tranthi.vn\/quangnam\/son-phu-noi-that-dulux-inspire-mau-nhat\">S\u01a1n ph\u1ee7 n\u1ed9i th\u1ea5t Dulux Inspire &#8211; m\u00e0u nh\u1ea1t<\/a><\/strong><\/em><\/span> trong n\u1ed9i th\u00e0nh<\/span><\/p>\n<p><span style=\"font-family: 'times new roman', times, serif; font-size: 130%; color: #000000;\">Th\u00f9ng 18 L\u00edt: <strong><span style=\"color: #ff0000;\">1.520.000\u0111<\/span><\/strong><\/span><\/p>\n<p><span style=\"font-family: 'times new roman', times, serif; font-size: 130%; color: #000000;\">Th\u00f9ng 15 L\u00edt: <strong><span style=\"color: #ff0000;\">1.330.000\u0111<\/span><\/strong><\/span><\/p>\n<p><span style=\"font-family: 'times new roman', times, serif; font-size: 130%; color: #000000;\">Th\u00f9ng 5 L\u00edt: <span style=\"color: #ff0000;\"><strong>485.000\u0111<\/strong><\/span><\/span><\/p>\n<p><span style=\"font-family: 'times new roman', times, serif; font-size: 130%;\"><em>( \u0110\u01a1n gi\u00e1 \u00e1p d\u1ee5ng khi mua t\u1eeba 5 s\u1ea3n ph\u1ea9m )<\/em><\/span><\/p>\n<p><span style=\"font-family: 'times new roman', times, serif; font-size: 130%; color: #000000;\">\ud83d\ude1b\u00a0 s\u1eed d\u1ee5ng k\u1ebft h\u1ee3p 2-3 l\u1edbp b\u1ed9t tr\u00e9t t\u01b0\u1eddng Dulux cao c\u1ea5p + L\u0103n 2 l\u1edbp S\u01a1n l\u00f3t n\u1ed9i th\u1ea5t Dulux cao c\u1ea5p +2 l\u1edbp <strong>s\u01a1n\u00a0n\u1ed9i th\u1ea5t Dulux Inspire<\/strong><\/span><\/p>\n<p><span style=\"font-family: 'times new roman', times, serif; font-size: 130%; color: #000000;\">\ud83d\ude1b Ngo\u00e0i ra Tr\u1ea7n Th\u1ecb c\u00f2n nh\u1eadn giao h\u00e0ng \u0111\u1ebfn c\u00e1c \u0111i\u1ec3m <span style=\"color: #008000;\"><strong><a style=\"color: #008000;\" href=\"https:\/\/vi.wikipedia.org\/wiki\/%C4%90%C3%B4ng_H%C3%A0\">\u0110\u00f4ng H\u00e0 Qu\u1ea3ng tr\u1ecb<\/a><\/strong>, <strong><a style=\"color: #008000;\" href=\"https:\/\/vi.wikipedia.org\/wiki\/H%E1%BB%99i_An\">H\u1ed9i An<\/a><\/strong>, <strong><a style=\"color: #008000;\" href=\"https:\/\/vi.wikipedia.org\/wiki\/Tam_K%E1%BB%B3\">Tam k\u1ef3 Qu\u1ea3ng Nam<\/a><\/strong>,<strong><a style=\"color: #008000;\" href=\"https:\/\/vi.wikipedia.org\/wiki\/Hu%E1%BA%BF\"> Hu\u1ebf<\/a><\/strong> , <strong><a style=\"color: #008000;\" href=\"https:\/\/vi.wikipedia.org\/wiki\/Qu%E1%BA%A3ng_Ng%C3%A3i\">Qu\u1ea3ng Ng\u00e3i<\/a><\/strong><\/span> -Chi ph\u00ed v\u1eadn chuy\u1ec3n s\u1ebd t\u00ednh theo kho\u1ea3ng c\u00e1ch v\u00e0 s\u1ed1 l\u01b0\u1ee3ng h\u00e0ng h\u00f3a nh\u1eadp<\/span><\/p>\n","protected":false},"featured_media":1483,"comment_status":"open","ping_status":"closed","template":"","meta":[],"product_cat":[139,146,151],"product_tag":[],"class_list":{"0":"post-1484","1":"product","2":"type-product","3":"status-publish","4":"has-post-thumbnail","6":"product_cat-son","7":"product_cat-gia-son-dulux-tai-da-nang","8":"product_cat-son-phu-noi-that-dulux","10":"first","11":"instock","12":"sale","13":"shipping-taxable","14":"purchasable","15":"product-type-simple"},"yoast_head":"<!-- This site is optimized with the Yoast SEO Premium plugin v22.3 (Yoast SEO v22.8) - https:\/\/yoast.com\/wordpress\/plugins\/seo\/ -->\n<title>gi\u00e1 S\u01a1n Ph\u1ee7 N\u1ed9i Th\u1ea5t Dulux Inspire t\u1ea1i \u0110\u00e0 N\u1eb5ng - 0903.595.049<\/title>\n<meta name=\"description\" content=\"Tr\u1ea7n Th\u1ecb l\u00e0 nh\u00e0 cung c\u1ea5p s\u01a1n Ph\u1ee7 N\u1ed9i Th\u1ea5t Dulux Inspire t\u1ea1i \u0111\u00e0 n\u1eb5ng. Ph\u1ee5c v\u1ee5 t\u1eadn ch\u00e2n c\u00f4ng tr\u00ecnh v\u1edbi gi\u00e1 r\u1ebb nh\u1ea5t th\u1ecb tr\u01b0\u1eddng \u0110\u00e0 N\u1eb5ng.\u0110\u1ecba ch\u1ec9: 204 L\u00ea V\u0103n Hi\u1ebfn\" \/>\n<meta name=\"robots\" content=\"index, follow, max-snippet:-1, max-image-preview:large, max-video-preview:-1\" \/>\n<link rel=\"canonical\" href=\"https:\/\/tranthi.vn\/hatinh\/son-phu-noi-that-dulux-inspire-mau-nhat-thung-18l\/\" \/>\n<meta property=\"og:locale\" content=\"vi_VN\" \/>\n<meta property=\"og:type\" content=\"article\" \/>\n<meta property=\"og:title\" content=\"Dulux Inspire - B\u1ec1 m\u1eb7t b\u00f3ng- Th\u00f9ng 18l\" \/>\n<meta property=\"og:description\" content=\"Tr\u1ea7n Th\u1ecb l\u00e0 nh\u00e0 cung c\u1ea5p s\u01a1n Ph\u1ee7 N\u1ed9i Th\u1ea5t Dulux Inspire t\u1ea1i \u0111\u00e0 n\u1eb5ng. Ph\u1ee5c v\u1ee5 t\u1eadn ch\u00e2n c\u00f4ng tr\u00ecnh v\u1edbi gi\u00e1 r\u1ebb nh\u1ea5t th\u1ecb tr\u01b0\u1eddng \u0110\u00e0 N\u1eb5ng.\u0110\u1ecba ch\u1ec9: 204 L\u00ea V\u0103n Hi\u1ebfn\" \/>\n<meta property=\"og:url\" content=\"https:\/\/tranthi.vn\/hatinh\/son-phu-noi-that-dulux-inspire-mau-nhat-thung-18l\/\" \/>\n<meta property=\"og:site_name\" content=\"V\u1eadt Li\u1ec7u X\u00e2y D\u1ef1ng Tr\u1ea7n Th\u1ecb Chi Nh\u00e1nh H\u00e0 T\u0129nh\" \/>\n<meta property=\"article:modified_time\" content=\"2024-05-01T18:53:09+00:00\" \/>\n<meta property=\"og:image\" content=\"https:\/\/tranthi.vn\/hatinh\/wp-content\/uploads\/2021\/02\/son-phu-noi-that-dulux-inspire-mau-nhat-1-300x300_optimized-1.jpg\" \/>\n\t<meta property=\"og:image:width\" content=\"300\" \/>\n\t<meta property=\"og:image:height\" content=\"300\" \/>\n\t<meta property=\"og:image:type\" content=\"image\/jpeg\" \/>\n<meta name=\"twitter:card\" content=\"summary_large_image\" \/>\n<meta name=\"twitter:label1\" content=\"Gi\u00e1\" \/>\n\t<meta name=\"twitter:data1\" content=\"1,520,000&nbsp;&#8363;\" \/>\n\t<meta name=\"twitter:label2\" content=\"Kh\u1ea3 d\u1ee5ng\" \/>\n\t<meta name=\"twitter:data2\" content=\"Trong kho\" \/>\n<script type=\"application\/ld+json\" class=\"yoast-schema-graph\">{\"@context\":\"https:\/\/schema.org\",\"@graph\":[{\"@type\":[\"WebPage\",\"ItemPage\"],\"@id\":\"https:\/\/tranthi.vn\/hatinh\/son-phu-noi-that-dulux-inspire-mau-nhat-thung-18l\/\",\"url\":\"https:\/\/tranthi.vn\/hatinh\/son-phu-noi-that-dulux-inspire-mau-nhat-thung-18l\/\",\"name\":\"gi\u00e1 S\u01a1n Ph\u1ee7 N\u1ed9i Th\u1ea5t Dulux Inspire t\u1ea1i \u0110\u00e0 N\u1eb5ng - 0903.595.049\",\"isPartOf\":{\"@id\":\"https:\/\/tranthi.vn\/hatinh\/#website\"},\"primaryImageOfPage\":{\"@id\":\"https:\/\/tranthi.vn\/hatinh\/son-phu-noi-that-dulux-inspire-mau-nhat-thung-18l\/#primaryimage\"},\"image\":{\"@id\":\"https:\/\/tranthi.vn\/hatinh\/son-phu-noi-that-dulux-inspire-mau-nhat-thung-18l\/#primaryimage\"},\"thumbnailUrl\":\"https:\/\/tranthi.vn\/hatinh\/wp-content\/uploads\/2021\/02\/son-phu-noi-that-dulux-inspire-mau-nhat-1-300x300_optimized-1.jpg\",\"datePublished\":\"2021-02-17T09:08:22+00:00\",\"dateModified\":\"2024-05-01T18:53:09+00:00\",\"description\":\"Tr\u1ea7n Th\u1ecb l\u00e0 nh\u00e0 cung c\u1ea5p s\u01a1n Ph\u1ee7 N\u1ed9i Th\u1ea5t Dulux Inspire t\u1ea1i \u0111\u00e0 n\u1eb5ng. Ph\u1ee5c v\u1ee5 t\u1eadn ch\u00e2n c\u00f4ng tr\u00ecnh v\u1edbi gi\u00e1 r\u1ebb nh\u1ea5t th\u1ecb tr\u01b0\u1eddng \u0110\u00e0 N\u1eb5ng.\u0110\u1ecba ch\u1ec9: 204 L\u00ea V\u0103n Hi\u1ebfn\",\"breadcrumb\":{\"@id\":\"https:\/\/tranthi.vn\/hatinh\/son-phu-noi-that-dulux-inspire-mau-nhat-thung-18l\/#breadcrumb\"},\"inLanguage\":\"vi\",\"potentialAction\":[{\"@type\":\"ReadAction\",\"target\":[\"https:\/\/tranthi.vn\/hatinh\/son-phu-noi-that-dulux-inspire-mau-nhat-thung-18l\/\"]}]},{\"@type\":\"ImageObject\",\"inLanguage\":\"vi\",\"@id\":\"https:\/\/tranthi.vn\/hatinh\/son-phu-noi-that-dulux-inspire-mau-nhat-thung-18l\/#primaryimage\",\"url\":\"https:\/\/tranthi.vn\/hatinh\/wp-content\/uploads\/2021\/02\/son-phu-noi-that-dulux-inspire-mau-nhat-1-300x300_optimized-1.jpg\",\"contentUrl\":\"https:\/\/tranthi.vn\/hatinh\/wp-content\/uploads\/2021\/02\/son-phu-noi-that-dulux-inspire-mau-nhat-1-300x300_optimized-1.jpg\",\"width\":300,\"height\":300},{\"@type\":\"BreadcrumbList\",\"@id\":\"https:\/\/tranthi.vn\/hatinh\/son-phu-noi-that-dulux-inspire-mau-nhat-thung-18l\/#breadcrumb\",\"itemListElement\":[{\"@type\":\"ListItem\",\"position\":1,\"name\":\"Trang ch\u1ee7\",\"item\":\"https:\/\/tranthi.vn\/hatinh\/\"},{\"@type\":\"ListItem\",\"position\":2,\"name\":\"Shop\",\"item\":\"https:\/\/tranthi.vn\/hatinh\/shop\/\"},{\"@type\":\"ListItem\",\"position\":3,\"name\":\"Dulux Inspire &#8211; B\u1ec1 m\u1eb7t b\u00f3ng- Th\u00f9ng 18l\"}]},{\"@type\":\"WebSite\",\"@id\":\"https:\/\/tranthi.vn\/hatinh\/#website\",\"url\":\"https:\/\/tranthi.vn\/hatinh\/\",\"name\":\"V\u1eadt Li\u1ec7u X\u00e2y D\u1ef1ng Tr\u1ea7n Th\u1ecb Chi Nh\u00e1nh H\u00e0 T\u0129nh\",\"description\":\"V\u1eadt Li\u1ec7u X\u00e2y D\u1ef1ng - H\u00e0 T\u0129nh\",\"potentialAction\":[{\"@type\":\"SearchAction\",\"target\":{\"@type\":\"EntryPoint\",\"urlTemplate\":\"https:\/\/tranthi.vn\/hatinh\/?s={search_term_string}\"},\"query-input\":\"required name=search_term_string\"}],\"inLanguage\":\"vi\"},{\"@type\":\"ImageObject\",\"inLanguage\":\"vi\",\"@id\":\"https:\/\/tranthi.vn\/hatinh\/son-phu-noi-that-dulux-inspire-mau-nhat-thung-18l\/#local-main-organization-logo\",\"url\":\"\",\"contentUrl\":\"\",\"caption\":\"V\u1eadt Li\u1ec7u X\u00e2y D\u1ef1ng Tr\u1ea7n Th\u1ecb Chi Nh\u00e1nh H\u00e0 T\u0129nh\"}]}<\/script>\n<meta property=\"product:price:amount\" content=\"1520000\" \/>\n<meta property=\"product:price:currency\" content=\"VND\" \/>\n<meta property=\"og:availability\" content=\"instock\" \/>\n<meta property=\"product:availability\" content=\"instock\" \/>\n<meta property=\"product:condition\" content=\"new\" \/>\n<!-- \/ Yoast SEO Premium plugin. -->","yoast_head_json":{"title":"gi\u00e1 S\u01a1n Ph\u1ee7 N\u1ed9i Th\u1ea5t Dulux Inspire t\u1ea1i \u0110\u00e0 N\u1eb5ng - 0903.595.049","description":"Tr\u1ea7n Th\u1ecb l\u00e0 nh\u00e0 cung c\u1ea5p s\u01a1n Ph\u1ee7 N\u1ed9i Th\u1ea5t Dulux Inspire t\u1ea1i \u0111\u00e0 n\u1eb5ng. Ph\u1ee5c v\u1ee5 t\u1eadn ch\u00e2n c\u00f4ng tr\u00ecnh v\u1edbi gi\u00e1 r\u1ebb nh\u1ea5t th\u1ecb tr\u01b0\u1eddng \u0110\u00e0 N\u1eb5ng.\u0110\u1ecba ch\u1ec9: 204 L\u00ea V\u0103n Hi\u1ebfn","robots":{"index":"index","follow":"follow","max-snippet":"max-snippet:-1","max-image-preview":"max-image-preview:large","max-video-preview":"max-video-preview:-1"},"canonical":"https:\/\/tranthi.vn\/hatinh\/son-phu-noi-that-dulux-inspire-mau-nhat-thung-18l\/","og_locale":"vi_VN","og_type":"article","og_title":"Dulux Inspire - B\u1ec1 m\u1eb7t b\u00f3ng- Th\u00f9ng 18l","og_description":"Tr\u1ea7n Th\u1ecb l\u00e0 nh\u00e0 cung c\u1ea5p s\u01a1n Ph\u1ee7 N\u1ed9i Th\u1ea5t Dulux Inspire t\u1ea1i \u0111\u00e0 n\u1eb5ng. Ph\u1ee5c v\u1ee5 t\u1eadn ch\u00e2n c\u00f4ng tr\u00ecnh v\u1edbi gi\u00e1 r\u1ebb nh\u1ea5t th\u1ecb tr\u01b0\u1eddng \u0110\u00e0 N\u1eb5ng.\u0110\u1ecba ch\u1ec9: 204 L\u00ea V\u0103n Hi\u1ebfn","og_url":"https:\/\/tranthi.vn\/hatinh\/son-phu-noi-that-dulux-inspire-mau-nhat-thung-18l\/","og_site_name":"V\u1eadt Li\u1ec7u X\u00e2y D\u1ef1ng Tr\u1ea7n Th\u1ecb Chi Nh\u00e1nh H\u00e0 T\u0129nh","article_modified_time":"2024-05-01T18:53:09+00:00","og_image":[{"width":300,"height":300,"url":"https:\/\/tranthi.vn\/hatinh\/wp-content\/uploads\/2021\/02\/son-phu-noi-that-dulux-inspire-mau-nhat-1-300x300_optimized-1.jpg","type":"image\/jpeg"}],"twitter_card":"summary_large_image","twitter_misc":{"Gi\u00e1":"1,520,000&nbsp;&#8363;","Kh\u1ea3 d\u1ee5ng":"Trong kho"},"schema":{"@context":"https:\/\/schema.org","@graph":[{"@type":["WebPage","ItemPage"],"@id":"https:\/\/tranthi.vn\/hatinh\/son-phu-noi-that-dulux-inspire-mau-nhat-thung-18l\/","url":"https:\/\/tranthi.vn\/hatinh\/son-phu-noi-that-dulux-inspire-mau-nhat-thung-18l\/","name":"gi\u00e1 S\u01a1n Ph\u1ee7 N\u1ed9i Th\u1ea5t Dulux Inspire t\u1ea1i \u0110\u00e0 N\u1eb5ng - 0903.595.049","isPartOf":{"@id":"https:\/\/tranthi.vn\/hatinh\/#website"},"primaryImageOfPage":{"@id":"https:\/\/tranthi.vn\/hatinh\/son-phu-noi-that-dulux-inspire-mau-nhat-thung-18l\/#primaryimage"},"image":{"@id":"https:\/\/tranthi.vn\/hatinh\/son-phu-noi-that-dulux-inspire-mau-nhat-thung-18l\/#primaryimage"},"thumbnailUrl":"https:\/\/tranthi.vn\/hatinh\/wp-content\/uploads\/2021\/02\/son-phu-noi-that-dulux-inspire-mau-nhat-1-300x300_optimized-1.jpg","datePublished":"2021-02-17T09:08:22+00:00","dateModified":"2024-05-01T18:53:09+00:00","description":"Tr\u1ea7n Th\u1ecb l\u00e0 nh\u00e0 cung c\u1ea5p s\u01a1n Ph\u1ee7 N\u1ed9i Th\u1ea5t Dulux Inspire t\u1ea1i \u0111\u00e0 n\u1eb5ng. Ph\u1ee5c v\u1ee5 t\u1eadn ch\u00e2n c\u00f4ng tr\u00ecnh v\u1edbi gi\u00e1 r\u1ebb nh\u1ea5t th\u1ecb tr\u01b0\u1eddng \u0110\u00e0 N\u1eb5ng.\u0110\u1ecba ch\u1ec9: 204 L\u00ea V\u0103n Hi\u1ebfn","breadcrumb":{"@id":"https:\/\/tranthi.vn\/hatinh\/son-phu-noi-that-dulux-inspire-mau-nhat-thung-18l\/#breadcrumb"},"inLanguage":"vi","potentialAction":[{"@type":"ReadAction","target":["https:\/\/tranthi.vn\/hatinh\/son-phu-noi-that-dulux-inspire-mau-nhat-thung-18l\/"]}]},{"@type":"ImageObject","inLanguage":"vi","@id":"https:\/\/tranthi.vn\/hatinh\/son-phu-noi-that-dulux-inspire-mau-nhat-thung-18l\/#primaryimage","url":"https:\/\/tranthi.vn\/hatinh\/wp-content\/uploads\/2021\/02\/son-phu-noi-that-dulux-inspire-mau-nhat-1-300x300_optimized-1.jpg","contentUrl":"https:\/\/tranthi.vn\/hatinh\/wp-content\/uploads\/2021\/02\/son-phu-noi-that-dulux-inspire-mau-nhat-1-300x300_optimized-1.jpg","width":300,"height":300},{"@type":"BreadcrumbList","@id":"https:\/\/tranthi.vn\/hatinh\/son-phu-noi-that-dulux-inspire-mau-nhat-thung-18l\/#breadcrumb","itemListElement":[{"@type":"ListItem","position":1,"name":"Trang ch\u1ee7","item":"https:\/\/tranthi.vn\/hatinh\/"},{"@type":"ListItem","position":2,"name":"Shop","item":"https:\/\/tranthi.vn\/hatinh\/shop\/"},{"@type":"ListItem","position":3,"name":"Dulux Inspire &#8211; B\u1ec1 m\u1eb7t b\u00f3ng- Th\u00f9ng 18l"}]},{"@type":"WebSite","@id":"https:\/\/tranthi.vn\/hatinh\/#website","url":"https:\/\/tranthi.vn\/hatinh\/","name":"V\u1eadt Li\u1ec7u X\u00e2y D\u1ef1ng Tr\u1ea7n Th\u1ecb Chi Nh\u00e1nh H\u00e0 T\u0129nh","description":"V\u1eadt Li\u1ec7u X\u00e2y D\u1ef1ng - H\u00e0 T\u0129nh","potentialAction":[{"@type":"SearchAction","target":{"@type":"EntryPoint","urlTemplate":"https:\/\/tranthi.vn\/hatinh\/?s={search_term_string}"},"query-input":"required name=search_term_string"}],"inLanguage":"vi"},{"@type":"ImageObject","inLanguage":"vi","@id":"https:\/\/tranthi.vn\/hatinh\/son-phu-noi-that-dulux-inspire-mau-nhat-thung-18l\/#local-main-organization-logo","url":"","contentUrl":"","caption":"V\u1eadt Li\u1ec7u X\u00e2y D\u1ef1ng Tr\u1ea7n Th\u1ecb Chi Nh\u00e1nh H\u00e0 T\u0129nh"}]},"product_price_amount":"1520000","product_price_currency":"VND","og_availability":"instock","product_availability":"instock","product_condition":"new"},"_links":{"self":[{"href":"https:\/\/tranthi.vn\/hatinh\/wp-json\/wp\/v2\/product\/1484","targetHints":{"allow":["GET"]}}],"collection":[{"href":"https:\/\/tranthi.vn\/hatinh\/wp-json\/wp\/v2\/product"}],"about":[{"href":"https:\/\/tranthi.vn\/hatinh\/wp-json\/wp\/v2\/types\/product"}],"replies":[{"embeddable":true,"href":"https:\/\/tranthi.vn\/hatinh\/wp-json\/wp\/v2\/comments?post=1484"}],"wp:featuredmedia":[{"embeddable":true,"href":"https:\/\/tranthi.vn\/hatinh\/wp-json\/wp\/v2\/media\/1483"}],"wp:attachment":[{"href":"https:\/\/tranthi.vn\/hatinh\/wp-json\/wp\/v2\/media?parent=1484"}],"wp:term":[{"taxonomy":"product_cat","embeddable":true,"href":"https:\/\/tranthi.vn\/hatinh\/wp-json\/wp\/v2\/product_cat?post=1484"},{"taxonomy":"product_tag","embeddable":true,"href":"https:\/\/tranthi.vn\/hatinh\/wp-json\/wp\/v2\/product_tag?post=1484"}],"curies":[{"name":"wp","href":"https:\/\/api.w.org\/{rel}","templated":true}]}}