{"id":1470,"date":"2021-02-17T16:08:16","date_gmt":"2021-02-17T09:08:16","guid":{"rendered":"http:\/\/new-tranthi.test\/san-pham\/son-phu-ngoai-that-dulux-inspire-mau-nhat\/"},"modified":"2024-04-09T14:16:23","modified_gmt":"2024-04-09T07:16:23","slug":"son-phu-ngoai-that-dulux-inspire-mau-nhat","status":"publish","type":"product","link":"https:\/\/tranthi.vn\/hatinh\/son-phu-ngoai-that-dulux-inspire-mau-nhat\/","title":{"rendered":"Dulux Inspire ngo\u00e0i tr\u1eddi  Z98 &#8211; 15L"},"content":{"rendered":"","protected":false},"excerpt":{"rendered":"<p><span style=\"font-family: 'times new roman', times, serif; font-size: 130%; color: #000000;\">\ud83d\ude1b \u0110\u01a1n v\u1ecb t\u00ednh: Th\u00f9ng<\/span><\/p>\n<p><span style=\"font-family: 'times new roman', times, serif; font-size: 130%; color: #000000;\">-Th\u00f9ng 15 L\u00edt- Gi\u00e1: <span style=\"color: #ff0000;\"><strong>2.190.000\u0111<\/strong><\/span><\/span><\/p>\n<p><span style=\"font-family: 'times new roman', times, serif; font-size: 130%; color: #000000;\">-Th\u00f9ng 5 L\u00edt- Gi\u00e1: <strong><span style=\"color: #ff0000;\">800.000\u0111<\/span><\/strong><\/span><\/p>\n<p><span style=\"font-family: 'times new roman', times, serif; font-size: 130%;\"><em>( \u0110\u01a1n gi\u00e1 \u00e1p d\u1ee5ng khi mua t\u1eeb 5 s\u1ea3n ph\u1ea9m )<\/em><\/span><\/p>\n<p><span style=\"font-family: 'times new roman', times, serif; font-size: 130%; color: #000000;\">\ud83d\ude1b <em><strong><a style=\"color: #000000;\" href=\"https:\/\/tranthi.vn\/quangnam\/son-phu-ngoai-that-dulux-inspire-mau-nhat\">S\u01a1n ph\u1ee7 ngo\u1ea1i th\u1ea5t Dulux Inspire Z98 <\/a><\/strong><\/em><\/span><\/p>\n<p><span style=\"font-family: 'times new roman', times, serif; font-size: 130%; color: #000000;\">\ud83d\ude1b <span style=\"color: #0000ff;\">Giao h\u00e0ng trong \u0111\u1ecba b\u00e0n\u00a0<em><a style=\"color: #0000ff;\" href=\"https:\/\/fr.wikipedia.org\/wiki\/Da_Nang\"><strong>\u0110\u00e0 N\u1eb5ng<\/strong><\/a><\/em><\/span><\/span><\/p>\n<p><span style=\"font-family: 'times new roman', times, serif; font-size: 130%; color: #0000ff;\">\ud83d\ude1b Ph\u00ed v\u1eadn chuy\u1ec3n tu\u1ef3 thu\u1ed9c v\u00e0o t\u1eebng v\u1ecb tr\u00ed<\/span><\/p>\n","protected":false},"featured_media":1469,"comment_status":"open","ping_status":"closed","template":"","meta":[],"product_cat":[139,146,150],"product_tag":[],"class_list":{"0":"post-1470","1":"product","2":"type-product","3":"status-publish","4":"has-post-thumbnail","6":"product_cat-son","7":"product_cat-gia-son-dulux-tai-da-nang","8":"product_cat-son-phu-ngoai-that-dulux","10":"first","11":"instock","12":"sale","13":"shipping-taxable","14":"purchasable","15":"product-type-simple"},"yoast_head":"<!-- This site is optimized with the Yoast SEO Premium plugin v22.3 (Yoast SEO v22.8) - https:\/\/yoast.com\/wordpress\/plugins\/seo\/ -->\n<title>Gi\u00e1 s\u01a1n ph\u1ee7 ngo\u1ea1i th\u1ea5t Dulux Inspire t\u1ea1i \u0110\u00e0 N\u1eb5ng -0903.595.049<\/title>\n<meta name=\"description\" content=\"Tr\u1ea7n Th\u1ecb \u0111\u1ea1i l\u00fd s\u01a1n ph\u1ee7 ngo\u1ea1i th\u1ea5t Dulux Inspire t\u1ea1i \u0110\u00e0 N\u1eb5ng, chuy\u00ean c\u0169ng c\u1ea5p v\u1eadt li\u1ec7u x\u00e2y d\u1ef1ng gi\u00e1 r\u1ebb nh\u1ea5t \u0110\u00e0 N\u1eb5ng. \u0110\u1ecba ch\u1ec9 : 204 L\u00ea V\u0103n Hi\u1ebfn\" \/>\n<meta name=\"robots\" content=\"index, follow, max-snippet:-1, max-image-preview:large, max-video-preview:-1\" \/>\n<link rel=\"canonical\" href=\"https:\/\/tranthi.vn\/hatinh\/son-phu-ngoai-that-dulux-inspire-mau-nhat\/\" \/>\n<meta property=\"og:locale\" content=\"vi_VN\" \/>\n<meta property=\"og:type\" content=\"article\" \/>\n<meta property=\"og:title\" content=\"Dulux Inspire ngo\u00e0i tr\u1eddi Z98 - 15L\" \/>\n<meta property=\"og:description\" content=\"Tr\u1ea7n Th\u1ecb \u0111\u1ea1i l\u00fd s\u01a1n ph\u1ee7 ngo\u1ea1i th\u1ea5t Dulux Inspire t\u1ea1i \u0110\u00e0 N\u1eb5ng, chuy\u00ean c\u0169ng c\u1ea5p v\u1eadt li\u1ec7u x\u00e2y d\u1ef1ng gi\u00e1 r\u1ebb nh\u1ea5t \u0110\u00e0 N\u1eb5ng. \u0110\u1ecba ch\u1ec9 : 204 L\u00ea V\u0103n Hi\u1ebfn\" \/>\n<meta property=\"og:url\" content=\"https:\/\/tranthi.vn\/hatinh\/son-phu-ngoai-that-dulux-inspire-mau-nhat\/\" \/>\n<meta property=\"og:site_name\" content=\"V\u1eadt Li\u1ec7u X\u00e2y D\u1ef1ng Tr\u1ea7n Th\u1ecb Chi Nh\u00e1nh H\u00e0 T\u0129nh\" \/>\n<meta property=\"article:modified_time\" content=\"2024-04-09T07:16:23+00:00\" \/>\n<meta property=\"og:image\" content=\"https:\/\/tranthi.vn\/hatinh\/wp-content\/uploads\/2021\/02\/son-pji-ngoai-that-dulux-inspire-tai-da-nang_optimized.jpg\" \/>\n\t<meta property=\"og:image:width\" content=\"400\" \/>\n\t<meta property=\"og:image:height\" content=\"400\" \/>\n\t<meta property=\"og:image:type\" content=\"image\/jpeg\" \/>\n<meta name=\"twitter:card\" content=\"summary_large_image\" \/>\n<meta name=\"twitter:label1\" content=\"Gi\u00e1\" \/>\n\t<meta name=\"twitter:data1\" content=\"2,190,000&nbsp;&#8363;\" \/>\n\t<meta name=\"twitter:label2\" content=\"Kh\u1ea3 d\u1ee5ng\" \/>\n\t<meta name=\"twitter:data2\" content=\"Trong kho\" \/>\n<script type=\"application\/ld+json\" class=\"yoast-schema-graph\">{\"@context\":\"https:\/\/schema.org\",\"@graph\":[{\"@type\":[\"WebPage\",\"ItemPage\"],\"@id\":\"https:\/\/tranthi.vn\/hatinh\/son-phu-ngoai-that-dulux-inspire-mau-nhat\/\",\"url\":\"https:\/\/tranthi.vn\/hatinh\/son-phu-ngoai-that-dulux-inspire-mau-nhat\/\",\"name\":\"Gi\u00e1 s\u01a1n ph\u1ee7 ngo\u1ea1i th\u1ea5t Dulux Inspire t\u1ea1i \u0110\u00e0 N\u1eb5ng -0903.595.049\",\"isPartOf\":{\"@id\":\"https:\/\/tranthi.vn\/hatinh\/#website\"},\"primaryImageOfPage\":{\"@id\":\"https:\/\/tranthi.vn\/hatinh\/son-phu-ngoai-that-dulux-inspire-mau-nhat\/#primaryimage\"},\"image\":{\"@id\":\"https:\/\/tranthi.vn\/hatinh\/son-phu-ngoai-that-dulux-inspire-mau-nhat\/#primaryimage\"},\"thumbnailUrl\":\"https:\/\/tranthi.vn\/hatinh\/wp-content\/uploads\/2021\/02\/son-pji-ngoai-that-dulux-inspire-tai-da-nang_optimized.jpg\",\"datePublished\":\"2021-02-17T09:08:16+00:00\",\"dateModified\":\"2024-04-09T07:16:23+00:00\",\"description\":\"Tr\u1ea7n Th\u1ecb \u0111\u1ea1i l\u00fd s\u01a1n ph\u1ee7 ngo\u1ea1i th\u1ea5t Dulux Inspire t\u1ea1i \u0110\u00e0 N\u1eb5ng, chuy\u00ean c\u0169ng c\u1ea5p v\u1eadt li\u1ec7u x\u00e2y d\u1ef1ng gi\u00e1 r\u1ebb nh\u1ea5t \u0110\u00e0 N\u1eb5ng. \u0110\u1ecba ch\u1ec9 : 204 L\u00ea V\u0103n Hi\u1ebfn\",\"breadcrumb\":{\"@id\":\"https:\/\/tranthi.vn\/hatinh\/son-phu-ngoai-that-dulux-inspire-mau-nhat\/#breadcrumb\"},\"inLanguage\":\"vi\",\"potentialAction\":[{\"@type\":\"ReadAction\",\"target\":[\"https:\/\/tranthi.vn\/hatinh\/son-phu-ngoai-that-dulux-inspire-mau-nhat\/\"]}]},{\"@type\":\"ImageObject\",\"inLanguage\":\"vi\",\"@id\":\"https:\/\/tranthi.vn\/hatinh\/son-phu-ngoai-that-dulux-inspire-mau-nhat\/#primaryimage\",\"url\":\"https:\/\/tranthi.vn\/hatinh\/wp-content\/uploads\/2021\/02\/son-pji-ngoai-that-dulux-inspire-tai-da-nang_optimized.jpg\",\"contentUrl\":\"https:\/\/tranthi.vn\/hatinh\/wp-content\/uploads\/2021\/02\/son-pji-ngoai-that-dulux-inspire-tai-da-nang_optimized.jpg\",\"width\":400,\"height\":400},{\"@type\":\"BreadcrumbList\",\"@id\":\"https:\/\/tranthi.vn\/hatinh\/son-phu-ngoai-that-dulux-inspire-mau-nhat\/#breadcrumb\",\"itemListElement\":[{\"@type\":\"ListItem\",\"position\":1,\"name\":\"Trang ch\u1ee7\",\"item\":\"https:\/\/tranthi.vn\/hatinh\/\"},{\"@type\":\"ListItem\",\"position\":2,\"name\":\"Shop\",\"item\":\"https:\/\/tranthi.vn\/hatinh\/shop\/\"},{\"@type\":\"ListItem\",\"position\":3,\"name\":\"Dulux Inspire ngo\u00e0i tr\u1eddi Z98 &#8211; 15L\"}]},{\"@type\":\"WebSite\",\"@id\":\"https:\/\/tranthi.vn\/hatinh\/#website\",\"url\":\"https:\/\/tranthi.vn\/hatinh\/\",\"name\":\"V\u1eadt Li\u1ec7u X\u00e2y D\u1ef1ng Tr\u1ea7n Th\u1ecb Chi Nh\u00e1nh H\u00e0 T\u0129nh\",\"description\":\"V\u1eadt Li\u1ec7u X\u00e2y D\u1ef1ng - H\u00e0 T\u0129nh\",\"potentialAction\":[{\"@type\":\"SearchAction\",\"target\":{\"@type\":\"EntryPoint\",\"urlTemplate\":\"https:\/\/tranthi.vn\/hatinh\/?s={search_term_string}\"},\"query-input\":\"required name=search_term_string\"}],\"inLanguage\":\"vi\"},{\"@type\":\"ImageObject\",\"inLanguage\":\"vi\",\"@id\":\"https:\/\/tranthi.vn\/hatinh\/son-phu-ngoai-that-dulux-inspire-mau-nhat\/#local-main-organization-logo\",\"url\":\"\",\"contentUrl\":\"\",\"caption\":\"V\u1eadt Li\u1ec7u X\u00e2y D\u1ef1ng Tr\u1ea7n Th\u1ecb Chi Nh\u00e1nh H\u00e0 T\u0129nh\"}]}<\/script>\n<meta property=\"product:price:amount\" content=\"2190000\" \/>\n<meta property=\"product:price:currency\" content=\"VND\" \/>\n<meta property=\"og:availability\" content=\"instock\" \/>\n<meta property=\"product:availability\" content=\"instock\" \/>\n<meta property=\"product:condition\" content=\"new\" \/>\n<!-- \/ Yoast SEO Premium plugin. -->","yoast_head_json":{"title":"Gi\u00e1 s\u01a1n ph\u1ee7 ngo\u1ea1i th\u1ea5t Dulux Inspire t\u1ea1i \u0110\u00e0 N\u1eb5ng -0903.595.049","description":"Tr\u1ea7n Th\u1ecb \u0111\u1ea1i l\u00fd s\u01a1n ph\u1ee7 ngo\u1ea1i th\u1ea5t Dulux Inspire t\u1ea1i \u0110\u00e0 N\u1eb5ng, chuy\u00ean c\u0169ng c\u1ea5p v\u1eadt li\u1ec7u x\u00e2y d\u1ef1ng gi\u00e1 r\u1ebb nh\u1ea5t \u0110\u00e0 N\u1eb5ng. \u0110\u1ecba ch\u1ec9 : 204 L\u00ea V\u0103n Hi\u1ebfn","robots":{"index":"index","follow":"follow","max-snippet":"max-snippet:-1","max-image-preview":"max-image-preview:large","max-video-preview":"max-video-preview:-1"},"canonical":"https:\/\/tranthi.vn\/hatinh\/son-phu-ngoai-that-dulux-inspire-mau-nhat\/","og_locale":"vi_VN","og_type":"article","og_title":"Dulux Inspire ngo\u00e0i tr\u1eddi Z98 - 15L","og_description":"Tr\u1ea7n Th\u1ecb \u0111\u1ea1i l\u00fd s\u01a1n ph\u1ee7 ngo\u1ea1i th\u1ea5t Dulux Inspire t\u1ea1i \u0110\u00e0 N\u1eb5ng, chuy\u00ean c\u0169ng c\u1ea5p v\u1eadt li\u1ec7u x\u00e2y d\u1ef1ng gi\u00e1 r\u1ebb nh\u1ea5t \u0110\u00e0 N\u1eb5ng. \u0110\u1ecba ch\u1ec9 : 204 L\u00ea V\u0103n Hi\u1ebfn","og_url":"https:\/\/tranthi.vn\/hatinh\/son-phu-ngoai-that-dulux-inspire-mau-nhat\/","og_site_name":"V\u1eadt Li\u1ec7u X\u00e2y D\u1ef1ng Tr\u1ea7n Th\u1ecb Chi Nh\u00e1nh H\u00e0 T\u0129nh","article_modified_time":"2024-04-09T07:16:23+00:00","og_image":[{"width":400,"height":400,"url":"https:\/\/tranthi.vn\/hatinh\/wp-content\/uploads\/2021\/02\/son-pji-ngoai-that-dulux-inspire-tai-da-nang_optimized.jpg","type":"image\/jpeg"}],"twitter_card":"summary_large_image","twitter_misc":{"Gi\u00e1":"2,190,000&nbsp;&#8363;","Kh\u1ea3 d\u1ee5ng":"Trong kho"},"schema":{"@context":"https:\/\/schema.org","@graph":[{"@type":["WebPage","ItemPage"],"@id":"https:\/\/tranthi.vn\/hatinh\/son-phu-ngoai-that-dulux-inspire-mau-nhat\/","url":"https:\/\/tranthi.vn\/hatinh\/son-phu-ngoai-that-dulux-inspire-mau-nhat\/","name":"Gi\u00e1 s\u01a1n ph\u1ee7 ngo\u1ea1i th\u1ea5t Dulux Inspire t\u1ea1i \u0110\u00e0 N\u1eb5ng -0903.595.049","isPartOf":{"@id":"https:\/\/tranthi.vn\/hatinh\/#website"},"primaryImageOfPage":{"@id":"https:\/\/tranthi.vn\/hatinh\/son-phu-ngoai-that-dulux-inspire-mau-nhat\/#primaryimage"},"image":{"@id":"https:\/\/tranthi.vn\/hatinh\/son-phu-ngoai-that-dulux-inspire-mau-nhat\/#primaryimage"},"thumbnailUrl":"https:\/\/tranthi.vn\/hatinh\/wp-content\/uploads\/2021\/02\/son-pji-ngoai-that-dulux-inspire-tai-da-nang_optimized.jpg","datePublished":"2021-02-17T09:08:16+00:00","dateModified":"2024-04-09T07:16:23+00:00","description":"Tr\u1ea7n Th\u1ecb \u0111\u1ea1i l\u00fd s\u01a1n ph\u1ee7 ngo\u1ea1i th\u1ea5t Dulux Inspire t\u1ea1i \u0110\u00e0 N\u1eb5ng, chuy\u00ean c\u0169ng c\u1ea5p v\u1eadt li\u1ec7u x\u00e2y d\u1ef1ng gi\u00e1 r\u1ebb nh\u1ea5t \u0110\u00e0 N\u1eb5ng. \u0110\u1ecba ch\u1ec9 : 204 L\u00ea V\u0103n Hi\u1ebfn","breadcrumb":{"@id":"https:\/\/tranthi.vn\/hatinh\/son-phu-ngoai-that-dulux-inspire-mau-nhat\/#breadcrumb"},"inLanguage":"vi","potentialAction":[{"@type":"ReadAction","target":["https:\/\/tranthi.vn\/hatinh\/son-phu-ngoai-that-dulux-inspire-mau-nhat\/"]}]},{"@type":"ImageObject","inLanguage":"vi","@id":"https:\/\/tranthi.vn\/hatinh\/son-phu-ngoai-that-dulux-inspire-mau-nhat\/#primaryimage","url":"https:\/\/tranthi.vn\/hatinh\/wp-content\/uploads\/2021\/02\/son-pji-ngoai-that-dulux-inspire-tai-da-nang_optimized.jpg","contentUrl":"https:\/\/tranthi.vn\/hatinh\/wp-content\/uploads\/2021\/02\/son-pji-ngoai-that-dulux-inspire-tai-da-nang_optimized.jpg","width":400,"height":400},{"@type":"BreadcrumbList","@id":"https:\/\/tranthi.vn\/hatinh\/son-phu-ngoai-that-dulux-inspire-mau-nhat\/#breadcrumb","itemListElement":[{"@type":"ListItem","position":1,"name":"Trang ch\u1ee7","item":"https:\/\/tranthi.vn\/hatinh\/"},{"@type":"ListItem","position":2,"name":"Shop","item":"https:\/\/tranthi.vn\/hatinh\/shop\/"},{"@type":"ListItem","position":3,"name":"Dulux Inspire ngo\u00e0i tr\u1eddi Z98 &#8211; 15L"}]},{"@type":"WebSite","@id":"https:\/\/tranthi.vn\/hatinh\/#website","url":"https:\/\/tranthi.vn\/hatinh\/","name":"V\u1eadt Li\u1ec7u X\u00e2y D\u1ef1ng Tr\u1ea7n Th\u1ecb Chi Nh\u00e1nh H\u00e0 T\u0129nh","description":"V\u1eadt Li\u1ec7u X\u00e2y D\u1ef1ng - H\u00e0 T\u0129nh","potentialAction":[{"@type":"SearchAction","target":{"@type":"EntryPoint","urlTemplate":"https:\/\/tranthi.vn\/hatinh\/?s={search_term_string}"},"query-input":"required name=search_term_string"}],"inLanguage":"vi"},{"@type":"ImageObject","inLanguage":"vi","@id":"https:\/\/tranthi.vn\/hatinh\/son-phu-ngoai-that-dulux-inspire-mau-nhat\/#local-main-organization-logo","url":"","contentUrl":"","caption":"V\u1eadt Li\u1ec7u X\u00e2y D\u1ef1ng Tr\u1ea7n Th\u1ecb Chi Nh\u00e1nh H\u00e0 T\u0129nh"}]},"product_price_amount":"2190000","product_price_currency":"VND","og_availability":"instock","product_availability":"instock","product_condition":"new"},"_links":{"self":[{"href":"https:\/\/tranthi.vn\/hatinh\/wp-json\/wp\/v2\/product\/1470","targetHints":{"allow":["GET"]}}],"collection":[{"href":"https:\/\/tranthi.vn\/hatinh\/wp-json\/wp\/v2\/product"}],"about":[{"href":"https:\/\/tranthi.vn\/hatinh\/wp-json\/wp\/v2\/types\/product"}],"replies":[{"embeddable":true,"href":"https:\/\/tranthi.vn\/hatinh\/wp-json\/wp\/v2\/comments?post=1470"}],"wp:featuredmedia":[{"embeddable":true,"href":"https:\/\/tranthi.vn\/hatinh\/wp-json\/wp\/v2\/media\/1469"}],"wp:attachment":[{"href":"https:\/\/tranthi.vn\/hatinh\/wp-json\/wp\/v2\/media?parent=1470"}],"wp:term":[{"taxonomy":"product_cat","embeddable":true,"href":"https:\/\/tranthi.vn\/hatinh\/wp-json\/wp\/v2\/product_cat?post=1470"},{"taxonomy":"product_tag","embeddable":true,"href":"https:\/\/tranthi.vn\/hatinh\/wp-json\/wp\/v2\/product_tag?post=1470"}],"curies":[{"name":"wp","href":"https:\/\/api.w.org\/{rel}","templated":true}]}}