{"id":1468,"date":"2021-02-17T16:08:15","date_gmt":"2021-02-17T09:08:15","guid":{"rendered":"http:\/\/new-tranthi.test\/san-pham\/son-lot-ngoai-that-dulux-weathershield-thung-18l\/"},"modified":"2024-05-02T01:48:32","modified_gmt":"2024-05-01T18:48:32","slug":"son-lot-ngoai-that-dulux-weathershield-thung-18l","status":"publish","type":"product","link":"https:\/\/tranthi.vn\/hatinh\/son-lot-ngoai-that-dulux-weathershield-thung-18l\/","title":{"rendered":"Dulux Ch\u1ed1ng ki\u1ec1m Weathershield -Th\u00f9ng 18l"},"content":{"rendered":"<h1 style=\"text-align: center;\"><a href=\"http:\/\/tranthi.vn\/quangnam\/son-lot-ngoai-that-dulux-weathershield\/\"><span style=\"color: #008000;\"><strong><span style=\"font-family: 'times new roman', times, serif; font-size: 18pt;\">S\u01a0N L\u00d3T NGO\u1ea0I TH\u1ea4T DULUX WEATHERSHIELD<\/span><\/strong><\/span><\/a><\/h1>\n<p><span style=\"font-family: 'times new roman', times, serif; font-size: 14pt;\"><em><span style=\"color: #008000;\"><strong>S\u01a1n l\u00f3t ngo\u1ea1i th\u1ea5t Dulux Weathershield<\/strong><\/span><\/em>-l\u00e0 s\u01a1n l\u00f3t ngo\u1ea1i th\u1ea5t cao c\u1ea5p ch\u1ed1ng ki\u1ec1m h\u00f3a (loang m\u00e0u), t\u0103ng c\u01b0\u1eddng kh\u1ea3 n\u0103ng ch\u1ed1ng th\u1ea5m, \u0111\u1ed3ng th\u1eddi gi\u1eef cho l\u1edbp s\u01a1n ph\u1ee7 \u0111\u01b0\u1ee3c b\u1ec1n l\u00e2u trong m\u1ecdi \u0111i\u1ec1u ki\u1ec7n. S\u1eed d\u1ee5ng S\u01a1n l\u00f3t ngo\u1ea1i th\u1ea5t Dulux Weathershield Ch\u1ed1ng Ki\u1ec1m tr\u01b0\u1edbc khi thi c\u00f4ng s\u01a1n ph\u1ee7 \u0111\u1ec3 b\u1ea3o v\u1ec7 v\u00e0 gi\u1eef cho ng\u00f4i nh\u00e0 b\u1ec1n \u0111\u1eb9p d\u00e0i l\u00e2u.<\/span><\/p>\n<p><span style=\"font-family: 'times new roman', times, serif; font-size: 14pt;\"><img loading=\"lazy\" decoding=\"async\" class=\"alignnone size-full wp-image-1467 aligncenter\" src=\"https:\/\/tranthi.vn\/quangnam\/wp-content\/uploads\/2021\/02\/son-lot-chong-kiem-ngoai-that-dulux-tai-da-nang_optimized.jpg\" alt=\"\" width=\"225\" height=\"225\" srcset=\"https:\/\/tranthi.vn\/hatinh\/wp-content\/uploads\/2021\/02\/son-lot-chong-kiem-ngoai-that-dulux-tai-da-nang_optimized.jpg 225w, https:\/\/tranthi.vn\/hatinh\/wp-content\/uploads\/2021\/02\/son-lot-chong-kiem-ngoai-that-dulux-tai-da-nang_optimized-100x100.jpg 100w\" sizes=\"auto, (max-width: 225px) 100vw, 225px\" \/><\/span><\/p>\n<p style=\"text-align: center;\"><span style=\"font-family: 'times new roman', times, serif; font-size: 14pt;\"><em><span style=\"color: #008000;\">S\u01a1n L\u00f3t Ngo\u1ea1i Th\u1ea5t Dulux Weathershield \u0111\u00e0 n\u1eb5ng<\/span><\/em><\/span><\/p>\n<h2><span style=\"font-family: 'times new roman', times, serif; font-size: 14pt;\"><strong><span style=\"color: #ff0000;\">1.H\u01af\u1edaNG D\u1eaaN THI C\u00d4NG S\u01a0N L\u00d3T NGO\u1ea0I TH\u1ea4T DULUX\u00a0<\/span><\/strong><\/span><\/h2>\n<p><span style=\"font-family: 'times new roman', times, serif; font-size: 14pt;\"><em><span style=\"color: #008000;\"><strong>S\u01a1n l\u00f3t ngo\u1ea1i th\u1ea5t Dulux Weathershield <\/strong><\/span><\/em><em>Thi c\u00f4ng s<\/em>\u01a1n b\u1eb1ng c\u1ecd ho\u1eb7c rul\u00f4 ho\u1eb7c m\u00e1y phun s\u01a1n<\/span><\/p>\n<h3><span style=\"font-size: 14pt; color: #000000; font-family: 'times new roman', times, serif;\"><strong>\u0110i\u1ec1u ki\u1ec7n thi c\u00f4ng: <\/strong><\/span><\/h3>\n<p><span style=\"font-family: 'times new roman', times, serif; font-size: 14pt;\">\u0110\u1ed9 \u1ea9m c\u1ee7a b\u1ec1 m\u1eb7t n\u00ean d\u01b0\u1edbi 16% theo m\u00e1y \u0111o \u0111\u1ed9 \u1ea9m Protimeter hay \u0111\u1ec3 b\u1ec1 m\u1eb7t t\u01b0\u1eddng kh\u00f4 t\u1eeb 21 \u0111\u1ebfn 28 ng\u00e0y trong \u0111i\u1ec1u ki\u1ec7n b\u00ecnh th\u01b0\u1eddng ( nhi\u1ec7t \u0111\u1ed9 trung b\u00ecnh 30\u00baC, \u0111\u1ed9 \u1ea9m m\u00f4i tr\u01b0\u1eddng 80%). Kh\u00f4ng s\u01a1n n\u1ebfu nhi\u1ec7t \u0111\u1ed9 th\u1eddi ti\u1ebft d\u01b0\u1edbi 10\u00baC. B\u1ea3o \u0111\u1ea3m b\u1ec1 m\u1eb7t t\u01b0\u1eddng ph\u1ea3i s\u1ea1ch, kh\u00f4 kh\u00f4ng c\u00f3 t\u1ea1p ch\u1ea5t l\u00e0m gi\u1ea3m \u0111\u1ed9 b\u00e1m d\u00ednh nh\u01b0 b\u1ed9t, b\u1ee5i, d\u1ea7u m\u1ee1 hay s\u00e1p.<\/span><\/p>\n<p><span style=\"font-family: 'times new roman', times, serif; font-size: 14pt;\">D\u00f9ng h\u00f3a ch\u1ea5t th\u00edch h\u1ee3p \u0111\u1ec3 x\u1eed l\u00fd b\u1ec1 m\u1eb7t . \u0110\u1ed1i v\u1edbi b\u1ec1 m\u1eb7t c\u0169, c\u1ea7n lo\u1ea1i b\u1ecf m\u00e0ng s\u01a1n c\u0169 b\u1eb1ng d\u1ee5ng c\u1ee5 th\u00edch h\u1ee3p tr\u01b0\u1edbc khi thi c\u00f4ng. X\u1eed l\u00fd tri\u1ec7t \u0111\u1ec3 c\u00e1c v\u1ebft n\u1ee9t t\u01b0\u1eddng tr\u01b0\u1edbc khi thi c\u00f4ng.<\/span><\/p>\n<h3><span style=\"color: #000000; font-family: 'times new roman', times, serif; font-size: 14pt;\"><strong> Th\u00f4ng tin v\u1ec1 an to\u00e0n, s\u1ee9c kh\u1ecfe v\u00e0 m\u00f4i tr\u01b0\u1eddng<\/strong><\/span><\/h3>\n<p><span style=\"font-family: 'times new roman', times, serif; font-size: 14pt;\">&#8211; S\u1eed d\u1ee5ng \u0111\u1ed3 b\u1ea3o h\u1ed9 th\u00edch h\u1ee3p khi thi c\u00f4ng.<\/span><\/p>\n<p><span style=\"font-family: 'times new roman', times, serif; font-size: 14pt;\">&#8211; Mang g\u0103ng tay v\u00e0 k\u00ednh b\u1ea3o v\u1ec7 m\u1eaft<\/span><\/p>\n<p><span style=\"font-family: 'times new roman', times, serif; font-size: 14pt;\">&#8211; Tr\u00e1nh h\u00edt h\u01a1i\/b\u1ee5i s\u01a1n<\/span><\/p>\n<p><span style=\"font-family: 'times new roman', times, serif; font-size: 14pt;\">&#8211; Ch\u1ec9 thi c\u00f4ng t\u1ea1i khu v\u1ef1c th\u00f4ng tho\u00e1ng.<\/span><\/p>\n<p><span style=\"font-family: 'times new roman', times, serif; font-size: 14pt;\">&#8211; L\u1ea5y l\u1ea1i l\u01b0\u1ee3ng s\u01a1n c\u00f2n d\u01b0 tr\u00ean c\u1ecd ho\u1eb7c rul\u00f4 c\u00e0ng nhi\u1ec1u c\u00e0ng t\u1ed1t tr\u01b0\u1edbc khi r\u1eeda.<\/span><\/p>\n<p><span style=\"font-family: 'times new roman', times, serif; font-size: 14pt;\">&#8211; Tr\u00e1nh th\u1ea3i s\u01a1n ra m\u00f4i tr\u01b0\u1eddng.<\/span><\/p>\n<p><span style=\"font-family: 'times new roman', times, serif; font-size: 14pt;\">&#8211; Thu gom tr\u00e0n \u0111\u1ed5.<\/span><\/p>\n<p><span style=\"font-family: 'times new roman', times, serif; font-size: 14pt;\">&#8211; Tr\u00e1nh xa ngu\u1ed3n th\u1ef1c ph\u1ea9m, n\u01b0\u1edbc u\u1ed1ng v\u00e0 th\u1ee9c \u0103n \u0111\u1ed9ng v\u1eadt<\/span><\/p>\n<p><span style=\"font-family: 'times new roman', times, serif; font-size: 14pt;\">&#8211; Khi b\u1ecb d\u00ednh s\u01a1n v\u00e0o m\u1eaft, r\u1eeda m\u1eaft ngay v\u1edbi n\u01b0\u1edbc s\u1ea1ch sau \u0111\u00f3 \u0111\u1ebfn g\u1eb7p b\u00e1c s\u0129 ngay.<\/span><\/p>\n<p><span style=\"font-family: 'times new roman', times, serif; font-size: 14pt;\">&#8211; Kh\u00f4ng \u0111\u1ed5 s\u01a1n v\u00e0o c\u1ed1ng r\u00e3nh hay ngu\u1ed3n n\u01b0\u1edbc.<\/span><\/p>\n<p><span style=\"font-family: 'times new roman', times, serif; font-size: 14pt;\">&#8211; Th\u00f4ng tin an to\u00e0n s\u1ea3n ph\u1ea9m \u0111\u01b0\u1ee3c cung c\u1ea5p theo y\u00eau c\u1ea7u s\u1eed d\u1ee5ng. CH\u00da \u00dd PH\u00d2NG NG\u1eeaA: \u0110\u1ec3 xa t\u1ea7m tay tr\u1ebb em.<\/span><\/p>\n<p><span style=\"font-family: 'times new roman', times, serif; font-size: 14pt;\">&#8211; Mang theo th\u00f9ng s\u01a1n ho\u1eb7c nh\u00e3n s\u1ea3n ph\u1ea9m khi c\u1ea7n t\u01b0 v\u1ea5n y khoa<\/span><\/p>\n<p><span style=\"font-family: 'times new roman', times, serif; font-size: 14pt;\">&#8211; Tr\u00e1nh ti\u1ebfp x\u00fac v\u1edbi m\u1eaft, da ho\u1eb7c l\u00ean qu\u1ea7n \u00e1o.<\/span><\/p>\n<p><span style=\"font-family: 'times new roman', times, serif; font-size: 14pt;\">&#8211; N\u1ebfu c\u1ea3m th\u1ea5y kh\u00f4ng kh\u1ecfe, h\u00e3y g\u1ecdi cho trung t\u00e2m ch\u1ed1ng \u0111\u1ed9c ho\u1eb7c b\u00e1c s\u0129.<\/span><\/p>\n<p><span style=\"font-family: 'times new roman', times, serif; font-size: 14pt;\">&#8211; Th\u1ea3i b\u1ecf s\u01a1n v\u00e0 th\u00f9ng ch\u1ee9a ph\u00f9 h\u1ee3p v\u1edbi c\u00e1c quy \u0111\u1ecbnh \u0111\u1ecba ph\u01b0\u01a1ng, khu v\u1ef1c, qu\u1ed1c gia v\u00e0 qu\u1ed1c t\u1ebf.<\/span><\/p>\n<h3><span style=\"color: #000000; font-family: 'times new roman', times, serif; font-size: 14pt;\"><strong> H\u1ec7 th\u1ed1ng s\u01a1n \u0111\u1ec1 ngh\u1ecb<\/strong><\/span><\/h3>\n<p><span style=\"font-family: 'times new roman', times, serif; font-size: 14pt;\">S\u1eed d\u1ee5ng k\u1ebft h\u1ee3p v\u1edbi s\u1ea3n ph\u1ea9m b\u1ed9t tr\u00e9t ngo\u1ea1i th\u1ea5t dulux v\u00e0 s\u01a1n ph\u1ee7 ngo\u1ea1i th\u1ea5t dulux<\/span><\/p>\n<p><span style=\"font-family: 'times new roman', times, serif; font-size: 14pt;\">V\u1edbi th\u1eddi ti\u1ebft n\u1eafng n\u00f3ng c\u1ee7a <strong><a href=\"https:\/\/fr.wikipedia.org\/wiki\/Da_Nang\">\u0110\u00e0 N\u1eb5ng<\/a><\/strong> nh\u01b0 hi\u1ec7n nay( th\u00e1ng 5,6,7) r\u1ea5t th\u00edch h\u1ee3p \u0111\u1ec3 b\u1ea1n ti\u1ebfn h\u00e0nh s\u01a1n s\u1eeda l\u1ea1i ng\u00f4i nh\u00e0 m\u00ecnh<\/span><\/p>\n<h2><span style=\"color: #008000;\"><strong><span style=\"font-family: 'times new roman', times, serif; font-size: 14pt;\"><span style=\"color: #ff0000;\">2. GI\u00c1 S\u01a0N L\u00d3T NGO\u1ea0I TH\u1ea4T DULUX<\/span>\u00a0<\/span><\/strong><\/span><\/h2>\n<p><span style=\"font-family: 'times new roman', times, serif; font-size: 14pt;\">\u0110\u01a1n gi\u00e1<span style=\"color: #008000;\"><strong><em> S\u01a1n l\u00f3t ngo\u1ea1i th\u1ea5t Dulux Weathershield<\/em><\/strong><\/span> <b><i>\u00a0<\/i><\/b>trong n\u1ed9i th\u00e0nh Th\u00f9ng 18 L\u00edt: <strong><span style=\"color: #ff6600;\">1.800.000\u0111<\/span><\/strong>. Gi\u00e1 tr\u00ean \u0111\u00e3 bao g\u1ed3m chi ph\u00ed v\u1eadn chuy\u1ec3n trong n\u1ed9i th\u00e0nh \u0110\u00e0 N\u1eb5ng v\u00e0 thu\u1ebf VAT. \u0110\u1ec3 nh\u1eadn b\u00e1o gi\u00e1 s\u01a1n m\u00e0u kh\u00e1ch h\u00e0ng vui l\u00f2ng li\u00ean h\u1ec7 Hotline\/zalo: <strong>0903595049<\/strong> \u0111\u1ec3 \u0111\u01b0\u1ee3c t\u01b0 v\u1ea5n v\u00e0 h\u1ed7 tr\u1ee3<\/span><\/p>\n<p><span style=\"font-family: 'times new roman', times, serif; font-size: 14pt;\">\u0110\u1ec3 tr\u00e1nh mua ph\u1ea3i h\u00e0ng gi\u1ea3 h\u00e0ng nh\u00e1i k\u00e9m ch\u1ea5t l\u01b0\u1ee3ng. Q\u00fay kh\u00e1ch h\u00e0ng n\u00ean t\u00ecm hi\u1ec3u r\u00f5 v\u1ec1 s\u1ea3n ph\u1ea9m v\u00e0 s\u1eed d\u1ee5ng ph\u1ea7n m\u1ec1m check m\u00e3 v\u1ea1ch n\u1ebfu c\u1ea7n. Ho\u1eb7c kh\u00e1ch h\u00e0ng c\u00f3 th\u1ec3 xem qua m\u1ed9t v\u00e0i c\u00e1ch ph\u00e2n bi\u1ec7t s\u01a1n d\u01b0\u1edbi \u0111\u00e2u \u0111\u1ec3 tr\u00e1nh mua ph\u1ea3i h\u00e0ng gi\u1ea3<\/span><\/p>\n<p style=\"text-align: center;\"><iframe loading=\"lazy\" src=\"\/\/www.youtube.com\/embed\/_etM9ZuUvds?t=24s\" width=\"560\" height=\"314\" allowfullscreen=\"allowfullscreen\"><\/iframe><\/p>\n<p><span style=\"font-family: 'times new roman', times, serif; font-size: 14pt;\">H\u00e3y g\u1ecdi ngay cho ch\u00fang t\u00f4i \u0111\u1ec3 d\u01b0\u1ee3c s\u1ee1 h\u1eefu nh\u1eefng th\u00f9ng s\u01a1n ch\u1ea5t l\u01b0\u1ee3ng nh\u1ea5t. \u1ede khu v\u1ef1c <strong><a href=\"https:\/\/vi.wikipedia.org\/wiki\/%C4%90%C3%A0_N%E1%BA%B5ng\">\u0110\u00e0 N\u1eb5ng<\/a><\/strong>, H\u1ed9i An, Qu\u1ea3ng Nam, Qu\u1ea3ng Tr\u1ecb,&#8230; Tr\u1ea7n Th\u1ecb v\u1eabn nh\u1eadn cung c\u1ea5p h\u00e0ng, chi ph\u00ed s\u1ebd t\u00ednh theo s\u1ed1 l\u01b0\u1ee3ng h\u00e0ng h\u00f3a nh\u1eadp<\/span><\/p>\n","protected":false},"excerpt":{"rendered":"<p><span style=\"font-family: 'times new roman', times, serif; font-size: 130%;\">\ud83d\ude1b Giao h\u00e0ng trong \u0111\u1ecba b\u00e0n\u00a0<em><a href=\"https:\/\/fr.wikipedia.org\/wiki\/Da_Nang\"><strong>\u0110\u00e0 N\u1eb5ng<\/strong><\/a><\/em><\/span><\/p>\n<p><span style=\"font-family: 'times new roman', times, serif; font-size: 130%;\">\ud83d\ude1b \u0110\u01a1n v\u1ecb t\u00ednh: Th\u00f9ng 18 L\u00edt<\/span><\/p>\n<p><span style=\"font-family: 'times new roman', times, serif; font-size: 130%;\">\ud83d\ude1b \u0110\u01a1n gi\u00e1<strong><em><a href=\"https:\/\/tranthi.vn\/quangnam\/son-lot-ngoai-that-dulux-weathershield\"> S\u01a1n l\u00f3t ngo\u1ea1i th\u1ea5t Dulux Weathershield<\/a><\/em><\/strong> <b><i>\u00a0<\/i><\/b>trong n\u1ed9i th\u00e0nh Th\u00f9ng 18 L\u00edt: <span style=\"color: #ff0000;\"><strong>2.400.000\u0111<\/strong> <\/span>&#8211; <strong><span style=\"color: #ff0000;\">800.000\/5l<\/span><\/strong><\/span><\/p>\n<p><span style=\"font-family: 'times new roman', times, serif; font-size: 130%;\"><em>( \u0110\u01a1n gi\u00e1 \u00e1p d\u1ee5ng khi mua t\u1eeb 5 s\u1ea3n ph\u1ea9m )<\/em><\/span><\/p>\n<div class=\"subscribecontent subscribeinvite center-block\"><span style=\"font-family: 'times new roman', times, serif; font-size: 130%;\">\ud83d\ude1b S\u1eed d\u1ee5ng k\u1ebft h\u1ee3p v\u1edbi s\u1ea3n ph\u1ea9m b\u1ed9t tr\u00e9t ngo\u1ea1i th\u1ea5t dulux v\u00e0 s\u01a1n ph\u1ee7 ngo\u1ea1i th\u1ea5t dulux<\/span><\/div>\n<div><\/div>\n","protected":false},"featured_media":1467,"comment_status":"open","ping_status":"closed","template":"","meta":[],"product_cat":[139,146,149],"product_tag":[],"class_list":{"0":"post-1468","1":"product","2":"type-product","3":"status-publish","4":"has-post-thumbnail","6":"product_cat-son","7":"product_cat-gia-son-dulux-tai-da-nang","8":"product_cat-son-lot-chong-kiem-dulux","10":"first","11":"instock","12":"sale","13":"shipping-taxable","14":"purchasable","15":"product-type-simple"},"yoast_head":"<!-- This site is optimized with the Yoast SEO Premium plugin v22.3 (Yoast SEO v22.8) - https:\/\/yoast.com\/wordpress\/plugins\/seo\/ -->\n<title>Gi\u00e1 S\u01a1n L\u00f3t Ngo\u1ea1i Th\u1ea5t Dulux Weathershield \u0110\u00e0 N\u1eb5ng -0903.595.049<\/title>\n<meta name=\"description\" content=\"Tr\u1ea7n Th\u1ecb \u0111\u1ea1i l\u00fd S\u01a1n L\u00f3t Ngo\u1ea1i Th\u1ea5t Dulux Weathershield t\u1ea1i \u0110\u00e0 N\u1eb5ng, chuy\u00ean c\u0169ng c\u1ea5p v\u1eadt li\u1ec7u x\u00e2y d\u1ef1ng gi\u00e1 r\u1ebb nh\u1ea5t \u0110\u00e0 N\u1eb5ng. \u0110\u1ecba ch\u1ec9 : 204 L\u00ea V\u0103n Hi\u1ebfn\" \/>\n<meta name=\"robots\" content=\"index, follow, max-snippet:-1, max-image-preview:large, max-video-preview:-1\" \/>\n<link rel=\"canonical\" href=\"https:\/\/tranthi.vn\/hatinh\/son-lot-ngoai-that-dulux-weathershield-thung-18l\/\" \/>\n<meta property=\"og:locale\" content=\"vi_VN\" \/>\n<meta property=\"og:type\" content=\"article\" \/>\n<meta property=\"og:title\" content=\"Dulux Ch\u1ed1ng ki\u1ec1m Weathershield -Th\u00f9ng 18l\" \/>\n<meta property=\"og:description\" content=\"Tr\u1ea7n Th\u1ecb \u0111\u1ea1i l\u00fd S\u01a1n L\u00f3t Ngo\u1ea1i Th\u1ea5t Dulux Weathershield t\u1ea1i \u0110\u00e0 N\u1eb5ng, chuy\u00ean c\u0169ng c\u1ea5p v\u1eadt li\u1ec7u x\u00e2y d\u1ef1ng gi\u00e1 r\u1ebb nh\u1ea5t \u0110\u00e0 N\u1eb5ng. \u0110\u1ecba ch\u1ec9 : 204 L\u00ea V\u0103n Hi\u1ebfn\" \/>\n<meta property=\"og:url\" content=\"https:\/\/tranthi.vn\/hatinh\/son-lot-ngoai-that-dulux-weathershield-thung-18l\/\" \/>\n<meta property=\"og:site_name\" content=\"V\u1eadt Li\u1ec7u X\u00e2y D\u1ef1ng Tr\u1ea7n Th\u1ecb Chi Nh\u00e1nh H\u00e0 T\u0129nh\" \/>\n<meta property=\"article:modified_time\" content=\"2024-05-01T18:48:32+00:00\" \/>\n<meta property=\"og:image\" content=\"https:\/\/tranthi.vn\/hatinh\/wp-content\/uploads\/2021\/02\/son-lot-chong-kiem-ngoai-that-dulux-tai-da-nang_optimized.jpg\" \/>\n\t<meta property=\"og:image:width\" content=\"225\" \/>\n\t<meta property=\"og:image:height\" content=\"225\" \/>\n\t<meta property=\"og:image:type\" content=\"image\/jpeg\" \/>\n<meta name=\"twitter:card\" content=\"summary_large_image\" \/>\n<meta name=\"twitter:label1\" content=\"Gi\u00e1\" \/>\n\t<meta name=\"twitter:data1\" content=\"2,400,000&nbsp;&#8363;\" \/>\n\t<meta name=\"twitter:label2\" content=\"Kh\u1ea3 d\u1ee5ng\" \/>\n\t<meta name=\"twitter:data2\" content=\"Trong kho\" \/>\n<script type=\"application\/ld+json\" class=\"yoast-schema-graph\">{\"@context\":\"https:\/\/schema.org\",\"@graph\":[{\"@type\":[\"WebPage\",\"ItemPage\"],\"@id\":\"https:\/\/tranthi.vn\/hatinh\/son-lot-ngoai-that-dulux-weathershield-thung-18l\/\",\"url\":\"https:\/\/tranthi.vn\/hatinh\/son-lot-ngoai-that-dulux-weathershield-thung-18l\/\",\"name\":\"Gi\u00e1 S\u01a1n L\u00f3t Ngo\u1ea1i Th\u1ea5t Dulux Weathershield \u0110\u00e0 N\u1eb5ng -0903.595.049\",\"isPartOf\":{\"@id\":\"https:\/\/tranthi.vn\/hatinh\/#website\"},\"primaryImageOfPage\":{\"@id\":\"https:\/\/tranthi.vn\/hatinh\/son-lot-ngoai-that-dulux-weathershield-thung-18l\/#primaryimage\"},\"image\":{\"@id\":\"https:\/\/tranthi.vn\/hatinh\/son-lot-ngoai-that-dulux-weathershield-thung-18l\/#primaryimage\"},\"thumbnailUrl\":\"https:\/\/tranthi.vn\/hatinh\/wp-content\/uploads\/2021\/02\/son-lot-chong-kiem-ngoai-that-dulux-tai-da-nang_optimized.jpg\",\"datePublished\":\"2021-02-17T09:08:15+00:00\",\"dateModified\":\"2024-05-01T18:48:32+00:00\",\"description\":\"Tr\u1ea7n Th\u1ecb \u0111\u1ea1i l\u00fd S\u01a1n L\u00f3t Ngo\u1ea1i Th\u1ea5t Dulux Weathershield t\u1ea1i \u0110\u00e0 N\u1eb5ng, chuy\u00ean c\u0169ng c\u1ea5p v\u1eadt li\u1ec7u x\u00e2y d\u1ef1ng gi\u00e1 r\u1ebb nh\u1ea5t \u0110\u00e0 N\u1eb5ng. \u0110\u1ecba ch\u1ec9 : 204 L\u00ea V\u0103n Hi\u1ebfn\",\"breadcrumb\":{\"@id\":\"https:\/\/tranthi.vn\/hatinh\/son-lot-ngoai-that-dulux-weathershield-thung-18l\/#breadcrumb\"},\"inLanguage\":\"vi\",\"potentialAction\":[{\"@type\":\"ReadAction\",\"target\":[\"https:\/\/tranthi.vn\/hatinh\/son-lot-ngoai-that-dulux-weathershield-thung-18l\/\"]}]},{\"@type\":\"ImageObject\",\"inLanguage\":\"vi\",\"@id\":\"https:\/\/tranthi.vn\/hatinh\/son-lot-ngoai-that-dulux-weathershield-thung-18l\/#primaryimage\",\"url\":\"https:\/\/tranthi.vn\/hatinh\/wp-content\/uploads\/2021\/02\/son-lot-chong-kiem-ngoai-that-dulux-tai-da-nang_optimized.jpg\",\"contentUrl\":\"https:\/\/tranthi.vn\/hatinh\/wp-content\/uploads\/2021\/02\/son-lot-chong-kiem-ngoai-that-dulux-tai-da-nang_optimized.jpg\",\"width\":225,\"height\":225},{\"@type\":\"BreadcrumbList\",\"@id\":\"https:\/\/tranthi.vn\/hatinh\/son-lot-ngoai-that-dulux-weathershield-thung-18l\/#breadcrumb\",\"itemListElement\":[{\"@type\":\"ListItem\",\"position\":1,\"name\":\"Trang ch\u1ee7\",\"item\":\"https:\/\/tranthi.vn\/hatinh\/\"},{\"@type\":\"ListItem\",\"position\":2,\"name\":\"Shop\",\"item\":\"https:\/\/tranthi.vn\/hatinh\/shop\/\"},{\"@type\":\"ListItem\",\"position\":3,\"name\":\"Dulux Ch\u1ed1ng ki\u1ec1m Weathershield -Th\u00f9ng 18l\"}]},{\"@type\":\"WebSite\",\"@id\":\"https:\/\/tranthi.vn\/hatinh\/#website\",\"url\":\"https:\/\/tranthi.vn\/hatinh\/\",\"name\":\"V\u1eadt Li\u1ec7u X\u00e2y D\u1ef1ng Tr\u1ea7n Th\u1ecb Chi Nh\u00e1nh H\u00e0 T\u0129nh\",\"description\":\"V\u1eadt Li\u1ec7u X\u00e2y D\u1ef1ng - H\u00e0 T\u0129nh\",\"potentialAction\":[{\"@type\":\"SearchAction\",\"target\":{\"@type\":\"EntryPoint\",\"urlTemplate\":\"https:\/\/tranthi.vn\/hatinh\/?s={search_term_string}\"},\"query-input\":\"required name=search_term_string\"}],\"inLanguage\":\"vi\"},{\"@type\":\"ImageObject\",\"inLanguage\":\"vi\",\"@id\":\"https:\/\/tranthi.vn\/hatinh\/son-lot-ngoai-that-dulux-weathershield-thung-18l\/#local-main-organization-logo\",\"url\":\"\",\"contentUrl\":\"\",\"caption\":\"V\u1eadt Li\u1ec7u X\u00e2y D\u1ef1ng Tr\u1ea7n Th\u1ecb Chi Nh\u00e1nh H\u00e0 T\u0129nh\"}]}<\/script>\n<meta property=\"product:price:amount\" content=\"2400000\" \/>\n<meta property=\"product:price:currency\" content=\"VND\" \/>\n<meta property=\"og:availability\" content=\"instock\" \/>\n<meta property=\"product:availability\" content=\"instock\" \/>\n<meta property=\"product:condition\" content=\"new\" \/>\n<!-- \/ Yoast SEO Premium plugin. -->","yoast_head_json":{"title":"Gi\u00e1 S\u01a1n L\u00f3t Ngo\u1ea1i Th\u1ea5t Dulux Weathershield \u0110\u00e0 N\u1eb5ng -0903.595.049","description":"Tr\u1ea7n Th\u1ecb \u0111\u1ea1i l\u00fd S\u01a1n L\u00f3t Ngo\u1ea1i Th\u1ea5t Dulux Weathershield t\u1ea1i \u0110\u00e0 N\u1eb5ng, chuy\u00ean c\u0169ng c\u1ea5p v\u1eadt li\u1ec7u x\u00e2y d\u1ef1ng gi\u00e1 r\u1ebb nh\u1ea5t \u0110\u00e0 N\u1eb5ng. \u0110\u1ecba ch\u1ec9 : 204 L\u00ea V\u0103n Hi\u1ebfn","robots":{"index":"index","follow":"follow","max-snippet":"max-snippet:-1","max-image-preview":"max-image-preview:large","max-video-preview":"max-video-preview:-1"},"canonical":"https:\/\/tranthi.vn\/hatinh\/son-lot-ngoai-that-dulux-weathershield-thung-18l\/","og_locale":"vi_VN","og_type":"article","og_title":"Dulux Ch\u1ed1ng ki\u1ec1m Weathershield -Th\u00f9ng 18l","og_description":"Tr\u1ea7n Th\u1ecb \u0111\u1ea1i l\u00fd S\u01a1n L\u00f3t Ngo\u1ea1i Th\u1ea5t Dulux Weathershield t\u1ea1i \u0110\u00e0 N\u1eb5ng, chuy\u00ean c\u0169ng c\u1ea5p v\u1eadt li\u1ec7u x\u00e2y d\u1ef1ng gi\u00e1 r\u1ebb nh\u1ea5t \u0110\u00e0 N\u1eb5ng. \u0110\u1ecba ch\u1ec9 : 204 L\u00ea V\u0103n Hi\u1ebfn","og_url":"https:\/\/tranthi.vn\/hatinh\/son-lot-ngoai-that-dulux-weathershield-thung-18l\/","og_site_name":"V\u1eadt Li\u1ec7u X\u00e2y D\u1ef1ng Tr\u1ea7n Th\u1ecb Chi Nh\u00e1nh H\u00e0 T\u0129nh","article_modified_time":"2024-05-01T18:48:32+00:00","og_image":[{"width":225,"height":225,"url":"https:\/\/tranthi.vn\/hatinh\/wp-content\/uploads\/2021\/02\/son-lot-chong-kiem-ngoai-that-dulux-tai-da-nang_optimized.jpg","type":"image\/jpeg"}],"twitter_card":"summary_large_image","twitter_misc":{"Gi\u00e1":"2,400,000&nbsp;&#8363;","Kh\u1ea3 d\u1ee5ng":"Trong kho"},"schema":{"@context":"https:\/\/schema.org","@graph":[{"@type":["WebPage","ItemPage"],"@id":"https:\/\/tranthi.vn\/hatinh\/son-lot-ngoai-that-dulux-weathershield-thung-18l\/","url":"https:\/\/tranthi.vn\/hatinh\/son-lot-ngoai-that-dulux-weathershield-thung-18l\/","name":"Gi\u00e1 S\u01a1n L\u00f3t Ngo\u1ea1i Th\u1ea5t Dulux Weathershield \u0110\u00e0 N\u1eb5ng -0903.595.049","isPartOf":{"@id":"https:\/\/tranthi.vn\/hatinh\/#website"},"primaryImageOfPage":{"@id":"https:\/\/tranthi.vn\/hatinh\/son-lot-ngoai-that-dulux-weathershield-thung-18l\/#primaryimage"},"image":{"@id":"https:\/\/tranthi.vn\/hatinh\/son-lot-ngoai-that-dulux-weathershield-thung-18l\/#primaryimage"},"thumbnailUrl":"https:\/\/tranthi.vn\/hatinh\/wp-content\/uploads\/2021\/02\/son-lot-chong-kiem-ngoai-that-dulux-tai-da-nang_optimized.jpg","datePublished":"2021-02-17T09:08:15+00:00","dateModified":"2024-05-01T18:48:32+00:00","description":"Tr\u1ea7n Th\u1ecb \u0111\u1ea1i l\u00fd S\u01a1n L\u00f3t Ngo\u1ea1i Th\u1ea5t Dulux Weathershield t\u1ea1i \u0110\u00e0 N\u1eb5ng, chuy\u00ean c\u0169ng c\u1ea5p v\u1eadt li\u1ec7u x\u00e2y d\u1ef1ng gi\u00e1 r\u1ebb nh\u1ea5t \u0110\u00e0 N\u1eb5ng. \u0110\u1ecba ch\u1ec9 : 204 L\u00ea V\u0103n Hi\u1ebfn","breadcrumb":{"@id":"https:\/\/tranthi.vn\/hatinh\/son-lot-ngoai-that-dulux-weathershield-thung-18l\/#breadcrumb"},"inLanguage":"vi","potentialAction":[{"@type":"ReadAction","target":["https:\/\/tranthi.vn\/hatinh\/son-lot-ngoai-that-dulux-weathershield-thung-18l\/"]}]},{"@type":"ImageObject","inLanguage":"vi","@id":"https:\/\/tranthi.vn\/hatinh\/son-lot-ngoai-that-dulux-weathershield-thung-18l\/#primaryimage","url":"https:\/\/tranthi.vn\/hatinh\/wp-content\/uploads\/2021\/02\/son-lot-chong-kiem-ngoai-that-dulux-tai-da-nang_optimized.jpg","contentUrl":"https:\/\/tranthi.vn\/hatinh\/wp-content\/uploads\/2021\/02\/son-lot-chong-kiem-ngoai-that-dulux-tai-da-nang_optimized.jpg","width":225,"height":225},{"@type":"BreadcrumbList","@id":"https:\/\/tranthi.vn\/hatinh\/son-lot-ngoai-that-dulux-weathershield-thung-18l\/#breadcrumb","itemListElement":[{"@type":"ListItem","position":1,"name":"Trang ch\u1ee7","item":"https:\/\/tranthi.vn\/hatinh\/"},{"@type":"ListItem","position":2,"name":"Shop","item":"https:\/\/tranthi.vn\/hatinh\/shop\/"},{"@type":"ListItem","position":3,"name":"Dulux Ch\u1ed1ng ki\u1ec1m Weathershield -Th\u00f9ng 18l"}]},{"@type":"WebSite","@id":"https:\/\/tranthi.vn\/hatinh\/#website","url":"https:\/\/tranthi.vn\/hatinh\/","name":"V\u1eadt Li\u1ec7u X\u00e2y D\u1ef1ng Tr\u1ea7n Th\u1ecb Chi Nh\u00e1nh H\u00e0 T\u0129nh","description":"V\u1eadt Li\u1ec7u X\u00e2y D\u1ef1ng - H\u00e0 T\u0129nh","potentialAction":[{"@type":"SearchAction","target":{"@type":"EntryPoint","urlTemplate":"https:\/\/tranthi.vn\/hatinh\/?s={search_term_string}"},"query-input":"required name=search_term_string"}],"inLanguage":"vi"},{"@type":"ImageObject","inLanguage":"vi","@id":"https:\/\/tranthi.vn\/hatinh\/son-lot-ngoai-that-dulux-weathershield-thung-18l\/#local-main-organization-logo","url":"","contentUrl":"","caption":"V\u1eadt Li\u1ec7u X\u00e2y D\u1ef1ng Tr\u1ea7n Th\u1ecb Chi Nh\u00e1nh H\u00e0 T\u0129nh"}]},"product_price_amount":"2400000","product_price_currency":"VND","og_availability":"instock","product_availability":"instock","product_condition":"new"},"_links":{"self":[{"href":"https:\/\/tranthi.vn\/hatinh\/wp-json\/wp\/v2\/product\/1468","targetHints":{"allow":["GET"]}}],"collection":[{"href":"https:\/\/tranthi.vn\/hatinh\/wp-json\/wp\/v2\/product"}],"about":[{"href":"https:\/\/tranthi.vn\/hatinh\/wp-json\/wp\/v2\/types\/product"}],"replies":[{"embeddable":true,"href":"https:\/\/tranthi.vn\/hatinh\/wp-json\/wp\/v2\/comments?post=1468"}],"wp:featuredmedia":[{"embeddable":true,"href":"https:\/\/tranthi.vn\/hatinh\/wp-json\/wp\/v2\/media\/1467"}],"wp:attachment":[{"href":"https:\/\/tranthi.vn\/hatinh\/wp-json\/wp\/v2\/media?parent=1468"}],"wp:term":[{"taxonomy":"product_cat","embeddable":true,"href":"https:\/\/tranthi.vn\/hatinh\/wp-json\/wp\/v2\/product_cat?post=1468"},{"taxonomy":"product_tag","embeddable":true,"href":"https:\/\/tranthi.vn\/hatinh\/wp-json\/wp\/v2\/product_tag?post=1468"}],"curies":[{"name":"wp","href":"https:\/\/api.w.org\/{rel}","templated":true}]}}