{"id":1175,"date":"2021-02-17T08:33:53","date_gmt":"2021-02-17T01:33:53","guid":{"rendered":"http:\/\/new-tranthi.test\/san-pham\/lavabo-da-cuoi-ad009\/"},"modified":"2024-07-30T14:57:22","modified_gmt":"2024-07-30T07:57:22","slug":"lavabo-da-cuoi-ad009-ha-tinh","status":"publish","type":"product","link":"https:\/\/tranthi.vn\/hatinh\/lavabo-da-cuoi-ad009-ha-tinh\/","title":{"rendered":"Lavabo \u0110\u00e1 Cu\u1ed9i AD009"},"content":{"rendered":"","protected":false},"excerpt":{"rendered":"<p><span style=\"font-family: 'times new roman', times, serif;\"><img decoding=\"async\" class=\"emoji\" draggable=\"false\" src=\"https:\/\/s.w.org\/images\/core\/emoji\/12.0.0-1\/svg\/1f61b.svg\" alt=\"\ud83d\ude1b\" \/><span style=\"font-size: 14pt; color: #000000;\">\u00a0Giao h\u00e0ng trong \u0111\u1ecba b\u00e0n\u00a0<a href=\"https:\/\/vi.wikipedia.org\/wiki\/H%C3%A0_T%C4%A9nh\"><span style=\"color: #008000;\"><em><strong>H\u00e0 Tinh<\/strong><\/em><\/span><\/a><\/span><\/span><\/p>\n<p><span style=\"font-family: 'times new roman', times, serif; font-size: 14pt; color: #000000;\"><img decoding=\"async\" class=\"emoji\" draggable=\"false\" src=\"https:\/\/s.w.org\/images\/core\/emoji\/12.0.0-1\/svg\/1f61b.svg\" alt=\"\ud83d\ude1b\" \/>\u00a0\u0110\u01a1n v\u1ecb t\u00ednh: C\u00e1i<\/span><\/p>\n<p><span style=\"font-family: 'times new roman', times, serif; font-size: 14pt; color: #000000;\"><img decoding=\"async\" class=\"emoji\" draggable=\"false\" src=\"https:\/\/s.w.org\/images\/core\/emoji\/12.0.0-1\/svg\/1f61b.svg\" alt=\"\ud83d\ude1b\" \/>\u00a0\u0110\u01a1n gi\u00e1<em><strong>:Lavabo \u0110\u00e1 Cu\u1ed9i AD009<\/strong><\/em>\u00a0trong n\u1ed9i th\u00e0nh_ Gi\u00e1:\u00a0<span style=\"color: #ff0000;\"><strong>2.000.000\u0111\/C\u00e1i<\/strong><\/span><\/span><\/p>\n","protected":false},"featured_media":1174,"comment_status":"open","ping_status":"closed","template":"","meta":[],"product_cat":[184,275,179],"product_tag":[],"class_list":{"0":"post-1175","1":"product","2":"type-product","3":"status-publish","4":"has-post-thumbnail","6":"product_cat-lavabo-gia-re-tai-da-nang","7":"product_cat-lavabo-da-tu-nhien","8":"product_cat-thiet-bi-ve-sinh-da-nang","10":"first","11":"instock","12":"sale","13":"shipping-taxable","14":"purchasable","15":"product-type-simple"},"yoast_head":"<!-- This site is optimized with the Yoast SEO Premium plugin v22.3 (Yoast SEO v22.8) - https:\/\/yoast.com\/wordpress\/plugins\/seo\/ -->\n<title>Lavabo \u0111\u00e1 cu\u1ed9i t\u1ea1i H\u00e0 T\u0129nh- 0947335871<\/title>\n<meta name=\"description\" content=\"Tr\u1ea7n Th\u1ecb l\u00e0 nh\u00e0 ph\u00e2n ph\u1ed1i ch\u1eadu r\u1eeda \u0111\u00e1 cu\u1ed9i su\u1ed1i H\u00e0 T\u0129nh v\u1edbi gi\u00e1 r\u1ebb nh\u1ea5t, \u0111\u00e1 su\u1ed1i t\u1ef1 nhi\u00ean qua qu\u00e1 tr\u00ecnh m\u00e0i, t\u1ea1o ra h\u00ecnh th\u00f9 lavabo \u0111\u1ed9c \u0111\u00e1o\" \/>\n<meta name=\"robots\" content=\"index, follow, max-snippet:-1, max-image-preview:large, max-video-preview:-1\" \/>\n<link rel=\"canonical\" href=\"https:\/\/tranthi.vn\/hatinh\/lavabo-da-cuoi-ad009-ha-tinh\/\" \/>\n<meta property=\"og:locale\" content=\"vi_VN\" \/>\n<meta property=\"og:type\" content=\"article\" \/>\n<meta property=\"og:title\" content=\"Lavabo \u0110\u00e1 Cu\u1ed9i AD009\" \/>\n<meta property=\"og:description\" content=\"Tr\u1ea7n Th\u1ecb l\u00e0 nh\u00e0 ph\u00e2n ph\u1ed1i ch\u1eadu r\u1eeda \u0111\u00e1 cu\u1ed9i su\u1ed1i H\u00e0 T\u0129nh v\u1edbi gi\u00e1 r\u1ebb nh\u1ea5t, \u0111\u00e1 su\u1ed1i t\u1ef1 nhi\u00ean qua qu\u00e1 tr\u00ecnh m\u00e0i, t\u1ea1o ra h\u00ecnh th\u00f9 lavabo \u0111\u1ed9c \u0111\u00e1o\" \/>\n<meta property=\"og:url\" content=\"https:\/\/tranthi.vn\/hatinh\/lavabo-da-cuoi-ad009-ha-tinh\/\" \/>\n<meta property=\"og:site_name\" content=\"V\u1eadt Li\u1ec7u X\u00e2y D\u1ef1ng Tr\u1ea7n Th\u1ecb Chi Nh\u00e1nh H\u00e0 T\u0129nh\" \/>\n<meta property=\"article:modified_time\" content=\"2024-07-30T07:57:22+00:00\" \/>\n<meta property=\"og:image\" content=\"https:\/\/tranthi.vn\/hatinh\/wp-content\/uploads\/2021\/02\/z2002831918506_cc0a34fab51992c8373d86760c817834-6.jpg\" \/>\n\t<meta property=\"og:image:width\" content=\"400\" \/>\n\t<meta property=\"og:image:height\" content=\"450\" \/>\n\t<meta property=\"og:image:type\" content=\"image\/jpeg\" \/>\n<meta name=\"twitter:card\" content=\"summary_large_image\" \/>\n<meta name=\"twitter:label1\" content=\"Gi\u00e1\" \/>\n\t<meta name=\"twitter:data1\" content=\"2,000,000&nbsp;&#8363;\" \/>\n\t<meta name=\"twitter:label2\" content=\"Kh\u1ea3 d\u1ee5ng\" \/>\n\t<meta name=\"twitter:data2\" content=\"Trong kho\" \/>\n<script type=\"application\/ld+json\" class=\"yoast-schema-graph\">{\"@context\":\"https:\/\/schema.org\",\"@graph\":[{\"@type\":[\"WebPage\",\"ItemPage\"],\"@id\":\"https:\/\/tranthi.vn\/hatinh\/lavabo-da-cuoi-ad009-ha-tinh\/\",\"url\":\"https:\/\/tranthi.vn\/hatinh\/lavabo-da-cuoi-ad009-ha-tinh\/\",\"name\":\"Lavabo \u0111\u00e1 cu\u1ed9i t\u1ea1i H\u00e0 T\u0129nh- 0947335871\",\"isPartOf\":{\"@id\":\"https:\/\/tranthi.vn\/hatinh\/#website\"},\"primaryImageOfPage\":{\"@id\":\"https:\/\/tranthi.vn\/hatinh\/lavabo-da-cuoi-ad009-ha-tinh\/#primaryimage\"},\"image\":{\"@id\":\"https:\/\/tranthi.vn\/hatinh\/lavabo-da-cuoi-ad009-ha-tinh\/#primaryimage\"},\"thumbnailUrl\":\"https:\/\/tranthi.vn\/hatinh\/wp-content\/uploads\/2021\/02\/z2002831918506_cc0a34fab51992c8373d86760c817834-6.jpg\",\"datePublished\":\"2021-02-17T01:33:53+00:00\",\"dateModified\":\"2024-07-30T07:57:22+00:00\",\"description\":\"Tr\u1ea7n Th\u1ecb l\u00e0 nh\u00e0 ph\u00e2n ph\u1ed1i ch\u1eadu r\u1eeda \u0111\u00e1 cu\u1ed9i su\u1ed1i H\u00e0 T\u0129nh v\u1edbi gi\u00e1 r\u1ebb nh\u1ea5t, \u0111\u00e1 su\u1ed1i t\u1ef1 nhi\u00ean qua qu\u00e1 tr\u00ecnh m\u00e0i, t\u1ea1o ra h\u00ecnh th\u00f9 lavabo \u0111\u1ed9c \u0111\u00e1o\",\"breadcrumb\":{\"@id\":\"https:\/\/tranthi.vn\/hatinh\/lavabo-da-cuoi-ad009-ha-tinh\/#breadcrumb\"},\"inLanguage\":\"vi\",\"potentialAction\":[{\"@type\":\"ReadAction\",\"target\":[\"https:\/\/tranthi.vn\/hatinh\/lavabo-da-cuoi-ad009-ha-tinh\/\"]}]},{\"@type\":\"ImageObject\",\"inLanguage\":\"vi\",\"@id\":\"https:\/\/tranthi.vn\/hatinh\/lavabo-da-cuoi-ad009-ha-tinh\/#primaryimage\",\"url\":\"https:\/\/tranthi.vn\/hatinh\/wp-content\/uploads\/2021\/02\/z2002831918506_cc0a34fab51992c8373d86760c817834-6.jpg\",\"contentUrl\":\"https:\/\/tranthi.vn\/hatinh\/wp-content\/uploads\/2021\/02\/z2002831918506_cc0a34fab51992c8373d86760c817834-6.jpg\",\"width\":400,\"height\":450},{\"@type\":\"BreadcrumbList\",\"@id\":\"https:\/\/tranthi.vn\/hatinh\/lavabo-da-cuoi-ad009-ha-tinh\/#breadcrumb\",\"itemListElement\":[{\"@type\":\"ListItem\",\"position\":1,\"name\":\"Trang ch\u1ee7\",\"item\":\"https:\/\/tranthi.vn\/hatinh\/\"},{\"@type\":\"ListItem\",\"position\":2,\"name\":\"Shop\",\"item\":\"https:\/\/tranthi.vn\/hatinh\/shop\/\"},{\"@type\":\"ListItem\",\"position\":3,\"name\":\"Lavabo \u0110\u00e1 Cu\u1ed9i AD009\"}]},{\"@type\":\"WebSite\",\"@id\":\"https:\/\/tranthi.vn\/hatinh\/#website\",\"url\":\"https:\/\/tranthi.vn\/hatinh\/\",\"name\":\"V\u1eadt Li\u1ec7u X\u00e2y D\u1ef1ng Tr\u1ea7n Th\u1ecb Chi Nh\u00e1nh H\u00e0 T\u0129nh\",\"description\":\"V\u1eadt Li\u1ec7u X\u00e2y D\u1ef1ng - H\u00e0 T\u0129nh\",\"potentialAction\":[{\"@type\":\"SearchAction\",\"target\":{\"@type\":\"EntryPoint\",\"urlTemplate\":\"https:\/\/tranthi.vn\/hatinh\/?s={search_term_string}\"},\"query-input\":\"required name=search_term_string\"}],\"inLanguage\":\"vi\"},{\"@type\":\"ImageObject\",\"inLanguage\":\"vi\",\"@id\":\"https:\/\/tranthi.vn\/hatinh\/lavabo-da-cuoi-ad009-ha-tinh\/#local-main-organization-logo\",\"url\":\"\",\"contentUrl\":\"\",\"caption\":\"V\u1eadt Li\u1ec7u X\u00e2y D\u1ef1ng Tr\u1ea7n Th\u1ecb Chi Nh\u00e1nh H\u00e0 T\u0129nh\"}]}<\/script>\n<meta property=\"product:price:amount\" content=\"2000000\" \/>\n<meta property=\"product:price:currency\" content=\"VND\" \/>\n<meta property=\"og:availability\" content=\"instock\" \/>\n<meta property=\"product:availability\" content=\"instock\" \/>\n<meta property=\"product:condition\" content=\"new\" \/>\n<!-- \/ Yoast SEO Premium plugin. -->","yoast_head_json":{"title":"Lavabo \u0111\u00e1 cu\u1ed9i t\u1ea1i H\u00e0 T\u0129nh- 0947335871","description":"Tr\u1ea7n Th\u1ecb l\u00e0 nh\u00e0 ph\u00e2n ph\u1ed1i ch\u1eadu r\u1eeda \u0111\u00e1 cu\u1ed9i su\u1ed1i H\u00e0 T\u0129nh v\u1edbi gi\u00e1 r\u1ebb nh\u1ea5t, \u0111\u00e1 su\u1ed1i t\u1ef1 nhi\u00ean qua qu\u00e1 tr\u00ecnh m\u00e0i, t\u1ea1o ra h\u00ecnh th\u00f9 lavabo \u0111\u1ed9c \u0111\u00e1o","robots":{"index":"index","follow":"follow","max-snippet":"max-snippet:-1","max-image-preview":"max-image-preview:large","max-video-preview":"max-video-preview:-1"},"canonical":"https:\/\/tranthi.vn\/hatinh\/lavabo-da-cuoi-ad009-ha-tinh\/","og_locale":"vi_VN","og_type":"article","og_title":"Lavabo \u0110\u00e1 Cu\u1ed9i AD009","og_description":"Tr\u1ea7n Th\u1ecb l\u00e0 nh\u00e0 ph\u00e2n ph\u1ed1i ch\u1eadu r\u1eeda \u0111\u00e1 cu\u1ed9i su\u1ed1i H\u00e0 T\u0129nh v\u1edbi gi\u00e1 r\u1ebb nh\u1ea5t, \u0111\u00e1 su\u1ed1i t\u1ef1 nhi\u00ean qua qu\u00e1 tr\u00ecnh m\u00e0i, t\u1ea1o ra h\u00ecnh th\u00f9 lavabo \u0111\u1ed9c \u0111\u00e1o","og_url":"https:\/\/tranthi.vn\/hatinh\/lavabo-da-cuoi-ad009-ha-tinh\/","og_site_name":"V\u1eadt Li\u1ec7u X\u00e2y D\u1ef1ng Tr\u1ea7n Th\u1ecb Chi Nh\u00e1nh H\u00e0 T\u0129nh","article_modified_time":"2024-07-30T07:57:22+00:00","og_image":[{"width":400,"height":450,"url":"https:\/\/tranthi.vn\/hatinh\/wp-content\/uploads\/2021\/02\/z2002831918506_cc0a34fab51992c8373d86760c817834-6.jpg","type":"image\/jpeg"}],"twitter_card":"summary_large_image","twitter_misc":{"Gi\u00e1":"2,000,000&nbsp;&#8363;","Kh\u1ea3 d\u1ee5ng":"Trong kho"},"schema":{"@context":"https:\/\/schema.org","@graph":[{"@type":["WebPage","ItemPage"],"@id":"https:\/\/tranthi.vn\/hatinh\/lavabo-da-cuoi-ad009-ha-tinh\/","url":"https:\/\/tranthi.vn\/hatinh\/lavabo-da-cuoi-ad009-ha-tinh\/","name":"Lavabo \u0111\u00e1 cu\u1ed9i t\u1ea1i H\u00e0 T\u0129nh- 0947335871","isPartOf":{"@id":"https:\/\/tranthi.vn\/hatinh\/#website"},"primaryImageOfPage":{"@id":"https:\/\/tranthi.vn\/hatinh\/lavabo-da-cuoi-ad009-ha-tinh\/#primaryimage"},"image":{"@id":"https:\/\/tranthi.vn\/hatinh\/lavabo-da-cuoi-ad009-ha-tinh\/#primaryimage"},"thumbnailUrl":"https:\/\/tranthi.vn\/hatinh\/wp-content\/uploads\/2021\/02\/z2002831918506_cc0a34fab51992c8373d86760c817834-6.jpg","datePublished":"2021-02-17T01:33:53+00:00","dateModified":"2024-07-30T07:57:22+00:00","description":"Tr\u1ea7n Th\u1ecb l\u00e0 nh\u00e0 ph\u00e2n ph\u1ed1i ch\u1eadu r\u1eeda \u0111\u00e1 cu\u1ed9i su\u1ed1i H\u00e0 T\u0129nh v\u1edbi gi\u00e1 r\u1ebb nh\u1ea5t, \u0111\u00e1 su\u1ed1i t\u1ef1 nhi\u00ean qua qu\u00e1 tr\u00ecnh m\u00e0i, t\u1ea1o ra h\u00ecnh th\u00f9 lavabo \u0111\u1ed9c \u0111\u00e1o","breadcrumb":{"@id":"https:\/\/tranthi.vn\/hatinh\/lavabo-da-cuoi-ad009-ha-tinh\/#breadcrumb"},"inLanguage":"vi","potentialAction":[{"@type":"ReadAction","target":["https:\/\/tranthi.vn\/hatinh\/lavabo-da-cuoi-ad009-ha-tinh\/"]}]},{"@type":"ImageObject","inLanguage":"vi","@id":"https:\/\/tranthi.vn\/hatinh\/lavabo-da-cuoi-ad009-ha-tinh\/#primaryimage","url":"https:\/\/tranthi.vn\/hatinh\/wp-content\/uploads\/2021\/02\/z2002831918506_cc0a34fab51992c8373d86760c817834-6.jpg","contentUrl":"https:\/\/tranthi.vn\/hatinh\/wp-content\/uploads\/2021\/02\/z2002831918506_cc0a34fab51992c8373d86760c817834-6.jpg","width":400,"height":450},{"@type":"BreadcrumbList","@id":"https:\/\/tranthi.vn\/hatinh\/lavabo-da-cuoi-ad009-ha-tinh\/#breadcrumb","itemListElement":[{"@type":"ListItem","position":1,"name":"Trang ch\u1ee7","item":"https:\/\/tranthi.vn\/hatinh\/"},{"@type":"ListItem","position":2,"name":"Shop","item":"https:\/\/tranthi.vn\/hatinh\/shop\/"},{"@type":"ListItem","position":3,"name":"Lavabo \u0110\u00e1 Cu\u1ed9i AD009"}]},{"@type":"WebSite","@id":"https:\/\/tranthi.vn\/hatinh\/#website","url":"https:\/\/tranthi.vn\/hatinh\/","name":"V\u1eadt Li\u1ec7u X\u00e2y D\u1ef1ng Tr\u1ea7n Th\u1ecb Chi Nh\u00e1nh H\u00e0 T\u0129nh","description":"V\u1eadt Li\u1ec7u X\u00e2y D\u1ef1ng - H\u00e0 T\u0129nh","potentialAction":[{"@type":"SearchAction","target":{"@type":"EntryPoint","urlTemplate":"https:\/\/tranthi.vn\/hatinh\/?s={search_term_string}"},"query-input":"required name=search_term_string"}],"inLanguage":"vi"},{"@type":"ImageObject","inLanguage":"vi","@id":"https:\/\/tranthi.vn\/hatinh\/lavabo-da-cuoi-ad009-ha-tinh\/#local-main-organization-logo","url":"","contentUrl":"","caption":"V\u1eadt Li\u1ec7u X\u00e2y D\u1ef1ng Tr\u1ea7n Th\u1ecb Chi Nh\u00e1nh H\u00e0 T\u0129nh"}]},"product_price_amount":"2000000","product_price_currency":"VND","og_availability":"instock","product_availability":"instock","product_condition":"new"},"_links":{"self":[{"href":"https:\/\/tranthi.vn\/hatinh\/wp-json\/wp\/v2\/product\/1175","targetHints":{"allow":["GET"]}}],"collection":[{"href":"https:\/\/tranthi.vn\/hatinh\/wp-json\/wp\/v2\/product"}],"about":[{"href":"https:\/\/tranthi.vn\/hatinh\/wp-json\/wp\/v2\/types\/product"}],"replies":[{"embeddable":true,"href":"https:\/\/tranthi.vn\/hatinh\/wp-json\/wp\/v2\/comments?post=1175"}],"wp:featuredmedia":[{"embeddable":true,"href":"https:\/\/tranthi.vn\/hatinh\/wp-json\/wp\/v2\/media\/1174"}],"wp:attachment":[{"href":"https:\/\/tranthi.vn\/hatinh\/wp-json\/wp\/v2\/media?parent=1175"}],"wp:term":[{"taxonomy":"product_cat","embeddable":true,"href":"https:\/\/tranthi.vn\/hatinh\/wp-json\/wp\/v2\/product_cat?post=1175"},{"taxonomy":"product_tag","embeddable":true,"href":"https:\/\/tranthi.vn\/hatinh\/wp-json\/wp\/v2\/product_tag?post=1175"}],"curies":[{"name":"wp","href":"https:\/\/api.w.org\/{rel}","templated":true}]}}