{"id":1159,"date":"2021-02-17T08:33:39","date_gmt":"2021-02-17T01:33:39","guid":{"rendered":"http:\/\/new-tranthi.test\/san-pham\/lavabo-da-cuoi-ad001\/"},"modified":"2024-07-30T15:45:33","modified_gmt":"2024-07-30T08:45:33","slug":"lavabo-da-tu-nhien-tai-ha-tinh","status":"publish","type":"product","link":"https:\/\/tranthi.vn\/hatinh\/lavabo-da-tu-nhien-tai-ha-tinh\/","title":{"rendered":"Lavabo \u0110\u00e1 T\u1ef1 Nhi\u00ean"},"content":{"rendered":"<h1 style=\"text-align: center;\"><strong><span style=\"font-size: 130%; font-family: 'times new roman', times, serif; color: #ff0000;\">LAVABO \u0110\u00c1 T\u1ef0 NHI\u00caN T\u1ea0I <a href=\"https:\/\/vi.wikipedia.org\/wiki\/H%C3%A0_T%C4%A9nh\">H\u00c0 T\u0128NH<\/a><\/span><\/strong><\/h1>\n<p><span style=\"font-family: 'times new roman', times, serif; font-size: 14pt; color: #000000;\">Hi\u1ec7n nay<strong><em> lavabo \u0111\u00e1 t\u1ef1 nhi\u00ean \u0111\u1ec3 b\u00e0n H\u00e0 T\u0129nh<\/em><\/strong>\u00a0\u0111ang d\u1ea7n \u0111\u01b0\u1ee3c s\u1eed d\u1ee5ng r\u1ed9ng r\u00e3i \u0111\u1eb7c bi\u1ec7t l\u00e0 trong c\u00e1c c\u00f4ng tr\u00ecnh v\u1ec7 sinh nh\u00e0 h\u00e0ng kh\u00e1ch s\u1ea1n t\u1ea1i <strong><em>, <a href=\"https:\/\/vi.wikipedia.org\/wiki\/Gi%C3%A1_c%E1%BA%A3#:~:text=Gi%C3%A1%20c%E1%BA%A3%20l%C3%A0%20bi%E1%BB%83u%20hi%E1%BB%87n,m%E1%BB%99t%20t%C3%A0i%20s%E1%BA%A3n%20n%C3%A0o%20%C4%91%C3%B3.\">gi\u00e1<\/a><\/em><\/strong>\u00a0c\u1ee7a c\u00e1c ch\u1eadu lavabo \u0111\u00e1 t\u1ef1 nhi\u00ean c\u0169ng kh\u00e1 cao v\u00e0 m\u1ee9c gi\u00e1 n\u00e0y ph\u1ee5 thu\u1ed9c v\u00e0o t\u1eebng lo\u1ea1i \u0111\u00e1<\/span><\/p>\n<p><img loading=\"lazy\" decoding=\"async\" class=\"size-full wp-image-3222 aligncenter\" src=\"https:\/\/tranthi.vn\/quangnam\/wp-content\/uploads\/2021\/02\/mau-lavabo-da-tu-nhien-da-nang-3-2.jpg\" alt=\"m\u1eabu lavabo \u0111\u00e1 t\u1ef1 nhi\u00ean \u0111\u00e0 n\u1eb5ng \" width=\"250\" height=\"250\" srcset=\"https:\/\/tranthi.vn\/hatinh\/wp-content\/uploads\/2021\/02\/mau-lavabo-da-tu-nhien-da-nang-3-2.jpg 250w, https:\/\/tranthi.vn\/hatinh\/wp-content\/uploads\/2021\/02\/mau-lavabo-da-tu-nhien-da-nang-3-2-100x100.jpg 100w\" sizes=\"auto, (max-width: 250px) 100vw, 250px\" \/><\/p>\n<h2><span style=\"font-size: 110%; color: #ff0000;\"><strong><span style=\"font-family: 'times new roman', times, serif;\">1. Ngu\u1ed3n g\u1ed1c c\u1eeda nh\u1eefng chi\u1ebfc lavabo \u0111\u00e1 t\u1ef1 nhi\u00ean<\/span><\/strong><\/span><\/h2>\n<p><span style=\"font-family: 'times new roman', times, serif; font-size: 14pt; color: #000000;\"><span style=\"font-family: 'times new roman', times, serif; font-size: 14pt; color: #000000;\">Nh\u1eefng chi\u1ebfc <strong><em>lavabo \u0111\u1ec3 b\u00e0n \u0111\u00e1 t\u1ef1 nhi\u00ean<\/em><\/strong> s\u1ebd \u0111\u01b0\u1ee3c t\u1ea1o ra t\u1eeb c\u00e1c t\u1ea3ng \u0111\u00e1 tr\u00f2n t\u1ef1 nhi\u00ean. V\u1edbi nhi\u1ec1u h\u00ecnh d\u00e1ng v\u00e0 k\u00edch c\u1ee1 kh\u00e1c nhau.<\/span><\/span><\/p>\n<p><img loading=\"lazy\" decoding=\"async\" class=\"size-full wp-image-3223 aligncenter\" src=\"https:\/\/tranthi.vn\/quangnam\/wp-content\/uploads\/2021\/02\/mau-lavabo-da-tu-nhien-3-1.jpg\" alt=\"\" width=\"250\" height=\"250\" srcset=\"https:\/\/tranthi.vn\/hatinh\/wp-content\/uploads\/2021\/02\/mau-lavabo-da-tu-nhien-3-1.jpg 250w, https:\/\/tranthi.vn\/hatinh\/wp-content\/uploads\/2021\/02\/mau-lavabo-da-tu-nhien-3-1-100x100.jpg 100w\" sizes=\"auto, (max-width: 250px) 100vw, 250px\" \/><\/p>\n<ul>\n<li><span style=\"font-family: 'times new roman', times, serif; font-size: 14pt; color: #000000;\"><span style=\"font-family: 'times new roman', times, serif; font-size: 14pt; color: #000000;\"><span style=\"font-family: 'times new roman', times, serif; font-size: 14pt; color: #000000;\">Nh\u1eefng t\u1ea3ng \u0111\u00e1 c\u00f3 k\u00edch th\u01b0\u1edbc trung b\u00ecnh, \u0111\u1eb9p \u0111\u01b0\u1ee3c ch\u1ecdn l\u1ef1a. \u0110a s\u1ed1 \u0111\u01b0\u1ee3c l\u1ea5y t\u1eeb nh\u1eefng th\u00e1c n\u01b0\u1edbc su\u1ed1i. Nh\u1eefng t\u1ea3ng \u0111\u00e1 n\u00e0y \u0111\u01b0\u1ee3c n\u01b0\u1edbc m\u00e0i m\u00f2n n\u00ean c\u00f3 nhi\u1ec1u h\u00ecnh d\u00e1ng v\u00e0 \u0111\u1ed9 b\u00f3ng m\u1ecbn thi c\u00f4ng d\u1ec5 d\u00e0ng h\u01a1n<\/span><\/span><\/span><\/li>\n<li><span style=\"font-family: 'times new roman', times, serif; font-size: 14pt; color: #000000;\">Sau khi ch\u1ecdn l\u1ef1a, nh\u1eefng t\u1ea3ng \u0111\u00e1 \u01b0ng \u00fd s\u1ebd \u0111\u01b0\u1ee3c c\u1eaft, m\u00e0i, x\u1ea3 \u0111\u1ec3 \u0111\u1ea1t \u0111\u01b0\u1ee3c h\u00ecnh d\u00e1ng v\u00e0 \u0111\u1ed9 b\u00f3ng mong mu\u1ed1n. Ph\u00eda b\u00ean ngo\u00e0i ch\u1ec9 x\u1eed l\u00fd nh\u1eefng v\u1ecb tr\u00ed nh\u1ecdn ho\u1eb7c k \u0111\u01b0\u1ee3c \u0111\u1eb9p c\u00f2n l\u1ea1i v\u1eabn gi\u1eef nguy\u00ean \u0111\u1ec3 t\u1ea1o s\u1ef1 t\u1ef1 nhi\u00ean cho c\u00e1c m\u1eabu lavabo<\/span><\/li>\n<\/ul>\n<p style=\"text-align: center;\"><iframe loading=\"lazy\" src=\"\/\/www.youtube.com\/embed\/LclH5puWlmo\" width=\"560\" height=\"314\" allowfullscreen=\"allowfullscreen\"><\/iframe><\/p>\n<p style=\"text-align: center;\"><strong><em><span style=\"font-family: 'times new roman', times, serif; font-size: 130%; color: #008000;\">S\u1ef1 \u0111\u1ed9c \u0111\u00e1o c\u1eeda nh\u1eefng chi\u1ebfc lavabo \u0111\u00e1 t\u1ef1 nhi\u00ean th\u00edch h\u1ee3p v\u1edbi nhi\u1ec1u kh\u00f4ng gian kh\u00e1c nhau<\/span><\/em><\/strong><\/p>\n<p><span style=\"font-family: 'times new roman', times, serif; font-size: 14pt; color: #000000;\">Nh\u1eefng s\u1ea3n ph\u1ea9m lavabo \u0111\u00e1 t\u1ef1 nhi\u00ean s\u1eed d\u1ee5ng c\u00e0ng l\u00e2u c\u00e0ng \u0111\u1eb9p c\u00e0ng b\u00f3ng v\u00e0 kh\u00f4ng b\u1ecb phai m\u00e0u. Tuy nhi\u00ean v\u1eabn ph\u1ee5 thu\u1ed9c v\u00e0o k\u1ebft c\u1ea5u \u0111\u1ecba ch\u1ea5t \u0111\u00e1<\/span><\/p>\n<h2><strong><span style=\"font-size: 110%; font-family: 'times new roman', times, serif; color: #ff0000;\">2. B\u1ea3ng gi\u00e1 cho nh\u1eefng m\u1eabu lavabo \u0111\u00e1 t\u1ef1 nhi\u00ean<\/span><\/strong><\/h2>\n<p><span style=\"font-family: 'times new roman', times, serif; font-size: 130%; color: #000000;\">B\u00ean d\u01b0\u1edbi \u0111\u00e2y l\u00e0 b\u1ea3ng <strong><em>gi\u00e1 lavabo \u0111\u00e1 t\u1ef1 nhi\u00ean<\/em><\/strong> c\u1ee7a Tr\u1ea7n Th\u1ecb t\u1ea1i <a href=\"https:\/\/vi.wikipedia.org\/wiki\/H%C3%A0_T%C4%A9nh\">H\u00e0 T\u0129nh<\/a>. C\u00e1c s\u1ea3n ph\u1ea9m \u0111\u1ec1u \u0111\u01b0\u1ee3c cung c\u1ea5p k\u00edch th\u01b0\u1edbc, m\u1eabu m\u00e3 m\u00e0u s\u1eafc v\u00e0 ki\u1ec3u d\u00e1ng.<\/span><\/p>\n<p><span style=\"font-family: 'times new roman', times, serif; font-size: 130%; color: #000000;\">\u0110\u00e2y l\u00e0 nh\u1eefng m\u00e2u lavabo t\u1ef1 nhi\u00ean \u0111\u01b0\u1ee3c \u01b0a chu\u1ed9ng nh\u1ea5t v\u1edbi nh\u1eefng m\u1eabu m\u00e3 v\u00f4 c\u00f9ng \u0111\u1ed9c \u0111\u00e1o v\u00e0 ph\u00e1 c\u00e1ch.\u00a0<\/span><\/p>\n<p><img loading=\"lazy\" decoding=\"async\" class=\"size-full wp-image-3233 aligncenter\" src=\"https:\/\/tranthi.vn\/quangnam\/wp-content\/uploads\/2021\/02\/lavabo-10_optimized.jpg\" alt=\"\" width=\"665\" height=\"494\" \/><\/p>\n<p><img loading=\"lazy\" decoding=\"async\" class=\"size-full wp-image-3232 aligncenter\" src=\"https:\/\/tranthi.vn\/quangnam\/wp-content\/uploads\/2021\/02\/lavabo-9_optimized.jpg\" alt=\"\" width=\"665\" height=\"494\" \/><\/p>\n<p><img loading=\"lazy\" decoding=\"async\" class=\"size-full wp-image-3231 aligncenter\" src=\"https:\/\/tranthi.vn\/quangnam\/wp-content\/uploads\/2021\/02\/lavabo-8_optimized.jpg\" alt=\"\" width=\"665\" height=\"494\" \/><\/p>\n<p><img loading=\"lazy\" decoding=\"async\" class=\"size-full wp-image-3230 aligncenter\" src=\"https:\/\/tranthi.vn\/quangnam\/wp-content\/uploads\/2021\/02\/lavabo-7_optimized.jpg\" alt=\"\" width=\"665\" height=\"494\" \/><\/p>\n<p><img loading=\"lazy\" decoding=\"async\" class=\"size-full wp-image-3229 aligncenter\" src=\"https:\/\/tranthi.vn\/quangnam\/wp-content\/uploads\/2021\/02\/lavabo-6_optimized.jpg\" alt=\"\" width=\"665\" height=\"494\" \/><\/p>\n<p><img loading=\"lazy\" decoding=\"async\" class=\"size-full wp-image-3228 aligncenter\" src=\"https:\/\/tranthi.vn\/quangnam\/wp-content\/uploads\/2021\/02\/lavabo-5_optimized.jpg\" alt=\"\" width=\"665\" height=\"494\" \/><\/p>\n<p><img loading=\"lazy\" decoding=\"async\" class=\"size-full wp-image-3226 aligncenter\" src=\"https:\/\/tranthi.vn\/quangnam\/wp-content\/uploads\/2021\/02\/lavabo-3_optimized.jpg\" alt=\"\" width=\"665\" height=\"494\" \/><\/p>\n<p><img loading=\"lazy\" decoding=\"async\" class=\"size-full wp-image-3224 aligncenter\" src=\"https:\/\/tranthi.vn\/quangnam\/wp-content\/uploads\/2021\/02\/lavabo-1_optimized.jpg\" alt=\"\" width=\"665\" height=\"494\" \/><\/p>\n<p><img loading=\"lazy\" decoding=\"async\" class=\"size-full wp-image-3225 aligncenter\" src=\"https:\/\/tranthi.vn\/quangnam\/wp-content\/uploads\/2021\/02\/lavabo-2_optimized.jpg\" alt=\"\" width=\"665\" height=\"494\" \/><\/p>\n<h2><span style=\"font-size: 110%;\"><strong><span style=\"font-family: 'times new roman', times, serif; color: #ff0000;\">3. H\u01b0\u1edbng d\u1eabn l\u1eafp \u0111\u1eb7t lavbo \u0111\u00e1 t\u1ef1 nhi\u00ean \u0111\u1ec3 b\u00e0n<\/span><\/strong><\/span><\/h2>\n<p><span style=\"font-family: 'times new roman', times, serif; font-size: 14pt; color: #000000;\">\u0110\u1ec3 b\u00e0n th\u00ec hi\u1ec3n nhi\u00ean l\u00e0 to\u00e0n b\u1ed9 ph\u1ea7n th\u00e2n c\u1ee7a lavabo \u0111\u1ec3 \u0111\u01b0\u1ee3c \u0111\u1eb7t l\u00ean m\u1eb7t b\u00e0n<\/span><\/p>\n<h3><strong><span style=\"font-family: 'times new roman', times, serif; font-size: 14pt; color: #000000;\">B\u01b0\u1edbc 1: Chu\u1ea9n b\u1ecb gi\u00e1 \u0111\u1ee1 \u0111\u1ec3 lavabo<\/span><\/strong><\/h3>\n<p><span style=\"font-family: 'times new roman', times, serif; font-size: 14pt; color: #000000;\">B\u1ea1n c\u00f3 th\u1ec3 s\u1eed d\u1ee5ng t\u1ee7 nh\u1ef1a t\u1ee7 g\u1ed7 hay x\u00e2y b\u1eb1ng g\u1ea1ch l\u00e0 t\u00f9y \u00fd. Ch\u1ec9 c\u1ea7n \u0111\u1ea3m b\u1ea3o \u0111\u1ee7 ch\u1eafc ch\u1eafn \u0111\u1ec3 c\u00f3 th\u1ec3 ch\u1ecbu \u0111\u01b0\u1ee3c s\u1ee9c n\u1eb7ng c\u1ee7a lavabo<\/span><\/p>\n<h3><strong><span style=\"font-family: 'times new roman', times, serif; font-size: 14pt; color: #000000;\">B\u01b0\u1edbc 2: \u0110o \u0111\u1ea1t v\u00e0 c\u1eaft b\u1ec1 m\u1eb7t \u0111\u00e1<\/span><\/strong><\/h3>\n<p><span style=\"font-family: 'times new roman', times, serif; font-size: 14pt; color: #000000;\">B\u1ea1n c\u00f3 th\u1ec3 s\u1eed d\u1ee5ng b\u00e0n <em><strong>\u0111\u00e1<\/strong> <\/em>hay b\u00e0n g\u1ed7 t\u00f9y \u00fd, \u0111o \u0111\u1ea1t v\u00e0 x\u00e1c \u0111\u1ecbnh v\u1ecb tr\u00ed \u0111\u1eb7t lavabo h\u1ee3p l\u00fd. X\u00e1c \u0111\u1ecbnh v\u1ecb tr\u00ed c\u1ee7a sen v\u00f2i v\u00e0 \u1ed1ng tho\u00e1t n\u01b0\u1edbc c\u1ee7a lavabo. Sau \u0111\u00f3 c\u1eaft \u0111\u00e1 theo v\u1ecb tr\u00ed \u0111\u00e3 x\u00e1c \u0111\u1ecbnh ( l\u01b0u \u00fd ch\u1ec9 c\u1eaft v\u1ecb tr\u00ed v\u00f2i lavabo v\u00e0 \u1ed1ng x\u1ea3 lavabo ch\u1ee9 kh\u00f4ng ph\u1ea3i c\u1eaft h\u1ebft lavabo nh\u00e9)<\/span><\/p>\n<p style=\"text-align: center;\"><iframe loading=\"lazy\" src=\"\/\/www.youtube.com\/embed\/vuDpCTIQfN4\" width=\"560\" height=\"314\" allowfullscreen=\"allowfullscreen\"><\/iframe><\/p>\n<h3><strong><span style=\"font-family: 'times new roman', times, serif; font-size: 14pt; color: #000000;\">B\u01b0\u1edbc 3: L\u1eafp \u0111\u1eb7t<\/span><\/strong><\/h3>\n<p><span style=\"font-family: 'times new roman', times, serif; font-size: 14pt; color: #000000;\">B\u1ea1n l\u1eafp \u1ed1ng n\u01b0\u1edbc c\u1ea5p v\u00e0<em> lavabo<\/em> v\u00e0 n\u01b0\u1edbc x\u1ea3 v\u00e0o lavabo c\u1ed1 \u0111\u1ecbnh ki\u1ec3m tra ch\u1ebf \u0111\u1ed9 n\u01b0\u1edbc v\u00e0 \u0111\u1ed9 ch\u1eafc ch\u1eafn th\u1ebf l\u00e0 xong<\/span><\/p>\n<p><span style=\"font-family: 'times new roman', times, serif; font-size: 14pt; color: #000000;\">Th\u01b0\u1eddng th\u00ec nh\u1eefng m\u1eabu sen v\u00f2i b\u1eb1ng \u0111\u1ed3ng s\u1ebd h\u1ee3p h\u01a1n v\u1edbi nh\u1eefng chi\u1ebfc lavabo <a href=\"https:\/\/tranthi.vn\/quangnam\/lavabo-da-tu-nhien-tai-da-nang\/\">\u0111\u00e1 t\u1ef1 nhi\u00ean<\/a><\/span><\/p>\n<p>&nbsp;<\/p>\n","protected":false},"excerpt":{"rendered":"<p><span style=\"font-family: 'times new roman', times, serif;\"><img decoding=\"async\" class=\"emoji\" draggable=\"false\" src=\"https:\/\/s.w.org\/images\/core\/emoji\/12.0.0-1\/svg\/1f61b.svg\" alt=\"\ud83d\ude1b\" \/><span style=\"font-size: 14pt; color: #000000;\"> Giao h\u00e0ng trong \u0111\u1ecba b\u00e0n <a href=\"https:\/\/vi.wikipedia.org\/wiki\/H%C3%A0_T%C4%A9nh\">H\u00e0 T\u0129nh<\/a><\/span><\/span><\/p>\n<p><span style=\"font-family: 'times new roman', times, serif; font-size: 14pt; color: #000000;\"><img decoding=\"async\" class=\"emoji\" draggable=\"false\" src=\"https:\/\/s.w.org\/images\/core\/emoji\/12.0.0-1\/svg\/1f61b.svg\" alt=\"\ud83d\ude1b\" \/>\u00a0\u0110\u01a1n v\u1ecb t\u00ednh: C\u00e1i<\/span><\/p>\n<p><span style=\"font-family: 'times new roman', times, serif; font-size: 14pt; color: #000000;\"><img decoding=\"async\" class=\"emoji\" draggable=\"false\" src=\"https:\/\/s.w.org\/images\/core\/emoji\/12.0.0-1\/svg\/1f61b.svg\" alt=\"\ud83d\ude1b\" \/> Gi\u00e1: <span style=\"color: #ff0000;\">2.000.000\u0111\/C\u00e1i<\/span><\/span><\/p>\n","protected":false},"featured_media":3214,"comment_status":"open","ping_status":"closed","template":"","meta":[],"product_cat":[184,275,179],"product_tag":[],"class_list":{"0":"post-1159","1":"product","2":"type-product","3":"status-publish","4":"has-post-thumbnail","6":"product_cat-lavabo-gia-re-tai-da-nang","7":"product_cat-lavabo-da-tu-nhien","8":"product_cat-thiet-bi-ve-sinh-da-nang","10":"first","11":"instock","12":"sale","13":"shipping-taxable","14":"purchasable","15":"product-type-simple"},"yoast_head":"<!-- This site is optimized with the Yoast SEO Premium plugin v22.3 (Yoast SEO v22.8) - https:\/\/yoast.com\/wordpress\/plugins\/seo\/ -->\n<title>Lavabo \u0111\u00e1 t\u1ef1 nhi\u00ean gi\u00e1 r\u1ebb t\u1ea1i H\u00e0 T\u0129nh- 0947335871<\/title>\n<meta name=\"description\" content=\"Tr\u1ea7n Th\u1ecb- chuy\u00ean cung c\u1ea5p lavabo \u0111\u00e1 t\u1ef1 nhi\u00ean gi\u00e1 r\u1ebb t\u1ea1i H\u00e0 T\u0129nh, nh\u1eefng m\u1eabu lavabo \u0111\u00e1 \u0111\u1ed9c l\u1ea1 \u0111\u01b0\u1ee3c l\u1ea5y t\u1eeb t\u1ef1 nhi\u00ean 100%, giao h\u00e0ng t\u1eadn n\u01a1i\" \/>\n<meta name=\"robots\" content=\"index, follow, max-snippet:-1, max-image-preview:large, max-video-preview:-1\" \/>\n<link rel=\"canonical\" href=\"https:\/\/tranthi.vn\/hatinh\/lavabo-da-tu-nhien-tai-ha-tinh\/\" \/>\n<meta property=\"og:locale\" content=\"vi_VN\" \/>\n<meta property=\"og:type\" content=\"article\" \/>\n<meta property=\"og:title\" content=\"Lavabo \u0110\u00e1 T\u1ef1 Nhi\u00ean\" \/>\n<meta property=\"og:description\" content=\"Tr\u1ea7n Th\u1ecb- chuy\u00ean cung c\u1ea5p lavabo \u0111\u00e1 t\u1ef1 nhi\u00ean gi\u00e1 r\u1ebb t\u1ea1i H\u00e0 T\u0129nh, nh\u1eefng m\u1eabu lavabo \u0111\u00e1 \u0111\u1ed9c l\u1ea1 \u0111\u01b0\u1ee3c l\u1ea5y t\u1eeb t\u1ef1 nhi\u00ean 100%, giao h\u00e0ng t\u1eadn n\u01a1i\" \/>\n<meta property=\"og:url\" content=\"https:\/\/tranthi.vn\/hatinh\/lavabo-da-tu-nhien-tai-ha-tinh\/\" \/>\n<meta property=\"og:site_name\" content=\"V\u1eadt Li\u1ec7u X\u00e2y D\u1ef1ng Tr\u1ea7n Th\u1ecb Chi Nh\u00e1nh H\u00e0 T\u0129nh\" \/>\n<meta property=\"article:modified_time\" content=\"2024-07-30T08:45:33+00:00\" \/>\n<meta property=\"og:image\" content=\"https:\/\/tranthi.vn\/hatinh\/wp-content\/uploads\/2021\/02\/mau-lavabo-da-tu-nhien-da-nang.jpg\" \/>\n\t<meta property=\"og:image:width\" content=\"300\" \/>\n\t<meta property=\"og:image:height\" content=\"300\" \/>\n\t<meta property=\"og:image:type\" content=\"image\/jpeg\" \/>\n<meta name=\"twitter:card\" content=\"summary_large_image\" \/>\n<meta name=\"twitter:label1\" content=\"Gi\u00e1\" \/>\n\t<meta name=\"twitter:data1\" content=\"1,490,000&nbsp;&#8363;\" \/>\n\t<meta name=\"twitter:label2\" content=\"Kh\u1ea3 d\u1ee5ng\" \/>\n\t<meta name=\"twitter:data2\" content=\"Trong kho\" \/>\n<script type=\"application\/ld+json\" class=\"yoast-schema-graph\">{\"@context\":\"https:\/\/schema.org\",\"@graph\":[{\"@type\":[\"WebPage\",\"ItemPage\"],\"@id\":\"https:\/\/tranthi.vn\/hatinh\/lavabo-da-tu-nhien-tai-ha-tinh\/\",\"url\":\"https:\/\/tranthi.vn\/hatinh\/lavabo-da-tu-nhien-tai-ha-tinh\/\",\"name\":\"Lavabo \u0111\u00e1 t\u1ef1 nhi\u00ean gi\u00e1 r\u1ebb t\u1ea1i H\u00e0 T\u0129nh- 0947335871\",\"isPartOf\":{\"@id\":\"https:\/\/tranthi.vn\/hatinh\/#website\"},\"primaryImageOfPage\":{\"@id\":\"https:\/\/tranthi.vn\/hatinh\/lavabo-da-tu-nhien-tai-ha-tinh\/#primaryimage\"},\"image\":{\"@id\":\"https:\/\/tranthi.vn\/hatinh\/lavabo-da-tu-nhien-tai-ha-tinh\/#primaryimage\"},\"thumbnailUrl\":\"https:\/\/tranthi.vn\/hatinh\/wp-content\/uploads\/2021\/02\/mau-lavabo-da-tu-nhien-da-nang.jpg\",\"datePublished\":\"2021-02-17T01:33:39+00:00\",\"dateModified\":\"2024-07-30T08:45:33+00:00\",\"description\":\"Tr\u1ea7n Th\u1ecb- chuy\u00ean cung c\u1ea5p lavabo \u0111\u00e1 t\u1ef1 nhi\u00ean gi\u00e1 r\u1ebb t\u1ea1i H\u00e0 T\u0129nh, nh\u1eefng m\u1eabu lavabo \u0111\u00e1 \u0111\u1ed9c l\u1ea1 \u0111\u01b0\u1ee3c l\u1ea5y t\u1eeb t\u1ef1 nhi\u00ean 100%, giao h\u00e0ng t\u1eadn n\u01a1i\",\"breadcrumb\":{\"@id\":\"https:\/\/tranthi.vn\/hatinh\/lavabo-da-tu-nhien-tai-ha-tinh\/#breadcrumb\"},\"inLanguage\":\"vi\",\"potentialAction\":[{\"@type\":\"ReadAction\",\"target\":[\"https:\/\/tranthi.vn\/hatinh\/lavabo-da-tu-nhien-tai-ha-tinh\/\"]}]},{\"@type\":\"ImageObject\",\"inLanguage\":\"vi\",\"@id\":\"https:\/\/tranthi.vn\/hatinh\/lavabo-da-tu-nhien-tai-ha-tinh\/#primaryimage\",\"url\":\"https:\/\/tranthi.vn\/hatinh\/wp-content\/uploads\/2021\/02\/mau-lavabo-da-tu-nhien-da-nang.jpg\",\"contentUrl\":\"https:\/\/tranthi.vn\/hatinh\/wp-content\/uploads\/2021\/02\/mau-lavabo-da-tu-nhien-da-nang.jpg\",\"width\":300,\"height\":300,\"caption\":\"m\u1eabu lavabo \u0111\u00e1 t\u1ef1 nhi\u00ean \u0111\u00e0 n\u1eb5ng\"},{\"@type\":\"BreadcrumbList\",\"@id\":\"https:\/\/tranthi.vn\/hatinh\/lavabo-da-tu-nhien-tai-ha-tinh\/#breadcrumb\",\"itemListElement\":[{\"@type\":\"ListItem\",\"position\":1,\"name\":\"Trang ch\u1ee7\",\"item\":\"https:\/\/tranthi.vn\/hatinh\/\"},{\"@type\":\"ListItem\",\"position\":2,\"name\":\"Shop\",\"item\":\"https:\/\/tranthi.vn\/hatinh\/shop\/\"},{\"@type\":\"ListItem\",\"position\":3,\"name\":\"Lavabo \u0110\u00e1 T\u1ef1 Nhi\u00ean\"}]},{\"@type\":\"WebSite\",\"@id\":\"https:\/\/tranthi.vn\/hatinh\/#website\",\"url\":\"https:\/\/tranthi.vn\/hatinh\/\",\"name\":\"V\u1eadt Li\u1ec7u X\u00e2y D\u1ef1ng Tr\u1ea7n Th\u1ecb Chi Nh\u00e1nh H\u00e0 T\u0129nh\",\"description\":\"V\u1eadt Li\u1ec7u X\u00e2y D\u1ef1ng - H\u00e0 T\u0129nh\",\"potentialAction\":[{\"@type\":\"SearchAction\",\"target\":{\"@type\":\"EntryPoint\",\"urlTemplate\":\"https:\/\/tranthi.vn\/hatinh\/?s={search_term_string}\"},\"query-input\":\"required name=search_term_string\"}],\"inLanguage\":\"vi\"},{\"@type\":\"ImageObject\",\"inLanguage\":\"vi\",\"@id\":\"https:\/\/tranthi.vn\/hatinh\/lavabo-da-tu-nhien-tai-ha-tinh\/#local-main-organization-logo\",\"url\":\"\",\"contentUrl\":\"\",\"caption\":\"V\u1eadt Li\u1ec7u X\u00e2y D\u1ef1ng Tr\u1ea7n Th\u1ecb Chi Nh\u00e1nh H\u00e0 T\u0129nh\"}]}<\/script>\n<meta property=\"product:price:amount\" content=\"1490000\" \/>\n<meta property=\"product:price:currency\" content=\"VND\" \/>\n<meta property=\"og:availability\" content=\"instock\" \/>\n<meta property=\"product:availability\" content=\"instock\" \/>\n<meta property=\"product:condition\" content=\"new\" \/>\n<!-- \/ Yoast SEO Premium plugin. -->","yoast_head_json":{"title":"Lavabo \u0111\u00e1 t\u1ef1 nhi\u00ean gi\u00e1 r\u1ebb t\u1ea1i H\u00e0 T\u0129nh- 0947335871","description":"Tr\u1ea7n Th\u1ecb- chuy\u00ean cung c\u1ea5p lavabo \u0111\u00e1 t\u1ef1 nhi\u00ean gi\u00e1 r\u1ebb t\u1ea1i H\u00e0 T\u0129nh, nh\u1eefng m\u1eabu lavabo \u0111\u00e1 \u0111\u1ed9c l\u1ea1 \u0111\u01b0\u1ee3c l\u1ea5y t\u1eeb t\u1ef1 nhi\u00ean 100%, giao h\u00e0ng t\u1eadn n\u01a1i","robots":{"index":"index","follow":"follow","max-snippet":"max-snippet:-1","max-image-preview":"max-image-preview:large","max-video-preview":"max-video-preview:-1"},"canonical":"https:\/\/tranthi.vn\/hatinh\/lavabo-da-tu-nhien-tai-ha-tinh\/","og_locale":"vi_VN","og_type":"article","og_title":"Lavabo \u0110\u00e1 T\u1ef1 Nhi\u00ean","og_description":"Tr\u1ea7n Th\u1ecb- chuy\u00ean cung c\u1ea5p lavabo \u0111\u00e1 t\u1ef1 nhi\u00ean gi\u00e1 r\u1ebb t\u1ea1i H\u00e0 T\u0129nh, nh\u1eefng m\u1eabu lavabo \u0111\u00e1 \u0111\u1ed9c l\u1ea1 \u0111\u01b0\u1ee3c l\u1ea5y t\u1eeb t\u1ef1 nhi\u00ean 100%, giao h\u00e0ng t\u1eadn n\u01a1i","og_url":"https:\/\/tranthi.vn\/hatinh\/lavabo-da-tu-nhien-tai-ha-tinh\/","og_site_name":"V\u1eadt Li\u1ec7u X\u00e2y D\u1ef1ng Tr\u1ea7n Th\u1ecb Chi Nh\u00e1nh H\u00e0 T\u0129nh","article_modified_time":"2024-07-30T08:45:33+00:00","og_image":[{"width":300,"height":300,"url":"https:\/\/tranthi.vn\/hatinh\/wp-content\/uploads\/2021\/02\/mau-lavabo-da-tu-nhien-da-nang.jpg","type":"image\/jpeg"}],"twitter_card":"summary_large_image","twitter_misc":{"Gi\u00e1":"1,490,000&nbsp;&#8363;","Kh\u1ea3 d\u1ee5ng":"Trong kho"},"schema":{"@context":"https:\/\/schema.org","@graph":[{"@type":["WebPage","ItemPage"],"@id":"https:\/\/tranthi.vn\/hatinh\/lavabo-da-tu-nhien-tai-ha-tinh\/","url":"https:\/\/tranthi.vn\/hatinh\/lavabo-da-tu-nhien-tai-ha-tinh\/","name":"Lavabo \u0111\u00e1 t\u1ef1 nhi\u00ean gi\u00e1 r\u1ebb t\u1ea1i H\u00e0 T\u0129nh- 0947335871","isPartOf":{"@id":"https:\/\/tranthi.vn\/hatinh\/#website"},"primaryImageOfPage":{"@id":"https:\/\/tranthi.vn\/hatinh\/lavabo-da-tu-nhien-tai-ha-tinh\/#primaryimage"},"image":{"@id":"https:\/\/tranthi.vn\/hatinh\/lavabo-da-tu-nhien-tai-ha-tinh\/#primaryimage"},"thumbnailUrl":"https:\/\/tranthi.vn\/hatinh\/wp-content\/uploads\/2021\/02\/mau-lavabo-da-tu-nhien-da-nang.jpg","datePublished":"2021-02-17T01:33:39+00:00","dateModified":"2024-07-30T08:45:33+00:00","description":"Tr\u1ea7n Th\u1ecb- chuy\u00ean cung c\u1ea5p lavabo \u0111\u00e1 t\u1ef1 nhi\u00ean gi\u00e1 r\u1ebb t\u1ea1i H\u00e0 T\u0129nh, nh\u1eefng m\u1eabu lavabo \u0111\u00e1 \u0111\u1ed9c l\u1ea1 \u0111\u01b0\u1ee3c l\u1ea5y t\u1eeb t\u1ef1 nhi\u00ean 100%, giao h\u00e0ng t\u1eadn n\u01a1i","breadcrumb":{"@id":"https:\/\/tranthi.vn\/hatinh\/lavabo-da-tu-nhien-tai-ha-tinh\/#breadcrumb"},"inLanguage":"vi","potentialAction":[{"@type":"ReadAction","target":["https:\/\/tranthi.vn\/hatinh\/lavabo-da-tu-nhien-tai-ha-tinh\/"]}]},{"@type":"ImageObject","inLanguage":"vi","@id":"https:\/\/tranthi.vn\/hatinh\/lavabo-da-tu-nhien-tai-ha-tinh\/#primaryimage","url":"https:\/\/tranthi.vn\/hatinh\/wp-content\/uploads\/2021\/02\/mau-lavabo-da-tu-nhien-da-nang.jpg","contentUrl":"https:\/\/tranthi.vn\/hatinh\/wp-content\/uploads\/2021\/02\/mau-lavabo-da-tu-nhien-da-nang.jpg","width":300,"height":300,"caption":"m\u1eabu lavabo \u0111\u00e1 t\u1ef1 nhi\u00ean \u0111\u00e0 n\u1eb5ng"},{"@type":"BreadcrumbList","@id":"https:\/\/tranthi.vn\/hatinh\/lavabo-da-tu-nhien-tai-ha-tinh\/#breadcrumb","itemListElement":[{"@type":"ListItem","position":1,"name":"Trang ch\u1ee7","item":"https:\/\/tranthi.vn\/hatinh\/"},{"@type":"ListItem","position":2,"name":"Shop","item":"https:\/\/tranthi.vn\/hatinh\/shop\/"},{"@type":"ListItem","position":3,"name":"Lavabo \u0110\u00e1 T\u1ef1 Nhi\u00ean"}]},{"@type":"WebSite","@id":"https:\/\/tranthi.vn\/hatinh\/#website","url":"https:\/\/tranthi.vn\/hatinh\/","name":"V\u1eadt Li\u1ec7u X\u00e2y D\u1ef1ng Tr\u1ea7n Th\u1ecb Chi Nh\u00e1nh H\u00e0 T\u0129nh","description":"V\u1eadt Li\u1ec7u X\u00e2y D\u1ef1ng - H\u00e0 T\u0129nh","potentialAction":[{"@type":"SearchAction","target":{"@type":"EntryPoint","urlTemplate":"https:\/\/tranthi.vn\/hatinh\/?s={search_term_string}"},"query-input":"required name=search_term_string"}],"inLanguage":"vi"},{"@type":"ImageObject","inLanguage":"vi","@id":"https:\/\/tranthi.vn\/hatinh\/lavabo-da-tu-nhien-tai-ha-tinh\/#local-main-organization-logo","url":"","contentUrl":"","caption":"V\u1eadt Li\u1ec7u X\u00e2y D\u1ef1ng Tr\u1ea7n Th\u1ecb Chi Nh\u00e1nh H\u00e0 T\u0129nh"}]},"product_price_amount":"1490000","product_price_currency":"VND","og_availability":"instock","product_availability":"instock","product_condition":"new"},"_links":{"self":[{"href":"https:\/\/tranthi.vn\/hatinh\/wp-json\/wp\/v2\/product\/1159","targetHints":{"allow":["GET"]}}],"collection":[{"href":"https:\/\/tranthi.vn\/hatinh\/wp-json\/wp\/v2\/product"}],"about":[{"href":"https:\/\/tranthi.vn\/hatinh\/wp-json\/wp\/v2\/types\/product"}],"replies":[{"embeddable":true,"href":"https:\/\/tranthi.vn\/hatinh\/wp-json\/wp\/v2\/comments?post=1159"}],"wp:featuredmedia":[{"embeddable":true,"href":"https:\/\/tranthi.vn\/hatinh\/wp-json\/wp\/v2\/media\/3214"}],"wp:attachment":[{"href":"https:\/\/tranthi.vn\/hatinh\/wp-json\/wp\/v2\/media?parent=1159"}],"wp:term":[{"taxonomy":"product_cat","embeddable":true,"href":"https:\/\/tranthi.vn\/hatinh\/wp-json\/wp\/v2\/product_cat?post=1159"},{"taxonomy":"product_tag","embeddable":true,"href":"https:\/\/tranthi.vn\/hatinh\/wp-json\/wp\/v2\/product_tag?post=1159"}],"curies":[{"name":"wp","href":"https:\/\/api.w.org\/{rel}","templated":true}]}}