{"id":1119,"date":"2021-02-17T08:32:56","date_gmt":"2021-02-17T08:32:56","guid":{"rendered":"http:\/\/new-tranthi.test\/san-pham\/tdn-gold58-220\/"},"modified":"2024-03-18T10:03:07","modified_gmt":"2024-03-18T03:03:07","slug":"gia-may-nuoc-nong-thai-duong-nang-titan-tai-da-nang","status":"publish","type":"product","link":"https:\/\/tranthi.vn\/hatinh\/gia-may-nuoc-nong-thai-duong-nang-titan-tai-da-nang\/","title":{"rendered":"TDN TITAN \u1ed1ng d\u1ea7u-200"},"content":{"rendered":"<p><span style=\"font-family: 'times new roman', times, serif; font-size: 130%; color: #000000;\">T\u1ea1i <strong><em>\u0110\u00e0 N\u1eb5ng<\/em><\/strong> vi\u1ec7c l\u1eafp \u0111\u1eb7t h\u1ec7 th\u1ed1ng <strong><em>m\u00e1y n\u01b0\u1edbc n\u00f3ng<\/em><\/strong> <strong><em>th\u00e1i d\u01b0\u01a1ng n\u0103ng<\/em> <\/strong>v\u00f4 c\u00f9ng ph\u1ed5 bi\u1ebfn v\u1eeba h\u1ed7 tr\u1ee3 ti\u1ebft ki\u1ec7m \u0111i\u1ec7n n\u0103ng v\u1eeba gi\u00fap b\u1ea3o v\u1ec7 m\u00f4i tr\u01b0\u1eddng, h\u1ec7 th\u1ed1ng th\u00e1i d\u01b0\u01a1ng n\u0103ng \u1ed1ng ch\u00e2n kh\u00f4ng <strong><em>tintan<\/em><\/strong> l\u00e0 thu\u1ed9c d\u00f2ng ch\u1ea5t li\u1ec7u cao c\u1ea5p<strong><em> gi\u00e1<\/em><\/strong> th\u00e0nh cao. V\u1eady nguy\u00ean l\u00fd ho\u1ea1t \u0111\u1ed9ng c\u0169ng nh\u01b0 nh\u1eefng l\u1ee3i \u00edch t\u1eeb h\u1ec7 th\u1ed1ng th\u00e1i d\u01b0\u01a1ng n\u0103ng mang l\u1ea1i h\u00e3y tham kh\u1ea3o b\u00e0i vi\u1ebft d\u01b0\u1edbi \u0111\u00e2y<\/span><\/p>\n<h2><strong><span style=\"font-family: 'times new roman', times, serif; font-size: 100%; color: #ff0000;\">1. \u0110\u01a0N GI\u00c1 C\u1ee6A H\u1ec6 TH\u1ed0NG M\u00c1Y N\u01af\u1edaC N\u00d3NG TH\u00c1I D\u01af\u01a0NG N\u0102NG \u1ed0NG H\u01a0I TITAN<\/span><\/strong><\/h2>\n<p><span style=\"font-family: 'times new roman', times, serif; font-size: 130%; color: #000000;\">T\u1ea1i <strong><em>\u0110\u00e0 N\u1eb5ng m\u00e1y n\u01b0\u1edbc n\u00f3ng th\u00e1i d\u01b0\u01a1ng n\u0103ng<\/em><\/strong> \u1ed1ng h\u01a1i v\u1eabn \u0111\u01b0\u1ee3c \u01b0a chu\u1ed9ng h\u01a1n, nh\u1edd v\u00e0o kh\u1ea3 n\u0103ng h\u1ea5p th\u1ee5 nhi\u1ec7t t\u1ed1t, nhi\u1ec1u gia \u0111\u00ecnh c\u00f3 chi ph\u00ed s\u1ebd d\u00f9ng <em><strong>\u1ed1ng titan<\/strong><\/em> thay cho \u1ed1ng gold. \u1ed0ng titan b\u1ec1n h\u01a1n an to\u00e0n h\u01a1n k\u00e8m v\u1edbi \u0111\u00f3 th\u00ec gi\u00e1 th\u00e0nh c\u0169ng cao h\u01a1n<\/span><\/p>\n<table style=\"border-collapse: collapse; width: 100%; height: 140px;\">\n<tbody>\n<tr style=\"height: 28px;\">\n<td style=\"width: 25%; height: 28px;\"><span style=\"color: #000000; font-size: 130%; font-family: 'times new roman', times, serif;\">M\u00c3 S\u1ea2N PH\u1ea8M<\/span><\/td>\n<td style=\"width: 25%; height: 28px;\"><span style=\"color: #000000; font-size: 130%; font-family: 'times new roman', times, serif;\">\u0110\u01a0N GI\u00c1<\/span><\/td>\n<\/tr>\n<tr style=\"height: 28px;\">\n<td style=\"width: 25%; height: 28px;\"><span style=\"color: #000000; font-size: 130%; font-family: 'times new roman', times, serif;\">TITAN316F58-180<\/span><\/td>\n<td style=\"width: 25%; height: 28px;\"><span style=\"color: #000000; font-size: 130%; font-family: 'times new roman', times, serif;\">9.230.000<\/span><\/td>\n<\/tr>\n<tr style=\"height: 28px;\">\n<td style=\"width: 25%; height: 28px;\"><span style=\"color: #000000; font-size: 130%; font-family: 'times new roman', times, serif;\">TITAN316F58-200<\/span><\/td>\n<td style=\"width: 25%; height: 28px;\"><span style=\"color: #000000; font-size: 130%; font-family: 'times new roman', times, serif;\">10.050.000<\/span><\/td>\n<\/tr>\n<tr style=\"height: 28px;\">\n<td style=\"width: 25%; height: 28px;\"><span style=\"color: #000000; font-size: 130%; font-family: 'times new roman', times, serif;\">TITAN316F58-220<\/span><\/td>\n<td style=\"width: 25%; height: 28px;\"><span style=\"color: #000000; font-size: 130%; font-family: 'times new roman', times, serif;\">10.850000<\/span><\/td>\n<\/tr>\n<tr style=\"height: 28px;\">\n<td style=\"width: 25%; height: 28px;\"><span style=\"color: #000000; font-size: 130%; font-family: 'times new roman', times, serif;\">TITAN316F58-240<\/span><\/td>\n<td style=\"width: 25%; height: 28px;\"><span style=\"color: #000000; font-size: 130%; font-family: 'times new roman', times, serif;\">12.350.000<\/span><\/td>\n<\/tr>\n<\/tbody>\n<\/table>\n<p><span style=\"font-family: 'times new roman', times, serif; font-size: 130%; color: #000000;\">B\u1ea3ng gi\u00e1 s\u1ebd c\u00f3 s\u1ef1 thay \u0111\u1ed5i theo th\u1eddi gian n\u00ean \u0111\u1ec3 c\u00f3 th\u1ec3 nh\u1eadn \u0111\u01b0\u1ee3c b\u00e1o gi\u00e1 ch\u00ednh x\u00e1c nh\u1ea5t qu\u00fd kh\u00e1ch h\u00e0ng vui l\u00f2ng li\u00ean h\u1ec7 qua hotline\/zalo: 0903.595.049 \u0111\u1ec3 \u0111\u01b0\u1ee3c t\u01b0 v\u1ea5n v\u00e0 b\u00e1o gi\u00e1<\/span><\/p>\n<p><span style=\"font-family: 'times new roman', times, serif; font-size: 130%; color: #000000;\">H\u1ec7 th\u1ed1ng th\u00e1i d\u01b0\u01a1ng n\u0103ng ho\u1ea1t \u0111\u1ed9ng d\u1ee5a v\u00e0o qu\u00e1 tr\u00ecnh h\u1ea5p th\u1ee5 nhi\u1ec7t ch\u00ednh v\u00ec v\u1eady v\u00e0o th\u1eddi \u0111i\u1ec3m nhi\u1ec7t th\u1ea5p kh\u00f4ng \u0111\u1ee7 \u0111\u1ec3 l\u00e0m l\u00e0m n\u00f3ng n\u01b0\u1edbc, trong tr\u01b0\u1eddng h\u1ee3p n\u00e0y b\u1ea1n c\u00f3 th\u1ec3 l\u1eafp them m\u1ed9t b\u1ed9 h\u1ed7 tr\u1ee3 \u0111i\u1ec7n<\/span><\/p>\n<p><span style=\"font-family: 'times new roman', times, serif; font-size: 130%; color: #000000;\">chi ph\u00ed: 1.000.000\/b\u1ed9<\/span><\/p>\n<p><span style=\"font-family: 'times new roman', times, serif; font-size: 130%; color: #000000;\">Khi kh\u00f4ng c\u00f3 n\u01b0\u1edbc n\u00f3ng t\u1eeb h\u1ec7 th\u1ed1ng th\u00e1i d\u01b0\u01a1ng n\u0103ng b\u1ea1n b\u1eadt b\u1ed9 h\u1ed7 tr\u1ee3 \u0111i\u1ec7n s\u1ebd l\u00e0m n\u00f3ng n\u01b0\u1edbc sau 30 \u0111\u1ebfn 40 ph\u00fat<\/span><\/p>\n<h2><strong><span style=\"font-family: 'times new roman', times, serif; font-size: 100%; color: #ff0000;\">2. S\u1ef0 KH\u00c1C NHAU GI\u1eeeA \u1ed0NG H\u01a0I GOLD V\u00c0 \u1ed0NG H\u01a0I TITAN<\/span><\/strong><\/h2>\n<h3><strong><span style=\"font-family: 'times new roman', times, serif; font-size: 100%; color: #000000;\">1.\u00a0Th\u00e1i D\u01b0\u01a1ng N\u0103ng Gold: <\/span><\/strong><\/h3>\n<p><span style=\"font-family: 'times new roman', times, serif; font-size: 130%; color: #000000;\">S\u1eed d\u1ee5ng \u1ed1ng thu nhi\u1ec7t ch\u00e2n kh\u00f4ng th\u1ebf h\u1ec7 m\u1edbi tr\u00e1ng 5 l\u1edbp l\u00f5i v\u00e0ng c\u00f3 th\u1ec3 thu nhi\u1ec7t l\u00e0m n\u00f3ng n\u01b0\u1edbc ngay c\u1ea3 khi th\u1eddi ti\u1ebft n\u0103ng y\u1ebfu. V\u1edbi nguy\u00ean li\u1ec7u s\u1ea3n xu\u1ea5t t\u1eeb ch\u00e2n \u0111\u1ebf \u0111\u1ebfn h\u1ec7 th\u1ed1ng \u1ed1c v\u00edt, b\u00ecnh b\u1ea3o \u00f4n ch\u1ee9a n\u01b0\u1edbc n\u00f3ng \u0111\u1ec1u b\u1eb1ng Inox cho \u0111\u1ed9 b\u1ec1n cao. B\u1ea3o h\u00e0nh ch\u00ednh h\u00e3ng 5 n\u0103m. Th\u00e1i D\u01b0\u01a1ng N\u0103ng Gold gi\u00e1 b\u00e1n h\u1ee3p l\u00fd, \u0111\u1ed9 b\u1ec1n cao, h\u00ecnh th\u1ee9c \u0111\u1eb9p. ph\u00f9 h\u1ee3p v\u1edbi \u0111a s\u1ed1 kh\u00e1ch h\u00e0ng. 85% kh\u00e1ch h\u00e0ng l\u1ef1a ch\u1ecdn Th\u00e1i D\u01b0\u01a1ng N\u0103ng Gold.<\/span><\/p>\n<h3><span style=\"font-size: 100%;\"><strong><span style=\"font-family: 'times new roman', times, serif; color: #000000;\">2. Th\u00e1i D\u01b0\u01a1ng N\u0103ng Titan 316:<\/span><\/strong><\/span><\/h3>\n<p><span style=\"font-family: 'times new roman', times, serif; font-size: 130%; color: #000000;\"> \u0110\u01b0\u1ee3c s\u1ea3n xu\u1ea5t b\u1eb1ng inox 316 cao c\u1ea5p c\u00f3 th\u1ec3 ch\u1ed1ng \u0103n m\u00f2n t\u1ed1t h\u01a1n. H\u1ec7 th\u1ed1ng \u1ed1ng thu nhi\u1ec7t c\u00f3 th\u1ec3 l\u1ef1a ch\u1ecdn \u1ed1ng ch\u00e2n kh\u00f4ng 5 l\u1edbp l\u00f5i v\u00e0ng ho\u1eb7c \u1ed1ng D\u1ea7u c\u00f4ng ngh\u1ec7 m\u1edbi kh\u00f4ng\u00a0b\u00e1m c\u1eb7n trong su\u1ed1t th\u1eddi gian s\u1eed d\u1ee5ng. \u1ed0ng d\u1ea7u l\u00e0m n\u00f3ng n\u01b0\u1edbc k\u00e9m h\u01a1n \u1ed1ng ch\u00e2n kh\u00f4ng trong tr\u01b0\u1eddng h\u1ee3p th\u1eddi ti\u1ebft n\u1eafng y\u1ebfu. Th\u00e1i D\u01b0\u01a1ng N\u0103ng Titan 316 B\u1ea3o h\u00e0nh 7 n\u0103m<\/span><\/p>\n<p><img loading=\"lazy\" decoding=\"async\" class=\"alignnone size-full wp-image-4437 aligncenter\" src=\"https:\/\/tranthi.vn\/quangnam\/wp-content\/uploads\/2022\/11\/thai-duong-nang-ong-titan-tai-da-nang_optimized.jpg\" alt=\"\" width=\"500\" height=\"350\" \/><\/p>\n<p style=\"text-align: center;\"><span style=\"font-family: 'times new roman', times, serif; font-size: 130%; color: #50b848;\"><em><strong>C\u00f4ng tr\u00ecnh h\u1ec7 th\u1ed1ng th\u00e1i d\u01b0\u01a1ng n\u0103ng \u1ed1ng titan t\u1ea1i \u0110\u00e0 N\u1eb5ng<\/strong><\/em><\/span><\/p>\n<p><span style=\"font-family: 'times new roman', times, serif; font-size: 130%; color: #000000;\">&#8211; Kh\u00e1ch h\u00e0ng cao c\u1ea5p n\u00ean ch\u1ecdn Th\u00e1i D\u01b0\u01a1ng N\u0103ng Titan \u1ed0ng ch\u00e2n kh\u00f4ng n\u1ebfu ngu\u1ed3n n\u01b0\u1edbc s\u1ea1ch<\/span><\/p>\n<p><span style=\"font-family: 'times new roman', times, serif; font-size: 130%; color: #000000;\">&#8211; N\u00ean ch\u1ecdn Th\u00e1i D\u01b0\u01a1ng N\u0103ng Titan \u1ed0ng d\u1ea7u n\u1ebfu ngu\u1ed3n n\u01b0\u1edbc nhi\u1ec5m t\u1ea1p ch\u1ea5t, nhi\u1ec5m m\u1eb7n, ph\u00e8n, n\u01b0\u1edbc gi\u1ebfng khoan.<\/span><\/p>\n<h2><span style=\"font-size: 100%; color: #ff0000;\"><strong><span style=\"font-family: 'times new roman', times, serif;\">3. NGUY\u00caN L\u00dd HO\u1ea0T \u0110\u1ed8NG C\u1ee6A H\u1ec6 TH\u1ed0NG TH\u00c1I D\u01af\u01a0NG N\u0102NG \u1ed0NG H\u01a0I<\/span><\/strong><\/span><\/h2>\n<p><span style=\"font-family: 'times new roman', times, serif; font-size: 130%; color: #000000;\"><strong>H<\/strong>o\u1ea1t \u0111\u1ed9ng theo nguy\u00ean l\u00fd \u0111\u1ed1i l\u01b0u nhi\u1ec7t t\u1ef1 nhi\u00ean, t\u1eadn d\u1ee5ng kh\u1ea3 n\u0103ng h\u1ea5p th\u1ee5 cao n\u0103ng l\u01b0\u1ee3ng m\u1eb7t tr\u1eddi c\u1ee7a c\u00e1c \u1ed1ng thu nhi\u1ec7t, l\u1edbp ph\u1ee7 c\u00f3 \u0111\u1ed9 trong su\u1ed1t th\u1ea5p chuy\u1ec3n b\u1ee9c x\u1ea1 m\u1eb7t tr\u1eddi th\u00e0nh nhi\u1ec7t n\u0103ng. N\u0103ng l\u01b0\u1ee3ng m\u1eb7t tr\u1eddi \u0111\u01b0\u1ee3c h\u1ea5p th\u1ee5 t\u1ea1i b\u1ec1 m\u1eb7t\u00a0<strong>Th\u00e1i D\u01b0\u01a1ng N\u0103ng S\u01a1n H\u00e0<\/strong> s\u1ebd \u0111un n\u00f3ng n\u01b0\u1edbc, do qu\u00e1 tr\u00ecnh \u0111\u1ed1i l\u01b0u nhi\u1ec7t, Sau khi \u0111\u01b0\u1ee3c l\u00e0m n\u00f3ng, n\u01b0\u1edbc di chuy\u1ec3n tr\u1edf l\u1ea1i b\u00ecnh b\u1ea3o \u00f4n, n\u01b0\u1edbc l\u1ea1nh l\u1ea1i ti\u1ebfp t\u1ee5c lu\u00e2n chuy\u1ec3n xu\u1ed1ng d\u01b0\u1edbi. Qu\u00e1 tr\u00ecnh n\u00e0y s\u1ebd di\u1ec5n ra li\u00ean t\u1ee5c cho \u0111\u1ebfn khi n\u01b0\u1edbc trong b\u00ecnh b\u1ea3o \u00f4n \u0111\u1ea1t \u0111\u01b0\u1ee3c nhi\u1ec7t \u0111\u1ed9 mong mu\u1ed1n m\u00e0 kh\u00f4ng c\u1ea7n ph\u1ea3i s\u1eed d\u1ee5ng \u0111i\u1ec7n n\u0103ng<\/span><\/p>\n<h2><strong><span style=\"font-family: 'times new roman', times, serif; font-size: 100%; color: #ff0000;\">4. \u01afU \u0110I\u1ec2M V\u00c0 NH\u01af\u1ee2C \u0110I\u1ec2M C\u1ee6A H\u1ec6 TH\u1ed0NG TH\u00c1I D\u01af\u01a0NG N\u0102NG \u1ed0NG H\u01a0I<\/span><\/strong><\/h2>\n<h3 id=\"uu-diem\"><strong><span style=\"font-family: 'times new roman', times, serif; font-size: 100%; color: #000000;\">\u01afu \u0111i\u1ec3m<\/span><\/strong><\/h3>\n<ul>\n<li><span style=\"font-family: 'times new roman', times, serif; font-size: 130%; color: #000000;\">S\u1eed d\u1ee5ng ho\u00e0n to\u00e0n n\u0103ng l\u01b0\u1ee3ng m\u1eb7t tr\u1eddi, kh\u00f4ng s\u1eed d\u1ee5ng \u0111i\u1ec7n n\u00ean \u0111\u1ed9 an to\u00e0n cao.<\/span><\/li>\n<li><span style=\"font-family: 'times new roman', times, serif; font-size: 130%; color: #000000;\">S\u1eed d\u1ee5ng v\u1eadt li\u1ec7u d\u1eabn nhi\u1ec7t t\u1ed1t, ph\u1ed5 bi\u1ebfn l\u00e0 inox 304.<\/span><\/li>\n<li><span style=\"font-family: 'times new roman', times, serif; font-size: 130%; color: #000000;\">Qu\u00e1 tr\u00ecnh chuy\u1ec3n h\u00f3a nhi\u1ec7t di\u1ec5n ra li\u00ean t\u1ee5c.<\/span><\/li>\n<li><span style=\"font-family: 'times new roman', times, serif; font-size: 130%; color: #000000;\">C\u00f3 kh\u1ea3 n\u0103ng gi\u1eef nhi\u1ec7t \u0111\u1ebfn 72 gi\u1edd.<\/span><\/li>\n<li><span style=\"font-family: 'times new roman', times, serif; font-size: 130%; color: #000000;\">Gi\u00e1 th\u00e0nh s\u1ea3n ph\u1ea9m r\u1ebb h\u01a1n th\u00e1i d\u01b0\u01a1ng n\u0103ng \u1ed1ng d\u1ea7u.<\/span><\/li>\n<\/ul>\n<h3 id=\"nhuoc-diem\"><strong><span style=\"font-family: 'times new roman', times, serif; font-size: 100%; color: #000000;\">Nh\u01b0\u1ee3c \u0111i\u1ec3m<\/span><\/strong><\/h3>\n<ul>\n<li><span style=\"font-family: 'times new roman', times, serif; font-size: 130%; color: #000000;\">D\u1ec5 b\u1ecb b\u00e1m c\u1eb7n b\u1ea9n b\u00ean trong c\u00e1c \u1ed1ng thu\u1ef7 tinh.\u00a0<\/span><\/li>\n<li><span style=\"font-family: 'times new roman', times, serif; font-size: 130%; color: #000000;\">Th\u1eddi gian l\u00e0m n\u00f3ng n\u01b0\u1edbc \u1edf m\u1ee9c trung b\u00ecnh.<\/span><\/li>\n<\/ul>\n<p>&nbsp;<\/p>\n","protected":false},"excerpt":{"rendered":"<p><span style=\"font-family: 'times new roman', times, serif; font-size: 130%;\"><em><strong><a href=\"https:\/\/tranthi.vn\/quangnam\/?post_type=product&amp;p=3926&amp;preview=true\">M\u00e1y n\u01b0\u1edbc n\u00f3ng th\u00e1i d\u01b0\u01a1ng n\u0103ng 20 \u1ed1ng<\/a>\u00a0<\/strong> <\/em><\/span><\/p>\n<p><span style=\"font-family: 'times new roman', times, serif; font-size: 130%;\">\ud83d\ude1b \u0110\u01a1n v\u1ecb t\u00ednh: C\u00e1i<\/span><\/p>\n<p><span style=\"font-family: 'times new roman', times, serif; font-size: 130%;\">\ud83d\ude1b <span style=\"color: #d83131;\"><span style=\"color: #000000;\">\u0110\u01a1n gi\u00e1: <\/span><strong>9.340.000\u0111\/C\u00e1i\u00a0<\/strong><\/span><\/span><\/p>\n<p><span style=\"font-family: 'times new roman', times, serif; font-size: 130%;\">\ud83d\ude1b B\u1ea3o h\u00e0nh 7 n\u0103m<\/span><\/p>\n<p><span style=\"font-family: 'times new roman', times, serif; font-size: 130%;\">\ud83d\ude1b <span style=\"color: #0000ff;\"><em>Giao h\u00e0ng trong \u0111\u1ecba b\u00e0n\u00a0<a style=\"color: #0000ff;\" href=\"https:\/\/fr.wikipedia.org\/wiki\/Da_Nang\"><strong>\u0110\u00e0 N\u1eb5ng<\/strong><\/a><\/em><\/span><\/span><\/p>\n","protected":false},"featured_media":1116,"comment_status":"open","ping_status":"closed","template":"","meta":[],"product_cat":[86,88],"product_tag":[],"class_list":{"0":"post-1119","1":"product","2":"type-product","3":"status-publish","4":"has-post-thumbnail","6":"product_cat-may-nuoc-nong-thai-duong","7":"product_cat-thai-duong-nang-titan","9":"first","10":"instock","11":"sale","12":"shipping-taxable","13":"purchasable","14":"product-type-simple"},"yoast_head":"<!-- This site is optimized with the Yoast SEO Premium plugin v22.3 (Yoast SEO v22.8) - https:\/\/yoast.com\/wordpress\/plugins\/seo\/ -->\n<title>Gi\u00e1 m\u00e1y n\u01b0\u1edbc n\u00f3ng th\u00e1i d\u01b0\u01a1ng n\u0103ng \u1ed1ng titan t\u1ea1i \u0110\u00e0 N\u1eb5ng- 0903.595.045<\/title>\n<meta name=\"description\" content=\"Tr\u1ea7n Th\u1ecb h\u1ed7 tr\u1ee3 t\u01b0 v\u1ea5n, l\u1eafp \u0111\u1eb7t h\u1ec7 th\u1ed1ng m\u00e1y n\u01b0\u1edbc n\u00f3ng th\u00e1i d\u01b0\u01a1ng n\u0103ng \u1ed1ng titan t\u1ea1i \u0110\u00e0 N\u1eb5ng v\u1edbi gi\u00e1 th\u00e0nh h\u1ee3p l\u00fd\" \/>\n<meta name=\"robots\" content=\"index, follow, max-snippet:-1, max-image-preview:large, max-video-preview:-1\" \/>\n<link rel=\"canonical\" href=\"https:\/\/tranthi.vn\/hatinh\/gia-may-nuoc-nong-thai-duong-nang-titan-tai-da-nang\/\" \/>\n<meta property=\"og:locale\" content=\"vi_VN\" \/>\n<meta property=\"og:type\" content=\"article\" \/>\n<meta property=\"og:title\" content=\"TDN TITAN \u1ed1ng d\u1ea7u-200\" \/>\n<meta property=\"og:description\" content=\"Tr\u1ea7n Th\u1ecb h\u1ed7 tr\u1ee3 t\u01b0 v\u1ea5n, l\u1eafp \u0111\u1eb7t h\u1ec7 th\u1ed1ng m\u00e1y n\u01b0\u1edbc n\u00f3ng th\u00e1i d\u01b0\u01a1ng n\u0103ng \u1ed1ng titan t\u1ea1i \u0110\u00e0 N\u1eb5ng v\u1edbi gi\u00e1 th\u00e0nh h\u1ee3p l\u00fd\" \/>\n<meta property=\"og:url\" content=\"https:\/\/tranthi.vn\/hatinh\/gia-may-nuoc-nong-thai-duong-nang-titan-tai-da-nang\/\" \/>\n<meta property=\"og:site_name\" content=\"V\u1eadt Li\u1ec7u X\u00e2y D\u1ef1ng Tr\u1ea7n Th\u1ecb Chi Nh\u00e1nh H\u00e0 T\u0129nh\" \/>\n<meta property=\"article:modified_time\" content=\"2024-03-18T03:03:07+00:00\" \/>\n<meta property=\"og:image\" content=\"https:\/\/tranthi.vn\/hatinh\/wp-content\/uploads\/2021\/02\/may-nuoc-nong-tai-duong-nang-gol-18-ong_optimized.jpg\" \/>\n\t<meta property=\"og:image:width\" content=\"480\" \/>\n\t<meta property=\"og:image:height\" content=\"480\" \/>\n\t<meta property=\"og:image:type\" content=\"image\/jpeg\" \/>\n<meta name=\"twitter:card\" content=\"summary_large_image\" \/>\n<meta name=\"twitter:label1\" content=\"Gi\u00e1\" \/>\n\t<meta name=\"twitter:data1\" content=\"9,340,000&nbsp;&#8363;\" \/>\n\t<meta name=\"twitter:label2\" content=\"Kh\u1ea3 d\u1ee5ng\" \/>\n\t<meta name=\"twitter:data2\" content=\"Trong kho\" \/>\n<script type=\"application\/ld+json\" class=\"yoast-schema-graph\">{\"@context\":\"https:\/\/schema.org\",\"@graph\":[{\"@type\":[\"WebPage\",\"ItemPage\"],\"@id\":\"https:\/\/tranthi.vn\/hatinh\/gia-may-nuoc-nong-thai-duong-nang-titan-tai-da-nang\/\",\"url\":\"https:\/\/tranthi.vn\/hatinh\/gia-may-nuoc-nong-thai-duong-nang-titan-tai-da-nang\/\",\"name\":\"Gi\u00e1 m\u00e1y n\u01b0\u1edbc n\u00f3ng th\u00e1i d\u01b0\u01a1ng n\u0103ng \u1ed1ng titan t\u1ea1i \u0110\u00e0 N\u1eb5ng- 0903.595.045\",\"isPartOf\":{\"@id\":\"https:\/\/tranthi.vn\/hatinh\/#website\"},\"primaryImageOfPage\":{\"@id\":\"https:\/\/tranthi.vn\/hatinh\/gia-may-nuoc-nong-thai-duong-nang-titan-tai-da-nang\/#primaryimage\"},\"image\":{\"@id\":\"https:\/\/tranthi.vn\/hatinh\/gia-may-nuoc-nong-thai-duong-nang-titan-tai-da-nang\/#primaryimage\"},\"thumbnailUrl\":\"https:\/\/tranthi.vn\/hatinh\/wp-content\/uploads\/2021\/02\/may-nuoc-nong-tai-duong-nang-gol-18-ong_optimized.jpg\",\"datePublished\":\"2021-02-17T08:32:56+00:00\",\"dateModified\":\"2024-03-18T03:03:07+00:00\",\"description\":\"Tr\u1ea7n Th\u1ecb h\u1ed7 tr\u1ee3 t\u01b0 v\u1ea5n, l\u1eafp \u0111\u1eb7t h\u1ec7 th\u1ed1ng m\u00e1y n\u01b0\u1edbc n\u00f3ng th\u00e1i d\u01b0\u01a1ng n\u0103ng \u1ed1ng titan t\u1ea1i \u0110\u00e0 N\u1eb5ng v\u1edbi gi\u00e1 th\u00e0nh h\u1ee3p l\u00fd\",\"breadcrumb\":{\"@id\":\"https:\/\/tranthi.vn\/hatinh\/gia-may-nuoc-nong-thai-duong-nang-titan-tai-da-nang\/#breadcrumb\"},\"inLanguage\":\"vi\",\"potentialAction\":[{\"@type\":\"ReadAction\",\"target\":[\"https:\/\/tranthi.vn\/hatinh\/gia-may-nuoc-nong-thai-duong-nang-titan-tai-da-nang\/\"]}]},{\"@type\":\"ImageObject\",\"inLanguage\":\"vi\",\"@id\":\"https:\/\/tranthi.vn\/hatinh\/gia-may-nuoc-nong-thai-duong-nang-titan-tai-da-nang\/#primaryimage\",\"url\":\"https:\/\/tranthi.vn\/hatinh\/wp-content\/uploads\/2021\/02\/may-nuoc-nong-tai-duong-nang-gol-18-ong_optimized.jpg\",\"contentUrl\":\"https:\/\/tranthi.vn\/hatinh\/wp-content\/uploads\/2021\/02\/may-nuoc-nong-tai-duong-nang-gol-18-ong_optimized.jpg\",\"width\":480,\"height\":480},{\"@type\":\"BreadcrumbList\",\"@id\":\"https:\/\/tranthi.vn\/hatinh\/gia-may-nuoc-nong-thai-duong-nang-titan-tai-da-nang\/#breadcrumb\",\"itemListElement\":[{\"@type\":\"ListItem\",\"position\":1,\"name\":\"Trang ch\u1ee7\",\"item\":\"https:\/\/tranthi.vn\/hatinh\/\"},{\"@type\":\"ListItem\",\"position\":2,\"name\":\"Shop\",\"item\":\"https:\/\/tranthi.vn\/hatinh\/shop\/\"},{\"@type\":\"ListItem\",\"position\":3,\"name\":\"TDN TITAN \u1ed1ng d\u1ea7u-200\"}]},{\"@type\":\"WebSite\",\"@id\":\"https:\/\/tranthi.vn\/hatinh\/#website\",\"url\":\"https:\/\/tranthi.vn\/hatinh\/\",\"name\":\"V\u1eadt Li\u1ec7u X\u00e2y D\u1ef1ng Tr\u1ea7n Th\u1ecb Chi Nh\u00e1nh H\u00e0 T\u0129nh\",\"description\":\"V\u1eadt Li\u1ec7u X\u00e2y D\u1ef1ng - H\u00e0 T\u0129nh\",\"potentialAction\":[{\"@type\":\"SearchAction\",\"target\":{\"@type\":\"EntryPoint\",\"urlTemplate\":\"https:\/\/tranthi.vn\/hatinh\/?s={search_term_string}\"},\"query-input\":\"required name=search_term_string\"}],\"inLanguage\":\"vi\"},{\"@type\":\"ImageObject\",\"inLanguage\":\"vi\",\"@id\":\"https:\/\/tranthi.vn\/hatinh\/gia-may-nuoc-nong-thai-duong-nang-titan-tai-da-nang\/#local-main-organization-logo\",\"url\":\"\",\"contentUrl\":\"\",\"caption\":\"V\u1eadt Li\u1ec7u X\u00e2y D\u1ef1ng Tr\u1ea7n Th\u1ecb Chi Nh\u00e1nh H\u00e0 T\u0129nh\"}]}<\/script>\n<meta property=\"product:price:amount\" content=\"9340000\" \/>\n<meta property=\"product:price:currency\" content=\"VND\" \/>\n<meta property=\"og:availability\" content=\"instock\" \/>\n<meta property=\"product:availability\" content=\"instock\" \/>\n<meta property=\"product:condition\" content=\"new\" \/>\n<!-- \/ Yoast SEO Premium plugin. -->","yoast_head_json":{"title":"Gi\u00e1 m\u00e1y n\u01b0\u1edbc n\u00f3ng th\u00e1i d\u01b0\u01a1ng n\u0103ng \u1ed1ng titan t\u1ea1i \u0110\u00e0 N\u1eb5ng- 0903.595.045","description":"Tr\u1ea7n Th\u1ecb h\u1ed7 tr\u1ee3 t\u01b0 v\u1ea5n, l\u1eafp \u0111\u1eb7t h\u1ec7 th\u1ed1ng m\u00e1y n\u01b0\u1edbc n\u00f3ng th\u00e1i d\u01b0\u01a1ng n\u0103ng \u1ed1ng titan t\u1ea1i \u0110\u00e0 N\u1eb5ng v\u1edbi gi\u00e1 th\u00e0nh h\u1ee3p l\u00fd","robots":{"index":"index","follow":"follow","max-snippet":"max-snippet:-1","max-image-preview":"max-image-preview:large","max-video-preview":"max-video-preview:-1"},"canonical":"https:\/\/tranthi.vn\/hatinh\/gia-may-nuoc-nong-thai-duong-nang-titan-tai-da-nang\/","og_locale":"vi_VN","og_type":"article","og_title":"TDN TITAN \u1ed1ng d\u1ea7u-200","og_description":"Tr\u1ea7n Th\u1ecb h\u1ed7 tr\u1ee3 t\u01b0 v\u1ea5n, l\u1eafp \u0111\u1eb7t h\u1ec7 th\u1ed1ng m\u00e1y n\u01b0\u1edbc n\u00f3ng th\u00e1i d\u01b0\u01a1ng n\u0103ng \u1ed1ng titan t\u1ea1i \u0110\u00e0 N\u1eb5ng v\u1edbi gi\u00e1 th\u00e0nh h\u1ee3p l\u00fd","og_url":"https:\/\/tranthi.vn\/hatinh\/gia-may-nuoc-nong-thai-duong-nang-titan-tai-da-nang\/","og_site_name":"V\u1eadt Li\u1ec7u X\u00e2y D\u1ef1ng Tr\u1ea7n Th\u1ecb Chi Nh\u00e1nh H\u00e0 T\u0129nh","article_modified_time":"2024-03-18T03:03:07+00:00","og_image":[{"width":480,"height":480,"url":"https:\/\/tranthi.vn\/hatinh\/wp-content\/uploads\/2021\/02\/may-nuoc-nong-tai-duong-nang-gol-18-ong_optimized.jpg","type":"image\/jpeg"}],"twitter_card":"summary_large_image","twitter_misc":{"Gi\u00e1":"9,340,000&nbsp;&#8363;","Kh\u1ea3 d\u1ee5ng":"Trong kho"},"schema":{"@context":"https:\/\/schema.org","@graph":[{"@type":["WebPage","ItemPage"],"@id":"https:\/\/tranthi.vn\/hatinh\/gia-may-nuoc-nong-thai-duong-nang-titan-tai-da-nang\/","url":"https:\/\/tranthi.vn\/hatinh\/gia-may-nuoc-nong-thai-duong-nang-titan-tai-da-nang\/","name":"Gi\u00e1 m\u00e1y n\u01b0\u1edbc n\u00f3ng th\u00e1i d\u01b0\u01a1ng n\u0103ng \u1ed1ng titan t\u1ea1i \u0110\u00e0 N\u1eb5ng- 0903.595.045","isPartOf":{"@id":"https:\/\/tranthi.vn\/hatinh\/#website"},"primaryImageOfPage":{"@id":"https:\/\/tranthi.vn\/hatinh\/gia-may-nuoc-nong-thai-duong-nang-titan-tai-da-nang\/#primaryimage"},"image":{"@id":"https:\/\/tranthi.vn\/hatinh\/gia-may-nuoc-nong-thai-duong-nang-titan-tai-da-nang\/#primaryimage"},"thumbnailUrl":"https:\/\/tranthi.vn\/hatinh\/wp-content\/uploads\/2021\/02\/may-nuoc-nong-tai-duong-nang-gol-18-ong_optimized.jpg","datePublished":"2021-02-17T08:32:56+00:00","dateModified":"2024-03-18T03:03:07+00:00","description":"Tr\u1ea7n Th\u1ecb h\u1ed7 tr\u1ee3 t\u01b0 v\u1ea5n, l\u1eafp \u0111\u1eb7t h\u1ec7 th\u1ed1ng m\u00e1y n\u01b0\u1edbc n\u00f3ng th\u00e1i d\u01b0\u01a1ng n\u0103ng \u1ed1ng titan t\u1ea1i \u0110\u00e0 N\u1eb5ng v\u1edbi gi\u00e1 th\u00e0nh h\u1ee3p l\u00fd","breadcrumb":{"@id":"https:\/\/tranthi.vn\/hatinh\/gia-may-nuoc-nong-thai-duong-nang-titan-tai-da-nang\/#breadcrumb"},"inLanguage":"vi","potentialAction":[{"@type":"ReadAction","target":["https:\/\/tranthi.vn\/hatinh\/gia-may-nuoc-nong-thai-duong-nang-titan-tai-da-nang\/"]}]},{"@type":"ImageObject","inLanguage":"vi","@id":"https:\/\/tranthi.vn\/hatinh\/gia-may-nuoc-nong-thai-duong-nang-titan-tai-da-nang\/#primaryimage","url":"https:\/\/tranthi.vn\/hatinh\/wp-content\/uploads\/2021\/02\/may-nuoc-nong-tai-duong-nang-gol-18-ong_optimized.jpg","contentUrl":"https:\/\/tranthi.vn\/hatinh\/wp-content\/uploads\/2021\/02\/may-nuoc-nong-tai-duong-nang-gol-18-ong_optimized.jpg","width":480,"height":480},{"@type":"BreadcrumbList","@id":"https:\/\/tranthi.vn\/hatinh\/gia-may-nuoc-nong-thai-duong-nang-titan-tai-da-nang\/#breadcrumb","itemListElement":[{"@type":"ListItem","position":1,"name":"Trang ch\u1ee7","item":"https:\/\/tranthi.vn\/hatinh\/"},{"@type":"ListItem","position":2,"name":"Shop","item":"https:\/\/tranthi.vn\/hatinh\/shop\/"},{"@type":"ListItem","position":3,"name":"TDN TITAN \u1ed1ng d\u1ea7u-200"}]},{"@type":"WebSite","@id":"https:\/\/tranthi.vn\/hatinh\/#website","url":"https:\/\/tranthi.vn\/hatinh\/","name":"V\u1eadt Li\u1ec7u X\u00e2y D\u1ef1ng Tr\u1ea7n Th\u1ecb Chi Nh\u00e1nh H\u00e0 T\u0129nh","description":"V\u1eadt Li\u1ec7u X\u00e2y D\u1ef1ng - H\u00e0 T\u0129nh","potentialAction":[{"@type":"SearchAction","target":{"@type":"EntryPoint","urlTemplate":"https:\/\/tranthi.vn\/hatinh\/?s={search_term_string}"},"query-input":"required name=search_term_string"}],"inLanguage":"vi"},{"@type":"ImageObject","inLanguage":"vi","@id":"https:\/\/tranthi.vn\/hatinh\/gia-may-nuoc-nong-thai-duong-nang-titan-tai-da-nang\/#local-main-organization-logo","url":"","contentUrl":"","caption":"V\u1eadt Li\u1ec7u X\u00e2y D\u1ef1ng Tr\u1ea7n Th\u1ecb Chi Nh\u00e1nh H\u00e0 T\u0129nh"}]},"product_price_amount":"9340000","product_price_currency":"VND","og_availability":"instock","product_availability":"instock","product_condition":"new"},"_links":{"self":[{"href":"https:\/\/tranthi.vn\/hatinh\/wp-json\/wp\/v2\/product\/1119","targetHints":{"allow":["GET"]}}],"collection":[{"href":"https:\/\/tranthi.vn\/hatinh\/wp-json\/wp\/v2\/product"}],"about":[{"href":"https:\/\/tranthi.vn\/hatinh\/wp-json\/wp\/v2\/types\/product"}],"replies":[{"embeddable":true,"href":"https:\/\/tranthi.vn\/hatinh\/wp-json\/wp\/v2\/comments?post=1119"}],"wp:featuredmedia":[{"embeddable":true,"href":"https:\/\/tranthi.vn\/hatinh\/wp-json\/wp\/v2\/media\/1116"}],"wp:attachment":[{"href":"https:\/\/tranthi.vn\/hatinh\/wp-json\/wp\/v2\/media?parent=1119"}],"wp:term":[{"taxonomy":"product_cat","embeddable":true,"href":"https:\/\/tranthi.vn\/hatinh\/wp-json\/wp\/v2\/product_cat?post=1119"},{"taxonomy":"product_tag","embeddable":true,"href":"https:\/\/tranthi.vn\/hatinh\/wp-json\/wp\/v2\/product_tag?post=1119"}],"curies":[{"name":"wp","href":"https:\/\/api.w.org\/{rel}","templated":true}]}}