{"id":1118,"date":"2021-02-17T08:32:55","date_gmt":"2021-02-17T08:32:55","guid":{"rendered":"http:\/\/new-tranthi.test\/san-pham\/tdn-golkd58-160\/"},"modified":"2024-07-31T11:22:00","modified_gmt":"2024-07-31T04:22:00","slug":"tdn-golkd58-160-ha-tinh","status":"publish","type":"product","link":"https:\/\/tranthi.vn\/hatinh\/tdn-golkd58-160-ha-tinh\/","title":{"rendered":"B\u00ecnh n\u01b0\u1edbc n\u00f3ng TDN-160L"},"content":{"rendered":"","protected":false},"excerpt":{"rendered":"<p><span style=\"font-family: 'times new roman', times, serif; font-size: 130%;\"><em><strong><a href=\"http:\/\/tranthi.vn\/quangnam\/may-nuoc-nong-thai-duong-nang-gold-16-ong-da-nang\">M\u00e1y n\u01b0\u1edbc n\u00f3ng th\u00e1i d\u01b0\u01a1ng n\u0103ng 16 \u1ed1ng<\/a>\u00a0<\/strong><\/em><\/span><\/p>\n<p><span style=\"font-family: 'times new roman', times, serif; font-size: 130%;\">\ud83d\ude1b K\u00edch th\u01b0\u1edbc: 1420x1983x1304<\/span><\/p>\n<p><span style=\"font-family: 'times new roman', times, serif; font-size: 130%;\">\ud83d\ude1b \u0110\u01a1n v\u1ecb t\u00ednh: C\u00e1i<\/span><\/p>\n<p><span style=\"font-family: 'times new roman', times, serif; font-size: 130%;\">\ud83d\ude1b<span style=\"color: #d83131;\"><span style=\"color: #000000;\"><strong> \u0110\u01a1n gi\u00e1<\/strong>:<\/span> <span style=\"color: #ed1c24;\"><strong>5.330.000\u0111\/C\u00e1i <\/strong><\/span><\/span><\/span><\/p>\n<p><span style=\"font-family: 'times new roman', times, serif; font-size: 130%;\">\ud83d\ude1b B\u1ea3o h\u00e0nh 7 n\u0103m<\/span><\/p>\n<p><span style=\"font-family: 'times new roman', times, serif; font-size: 130%;\">\ud83d\ude1b<span style=\"color: #0000ff;\"> <em>Giao h\u00e0ng trong \u0111\u1ecba b\u00e0n <a href=\"https:\/\/vi.wikipedia.org\/wiki\/H%C3%A0_T%C4%A9nh\"><b>H\u00e0 T\u0129nh<\/b><\/a><\/em><\/span><\/span><\/p>\n","protected":false},"featured_media":1116,"comment_status":"open","ping_status":"closed","template":"","meta":[],"product_cat":[86,87],"product_tag":[],"class_list":{"0":"post-1118","1":"product","2":"type-product","3":"status-publish","4":"has-post-thumbnail","6":"product_cat-may-nuoc-nong-thai-duong","7":"product_cat-thai-duong-nang-gold","9":"first","10":"instock","11":"sale","12":"shipping-taxable","13":"purchasable","14":"product-type-simple"},"yoast_head":"<!-- This site is optimized with the Yoast SEO Premium plugin v22.3 (Yoast SEO v22.8) - https:\/\/yoast.com\/wordpress\/plugins\/seo\/ -->\n<title>Gi\u00e1 m\u00e1y n\u01b0\u1edbc n\u00f3ng th\u00e1i d\u01b0\u01a1ng n\u0103ng 16 \u1ed1ng t\u1ea1i H\u00e0 T\u0129nh<\/title>\n<meta name=\"description\" content=\"Tr\u1ea7n Th\u1ecb l\u00e0 \u0111\u1ea1i l\u00fd m\u00e1y n\u01b0\u1edbc n\u00f3ng th\u00e1i d\u01b0\u01a1ng n\u0103ng t\u1ea1i H\u00e0 T\u0129nh. Ph\u1ee5c v\u1ee5 t\u1eadn ch\u00e2n c\u00f4ng tr\u00ecnh v\u1edbi gi\u00e1 r\u1ebb nh\u1ea5t th\u1ecb tr\u01b0\u1eddng H\u00e0 T\u0129nh\" \/>\n<meta name=\"robots\" content=\"index, follow, max-snippet:-1, max-image-preview:large, max-video-preview:-1\" \/>\n<link rel=\"canonical\" href=\"https:\/\/tranthi.vn\/hatinh\/tdn-golkd58-160-ha-tinh\/\" \/>\n<meta property=\"og:locale\" content=\"vi_VN\" \/>\n<meta property=\"og:type\" content=\"article\" \/>\n<meta property=\"og:title\" content=\"B\u00ecnh n\u01b0\u1edbc n\u00f3ng TDN-160L\" \/>\n<meta property=\"og:description\" content=\"Tr\u1ea7n Th\u1ecb l\u00e0 \u0111\u1ea1i l\u00fd m\u00e1y n\u01b0\u1edbc n\u00f3ng th\u00e1i d\u01b0\u01a1ng n\u0103ng t\u1ea1i H\u00e0 T\u0129nh. Ph\u1ee5c v\u1ee5 t\u1eadn ch\u00e2n c\u00f4ng tr\u00ecnh v\u1edbi gi\u00e1 r\u1ebb nh\u1ea5t th\u1ecb tr\u01b0\u1eddng H\u00e0 T\u0129nh\" \/>\n<meta property=\"og:url\" content=\"https:\/\/tranthi.vn\/hatinh\/tdn-golkd58-160-ha-tinh\/\" \/>\n<meta property=\"og:site_name\" content=\"V\u1eadt Li\u1ec7u X\u00e2y D\u1ef1ng Tr\u1ea7n Th\u1ecb Chi Nh\u00e1nh H\u00e0 T\u0129nh\" \/>\n<meta property=\"article:modified_time\" content=\"2024-07-31T04:22:00+00:00\" \/>\n<meta property=\"og:image\" content=\"https:\/\/tranthi.vn\/hatinh\/wp-content\/uploads\/2021\/02\/may-nuoc-nong-tai-duong-nang-gol-18-ong_optimized.jpg\" \/>\n\t<meta property=\"og:image:width\" content=\"480\" \/>\n\t<meta property=\"og:image:height\" content=\"480\" \/>\n\t<meta property=\"og:image:type\" content=\"image\/jpeg\" \/>\n<meta name=\"twitter:card\" content=\"summary_large_image\" \/>\n<meta name=\"twitter:label1\" content=\"Gi\u00e1\" \/>\n\t<meta name=\"twitter:data1\" content=\"5,330,000&nbsp;&#8363;\" \/>\n\t<meta name=\"twitter:label2\" content=\"Kh\u1ea3 d\u1ee5ng\" \/>\n\t<meta name=\"twitter:data2\" content=\"Trong kho\" \/>\n<script type=\"application\/ld+json\" class=\"yoast-schema-graph\">{\"@context\":\"https:\/\/schema.org\",\"@graph\":[{\"@type\":[\"WebPage\",\"ItemPage\"],\"@id\":\"https:\/\/tranthi.vn\/hatinh\/tdn-golkd58-160-ha-tinh\/\",\"url\":\"https:\/\/tranthi.vn\/hatinh\/tdn-golkd58-160-ha-tinh\/\",\"name\":\"Gi\u00e1 m\u00e1y n\u01b0\u1edbc n\u00f3ng th\u00e1i d\u01b0\u01a1ng n\u0103ng 16 \u1ed1ng t\u1ea1i H\u00e0 T\u0129nh\",\"isPartOf\":{\"@id\":\"https:\/\/tranthi.vn\/hatinh\/#website\"},\"primaryImageOfPage\":{\"@id\":\"https:\/\/tranthi.vn\/hatinh\/tdn-golkd58-160-ha-tinh\/#primaryimage\"},\"image\":{\"@id\":\"https:\/\/tranthi.vn\/hatinh\/tdn-golkd58-160-ha-tinh\/#primaryimage\"},\"thumbnailUrl\":\"https:\/\/tranthi.vn\/hatinh\/wp-content\/uploads\/2021\/02\/may-nuoc-nong-tai-duong-nang-gol-18-ong_optimized.jpg\",\"datePublished\":\"2021-02-17T08:32:55+00:00\",\"dateModified\":\"2024-07-31T04:22:00+00:00\",\"description\":\"Tr\u1ea7n Th\u1ecb l\u00e0 \u0111\u1ea1i l\u00fd m\u00e1y n\u01b0\u1edbc n\u00f3ng th\u00e1i d\u01b0\u01a1ng n\u0103ng t\u1ea1i H\u00e0 T\u0129nh. Ph\u1ee5c v\u1ee5 t\u1eadn ch\u00e2n c\u00f4ng tr\u00ecnh v\u1edbi gi\u00e1 r\u1ebb nh\u1ea5t th\u1ecb tr\u01b0\u1eddng H\u00e0 T\u0129nh\",\"breadcrumb\":{\"@id\":\"https:\/\/tranthi.vn\/hatinh\/tdn-golkd58-160-ha-tinh\/#breadcrumb\"},\"inLanguage\":\"vi\",\"potentialAction\":[{\"@type\":\"ReadAction\",\"target\":[\"https:\/\/tranthi.vn\/hatinh\/tdn-golkd58-160-ha-tinh\/\"]}]},{\"@type\":\"ImageObject\",\"inLanguage\":\"vi\",\"@id\":\"https:\/\/tranthi.vn\/hatinh\/tdn-golkd58-160-ha-tinh\/#primaryimage\",\"url\":\"https:\/\/tranthi.vn\/hatinh\/wp-content\/uploads\/2021\/02\/may-nuoc-nong-tai-duong-nang-gol-18-ong_optimized.jpg\",\"contentUrl\":\"https:\/\/tranthi.vn\/hatinh\/wp-content\/uploads\/2021\/02\/may-nuoc-nong-tai-duong-nang-gol-18-ong_optimized.jpg\",\"width\":480,\"height\":480},{\"@type\":\"BreadcrumbList\",\"@id\":\"https:\/\/tranthi.vn\/hatinh\/tdn-golkd58-160-ha-tinh\/#breadcrumb\",\"itemListElement\":[{\"@type\":\"ListItem\",\"position\":1,\"name\":\"Trang ch\u1ee7\",\"item\":\"https:\/\/tranthi.vn\/hatinh\/\"},{\"@type\":\"ListItem\",\"position\":2,\"name\":\"Shop\",\"item\":\"https:\/\/tranthi.vn\/hatinh\/shop\/\"},{\"@type\":\"ListItem\",\"position\":3,\"name\":\"B\u00ecnh n\u01b0\u1edbc n\u00f3ng TDN-160L\"}]},{\"@type\":\"WebSite\",\"@id\":\"https:\/\/tranthi.vn\/hatinh\/#website\",\"url\":\"https:\/\/tranthi.vn\/hatinh\/\",\"name\":\"V\u1eadt Li\u1ec7u X\u00e2y D\u1ef1ng Tr\u1ea7n Th\u1ecb Chi Nh\u00e1nh H\u00e0 T\u0129nh\",\"description\":\"V\u1eadt Li\u1ec7u X\u00e2y D\u1ef1ng - H\u00e0 T\u0129nh\",\"potentialAction\":[{\"@type\":\"SearchAction\",\"target\":{\"@type\":\"EntryPoint\",\"urlTemplate\":\"https:\/\/tranthi.vn\/hatinh\/?s={search_term_string}\"},\"query-input\":\"required name=search_term_string\"}],\"inLanguage\":\"vi\"},{\"@type\":\"ImageObject\",\"inLanguage\":\"vi\",\"@id\":\"https:\/\/tranthi.vn\/hatinh\/tdn-golkd58-160-ha-tinh\/#local-main-organization-logo\",\"url\":\"\",\"contentUrl\":\"\",\"caption\":\"V\u1eadt Li\u1ec7u X\u00e2y D\u1ef1ng Tr\u1ea7n Th\u1ecb Chi Nh\u00e1nh H\u00e0 T\u0129nh\"}]}<\/script>\n<meta property=\"product:price:amount\" content=\"5330000\" \/>\n<meta property=\"product:price:currency\" content=\"VND\" \/>\n<meta property=\"og:availability\" content=\"instock\" \/>\n<meta property=\"product:availability\" content=\"instock\" \/>\n<meta property=\"product:condition\" content=\"new\" \/>\n<!-- \/ Yoast SEO Premium plugin. -->","yoast_head_json":{"title":"Gi\u00e1 m\u00e1y n\u01b0\u1edbc n\u00f3ng th\u00e1i d\u01b0\u01a1ng n\u0103ng 16 \u1ed1ng t\u1ea1i H\u00e0 T\u0129nh","description":"Tr\u1ea7n Th\u1ecb l\u00e0 \u0111\u1ea1i l\u00fd m\u00e1y n\u01b0\u1edbc n\u00f3ng th\u00e1i d\u01b0\u01a1ng n\u0103ng t\u1ea1i H\u00e0 T\u0129nh. Ph\u1ee5c v\u1ee5 t\u1eadn ch\u00e2n c\u00f4ng tr\u00ecnh v\u1edbi gi\u00e1 r\u1ebb nh\u1ea5t th\u1ecb tr\u01b0\u1eddng H\u00e0 T\u0129nh","robots":{"index":"index","follow":"follow","max-snippet":"max-snippet:-1","max-image-preview":"max-image-preview:large","max-video-preview":"max-video-preview:-1"},"canonical":"https:\/\/tranthi.vn\/hatinh\/tdn-golkd58-160-ha-tinh\/","og_locale":"vi_VN","og_type":"article","og_title":"B\u00ecnh n\u01b0\u1edbc n\u00f3ng TDN-160L","og_description":"Tr\u1ea7n Th\u1ecb l\u00e0 \u0111\u1ea1i l\u00fd m\u00e1y n\u01b0\u1edbc n\u00f3ng th\u00e1i d\u01b0\u01a1ng n\u0103ng t\u1ea1i H\u00e0 T\u0129nh. Ph\u1ee5c v\u1ee5 t\u1eadn ch\u00e2n c\u00f4ng tr\u00ecnh v\u1edbi gi\u00e1 r\u1ebb nh\u1ea5t th\u1ecb tr\u01b0\u1eddng H\u00e0 T\u0129nh","og_url":"https:\/\/tranthi.vn\/hatinh\/tdn-golkd58-160-ha-tinh\/","og_site_name":"V\u1eadt Li\u1ec7u X\u00e2y D\u1ef1ng Tr\u1ea7n Th\u1ecb Chi Nh\u00e1nh H\u00e0 T\u0129nh","article_modified_time":"2024-07-31T04:22:00+00:00","og_image":[{"width":480,"height":480,"url":"https:\/\/tranthi.vn\/hatinh\/wp-content\/uploads\/2021\/02\/may-nuoc-nong-tai-duong-nang-gol-18-ong_optimized.jpg","type":"image\/jpeg"}],"twitter_card":"summary_large_image","twitter_misc":{"Gi\u00e1":"5,330,000&nbsp;&#8363;","Kh\u1ea3 d\u1ee5ng":"Trong kho"},"schema":{"@context":"https:\/\/schema.org","@graph":[{"@type":["WebPage","ItemPage"],"@id":"https:\/\/tranthi.vn\/hatinh\/tdn-golkd58-160-ha-tinh\/","url":"https:\/\/tranthi.vn\/hatinh\/tdn-golkd58-160-ha-tinh\/","name":"Gi\u00e1 m\u00e1y n\u01b0\u1edbc n\u00f3ng th\u00e1i d\u01b0\u01a1ng n\u0103ng 16 \u1ed1ng t\u1ea1i H\u00e0 T\u0129nh","isPartOf":{"@id":"https:\/\/tranthi.vn\/hatinh\/#website"},"primaryImageOfPage":{"@id":"https:\/\/tranthi.vn\/hatinh\/tdn-golkd58-160-ha-tinh\/#primaryimage"},"image":{"@id":"https:\/\/tranthi.vn\/hatinh\/tdn-golkd58-160-ha-tinh\/#primaryimage"},"thumbnailUrl":"https:\/\/tranthi.vn\/hatinh\/wp-content\/uploads\/2021\/02\/may-nuoc-nong-tai-duong-nang-gol-18-ong_optimized.jpg","datePublished":"2021-02-17T08:32:55+00:00","dateModified":"2024-07-31T04:22:00+00:00","description":"Tr\u1ea7n Th\u1ecb l\u00e0 \u0111\u1ea1i l\u00fd m\u00e1y n\u01b0\u1edbc n\u00f3ng th\u00e1i d\u01b0\u01a1ng n\u0103ng t\u1ea1i H\u00e0 T\u0129nh. Ph\u1ee5c v\u1ee5 t\u1eadn ch\u00e2n c\u00f4ng tr\u00ecnh v\u1edbi gi\u00e1 r\u1ebb nh\u1ea5t th\u1ecb tr\u01b0\u1eddng H\u00e0 T\u0129nh","breadcrumb":{"@id":"https:\/\/tranthi.vn\/hatinh\/tdn-golkd58-160-ha-tinh\/#breadcrumb"},"inLanguage":"vi","potentialAction":[{"@type":"ReadAction","target":["https:\/\/tranthi.vn\/hatinh\/tdn-golkd58-160-ha-tinh\/"]}]},{"@type":"ImageObject","inLanguage":"vi","@id":"https:\/\/tranthi.vn\/hatinh\/tdn-golkd58-160-ha-tinh\/#primaryimage","url":"https:\/\/tranthi.vn\/hatinh\/wp-content\/uploads\/2021\/02\/may-nuoc-nong-tai-duong-nang-gol-18-ong_optimized.jpg","contentUrl":"https:\/\/tranthi.vn\/hatinh\/wp-content\/uploads\/2021\/02\/may-nuoc-nong-tai-duong-nang-gol-18-ong_optimized.jpg","width":480,"height":480},{"@type":"BreadcrumbList","@id":"https:\/\/tranthi.vn\/hatinh\/tdn-golkd58-160-ha-tinh\/#breadcrumb","itemListElement":[{"@type":"ListItem","position":1,"name":"Trang ch\u1ee7","item":"https:\/\/tranthi.vn\/hatinh\/"},{"@type":"ListItem","position":2,"name":"Shop","item":"https:\/\/tranthi.vn\/hatinh\/shop\/"},{"@type":"ListItem","position":3,"name":"B\u00ecnh n\u01b0\u1edbc n\u00f3ng TDN-160L"}]},{"@type":"WebSite","@id":"https:\/\/tranthi.vn\/hatinh\/#website","url":"https:\/\/tranthi.vn\/hatinh\/","name":"V\u1eadt Li\u1ec7u X\u00e2y D\u1ef1ng Tr\u1ea7n Th\u1ecb Chi Nh\u00e1nh H\u00e0 T\u0129nh","description":"V\u1eadt Li\u1ec7u X\u00e2y D\u1ef1ng - H\u00e0 T\u0129nh","potentialAction":[{"@type":"SearchAction","target":{"@type":"EntryPoint","urlTemplate":"https:\/\/tranthi.vn\/hatinh\/?s={search_term_string}"},"query-input":"required name=search_term_string"}],"inLanguage":"vi"},{"@type":"ImageObject","inLanguage":"vi","@id":"https:\/\/tranthi.vn\/hatinh\/tdn-golkd58-160-ha-tinh\/#local-main-organization-logo","url":"","contentUrl":"","caption":"V\u1eadt Li\u1ec7u X\u00e2y D\u1ef1ng Tr\u1ea7n Th\u1ecb Chi Nh\u00e1nh H\u00e0 T\u0129nh"}]},"product_price_amount":"5330000","product_price_currency":"VND","og_availability":"instock","product_availability":"instock","product_condition":"new"},"_links":{"self":[{"href":"https:\/\/tranthi.vn\/hatinh\/wp-json\/wp\/v2\/product\/1118","targetHints":{"allow":["GET"]}}],"collection":[{"href":"https:\/\/tranthi.vn\/hatinh\/wp-json\/wp\/v2\/product"}],"about":[{"href":"https:\/\/tranthi.vn\/hatinh\/wp-json\/wp\/v2\/types\/product"}],"replies":[{"embeddable":true,"href":"https:\/\/tranthi.vn\/hatinh\/wp-json\/wp\/v2\/comments?post=1118"}],"wp:featuredmedia":[{"embeddable":true,"href":"https:\/\/tranthi.vn\/hatinh\/wp-json\/wp\/v2\/media\/1116"}],"wp:attachment":[{"href":"https:\/\/tranthi.vn\/hatinh\/wp-json\/wp\/v2\/media?parent=1118"}],"wp:term":[{"taxonomy":"product_cat","embeddable":true,"href":"https:\/\/tranthi.vn\/hatinh\/wp-json\/wp\/v2\/product_cat?post=1118"},{"taxonomy":"product_tag","embeddable":true,"href":"https:\/\/tranthi.vn\/hatinh\/wp-json\/wp\/v2\/product_tag?post=1118"}],"curies":[{"name":"wp","href":"https:\/\/api.w.org\/{rel}","templated":true}]}}