{"id":1899,"date":"2021-02-21T09:38:53","date_gmt":"2021-02-21T09:38:53","guid":{"rendered":"http:\/\/new-tranthi.test\/?page_id=1899"},"modified":"2021-02-21T10:04:48","modified_gmt":"2021-02-21T10:04:48","slug":"gioi-thieu","status":"publish","type":"page","link":"https:\/\/tranthi.vn\/hatinh\/gioi-thieu\/","title":{"rendered":"Gi\u1edbi Thi\u1ec7u"},"content":{"rendered":"\r\n  <div class=\"banner has-hover has-parallax\" id=\"banner-1599611244\">\r\n          <div class=\"banner-inner fill\">\r\n        <div class=\"banner-bg fill\" data-parallax=\"-3\" data-parallax-container=\".banner\" data-parallax-background>\r\n            <div class=\"bg fill bg-fill \"><\/div>\r\n                        <div class=\"overlay\"><\/div>            \r\n                    <\/div>\r\n\t\t\r\n        <div class=\"banner-layers container\">\r\n            <div class=\"fill banner-link\"><\/div>            \n   <div id=\"text-box-1924182704\" class=\"text-box banner-layer x50 md-x50 lg-x50 y90 md-y90 lg-y90 res-text\">\r\n                                <div class=\"text-box-content text dark\">\r\n              \r\n              <div class=\"text-inner text-center\">\r\n                  \n<h1 class=\"lead\">TR\u1ea6N TH\u1eca<\/h1>\n<p class=\"lead\"><b>Sau h\u01a1n 5 n\u0103m ho\u1ea1t \u0111\u1ed9ng trong l\u0129nh v\u1ef1c cung c\u1ea5p V\u1eadt Li\u1ec7u X\u00e2y D\u1ef1ng. Tr\u1ea7n Th\u1ecb lu\u00f4n th\u1ef1c hi\u1ec7n theo ph\u01b0\u01a1ng ch\u00e2m\u00a0 \u201c Lu\u00f4n Lu\u00f4n V\u00ec Kh\u00e1ch H\u00e0ng \u201d<\/b><\/p>\n              <\/div>\r\n           <\/div>\r\n                            \n<style>\n#text-box-1924182704 {\n  width: 60%;\n}\n#text-box-1924182704 .text-box-content {\n  font-size: 100%;\n}\n<\/style>\n    <\/div>\r\n \n        <\/div>\r\n      <\/div>\r\n\r\n            \n<style>\n#banner-1599611244 {\n  padding-top: 507px;\n}\n#banner-1599611244 .bg.bg-loaded {\n  background-image: url(https:\/\/tranthi.vn\/hatinh\/wp-content\/uploads\/2021\/02\/banner_about-tran-thi.jpg);\n}\n#banner-1599611244 .overlay {\n  background-color: rgba(0, 0, 0, 0.49);\n}\n<\/style>\n  <\/div>\r\n\r\n\n<div class=\"row\"  id=\"row-1748065424\">\n\r\n\t<div id=\"col-936979598\" class=\"col small-12 large-12\"  >\r\n\t\t\t\t<div class=\"col-inner\"  >\r\n\t\t\t\r\n\t\t\t\n<p class=\"thin-font\">V\u00ec v\u1eady khi kh\u00e1ch h\u00e0ng tho\u1ea3 m\u00e3n nh\u1eefng d\u1ecbch v\u1ee5 c\u1ee7a ch\u00fang t\u00f4i th\u00ec \u0111\u00f3 c\u0169ng l\u00e0 \u0111i\u1ec1u h\u1ea1nh ph\u00fac v\u00e0 t\u1ef1 h\u00e0o m\u00e0 <strong>Tr\u1ea7n Th\u1ecb<\/strong> ch\u00fang t\u00f4i lu\u00f4n c\u1ed1 g\u1eafng ng\u00e0y c\u00e0ng ho\u00e0n thi\u1ec7n<\/p>\n<p>Trong su\u1ed1t th\u1eddi gian qua, <strong>Tr\u1ea7n Th\u1ecb<\/strong> \u0111\u00e3 \u0111\u01b0\u1ee3c c\u00e1c kh\u00e1ch h\u00e0ng c\u00f4ng tr\u00ecnh, kh\u00e1ch h\u00e0ng d\u1ef1 \u00e1n, \u0111\u1ea1i l\u00fd \u0111\u00e3 tin c\u1eady h\u1ee3p t\u00e1c trong l\u0129nh v\u1ef1c ng\u00e0nh <strong>V\u1eadt Li\u1ec7u X\u00e2y D\u1ef1ng<\/strong> v\u00e0 c\u0169ng \u0111\u01b0\u1ee3c kh\u00e1ch h\u00e0ng th\u1eeba nh\u1eadn l\u00e0 doanh nghi\u1ec7p c\u1ea7n thi\u1ebft v\u00e0 h\u1eefu \u00edch.<\/p>\n<p>L\u00e0 \u0111\u01a1n v\u1ecb c\u00f3 \u0111\u1ed9i ng\u0169 nh\u00e2n vi\u00ean chuy\u00ean nghi\u1ec7p t\u1eeb h\u1ec7 th\u1ed1ng ph\u00f2ng kinh doanh, ph\u00f2ng b\u00e1n h\u00e0ng d\u1ef1 \u00e1n v\u00e0 c\u00e1c ph\u00f2ng ban li\u00ean quan kh\u00e1c, t\u1ea5t c\u1ea3 con ng\u01b0\u1eddi l\u00e0m vi\u1ec7c lu\u00f4n nhi\u1ec7t t\u00ecnh v\u00e0 n\u0103ng \u0111\u1ed9ng, \u0111\u1ec3 kh\u00f4ng ph\u1ee5 l\u00f2ng tin c\u1eady c\u1ee7a kh\u00e1ch h\u00e0ng \u0111\u00e3 v\u00e0 \u0111ang \u0111\u1ed3ng h\u00e0nh c\u00f9ng <strong>Tr\u1ea7n Th\u1ecb<\/strong>. Ch\u00fang t\u00f4i lu\u00f4n n\u1ed7 l\u1ef1c ph\u1ea5n \u0111\u1ea5u v\u00e0 lu\u00f4n \u0111\u1ed5i m\u1edbi \u0111\u1ec3 x\u00e2y d\u1ef1ng th\u01b0\u01a1ng hi\u1ec7u <strong>VLXD Tr\u1ea7n Th\u1ecb<\/strong> ho\u00e0n h\u1ea3o, d\u1ecbch v\u1ee5 k\u1ecbp th\u1eddi, uy t\u00edn, th\u01b0\u01a1ng hi\u1ec7u lan t\u1ecfa kh\u1eafp c\u00e1c t\u1ec9nh th\u00e0nh t\u1ea1i khu v\u1ef1c Mi\u1ec1n Trung &amp; T\u00e2y Nguy\u00ean.<\/p>\n<p>Ch\u00fang t\u00f4i cam k\u1ebft lu\u00f4n cung c\u1ea5p cho kh\u00e1ch h\u00e0ng c\u00e1c s\u1ea3n ph\u1ea9m v\u00e0 d\u1ecbch v\u1ee5 t\u1ed1t nh\u1ea5t, \u0111em \u0111\u1ebfn cho kh\u00e1ch h\u00e0ng s\u1ef1 tho\u1ea3i m\u00e1i, ti\u1ec7n nghi trong cu\u1ed9c s\u1ed1ng.<\/p>\n<p><img loading=\"lazy\" decoding=\"async\" class=\"aligncenter wp-image-1874\" src=\"http:\/\/tranthi.vn\/quangnam\/wp-content\/uploads\/2021\/02\/ad-6-tran-thi.jpg\" alt=\"\" width=\"700\" height=\"616\" srcset=\"https:\/\/tranthi.vn\/hatinh\/wp-content\/uploads\/2021\/02\/ad-6-tran-thi.jpg 1000w, https:\/\/tranthi.vn\/hatinh\/wp-content\/uploads\/2021\/02\/ad-6-tran-thi-768x676.jpg 768w, https:\/\/tranthi.vn\/hatinh\/wp-content\/uploads\/2021\/02\/ad-6-tran-thi-800x704.jpg 800w\" sizes=\"auto, (max-width: 700px) 100vw, 700px\" \/><\/p>\n<p><em><strong>M\u1ecdi th\u00f4ng tin \u0111\u1eb7t h\u00e0ng, xin Qu\u00fd kh\u00e1ch vui l\u00f2ng li\u00ean h\u1ec7:<\/strong><\/em><\/p>\n<ul>\n<li><b>\u0110\u1ecba ch\u1ec9: <\/b>S\u1ed1 204 L\u00ea V\u0103n Hi\u1ebfn &#8211; Q. Ng\u0169 H\u00e0nh S\u01a1n &#8211; TP. \u0110\u00e0 N\u1eb5ng<\/li>\n<li><b>Hotline :<\/b> 0903.595.049 &#8211; 0903.595.049<\/li>\n<li><b>Email : <\/b>baogiatranthi@gmail.com<\/li>\n<li><b>Website :\u00a0<\/b><a href=\"http:\/\/www.tranthi.vn\/quangnam\/\">www.tranthi.vn<\/a><\/li>\n<\/ul>\n<div class=\"container section-title-container\" ><h3 class=\"section-title section-title-bold-center\"><b><\/b><span class=\"section-title-main\" >C\u00f4ng Tr\u00ecnh Ti\u00eau Bi\u1ec3u \u0110\u00e3 Th\u1ef1c Hi\u1ec7n<\/span><b><\/b><\/h3><\/div>\n\r\n  \r\n    <div class=\"row large-columns-3 medium-columns-1 small-columns-1 has-shadow row-box-shadow-3 row-box-shadow-4-hover\" >\r\n  <div class=\"col post-item\" >\r\n\t\t\t<div class=\"col-inner\">\r\n\t\t\t\t<div class=\"box box-normal box-text-bottom box-blog-post has-hover\">\r\n            \t\t\t\t\t<div class=\"box-image\" >\r\n  \t\t\t\t\t\t<div class=\"image-cover\" style=\"padding-top:56.25%;\">\r\n\t\t\t\t\t\t\t<a href=\"https:\/\/tranthi.vn\/hatinh\/7362-2\/\" class=\"plain\" aria-label=\"TH\u00d4NG TIN CHI TI\u1ebeT V\u1ec0 TR\u1ea6N TH\u1eca\">\r\n\t\t\t\t\t\t\t\t<img loading=\"lazy\" decoding=\"async\" width=\"1276\" height=\"956\" src=\"https:\/\/tranthi.vn\/hatinh\/wp-content\/uploads\/2024\/06\/tran-thi.jpg\" class=\"attachment-medium size-medium wp-post-image\" alt=\"\" srcset=\"https:\/\/tranthi.vn\/hatinh\/wp-content\/uploads\/2024\/06\/tran-thi.jpg 1276w, https:\/\/tranthi.vn\/hatinh\/wp-content\/uploads\/2024\/06\/tran-thi-768x575.jpg 768w, https:\/\/tranthi.vn\/hatinh\/wp-content\/uploads\/2024\/06\/tran-thi-800x599.jpg 800w\" sizes=\"auto, (max-width: 1276px) 100vw, 1276px\" \/>\t\t\t\t\t\t\t<\/a>\r\n  \t\t\t\t\t\t\t  \t\t\t\t\t\t\t  \t\t\t\t\t\t<\/div>\r\n  \t\t\t\t\t\t  \t\t\t\t\t<\/div>\r\n          \t\t\t\t\t<div class=\"box-text text-center\" >\r\n\t\t\t\t\t<div class=\"box-text-inner blog-post-inner\">\r\n\r\n\t\t\t\t\t\r\n\t\t\t\t\t\t\t\t\t\t<h5 class=\"post-title is-large \">\r\n\t\t\t\t\t\t<a href=\"https:\/\/tranthi.vn\/hatinh\/7362-2\/\" class=\"plain\">TH\u00d4NG TIN CHI TI\u1ebeT V\u1ec0 TR\u1ea6N TH\u1eca<\/a>\r\n\t\t\t\t\t<\/h5>\r\n\t\t\t\t\t\t\t\t\t\t<div class=\"is-divider\"><\/div>\r\n\t\t\t\t\t\t\t\t\t\t<p class=\"from_the_blog_excerpt \">\r\n\t\t\t\t\t\tTr\u1ea7n Th\u1ecb l\u00e0 c\u00f4ng ty chuy\u00ean v\u1ec1 Web v\u00e0 App: G\u1ecdi th\u1ee3 s\u1eefa ch\u1eefa v\u1eb7t, [...]\t\t\t\t\t<\/p>\r\n\t\t\t\t\t                    \r\n\t\t\t\t\t\r\n\t\t\t\t\t\r\n\t\t\t\t\t<\/div>\r\n\t\t\t\t\t<\/div>\r\n\t\t\t\t\t\t\t\t\t<\/div>\r\n\t\t\t<\/div>\r\n\t\t<\/div><div class=\"col post-item\" >\r\n\t\t\t<div class=\"col-inner\">\r\n\t\t\t\t<div class=\"box box-normal box-text-bottom box-blog-post has-hover\">\r\n            \t\t\t\t\t<div class=\"box-image\" >\r\n  \t\t\t\t\t\t<div class=\"image-cover\" style=\"padding-top:56.25%;\">\r\n\t\t\t\t\t\t\t<a href=\"https:\/\/tranthi.vn\/hatinh\/may-nuoc-nong-thai-duong-nang\/\" class=\"plain\" aria-label=\"M\u00e1y N\u01b0\u1edbc N\u00f3ng Th\u00e1i D\u01b0\u01a1ng N\u0103ng &#8211;\">\r\n\t\t\t\t\t\t\t\t<img loading=\"lazy\" decoding=\"async\" width=\"500\" height=\"350\" src=\"https:\/\/tranthi.vn\/hatinh\/wp-content\/uploads\/2022\/11\/thai-duong-nang-ong-titan-tai-da-nang_optimized.jpg\" class=\"attachment-medium size-medium wp-post-image\" alt=\"\" \/>\t\t\t\t\t\t\t<\/a>\r\n  \t\t\t\t\t\t\t  \t\t\t\t\t\t\t  \t\t\t\t\t\t<\/div>\r\n  \t\t\t\t\t\t  \t\t\t\t\t<\/div>\r\n          \t\t\t\t\t<div class=\"box-text text-center\" >\r\n\t\t\t\t\t<div class=\"box-text-inner blog-post-inner\">\r\n\r\n\t\t\t\t\t\r\n\t\t\t\t\t\t\t\t\t\t<h5 class=\"post-title is-large \">\r\n\t\t\t\t\t\t<a href=\"https:\/\/tranthi.vn\/hatinh\/may-nuoc-nong-thai-duong-nang\/\" class=\"plain\">M\u00e1y N\u01b0\u1edbc N\u00f3ng Th\u00e1i D\u01b0\u01a1ng N\u0103ng &#8211;<\/a>\r\n\t\t\t\t\t<\/h5>\r\n\t\t\t\t\t\t\t\t\t\t<div class=\"is-divider\"><\/div>\r\n\t\t\t\t\t\t\t\t\t\t<p class=\"from_the_blog_excerpt \">\r\n\t\t\t\t\t\tC\u00d4NG TR\u00ccNH L\u1eaeP \u0110\u1eb6T M\u00c1Y N\u01af\u1edaC N\u00d3NG TH\u00c1I D\u01af\u01a0NG N\u0102NG S\u01a0N H\u00c0 20 L\u00cdT BI\u1ec6T [...]\t\t\t\t\t<\/p>\r\n\t\t\t\t\t                    \r\n\t\t\t\t\t\r\n\t\t\t\t\t\r\n\t\t\t\t\t<\/div>\r\n\t\t\t\t\t<\/div>\r\n\t\t\t\t\t\t\t\t\t<\/div>\r\n\t\t\t<\/div>\r\n\t\t<\/div><div class=\"col post-item\" >\r\n\t\t\t<div class=\"col-inner\">\r\n\t\t\t\t<div class=\"box box-normal box-text-bottom box-blog-post has-hover\">\r\n            \t\t\t\t\t<div class=\"box-image\" >\r\n  \t\t\t\t\t\t<div class=\"image-cover\" style=\"padding-top:56.25%;\">\r\n\t\t\t\t\t\t\t<a href=\"https:\/\/tranthi.vn\/hatinh\/chu-dan-tu-bep-nhua-vach-tu-dung\/\" class=\"plain\" aria-label=\"Ch\u00fa D\u1eabn &#8211; T\u1ee7 B\u1ebfp Nh\u1ef1a, V\u00e1ch, T\u1ee7 \u0110\u1ee9ng\">\r\n\t\t\t\t\t\t\t\t<img loading=\"lazy\" decoding=\"async\" width=\"500\" height=\"500\" src=\"https:\/\/tranthi.vn\/hatinh\/wp-content\/uploads\/2022\/03\/chu-dan2_optimized.jpg\" class=\"attachment-medium size-medium wp-post-image\" alt=\"\" srcset=\"https:\/\/tranthi.vn\/hatinh\/wp-content\/uploads\/2022\/03\/chu-dan2_optimized.jpg 500w, https:\/\/tranthi.vn\/hatinh\/wp-content\/uploads\/2022\/03\/chu-dan2_optimized-400x400.jpg 400w, https:\/\/tranthi.vn\/hatinh\/wp-content\/uploads\/2022\/03\/chu-dan2_optimized-100x100.jpg 100w\" sizes=\"auto, (max-width: 500px) 100vw, 500px\" \/>\t\t\t\t\t\t\t<\/a>\r\n  \t\t\t\t\t\t\t  \t\t\t\t\t\t\t  \t\t\t\t\t\t<\/div>\r\n  \t\t\t\t\t\t  \t\t\t\t\t<\/div>\r\n          \t\t\t\t\t<div class=\"box-text text-center\" >\r\n\t\t\t\t\t<div class=\"box-text-inner blog-post-inner\">\r\n\r\n\t\t\t\t\t\r\n\t\t\t\t\t\t\t\t\t\t<h5 class=\"post-title is-large \">\r\n\t\t\t\t\t\t<a href=\"https:\/\/tranthi.vn\/hatinh\/chu-dan-tu-bep-nhua-vach-tu-dung\/\" class=\"plain\">Ch\u00fa D\u1eabn &#8211; T\u1ee7 B\u1ebfp Nh\u1ef1a, V\u00e1ch, T\u1ee7 \u0110\u1ee9ng<\/a>\r\n\t\t\t\t\t<\/h5>\r\n\t\t\t\t\t\t\t\t\t\t<div class=\"is-divider\"><\/div>\r\n\t\t\t\t\t\t\t\t\t\t<p class=\"from_the_blog_excerpt \">\r\n\t\t\t\t\t\tNg\u00e0y 27\/11 l\u1eafp \u0111\u1eb7t t\u1ee7 b\u1ebfp tr\u00ean, t\u1ee7 b\u1ebfp d\u01b0\u1edbi, t\u1ee7 \u0111\u1ee9ng v\u00e0 v\u00e1ch c\u1ea7u [...]\t\t\t\t\t<\/p>\r\n\t\t\t\t\t                    \r\n\t\t\t\t\t\r\n\t\t\t\t\t\r\n\t\t\t\t\t<\/div>\r\n\t\t\t\t\t<\/div>\r\n\t\t\t\t\t\t\t\t\t<\/div>\r\n\t\t\t<\/div>\r\n\t\t<\/div><div class=\"col post-item\" >\r\n\t\t\t<div class=\"col-inner\">\r\n\t\t\t\t<div class=\"box box-normal box-text-bottom box-blog-post has-hover\">\r\n            \t\t\t\t\t<div class=\"box-image\" >\r\n  \t\t\t\t\t\t<div class=\"image-cover\" style=\"padding-top:56.25%;\">\r\n\t\t\t\t\t\t\t<a href=\"https:\/\/tranthi.vn\/hatinh\/anh-hoang-10-bo-cua-nhua\/\" class=\"plain\" aria-label=\"Anh Ho\u00e0ng &#8211; 10 B\u1ed9 c\u1eeda Nh\u1ef1a\">\r\n\t\t\t\t\t\t\t\t<img loading=\"lazy\" decoding=\"async\" width=\"410\" height=\"500\" src=\"https:\/\/tranthi.vn\/hatinh\/wp-content\/uploads\/2022\/03\/anh-hoang-3_optimized.jpg\" class=\"attachment-medium size-medium wp-post-image\" alt=\"\" \/>\t\t\t\t\t\t\t<\/a>\r\n  \t\t\t\t\t\t\t  \t\t\t\t\t\t\t  \t\t\t\t\t\t<\/div>\r\n  \t\t\t\t\t\t  \t\t\t\t\t<\/div>\r\n          \t\t\t\t\t<div class=\"box-text text-center\" >\r\n\t\t\t\t\t<div class=\"box-text-inner blog-post-inner\">\r\n\r\n\t\t\t\t\t\r\n\t\t\t\t\t\t\t\t\t\t<h5 class=\"post-title is-large \">\r\n\t\t\t\t\t\t<a href=\"https:\/\/tranthi.vn\/hatinh\/anh-hoang-10-bo-cua-nhua\/\" class=\"plain\">Anh Ho\u00e0ng &#8211; 10 B\u1ed9 c\u1eeda Nh\u1ef1a<\/a>\r\n\t\t\t\t\t<\/h5>\r\n\t\t\t\t\t\t\t\t\t\t<div class=\"is-divider\"><\/div>\r\n\t\t\t\t\t\t\t\t\t\t<p class=\"from_the_blog_excerpt \">\r\n\t\t\t\t\t\t\u00a0Ng\u00e0y 21\/10 l\u1eafp 5 b\u1ed9 c\u1eeda nh\u1ef1a cho Anh Ho\u00e0ng: 0914.273.392 &#8211; 156 T\u00f4 Hi\u1ebfn [...]\t\t\t\t\t<\/p>\r\n\t\t\t\t\t                    \r\n\t\t\t\t\t\r\n\t\t\t\t\t\r\n\t\t\t\t\t<\/div>\r\n\t\t\t\t\t<\/div>\r\n\t\t\t\t\t\t\t\t\t<\/div>\r\n\t\t\t<\/div>\r\n\t\t<\/div><\/div>\n\t\t<\/div>\r\n\t\t\t\t\t<\/div>\r\n\r\n\t\n<\/div>\n","protected":false},"excerpt":{"rendered":"","protected":false},"author":1,"featured_media":0,"parent":0,"menu_order":0,"comment_status":"closed","ping_status":"closed","template":"page-transparent-header-light.php","meta":{"footnotes":""},"class_list":["post-1899","page","type-page","status-publish","hentry"],"yoast_head":"<!-- This site is optimized with the Yoast SEO Premium plugin v22.3 (Yoast SEO v22.8) - https:\/\/yoast.com\/wordpress\/plugins\/seo\/ -->\n<title>Gi\u1edbi Thi\u1ec7u - V\u1eadt Li\u1ec7u X\u00e2y D\u1ef1ng Tr\u1ea7n Th\u1ecb Chi Nh\u00e1nh H\u00e0 T\u0129nh<\/title>\n<meta name=\"robots\" content=\"index, follow, max-snippet:-1, max-image-preview:large, max-video-preview:-1\" \/>\n<link rel=\"canonical\" href=\"https:\/\/tranthi.vn\/hatinh\/gioi-thieu\/\" \/>\n<meta property=\"og:locale\" content=\"vi_VN\" \/>\n<meta property=\"og:type\" content=\"article\" \/>\n<meta property=\"og:title\" content=\"Gi\u1edbi Thi\u1ec7u\" \/>\n<meta property=\"og:url\" content=\"https:\/\/tranthi.vn\/hatinh\/gioi-thieu\/\" \/>\n<meta property=\"og:site_name\" content=\"V\u1eadt Li\u1ec7u X\u00e2y D\u1ef1ng Tr\u1ea7n Th\u1ecb Chi Nh\u00e1nh H\u00e0 T\u0129nh\" \/>\n<meta property=\"article:modified_time\" content=\"2021-02-21T10:04:48+00:00\" \/>\n<meta property=\"og:image\" content=\"http:\/\/tranthi.vn\/quangnam\/wp-content\/uploads\/2021\/02\/ad-6-tran-thi.jpg\" \/>\n<meta name=\"twitter:card\" content=\"summary_large_image\" \/>\n<meta name=\"twitter:label1\" content=\"\u01af\u1edbc t\u00ednh th\u1eddi gian \u0111\u1ecdc\" \/>\n\t<meta name=\"twitter:data1\" content=\"1 ph\u00fat\" \/>\n<script type=\"application\/ld+json\" class=\"yoast-schema-graph\">{\"@context\":\"https:\/\/schema.org\",\"@graph\":[{\"@type\":\"WebPage\",\"@id\":\"https:\/\/tranthi.vn\/hatinh\/gioi-thieu\/\",\"url\":\"https:\/\/tranthi.vn\/hatinh\/gioi-thieu\/\",\"name\":\"Gi\u1edbi Thi\u1ec7u - V\u1eadt Li\u1ec7u X\u00e2y D\u1ef1ng Tr\u1ea7n Th\u1ecb Chi Nh\u00e1nh H\u00e0 T\u0129nh\",\"isPartOf\":{\"@id\":\"https:\/\/tranthi.vn\/hatinh\/#website\"},\"primaryImageOfPage\":{\"@id\":\"https:\/\/tranthi.vn\/hatinh\/gioi-thieu\/#primaryimage\"},\"image\":{\"@id\":\"https:\/\/tranthi.vn\/hatinh\/gioi-thieu\/#primaryimage\"},\"thumbnailUrl\":\"http:\/\/tranthi.vn\/quangnam\/wp-content\/uploads\/2021\/02\/ad-6-tran-thi.jpg\",\"datePublished\":\"2021-02-21T09:38:53+00:00\",\"dateModified\":\"2021-02-21T10:04:48+00:00\",\"breadcrumb\":{\"@id\":\"https:\/\/tranthi.vn\/hatinh\/gioi-thieu\/#breadcrumb\"},\"inLanguage\":\"vi\",\"potentialAction\":[{\"@type\":\"ReadAction\",\"target\":[\"https:\/\/tranthi.vn\/hatinh\/gioi-thieu\/\"]}]},{\"@type\":\"ImageObject\",\"inLanguage\":\"vi\",\"@id\":\"https:\/\/tranthi.vn\/hatinh\/gioi-thieu\/#primaryimage\",\"url\":\"http:\/\/tranthi.vn\/quangnam\/wp-content\/uploads\/2021\/02\/ad-6-tran-thi.jpg\",\"contentUrl\":\"http:\/\/tranthi.vn\/quangnam\/wp-content\/uploads\/2021\/02\/ad-6-tran-thi.jpg\"},{\"@type\":\"BreadcrumbList\",\"@id\":\"https:\/\/tranthi.vn\/hatinh\/gioi-thieu\/#breadcrumb\",\"itemListElement\":[{\"@type\":\"ListItem\",\"position\":1,\"name\":\"Trang ch\u1ee7\",\"item\":\"https:\/\/tranthi.vn\/hatinh\/\"},{\"@type\":\"ListItem\",\"position\":2,\"name\":\"Gi\u1edbi Thi\u1ec7u\"}]},{\"@type\":\"WebSite\",\"@id\":\"https:\/\/tranthi.vn\/hatinh\/#website\",\"url\":\"https:\/\/tranthi.vn\/hatinh\/\",\"name\":\"V\u1eadt Li\u1ec7u X\u00e2y D\u1ef1ng Tr\u1ea7n Th\u1ecb Chi Nh\u00e1nh H\u00e0 T\u0129nh\",\"description\":\"V\u1eadt Li\u1ec7u X\u00e2y D\u1ef1ng - H\u00e0 T\u0129nh\",\"potentialAction\":[{\"@type\":\"SearchAction\",\"target\":{\"@type\":\"EntryPoint\",\"urlTemplate\":\"https:\/\/tranthi.vn\/hatinh\/?s={search_term_string}\"},\"query-input\":\"required name=search_term_string\"}],\"inLanguage\":\"vi\"},{\"@type\":\"ImageObject\",\"inLanguage\":\"vi\",\"@id\":\"https:\/\/tranthi.vn\/hatinh\/gioi-thieu\/#local-main-organization-logo\",\"url\":\"\",\"contentUrl\":\"\",\"caption\":\"V\u1eadt Li\u1ec7u X\u00e2y D\u1ef1ng Tr\u1ea7n Th\u1ecb Chi Nh\u00e1nh H\u00e0 T\u0129nh\"}]}<\/script>\n<!-- \/ Yoast SEO Premium plugin. -->","yoast_head_json":{"title":"Gi\u1edbi Thi\u1ec7u - V\u1eadt Li\u1ec7u X\u00e2y D\u1ef1ng Tr\u1ea7n Th\u1ecb Chi Nh\u00e1nh H\u00e0 T\u0129nh","robots":{"index":"index","follow":"follow","max-snippet":"max-snippet:-1","max-image-preview":"max-image-preview:large","max-video-preview":"max-video-preview:-1"},"canonical":"https:\/\/tranthi.vn\/hatinh\/gioi-thieu\/","og_locale":"vi_VN","og_type":"article","og_title":"Gi\u1edbi Thi\u1ec7u","og_url":"https:\/\/tranthi.vn\/hatinh\/gioi-thieu\/","og_site_name":"V\u1eadt Li\u1ec7u X\u00e2y D\u1ef1ng Tr\u1ea7n Th\u1ecb Chi Nh\u00e1nh H\u00e0 T\u0129nh","article_modified_time":"2021-02-21T10:04:48+00:00","og_image":[{"url":"http:\/\/tranthi.vn\/quangnam\/wp-content\/uploads\/2021\/02\/ad-6-tran-thi.jpg"}],"twitter_card":"summary_large_image","twitter_misc":{"\u01af\u1edbc t\u00ednh th\u1eddi gian \u0111\u1ecdc":"1 ph\u00fat"},"schema":{"@context":"https:\/\/schema.org","@graph":[{"@type":"WebPage","@id":"https:\/\/tranthi.vn\/hatinh\/gioi-thieu\/","url":"https:\/\/tranthi.vn\/hatinh\/gioi-thieu\/","name":"Gi\u1edbi Thi\u1ec7u - V\u1eadt Li\u1ec7u X\u00e2y D\u1ef1ng Tr\u1ea7n Th\u1ecb Chi Nh\u00e1nh H\u00e0 T\u0129nh","isPartOf":{"@id":"https:\/\/tranthi.vn\/hatinh\/#website"},"primaryImageOfPage":{"@id":"https:\/\/tranthi.vn\/hatinh\/gioi-thieu\/#primaryimage"},"image":{"@id":"https:\/\/tranthi.vn\/hatinh\/gioi-thieu\/#primaryimage"},"thumbnailUrl":"http:\/\/tranthi.vn\/quangnam\/wp-content\/uploads\/2021\/02\/ad-6-tran-thi.jpg","datePublished":"2021-02-21T09:38:53+00:00","dateModified":"2021-02-21T10:04:48+00:00","breadcrumb":{"@id":"https:\/\/tranthi.vn\/hatinh\/gioi-thieu\/#breadcrumb"},"inLanguage":"vi","potentialAction":[{"@type":"ReadAction","target":["https:\/\/tranthi.vn\/hatinh\/gioi-thieu\/"]}]},{"@type":"ImageObject","inLanguage":"vi","@id":"https:\/\/tranthi.vn\/hatinh\/gioi-thieu\/#primaryimage","url":"http:\/\/tranthi.vn\/quangnam\/wp-content\/uploads\/2021\/02\/ad-6-tran-thi.jpg","contentUrl":"http:\/\/tranthi.vn\/quangnam\/wp-content\/uploads\/2021\/02\/ad-6-tran-thi.jpg"},{"@type":"BreadcrumbList","@id":"https:\/\/tranthi.vn\/hatinh\/gioi-thieu\/#breadcrumb","itemListElement":[{"@type":"ListItem","position":1,"name":"Trang ch\u1ee7","item":"https:\/\/tranthi.vn\/hatinh\/"},{"@type":"ListItem","position":2,"name":"Gi\u1edbi Thi\u1ec7u"}]},{"@type":"WebSite","@id":"https:\/\/tranthi.vn\/hatinh\/#website","url":"https:\/\/tranthi.vn\/hatinh\/","name":"V\u1eadt Li\u1ec7u X\u00e2y D\u1ef1ng Tr\u1ea7n Th\u1ecb Chi Nh\u00e1nh H\u00e0 T\u0129nh","description":"V\u1eadt Li\u1ec7u X\u00e2y D\u1ef1ng - H\u00e0 T\u0129nh","potentialAction":[{"@type":"SearchAction","target":{"@type":"EntryPoint","urlTemplate":"https:\/\/tranthi.vn\/hatinh\/?s={search_term_string}"},"query-input":"required name=search_term_string"}],"inLanguage":"vi"},{"@type":"ImageObject","inLanguage":"vi","@id":"https:\/\/tranthi.vn\/hatinh\/gioi-thieu\/#local-main-organization-logo","url":"","contentUrl":"","caption":"V\u1eadt Li\u1ec7u X\u00e2y D\u1ef1ng Tr\u1ea7n Th\u1ecb Chi Nh\u00e1nh H\u00e0 T\u0129nh"}]}},"_links":{"self":[{"href":"https:\/\/tranthi.vn\/hatinh\/wp-json\/wp\/v2\/pages\/1899","targetHints":{"allow":["GET"]}}],"collection":[{"href":"https:\/\/tranthi.vn\/hatinh\/wp-json\/wp\/v2\/pages"}],"about":[{"href":"https:\/\/tranthi.vn\/hatinh\/wp-json\/wp\/v2\/types\/page"}],"author":[{"embeddable":true,"href":"https:\/\/tranthi.vn\/hatinh\/wp-json\/wp\/v2\/users\/1"}],"replies":[{"embeddable":true,"href":"https:\/\/tranthi.vn\/hatinh\/wp-json\/wp\/v2\/comments?post=1899"}],"version-history":[{"count":0,"href":"https:\/\/tranthi.vn\/hatinh\/wp-json\/wp\/v2\/pages\/1899\/revisions"}],"wp:attachment":[{"href":"https:\/\/tranthi.vn\/hatinh\/wp-json\/wp\/v2\/media?parent=1899"}],"curies":[{"name":"wp","href":"https:\/\/api.w.org\/{rel}","templated":true}]}}