{"id":823,"date":"2021-02-16T16:01:46","date_gmt":"2021-02-16T09:01:46","guid":{"rendered":"http:\/\/new-tranthi.test\/san-pham\/cat-xay\/"},"modified":"2025-06-16T17:39:14","modified_gmt":"2025-06-16T10:39:14","slug":"gia-cat-xay-ha-noi","status":"publish","type":"product","link":"https:\/\/tranthi.vn\/hanoi\/gia-cat-xay-ha-noi\/","title":{"rendered":"C\u00e1t X\u00e2y"},"content":{"rendered":"<h1 style=\"text-align: center;\"><span style=\"color: #ff0000;\"><strong><span style=\"font-family: 'times new roman', times, serif; font-size: 24pt;\">C\u00c1T X\u00c2Y\u00a0<\/span><\/strong><\/span><\/h1>\n<p><span style=\"font-family: 'times new roman', times, serif; font-size: 18pt; color: #000000;\"><a href=\"https:\/\/tranthi.vn\/hochiminh\/gia-cat-xay-ho-chi-minh\/\" target=\"_blank\" rel=\"noopener\"><em><strong>C\u00e1t x\u00e2y<\/strong><\/em><\/a> lu\u00f4n l\u00e0 v\u1eadt t\u01b0 \u0111\u01b0\u1ee3c s\u1eed d\u1ee5ng xuy\u00ean su\u1ed1t t\u1eeb \u0111\u1ea7u \u0111\u1ebfn cu\u1ed1i c\u00f4ng tr\u00ecnh, trong n\u0103m 2019 v\u1eeba qua <strong>gi\u00e1<\/strong> <em><a href=\"https:\/\/tranthi.vn\/hochiminh\/gia-cat-to-tai-hue\/\" target=\"_blank\" rel=\"noopener\">c\u00e1t<\/a> x\u00e2y<\/em> t\u1ea1i <a href=\"https:\/\/vi.wikipedia.org\/wiki\/H%C3%A0_N%E1%BB%99i\"><em>H\u00e0 N\u1ed9i<\/em><\/a> bi\u1ebfn \u0111\u1ed9ng kh\u00e1 nh\u1eb9, c\u00f3 th\u1ec3 g\u1ecdi l\u00e0 \u1ed5n \u0111\u1ecbnh.<\/span><\/p>\n<p style=\"text-align: center;\"><span style=\"font-family: 'times new roman', times, serif; font-size: 14pt; color: #ff0000;\"><strong>Ph\u00e2n bi\u1ec7t c\u00e1t s\u1ea1ch c\u00e1t b\u1ea9n<\/strong><\/span><\/p>\n<p style=\"text-align: center;\"><iframe loading=\"lazy\" src=\"\/\/www.youtube.com\/embed\/d700UHkh2aE\" width=\"560\" height=\"314\" allowfullscreen=\"allowfullscreen\"><\/iframe><\/p>\n<p>&nbsp;<\/p>\n<p><span style=\"font-family: 'times new roman', times, serif; font-size: 18pt; color: #000000;\"><a href=\"https:\/\/tranthi.vn\/hanoi\/gia-cat-xay-ha-noi\/\" target=\"_blank\" rel=\"noopener\"><strong>C\u00e1t x\u00e2y<\/strong><\/a> \u0111\u01b0\u1ee3c li\u00ean k\u1ebft v\u1edbi g\u1ea1ch 6 l\u1ed7 \u0111\u1ec3 t\u1ea1o ra c\u00e1c m\u1ea3ng t\u01b0\u1eddng ng\u0103n ph\u00f2ng. <\/span><\/p>\n<p><span style=\"font-family: 'times new roman', times, serif; font-size: 18pt; color: #000000;\"><em>C\u00e1<\/em>t <em><strong>x\u00e2y<\/strong><\/em> c\u0169ng \u1ea3nh h\u01b0\u1edfng r\u1ea5t l\u1edbn ch\u1ea5t l\u01b0\u1ee3ng c\u00f4ng tr\u00ecnh c\u0169ng nh\u01b0 kh\u1ea3 n\u0103ng ch\u1ed1ng th\u1ea5m cho c\u00f4ng tr\u00ecnh nh\u00e0 b\u1ea1n. V\u00ec <strong><em>c\u00e1t<\/em><\/strong> x\u00e2y \u0111\u01b0\u1ee3c l\u1ea5y t\u1eeb s\u00f4ng v\u00ec vi\u1ec7c c\u00f3 l\u1eabn c\u00e1c t\u1ea1p ch\u1ea5t nh\u01b0 c\u00e2y, v\u00f5 s\u00f2, b\u00f9n l\u00e0 \u0111i\u1ec1u kh\u00f4ng tr\u00e1nh kh\u1ecfi.<\/span><\/p>\n<blockquote class=\"tiktok-embed\" cite=\"https:\/\/www.tiktok.com\/@tranthi.danang\/video\/7465688732155268370\" data-video-id=\"7465688732155268370\" data-embed-from=\"oembed\" style=\"max-width:605px; min-width:325px;\">\n<section> <a target=\"_blank\" title=\"@tranthi.danang\" href=\"https:\/\/www.tiktok.com\/@tranthi.danang?refer=embed\">@tranthi.danang<\/a> <\/p>\n<p>c\u00e1t \u0111\u00fac &#8211; t\u00f4- x\u00e2y t\u1ea1i \u0110\u00e0 N\u1eb5ng &#8211; tr\u1ea7n th\u1ecb l\u00e0 \u0111\u01a1n v\u1ecb c\u0169ng c\u00e2p c\u00e1c lo\u1ea1i v\u1eadt li\u1ec7u x\u00e2y d\u1ef1ng v\u00e0 trang tr\u00ed n\u1ed9i th\u1ea5t &#8211; ch\u00fang t\u00f4i cam k\u1ebft \u0111i \u0111\u00fang kh\u1ed1i <a title=\"c\u00e1t_t\u00f4_\u0111\u00e0_n\u1eb5ng\" target=\"_blank\" href=\"https:\/\/www.tiktok.com\/tag\/c%C3%A1t_t%C3%B4_%C4%91%C3%A0_n%E1%BA%B5ng?refer=embed\">#c\u00e1t_t\u00f4_\u0111\u00e0_n\u1eb5ng<\/a> <a title=\"c\u00e1t_x\u00e2y_d\u1ef1ng_\u0111\u00e0_n\u1eb5ng\" target=\"_blank\" href=\"https:\/\/www.tiktok.com\/tag\/c%C3%A1t_x%C3%A2y_d%E1%BB%B1ng_%C4%91%C3%A0_n%E1%BA%B5ng?refer=embed\">#c\u00e1t_x\u00e2y_d\u1ef1ng_\u0111\u00e0_n\u1eb5ng<\/a> <a title=\"c\u00e1t_\u0111\u00fac\" target=\"_blank\" href=\"https:\/\/www.tiktok.com\/tag\/c%C3%A1t_%C4%91%C3%BAc?refer=embed\">#c\u00e1t_\u0111\u00fac<\/a> <a title=\"catduc\" target=\"_blank\" href=\"https:\/\/www.tiktok.com\/tag\/catduc?refer=embed\">#catduc<\/a> <a title=\"catxaydungdanang\" target=\"_blank\" href=\"https:\/\/www.tiktok.com\/tag\/catxaydungdanang?refer=embed\">#catxaydungdanang<\/a><\/p>\n<p> <a target=\"_blank\" title=\"\u266c nh\u1ea1c n\u1ec1n - Tr\u1ea7n Th\u1ecb \u0110\u00e0 N\u1eb5ng - Tr\u1ea7n Th\u1ecb \u0110\u00e0 N\u1eb5ng\" href=\"https:\/\/www.tiktok.com\/music\/nh\u1ea1c-n\u1ec1n-Tr\u1ea7n-Th\u1ecb-\u0110\u00e0-N\u1eb5ng-7465688753466788609?refer=embed\">\u266c nh\u1ea1c n\u1ec1n &#8211; Tr\u1ea7n Th\u1ecb \u0110\u00e0 N\u1eb5ng &#8211; Tr\u1ea7n Th\u1ecb \u0110\u00e0 N\u1eb5ng<\/a> <\/section>\n<\/blockquote>\n<p> <script async src=\"https:\/\/www.tiktok.com\/embed.js\"><\/script><\/p>\n<p><span style=\"font-family: 'times new roman', times, serif; font-size: 18pt; color: #000000;\"> Hi\u1ec7n nay, ch\u1ec9 c\u00f3 <em>c\u00e1t<\/em> t\u00f4 l\u00e0 ng\u01b0\u1eddi ta s\u00e0n qua l\u01b0\u1edbi, c\u00f2n <a href=\"https:\/\/tranthi.vn\/hanoi\/gia-cat-xay-ha-noi\/\" target=\"_blank\" rel=\"noopener\"><em><strong>c\u00e1t x\u00e2y<\/strong><\/em> <\/a>v\u00e0 <em>c\u00e1t<\/em> \u0111\u00fac l\u00e0 g\u1ea7n nh\u01b0 kh\u00f4ng<\/span><\/p>\n<figure id=\"attachment_5801\" aria-describedby=\"caption-attachment-5801\" style=\"width: 400px\" class=\"wp-caption aligncenter\"><img loading=\"lazy\" decoding=\"async\" class=\"size-full wp-image-5801\" src=\"https:\/\/tranthi.vn\/hanoi\/wp-content\/uploads\/2021\/02\/cat-xay-dung-tai-ha-noi.jpg\" alt=\"c\u00e1t x\u00e2y d\u1ef1ng t\u1ea1i h\u00e0 n\u1ed9i\" width=\"400\" height=\"400\" srcset=\"https:\/\/tranthi.vn\/hanoi\/wp-content\/uploads\/2021\/02\/cat-xay-dung-tai-ha-noi.jpg 400w, https:\/\/tranthi.vn\/hanoi\/wp-content\/uploads\/2021\/02\/cat-xay-dung-tai-ha-noi-100x100.jpg 100w\" sizes=\"auto, (max-width: 400px) 100vw, 400px\" \/><figcaption id=\"caption-attachment-5801\" class=\"wp-caption-text\"><span style=\"font-family: 'times new roman', times, serif;\"><em>c\u00e1t x\u00e2y d\u1ef1ng t\u1ea1i h\u00e0 n\u1ed9i<\/em><\/span><\/figcaption><\/figure>\n<h2><strong><span style=\"font-family: 'times new roman', times, serif; font-size: 18pt; color: #ff0000;\">1. GI\u00c1 <em>C\u00c1T X\u00c2Y\u00a0<\/em><\/span><\/strong><\/h2>\n<p><span style=\"font-family: 'times new roman', times, serif; font-size: 18pt; color: #000000;\"><a href=\"https:\/\/vi.wikipedia.org\/wiki\/C%C3%A1t\">C\u00e1t x\u00e2y<\/a> c\u00f3 \u0111\u1eb7c \u0111i\u1ec3m h\u1ea1t c\u00e1t m\u1ecbn, m\u00e0u s\u1eabm, c\u00f3 \u0111\u1ed9 s\u1ea1ch \u0111\u1ea1t chu\u1ea9n. Lo\u1ea1i c\u00e1t n\u00e0y th\u01b0\u1eddng c\u00f3 gi\u00e1 r\u1ebb h\u01a1n so v\u1edbi c\u00e1c lo\u1ea1i <strong>c\u00e1t<\/strong> b\u00ea t\u00f4ng v\u00e0 <strong>c\u00e1t<\/strong> h\u1ea1t v\u00e0ng lo\u1ea1i \u0111\u1eb9p.<\/span><\/p>\n<figure id=\"attachment_6060\" aria-describedby=\"caption-attachment-6060\" style=\"width: 585px\" class=\"wp-caption aligncenter\"><img loading=\"lazy\" decoding=\"async\" class=\" wp-image-6060\" src=\"https:\/\/tranthi.vn\/hanoi\/wp-content\/uploads\/2021\/02\/Tran-Thi-cung-cap-cat-duc-Ha-Noi.png\" alt=\"Tr\u1ea7n Th\u1ecb cung c\u1ea5p c\u00e1t x\u00e2y H\u00e0 N\u1ed9i\" width=\"585\" height=\"555\" srcset=\"https:\/\/tranthi.vn\/hanoi\/wp-content\/uploads\/2021\/02\/Tran-Thi-cung-cap-cat-duc-Ha-Noi.png 800w, https:\/\/tranthi.vn\/hanoi\/wp-content\/uploads\/2021\/02\/Tran-Thi-cung-cap-cat-duc-Ha-Noi-768x729.png 768w\" sizes=\"auto, (max-width: 585px) 100vw, 585px\" \/><figcaption id=\"caption-attachment-6060\" class=\"wp-caption-text\">Tr\u1ea7n Th\u1ecb cung c\u1ea5p c\u00e1t x\u00e2y H\u00e0 N\u1ed9i<\/figcaption><\/figure>\n<p><span style=\"font-family: 'times new roman', times, serif; font-size: 18pt; color: #000000;\"><em><strong>Gi\u00e1 c\u00e1t x\u00e2y<\/strong><\/em> t\u1ea1i<a href=\"https:\/\/vi.wikipedia.org\/wiki\/H%C3%A0_N%E1%BB%99i\" target=\"_blank\" rel=\"noopener\"><em><strong> H\u00e0 N\u1ed9i<\/strong><\/em><\/a>\u00a0ph\u1ee5 thu\u1ed9c v\u00e0o nhi\u1ec1u y\u1ebfu t\u1ed1. V\u00e0 t\u00f9y v\u00e0o t\u1eebng nhu c\u1ea7u s\u1eed d\u1ee5ng c\u1ee7a c\u00f4ng t\u00ecnh s\u1ebd c\u00f3 nh\u1eefng lo\u1ea1i <em>c\u00e1t<\/em> kh\u00e1c nhau v\u00e0 m\u1ee9c gi\u00e1 kh\u00e1c nhau<\/span><\/p>\n<p>&nbsp;<\/p>\n<p style=\"text-align: center;\"><iframe loading=\"lazy\" src=\"\/\/www.youtube.com\/embed\/mkBUz9V1tIE\" width=\"560\" height=\"314\" allowfullscreen=\"allowfullscreen\"><\/iframe><\/p>\n<blockquote><p>&nbsp;<\/p><\/blockquote>\n<h2><strong><span style=\"font-family: 'times new roman', times, serif; font-size: 18pt; color: #ff0000;\">2. C\u00c1CH T\u00cdNH TH\u00d9NG XE QUY RA KH\u1ed0I C\u00c1T<\/span><\/strong><\/h2>\n<p><span style=\"font-family: 'times new roman', times, serif; font-size: 18pt; color: #000000;\">C\u00e1c b\u1ea1n ti\u1ebfn h\u00e0nh \u0111o \u0111o chi\u1ec1u cao, chi\u1ec1u d\u00e0i v\u00e0 chi\u1ec1u ngang c\u1ee7a\u00a0 th\u00f9ng xe. Sau \u0111\u00f3 nh\u00e2n l\u1ea1i v\u1edbi nhau s\u1ebd ra kh\u1ed1i th\u00f9ng xe<\/span><\/p>\n<figure id=\"attachment_6059\" aria-describedby=\"caption-attachment-6059\" style=\"width: 311px\" class=\"wp-caption aligncenter\"><img loading=\"lazy\" decoding=\"async\" class=\" wp-image-6059\" src=\"https:\/\/tranthi.vn\/hanoi\/wp-content\/uploads\/2021\/02\/Mau-cat-xay-dung-Ha-Noi.png\" alt=\"M\u1eabu c\u00e1t x\u00e2y d\u1ef1ng H\u00e0 N\u1ed9i\" width=\"311\" height=\"513\" \/><figcaption id=\"caption-attachment-6059\" class=\"wp-caption-text\">M\u1eabu c\u00e1t x\u00e2y d\u1ef1ng H\u00e0 N\u1ed9i<\/figcaption><\/figure>\n<p><span style=\"font-family: 'times new roman', times, serif; font-size: 18pt; color: #000000;\">\u0110a s\u1ed1 nh\u1eefng \u0111\u01a1n v\u1ecb cung c\u1ea5p <a href=\"https:\/\/tranthi.vn\/hochiminh\/gia-cat-xay-ho-chi-minh\/\" target=\"_blank\" rel=\"noopener\"><em><strong>c\u00e1t x\u00e2y<\/strong><\/em><\/a> s\u1ebd l\u1ee3i d\u1ee5ng s\u01a1 h\u1edf n\u00e0y c\u1ee7a kh\u00e1ch h\u00e0ng \u0111\u1ec3 \u0103n gian kh\u1ed1i l\u01b0\u1ee3ng. C\u00e1c b\u1ea1n n\u00ean t\u1ef1 ki\u1ec3m tra ho\u1eb7c thu\u00ea ng\u01b0\u1eddi gi\u00e1m s\u00e1t \u0111\u1ec3 ki\u1ec3m tra cho ch\u1eafc ch\u1eafn nh\u1ea5t<\/span><\/p>\n<h2 class=\"title style-scope ytd-video-primary-info-renderer\"><span style=\"color: #ff0000; font-size: 18pt;\"><strong><span style=\"font-family: 'times new roman', times, serif;\">Video h\u01b0\u1edbng d\u1eabn c\u00e1ch \u0111o th\u00f9ng xe quy ra kh\u1ed1i<\/span><\/strong><\/span><\/h2>\n<p style=\"text-align: center;\"><iframe loading=\"lazy\" src=\"\/\/www.youtube.com\/embed\/-weRntM2Osc\" width=\"560\" height=\"314\" allowfullscreen=\"allowfullscreen\"><\/iframe>V<\/p>\n<p data-start=\"411\" data-end=\"833\"><span style=\"font-family: 'times new roman', times, serif; font-size: 150%; color: #000000;\">V\u1edbi nh\u1eefng c\u00f4ng tr\u00ecnh nh\u1ecf l\u1ebb nh\u01b0 x\u00e2y t\u01b0\u1eddng r\u00e0o, l\u00e1t s\u00e2n, x\u00e2y l\u1ea1i n\u1ec1n nh\u00e0 v\u1ec7 sinh, s\u1eeda b\u1eadc tam c\u1ea5p\u2026, vi\u1ec7c t\u1ef1 \u0111i mua nguy\u00ean v\u1eadt li\u1ec7u v\u00e0 thu\u00ea th\u1ee3 ri\u00eang l\u1ebb c\u00f3 th\u1ec3 g\u00e2y m\u1ea5t th\u1eddi gian v\u00e0 ph\u00e1t sinh nhi\u1ec1u r\u1ee7i ro. L\u00fac n\u00e0y, b\u1ea1n c\u00f3 th\u1ec3 s\u1eed d\u1ee5ng App G\u1ecdi Th\u1ee3 S\u1eeda Ch\u1eefa V\u1eb7t Tr\u1ea7n Th\u1ecb t\u1ea1i H\u00e0 N\u1ed9i \u0111\u1ec3 t\u00ecm th\u1ee3 x\u00e2y tr\u1ecdn g\u00f3i, c\u00f3 kinh nghi\u1ec7m, b\u00e1o gi\u00e1 r\u00f5 r\u00e0ng k\u00e8m v\u1eadt t\u01b0, \u0111\u1eb7c bi\u1ec7t ph\u00f9 h\u1ee3p cho c\u00e1c h\u1ea1ng m\u1ee5c d\u00e2n d\u1ee5ng quy m\u00f4 nh\u1ecf.<\/span><\/p>\n<figure id=\"attachment_6039\" aria-describedby=\"caption-attachment-6039\" style=\"width: 1400px\" class=\"wp-caption alignnone\"><img loading=\"lazy\" decoding=\"async\" class=\"size-full wp-image-6039\" src=\"https:\/\/tranthi.vn\/hanoi\/wp-content\/uploads\/2022\/09\/app-goi-sua-chua-vat-Tran-Thi-Ha-Noi.png\" alt=\"app goi s\u1eeda ch\u1eefa v\u1eb7t Tr\u1ea7n Th\u1ecb H\u00e0 N\u1ed9i\" width=\"1400\" height=\"319\" srcset=\"https:\/\/tranthi.vn\/hanoi\/wp-content\/uploads\/2022\/09\/app-goi-sua-chua-vat-Tran-Thi-Ha-Noi.png 1400w, https:\/\/tranthi.vn\/hanoi\/wp-content\/uploads\/2022\/09\/app-goi-sua-chua-vat-Tran-Thi-Ha-Noi-768x175.png 768w, https:\/\/tranthi.vn\/hanoi\/wp-content\/uploads\/2022\/09\/app-goi-sua-chua-vat-Tran-Thi-Ha-Noi-800x182.png 800w\" sizes=\"auto, (max-width: 1400px) 100vw, 1400px\" \/><figcaption id=\"caption-attachment-6039\" class=\"wp-caption-text\">app goi s\u1eeda ch\u1eefa v\u1eb7t Tr\u1ea7n Th\u1ecb H\u00e0 N\u1ed9i<\/figcaption><\/figure>\n<p data-start=\"835\" data-end=\"1133\" data-is-last-node=\"\" data-is-only-node=\"\"><span style=\"font-family: 'times new roman', times, serif; font-size: 150%; color: #000000;\">Ch\u1ec9 c\u1ea7n v\u00e0i thao t\u00e1c tr\u00ean \u0111i\u1ec7n tho\u1ea1i, b\u1ea1n \u0111\u00e3 c\u00f3 th\u1ec3 \u0111\u1eb7t l\u1ecbch th\u1ee3, ch\u1ecdn \u0111\u00fang ng\u01b0\u1eddi \u2013 \u0111\u00fang vi\u1ec7c, gi\u00fap c\u00f4ng tr\u00ecnh nh\u1ecf trong nh\u00e0 tr\u1edf n\u00ean nhanh \u2013 g\u1ecdn \u2013 chu\u1ea9n k\u1ef9 thu\u1eadt, kh\u00f4ng ph\u1ea3i lo v\u1ec1 gi\u00e1 c\u1ea3 hay ch\u1ea5t l\u01b0\u1ee3ng thi c\u00f4ng. <\/span><span style=\"font-family: 'times new roman', times, serif; font-size: 150%; color: #000000;\">Tr\u1ea7n Th\u1ecb \u2013 gi\u1ea3i ph\u00e1p t\u1ed1i \u01b0u cho nh\u1eefng vi\u1ec7c t\u01b0\u1edfng nh\u1ecf nh\u01b0ng l\u1ea1i c\u1ea7n l\u00e0m ngay!<\/span><\/p>\n<p><iframe loading=\"lazy\" title=\"Quy m\u00f4 c\u1ee7a app G\u1ecdi th\u1ee3 s\u1eeda ch\u1eefa v\u1eb7t Tr\u1ea7n Th\u1ecb\" width=\"1020\" height=\"574\" src=\"https:\/\/www.youtube.com\/embed\/pJqt2gdUz8k?feature=oembed\" frameborder=\"0\" allow=\"accelerometer; autoplay; clipboard-write; encrypted-media; gyroscope; picture-in-picture; web-share\" referrerpolicy=\"strict-origin-when-cross-origin\" allowfullscreen><\/iframe><\/p>\n","protected":false},"excerpt":{"rendered":"<p><span style=\"color: #000000; font-size: 18pt;\"><span style=\"font-family: 'times new roman', times, serif;\">\ud83d\ude1b Giao h\u00e0ng trong \u0111\u1ecba b\u00e0n<a href=\"https:\/\/vi.wikipedia.org\/wiki\/H%C3%A0_N%E1%BB%99i\"><span style=\"color: #008000;\"> H\u00e0 N\u1ed9i<\/span><\/a><\/span><\/span><\/p>\n<p><span style=\"color: #000000; font-size: 18pt;\"><span style=\"font-family: 'times new roman', times, serif;\">\ud83d\ude1b \u0110\u01a1n v\u1ecb t\u00ednh: m kh\u1ed1i<\/span><\/span><\/p>\n<p><span style=\"color: #000000; font-size: 18pt;\"><span style=\"font-family: 'times new roman', times, serif;\">\ud83d\ude1b \u0110\u01a1n gi\u00e1 c\u00e1t x\u00e2y trong n\u1ed9i th\u00e0nh<\/span><\/span><\/p>\n<ul>\n<li><strong><span style=\"font-family: 'times new roman', times, serif; font-size: 18pt; color: #ff0000;\">200.000\/ kh\u1ed1i<\/span><\/strong><\/li>\n<\/ul>\n<p><span style=\"font-family: 'times new roman', times, serif; font-size: 150%; color: #000000;\">(ch\u00fang t\u00f4i kh\u00f4ng cam k\u1ebft c\u00e1t s\u1ea1ch 100 ph\u1ea7n tr\u0103m , v\u00ec c\u00e1t l\u1ea5y t\u1ea1i s\u00f4ng v\u00e0 b\u00e3i . ch\u00fang t\u00f4i ko ki\u1ec3m so\u00e1t \u0111\u01b0\u1ee3c)<\/span><\/p>\n","protected":false},"featured_media":821,"comment_status":"open","ping_status":"closed","template":"","meta":[],"product_cat":[204,203],"product_tag":[],"class_list":{"0":"post-823","1":"product","2":"type-product","3":"status-publish","4":"has-post-thumbnail","6":"product_cat-cat-xay-dung","7":"product_cat-vat-lieu-xay-dung","9":"first","10":"instock","11":"sale","12":"shipping-taxable","13":"purchasable","14":"product-type-simple"},"yoast_head":"<!-- This site is optimized with the Yoast SEO Premium plugin v22.3 (Yoast SEO v23.7) - https:\/\/yoast.com\/wordpress\/plugins\/seo\/ -->\n<title>Gi\u00e1 c\u00e1t x\u00e2y m\u1edbi nh\u1ea5t H\u00e0 N\u1ed9i- 0947.335.871 VLXD Tr\u1ea7n Th\u1ecb<\/title>\n<meta name=\"description\" content=\"Tr\u1ea7n Th\u1ecb - chuy\u00ean cung c\u1ea5p c\u00e1t x\u00e2y gi\u00e1 r\u1ebb t\u1ea1i Hu\u1ebf, c\u00e1t \u0111\u01b0\u1ee3c l\u1ea5y t\u1eeb t\u1ef1 nhi\u00ean n\u00ean kh\u00f4ng \u0111\u1ea3m b\u1ea3o s\u1ea1ch 100%, nh\u01b0ng \u0111\u1ea3m b\u1ea3o \u0111\u00fang kh\u1ed1i l\u01b0\u1ee3ng\" \/>\n<meta name=\"robots\" content=\"index, follow, max-snippet:-1, max-image-preview:large, max-video-preview:-1\" \/>\n<link rel=\"canonical\" href=\"https:\/\/tranthi.vn\/hanoi\/gia-cat-xay-ha-noi\/\" \/>\n<meta property=\"og:locale\" content=\"vi_VN\" \/>\n<meta property=\"og:type\" content=\"article\" \/>\n<meta property=\"og:title\" content=\"C\u00e1t X\u00e2y\" \/>\n<meta property=\"og:description\" content=\"Tr\u1ea7n Th\u1ecb - chuy\u00ean cung c\u1ea5p c\u00e1t x\u00e2y gi\u00e1 r\u1ebb t\u1ea1i Hu\u1ebf, c\u00e1t \u0111\u01b0\u1ee3c l\u1ea5y t\u1eeb t\u1ef1 nhi\u00ean n\u00ean kh\u00f4ng \u0111\u1ea3m b\u1ea3o s\u1ea1ch 100%, nh\u01b0ng \u0111\u1ea3m b\u1ea3o \u0111\u00fang kh\u1ed1i l\u01b0\u1ee3ng\" \/>\n<meta property=\"og:url\" content=\"https:\/\/tranthi.vn\/hanoi\/gia-cat-xay-ha-noi\/\" \/>\n<meta property=\"og:site_name\" content=\"V\u1eadt Li\u1ec7u X\u00e2y D\u1ef1ng Tr\u1ea7n Th\u1ecb Chi Nh\u00e1nh H\u00e0 N\u1ed9i\" \/>\n<meta property=\"article:modified_time\" content=\"2025-06-16T10:39:14+00:00\" \/>\n<meta property=\"og:image\" content=\"https:\/\/tranthi.vn\/hanoi\/wp-content\/uploads\/2021\/02\/cat-to.jpg\" \/>\n\t<meta property=\"og:image:width\" content=\"400\" \/>\n\t<meta property=\"og:image:height\" content=\"400\" \/>\n\t<meta property=\"og:image:type\" content=\"image\/jpeg\" \/>\n<meta name=\"twitter:card\" content=\"summary_large_image\" \/>\n<meta name=\"twitter:label1\" content=\"Gi\u00e1\" \/>\n\t<meta name=\"twitter:data1\" content=\"290,000&nbsp;&#8363;\" \/>\n\t<meta name=\"twitter:label2\" content=\"Kh\u1ea3 d\u1ee5ng\" \/>\n\t<meta name=\"twitter:data2\" content=\"Trong kho\" \/>\n<script type=\"application\/ld+json\" class=\"yoast-schema-graph\">{\"@context\":\"https:\/\/schema.org\",\"@graph\":[{\"@type\":[\"WebPage\",\"ItemPage\"],\"@id\":\"https:\/\/tranthi.vn\/hanoi\/gia-cat-xay-ha-noi\/\",\"url\":\"https:\/\/tranthi.vn\/hanoi\/gia-cat-xay-ha-noi\/\",\"name\":\"Gi\u00e1 c\u00e1t x\u00e2y m\u1edbi nh\u1ea5t H\u00e0 N\u1ed9i- 0947.335.871 VLXD Tr\u1ea7n Th\u1ecb\",\"isPartOf\":{\"@id\":\"https:\/\/tranthi.vn\/hanoi\/#website\"},\"primaryImageOfPage\":{\"@id\":\"https:\/\/tranthi.vn\/hanoi\/gia-cat-xay-ha-noi\/#primaryimage\"},\"image\":{\"@id\":\"https:\/\/tranthi.vn\/hanoi\/gia-cat-xay-ha-noi\/#primaryimage\"},\"thumbnailUrl\":\"https:\/\/tranthi.vn\/hanoi\/wp-content\/uploads\/2021\/02\/cat-to.jpg\",\"datePublished\":\"2021-02-16T09:01:46+00:00\",\"dateModified\":\"2025-06-16T10:39:14+00:00\",\"description\":\"Tr\u1ea7n Th\u1ecb - chuy\u00ean cung c\u1ea5p c\u00e1t x\u00e2y gi\u00e1 r\u1ebb t\u1ea1i Hu\u1ebf, c\u00e1t \u0111\u01b0\u1ee3c l\u1ea5y t\u1eeb t\u1ef1 nhi\u00ean n\u00ean kh\u00f4ng \u0111\u1ea3m b\u1ea3o s\u1ea1ch 100%, nh\u01b0ng \u0111\u1ea3m b\u1ea3o \u0111\u00fang kh\u1ed1i l\u01b0\u1ee3ng\",\"breadcrumb\":{\"@id\":\"https:\/\/tranthi.vn\/hanoi\/gia-cat-xay-ha-noi\/#breadcrumb\"},\"inLanguage\":\"vi\",\"potentialAction\":[{\"@type\":\"ReadAction\",\"target\":[\"https:\/\/tranthi.vn\/hanoi\/gia-cat-xay-ha-noi\/\"]}]},{\"@type\":\"ImageObject\",\"inLanguage\":\"vi\",\"@id\":\"https:\/\/tranthi.vn\/hanoi\/gia-cat-xay-ha-noi\/#primaryimage\",\"url\":\"https:\/\/tranthi.vn\/hanoi\/wp-content\/uploads\/2021\/02\/cat-to.jpg\",\"contentUrl\":\"https:\/\/tranthi.vn\/hanoi\/wp-content\/uploads\/2021\/02\/cat-to.jpg\",\"width\":400,\"height\":400},{\"@type\":\"BreadcrumbList\",\"@id\":\"https:\/\/tranthi.vn\/hanoi\/gia-cat-xay-ha-noi\/#breadcrumb\",\"itemListElement\":[{\"@type\":\"ListItem\",\"position\":1,\"name\":\"Trang ch\u1ee7\",\"item\":\"https:\/\/tranthi.vn\/hanoi\/\"},{\"@type\":\"ListItem\",\"position\":2,\"name\":\"Shop\",\"item\":\"https:\/\/tranthi.vn\/hanoi\/shop\/\"},{\"@type\":\"ListItem\",\"position\":3,\"name\":\"C\u00e1t X\u00e2y\"}]},{\"@type\":\"WebSite\",\"@id\":\"https:\/\/tranthi.vn\/hanoi\/#website\",\"url\":\"https:\/\/tranthi.vn\/hanoi\/\",\"name\":\"V\u1eadt Li\u1ec7u X\u00e2y D\u1ef1ng Tr\u1ea7n Th\u1ecb Chi Nh\u00e1nh H\u00e0 N\u1ed9i\",\"description\":\"V\u1eadt Li\u1ec7u X\u00e2y D\u1ef1ng - H\u00e0 N\u1ed9i\",\"potentialAction\":[{\"@type\":\"SearchAction\",\"target\":{\"@type\":\"EntryPoint\",\"urlTemplate\":\"https:\/\/tranthi.vn\/hanoi\/?s={search_term_string}\"},\"query-input\":{\"@type\":\"PropertyValueSpecification\",\"valueRequired\":true,\"valueName\":\"search_term_string\"}}],\"inLanguage\":\"vi\"},{\"@type\":\"ImageObject\",\"inLanguage\":\"vi\",\"@id\":\"https:\/\/tranthi.vn\/hanoi\/gia-cat-xay-ha-noi\/#local-main-organization-logo\",\"url\":\"\",\"contentUrl\":\"\",\"caption\":\"V\u1eadt Li\u1ec7u X\u00e2y D\u1ef1ng Tr\u1ea7n Th\u1ecb Chi Nh\u00e1nh H\u00e0 N\u1ed9i\"}]}<\/script>\n<meta property=\"product:price:amount\" content=\"290000\" \/>\n<meta property=\"product:price:currency\" content=\"VND\" \/>\n<meta property=\"og:availability\" content=\"instock\" \/>\n<meta property=\"product:availability\" content=\"instock\" \/>\n<meta property=\"product:condition\" content=\"new\" \/>\n<!-- \/ Yoast SEO Premium plugin. -->","yoast_head_json":{"title":"Gi\u00e1 c\u00e1t x\u00e2y m\u1edbi nh\u1ea5t H\u00e0 N\u1ed9i- 0947.335.871 VLXD Tr\u1ea7n Th\u1ecb","description":"Tr\u1ea7n Th\u1ecb - chuy\u00ean cung c\u1ea5p c\u00e1t x\u00e2y gi\u00e1 r\u1ebb t\u1ea1i Hu\u1ebf, c\u00e1t \u0111\u01b0\u1ee3c l\u1ea5y t\u1eeb t\u1ef1 nhi\u00ean n\u00ean kh\u00f4ng \u0111\u1ea3m b\u1ea3o s\u1ea1ch 100%, nh\u01b0ng \u0111\u1ea3m b\u1ea3o \u0111\u00fang kh\u1ed1i l\u01b0\u1ee3ng","robots":{"index":"index","follow":"follow","max-snippet":"max-snippet:-1","max-image-preview":"max-image-preview:large","max-video-preview":"max-video-preview:-1"},"canonical":"https:\/\/tranthi.vn\/hanoi\/gia-cat-xay-ha-noi\/","og_locale":"vi_VN","og_type":"article","og_title":"C\u00e1t X\u00e2y","og_description":"Tr\u1ea7n Th\u1ecb - chuy\u00ean cung c\u1ea5p c\u00e1t x\u00e2y gi\u00e1 r\u1ebb t\u1ea1i Hu\u1ebf, c\u00e1t \u0111\u01b0\u1ee3c l\u1ea5y t\u1eeb t\u1ef1 nhi\u00ean n\u00ean kh\u00f4ng \u0111\u1ea3m b\u1ea3o s\u1ea1ch 100%, nh\u01b0ng \u0111\u1ea3m b\u1ea3o \u0111\u00fang kh\u1ed1i l\u01b0\u1ee3ng","og_url":"https:\/\/tranthi.vn\/hanoi\/gia-cat-xay-ha-noi\/","og_site_name":"V\u1eadt Li\u1ec7u X\u00e2y D\u1ef1ng Tr\u1ea7n Th\u1ecb Chi Nh\u00e1nh H\u00e0 N\u1ed9i","article_modified_time":"2025-06-16T10:39:14+00:00","og_image":[{"width":400,"height":400,"url":"https:\/\/tranthi.vn\/hanoi\/wp-content\/uploads\/2021\/02\/cat-to.jpg","type":"image\/jpeg"}],"twitter_card":"summary_large_image","twitter_misc":{"Gi\u00e1":"290,000&nbsp;&#8363;","Kh\u1ea3 d\u1ee5ng":"Trong kho"},"schema":{"@context":"https:\/\/schema.org","@graph":[{"@type":["WebPage","ItemPage"],"@id":"https:\/\/tranthi.vn\/hanoi\/gia-cat-xay-ha-noi\/","url":"https:\/\/tranthi.vn\/hanoi\/gia-cat-xay-ha-noi\/","name":"Gi\u00e1 c\u00e1t x\u00e2y m\u1edbi nh\u1ea5t H\u00e0 N\u1ed9i- 0947.335.871 VLXD Tr\u1ea7n Th\u1ecb","isPartOf":{"@id":"https:\/\/tranthi.vn\/hanoi\/#website"},"primaryImageOfPage":{"@id":"https:\/\/tranthi.vn\/hanoi\/gia-cat-xay-ha-noi\/#primaryimage"},"image":{"@id":"https:\/\/tranthi.vn\/hanoi\/gia-cat-xay-ha-noi\/#primaryimage"},"thumbnailUrl":"https:\/\/tranthi.vn\/hanoi\/wp-content\/uploads\/2021\/02\/cat-to.jpg","datePublished":"2021-02-16T09:01:46+00:00","dateModified":"2025-06-16T10:39:14+00:00","description":"Tr\u1ea7n Th\u1ecb - chuy\u00ean cung c\u1ea5p c\u00e1t x\u00e2y gi\u00e1 r\u1ebb t\u1ea1i Hu\u1ebf, c\u00e1t \u0111\u01b0\u1ee3c l\u1ea5y t\u1eeb t\u1ef1 nhi\u00ean n\u00ean kh\u00f4ng \u0111\u1ea3m b\u1ea3o s\u1ea1ch 100%, nh\u01b0ng \u0111\u1ea3m b\u1ea3o \u0111\u00fang kh\u1ed1i l\u01b0\u1ee3ng","breadcrumb":{"@id":"https:\/\/tranthi.vn\/hanoi\/gia-cat-xay-ha-noi\/#breadcrumb"},"inLanguage":"vi","potentialAction":[{"@type":"ReadAction","target":["https:\/\/tranthi.vn\/hanoi\/gia-cat-xay-ha-noi\/"]}]},{"@type":"ImageObject","inLanguage":"vi","@id":"https:\/\/tranthi.vn\/hanoi\/gia-cat-xay-ha-noi\/#primaryimage","url":"https:\/\/tranthi.vn\/hanoi\/wp-content\/uploads\/2021\/02\/cat-to.jpg","contentUrl":"https:\/\/tranthi.vn\/hanoi\/wp-content\/uploads\/2021\/02\/cat-to.jpg","width":400,"height":400},{"@type":"BreadcrumbList","@id":"https:\/\/tranthi.vn\/hanoi\/gia-cat-xay-ha-noi\/#breadcrumb","itemListElement":[{"@type":"ListItem","position":1,"name":"Trang ch\u1ee7","item":"https:\/\/tranthi.vn\/hanoi\/"},{"@type":"ListItem","position":2,"name":"Shop","item":"https:\/\/tranthi.vn\/hanoi\/shop\/"},{"@type":"ListItem","position":3,"name":"C\u00e1t X\u00e2y"}]},{"@type":"WebSite","@id":"https:\/\/tranthi.vn\/hanoi\/#website","url":"https:\/\/tranthi.vn\/hanoi\/","name":"V\u1eadt Li\u1ec7u X\u00e2y D\u1ef1ng Tr\u1ea7n Th\u1ecb Chi Nh\u00e1nh H\u00e0 N\u1ed9i","description":"V\u1eadt Li\u1ec7u X\u00e2y D\u1ef1ng - H\u00e0 N\u1ed9i","potentialAction":[{"@type":"SearchAction","target":{"@type":"EntryPoint","urlTemplate":"https:\/\/tranthi.vn\/hanoi\/?s={search_term_string}"},"query-input":{"@type":"PropertyValueSpecification","valueRequired":true,"valueName":"search_term_string"}}],"inLanguage":"vi"},{"@type":"ImageObject","inLanguage":"vi","@id":"https:\/\/tranthi.vn\/hanoi\/gia-cat-xay-ha-noi\/#local-main-organization-logo","url":"","contentUrl":"","caption":"V\u1eadt Li\u1ec7u X\u00e2y D\u1ef1ng Tr\u1ea7n Th\u1ecb Chi Nh\u00e1nh H\u00e0 N\u1ed9i"}]},"product_price_amount":"290000","product_price_currency":"VND","og_availability":"instock","product_availability":"instock","product_condition":"new"},"_links":{"self":[{"href":"https:\/\/tranthi.vn\/hanoi\/wp-json\/wp\/v2\/product\/823","targetHints":{"allow":["GET"]}}],"collection":[{"href":"https:\/\/tranthi.vn\/hanoi\/wp-json\/wp\/v2\/product"}],"about":[{"href":"https:\/\/tranthi.vn\/hanoi\/wp-json\/wp\/v2\/types\/product"}],"replies":[{"embeddable":true,"href":"https:\/\/tranthi.vn\/hanoi\/wp-json\/wp\/v2\/comments?post=823"}],"wp:featuredmedia":[{"embeddable":true,"href":"https:\/\/tranthi.vn\/hanoi\/wp-json\/wp\/v2\/media\/821"}],"wp:attachment":[{"href":"https:\/\/tranthi.vn\/hanoi\/wp-json\/wp\/v2\/media?parent=823"}],"wp:term":[{"taxonomy":"product_cat","embeddable":true,"href":"https:\/\/tranthi.vn\/hanoi\/wp-json\/wp\/v2\/product_cat?post=823"},{"taxonomy":"product_tag","embeddable":true,"href":"https:\/\/tranthi.vn\/hanoi\/wp-json\/wp\/v2\/product_tag?post=823"}],"curies":[{"name":"wp","href":"https:\/\/api.w.org\/{rel}","templated":true}]}}