{"id":803,"date":"2021-02-16T15:34:08","date_gmt":"2021-02-16T15:34:08","guid":{"rendered":"http:\/\/new-tranthi.test\/san-pham\/bot-tret-toa-homecote-noi-that\/"},"modified":"2024-07-23T10:03:57","modified_gmt":"2024-07-23T03:03:57","slug":"bot-tret-son-toa-homecote-noi-that-ha-noi","status":"publish","type":"product","link":"https:\/\/tranthi.vn\/hanoi\/bot-tret-son-toa-homecote-noi-that-ha-noi\/","title":{"rendered":"B\u1ed9t Tr\u00e9t TOA Homecote N\u1ed9i Th\u1ea5t"},"content":{"rendered":"","protected":false},"excerpt":{"rendered":"<p>\ud83d\ude1b\u00a0Giao h\u00e0ng trong \u0111\u1ecba b\u00e0n <em><a href=\"https:\/\/fr.wikipedia.org\/wiki\/Da_Nang\"><strong>\u0110\u00e0 N\u1eb5ng<\/strong><\/a><\/em><\/p>\n<p>\ud83d\ude1b\u00a0\u0110\u01a1n v\u1ecb t\u00ednh: Th\u00f9ng \u2013 18 l\u00edt<\/p>\n<p>\ud83d\ude1b\u00a0\u0110\u01a1n gi\u00e1 <em><strong><a href=\"https:\/\/tranthi.vn\/hanoi\/?post_type=product&amp;p=2672&amp;preview=true\">B\u1ed9t Tr\u00e9t TOA Homecote N\u1ed9i Th\u1ea5t<\/a><\/strong><\/em> trong n\u1ed9i th\u00e0nh 40 kg &#8211; 190.000\u0111<\/p>\n","protected":false},"featured_media":804,"comment_status":"open","ping_status":"closed","template":"","meta":[],"product_cat":[166,139,165],"product_tag":[],"class_list":{"0":"post-803","1":"product","2":"type-product","3":"status-publish","4":"has-post-thumbnail","6":"product_cat-bot-tret-toa","7":"product_cat-son","8":"product_cat-gia-son-toa-da-nang","10":"first","11":"instock","12":"sale","13":"shipping-taxable","14":"purchasable","15":"product-type-simple"},"yoast_head":"<!-- This site is optimized with the Yoast SEO Premium plugin v22.3 (Yoast SEO v23.7) - https:\/\/yoast.com\/wordpress\/plugins\/seo\/ -->\n<title>B\u1ed9t Tr\u00e9t TOA Homecote N\u1ed9i Th\u1ea5t H\u00e0 N\u1ed9i- 0947.335.871<\/title>\n<meta name=\"description\" content=\"Tr\u1ea7n Th\u1ecb - Chuy\u00ean cung c\u1ea5p s\u01a1n TOA t\u1ea1i H\u00e0 N\u1ed9i-0947.335.871 cho m\u1ecdi c\u00f4ng tr\u00ecnh t\u1eeb nh\u00e0 \u1edf \u0111\u1ebfn c\u00e1c c\u00f4ng tr\u00ecnh l\u1edbn. Web: Tranthi.vn\" \/>\n<meta name=\"robots\" content=\"index, follow, max-snippet:-1, max-image-preview:large, max-video-preview:-1\" \/>\n<link rel=\"canonical\" href=\"https:\/\/tranthi.vn\/hanoi\/bot-tret-son-toa-homecote-noi-that-ha-noi\/\" \/>\n<meta property=\"og:locale\" content=\"vi_VN\" \/>\n<meta property=\"og:type\" content=\"article\" \/>\n<meta property=\"og:title\" content=\"B\u1ed9t Tr\u00e9t TOA Homecote N\u1ed9i Th\u1ea5t\" \/>\n<meta property=\"og:description\" content=\"Tr\u1ea7n Th\u1ecb - Chuy\u00ean cung c\u1ea5p s\u01a1n TOA t\u1ea1i H\u00e0 N\u1ed9i-0947.335.871 cho m\u1ecdi c\u00f4ng tr\u00ecnh t\u1eeb nh\u00e0 \u1edf \u0111\u1ebfn c\u00e1c c\u00f4ng tr\u00ecnh l\u1edbn. Web: Tranthi.vn\" \/>\n<meta property=\"og:url\" content=\"https:\/\/tranthi.vn\/hanoi\/bot-tret-son-toa-homecote-noi-that-ha-noi\/\" \/>\n<meta property=\"og:site_name\" content=\"V\u1eadt Li\u1ec7u X\u00e2y D\u1ef1ng Tr\u1ea7n Th\u1ecb Chi Nh\u00e1nh H\u00e0 N\u1ed9i\" \/>\n<meta property=\"article:modified_time\" content=\"2024-07-23T03:03:57+00:00\" \/>\n<meta property=\"og:image\" content=\"https:\/\/tranthi.vn\/hanoi\/wp-content\/uploads\/2021\/02\/homecote-noi-that-600x600-1.jpg\" \/>\n\t<meta property=\"og:image:width\" content=\"600\" \/>\n\t<meta property=\"og:image:height\" content=\"600\" \/>\n\t<meta property=\"og:image:type\" content=\"image\/jpeg\" \/>\n<meta name=\"twitter:card\" content=\"summary_large_image\" \/>\n<meta name=\"twitter:label1\" content=\"Gi\u00e1\" \/>\n\t<meta name=\"twitter:data1\" content=\"240,000&nbsp;&#8363;\" \/>\n\t<meta name=\"twitter:label2\" content=\"Kh\u1ea3 d\u1ee5ng\" \/>\n\t<meta name=\"twitter:data2\" content=\"Trong kho\" \/>\n<script type=\"application\/ld+json\" class=\"yoast-schema-graph\">{\"@context\":\"https:\/\/schema.org\",\"@graph\":[{\"@type\":[\"WebPage\",\"ItemPage\"],\"@id\":\"https:\/\/tranthi.vn\/hanoi\/bot-tret-son-toa-homecote-noi-that-ha-noi\/\",\"url\":\"https:\/\/tranthi.vn\/hanoi\/bot-tret-son-toa-homecote-noi-that-ha-noi\/\",\"name\":\"B\u1ed9t Tr\u00e9t TOA Homecote N\u1ed9i Th\u1ea5t H\u00e0 N\u1ed9i- 0947.335.871\",\"isPartOf\":{\"@id\":\"https:\/\/tranthi.vn\/hanoi\/#website\"},\"primaryImageOfPage\":{\"@id\":\"https:\/\/tranthi.vn\/hanoi\/bot-tret-son-toa-homecote-noi-that-ha-noi\/#primaryimage\"},\"image\":{\"@id\":\"https:\/\/tranthi.vn\/hanoi\/bot-tret-son-toa-homecote-noi-that-ha-noi\/#primaryimage\"},\"thumbnailUrl\":\"https:\/\/tranthi.vn\/hanoi\/wp-content\/uploads\/2021\/02\/homecote-noi-that-600x600-1.jpg\",\"datePublished\":\"2021-02-16T15:34:08+00:00\",\"dateModified\":\"2024-07-23T03:03:57+00:00\",\"description\":\"Tr\u1ea7n Th\u1ecb - Chuy\u00ean cung c\u1ea5p s\u01a1n TOA t\u1ea1i H\u00e0 N\u1ed9i-0947.335.871 cho m\u1ecdi c\u00f4ng tr\u00ecnh t\u1eeb nh\u00e0 \u1edf \u0111\u1ebfn c\u00e1c c\u00f4ng tr\u00ecnh l\u1edbn. Web: Tranthi.vn\",\"breadcrumb\":{\"@id\":\"https:\/\/tranthi.vn\/hanoi\/bot-tret-son-toa-homecote-noi-that-ha-noi\/#breadcrumb\"},\"inLanguage\":\"vi\",\"potentialAction\":[{\"@type\":\"ReadAction\",\"target\":[\"https:\/\/tranthi.vn\/hanoi\/bot-tret-son-toa-homecote-noi-that-ha-noi\/\"]}]},{\"@type\":\"ImageObject\",\"inLanguage\":\"vi\",\"@id\":\"https:\/\/tranthi.vn\/hanoi\/bot-tret-son-toa-homecote-noi-that-ha-noi\/#primaryimage\",\"url\":\"https:\/\/tranthi.vn\/hanoi\/wp-content\/uploads\/2021\/02\/homecote-noi-that-600x600-1.jpg\",\"contentUrl\":\"https:\/\/tranthi.vn\/hanoi\/wp-content\/uploads\/2021\/02\/homecote-noi-that-600x600-1.jpg\",\"width\":600,\"height\":600},{\"@type\":\"BreadcrumbList\",\"@id\":\"https:\/\/tranthi.vn\/hanoi\/bot-tret-son-toa-homecote-noi-that-ha-noi\/#breadcrumb\",\"itemListElement\":[{\"@type\":\"ListItem\",\"position\":1,\"name\":\"Trang ch\u1ee7\",\"item\":\"https:\/\/tranthi.vn\/hanoi\/\"},{\"@type\":\"ListItem\",\"position\":2,\"name\":\"Shop\",\"item\":\"https:\/\/tranthi.vn\/hanoi\/shop\/\"},{\"@type\":\"ListItem\",\"position\":3,\"name\":\"B\u1ed9t Tr\u00e9t TOA Homecote N\u1ed9i Th\u1ea5t\"}]},{\"@type\":\"WebSite\",\"@id\":\"https:\/\/tranthi.vn\/hanoi\/#website\",\"url\":\"https:\/\/tranthi.vn\/hanoi\/\",\"name\":\"V\u1eadt Li\u1ec7u X\u00e2y D\u1ef1ng Tr\u1ea7n Th\u1ecb Chi Nh\u00e1nh H\u00e0 N\u1ed9i\",\"description\":\"V\u1eadt Li\u1ec7u X\u00e2y D\u1ef1ng - H\u00e0 N\u1ed9i\",\"potentialAction\":[{\"@type\":\"SearchAction\",\"target\":{\"@type\":\"EntryPoint\",\"urlTemplate\":\"https:\/\/tranthi.vn\/hanoi\/?s={search_term_string}\"},\"query-input\":{\"@type\":\"PropertyValueSpecification\",\"valueRequired\":true,\"valueName\":\"search_term_string\"}}],\"inLanguage\":\"vi\"},{\"@type\":\"ImageObject\",\"inLanguage\":\"vi\",\"@id\":\"https:\/\/tranthi.vn\/hanoi\/bot-tret-son-toa-homecote-noi-that-ha-noi\/#local-main-organization-logo\",\"url\":\"\",\"contentUrl\":\"\",\"caption\":\"V\u1eadt Li\u1ec7u X\u00e2y D\u1ef1ng Tr\u1ea7n Th\u1ecb Chi Nh\u00e1nh H\u00e0 N\u1ed9i\"}]}<\/script>\n<meta property=\"product:price:amount\" content=\"240000\" \/>\n<meta property=\"product:price:currency\" content=\"VND\" \/>\n<meta property=\"og:availability\" content=\"instock\" \/>\n<meta property=\"product:availability\" content=\"instock\" \/>\n<meta property=\"product:condition\" content=\"new\" \/>\n<!-- \/ Yoast SEO Premium plugin. -->","yoast_head_json":{"title":"B\u1ed9t Tr\u00e9t TOA Homecote N\u1ed9i Th\u1ea5t H\u00e0 N\u1ed9i- 0947.335.871","description":"Tr\u1ea7n Th\u1ecb - Chuy\u00ean cung c\u1ea5p s\u01a1n TOA t\u1ea1i H\u00e0 N\u1ed9i-0947.335.871 cho m\u1ecdi c\u00f4ng tr\u00ecnh t\u1eeb nh\u00e0 \u1edf \u0111\u1ebfn c\u00e1c c\u00f4ng tr\u00ecnh l\u1edbn. Web: Tranthi.vn","robots":{"index":"index","follow":"follow","max-snippet":"max-snippet:-1","max-image-preview":"max-image-preview:large","max-video-preview":"max-video-preview:-1"},"canonical":"https:\/\/tranthi.vn\/hanoi\/bot-tret-son-toa-homecote-noi-that-ha-noi\/","og_locale":"vi_VN","og_type":"article","og_title":"B\u1ed9t Tr\u00e9t TOA Homecote N\u1ed9i Th\u1ea5t","og_description":"Tr\u1ea7n Th\u1ecb - Chuy\u00ean cung c\u1ea5p s\u01a1n TOA t\u1ea1i H\u00e0 N\u1ed9i-0947.335.871 cho m\u1ecdi c\u00f4ng tr\u00ecnh t\u1eeb nh\u00e0 \u1edf \u0111\u1ebfn c\u00e1c c\u00f4ng tr\u00ecnh l\u1edbn. Web: Tranthi.vn","og_url":"https:\/\/tranthi.vn\/hanoi\/bot-tret-son-toa-homecote-noi-that-ha-noi\/","og_site_name":"V\u1eadt Li\u1ec7u X\u00e2y D\u1ef1ng Tr\u1ea7n Th\u1ecb Chi Nh\u00e1nh H\u00e0 N\u1ed9i","article_modified_time":"2024-07-23T03:03:57+00:00","og_image":[{"width":600,"height":600,"url":"https:\/\/tranthi.vn\/hanoi\/wp-content\/uploads\/2021\/02\/homecote-noi-that-600x600-1.jpg","type":"image\/jpeg"}],"twitter_card":"summary_large_image","twitter_misc":{"Gi\u00e1":"240,000&nbsp;&#8363;","Kh\u1ea3 d\u1ee5ng":"Trong kho"},"schema":{"@context":"https:\/\/schema.org","@graph":[{"@type":["WebPage","ItemPage"],"@id":"https:\/\/tranthi.vn\/hanoi\/bot-tret-son-toa-homecote-noi-that-ha-noi\/","url":"https:\/\/tranthi.vn\/hanoi\/bot-tret-son-toa-homecote-noi-that-ha-noi\/","name":"B\u1ed9t Tr\u00e9t TOA Homecote N\u1ed9i Th\u1ea5t H\u00e0 N\u1ed9i- 0947.335.871","isPartOf":{"@id":"https:\/\/tranthi.vn\/hanoi\/#website"},"primaryImageOfPage":{"@id":"https:\/\/tranthi.vn\/hanoi\/bot-tret-son-toa-homecote-noi-that-ha-noi\/#primaryimage"},"image":{"@id":"https:\/\/tranthi.vn\/hanoi\/bot-tret-son-toa-homecote-noi-that-ha-noi\/#primaryimage"},"thumbnailUrl":"https:\/\/tranthi.vn\/hanoi\/wp-content\/uploads\/2021\/02\/homecote-noi-that-600x600-1.jpg","datePublished":"2021-02-16T15:34:08+00:00","dateModified":"2024-07-23T03:03:57+00:00","description":"Tr\u1ea7n Th\u1ecb - Chuy\u00ean cung c\u1ea5p s\u01a1n TOA t\u1ea1i H\u00e0 N\u1ed9i-0947.335.871 cho m\u1ecdi c\u00f4ng tr\u00ecnh t\u1eeb nh\u00e0 \u1edf \u0111\u1ebfn c\u00e1c c\u00f4ng tr\u00ecnh l\u1edbn. Web: Tranthi.vn","breadcrumb":{"@id":"https:\/\/tranthi.vn\/hanoi\/bot-tret-son-toa-homecote-noi-that-ha-noi\/#breadcrumb"},"inLanguage":"vi","potentialAction":[{"@type":"ReadAction","target":["https:\/\/tranthi.vn\/hanoi\/bot-tret-son-toa-homecote-noi-that-ha-noi\/"]}]},{"@type":"ImageObject","inLanguage":"vi","@id":"https:\/\/tranthi.vn\/hanoi\/bot-tret-son-toa-homecote-noi-that-ha-noi\/#primaryimage","url":"https:\/\/tranthi.vn\/hanoi\/wp-content\/uploads\/2021\/02\/homecote-noi-that-600x600-1.jpg","contentUrl":"https:\/\/tranthi.vn\/hanoi\/wp-content\/uploads\/2021\/02\/homecote-noi-that-600x600-1.jpg","width":600,"height":600},{"@type":"BreadcrumbList","@id":"https:\/\/tranthi.vn\/hanoi\/bot-tret-son-toa-homecote-noi-that-ha-noi\/#breadcrumb","itemListElement":[{"@type":"ListItem","position":1,"name":"Trang ch\u1ee7","item":"https:\/\/tranthi.vn\/hanoi\/"},{"@type":"ListItem","position":2,"name":"Shop","item":"https:\/\/tranthi.vn\/hanoi\/shop\/"},{"@type":"ListItem","position":3,"name":"B\u1ed9t Tr\u00e9t TOA Homecote N\u1ed9i Th\u1ea5t"}]},{"@type":"WebSite","@id":"https:\/\/tranthi.vn\/hanoi\/#website","url":"https:\/\/tranthi.vn\/hanoi\/","name":"V\u1eadt Li\u1ec7u X\u00e2y D\u1ef1ng Tr\u1ea7n Th\u1ecb Chi Nh\u00e1nh H\u00e0 N\u1ed9i","description":"V\u1eadt Li\u1ec7u X\u00e2y D\u1ef1ng - H\u00e0 N\u1ed9i","potentialAction":[{"@type":"SearchAction","target":{"@type":"EntryPoint","urlTemplate":"https:\/\/tranthi.vn\/hanoi\/?s={search_term_string}"},"query-input":{"@type":"PropertyValueSpecification","valueRequired":true,"valueName":"search_term_string"}}],"inLanguage":"vi"},{"@type":"ImageObject","inLanguage":"vi","@id":"https:\/\/tranthi.vn\/hanoi\/bot-tret-son-toa-homecote-noi-that-ha-noi\/#local-main-organization-logo","url":"","contentUrl":"","caption":"V\u1eadt Li\u1ec7u X\u00e2y D\u1ef1ng Tr\u1ea7n Th\u1ecb Chi Nh\u00e1nh H\u00e0 N\u1ed9i"}]},"product_price_amount":"240000","product_price_currency":"VND","og_availability":"instock","product_availability":"instock","product_condition":"new"},"_links":{"self":[{"href":"https:\/\/tranthi.vn\/hanoi\/wp-json\/wp\/v2\/product\/803","targetHints":{"allow":["GET"]}}],"collection":[{"href":"https:\/\/tranthi.vn\/hanoi\/wp-json\/wp\/v2\/product"}],"about":[{"href":"https:\/\/tranthi.vn\/hanoi\/wp-json\/wp\/v2\/types\/product"}],"replies":[{"embeddable":true,"href":"https:\/\/tranthi.vn\/hanoi\/wp-json\/wp\/v2\/comments?post=803"}],"wp:featuredmedia":[{"embeddable":true,"href":"https:\/\/tranthi.vn\/hanoi\/wp-json\/wp\/v2\/media\/804"}],"wp:attachment":[{"href":"https:\/\/tranthi.vn\/hanoi\/wp-json\/wp\/v2\/media?parent=803"}],"wp:term":[{"taxonomy":"product_cat","embeddable":true,"href":"https:\/\/tranthi.vn\/hanoi\/wp-json\/wp\/v2\/product_cat?post=803"},{"taxonomy":"product_tag","embeddable":true,"href":"https:\/\/tranthi.vn\/hanoi\/wp-json\/wp\/v2\/product_tag?post=803"}],"curies":[{"name":"wp","href":"https:\/\/api.w.org\/{rel}","templated":true}]}}