{"id":680,"date":"2021-02-16T06:17:46","date_gmt":"2021-02-15T23:17:46","guid":{"rendered":"http:\/\/new-tranthi.test\/san-pham\/bon-ngang-3000l-gia-10-480-000\/"},"modified":"2021-06-11T14:09:26","modified_gmt":"2021-06-11T07:09:26","slug":"bon-ngang-3000l-gia-10-480-000","status":"publish","type":"product","link":"https:\/\/tranthi.vn\/hanoi\/bon-ngang-3000l-gia-10-480-000\/","title":{"rendered":"B\u1ed3n Ngang 3000L Gi\u00e1 11.230.000"},"content":{"rendered":"","protected":false},"excerpt":{"rendered":"<p><span style=\"font-family: 'times new roman', times, serif; font-size: 14pt; color: #000000;\">&#x1f61b; Giao h\u00e0ng trong \u0111\u1ecba b\u00e0n\u00a0<span style=\"color: #008000;\"><em><a style=\"color: #008000;\" href=\"https:\/\/fr.wikipedia.org\/wiki\/Da_Nang\"><strong>\u0110\u00e0 N\u1eb5ng<\/strong><\/a><\/em><\/span><\/span><\/p>\n<p><span style=\"font-family: 'times new roman', times, serif; font-size: 14pt; color: #000000;\">&#x1f61b; \u0110\u01a1n v\u1ecb t\u00ednh: C\u00e1i<\/span><\/p>\n<p><span style=\"font-family: 'times new roman', times, serif; font-size: 14pt; color: #000000;\">&#x1f61b; \u0110\u01a1n gi\u00e1<em><strong>: <span style=\"color: #008000;\"><a style=\"color: #008000;\" href=\"https:\/\/tranthi.vn\/hanoi\/gia-bon-nuoc-toan-my-ngang-3000-lit\/\">B\u1ed3n Ngang TM 3000 F1420<\/a><\/span><\/strong><strong>\u00a0<\/strong><\/em>trong n\u1ed9i th\u00e0nh_ <span style=\"color: #ff0000;\"><strong>Gi\u00e1: 10.480.000\u0111\/C\u00e1i<\/strong><\/span> (Gi\u00e1 \u0111\u00e3 bao g\u1ed3m ph\u00ed v\u1eadn chuy\u1ec3n v\u00e0 k\u00e9o l\u00ean t\u1ea7ng- kh\u00f4ng c\u00f3 phao \u0111i\u1ec7n, b\u1ea3o h\u00e0nh 12 n\u0103m)<\/span><\/p>\n<p><span style=\"color: #000000; font-family: 'times new roman', times, serif; font-size: 14pt;\">\u0110\u01b0\u1eddng k\u00ednh: 1420; Chi\u1ec1u cao c\u1ea3 ch\u00e2n: 1640; Chi\u1ec1u d\u00e0i th\u00e2n b\u1ed3n: 1990; Chi\u1ec1u r\u1ed9ng c\u1ee7a ch\u00e2n: 1470 x 1470 (mm) (mm)<\/span><\/p>\n","protected":false},"featured_media":673,"comment_status":"open","ping_status":"closed","template":"","meta":[],"product_cat":[83,71,70,82],"product_tag":[],"class_list":{"0":"post-680","1":"product","2":"type-product","3":"status-publish","4":"has-post-thumbnail","6":"product_cat-bon-ngang-bon-nuoc-toan-my","7":"product_cat-bon-nuoc","8":"product_cat-bon-nuoc-may-nuoc-nong","9":"product_cat-bon-nuoc-toan-my","11":"first","12":"instock","13":"sale","14":"shipping-taxable","15":"purchasable","16":"product-type-simple"},"yoast_head":"<!-- This site is optimized with the Yoast SEO Premium plugin v22.3 (Yoast SEO v23.7) - https:\/\/yoast.com\/wordpress\/plugins\/seo\/ -->\n<title>B\u1ed3n Ngang 3000L Gi\u00e1 11.230.000 - V\u1eadt Li\u1ec7u X\u00e2y D\u1ef1ng Tr\u1ea7n Th\u1ecb Chi Nh\u00e1nh H\u00e0 N\u1ed9i<\/title>\n<meta name=\"robots\" content=\"index, follow, max-snippet:-1, max-image-preview:large, max-video-preview:-1\" \/>\n<link rel=\"canonical\" href=\"https:\/\/tranthi.vn\/hanoi\/bon-ngang-3000l-gia-10-480-000\/\" \/>\n<meta property=\"og:locale\" content=\"vi_VN\" \/>\n<meta property=\"og:type\" content=\"article\" \/>\n<meta property=\"og:title\" content=\"B\u1ed3n Ngang 3000L Gi\u00e1 11.230.000\" \/>\n<meta property=\"og:description\" content=\"&#x1f61b; Giao h\u00e0ng trong \u0111\u1ecba b\u00e0n\u00a0\u0110\u00e0 N\u1eb5ng  &#x1f61b; \u0110\u01a1n v\u1ecb t\u00ednh: C\u00e1i  &#x1f61b; \u0110\u01a1n gi\u00e1: B\u1ed3n Ngang TM 3000 F1420\u00a0trong n\u1ed9i th\u00e0nh_ Gi\u00e1: 10.480.000\u0111\/C\u00e1i (Gi\u00e1 \u0111\u00e3 bao g\u1ed3m ph\u00ed v\u1eadn chuy\u1ec3n v\u00e0 k\u00e9o l\u00ean t\u1ea7ng- kh\u00f4ng c\u00f3 phao \u0111i\u1ec7n, b\u1ea3o h\u00e0nh 12 n\u0103m)  \u0110\u01b0\u1eddng k\u00ednh: 1420; Chi\u1ec1u cao c\u1ea3 ch\u00e2n: 1640; Chi\u1ec1u d\u00e0i th\u00e2n b\u1ed3n: 1990; Chi\u1ec1u r\u1ed9ng c\u1ee7a ch\u00e2n: 1470 x 1470 (mm) (mm)\" \/>\n<meta property=\"og:url\" content=\"https:\/\/tranthi.vn\/hanoi\/bon-ngang-3000l-gia-10-480-000\/\" \/>\n<meta property=\"og:site_name\" content=\"V\u1eadt Li\u1ec7u X\u00e2y D\u1ef1ng Tr\u1ea7n Th\u1ecb Chi Nh\u00e1nh H\u00e0 N\u1ed9i\" \/>\n<meta property=\"article:modified_time\" content=\"2021-06-11T07:09:26+00:00\" \/>\n<meta property=\"og:image\" content=\"https:\/\/tranthi.vn\/hanoi\/wp-content\/uploads\/2021\/02\/gia-bon-nuoc-toan-my-ngang-1.jpg\" \/>\n\t<meta property=\"og:image:width\" content=\"700\" \/>\n\t<meta property=\"og:image:height\" content=\"800\" \/>\n\t<meta property=\"og:image:type\" content=\"image\/jpeg\" \/>\n<meta name=\"twitter:card\" content=\"summary_large_image\" \/>\n<meta name=\"twitter:label1\" content=\"Gi\u00e1\" \/>\n\t<meta name=\"twitter:data1\" content=\"11,230,000&nbsp;&#8363;\" \/>\n\t<meta name=\"twitter:label2\" content=\"Kh\u1ea3 d\u1ee5ng\" \/>\n\t<meta name=\"twitter:data2\" content=\"Trong kho\" \/>\n<script type=\"application\/ld+json\" class=\"yoast-schema-graph\">{\"@context\":\"https:\/\/schema.org\",\"@graph\":[{\"@type\":[\"WebPage\",\"ItemPage\"],\"@id\":\"https:\/\/tranthi.vn\/hanoi\/bon-ngang-3000l-gia-10-480-000\/\",\"url\":\"https:\/\/tranthi.vn\/hanoi\/bon-ngang-3000l-gia-10-480-000\/\",\"name\":\"B\u1ed3n Ngang 3000L Gi\u00e1 11.230.000 - V\u1eadt Li\u1ec7u X\u00e2y D\u1ef1ng Tr\u1ea7n Th\u1ecb Chi Nh\u00e1nh H\u00e0 N\u1ed9i\",\"isPartOf\":{\"@id\":\"https:\/\/tranthi.vn\/hanoi\/#website\"},\"primaryImageOfPage\":{\"@id\":\"https:\/\/tranthi.vn\/hanoi\/bon-ngang-3000l-gia-10-480-000\/#primaryimage\"},\"image\":{\"@id\":\"https:\/\/tranthi.vn\/hanoi\/bon-ngang-3000l-gia-10-480-000\/#primaryimage\"},\"thumbnailUrl\":\"https:\/\/tranthi.vn\/hanoi\/wp-content\/uploads\/2021\/02\/gia-bon-nuoc-toan-my-ngang-1.jpg\",\"datePublished\":\"2021-02-15T23:17:46+00:00\",\"dateModified\":\"2021-06-11T07:09:26+00:00\",\"breadcrumb\":{\"@id\":\"https:\/\/tranthi.vn\/hanoi\/bon-ngang-3000l-gia-10-480-000\/#breadcrumb\"},\"inLanguage\":\"vi\",\"potentialAction\":[{\"@type\":\"ReadAction\",\"target\":[\"https:\/\/tranthi.vn\/hanoi\/bon-ngang-3000l-gia-10-480-000\/\"]}]},{\"@type\":\"ImageObject\",\"inLanguage\":\"vi\",\"@id\":\"https:\/\/tranthi.vn\/hanoi\/bon-ngang-3000l-gia-10-480-000\/#primaryimage\",\"url\":\"https:\/\/tranthi.vn\/hanoi\/wp-content\/uploads\/2021\/02\/gia-bon-nuoc-toan-my-ngang-1.jpg\",\"contentUrl\":\"https:\/\/tranthi.vn\/hanoi\/wp-content\/uploads\/2021\/02\/gia-bon-nuoc-toan-my-ngang-1.jpg\",\"width\":700,\"height\":800},{\"@type\":\"BreadcrumbList\",\"@id\":\"https:\/\/tranthi.vn\/hanoi\/bon-ngang-3000l-gia-10-480-000\/#breadcrumb\",\"itemListElement\":[{\"@type\":\"ListItem\",\"position\":1,\"name\":\"Trang ch\u1ee7\",\"item\":\"https:\/\/tranthi.vn\/hanoi\/\"},{\"@type\":\"ListItem\",\"position\":2,\"name\":\"Shop\",\"item\":\"https:\/\/tranthi.vn\/hanoi\/shop\/\"},{\"@type\":\"ListItem\",\"position\":3,\"name\":\"B\u1ed3n Ngang 3000L Gi\u00e1 11.230.000\"}]},{\"@type\":\"WebSite\",\"@id\":\"https:\/\/tranthi.vn\/hanoi\/#website\",\"url\":\"https:\/\/tranthi.vn\/hanoi\/\",\"name\":\"V\u1eadt Li\u1ec7u X\u00e2y D\u1ef1ng Tr\u1ea7n Th\u1ecb Chi Nh\u00e1nh H\u00e0 N\u1ed9i\",\"description\":\"V\u1eadt Li\u1ec7u X\u00e2y D\u1ef1ng - H\u00e0 N\u1ed9i\",\"potentialAction\":[{\"@type\":\"SearchAction\",\"target\":{\"@type\":\"EntryPoint\",\"urlTemplate\":\"https:\/\/tranthi.vn\/hanoi\/?s={search_term_string}\"},\"query-input\":{\"@type\":\"PropertyValueSpecification\",\"valueRequired\":true,\"valueName\":\"search_term_string\"}}],\"inLanguage\":\"vi\"},{\"@type\":\"ImageObject\",\"inLanguage\":\"vi\",\"@id\":\"https:\/\/tranthi.vn\/hanoi\/bon-ngang-3000l-gia-10-480-000\/#local-main-organization-logo\",\"url\":\"\",\"contentUrl\":\"\",\"caption\":\"V\u1eadt Li\u1ec7u X\u00e2y D\u1ef1ng Tr\u1ea7n Th\u1ecb Chi Nh\u00e1nh H\u00e0 N\u1ed9i\"}]}<\/script>\n<meta property=\"product:price:amount\" content=\"11230000\" \/>\n<meta property=\"product:price:currency\" content=\"VND\" \/>\n<meta property=\"og:availability\" content=\"instock\" \/>\n<meta property=\"product:availability\" content=\"instock\" \/>\n<meta property=\"product:condition\" content=\"new\" \/>\n<!-- \/ Yoast SEO Premium plugin. -->","yoast_head_json":{"title":"B\u1ed3n Ngang 3000L Gi\u00e1 11.230.000 - V\u1eadt Li\u1ec7u X\u00e2y D\u1ef1ng Tr\u1ea7n Th\u1ecb Chi Nh\u00e1nh H\u00e0 N\u1ed9i","robots":{"index":"index","follow":"follow","max-snippet":"max-snippet:-1","max-image-preview":"max-image-preview:large","max-video-preview":"max-video-preview:-1"},"canonical":"https:\/\/tranthi.vn\/hanoi\/bon-ngang-3000l-gia-10-480-000\/","og_locale":"vi_VN","og_type":"article","og_title":"B\u1ed3n Ngang 3000L Gi\u00e1 11.230.000","og_description":"&#x1f61b; Giao h\u00e0ng trong \u0111\u1ecba b\u00e0n\u00a0\u0110\u00e0 N\u1eb5ng  &#x1f61b; \u0110\u01a1n v\u1ecb t\u00ednh: C\u00e1i  &#x1f61b; \u0110\u01a1n gi\u00e1: B\u1ed3n Ngang TM 3000 F1420\u00a0trong n\u1ed9i th\u00e0nh_ Gi\u00e1: 10.480.000\u0111\/C\u00e1i (Gi\u00e1 \u0111\u00e3 bao g\u1ed3m ph\u00ed v\u1eadn chuy\u1ec3n v\u00e0 k\u00e9o l\u00ean t\u1ea7ng- kh\u00f4ng c\u00f3 phao \u0111i\u1ec7n, b\u1ea3o h\u00e0nh 12 n\u0103m)  \u0110\u01b0\u1eddng k\u00ednh: 1420; Chi\u1ec1u cao c\u1ea3 ch\u00e2n: 1640; Chi\u1ec1u d\u00e0i th\u00e2n b\u1ed3n: 1990; Chi\u1ec1u r\u1ed9ng c\u1ee7a ch\u00e2n: 1470 x 1470 (mm) (mm)","og_url":"https:\/\/tranthi.vn\/hanoi\/bon-ngang-3000l-gia-10-480-000\/","og_site_name":"V\u1eadt Li\u1ec7u X\u00e2y D\u1ef1ng Tr\u1ea7n Th\u1ecb Chi Nh\u00e1nh H\u00e0 N\u1ed9i","article_modified_time":"2021-06-11T07:09:26+00:00","og_image":[{"width":700,"height":800,"url":"https:\/\/tranthi.vn\/hanoi\/wp-content\/uploads\/2021\/02\/gia-bon-nuoc-toan-my-ngang-1.jpg","type":"image\/jpeg"}],"twitter_card":"summary_large_image","twitter_misc":{"Gi\u00e1":"11,230,000&nbsp;&#8363;","Kh\u1ea3 d\u1ee5ng":"Trong kho"},"schema":{"@context":"https:\/\/schema.org","@graph":[{"@type":["WebPage","ItemPage"],"@id":"https:\/\/tranthi.vn\/hanoi\/bon-ngang-3000l-gia-10-480-000\/","url":"https:\/\/tranthi.vn\/hanoi\/bon-ngang-3000l-gia-10-480-000\/","name":"B\u1ed3n Ngang 3000L Gi\u00e1 11.230.000 - V\u1eadt Li\u1ec7u X\u00e2y D\u1ef1ng Tr\u1ea7n Th\u1ecb Chi Nh\u00e1nh H\u00e0 N\u1ed9i","isPartOf":{"@id":"https:\/\/tranthi.vn\/hanoi\/#website"},"primaryImageOfPage":{"@id":"https:\/\/tranthi.vn\/hanoi\/bon-ngang-3000l-gia-10-480-000\/#primaryimage"},"image":{"@id":"https:\/\/tranthi.vn\/hanoi\/bon-ngang-3000l-gia-10-480-000\/#primaryimage"},"thumbnailUrl":"https:\/\/tranthi.vn\/hanoi\/wp-content\/uploads\/2021\/02\/gia-bon-nuoc-toan-my-ngang-1.jpg","datePublished":"2021-02-15T23:17:46+00:00","dateModified":"2021-06-11T07:09:26+00:00","breadcrumb":{"@id":"https:\/\/tranthi.vn\/hanoi\/bon-ngang-3000l-gia-10-480-000\/#breadcrumb"},"inLanguage":"vi","potentialAction":[{"@type":"ReadAction","target":["https:\/\/tranthi.vn\/hanoi\/bon-ngang-3000l-gia-10-480-000\/"]}]},{"@type":"ImageObject","inLanguage":"vi","@id":"https:\/\/tranthi.vn\/hanoi\/bon-ngang-3000l-gia-10-480-000\/#primaryimage","url":"https:\/\/tranthi.vn\/hanoi\/wp-content\/uploads\/2021\/02\/gia-bon-nuoc-toan-my-ngang-1.jpg","contentUrl":"https:\/\/tranthi.vn\/hanoi\/wp-content\/uploads\/2021\/02\/gia-bon-nuoc-toan-my-ngang-1.jpg","width":700,"height":800},{"@type":"BreadcrumbList","@id":"https:\/\/tranthi.vn\/hanoi\/bon-ngang-3000l-gia-10-480-000\/#breadcrumb","itemListElement":[{"@type":"ListItem","position":1,"name":"Trang ch\u1ee7","item":"https:\/\/tranthi.vn\/hanoi\/"},{"@type":"ListItem","position":2,"name":"Shop","item":"https:\/\/tranthi.vn\/hanoi\/shop\/"},{"@type":"ListItem","position":3,"name":"B\u1ed3n Ngang 3000L Gi\u00e1 11.230.000"}]},{"@type":"WebSite","@id":"https:\/\/tranthi.vn\/hanoi\/#website","url":"https:\/\/tranthi.vn\/hanoi\/","name":"V\u1eadt Li\u1ec7u X\u00e2y D\u1ef1ng Tr\u1ea7n Th\u1ecb Chi Nh\u00e1nh H\u00e0 N\u1ed9i","description":"V\u1eadt Li\u1ec7u X\u00e2y D\u1ef1ng - H\u00e0 N\u1ed9i","potentialAction":[{"@type":"SearchAction","target":{"@type":"EntryPoint","urlTemplate":"https:\/\/tranthi.vn\/hanoi\/?s={search_term_string}"},"query-input":{"@type":"PropertyValueSpecification","valueRequired":true,"valueName":"search_term_string"}}],"inLanguage":"vi"},{"@type":"ImageObject","inLanguage":"vi","@id":"https:\/\/tranthi.vn\/hanoi\/bon-ngang-3000l-gia-10-480-000\/#local-main-organization-logo","url":"","contentUrl":"","caption":"V\u1eadt Li\u1ec7u X\u00e2y D\u1ef1ng Tr\u1ea7n Th\u1ecb Chi Nh\u00e1nh H\u00e0 N\u1ed9i"}]},"product_price_amount":"11230000","product_price_currency":"VND","og_availability":"instock","product_availability":"instock","product_condition":"new"},"_links":{"self":[{"href":"https:\/\/tranthi.vn\/hanoi\/wp-json\/wp\/v2\/product\/680","targetHints":{"allow":["GET"]}}],"collection":[{"href":"https:\/\/tranthi.vn\/hanoi\/wp-json\/wp\/v2\/product"}],"about":[{"href":"https:\/\/tranthi.vn\/hanoi\/wp-json\/wp\/v2\/types\/product"}],"replies":[{"embeddable":true,"href":"https:\/\/tranthi.vn\/hanoi\/wp-json\/wp\/v2\/comments?post=680"}],"wp:featuredmedia":[{"embeddable":true,"href":"https:\/\/tranthi.vn\/hanoi\/wp-json\/wp\/v2\/media\/673"}],"wp:attachment":[{"href":"https:\/\/tranthi.vn\/hanoi\/wp-json\/wp\/v2\/media?parent=680"}],"wp:term":[{"taxonomy":"product_cat","embeddable":true,"href":"https:\/\/tranthi.vn\/hanoi\/wp-json\/wp\/v2\/product_cat?post=680"},{"taxonomy":"product_tag","embeddable":true,"href":"https:\/\/tranthi.vn\/hanoi\/wp-json\/wp\/v2\/product_tag?post=680"}],"curies":[{"name":"wp","href":"https:\/\/api.w.org\/{rel}","templated":true}]}}