{"id":628,"date":"2020-02-16T06:02:38","date_gmt":"2020-02-15T23:02:38","guid":{"rendered":"http:\/\/new-tranthi.test\/san-pham\/bon-cau-dococera-1-nhan\/"},"modified":"2022-03-29T11:13:37","modified_gmt":"2022-03-29T04:13:37","slug":"bon-cau-dococera-1-nhan","status":"publish","type":"product","link":"https:\/\/tranthi.vn\/hanoi\/bon-cau-dococera-1-nhan\/","title":{"rendered":"B\u1ed3n C\u1ea7u Dococera &#8211; 1 nh\u1ea5n( n\u1eafp th\u01b0\u1eddng)"},"content":{"rendered":"<h1 style=\"text-align: center;\"><a href=\"https:\/\/tranthi.vn\/hanoi\/bon-cau-dococera-1-nhan-da-nang\/\"><span style=\"color: #ff0000; font-size: 14pt; font-family: 'times new roman', times, serif;\"><strong>B\u1ed2N C\u1ea6U DOCOCERA GI\u00c1 SI\u00caU R\u1eba T\u1ea0I \u0110\u00c0 N\u1eb4NG<\/strong><\/span><\/a><\/h1>\n<p><span style=\"color: #000000; font-size: 14pt; font-family: 'times new roman', times, serif;\"><strong><em>B\u1ed3n c\u1ea7u<\/em><\/strong> l\u00e0 thi\u1ebft b\u1ecb \u0111\u01b0\u1ee3c s\u1eed d\u1ee5ng th\u01b0\u1eddng xuy\u00ean trong gia \u0111\u00ecnh, t\u1ea1i <a href=\"https:\/\/vi.wikipedia.org\/wiki\/%C4%90%C3%A0_N%E1%BA%B5ng\"><em>\u0110\u00e0 N\u1eb5ng<\/em> <\/a>\u0111\u1ec3 c\u00f3 th\u1ec3 mua \u0111\u01b0\u01a1c m\u1ed9t chi\u1ebfc b\u1ed3n c\u1ea7u v\u1eeba ch\u1ea5t l\u01b0\u1ee3ng nh\u01b0ng <strong><em>gi\u00e1 r\u1ebb<\/em><\/strong> th\u00ec kh\u00f4ng \u0111\u00e2u kh\u00e1c ngo\u00e0i b\u1ed3n c\u1ea7u Dococera. <\/span><\/p>\n<p><span style=\"color: #000000; font-size: 14pt; font-family: 'times new roman', times, serif;\">L\u00e0 s\u1ea3n ph\u1ea9m \u0111\u1ebfn t\u1eeb th\u01b0\u01a1ng hi\u1ec7u Dococera c\u00e1c s\u1ea3n ph\u1ea9m kh\u00f4ng ch\u1ec9 mang gi\u00e1 c\u1ea3 b\u00ecnh d\u00e2n d\u1ec5 s\u1eed d\u1ee5ng m\u00e0 ch\u1ea5t l\u01b0\u1ee3ng c\u0169ng v\u00f4 c\u00f9ng v\u01b0\u1ee3t tr\u1ed9i. C\u00e1c s\u1ea3n ph\u1ea9m \u0111a d\u1ea1ng v\u1edbi nhi\u1ec1u ph\u00e2n kh\u00fac kh\u00e1c nhau th\u00edch h\u1ee3p v\u1edbi m\u1ecdi t\u1ea7ng l\u1edbp kh\u00e1ch h\u00e0ng<\/span><\/p>\n<h2><span style=\"font-family: 'times new roman', times, serif; font-size: 14pt; color: #000000;\"><span style=\"color: #ff0000;\"><strong>\u0110\u1eb6C \u0110I\u1ec2M C\u1ee6A B\u1ed2N C\u1ea6U 1 NH\u1ea4N DOCOCERA<\/strong><\/span>\u00a0<\/span><\/h2>\n<p><span style=\"font-family: 'times new roman', times, serif; font-size: 14pt; color: #000000;\">\u2663\u00a0 Th\u01b0\u01a1ng hi\u1ec7u lu\u00f4n l\u00e0 m\u1ed9t ph\u1ea7n quan tr\u1ecdng quy\u1ebft \u0111\u1ecbnh \u0111\u1ebfn kh\u1ea3 n\u0103ng mua h\u00e0ng c\u1ee7a ng\u01b0\u1eddi ti\u00eau d\u00f9ng. B\u1ed3n c\u1ea7u dococera \u0111\u01b0\u1ee3c kh\u00e1 nhi\u1ec1u kh\u00e1ch h\u00e0ng tin t\u01b0\u1edfng v\u00e0 l\u1ef1a ch\u1ecdn. Nh\u1edd v\u00e0o ti\u00eau ch\u00ed <em><strong>gi\u00e1 r\u1ebb<\/strong><\/em> v\u00e0 s\u1ef1 t\u1ef7 m\u1ef9 trong c\u00f4ng \u0111o\u1ea1n s\u1ea3n xu\u1ea5t <em><strong>b\u1ed3n c\u1ea7u<\/strong><\/em>, ph\u00f9 h\u1ee3p v\u1edbi m\u1ecdi kh\u00f4ng gian l\u1eafp \u0111\u1eb7t<\/span><\/p>\n<p><span style=\"font-family: 'times new roman', times, serif; font-size: 14pt; color: #000000;\">\u2663 B\u1ed3n c\u1ea7u Dococera l\u00e0 b\u1ed3n c\u1ea7u hai kh\u1ed1i, bao g\u1ed3m ph\u1ea7n k\u00e9t n\u01b0\u1edbc v\u00e0 th\u00e2n c\u1ea7u. Hai kh\u1ed1i r\u1eddi nhau nh\u01b0ng kh\u00f4ng \u0111\u1ec3 l\u1ed9 r\u00f5 kho\u1ea3ng c\u00e1ch v\u00e0 ti\u1ec7n l\u1ee3i trong vi\u1ec7c di d\u1eddi<\/span><\/p>\n<p><span style=\"font-size: 14pt; font-family: 'times new roman', times, serif; color: #000000;\">\u2663 \u0110\u1eb7c bi\u1ec7t v\u1edbi gi\u00e1 th\u00e0nh nh\u01b0 v\u1eadt nh\u01b0ng thi\u1ebft k\u1ebf c\u1ee7a b\u1ed3n c\u1ea7u v\u1eabn v\u00f4 c\u00f9ng t\u1ef7 m\u0129 tinh t\u1ebf. Nh\u00ecn v\u00e0o kh\u00f4ng c\u1ea3m th\u1ea5y qu\u00e1 th\u00f4. \u0110\u1eb7c bi\u1ec7t l\u00e0 k\u00edch th\u01b0\u1edbc nh\u1ecf th\u00edch h\u1ee3p cho nh\u1eefng gian ph\u00f2ng c\u00f3 kh\u00f4ng gian h\u1ea1n ch\u1ebf<\/span><\/p>\n<p><span style=\"font-family: 'times new roman', times, serif; font-size: 14pt; color: #000000;\">\u2663 N\u1ebfu b\u1ea1n kh\u00f4ng th\u00edch ch\u1ecdn m\u00e0u tr\u1eafng th\u00ec <strong><em>b\u1ed3n c\u1ea7u<\/em><\/strong> Dolacera c\u00f3 r\u1ea5t nhi\u1ec1u l\u1ef1a ch\u1ecdn kh\u00e1c \u0111\u1ec3 b\u1ea1n l\u1ef1a. Nh\u01b0 m\u00e0u \u0111\u1ecf m\u1eadn, xanh bi\u1ec3n, xanh ng\u1ecdc khi ch\u1ecdn c\u00e1c m\u00e0u n\u00e0y t\u1ea1o cho s\u1ea3n ph\u1ea9m l\u00e2u c\u0169. M\u00e0u tr\u1eafng th\u00ec t\u1ea1o n\u00ean s\u1ef1 tinh t\u1ebf cho nh\u00e0 v\u1ec7 sinh.<\/span><\/p>\n<p>&nbsp;<\/p>\n<p><span style=\"font-family: 'times new roman', times, serif; font-size: 14pt; color: #000000;\"><img loading=\"lazy\" decoding=\"async\" class=\"size-full wp-image-4991 aligncenter\" src=\"https:\/\/tranthi.vn\/hanoi\/wp-content\/uploads\/2020\/05\/bon-cau-gia-re-tai-da-nang.jpg\" alt=\"bon-cau-gia-re-tai-da-nang\" width=\"800\" height=\"300\" \/><\/span><\/p>\n<p style=\"text-align: center;\"><span style=\"color: #ff6600;\"><strong><em><span style=\"font-family: 'times new roman', times, serif; font-size: 14pt;\">B\u1ed3n c\u1ea7u Dococera c\u00f3 nhi\u1ec1u m\u00e0u s\u1eafc cho b\u1ea1n l\u1ef1a ch\u1ecdn<\/span><\/em><\/strong><\/span><\/p>\n<p><span style=\"font-family: 'times new roman', times, serif; font-size: 14pt; color: #000000;\">\u2663 B\u1ea1n th\u01b0\u1eddng th\u1ea5y c\u00e1c nh\u00e0 v\u1ec7 sinh c\u00f4ng c\u1ed9ng hay nh\u00e0 tr\u1ecd th\u01b0\u1eddng kh\u00f4ng c\u00f3 ch\u1ebf \u0111\u1ed9 x\u1ea3 ph\u1ea3i x\u1ea3 b\u1eb1ng tay. Nh\u01b0ng b\u1ed3n c\u1ea7u 1 nh\u1ea5n Dolacera m\u00e0u tr\u1eafng c\u00f3 1 ch\u1ebf \u0111\u1ed9 x\u1ea3 gi\u00fap ti\u1ebft ki\u1ec7m n\u01b0\u1edbc. V\u1edbi ch\u1ebf \u0111\u1ed9 x\u1ea3 n\u00e0y m\u1ecdi v\u1ebft b\u1ea9n s\u1ebd cu\u1ed1n tr\u00f4i t\u00edch t\u1eafc trong m\u1ed9t l\u1ea7n nh\u1ea5n n\u00fat.<\/span><\/p>\n<p><span style=\"font-family: 'times new roman', times, serif; font-size: 14pt; color: #000000;\">\u2663M\u1ed9t s\u1ef1 th\u1eadt l\u00e0 m\u1ecdi ng\u01b0\u1eddi ng\u1ea1i s\u1eed d\u1ee5ng v\u1ec7 sinh c\u00f4ng c\u1ed9ng. V\u00ec ch\u00fang kh\u00f4ng \u0111\u1ea3m b\u1ea3o s\u1ee9c kh\u1ecfe d\u1ec5 g\u00e2y b\u1ec7nh nh\u01b0ng b\u1ed3n c\u1ea7u n\u00e0y s\u1eed d\u1ee5ng men s\u00e1ng b\u00f3ng. H\u1ea1n ch\u1ebf\u00a0b\u00e1m d\u00ednh v\u00e0 vi khu\u1ea9n t\u1ed1i\u00a0\u0111a cho ng\u01b0\u1eddi s\u1eed d\u1ee5ng<\/span><\/p>\n<p><span style=\"font-family: 'times new roman', times, serif; font-size: 14pt; color: #000000;\">\u2663 \u0110a s\u1ed1 kh\u00e1ch h\u00e0ng t\u1ea1i <strong><em>\u0110\u00e0 N\u1eb5ng<\/em><\/strong> th\u01b0\u1edfng s\u1eed d\u1ee5ng <strong><em>b\u1ed3n c\u1ea7u<\/em><\/strong> Dococera cho gia \u0111\u00ecnh ho\u1eb7c cho nh\u00e0 tr\u1ecd, v\u00ec <a href=\"https:\/\/vi.wikipedia.org\/wiki\/Gi%C3%A1_c%E1%BA%A3\">gi\u00e1<\/a> r\u1ebb m\u00e0 th\u1eddi gian s\u1eed d\u1ee5ng kh\u00e1 d\u00e0i\u00a0<\/span><\/p>\n<h2><strong><span style=\"font-family: 'times new roman', times, serif; font-size: 14pt; color: #ff0000;\">S\u1ef0 KH\u00c1C NHAU C\u1ee6A B\u1ed2N C\u1ea6U 1 NH\u1ea4N V\u00c0 2 NH\u1ea4N<\/span><\/strong><\/h2>\n<p><span style=\"color: #008000;\"><em><strong><span style=\"font-family: 'times new roman', times, serif; font-size: 14pt;\">a) B\u1ed3n c\u1ea7u 1 nh\u1ea5n<\/span><\/strong><\/em><\/span><\/p>\n<p><span style=\"font-family: 'times new roman', times, serif; font-size: 14pt; color: #000000;\"><em><strong>B\u1ed3n c\u1ea7u<\/strong><\/em> m\u1ed9t nh\u1ea5n c\u00f3 nguy\u00ean l\u00fd ho\u1ea1t \u0111\u1ed9ng c\u0169ng gi\u1ed1ng v\u1edbi b\u1ed3n c\u1ea7u g\u1ea1t. V\u00ec b\u1ed3n c\u1ea7u l\u00e0 thi\u1ebft b\u1ecb \u0111\u01b0\u1ee3c s\u1eed d\u1ee5ng th\u01b0\u1eddng xuy\u00ean trong gia \u0111\u00ecnh v\u00e0 c\u0169ng t\u1ed1n r\u1ea5t nhi\u1ec1u n\u01b0\u1edbc trong qu\u00e1 tr\u00ecnh s\u1eed d\u1ee5ng.<\/span><\/p>\n<p style=\"text-align: center;\"><span style=\"font-family: 'times new roman', times, serif; font-size: 14pt; color: #000000;\"><img loading=\"lazy\" decoding=\"async\" class=\"alignnone size-large wp-image-4992\" src=\"https:\/\/tranthi.vn\/hanoi\/wp-content\/uploads\/2020\/05\/BON-1-NHAN-1024x470.jpg\" alt=\"BON-1-NHAN\" width=\"810\" height=\"372\" \/><\/span><\/p>\n<p style=\"text-align: center;\"><span style=\"font-size: 14pt; font-family: 'times new roman', times, serif; color: #0000ff;\"><strong><em>C\u00e1ch nh\u1eadn di\u1ec7n b\u1ed3n c\u1ea7u 1 nh\u1ea5n<\/em><\/strong><\/span><\/p>\n<p style=\"text-align: left;\"><span style=\"font-family: 'times new roman', times, serif; font-size: 14pt; color: #000000;\">\u0110\u1ed1i v\u1edbi<em><strong> b\u1ed3n c\u1ea7u<\/strong><\/em> m\u1ed9t nh\u1ea5n ho\u1eb7c b\u1ed3n c\u1ea7u g\u1ea1t th\u00ec ch\u1ec9 c\u00f3 m\u1ed9t \u0111\u1ecbnh m\u1ee9c cho l\u01b0\u1ee3ng n\u01b0\u1edbc x\u1ea3. T\u1ee9c l\u00e0 b\u1ea1n kh\u00f4ng c\u00f3 l\u1ef1a ch\u1ecdn cho vi\u1ec7c x\u1ea3 \u00edt n\u01b0\u1edbc hay nhi\u1ec1u n\u01b0\u1edbc \u0111\u1ec3 ti\u1ebft ki\u1ec7m. Ch\u00ednh v\u00ec th\u1ebf n\u00ean b\u1ed3n c\u1ea7u m\u1ed9t nh\u1ea5n c\u00f3 <strong><em>gi\u00e1 r\u1ebb<\/em><\/strong> h\u01a1n v\u00e0 \u00edt \u0111\u01b0\u1ee3c l\u1ef1a ch\u1ecdn h\u01a1n<\/span><\/p>\n<p><span style=\"color: #008000;\"><strong><em><span style=\"font-family: 'times new roman', times, serif; font-size: 14pt;\">b) B\u1ed3n n\u01b0\u1edbc 2 nh\u1ea5n<\/span><\/em><\/strong><\/span><\/p>\n<p><span style=\"font-family: 'times new roman', times, serif; font-size: 14pt; color: #000000;\"><em>B\u1ed3n c\u1ea7u<\/em> hai nh\u1ea5n th\u00ec ph\u00eda tr\u00ean n\u1eafp k\u00e9t n\u01b0\u1edbc s\u1ebd c\u00f3 hai n\u00fat nh\u1ea5n. M\u1ed9t n\u00fat s\u1ebd c\u00f3 t\u1ed1c \u0111\u1ed9 x\u1ea3 n\u01b0\u1edbc m\u1ea1nh t\u01b0\u01a1ng t\u1ef1 nh\u01b0 t\u1ed1c \u0111\u1ed9 c\u1ee7a b\u1ed3n 1 nh\u1ea5n, m\u1ed9t n\u00fat s\u1ebd c\u00f3 t\u1ed1c \u0111\u1ed9 x\u1ea3 n\u01b0\u1edbc nh\u1eb9 h\u01a1n.<\/span><\/p>\n<p style=\"text-align: center;\"><span style=\"font-family: 'times new roman', times, serif; font-size: 14pt; color: #000000;\"><img loading=\"lazy\" decoding=\"async\" class=\"alignnone size-full wp-image-4993\" src=\"https:\/\/tranthi.vn\/hanoi\/wp-content\/uploads\/2020\/05\/BON-2-NHAN.jpg\" alt=\"\" width=\"580\" height=\"389\" \/><\/span><\/p>\n<p style=\"text-align: center;\"><strong><em><span style=\"color: #0000ff; font-size: 14pt; font-family: 'times new roman', times, serif;\">H\u00ecnh d\u00e1ng c\u1ee7a b\u1ed3n c\u1ea7u hai nh\u1ea5n<\/span><\/em><\/strong><\/p>\n<p style=\"text-align: left;\"><span style=\"font-family: 'times new roman', times, serif; font-size: 14pt; color: #000000;\">T\u00f9y nhu c\u1ea7u s\u1eed d\u1ee5ng m\u00e0 b\u1ea1n l\u1ef1a ch\u1ecdn n\u00fat x\u1ea3 n\u01b0\u1edbc ph\u00f9 h\u1ee3p. V\u1edbi b\u1ed3n 2 nh\u1ea5n gi\u00fap ti\u1ebft ki\u1ec7m \u0111\u01b0\u1ee3c m\u1ed9t l\u01b0\u1ee3ng n\u01b0\u1edbc kha kh\u00e1. \u0110\u1eb7c bi\u1ec7t l\u00e0 v\u1edbi nh\u1eefng h\u1ed9 gia \u0111\u00ecnh \u0111\u00f4ng th\u00e0nh vi\u00ean ho\u1eb7c nh\u00e0 tr\u1ecd nh\u1eefng khu v\u1ec7 sinh c\u00f4ng c\u1ed9ng. Th\u00ec n\u00ean l\u1eafp \u0111\u1eb7t b\u1ed3n hai nh\u1ea5n \u0111\u1ec3 ti\u1ebft ki\u1ec7m n\u01b0\u1edbc<\/span><\/p>\n<p><span style=\"font-family: 'times new roman', times, serif; font-size: 14pt; color: #000000;\">T\u1ea1i <em><strong>\u0110\u00e0 N\u1eb5ng<\/strong><\/em> <strong><em>gi\u00e1 c\u1ee7a b\u1ed3n c\u1ea7u<\/em><\/strong> giao \u0111\u1ed9ng t\u1eeb <span style=\"color: #ff0000;\">600.000\u0111<\/span> cho t\u1edbi <span style=\"color: #ff0000;\">10 tri\u1ec7u<\/span> \u0111\u1ed3ng. T\u00f9y thu\u1ed9c v\u00e0o c\u00e1c t\u00ednh n\u0103ng c\u0169ng nh\u01b0 ch\u1ea5t li\u1ec7u t\u1ea1o n\u00ean s\u1ea3n ph\u1ea9m v\u00e0 c\u00f3 s\u1ef1 ch\u00eanh l\u1ec7ch m\u1ee9c gi\u00e1 nh\u01b0 v\u1eady<\/span><\/p>\n","protected":false},"excerpt":{"rendered":"<p><span style=\"font-family: 'times new roman', times, serif;\"><img decoding=\"async\" class=\"emoji\" draggable=\"false\" src=\"https:\/\/s.w.org\/images\/core\/emoji\/12.0.0-1\/svg\/1f61b.svg\" alt=\"\ud83d\ude1b\" \/><span style=\"font-size: 130%;\">\u00a0 Mi\u1ec5n ph\u00ed v\u1eadn chuy\u1ec3n 2 \u0111\u01a1n v\u1ecb tr\u1edf l\u00ean v\u00e0 trong Tp Hu\u1ebf<\/span><\/span><\/p>\n<p><span style=\"font-family: 'times new roman', times, serif; font-size: 130%;\"><img decoding=\"async\" class=\"emoji\" draggable=\"false\" src=\"https:\/\/s.w.org\/images\/core\/emoji\/12.0.0-1\/svg\/1f61b.svg\" alt=\"\ud83d\ude1b\" \/>\u00a0S\u1ea3n ph\u1ea9m bao g\u1ed3m: B\u1ed3n c\u1ea7u, n\u1eafp b\u1ed3n c\u1ea7u ( Th\u01b0\u1eddng)\u00a0<\/span><\/p>\n<p><span style=\"font-family: 'times new roman', times, serif; font-size: 130%;\"><img decoding=\"async\" class=\"emoji\" draggable=\"false\" src=\"https:\/\/s.w.org\/images\/core\/emoji\/12.0.0-1\/svg\/1f61b.svg\" alt=\"\ud83d\ude1b\" \/>\u00a0 Kh\u00f4ng bao g\u1ed3m c\u00e1c ph\u1ee5 ki\u1ec7n: v\u00f2i x\u1ecbt, d\u00e2y c\u1ea5p n\u01b0\u1edbc, ch\u1eafn ba.<\/span><\/p>\n","protected":false},"featured_media":4194,"comment_status":"open","ping_status":"closed","template":"","meta":[],"product_cat":[180,244,179],"product_tag":[470],"class_list":{"0":"post-628","1":"product","2":"type-product","3":"status-publish","4":"has-post-thumbnail","6":"product_cat-bon-cau","7":"product_cat-bon-cau-2-khoi","8":"product_cat-thiet-bi-ve-sinh-da-nang","9":"product_tag-bon-cau-2-khoi-1-nhan-gia-re-tai-hue","11":"first","12":"instock","13":"sale","14":"shipping-taxable","15":"purchasable","16":"product-type-simple"},"yoast_head":"<!-- This site is optimized with the Yoast SEO Premium plugin v22.3 (Yoast SEO v23.7) - https:\/\/yoast.com\/wordpress\/plugins\/seo\/ -->\n<title>B\u1ed3n C\u1ea7u Dococera - 1 nh\u1ea5n( n\u1eafp th\u01b0\u1eddng) - V\u1eadt Li\u1ec7u X\u00e2y D\u1ef1ng Tr\u1ea7n Th\u1ecb Chi Nh\u00e1nh H\u00e0 N\u1ed9i<\/title>\n<meta name=\"robots\" content=\"index, follow, max-snippet:-1, max-image-preview:large, max-video-preview:-1\" \/>\n<link rel=\"canonical\" href=\"https:\/\/tranthi.vn\/hanoi\/bon-cau-dococera-1-nhan\/\" \/>\n<meta property=\"og:locale\" content=\"vi_VN\" \/>\n<meta property=\"og:type\" content=\"article\" \/>\n<meta property=\"og:title\" content=\"B\u1ed3n C\u1ea7u Dococera - 1 nh\u1ea5n( n\u1eafp th\u01b0\u1eddng)\" \/>\n<meta property=\"og:description\" content=\"\u00a0 Mi\u1ec5n ph\u00ed v\u1eadn chuy\u1ec3n 2 \u0111\u01a1n v\u1ecb tr\u1edf l\u00ean v\u00e0 trong Tp Hu\u1ebf  \u00a0S\u1ea3n ph\u1ea9m bao g\u1ed3m: B\u1ed3n c\u1ea7u, n\u1eafp b\u1ed3n c\u1ea7u ( Th\u01b0\u1eddng)\u00a0  \u00a0 Kh\u00f4ng bao g\u1ed3m c\u00e1c ph\u1ee5 ki\u1ec7n: v\u00f2i x\u1ecbt, d\u00e2y c\u1ea5p n\u01b0\u1edbc, ch\u1eafn ba.\" \/>\n<meta property=\"og:url\" content=\"https:\/\/tranthi.vn\/hanoi\/bon-cau-dococera-1-nhan\/\" \/>\n<meta property=\"og:site_name\" content=\"V\u1eadt Li\u1ec7u X\u00e2y D\u1ef1ng Tr\u1ea7n Th\u1ecb Chi Nh\u00e1nh H\u00e0 N\u1ed9i\" \/>\n<meta property=\"article:modified_time\" content=\"2022-03-29T04:13:37+00:00\" \/>\n<meta property=\"og:image\" content=\"https:\/\/tranthi.vn\/hanoi\/wp-content\/uploads\/2020\/02\/Bon-cau-2-khoi-1-nhan-gia-re-tai-Hue.jpg\" \/>\n\t<meta property=\"og:image:width\" content=\"300\" \/>\n\t<meta property=\"og:image:height\" content=\"300\" \/>\n\t<meta property=\"og:image:type\" content=\"image\/jpeg\" \/>\n<meta name=\"twitter:card\" content=\"summary_large_image\" \/>\n<meta name=\"twitter:label1\" content=\"Gi\u00e1\" \/>\n\t<meta name=\"twitter:data1\" content=\"775,000&nbsp;&#8363;\" \/>\n\t<meta name=\"twitter:label2\" content=\"Kh\u1ea3 d\u1ee5ng\" \/>\n\t<meta name=\"twitter:data2\" content=\"Trong kho\" \/>\n<script type=\"application\/ld+json\" class=\"yoast-schema-graph\">{\"@context\":\"https:\/\/schema.org\",\"@graph\":[{\"@type\":[\"WebPage\",\"ItemPage\"],\"@id\":\"https:\/\/tranthi.vn\/hanoi\/bon-cau-dococera-1-nhan\/\",\"url\":\"https:\/\/tranthi.vn\/hanoi\/bon-cau-dococera-1-nhan\/\",\"name\":\"B\u1ed3n C\u1ea7u Dococera - 1 nh\u1ea5n( n\u1eafp th\u01b0\u1eddng) - V\u1eadt Li\u1ec7u X\u00e2y D\u1ef1ng Tr\u1ea7n Th\u1ecb Chi Nh\u00e1nh H\u00e0 N\u1ed9i\",\"isPartOf\":{\"@id\":\"https:\/\/tranthi.vn\/hanoi\/#website\"},\"primaryImageOfPage\":{\"@id\":\"https:\/\/tranthi.vn\/hanoi\/bon-cau-dococera-1-nhan\/#primaryimage\"},\"image\":{\"@id\":\"https:\/\/tranthi.vn\/hanoi\/bon-cau-dococera-1-nhan\/#primaryimage\"},\"thumbnailUrl\":\"https:\/\/tranthi.vn\/hanoi\/wp-content\/uploads\/2020\/02\/Bon-cau-2-khoi-1-nhan-gia-re-tai-Hue.jpg\",\"datePublished\":\"2020-02-15T23:02:38+00:00\",\"dateModified\":\"2022-03-29T04:13:37+00:00\",\"breadcrumb\":{\"@id\":\"https:\/\/tranthi.vn\/hanoi\/bon-cau-dococera-1-nhan\/#breadcrumb\"},\"inLanguage\":\"vi\",\"potentialAction\":[{\"@type\":\"ReadAction\",\"target\":[\"https:\/\/tranthi.vn\/hanoi\/bon-cau-dococera-1-nhan\/\"]}]},{\"@type\":\"ImageObject\",\"inLanguage\":\"vi\",\"@id\":\"https:\/\/tranthi.vn\/hanoi\/bon-cau-dococera-1-nhan\/#primaryimage\",\"url\":\"https:\/\/tranthi.vn\/hanoi\/wp-content\/uploads\/2020\/02\/Bon-cau-2-khoi-1-nhan-gia-re-tai-Hue.jpg\",\"contentUrl\":\"https:\/\/tranthi.vn\/hanoi\/wp-content\/uploads\/2020\/02\/Bon-cau-2-khoi-1-nhan-gia-re-tai-Hue.jpg\",\"width\":300,\"height\":300,\"caption\":\"B\u1ed3n c\u1ea7u 2 kh\u1ed1i 1 nh\u1ea5n gi\u00e1 r\u1ebb t\u1ea1i Hu\u1ebf\"},{\"@type\":\"BreadcrumbList\",\"@id\":\"https:\/\/tranthi.vn\/hanoi\/bon-cau-dococera-1-nhan\/#breadcrumb\",\"itemListElement\":[{\"@type\":\"ListItem\",\"position\":1,\"name\":\"Trang ch\u1ee7\",\"item\":\"https:\/\/tranthi.vn\/hanoi\/\"},{\"@type\":\"ListItem\",\"position\":2,\"name\":\"Shop\",\"item\":\"https:\/\/tranthi.vn\/hanoi\/shop\/\"},{\"@type\":\"ListItem\",\"position\":3,\"name\":\"B\u1ed3n C\u1ea7u Dococera &#8211; 1 nh\u1ea5n( n\u1eafp th\u01b0\u1eddng)\"}]},{\"@type\":\"WebSite\",\"@id\":\"https:\/\/tranthi.vn\/hanoi\/#website\",\"url\":\"https:\/\/tranthi.vn\/hanoi\/\",\"name\":\"V\u1eadt Li\u1ec7u X\u00e2y D\u1ef1ng Tr\u1ea7n Th\u1ecb Chi Nh\u00e1nh H\u00e0 N\u1ed9i\",\"description\":\"V\u1eadt Li\u1ec7u X\u00e2y D\u1ef1ng - H\u00e0 N\u1ed9i\",\"potentialAction\":[{\"@type\":\"SearchAction\",\"target\":{\"@type\":\"EntryPoint\",\"urlTemplate\":\"https:\/\/tranthi.vn\/hanoi\/?s={search_term_string}\"},\"query-input\":{\"@type\":\"PropertyValueSpecification\",\"valueRequired\":true,\"valueName\":\"search_term_string\"}}],\"inLanguage\":\"vi\"},{\"@type\":\"ImageObject\",\"inLanguage\":\"vi\",\"@id\":\"https:\/\/tranthi.vn\/hanoi\/bon-cau-dococera-1-nhan\/#local-main-organization-logo\",\"url\":\"\",\"contentUrl\":\"\",\"caption\":\"V\u1eadt Li\u1ec7u X\u00e2y D\u1ef1ng Tr\u1ea7n Th\u1ecb Chi Nh\u00e1nh H\u00e0 N\u1ed9i\"}]}<\/script>\n<meta property=\"product:price:amount\" content=\"775000\" \/>\n<meta property=\"product:price:currency\" content=\"VND\" \/>\n<meta property=\"og:availability\" content=\"instock\" \/>\n<meta property=\"product:availability\" content=\"instock\" \/>\n<meta property=\"product:condition\" content=\"new\" \/>\n<!-- \/ Yoast SEO Premium plugin. -->","yoast_head_json":{"title":"B\u1ed3n C\u1ea7u Dococera - 1 nh\u1ea5n( n\u1eafp th\u01b0\u1eddng) - V\u1eadt Li\u1ec7u X\u00e2y D\u1ef1ng Tr\u1ea7n Th\u1ecb Chi Nh\u00e1nh H\u00e0 N\u1ed9i","robots":{"index":"index","follow":"follow","max-snippet":"max-snippet:-1","max-image-preview":"max-image-preview:large","max-video-preview":"max-video-preview:-1"},"canonical":"https:\/\/tranthi.vn\/hanoi\/bon-cau-dococera-1-nhan\/","og_locale":"vi_VN","og_type":"article","og_title":"B\u1ed3n C\u1ea7u Dococera - 1 nh\u1ea5n( n\u1eafp th\u01b0\u1eddng)","og_description":"\u00a0 Mi\u1ec5n ph\u00ed v\u1eadn chuy\u1ec3n 2 \u0111\u01a1n v\u1ecb tr\u1edf l\u00ean v\u00e0 trong Tp Hu\u1ebf  \u00a0S\u1ea3n ph\u1ea9m bao g\u1ed3m: B\u1ed3n c\u1ea7u, n\u1eafp b\u1ed3n c\u1ea7u ( Th\u01b0\u1eddng)\u00a0  \u00a0 Kh\u00f4ng bao g\u1ed3m c\u00e1c ph\u1ee5 ki\u1ec7n: v\u00f2i x\u1ecbt, d\u00e2y c\u1ea5p n\u01b0\u1edbc, ch\u1eafn ba.","og_url":"https:\/\/tranthi.vn\/hanoi\/bon-cau-dococera-1-nhan\/","og_site_name":"V\u1eadt Li\u1ec7u X\u00e2y D\u1ef1ng Tr\u1ea7n Th\u1ecb Chi Nh\u00e1nh H\u00e0 N\u1ed9i","article_modified_time":"2022-03-29T04:13:37+00:00","og_image":[{"width":300,"height":300,"url":"https:\/\/tranthi.vn\/hanoi\/wp-content\/uploads\/2020\/02\/Bon-cau-2-khoi-1-nhan-gia-re-tai-Hue.jpg","type":"image\/jpeg"}],"twitter_card":"summary_large_image","twitter_misc":{"Gi\u00e1":"775,000&nbsp;&#8363;","Kh\u1ea3 d\u1ee5ng":"Trong kho"},"schema":{"@context":"https:\/\/schema.org","@graph":[{"@type":["WebPage","ItemPage"],"@id":"https:\/\/tranthi.vn\/hanoi\/bon-cau-dococera-1-nhan\/","url":"https:\/\/tranthi.vn\/hanoi\/bon-cau-dococera-1-nhan\/","name":"B\u1ed3n C\u1ea7u Dococera - 1 nh\u1ea5n( n\u1eafp th\u01b0\u1eddng) - V\u1eadt Li\u1ec7u X\u00e2y D\u1ef1ng Tr\u1ea7n Th\u1ecb Chi Nh\u00e1nh H\u00e0 N\u1ed9i","isPartOf":{"@id":"https:\/\/tranthi.vn\/hanoi\/#website"},"primaryImageOfPage":{"@id":"https:\/\/tranthi.vn\/hanoi\/bon-cau-dococera-1-nhan\/#primaryimage"},"image":{"@id":"https:\/\/tranthi.vn\/hanoi\/bon-cau-dococera-1-nhan\/#primaryimage"},"thumbnailUrl":"https:\/\/tranthi.vn\/hanoi\/wp-content\/uploads\/2020\/02\/Bon-cau-2-khoi-1-nhan-gia-re-tai-Hue.jpg","datePublished":"2020-02-15T23:02:38+00:00","dateModified":"2022-03-29T04:13:37+00:00","breadcrumb":{"@id":"https:\/\/tranthi.vn\/hanoi\/bon-cau-dococera-1-nhan\/#breadcrumb"},"inLanguage":"vi","potentialAction":[{"@type":"ReadAction","target":["https:\/\/tranthi.vn\/hanoi\/bon-cau-dococera-1-nhan\/"]}]},{"@type":"ImageObject","inLanguage":"vi","@id":"https:\/\/tranthi.vn\/hanoi\/bon-cau-dococera-1-nhan\/#primaryimage","url":"https:\/\/tranthi.vn\/hanoi\/wp-content\/uploads\/2020\/02\/Bon-cau-2-khoi-1-nhan-gia-re-tai-Hue.jpg","contentUrl":"https:\/\/tranthi.vn\/hanoi\/wp-content\/uploads\/2020\/02\/Bon-cau-2-khoi-1-nhan-gia-re-tai-Hue.jpg","width":300,"height":300,"caption":"B\u1ed3n c\u1ea7u 2 kh\u1ed1i 1 nh\u1ea5n gi\u00e1 r\u1ebb t\u1ea1i Hu\u1ebf"},{"@type":"BreadcrumbList","@id":"https:\/\/tranthi.vn\/hanoi\/bon-cau-dococera-1-nhan\/#breadcrumb","itemListElement":[{"@type":"ListItem","position":1,"name":"Trang ch\u1ee7","item":"https:\/\/tranthi.vn\/hanoi\/"},{"@type":"ListItem","position":2,"name":"Shop","item":"https:\/\/tranthi.vn\/hanoi\/shop\/"},{"@type":"ListItem","position":3,"name":"B\u1ed3n C\u1ea7u Dococera &#8211; 1 nh\u1ea5n( n\u1eafp th\u01b0\u1eddng)"}]},{"@type":"WebSite","@id":"https:\/\/tranthi.vn\/hanoi\/#website","url":"https:\/\/tranthi.vn\/hanoi\/","name":"V\u1eadt Li\u1ec7u X\u00e2y D\u1ef1ng Tr\u1ea7n Th\u1ecb Chi Nh\u00e1nh H\u00e0 N\u1ed9i","description":"V\u1eadt Li\u1ec7u X\u00e2y D\u1ef1ng - H\u00e0 N\u1ed9i","potentialAction":[{"@type":"SearchAction","target":{"@type":"EntryPoint","urlTemplate":"https:\/\/tranthi.vn\/hanoi\/?s={search_term_string}"},"query-input":{"@type":"PropertyValueSpecification","valueRequired":true,"valueName":"search_term_string"}}],"inLanguage":"vi"},{"@type":"ImageObject","inLanguage":"vi","@id":"https:\/\/tranthi.vn\/hanoi\/bon-cau-dococera-1-nhan\/#local-main-organization-logo","url":"","contentUrl":"","caption":"V\u1eadt Li\u1ec7u X\u00e2y D\u1ef1ng Tr\u1ea7n Th\u1ecb Chi Nh\u00e1nh H\u00e0 N\u1ed9i"}]},"product_price_amount":"775000","product_price_currency":"VND","og_availability":"instock","product_availability":"instock","product_condition":"new"},"_links":{"self":[{"href":"https:\/\/tranthi.vn\/hanoi\/wp-json\/wp\/v2\/product\/628","targetHints":{"allow":["GET"]}}],"collection":[{"href":"https:\/\/tranthi.vn\/hanoi\/wp-json\/wp\/v2\/product"}],"about":[{"href":"https:\/\/tranthi.vn\/hanoi\/wp-json\/wp\/v2\/types\/product"}],"replies":[{"embeddable":true,"href":"https:\/\/tranthi.vn\/hanoi\/wp-json\/wp\/v2\/comments?post=628"}],"wp:featuredmedia":[{"embeddable":true,"href":"https:\/\/tranthi.vn\/hanoi\/wp-json\/wp\/v2\/media\/4194"}],"wp:attachment":[{"href":"https:\/\/tranthi.vn\/hanoi\/wp-json\/wp\/v2\/media?parent=628"}],"wp:term":[{"taxonomy":"product_cat","embeddable":true,"href":"https:\/\/tranthi.vn\/hanoi\/wp-json\/wp\/v2\/product_cat?post=628"},{"taxonomy":"product_tag","embeddable":true,"href":"https:\/\/tranthi.vn\/hanoi\/wp-json\/wp\/v2\/product_tag?post=628"}],"curies":[{"name":"wp","href":"https:\/\/api.w.org\/{rel}","templated":true}]}}