{"id":561,"date":"2021-02-16T05:28:04","date_gmt":"2021-02-16T05:28:04","guid":{"rendered":"http:\/\/new-tranthi.test\/san-pham\/ban-hoc-sinh-dl04\/"},"modified":"2022-04-25T09:17:12","modified_gmt":"2022-04-25T02:17:12","slug":"ban-hoc-sinh-dl04","status":"publish","type":"product","link":"https:\/\/tranthi.vn\/hanoi\/ban-hoc-sinh-dl04\/","title":{"rendered":"B\u00e0n H\u1ecdc Sinh DL04"},"content":{"rendered":"","protected":false},"excerpt":{"rendered":"<div class=\"woocommerce-product-details__short-description\">\n<p><span style=\"font-family: 'times new roman', times, serif; font-size: 140%; color: #282828;\"><span style=\"color: #ff6600;\"><span style=\"font-size: 140%;\">\u2666 <\/span><\/span>B\u1ea3o h\u00e0nh 1 n\u0103m<\/span><\/p>\n<p><span style=\"font-family: 'times new roman', times, serif; font-size: 140%; color: #282828;\"><span style=\"color: #ff6600;\"><span style=\"font-size: 140%;\">\u2666 <\/span><\/span>Cao 160 r\u1ed9ng 100 s\u00e2u 45 (cm)\u00a0<\/span><\/p>\n<p><span style=\"font-family: 'times new roman', times, serif; font-size: 140%; color: #282828;\"><span style=\"color: #ff6600;\"><span style=\"font-size: 140%;\">\u2666 <\/span><\/span>\u00a0M\u00e0u s\u1eafc: Tr\u1eafng, D\u01b0\u01a1ng, H\u1ed3ng, T\u00edm, L\u00e1&#8230;\u00a0<\/span><\/p>\n<p><span style=\"font-family: 'times new roman', times, serif; font-size: 140%; color: #282828;\"><span style=\"color: #ff6600;\"><span style=\"font-size: 140%;\">\u2666 <\/span><\/span>\u0110\u01a1n gi\u00e1 \u21d2<strong><span style=\"color: #008000;\">\u00a01.250.000\u0110\/<\/span> <\/strong>c\u00e1i<\/span><\/p>\n<p><span style=\"font-family: 'times new roman', times, serif; font-size: 140%; color: #282828;\"><span style=\"color: #ff6600;\"><span style=\"font-size: 140%;\">\u2666 <\/span><\/span>H\u00ecnh d\u00e1n\u00a0nh\u00e2n v\u1eadt ho\u1ea1t h\u00ecnh (Chu\u1ed9t micky, Doremon, B\u1ea1ch tuy\u1ebft, c\u00e1c con v\u1eadt ng\u1ed9 ngh\u0129nh&#8230;) t\u00f9y ch\u1ecdn theo \u00fd kh\u00e1ch h\u00e0ng<\/span><\/p>\n<\/div>\n<p><span style=\"font-family: 'times new roman', times, serif; font-size: 140%; color: #282828;\"><span style=\"font-family: 'times new roman', times, serif;\"><span style=\"color: #ff6600;\"><span style=\"font-size: 140%;\">\u2666 <\/span><\/span><\/span>Mi\u1ec5n ph\u00ed v\u1eadn chuy\u1ec3n quanh TP Hu\u1ebf . Ngo\u00e0i ra Tr\u1ea7n Th\u1ecb c\u00f3 ship \u0111\u1ebfn c\u00e1c huy\u1ec7n l\u00e2n c\u1eadn ph\u00ed v\u1eadn chuy\u1ec3n \u0111\u01b0\u1ee3c t\u00ednh t\u00f9y thu\u1ed9c v\u00e0o v\u1ecb tr\u00ed xa hay g\u1ea7n<\/span><\/p>\n<div class=\"woocommerce-product-details__short-description\">\n<p>&nbsp;<\/p>\n<\/div>\n<div class=\"yith-wcwl-add-to-wishlist add-to-wishlist-5615\"><\/div>\n","protected":false},"featured_media":4834,"comment_status":"open","ping_status":"closed","template":"","meta":[],"product_cat":[121,116],"product_tag":[852],"class_list":{"0":"post-561","1":"product","2":"type-product","3":"status-publish","4":"has-post-thumbnail","6":"product_cat-ban-nhua-hoc-sinh","7":"product_cat-nhua-dai-loan","8":"product_tag-ban-nhua-dai-loan-cao-cap-hoc-sinh-tai-hue","10":"first","11":"instock","12":"sale","13":"shipping-taxable","14":"purchasable","15":"product-type-simple"},"yoast_head":"<!-- This site is optimized with the Yoast SEO Premium plugin v22.3 (Yoast SEO v23.7) - https:\/\/yoast.com\/wordpress\/plugins\/seo\/ -->\n<title>B\u00e0n H\u1ecdc Sinh DL04 - V\u1eadt Li\u1ec7u X\u00e2y D\u1ef1ng Tr\u1ea7n Th\u1ecb Chi Nh\u00e1nh H\u00e0 N\u1ed9i<\/title>\n<meta name=\"robots\" content=\"index, follow, max-snippet:-1, max-image-preview:large, max-video-preview:-1\" \/>\n<link rel=\"canonical\" href=\"https:\/\/tranthi.vn\/hanoi\/ban-hoc-sinh-dl04\/\" \/>\n<meta property=\"og:locale\" content=\"vi_VN\" \/>\n<meta property=\"og:type\" content=\"article\" \/>\n<meta property=\"og:title\" content=\"B\u00e0n H\u1ecdc Sinh DL04\" \/>\n<meta property=\"og:description\" content=\"\u2666 B\u1ea3o h\u00e0nh 1 n\u0103m  \u2666 Cao 160 r\u1ed9ng 100 s\u00e2u 45 (cm)\u00a0  \u2666 \u00a0M\u00e0u s\u1eafc: Tr\u1eafng, D\u01b0\u01a1ng, H\u1ed3ng, T\u00edm, L\u00e1...\u00a0  \u2666 \u0110\u01a1n gi\u00e1 \u21d2\u00a01.250.000\u0110\/ c\u00e1i  \u2666 H\u00ecnh d\u00e1n\u00a0nh\u00e2n v\u1eadt ho\u1ea1t h\u00ecnh (Chu\u1ed9t micky, Doremon, B\u1ea1ch tuy\u1ebft, c\u00e1c con v\u1eadt ng\u1ed9 ngh\u0129nh...) t\u00f9y ch\u1ecdn theo \u00fd kh\u00e1ch h\u00e0ng   \u2666 Mi\u1ec5n ph\u00ed v\u1eadn chuy\u1ec3n quanh TP Hu\u1ebf . Ngo\u00e0i ra Tr\u1ea7n Th\u1ecb c\u00f3 ship \u0111\u1ebfn c\u00e1c huy\u1ec7n l\u00e2n c\u1eadn ph\u00ed v\u1eadn chuy\u1ec3n \u0111\u01b0\u1ee3c t\u00ednh t\u00f9y thu\u1ed9c v\u00e0o v\u1ecb tr\u00ed xa hay g\u1ea7n   &nbsp;\" \/>\n<meta property=\"og:url\" content=\"https:\/\/tranthi.vn\/hanoi\/ban-hoc-sinh-dl04\/\" \/>\n<meta property=\"og:site_name\" content=\"V\u1eadt Li\u1ec7u X\u00e2y D\u1ef1ng Tr\u1ea7n Th\u1ecb Chi Nh\u00e1nh H\u00e0 N\u1ed9i\" \/>\n<meta property=\"article:modified_time\" content=\"2022-04-25T02:17:12+00:00\" \/>\n<meta property=\"og:image\" content=\"https:\/\/tranthi.vn\/hanoi\/wp-content\/uploads\/2021\/02\/ban-nhua-dai-loan-cao-cap-hoc-sinh-tai-Hue.jpg\" \/>\n\t<meta property=\"og:image:width\" content=\"768\" \/>\n\t<meta property=\"og:image:height\" content=\"768\" \/>\n\t<meta property=\"og:image:type\" content=\"image\/jpeg\" \/>\n<meta name=\"twitter:card\" content=\"summary_large_image\" \/>\n<meta name=\"twitter:label1\" content=\"Gi\u00e1\" \/>\n\t<meta name=\"twitter:data1\" content=\"1,250,000&nbsp;&#8363;\" \/>\n\t<meta name=\"twitter:label2\" content=\"Kh\u1ea3 d\u1ee5ng\" \/>\n\t<meta name=\"twitter:data2\" content=\"Trong kho\" \/>\n<script type=\"application\/ld+json\" class=\"yoast-schema-graph\">{\"@context\":\"https:\/\/schema.org\",\"@graph\":[{\"@type\":[\"WebPage\",\"ItemPage\"],\"@id\":\"https:\/\/tranthi.vn\/hanoi\/ban-hoc-sinh-dl04\/\",\"url\":\"https:\/\/tranthi.vn\/hanoi\/ban-hoc-sinh-dl04\/\",\"name\":\"B\u00e0n H\u1ecdc Sinh DL04 - V\u1eadt Li\u1ec7u X\u00e2y D\u1ef1ng Tr\u1ea7n Th\u1ecb Chi Nh\u00e1nh H\u00e0 N\u1ed9i\",\"isPartOf\":{\"@id\":\"https:\/\/tranthi.vn\/hanoi\/#website\"},\"primaryImageOfPage\":{\"@id\":\"https:\/\/tranthi.vn\/hanoi\/ban-hoc-sinh-dl04\/#primaryimage\"},\"image\":{\"@id\":\"https:\/\/tranthi.vn\/hanoi\/ban-hoc-sinh-dl04\/#primaryimage\"},\"thumbnailUrl\":\"https:\/\/tranthi.vn\/hanoi\/wp-content\/uploads\/2021\/02\/ban-nhua-dai-loan-cao-cap-hoc-sinh-tai-Hue.jpg\",\"datePublished\":\"2021-02-16T05:28:04+00:00\",\"dateModified\":\"2022-04-25T02:17:12+00:00\",\"breadcrumb\":{\"@id\":\"https:\/\/tranthi.vn\/hanoi\/ban-hoc-sinh-dl04\/#breadcrumb\"},\"inLanguage\":\"vi\",\"potentialAction\":[{\"@type\":\"ReadAction\",\"target\":[\"https:\/\/tranthi.vn\/hanoi\/ban-hoc-sinh-dl04\/\"]}]},{\"@type\":\"ImageObject\",\"inLanguage\":\"vi\",\"@id\":\"https:\/\/tranthi.vn\/hanoi\/ban-hoc-sinh-dl04\/#primaryimage\",\"url\":\"https:\/\/tranthi.vn\/hanoi\/wp-content\/uploads\/2021\/02\/ban-nhua-dai-loan-cao-cap-hoc-sinh-tai-Hue.jpg\",\"contentUrl\":\"https:\/\/tranthi.vn\/hanoi\/wp-content\/uploads\/2021\/02\/ban-nhua-dai-loan-cao-cap-hoc-sinh-tai-Hue.jpg\",\"width\":768,\"height\":768,\"caption\":\"b\u00e0n nh\u1ef1a \u0111\u00e0i loan cao c\u1ea5p h\u1ecdc sinh t\u1ea1i Hu\u1ebf\"},{\"@type\":\"BreadcrumbList\",\"@id\":\"https:\/\/tranthi.vn\/hanoi\/ban-hoc-sinh-dl04\/#breadcrumb\",\"itemListElement\":[{\"@type\":\"ListItem\",\"position\":1,\"name\":\"Trang ch\u1ee7\",\"item\":\"https:\/\/tranthi.vn\/hanoi\/\"},{\"@type\":\"ListItem\",\"position\":2,\"name\":\"Shop\",\"item\":\"https:\/\/tranthi.vn\/hanoi\/shop\/\"},{\"@type\":\"ListItem\",\"position\":3,\"name\":\"B\u00e0n H\u1ecdc Sinh DL04\"}]},{\"@type\":\"WebSite\",\"@id\":\"https:\/\/tranthi.vn\/hanoi\/#website\",\"url\":\"https:\/\/tranthi.vn\/hanoi\/\",\"name\":\"V\u1eadt Li\u1ec7u X\u00e2y D\u1ef1ng Tr\u1ea7n Th\u1ecb Chi Nh\u00e1nh H\u00e0 N\u1ed9i\",\"description\":\"V\u1eadt Li\u1ec7u X\u00e2y D\u1ef1ng - H\u00e0 N\u1ed9i\",\"potentialAction\":[{\"@type\":\"SearchAction\",\"target\":{\"@type\":\"EntryPoint\",\"urlTemplate\":\"https:\/\/tranthi.vn\/hanoi\/?s={search_term_string}\"},\"query-input\":{\"@type\":\"PropertyValueSpecification\",\"valueRequired\":true,\"valueName\":\"search_term_string\"}}],\"inLanguage\":\"vi\"},{\"@type\":\"ImageObject\",\"inLanguage\":\"vi\",\"@id\":\"https:\/\/tranthi.vn\/hanoi\/ban-hoc-sinh-dl04\/#local-main-organization-logo\",\"url\":\"\",\"contentUrl\":\"\",\"caption\":\"V\u1eadt Li\u1ec7u X\u00e2y D\u1ef1ng Tr\u1ea7n Th\u1ecb Chi Nh\u00e1nh H\u00e0 N\u1ed9i\"}]}<\/script>\n<meta property=\"product:price:amount\" content=\"1250000\" \/>\n<meta property=\"product:price:currency\" content=\"VND\" \/>\n<meta property=\"og:availability\" content=\"instock\" \/>\n<meta property=\"product:availability\" content=\"instock\" \/>\n<meta property=\"product:condition\" content=\"new\" \/>\n<!-- \/ Yoast SEO Premium plugin. -->","yoast_head_json":{"title":"B\u00e0n H\u1ecdc Sinh DL04 - V\u1eadt Li\u1ec7u X\u00e2y D\u1ef1ng Tr\u1ea7n Th\u1ecb Chi Nh\u00e1nh H\u00e0 N\u1ed9i","robots":{"index":"index","follow":"follow","max-snippet":"max-snippet:-1","max-image-preview":"max-image-preview:large","max-video-preview":"max-video-preview:-1"},"canonical":"https:\/\/tranthi.vn\/hanoi\/ban-hoc-sinh-dl04\/","og_locale":"vi_VN","og_type":"article","og_title":"B\u00e0n H\u1ecdc Sinh DL04","og_description":"\u2666 B\u1ea3o h\u00e0nh 1 n\u0103m  \u2666 Cao 160 r\u1ed9ng 100 s\u00e2u 45 (cm)\u00a0  \u2666 \u00a0M\u00e0u s\u1eafc: Tr\u1eafng, D\u01b0\u01a1ng, H\u1ed3ng, T\u00edm, L\u00e1...\u00a0  \u2666 \u0110\u01a1n gi\u00e1 \u21d2\u00a01.250.000\u0110\/ c\u00e1i  \u2666 H\u00ecnh d\u00e1n\u00a0nh\u00e2n v\u1eadt ho\u1ea1t h\u00ecnh (Chu\u1ed9t micky, Doremon, B\u1ea1ch tuy\u1ebft, c\u00e1c con v\u1eadt ng\u1ed9 ngh\u0129nh...) t\u00f9y ch\u1ecdn theo \u00fd kh\u00e1ch h\u00e0ng   \u2666 Mi\u1ec5n ph\u00ed v\u1eadn chuy\u1ec3n quanh TP Hu\u1ebf . Ngo\u00e0i ra Tr\u1ea7n Th\u1ecb c\u00f3 ship \u0111\u1ebfn c\u00e1c huy\u1ec7n l\u00e2n c\u1eadn ph\u00ed v\u1eadn chuy\u1ec3n \u0111\u01b0\u1ee3c t\u00ednh t\u00f9y thu\u1ed9c v\u00e0o v\u1ecb tr\u00ed xa hay g\u1ea7n   &nbsp;","og_url":"https:\/\/tranthi.vn\/hanoi\/ban-hoc-sinh-dl04\/","og_site_name":"V\u1eadt Li\u1ec7u X\u00e2y D\u1ef1ng Tr\u1ea7n Th\u1ecb Chi Nh\u00e1nh H\u00e0 N\u1ed9i","article_modified_time":"2022-04-25T02:17:12+00:00","og_image":[{"width":768,"height":768,"url":"https:\/\/tranthi.vn\/hanoi\/wp-content\/uploads\/2021\/02\/ban-nhua-dai-loan-cao-cap-hoc-sinh-tai-Hue.jpg","type":"image\/jpeg"}],"twitter_card":"summary_large_image","twitter_misc":{"Gi\u00e1":"1,250,000&nbsp;&#8363;","Kh\u1ea3 d\u1ee5ng":"Trong kho"},"schema":{"@context":"https:\/\/schema.org","@graph":[{"@type":["WebPage","ItemPage"],"@id":"https:\/\/tranthi.vn\/hanoi\/ban-hoc-sinh-dl04\/","url":"https:\/\/tranthi.vn\/hanoi\/ban-hoc-sinh-dl04\/","name":"B\u00e0n H\u1ecdc Sinh DL04 - V\u1eadt Li\u1ec7u X\u00e2y D\u1ef1ng Tr\u1ea7n Th\u1ecb Chi Nh\u00e1nh H\u00e0 N\u1ed9i","isPartOf":{"@id":"https:\/\/tranthi.vn\/hanoi\/#website"},"primaryImageOfPage":{"@id":"https:\/\/tranthi.vn\/hanoi\/ban-hoc-sinh-dl04\/#primaryimage"},"image":{"@id":"https:\/\/tranthi.vn\/hanoi\/ban-hoc-sinh-dl04\/#primaryimage"},"thumbnailUrl":"https:\/\/tranthi.vn\/hanoi\/wp-content\/uploads\/2021\/02\/ban-nhua-dai-loan-cao-cap-hoc-sinh-tai-Hue.jpg","datePublished":"2021-02-16T05:28:04+00:00","dateModified":"2022-04-25T02:17:12+00:00","breadcrumb":{"@id":"https:\/\/tranthi.vn\/hanoi\/ban-hoc-sinh-dl04\/#breadcrumb"},"inLanguage":"vi","potentialAction":[{"@type":"ReadAction","target":["https:\/\/tranthi.vn\/hanoi\/ban-hoc-sinh-dl04\/"]}]},{"@type":"ImageObject","inLanguage":"vi","@id":"https:\/\/tranthi.vn\/hanoi\/ban-hoc-sinh-dl04\/#primaryimage","url":"https:\/\/tranthi.vn\/hanoi\/wp-content\/uploads\/2021\/02\/ban-nhua-dai-loan-cao-cap-hoc-sinh-tai-Hue.jpg","contentUrl":"https:\/\/tranthi.vn\/hanoi\/wp-content\/uploads\/2021\/02\/ban-nhua-dai-loan-cao-cap-hoc-sinh-tai-Hue.jpg","width":768,"height":768,"caption":"b\u00e0n nh\u1ef1a \u0111\u00e0i loan cao c\u1ea5p h\u1ecdc sinh t\u1ea1i Hu\u1ebf"},{"@type":"BreadcrumbList","@id":"https:\/\/tranthi.vn\/hanoi\/ban-hoc-sinh-dl04\/#breadcrumb","itemListElement":[{"@type":"ListItem","position":1,"name":"Trang ch\u1ee7","item":"https:\/\/tranthi.vn\/hanoi\/"},{"@type":"ListItem","position":2,"name":"Shop","item":"https:\/\/tranthi.vn\/hanoi\/shop\/"},{"@type":"ListItem","position":3,"name":"B\u00e0n H\u1ecdc Sinh DL04"}]},{"@type":"WebSite","@id":"https:\/\/tranthi.vn\/hanoi\/#website","url":"https:\/\/tranthi.vn\/hanoi\/","name":"V\u1eadt Li\u1ec7u X\u00e2y D\u1ef1ng Tr\u1ea7n Th\u1ecb Chi Nh\u00e1nh H\u00e0 N\u1ed9i","description":"V\u1eadt Li\u1ec7u X\u00e2y D\u1ef1ng - H\u00e0 N\u1ed9i","potentialAction":[{"@type":"SearchAction","target":{"@type":"EntryPoint","urlTemplate":"https:\/\/tranthi.vn\/hanoi\/?s={search_term_string}"},"query-input":{"@type":"PropertyValueSpecification","valueRequired":true,"valueName":"search_term_string"}}],"inLanguage":"vi"},{"@type":"ImageObject","inLanguage":"vi","@id":"https:\/\/tranthi.vn\/hanoi\/ban-hoc-sinh-dl04\/#local-main-organization-logo","url":"","contentUrl":"","caption":"V\u1eadt Li\u1ec7u X\u00e2y D\u1ef1ng Tr\u1ea7n Th\u1ecb Chi Nh\u00e1nh H\u00e0 N\u1ed9i"}]},"product_price_amount":"1250000","product_price_currency":"VND","og_availability":"instock","product_availability":"instock","product_condition":"new"},"_links":{"self":[{"href":"https:\/\/tranthi.vn\/hanoi\/wp-json\/wp\/v2\/product\/561","targetHints":{"allow":["GET"]}}],"collection":[{"href":"https:\/\/tranthi.vn\/hanoi\/wp-json\/wp\/v2\/product"}],"about":[{"href":"https:\/\/tranthi.vn\/hanoi\/wp-json\/wp\/v2\/types\/product"}],"replies":[{"embeddable":true,"href":"https:\/\/tranthi.vn\/hanoi\/wp-json\/wp\/v2\/comments?post=561"}],"wp:featuredmedia":[{"embeddable":true,"href":"https:\/\/tranthi.vn\/hanoi\/wp-json\/wp\/v2\/media\/4834"}],"wp:attachment":[{"href":"https:\/\/tranthi.vn\/hanoi\/wp-json\/wp\/v2\/media?parent=561"}],"wp:term":[{"taxonomy":"product_cat","embeddable":true,"href":"https:\/\/tranthi.vn\/hanoi\/wp-json\/wp\/v2\/product_cat?post=561"},{"taxonomy":"product_tag","embeddable":true,"href":"https:\/\/tranthi.vn\/hanoi\/wp-json\/wp\/v2\/product_tag?post=561"}],"curies":[{"name":"wp","href":"https:\/\/api.w.org\/{rel}","templated":true}]}}