{"id":5552,"date":"2023-04-01T10:19:14","date_gmt":"2023-04-01T03:19:14","guid":{"rendered":"https:\/\/tranthi.vn\/hanoi\/?post_type=product&#038;p=5552"},"modified":"2023-04-08T10:01:07","modified_gmt":"2023-04-08T03:01:07","slug":"jotun-essence-che-phu-toi-da-bong-hue","status":"publish","type":"product","link":"https:\/\/tranthi.vn\/hanoi\/jotun-essence-che-phu-toi-da-bong-hue\/","title":{"rendered":"Jotun Essence Che Ph\u1ee7 T\u1ed1i \u0110a B\u00f3ng 15L"},"content":{"rendered":"","protected":false},"excerpt":{"rendered":"<p><span style=\"font-family: 'times new roman', times, serif; font-size: 140%;\"><strong>\u2666<\/strong>\u00a0B\u1ea3o h\u00e0nh 1 n\u0103m<\/span><\/p>\n<p><span style=\"font-family: 'times new roman', times, serif; font-size: 140%;\"><strong>\u2666<\/strong>\u00a0\u0110\u01a1n v\u1ecb t\u00ednh: th\u00f9ng<\/span><\/p>\n<p><span style=\"font-family: 'times new roman', times, serif; font-size: 140%;\"><strong>\u2666<\/strong>\u00a0\u00a0\u0110\u01a1n gi\u00e1 :<\/span><\/p>\n<p><span style=\"font-family: 'times new roman', times, serif; font-size: 140%;\">\u00a0 \u00a0 \u00a0 \u00a0\u00a0<span style=\"color: #008000;\"><strong>Th\u00f9ng 15 l\u00edt gi\u00e1 \u21d2 1.897.000\u0111<\/strong><\/span><\/span><br \/>\n<span style=\"font-family: 'times new roman', times, serif; font-size: 140%; color: #008000;\"><strong>\u00a0 \u00a0 \u00a0 \u00a0 Th\u00f9ng 5 l\u00edt gi\u00e1\u00a0 \u00a0\u21d2\u00a0 696.000\u0111<\/strong><\/span><br \/>\n<span style=\"font-family: 'times new roman', times, serif; font-size: 140%; color: #008000;\"><strong>\u00a0 \u00a0 \u00a0 \u00a0 \u00a0Lon 1 l\u00edt gi\u00e1\u00a0 \u21d2\u00a0 184.000\u0111<\/strong><\/span><\/p>\n<p><span style=\"font-family: 'times new roman', times, serif; font-size: 140%;\"><strong>\u2666<\/strong>\u00a0Mi\u1ec5n ph\u00ed ship t\u1eeb 2 \u0111\u01a1n v\u1ecb tr\u1edf l\u00ean v\u00e0 trong Tp Hu\u1ebf<\/span><\/p>\n<p><span style=\"font-family: 'times new roman', times, serif; font-size: 140%;\"><strong>\u2666<\/strong>\u00a0Mua s\u1ed1 l\u01b0\u1ee3ng l\u1edbn \u0111\u01b0\u1ee3c chi\u1ebfc kh\u1ea5u gi\u00e1 \u01b0u \u0111\u00e3i<\/span><\/p>\n","protected":false},"featured_media":5553,"comment_status":"closed","ping_status":"closed","template":"","meta":[],"product_cat":[139,153,157],"product_tag":[],"class_list":{"0":"post-5552","1":"product","2":"type-product","3":"status-publish","4":"has-post-thumbnail","6":"product_cat-son","7":"product_cat-son-jotun-tai-da-nang","8":"product_cat-son-phu-noi-that-jotun","10":"first","11":"instock","12":"sale","13":"shipping-taxable","14":"purchasable","15":"product-type-simple"},"yoast_head":"<!-- This site is optimized with the Yoast SEO Premium plugin v22.3 (Yoast SEO v23.7) - https:\/\/yoast.com\/wordpress\/plugins\/seo\/ -->\n<title>Jotun Essence Che Ph\u1ee7 T\u1ed1i \u0110a B\u00f3ng 15L - V\u1eadt Li\u1ec7u X\u00e2y D\u1ef1ng Tr\u1ea7n Th\u1ecb Chi Nh\u00e1nh H\u00e0 N\u1ed9i<\/title>\n<meta name=\"robots\" content=\"index, follow, max-snippet:-1, max-image-preview:large, max-video-preview:-1\" \/>\n<link rel=\"canonical\" href=\"https:\/\/tranthi.vn\/hanoi\/jotun-essence-che-phu-toi-da-bong-hue\/\" \/>\n<meta property=\"og:locale\" content=\"vi_VN\" \/>\n<meta property=\"og:type\" content=\"article\" \/>\n<meta property=\"og:title\" content=\"Jotun Essence Che Ph\u1ee7 T\u1ed1i \u0110a B\u00f3ng 15L\" \/>\n<meta property=\"og:description\" content=\"\u2666\u00a0B\u1ea3o h\u00e0nh 1 n\u0103m  \u2666\u00a0\u0110\u01a1n v\u1ecb t\u00ednh: th\u00f9ng  \u2666\u00a0\u00a0\u0110\u01a1n gi\u00e1 :  \u00a0 \u00a0 \u00a0 \u00a0\u00a0Th\u00f9ng 15 l\u00edt gi\u00e1 \u21d2 1.897.000\u0111 \u00a0 \u00a0 \u00a0 \u00a0 Th\u00f9ng 5 l\u00edt gi\u00e1\u00a0 \u00a0\u21d2\u00a0 696.000\u0111 \u00a0 \u00a0 \u00a0 \u00a0 \u00a0Lon 1 l\u00edt gi\u00e1\u00a0 \u21d2\u00a0 184.000\u0111  \u2666\u00a0Mi\u1ec5n ph\u00ed ship t\u1eeb 2 \u0111\u01a1n v\u1ecb tr\u1edf l\u00ean v\u00e0 trong Tp Hu\u1ebf  \u2666\u00a0Mua s\u1ed1 l\u01b0\u1ee3ng l\u1edbn \u0111\u01b0\u1ee3c chi\u1ebfc kh\u1ea5u gi\u00e1 \u01b0u \u0111\u00e3i\" \/>\n<meta property=\"og:url\" content=\"https:\/\/tranthi.vn\/hanoi\/jotun-essence-che-phu-toi-da-bong-hue\/\" \/>\n<meta property=\"og:site_name\" content=\"V\u1eadt Li\u1ec7u X\u00e2y D\u1ef1ng Tr\u1ea7n Th\u1ecb Chi Nh\u00e1nh H\u00e0 N\u1ed9i\" \/>\n<meta property=\"article:modified_time\" content=\"2023-04-08T03:01:07+00:00\" \/>\n<meta property=\"og:image\" content=\"https:\/\/tranthi.vn\/hanoi\/wp-content\/uploads\/2023\/04\/essence-che-phu-toi-da-bong.webp\" \/>\n\t<meta property=\"og:image:width\" content=\"296\" \/>\n\t<meta property=\"og:image:height\" content=\"388\" \/>\n\t<meta property=\"og:image:type\" content=\"image\/webp\" \/>\n<meta name=\"twitter:card\" content=\"summary_large_image\" \/>\n<meta name=\"twitter:label1\" content=\"Gi\u00e1\" \/>\n\t<meta name=\"twitter:data1\" content=\"1,897,000&nbsp;&#8363;\" \/>\n\t<meta name=\"twitter:label2\" content=\"Kh\u1ea3 d\u1ee5ng\" \/>\n\t<meta name=\"twitter:data2\" content=\"Trong kho\" \/>\n<script type=\"application\/ld+json\" class=\"yoast-schema-graph\">{\"@context\":\"https:\/\/schema.org\",\"@graph\":[{\"@type\":[\"WebPage\",\"ItemPage\"],\"@id\":\"https:\/\/tranthi.vn\/hanoi\/jotun-essence-che-phu-toi-da-bong-hue\/\",\"url\":\"https:\/\/tranthi.vn\/hanoi\/jotun-essence-che-phu-toi-da-bong-hue\/\",\"name\":\"Jotun Essence Che Ph\u1ee7 T\u1ed1i \u0110a B\u00f3ng 15L - V\u1eadt Li\u1ec7u X\u00e2y D\u1ef1ng Tr\u1ea7n Th\u1ecb Chi Nh\u00e1nh H\u00e0 N\u1ed9i\",\"isPartOf\":{\"@id\":\"https:\/\/tranthi.vn\/hanoi\/#website\"},\"primaryImageOfPage\":{\"@id\":\"https:\/\/tranthi.vn\/hanoi\/jotun-essence-che-phu-toi-da-bong-hue\/#primaryimage\"},\"image\":{\"@id\":\"https:\/\/tranthi.vn\/hanoi\/jotun-essence-che-phu-toi-da-bong-hue\/#primaryimage\"},\"thumbnailUrl\":\"https:\/\/tranthi.vn\/hanoi\/wp-content\/uploads\/2023\/04\/essence-che-phu-toi-da-bong.webp\",\"datePublished\":\"2023-04-01T03:19:14+00:00\",\"dateModified\":\"2023-04-08T03:01:07+00:00\",\"breadcrumb\":{\"@id\":\"https:\/\/tranthi.vn\/hanoi\/jotun-essence-che-phu-toi-da-bong-hue\/#breadcrumb\"},\"inLanguage\":\"vi\",\"potentialAction\":[{\"@type\":\"ReadAction\",\"target\":[\"https:\/\/tranthi.vn\/hanoi\/jotun-essence-che-phu-toi-da-bong-hue\/\"]}]},{\"@type\":\"ImageObject\",\"inLanguage\":\"vi\",\"@id\":\"https:\/\/tranthi.vn\/hanoi\/jotun-essence-che-phu-toi-da-bong-hue\/#primaryimage\",\"url\":\"https:\/\/tranthi.vn\/hanoi\/wp-content\/uploads\/2023\/04\/essence-che-phu-toi-da-bong.webp\",\"contentUrl\":\"https:\/\/tranthi.vn\/hanoi\/wp-content\/uploads\/2023\/04\/essence-che-phu-toi-da-bong.webp\",\"width\":296,\"height\":388},{\"@type\":\"BreadcrumbList\",\"@id\":\"https:\/\/tranthi.vn\/hanoi\/jotun-essence-che-phu-toi-da-bong-hue\/#breadcrumb\",\"itemListElement\":[{\"@type\":\"ListItem\",\"position\":1,\"name\":\"Trang ch\u1ee7\",\"item\":\"https:\/\/tranthi.vn\/hanoi\/\"},{\"@type\":\"ListItem\",\"position\":2,\"name\":\"Shop\",\"item\":\"https:\/\/tranthi.vn\/hanoi\/shop\/\"},{\"@type\":\"ListItem\",\"position\":3,\"name\":\"Jotun Essence Che Ph\u1ee7 T\u1ed1i \u0110a B\u00f3ng 15L\"}]},{\"@type\":\"WebSite\",\"@id\":\"https:\/\/tranthi.vn\/hanoi\/#website\",\"url\":\"https:\/\/tranthi.vn\/hanoi\/\",\"name\":\"V\u1eadt Li\u1ec7u X\u00e2y D\u1ef1ng Tr\u1ea7n Th\u1ecb Chi Nh\u00e1nh H\u00e0 N\u1ed9i\",\"description\":\"V\u1eadt Li\u1ec7u X\u00e2y D\u1ef1ng - H\u00e0 N\u1ed9i\",\"potentialAction\":[{\"@type\":\"SearchAction\",\"target\":{\"@type\":\"EntryPoint\",\"urlTemplate\":\"https:\/\/tranthi.vn\/hanoi\/?s={search_term_string}\"},\"query-input\":{\"@type\":\"PropertyValueSpecification\",\"valueRequired\":true,\"valueName\":\"search_term_string\"}}],\"inLanguage\":\"vi\"},{\"@type\":\"ImageObject\",\"inLanguage\":\"vi\",\"@id\":\"https:\/\/tranthi.vn\/hanoi\/jotun-essence-che-phu-toi-da-bong-hue\/#local-main-organization-logo\",\"url\":\"\",\"contentUrl\":\"\",\"caption\":\"V\u1eadt Li\u1ec7u X\u00e2y D\u1ef1ng Tr\u1ea7n Th\u1ecb Chi Nh\u00e1nh H\u00e0 N\u1ed9i\"}]}<\/script>\n<meta property=\"product:price:amount\" content=\"1897000\" \/>\n<meta property=\"product:price:currency\" content=\"VND\" \/>\n<meta property=\"og:availability\" content=\"instock\" \/>\n<meta property=\"product:availability\" content=\"instock\" \/>\n<meta property=\"product:condition\" content=\"new\" \/>\n<!-- \/ Yoast SEO Premium plugin. -->","yoast_head_json":{"title":"Jotun Essence Che Ph\u1ee7 T\u1ed1i \u0110a B\u00f3ng 15L - V\u1eadt Li\u1ec7u X\u00e2y D\u1ef1ng Tr\u1ea7n Th\u1ecb Chi Nh\u00e1nh H\u00e0 N\u1ed9i","robots":{"index":"index","follow":"follow","max-snippet":"max-snippet:-1","max-image-preview":"max-image-preview:large","max-video-preview":"max-video-preview:-1"},"canonical":"https:\/\/tranthi.vn\/hanoi\/jotun-essence-che-phu-toi-da-bong-hue\/","og_locale":"vi_VN","og_type":"article","og_title":"Jotun Essence Che Ph\u1ee7 T\u1ed1i \u0110a B\u00f3ng 15L","og_description":"\u2666\u00a0B\u1ea3o h\u00e0nh 1 n\u0103m  \u2666\u00a0\u0110\u01a1n v\u1ecb t\u00ednh: th\u00f9ng  \u2666\u00a0\u00a0\u0110\u01a1n gi\u00e1 :  \u00a0 \u00a0 \u00a0 \u00a0\u00a0Th\u00f9ng 15 l\u00edt gi\u00e1 \u21d2 1.897.000\u0111 \u00a0 \u00a0 \u00a0 \u00a0 Th\u00f9ng 5 l\u00edt gi\u00e1\u00a0 \u00a0\u21d2\u00a0 696.000\u0111 \u00a0 \u00a0 \u00a0 \u00a0 \u00a0Lon 1 l\u00edt gi\u00e1\u00a0 \u21d2\u00a0 184.000\u0111  \u2666\u00a0Mi\u1ec5n ph\u00ed ship t\u1eeb 2 \u0111\u01a1n v\u1ecb tr\u1edf l\u00ean v\u00e0 trong Tp Hu\u1ebf  \u2666\u00a0Mua s\u1ed1 l\u01b0\u1ee3ng l\u1edbn \u0111\u01b0\u1ee3c chi\u1ebfc kh\u1ea5u gi\u00e1 \u01b0u \u0111\u00e3i","og_url":"https:\/\/tranthi.vn\/hanoi\/jotun-essence-che-phu-toi-da-bong-hue\/","og_site_name":"V\u1eadt Li\u1ec7u X\u00e2y D\u1ef1ng Tr\u1ea7n Th\u1ecb Chi Nh\u00e1nh H\u00e0 N\u1ed9i","article_modified_time":"2023-04-08T03:01:07+00:00","og_image":[{"width":296,"height":388,"url":"https:\/\/tranthi.vn\/hanoi\/wp-content\/uploads\/2023\/04\/essence-che-phu-toi-da-bong.webp","type":"image\/webp"}],"twitter_card":"summary_large_image","twitter_misc":{"Gi\u00e1":"1,897,000&nbsp;&#8363;","Kh\u1ea3 d\u1ee5ng":"Trong kho"},"schema":{"@context":"https:\/\/schema.org","@graph":[{"@type":["WebPage","ItemPage"],"@id":"https:\/\/tranthi.vn\/hanoi\/jotun-essence-che-phu-toi-da-bong-hue\/","url":"https:\/\/tranthi.vn\/hanoi\/jotun-essence-che-phu-toi-da-bong-hue\/","name":"Jotun Essence Che Ph\u1ee7 T\u1ed1i \u0110a B\u00f3ng 15L - V\u1eadt Li\u1ec7u X\u00e2y D\u1ef1ng Tr\u1ea7n Th\u1ecb Chi Nh\u00e1nh H\u00e0 N\u1ed9i","isPartOf":{"@id":"https:\/\/tranthi.vn\/hanoi\/#website"},"primaryImageOfPage":{"@id":"https:\/\/tranthi.vn\/hanoi\/jotun-essence-che-phu-toi-da-bong-hue\/#primaryimage"},"image":{"@id":"https:\/\/tranthi.vn\/hanoi\/jotun-essence-che-phu-toi-da-bong-hue\/#primaryimage"},"thumbnailUrl":"https:\/\/tranthi.vn\/hanoi\/wp-content\/uploads\/2023\/04\/essence-che-phu-toi-da-bong.webp","datePublished":"2023-04-01T03:19:14+00:00","dateModified":"2023-04-08T03:01:07+00:00","breadcrumb":{"@id":"https:\/\/tranthi.vn\/hanoi\/jotun-essence-che-phu-toi-da-bong-hue\/#breadcrumb"},"inLanguage":"vi","potentialAction":[{"@type":"ReadAction","target":["https:\/\/tranthi.vn\/hanoi\/jotun-essence-che-phu-toi-da-bong-hue\/"]}]},{"@type":"ImageObject","inLanguage":"vi","@id":"https:\/\/tranthi.vn\/hanoi\/jotun-essence-che-phu-toi-da-bong-hue\/#primaryimage","url":"https:\/\/tranthi.vn\/hanoi\/wp-content\/uploads\/2023\/04\/essence-che-phu-toi-da-bong.webp","contentUrl":"https:\/\/tranthi.vn\/hanoi\/wp-content\/uploads\/2023\/04\/essence-che-phu-toi-da-bong.webp","width":296,"height":388},{"@type":"BreadcrumbList","@id":"https:\/\/tranthi.vn\/hanoi\/jotun-essence-che-phu-toi-da-bong-hue\/#breadcrumb","itemListElement":[{"@type":"ListItem","position":1,"name":"Trang ch\u1ee7","item":"https:\/\/tranthi.vn\/hanoi\/"},{"@type":"ListItem","position":2,"name":"Shop","item":"https:\/\/tranthi.vn\/hanoi\/shop\/"},{"@type":"ListItem","position":3,"name":"Jotun Essence Che Ph\u1ee7 T\u1ed1i \u0110a B\u00f3ng 15L"}]},{"@type":"WebSite","@id":"https:\/\/tranthi.vn\/hanoi\/#website","url":"https:\/\/tranthi.vn\/hanoi\/","name":"V\u1eadt Li\u1ec7u X\u00e2y D\u1ef1ng Tr\u1ea7n Th\u1ecb Chi Nh\u00e1nh H\u00e0 N\u1ed9i","description":"V\u1eadt Li\u1ec7u X\u00e2y D\u1ef1ng - H\u00e0 N\u1ed9i","potentialAction":[{"@type":"SearchAction","target":{"@type":"EntryPoint","urlTemplate":"https:\/\/tranthi.vn\/hanoi\/?s={search_term_string}"},"query-input":{"@type":"PropertyValueSpecification","valueRequired":true,"valueName":"search_term_string"}}],"inLanguage":"vi"},{"@type":"ImageObject","inLanguage":"vi","@id":"https:\/\/tranthi.vn\/hanoi\/jotun-essence-che-phu-toi-da-bong-hue\/#local-main-organization-logo","url":"","contentUrl":"","caption":"V\u1eadt Li\u1ec7u X\u00e2y D\u1ef1ng Tr\u1ea7n Th\u1ecb Chi Nh\u00e1nh H\u00e0 N\u1ed9i"}]},"product_price_amount":"1897000","product_price_currency":"VND","og_availability":"instock","product_availability":"instock","product_condition":"new"},"_links":{"self":[{"href":"https:\/\/tranthi.vn\/hanoi\/wp-json\/wp\/v2\/product\/5552","targetHints":{"allow":["GET"]}}],"collection":[{"href":"https:\/\/tranthi.vn\/hanoi\/wp-json\/wp\/v2\/product"}],"about":[{"href":"https:\/\/tranthi.vn\/hanoi\/wp-json\/wp\/v2\/types\/product"}],"replies":[{"embeddable":true,"href":"https:\/\/tranthi.vn\/hanoi\/wp-json\/wp\/v2\/comments?post=5552"}],"wp:featuredmedia":[{"embeddable":true,"href":"https:\/\/tranthi.vn\/hanoi\/wp-json\/wp\/v2\/media\/5553"}],"wp:attachment":[{"href":"https:\/\/tranthi.vn\/hanoi\/wp-json\/wp\/v2\/media?parent=5552"}],"wp:term":[{"taxonomy":"product_cat","embeddable":true,"href":"https:\/\/tranthi.vn\/hanoi\/wp-json\/wp\/v2\/product_cat?post=5552"},{"taxonomy":"product_tag","embeddable":true,"href":"https:\/\/tranthi.vn\/hanoi\/wp-json\/wp\/v2\/product_tag?post=5552"}],"curies":[{"name":"wp","href":"https:\/\/api.w.org\/{rel}","templated":true}]}}