{"id":5517,"date":"2022-11-10T15:42:26","date_gmt":"2022-11-10T08:42:26","guid":{"rendered":"https:\/\/tranthi.vn\/hanoi\/?post_type=product&#038;p=5517"},"modified":"2024-07-23T08:14:59","modified_gmt":"2024-07-23T01:14:59","slug":"tu-nhua-gam-cau-thang-tai-ha-noi","status":"publish","type":"product","link":"https:\/\/tranthi.vn\/hanoi\/tu-nhua-gam-cau-thang-tai-ha-noi\/","title":{"rendered":"TNGCT &#8211; C\u00e1nh v\u00e0 h\u1ed9c"},"content":{"rendered":"","protected":false},"excerpt":{"rendered":"<p><span style=\"font-family: 'times new roman', times, serif; font-size: 130%;\"><span style=\"color: #ff6600;\"><strong>\u2666\u00a0<\/strong><\/span>B\u1ea3o h\u00e0nh 1 n\u0103m<\/span><\/p>\n<p><span style=\"font-family: 'times new roman', times, serif; font-size: 130%;\"><strong><span style=\"color: #ff6600;\">\u2666<\/span>\u00a0<\/strong>\u0110\u01a1n v\u1ecb t\u00ednh: m\u00e9t t\u1edbi<\/span><\/p>\n<p><span style=\"font-family: 'times new roman', times, serif; font-size: 130%;\"><span style=\"color: #ff6600;\"><strong>\u2666\u00a0<\/strong><\/span>\u0110\u01a1n gi\u00e1<b><i>\u00a0\u21d2\u00a0<\/i><\/b><span style=\"color: #008000;\"><strong>1.250.000\/m t\u1edbi<\/strong><\/span><\/span><\/p>\n<p><span style=\"font-family: 'times new roman', times, serif; font-size: 130%;\"><strong><span style=\"color: #ff6600;\">\u2666<\/span>\u00a0<\/strong>Nh\u1eadn thi c\u00f4ng v\u00e0 l\u1eafp \u0111\u1eb7t kh\u1eafp \u0111\u1ecba b\u00e0n Hu\u1ebf<\/span><\/p>\n<p><span style=\"font-family: 'times new roman', times, serif; font-size: 130%;\"><span style=\"color: #ff6600;\"><strong>\u2666 <\/strong><\/span>Gi\u00e1 tr\u00ean \u0111\u00e3 bao g\u1ed3m ph\u00ed v\u1eadn chuy\u1ec3n v\u00e0 l\u1eafp \u0111\u1eb7t<\/span><\/p>\n","protected":false},"featured_media":5518,"comment_status":"closed","ping_status":"closed","template":"","meta":[],"product_cat":[286,308],"product_tag":[1038],"class_list":{"0":"post-5517","1":"product","2":"type-product","3":"status-publish","4":"has-post-thumbnail","6":"product_cat-cua-tu-bep-tu-quan-ao","7":"product_cat-tu-gam-cau-thang","8":"product_tag-tu-nhua-gam-cau-thang-canh-va-hop-thoai-tai-hue","10":"first","11":"instock","12":"sale","13":"shipping-taxable","14":"purchasable","15":"product-type-simple"},"yoast_head":"<!-- This site is optimized with the Yoast SEO Premium plugin v22.3 (Yoast SEO v23.7) - https:\/\/yoast.com\/wordpress\/plugins\/seo\/ -->\n<title>M\u1eabu T\u1ee7 nh\u1ef1a g\u1ea7m c\u1ea7u thang t\u1ea1i H\u00e0 N\u1ed9i m\u1edbi nh\u1ea5t - 0947.335.871<\/title>\n<meta name=\"description\" content=\"Tr\u1ea7n Th\u1ecb Chuy\u00ean thi c\u00f4ng v\u00e0 l\u1eafp \u0111\u1eb7t h\u1ec7 th\u1ed1ng t\u1ee7 nh\u1ef1a PVC g\u1ea7m c\u1ea7u thang v\u1edbi gi\u00e1 c\u1ea3 h\u1ee3p l\u00fd , \u0111\u00e1 m\u1eabu m\u00e3 t\u1ea1i h\u00e0 n\u1ed9i. Uy t\u00edn, ch\u1ea5t l\u01b0\u1ee3ng\" \/>\n<meta name=\"robots\" content=\"index, follow, max-snippet:-1, max-image-preview:large, max-video-preview:-1\" \/>\n<link rel=\"canonical\" href=\"https:\/\/tranthi.vn\/hanoi\/tu-nhua-gam-cau-thang-tai-ha-noi\/\" \/>\n<meta property=\"og:locale\" content=\"vi_VN\" \/>\n<meta property=\"og:type\" content=\"article\" \/>\n<meta property=\"og:title\" content=\"TNGCT - C\u00e1nh v\u00e0 h\u1ed9c\" \/>\n<meta property=\"og:description\" content=\"Tr\u1ea7n Th\u1ecb Chuy\u00ean thi c\u00f4ng v\u00e0 l\u1eafp \u0111\u1eb7t h\u1ec7 th\u1ed1ng t\u1ee7 nh\u1ef1a PVC g\u1ea7m c\u1ea7u thang v\u1edbi gi\u00e1 c\u1ea3 h\u1ee3p l\u00fd , \u0111\u00e1 m\u1eabu m\u00e3 t\u1ea1i h\u00e0 n\u1ed9i. Uy t\u00edn, ch\u1ea5t l\u01b0\u1ee3ng\" \/>\n<meta property=\"og:url\" content=\"https:\/\/tranthi.vn\/hanoi\/tu-nhua-gam-cau-thang-tai-ha-noi\/\" \/>\n<meta property=\"og:site_name\" content=\"V\u1eadt Li\u1ec7u X\u00e2y D\u1ef1ng Tr\u1ea7n Th\u1ecb Chi Nh\u00e1nh H\u00e0 N\u1ed9i\" \/>\n<meta property=\"article:modified_time\" content=\"2024-07-23T01:14:59+00:00\" \/>\n<meta property=\"og:image\" content=\"https:\/\/tranthi.vn\/hanoi\/wp-content\/uploads\/2022\/11\/tu-nhua-gam-cau-thang-canh-va-hop-thoai-tai-hue.jpg\" \/>\n\t<meta property=\"og:image:width\" content=\"250\" \/>\n\t<meta property=\"og:image:height\" content=\"250\" \/>\n\t<meta property=\"og:image:type\" content=\"image\/jpeg\" \/>\n<meta name=\"twitter:card\" content=\"summary_large_image\" \/>\n<meta name=\"twitter:label1\" content=\"Gi\u00e1\" \/>\n\t<meta name=\"twitter:data1\" content=\"1,250,000&nbsp;&#8363;\" \/>\n\t<meta name=\"twitter:label2\" content=\"Kh\u1ea3 d\u1ee5ng\" \/>\n\t<meta name=\"twitter:data2\" content=\"Trong kho\" \/>\n<script type=\"application\/ld+json\" class=\"yoast-schema-graph\">{\"@context\":\"https:\/\/schema.org\",\"@graph\":[{\"@type\":[\"WebPage\",\"ItemPage\"],\"@id\":\"https:\/\/tranthi.vn\/hanoi\/tu-nhua-gam-cau-thang-tai-ha-noi\/\",\"url\":\"https:\/\/tranthi.vn\/hanoi\/tu-nhua-gam-cau-thang-tai-ha-noi\/\",\"name\":\"M\u1eabu T\u1ee7 nh\u1ef1a g\u1ea7m c\u1ea7u thang t\u1ea1i H\u00e0 N\u1ed9i m\u1edbi nh\u1ea5t - 0947.335.871\",\"isPartOf\":{\"@id\":\"https:\/\/tranthi.vn\/hanoi\/#website\"},\"primaryImageOfPage\":{\"@id\":\"https:\/\/tranthi.vn\/hanoi\/tu-nhua-gam-cau-thang-tai-ha-noi\/#primaryimage\"},\"image\":{\"@id\":\"https:\/\/tranthi.vn\/hanoi\/tu-nhua-gam-cau-thang-tai-ha-noi\/#primaryimage\"},\"thumbnailUrl\":\"https:\/\/tranthi.vn\/hanoi\/wp-content\/uploads\/2022\/11\/tu-nhua-gam-cau-thang-canh-va-hop-thoai-tai-hue.jpg\",\"datePublished\":\"2022-11-10T08:42:26+00:00\",\"dateModified\":\"2024-07-23T01:14:59+00:00\",\"description\":\"Tr\u1ea7n Th\u1ecb Chuy\u00ean thi c\u00f4ng v\u00e0 l\u1eafp \u0111\u1eb7t h\u1ec7 th\u1ed1ng t\u1ee7 nh\u1ef1a PVC g\u1ea7m c\u1ea7u thang v\u1edbi gi\u00e1 c\u1ea3 h\u1ee3p l\u00fd , \u0111\u00e1 m\u1eabu m\u00e3 t\u1ea1i h\u00e0 n\u1ed9i. Uy t\u00edn, ch\u1ea5t l\u01b0\u1ee3ng\",\"breadcrumb\":{\"@id\":\"https:\/\/tranthi.vn\/hanoi\/tu-nhua-gam-cau-thang-tai-ha-noi\/#breadcrumb\"},\"inLanguage\":\"vi\",\"potentialAction\":[{\"@type\":\"ReadAction\",\"target\":[\"https:\/\/tranthi.vn\/hanoi\/tu-nhua-gam-cau-thang-tai-ha-noi\/\"]}]},{\"@type\":\"ImageObject\",\"inLanguage\":\"vi\",\"@id\":\"https:\/\/tranthi.vn\/hanoi\/tu-nhua-gam-cau-thang-tai-ha-noi\/#primaryimage\",\"url\":\"https:\/\/tranthi.vn\/hanoi\/wp-content\/uploads\/2022\/11\/tu-nhua-gam-cau-thang-canh-va-hop-thoai-tai-hue.jpg\",\"contentUrl\":\"https:\/\/tranthi.vn\/hanoi\/wp-content\/uploads\/2022\/11\/tu-nhua-gam-cau-thang-canh-va-hop-thoai-tai-hue.jpg\",\"width\":250,\"height\":250,\"caption\":\"t\u1ee7 nh\u1ef1a g\u1ea7m c\u1ea7u thang c\u00e1nh v\u00e0 h\u1ed9p tho\u1ea1i t\u1ea1i hu\u1ebf\"},{\"@type\":\"BreadcrumbList\",\"@id\":\"https:\/\/tranthi.vn\/hanoi\/tu-nhua-gam-cau-thang-tai-ha-noi\/#breadcrumb\",\"itemListElement\":[{\"@type\":\"ListItem\",\"position\":1,\"name\":\"Trang ch\u1ee7\",\"item\":\"https:\/\/tranthi.vn\/hanoi\/\"},{\"@type\":\"ListItem\",\"position\":2,\"name\":\"Shop\",\"item\":\"https:\/\/tranthi.vn\/hanoi\/shop\/\"},{\"@type\":\"ListItem\",\"position\":3,\"name\":\"TNGCT &#8211; C\u00e1nh v\u00e0 h\u1ed9c\"}]},{\"@type\":\"WebSite\",\"@id\":\"https:\/\/tranthi.vn\/hanoi\/#website\",\"url\":\"https:\/\/tranthi.vn\/hanoi\/\",\"name\":\"V\u1eadt Li\u1ec7u X\u00e2y D\u1ef1ng Tr\u1ea7n Th\u1ecb Chi Nh\u00e1nh H\u00e0 N\u1ed9i\",\"description\":\"V\u1eadt Li\u1ec7u X\u00e2y D\u1ef1ng - H\u00e0 N\u1ed9i\",\"potentialAction\":[{\"@type\":\"SearchAction\",\"target\":{\"@type\":\"EntryPoint\",\"urlTemplate\":\"https:\/\/tranthi.vn\/hanoi\/?s={search_term_string}\"},\"query-input\":{\"@type\":\"PropertyValueSpecification\",\"valueRequired\":true,\"valueName\":\"search_term_string\"}}],\"inLanguage\":\"vi\"},{\"@type\":\"ImageObject\",\"inLanguage\":\"vi\",\"@id\":\"https:\/\/tranthi.vn\/hanoi\/tu-nhua-gam-cau-thang-tai-ha-noi\/#local-main-organization-logo\",\"url\":\"\",\"contentUrl\":\"\",\"caption\":\"V\u1eadt Li\u1ec7u X\u00e2y D\u1ef1ng Tr\u1ea7n Th\u1ecb Chi Nh\u00e1nh H\u00e0 N\u1ed9i\"}]}<\/script>\n<meta property=\"product:price:amount\" content=\"1250000\" \/>\n<meta property=\"product:price:currency\" content=\"VND\" \/>\n<meta property=\"og:availability\" content=\"instock\" \/>\n<meta property=\"product:availability\" content=\"instock\" \/>\n<meta property=\"product:condition\" content=\"new\" \/>\n<!-- \/ Yoast SEO Premium plugin. -->","yoast_head_json":{"title":"M\u1eabu T\u1ee7 nh\u1ef1a g\u1ea7m c\u1ea7u thang t\u1ea1i H\u00e0 N\u1ed9i m\u1edbi nh\u1ea5t - 0947.335.871","description":"Tr\u1ea7n Th\u1ecb Chuy\u00ean thi c\u00f4ng v\u00e0 l\u1eafp \u0111\u1eb7t h\u1ec7 th\u1ed1ng t\u1ee7 nh\u1ef1a PVC g\u1ea7m c\u1ea7u thang v\u1edbi gi\u00e1 c\u1ea3 h\u1ee3p l\u00fd , \u0111\u00e1 m\u1eabu m\u00e3 t\u1ea1i h\u00e0 n\u1ed9i. Uy t\u00edn, ch\u1ea5t l\u01b0\u1ee3ng","robots":{"index":"index","follow":"follow","max-snippet":"max-snippet:-1","max-image-preview":"max-image-preview:large","max-video-preview":"max-video-preview:-1"},"canonical":"https:\/\/tranthi.vn\/hanoi\/tu-nhua-gam-cau-thang-tai-ha-noi\/","og_locale":"vi_VN","og_type":"article","og_title":"TNGCT - C\u00e1nh v\u00e0 h\u1ed9c","og_description":"Tr\u1ea7n Th\u1ecb Chuy\u00ean thi c\u00f4ng v\u00e0 l\u1eafp \u0111\u1eb7t h\u1ec7 th\u1ed1ng t\u1ee7 nh\u1ef1a PVC g\u1ea7m c\u1ea7u thang v\u1edbi gi\u00e1 c\u1ea3 h\u1ee3p l\u00fd , \u0111\u00e1 m\u1eabu m\u00e3 t\u1ea1i h\u00e0 n\u1ed9i. Uy t\u00edn, ch\u1ea5t l\u01b0\u1ee3ng","og_url":"https:\/\/tranthi.vn\/hanoi\/tu-nhua-gam-cau-thang-tai-ha-noi\/","og_site_name":"V\u1eadt Li\u1ec7u X\u00e2y D\u1ef1ng Tr\u1ea7n Th\u1ecb Chi Nh\u00e1nh H\u00e0 N\u1ed9i","article_modified_time":"2024-07-23T01:14:59+00:00","og_image":[{"width":250,"height":250,"url":"https:\/\/tranthi.vn\/hanoi\/wp-content\/uploads\/2022\/11\/tu-nhua-gam-cau-thang-canh-va-hop-thoai-tai-hue.jpg","type":"image\/jpeg"}],"twitter_card":"summary_large_image","twitter_misc":{"Gi\u00e1":"1,250,000&nbsp;&#8363;","Kh\u1ea3 d\u1ee5ng":"Trong kho"},"schema":{"@context":"https:\/\/schema.org","@graph":[{"@type":["WebPage","ItemPage"],"@id":"https:\/\/tranthi.vn\/hanoi\/tu-nhua-gam-cau-thang-tai-ha-noi\/","url":"https:\/\/tranthi.vn\/hanoi\/tu-nhua-gam-cau-thang-tai-ha-noi\/","name":"M\u1eabu T\u1ee7 nh\u1ef1a g\u1ea7m c\u1ea7u thang t\u1ea1i H\u00e0 N\u1ed9i m\u1edbi nh\u1ea5t - 0947.335.871","isPartOf":{"@id":"https:\/\/tranthi.vn\/hanoi\/#website"},"primaryImageOfPage":{"@id":"https:\/\/tranthi.vn\/hanoi\/tu-nhua-gam-cau-thang-tai-ha-noi\/#primaryimage"},"image":{"@id":"https:\/\/tranthi.vn\/hanoi\/tu-nhua-gam-cau-thang-tai-ha-noi\/#primaryimage"},"thumbnailUrl":"https:\/\/tranthi.vn\/hanoi\/wp-content\/uploads\/2022\/11\/tu-nhua-gam-cau-thang-canh-va-hop-thoai-tai-hue.jpg","datePublished":"2022-11-10T08:42:26+00:00","dateModified":"2024-07-23T01:14:59+00:00","description":"Tr\u1ea7n Th\u1ecb Chuy\u00ean thi c\u00f4ng v\u00e0 l\u1eafp \u0111\u1eb7t h\u1ec7 th\u1ed1ng t\u1ee7 nh\u1ef1a PVC g\u1ea7m c\u1ea7u thang v\u1edbi gi\u00e1 c\u1ea3 h\u1ee3p l\u00fd , \u0111\u00e1 m\u1eabu m\u00e3 t\u1ea1i h\u00e0 n\u1ed9i. Uy t\u00edn, ch\u1ea5t l\u01b0\u1ee3ng","breadcrumb":{"@id":"https:\/\/tranthi.vn\/hanoi\/tu-nhua-gam-cau-thang-tai-ha-noi\/#breadcrumb"},"inLanguage":"vi","potentialAction":[{"@type":"ReadAction","target":["https:\/\/tranthi.vn\/hanoi\/tu-nhua-gam-cau-thang-tai-ha-noi\/"]}]},{"@type":"ImageObject","inLanguage":"vi","@id":"https:\/\/tranthi.vn\/hanoi\/tu-nhua-gam-cau-thang-tai-ha-noi\/#primaryimage","url":"https:\/\/tranthi.vn\/hanoi\/wp-content\/uploads\/2022\/11\/tu-nhua-gam-cau-thang-canh-va-hop-thoai-tai-hue.jpg","contentUrl":"https:\/\/tranthi.vn\/hanoi\/wp-content\/uploads\/2022\/11\/tu-nhua-gam-cau-thang-canh-va-hop-thoai-tai-hue.jpg","width":250,"height":250,"caption":"t\u1ee7 nh\u1ef1a g\u1ea7m c\u1ea7u thang c\u00e1nh v\u00e0 h\u1ed9p tho\u1ea1i t\u1ea1i hu\u1ebf"},{"@type":"BreadcrumbList","@id":"https:\/\/tranthi.vn\/hanoi\/tu-nhua-gam-cau-thang-tai-ha-noi\/#breadcrumb","itemListElement":[{"@type":"ListItem","position":1,"name":"Trang ch\u1ee7","item":"https:\/\/tranthi.vn\/hanoi\/"},{"@type":"ListItem","position":2,"name":"Shop","item":"https:\/\/tranthi.vn\/hanoi\/shop\/"},{"@type":"ListItem","position":3,"name":"TNGCT &#8211; C\u00e1nh v\u00e0 h\u1ed9c"}]},{"@type":"WebSite","@id":"https:\/\/tranthi.vn\/hanoi\/#website","url":"https:\/\/tranthi.vn\/hanoi\/","name":"V\u1eadt Li\u1ec7u X\u00e2y D\u1ef1ng Tr\u1ea7n Th\u1ecb Chi Nh\u00e1nh H\u00e0 N\u1ed9i","description":"V\u1eadt Li\u1ec7u X\u00e2y D\u1ef1ng - H\u00e0 N\u1ed9i","potentialAction":[{"@type":"SearchAction","target":{"@type":"EntryPoint","urlTemplate":"https:\/\/tranthi.vn\/hanoi\/?s={search_term_string}"},"query-input":{"@type":"PropertyValueSpecification","valueRequired":true,"valueName":"search_term_string"}}],"inLanguage":"vi"},{"@type":"ImageObject","inLanguage":"vi","@id":"https:\/\/tranthi.vn\/hanoi\/tu-nhua-gam-cau-thang-tai-ha-noi\/#local-main-organization-logo","url":"","contentUrl":"","caption":"V\u1eadt Li\u1ec7u X\u00e2y D\u1ef1ng Tr\u1ea7n Th\u1ecb Chi Nh\u00e1nh H\u00e0 N\u1ed9i"}]},"product_price_amount":"1250000","product_price_currency":"VND","og_availability":"instock","product_availability":"instock","product_condition":"new"},"_links":{"self":[{"href":"https:\/\/tranthi.vn\/hanoi\/wp-json\/wp\/v2\/product\/5517","targetHints":{"allow":["GET"]}}],"collection":[{"href":"https:\/\/tranthi.vn\/hanoi\/wp-json\/wp\/v2\/product"}],"about":[{"href":"https:\/\/tranthi.vn\/hanoi\/wp-json\/wp\/v2\/types\/product"}],"replies":[{"embeddable":true,"href":"https:\/\/tranthi.vn\/hanoi\/wp-json\/wp\/v2\/comments?post=5517"}],"wp:featuredmedia":[{"embeddable":true,"href":"https:\/\/tranthi.vn\/hanoi\/wp-json\/wp\/v2\/media\/5518"}],"wp:attachment":[{"href":"https:\/\/tranthi.vn\/hanoi\/wp-json\/wp\/v2\/media?parent=5517"}],"wp:term":[{"taxonomy":"product_cat","embeddable":true,"href":"https:\/\/tranthi.vn\/hanoi\/wp-json\/wp\/v2\/product_cat?post=5517"},{"taxonomy":"product_tag","embeddable":true,"href":"https:\/\/tranthi.vn\/hanoi\/wp-json\/wp\/v2\/product_tag?post=5517"}],"curies":[{"name":"wp","href":"https:\/\/api.w.org\/{rel}","templated":true}]}}