{"id":5131,"date":"2022-07-06T16:49:37","date_gmt":"2022-07-06T09:49:37","guid":{"rendered":"https:\/\/tranthi.vn\/hanoi\/?post_type=product&#038;p=5131"},"modified":"2022-07-06T16:49:37","modified_gmt":"2022-07-06T09:49:37","slug":"bep-tu-bauer-be-26mi","status":"publish","type":"product","link":"https:\/\/tranthi.vn\/hanoi\/bep-tu-bauer-be-26mi\/","title":{"rendered":"B\u1ebfp T\u1eeb Bauer BE 26MI"},"content":{"rendered":"<h2><span id=\"Thong_so_san_pham_bep_tu_Bauer_BE_26MI\" style=\"font-family: 'times new roman', times, serif; font-size: 130%;\">Th\u00f4ng s\u1ed1 s\u1ea3n ph\u1ea9m b\u1ebfp t\u1eeb Bauer BE 26MI<\/span><\/h2>\n<p><span style=\"font-family: 'times new roman', times, serif; font-size: 130%;\"><strong>M\u00e3 s\u1ea3n ph\u1ea9m:\u00a0<\/strong><a href=\"https:\/\/beproyal.com\/san-pham\/bep-tu-bauer-be-26mi\">b\u1ebfp t\u1eeb Bauer BE 26MI<\/a>.<\/span><br \/>\n<span style=\"font-family: 'times new roman', times, serif; font-size: 130%;\">H\u00e3n s\u1ea3n xu\u1ea5t: Bauer (induction hobs).<\/span><br \/>\n<span style=\"font-family: 'times new roman', times, serif; font-size: 130%;\">Ngu\u1ed3n g\u1ed1c xu\u1ea5t x\u1ee9: nh\u1eadp kh\u1ea9u Malaysia made in Malaysia.<\/span><br \/>\n<span style=\"font-family: 'times new roman', times, serif; font-size: 130%;\">Ph\u00e2n lo\u1ea1i: b\u1ebfp t\u1eeb 2 b\u1ebfp l\u1eafp \u00e2m ( 2 v\u00f9ng n\u1ea5u c\u1ea3m \u1ee9ng t\u1eeb ).<\/span><br \/>\n<span style=\"font-family: 'times new roman', times, serif; font-size: 130%;\">C\u00f4ng su\u1ea5t: 4800W (4.8kW).<\/span><br \/>\n<span style=\"font-family: 'times new roman', times, serif; font-size: 130%;\">B\u1ebfp t\u1eeb Bauer \u0111\u01b0\u1ee3c c\u00f4ng ty c\u1ed5 ph\u1ea7n Bauer Vi\u1ec7t Nam ( BAUER VIET NAM., JSC ) l\u00e0 \u0111\u1ea1i di\u1ec7n ph\u00e2n ph\u1ed1i \u0111\u1ed9c quy\u1ec1n s\u1ea3n ph\u1ea9m Bauer t\u1ea1i Vi\u1ec7t Nam.<\/span><br \/>\n<span style=\"font-family: 'times new roman', times, serif; font-size: 130%;\">C\u00e1c s\u1ea3n ph\u1ea9m b\u1ebfp t\u1eeb th\u01b0\u01a1ng hi\u1ec7u Bauer c\u00f3 xu\u1ea5t x\u1ee9 r\u00f5 r\u00e0ng, gi\u1ea5y t\u1edd ch\u1ee9c minh ngu\u1ed3n g\u1ed1c \u0111\u1ea7y \u0111\u1ee7 gi\u00fap cho ng\u01b0\u1eddi mua c\u00f3 th\u1ec3 an t\u00e2m v\u1ec1 s\u1ea3n ph\u1ea9m c\u1ee7a h\u00e3ng.<\/span><\/p>\n<p><span style=\"font-family: 'times new roman', times, serif; font-size: 130%;\"><strong>Th\u00f4ng s\u1ed1 k\u1ef9 thu\u1eadt (th\u00f4ng tin chi ti\u1ebft):<\/strong><\/span><br \/>\n<span style=\"font-family: 'times new roman', times, serif; font-size: 130%;\"><strong>Ch\u1ea5t li\u1ec7u s\u1ea3n ph\u1ea9m:<\/strong><\/span><br \/>\n<span style=\"font-family: 'times new roman', times, serif; font-size: 130%;\">+ M\u1eb7t k\u00ednh Ceramic ch\u1ecbu s\u1ed1c nhi\u1ec7t t\u1ed1t l\u00ean \u0111\u1ebfn 1000\u00b0C, ch\u1ecbu l\u1ef1c n\u00e9n cao l\u00ean \u0111\u1ebfn 70kg.<\/span><br \/>\n<span style=\"font-family: 'times new roman', times, serif; font-size: 130%;\">+ Ch\u1ea5t li\u1ec7u b\u1ee5ng b\u1ebfp ti\u00eau chu\u1ea9n ch\u00e2u \u00c2u.<\/span><br \/>\n<span style=\"font-family: 'times new roman', times, serif; font-size: 130%;\">+ B\u1ec1 m\u1eb7t ch\u1ed1ng tr\u1ea7y x\u01b0\u1edbc, ch\u1ed1ng b\u00e1m b\u1ea9n.<\/span><br \/>\n<span style=\"font-family: 'times new roman', times, serif; font-size: 130%;\">+ \u0110\u01b0\u1eddng n\u00e9t hoa v\u0103n in s\u1eafc n\u00e9t, tinh t\u1ebf, sang tr\u1ecdng<\/span><\/p>\n<p><span style=\"font-family: 'times new roman', times, serif; font-size: 130%;\"><strong>Ch\u1ee9c n\u0103ng s\u1ea3n ph\u1ea9m:<\/strong><\/span><br \/>\n<span style=\"font-family: 'times new roman', times, serif; font-size: 130%;\">+ B\u1ea3ng \u0111i\u1ec1u khi\u1ec3n c\u1ea3m \u1ee9ng tr\u01b0\u1ee3t slider 9 m\u1ee9c c\u00f4ng su\u1ea5t.<\/span><br \/>\n<span style=\"font-family: 'times new roman', times, serif; font-size: 130%;\">+ C\u00f4ng ngh\u1ec7 bi\u1ebfn t\u1ea7n inverter th\u00f4ng minh ti\u1ebft ki\u1ec7m 35% \u0111i\u1ec7n n\u0103ng.<\/span><br \/>\n<span style=\"font-family: 'times new roman', times, serif; font-size: 130%;\">+ Ch\u1ee9c n\u0103ng Booster n\u1ea5u si\u00eau nhanh.<\/span><br \/>\n<span style=\"font-family: 'times new roman', times, serif; font-size: 130%;\">+ T\u00ednh n\u0103ng h\u1eb9n gi\u1edd \u0111\u1ed9c l\u1eadp 99 ph\u00fat.<\/span><br \/>\n<span style=\"font-family: 'times new roman', times, serif; font-size: 130%;\">+ Ch\u1ee9c n\u0103ng t\u1ef1 nh\u1eadn di\u1ec7n v\u00f9ng n\u1ea5u<\/span><\/p>\n<p><span style=\"font-family: 'times new roman', times, serif; font-size: 130%;\"><strong>Ch\u1ee9c n\u0103ng an to\u00e0n:<\/strong><\/span><br \/>\n<span style=\"font-family: 'times new roman', times, serif; font-size: 130%;\">+ Ch\u1ee9c n\u0103ng c\u1ea3m \u1ee9ng ch\u1ed1ng tr\u00e0o Water Overflow.<\/span><br \/>\n<span style=\"font-family: 'times new roman', times, serif; font-size: 130%;\">+ Ch\u1ee9c n\u0103ng t\u1ef1 \u0111\u1ed9ng t\u1eaft b\u1ebfp khi kh\u00f4ng c\u00f3 n\u1ed3i.<\/span><br \/>\n<span style=\"font-family: 'times new roman', times, serif; font-size: 130%;\">+ Kh\u00f3a tr\u1ebb em Child lock.<\/span><br \/>\n<span style=\"font-family: 'times new roman', times, serif; font-size: 130%;\">+ H\u1eb9n gi\u1edd gi\u1edbi h\u1ea1n th\u1eddi gian ho\u1ea1t \u0111\u1ed9ng.<\/span><br \/>\n<span style=\"font-family: 'times new roman', times, serif; font-size: 130%;\">+ B\u1ea3o v\u1ec7 qu\u00e1 nhi\u1ec7t (c\u1ea3m bi\u1ebfn nhi\u1ec7t \u0111\u1ed9 t\u00edch h\u1ee3p trong t\u1eebng v\u00f9ng n\u1ea5u).<\/span><br \/>\n<span style=\"font-family: 'times new roman', times, serif; font-size: 130%;\">+ C\u1ea3nh b\u00e1o nhi\u1ec7t d\u01b0 cho t\u1eebng v\u00f9ng n\u1ea5u.<\/span><br \/>\n<span style=\"font-family: 'times new roman', times, serif; font-size: 130%;\">+ T\u00ednh n\u0103ng chia s\u1ebb c\u00f4ng su\u1ea5t c\u00e1c v\u00f9ng n\u1ea5u<\/span><\/p>\n<p><span style=\"font-family: 'times new roman', times, serif; font-size: 130%;\"><strong>K\u00edch th\u01b0\u1edbc &amp; c\u00f4ng su\u1ea5t v\u00f9ng n\u1ea5u:<\/strong><\/span><br \/>\n<span style=\"font-family: 'times new roman', times, serif; font-size: 130%;\">+ D\u1ea1ng \u0111i\u1ec1u khi\u1ec3n: \u0111i\u1ec1u khi\u1ec3n c\u1ea3m \u1ee9ng.<\/span><br \/>\n<span style=\"font-family: 'times new roman', times, serif; font-size: 130%;\">+ Ngu\u1ed3n n\u0103ng l\u01b0\u1ee3ng: \u0111i\u1ec7n.<\/span><br \/>\n<span style=\"font-family: 'times new roman', times, serif; font-size: 130%;\">+ T\u1ea7n s\u1ed1: 50\/60Hz.<\/span><br \/>\n<span style=\"font-family: 'times new roman', times, serif; font-size: 130%;\">+ Ngu\u1ed3n \u0111i\u1ec7n: 220-240V.<\/span><br \/>\n<span style=\"font-family: 'times new roman', times, serif; font-size: 130%;\">+ K\u00edch th\u01b0\u1edbc v\u00f2ng t\u1eeb: mm, c\u00f4ng su\u1ea5t v\u00f9ng n\u1ea5u 1: 2000W, ch\u1ee9c n\u0103ng Booster n\u1ea5u nhanh 2400W.<\/span><br \/>\n<span style=\"font-family: 'times new roman', times, serif; font-size: 130%;\">+ K\u00edch th\u01b0\u1edbc v\u00f2ng t\u1eeb: mm, c\u00f4ng su\u1ea5t v\u00f9ng n\u1ea5u 2: 2000W, ch\u1ee9c n\u0103ng Booster n\u1ea5u nhanh 2400W.<\/span><br \/>\n<span style=\"font-family: 'times new roman', times, serif; font-size: 130%;\">+ K\u00edch th\u01b0\u1edbc m\u1eb7t b\u1ebfp: 730 x 430 mm.<\/span><br \/>\n<span style=\"font-family: 'times new roman', times, serif; font-size: 130%;\">+ K\u00edch th\u01b0\u1edbc kho\u00e9t \u0111\u00e1: 680 x 395 mm.<\/span><br \/>\n<span style=\"font-family: 'times new roman', times, serif; font-size: 130%;\"><strong>B\u1ea3o h\u00e0nh:<\/strong> 36 th\u00e1ng (3 n\u0103m)<\/span><\/p>\n<p><span style=\"font-family: 'times new roman', times, serif; font-size: 130%;\"><strong>L\u01b0u \u00fd:<\/strong><\/span><br \/>\n<span style=\"font-family: 'times new roman', times, serif; font-size: 130%;\">\u2013\u00a0<strong>B\u1ebfp t\u1eeb Bauer<\/strong>\u00a0c\u00f3 th\u1ec3 ch\u1ebf bi\u1ebfn nhanh \u0111\u01b0\u1ee3c nhi\u1ec1u m\u00f3n ngon cho gia \u0111\u00ecnh th\u01b0\u1edfng th\u1ee9c, h\u1ed7 tr\u1ee3 b\u1ea1n chu\u1ea9n b\u1ecb b\u1eefa c\u01a1m gia \u0111\u00ecnh nhanh ch\u00f3ng, ki\u1ec3u s\u00e1ng sang tr\u1ecdng tinh t\u1ebf theo ti\u00eau chu\u1ea9n ch\u00e2u \u00c2u.<\/span><br \/>\n<span style=\"font-family: 'times new roman', times, serif; font-size: 130%;\">\u2013\u00a0<a href=\"https:\/\/beproyal.com\/danh-muc-sp\/bep-tu\">B\u1ebfp t\u1eeb<\/a>\u00a0ch\u1ec9 s\u1eed d\u1ee5ng c\u00e1c lo\u1ea1i n\u1ed3i, ch\u1ea3o c\u00f3 \u0111\u1ebf nhi\u1ec5m t\u1eeb, c\u00e1c lo\u1ea1i xoong n\u1ed3i ch\u1ea3o ch\u1ea5t li\u1ec7u th\u1ee7y tinh, nh\u00f4m, nh\u1ef1a kh\u00f4ng s\u1eed d\u1ee5ng \u0111\u01b0\u1ee3c b\u1ebfp t\u1eeb.<\/span><br \/>\n<span style=\"font-family: 'times new roman', times, serif; font-size: 130%;\">\u2013 M\u1eb7t k\u00ednh b\u1ebfp Bauer m\u00e1t l\u1ea1nh kh\u00f4ng s\u1ee3 b\u1ecb b\u1ecfng.<\/span><br \/>\n<span style=\"font-family: 'times new roman', times, serif; font-size: 130%;\">\u2013 Khi ch\u1ecdn v\u1eadt d\u1ee5ng n\u1ea5u cho b\u1ebfp, b\u1ea1n c\u1ea7n l\u01b0u \u00fd \u0111\u1ec3 ch\u1ecdn \u0111\u00fang lo\u1ea1i \u0111\u1ec3 tr\u00e1nh g\u00e2y h\u1ecfng h\u00f3c n\u1ed3i v\u00e0 b\u1ebfp, \u0111\u1ea1t hi\u1ec7u qu\u1ea3 khi n\u1ea5u n\u01b0\u1edbng.<\/span><br \/>\n<span style=\"font-family: 'times new roman', times, serif; font-size: 130%;\">\u2013 Ch\u1ecdn v\u1ecb tr\u00ed \u0111\u1eb7t b\u1ebfp kh\u00f4 tho\u00e1ng, kh\u00f4ng \u0111\u1eb7t \u1edf n\u01a1i \u1ea9m \u01b0\u1edbt tr\u00e1nh g\u00e2y h\u1ecfng linh ki\u1ec7n, d\u1ec5 ch\u1eadp \u0111i\u1ec7n, r\u00f2 r\u1ec9.<\/span><br \/>\n<span style=\"font-family: 'times new roman', times, serif; font-size: 130%;\">\u2013 Kh\u00f4ng n\u00ean n\u1ea5u \u0103n v\u1edbi m\u1ee9c c\u00f4ng su\u1ea5t t\u1ed1i \u0111a ngay t\u1eeb \u0111\u1ea7u, trong th\u1eddi gian d\u00e0i v\u00ec m\u00f3n \u0103n d\u1ec5 ch\u00e1y kh\u00e9t, gi\u1ea3m tu\u1ed5i th\u1ecd b\u1ebfp.<\/span><br \/>\n<span style=\"font-family: 'times new roman', times, serif; font-size: 130%;\">\u2013 L\u00e0m s\u1ea1ch c\u00e1c v\u1ebft b\u1ea9n tr\u00ean m\u1eb7t b\u1ebfp sau m\u1ed7i l\u1ea7n n\u1ea5u \u0111\u1ec3 gi\u1eef b\u1ebfp m\u1edbi l\u00e2u, b\u1ec1n h\u01a1n.<\/span><br \/>\n<span style=\"font-family: 'times new roman', times, serif; font-size: 130%;\">\u2013 Hi\u1ec7n nay tr\u00ean th\u1ecb tr\u01b0\u1eddng c\u00f3 r\u1ea5t nhi\u1ec1u \u0111\u01a1n v\u1ecb ph\u00e2n ph\u1ed1i d\u00f2ng b\u1ebfp t\u1eeb Bauer. Tuy nhi\u00ean \u0111\u1ec3 c\u00f3 th\u1ec3 mua b\u1ebfp t\u1eeb Bauer v\u1edbi gi\u00e1 r\u1ebb nh\u1ea5t th\u00ec b\u1ea1n n\u00ean l\u1ef1a ch\u1ecdn B\u1ebfp Royal.<\/span><br \/>\n<span style=\"font-family: 'times new roman', times, serif; font-size: 130%;\">\u2013\u00a0<strong>B\u1ebfp Tr\u1ea7n Th\u1ecb\u00a0<\/strong>\u00a0l\u00e0 t\u1ed5ng kho thi\u1ebft b\u1ecb nh\u00e0 b\u1ebfp t\u1ea1i Hu\u1ebf v\u00e0\u00a0 \u0110\u00e0 N\u1eb5ng chuy\u00ean ph\u00e2n ph\u1ed1i c\u00e1c d\u00f2ng b\u1ebfp t\u1eeb Bauer ch\u00ednh h\u00e3ng.<\/span><br \/>\n<span style=\"font-family: 'times new roman', times, serif; font-size: 130%;\">\u2013 Ch\u00fang t\u00f4i c\u00f3 b\u1ec1 d\u00e0y kinh nghi\u1ec7m trong ng\u00e0nh thi\u1ebft b\u1ecb nh\u00e0 b\u1ebfp. \u0110\u1ed9i ng\u0169 k\u1ef9 thu\u1eadt c\u00f3 chuy\u00ean m\u00f4n cao, giao l\u1eafp \u0111\u1eb7t nhanh ch\u00f3ng, b\u1ea3o h\u00e0nh d\u00e0i l\u00e2u.<\/span><br \/>\n<span style=\"font-family: 'times new roman', times, serif; font-size: 130%;\">\u2013 B\u00e1n h\u00e0ng t\u1ea1i kho, cam k\u1ebft h\u00e0ng nguy\u00ean \u0111ai nguy\u00ean ki\u1ec7n, giao h\u00e0ng l\u1eafp \u0111\u1eb7t si\u00eau t\u1ed1c, d\u1ecbch v\u1ee5 ch\u00ednh s\u00e1ch b\u1ea3o h\u00e0nh ch\u00ednh h\u00e3ng t\u1ea1i nh\u00e0.<\/span><br \/>\n<span style=\"font-family: 'times new roman', times, serif; font-size: 130%;\">\u2013 T\u1ea5t c\u1ea3 s\u1ea3n ph\u1ea9m tr\u01b0\u1edbc khi l\u1eafp cho kh\u00e1ch h\u00e0ng \u0111\u1ec1u \u0111\u01b0\u1ee3c\u00a0<strong>ch\u1ea1y th\u1eed ki\u1ec3m tra ch\u1ea5t l\u01b0\u1ee3ng k\u1ef9 thu\u1eadt, n\u00ean qu\u00fd kh\u00e1ch h\u00e0ng ho\u00e0n to\u00e0n y\u00ean t\u00e2m khi mua h\u00e0ng<\/strong><\/span><\/p>\n<p>&nbsp;<\/p>\n<p><span style=\"font-family: 'times new roman', times, serif; font-size: 130%;\"><strong>Trung t\u00e2m t\u01b0 v\u1ea5n v\u00e0 \u0111\u1eb7t h\u00e0ng:<\/strong><\/span><\/p>\n<p><span style=\"font-family: 'times new roman', times, serif; font-size: 130%;\">website: tranthi.vn<\/span><br \/>\n<span style=\"font-family: 'times new roman', times, serif; font-size: 130%;\">Hotline: 0903 595 049<\/span><br \/>\n<span style=\"font-family: 'times new roman', times, serif; font-size: 130%;\">CH1 : 321 Nguy\u1ec5n T\u1ea5t Th\u00e0nh Th\u1ee7y D\u01b0\u01a1ng H\u01b0\u01a1ng Th\u1ee7y Hu\u1ebf<\/span><br \/>\n<span style=\"font-family: 'times new roman', times, serif; font-size: 130%;\">CH2: 204 L\u00ea V\u0103n Hi\u1ebfn Ng\u0169 H\u00e0nh S\u01a1n \u0110\u00e0 N\u1eb5ng<\/span><\/p>\n","protected":false},"excerpt":{"rendered":"<p><span style=\"font-family: 'times new roman', times, serif;\"><img loading=\"lazy\" decoding=\"async\" src=\"https:\/\/static.xx.fbcdn.net\/images\/emoji.php\/v9\/t87\/1\/16\/1f340.png\" alt=\"\ud83c\udf40\" width=\"16\" height=\"16\" \/> <span style=\"font-size: 130%;\">M\u00e3 s\u1ea3n ph\u1ea9m: b\u1ebfp t\u1eeb Bauer BE 26MI.<\/span><\/span><br \/>\n<span style=\"font-family: 'times new roman', times, serif; font-size: 130%;\"><img loading=\"lazy\" decoding=\"async\" src=\"https:\/\/static.xx.fbcdn.net\/images\/emoji.php\/v9\/t87\/1\/16\/1f340.png\" alt=\"\ud83c\udf40\" width=\"16\" height=\"16\" \/> Ngu\u1ed3n g\u1ed1c xu\u1ea5t x\u1ee9: nh\u1eadp kh\u1ea9u Malaysia\u00a0<\/span><br \/>\n<span style=\"font-family: 'times new roman', times, serif; font-size: 130%;\"><img loading=\"lazy\" decoding=\"async\" src=\"https:\/\/static.xx.fbcdn.net\/images\/emoji.php\/v9\/t87\/1\/16\/1f340.png\" alt=\"\ud83c\udf40\" width=\"16\" height=\"16\" \/> Ph\u00e2n lo\u1ea1i: b\u1ebfp t\u1eeb 2 b\u1ebfp l\u1eafp \u00e2m\u00a0<\/span><br \/>\n<span style=\"font-family: 'times new roman', times, serif; font-size: 130%;\"><img loading=\"lazy\" decoding=\"async\" src=\"https:\/\/static.xx.fbcdn.net\/images\/emoji.php\/v9\/t87\/1\/16\/1f340.png\" alt=\"\ud83c\udf40\" width=\"16\" height=\"16\" \/> C\u00f4ng su\u1ea5t: 4800W (4.8kW<\/span><br \/>\n<span style=\"font-family: 'times new roman', times, serif; font-size: 130%;\"><img loading=\"lazy\" decoding=\"async\" src=\"https:\/\/static.xx.fbcdn.net\/images\/emoji.php\/v9\/t87\/1\/16\/1f340.png\" alt=\"\ud83c\udf40\" width=\"16\" height=\"16\" \/> Ch\u1ee9c n\u0103ng kh\u00f3a tr\u1ebb em\u00a0<\/span><br \/>\n<span style=\"font-family: 'times new roman', times, serif; font-size: 130%;\"><img loading=\"lazy\" decoding=\"async\" src=\"https:\/\/static.xx.fbcdn.net\/images\/emoji.php\/v9\/t87\/1\/16\/1f340.png\" alt=\"\ud83c\udf40\" width=\"16\" height=\"16\" \/> C\u1ea3nh b\u00e1o nhi\u1ec7t d\u01b0<\/span><br \/>\n<span style=\"font-family: 'times new roman', times, serif; font-size: 130%;\"><img loading=\"lazy\" decoding=\"async\" src=\"https:\/\/static.xx.fbcdn.net\/images\/emoji.php\/v9\/t87\/1\/16\/1f340.png\" alt=\"\ud83c\udf40\" width=\"16\" height=\"16\" \/> K\u00edch th\u01b0\u1edbc: 730 x 430 mm\u00a0\u00a0<\/span><br \/>\n<span style=\"font-family: 'times new roman', times, serif; font-size: 130%;\"><img loading=\"lazy\" decoding=\"async\" src=\"https:\/\/static.xx.fbcdn.net\/images\/emoji.php\/v9\/t87\/1\/16\/1f340.png\" alt=\"\ud83c\udf40\" width=\"16\" height=\"16\" \/> Ch\u1ebf d\u1ed9 c\u1ea3m \u1ee9ng ch\u1ed1ng tr\u00e0n<\/span><br \/>\n<span style=\"font-family: 'times new roman', times, serif; font-size: 130%;\"><img loading=\"lazy\" decoding=\"async\" src=\"https:\/\/static.xx.fbcdn.net\/images\/emoji.php\/v9\/t87\/1\/16\/1f340.png\" alt=\"\ud83c\udf40\" width=\"16\" height=\"16\" \/> \u0110\u01a1n gi\u00e1 : <span style=\"color: #ff0000;\"><strong>6.990.000\u0111 \/ b\u1ed9<\/strong><\/span><\/span><\/p>\n<p>&nbsp;<\/p>\n<p>&nbsp;<\/p>\n","protected":false},"featured_media":5132,"comment_status":"closed","ping_status":"closed","template":"","meta":[],"product_cat":[949,266],"product_tag":[958,957,956],"class_list":{"0":"post-5131","1":"product","2":"type-product","3":"status-publish","4":"has-post-thumbnail","6":"product_cat-bep-tu","7":"product_cat-phu-kien-nha-bep","8":"product_tag-bep-tu-bauer-be-26mi-tai-hue-chinh-hang-gia-si-jpg","9":"product_tag-bep-tu-bauer-be-26mi-tai-hue-chinh-hang-jpg","10":"product_tag-bep-tu-bauer-be-26mi-tai-hue-jpg","12":"first","13":"instock","14":"sale","15":"shipping-taxable","16":"purchasable","17":"product-type-simple"},"yoast_head":"<!-- This site is optimized with the Yoast SEO Premium plugin v22.3 (Yoast SEO v23.7) - https:\/\/yoast.com\/wordpress\/plugins\/seo\/ -->\n<title>B\u1ebfp T\u1eeb Bauer BE 26MI - V\u1eadt Li\u1ec7u X\u00e2y D\u1ef1ng Tr\u1ea7n Th\u1ecb Chi Nh\u00e1nh H\u00e0 N\u1ed9i<\/title>\n<meta name=\"robots\" content=\"index, follow, max-snippet:-1, max-image-preview:large, max-video-preview:-1\" \/>\n<link rel=\"canonical\" href=\"https:\/\/tranthi.vn\/hanoi\/bep-tu-bauer-be-26mi\/\" \/>\n<meta property=\"og:locale\" content=\"vi_VN\" \/>\n<meta property=\"og:type\" content=\"article\" \/>\n<meta property=\"og:title\" content=\"B\u1ebfp T\u1eeb Bauer BE 26MI\" \/>\n<meta property=\"og:description\" content=\"M\u00e3 s\u1ea3n ph\u1ea9m: b\u1ebfp t\u1eeb Bauer BE 26MI.  Ngu\u1ed3n g\u1ed1c xu\u1ea5t x\u1ee9: nh\u1eadp kh\u1ea9u Malaysia\u00a0  Ph\u00e2n lo\u1ea1i: b\u1ebfp t\u1eeb 2 b\u1ebfp l\u1eafp \u00e2m\u00a0  C\u00f4ng su\u1ea5t: 4800W (4.8kW  Ch\u1ee9c n\u0103ng kh\u00f3a tr\u1ebb em\u00a0  C\u1ea3nh b\u00e1o nhi\u1ec7t d\u01b0  K\u00edch th\u01b0\u1edbc: 730 x 430 mm\u00a0\u00a0  Ch\u1ebf d\u1ed9 c\u1ea3m \u1ee9ng ch\u1ed1ng tr\u00e0n  \u0110\u01a1n gi\u00e1 : 6.990.000\u0111 \/ b\u1ed9  &nbsp;  &nbsp;\" \/>\n<meta property=\"og:url\" content=\"https:\/\/tranthi.vn\/hanoi\/bep-tu-bauer-be-26mi\/\" \/>\n<meta property=\"og:site_name\" content=\"V\u1eadt Li\u1ec7u X\u00e2y D\u1ef1ng Tr\u1ea7n Th\u1ecb Chi Nh\u00e1nh H\u00e0 N\u1ed9i\" \/>\n<meta property=\"og:image\" content=\"https:\/\/tranthi.vn\/hanoi\/wp-content\/uploads\/2022\/07\/Bep-tu-Bauer-BE-26MI-tai-hue.jpg\" \/>\n\t<meta property=\"og:image:width\" content=\"250\" \/>\n\t<meta property=\"og:image:height\" content=\"250\" \/>\n\t<meta property=\"og:image:type\" content=\"image\/jpeg\" \/>\n<meta name=\"twitter:card\" content=\"summary_large_image\" \/>\n<meta name=\"twitter:label1\" content=\"Gi\u00e1\" \/>\n\t<meta name=\"twitter:data1\" content=\"6,990,000&nbsp;&#8363;\" \/>\n\t<meta name=\"twitter:label2\" content=\"Kh\u1ea3 d\u1ee5ng\" \/>\n\t<meta name=\"twitter:data2\" content=\"Trong kho\" \/>\n<script type=\"application\/ld+json\" class=\"yoast-schema-graph\">{\"@context\":\"https:\/\/schema.org\",\"@graph\":[{\"@type\":[\"WebPage\",\"ItemPage\"],\"@id\":\"https:\/\/tranthi.vn\/hanoi\/bep-tu-bauer-be-26mi\/\",\"url\":\"https:\/\/tranthi.vn\/hanoi\/bep-tu-bauer-be-26mi\/\",\"name\":\"B\u1ebfp T\u1eeb Bauer BE 26MI - V\u1eadt Li\u1ec7u X\u00e2y D\u1ef1ng Tr\u1ea7n Th\u1ecb Chi Nh\u00e1nh H\u00e0 N\u1ed9i\",\"isPartOf\":{\"@id\":\"https:\/\/tranthi.vn\/hanoi\/#website\"},\"primaryImageOfPage\":{\"@id\":\"https:\/\/tranthi.vn\/hanoi\/bep-tu-bauer-be-26mi\/#primaryimage\"},\"image\":{\"@id\":\"https:\/\/tranthi.vn\/hanoi\/bep-tu-bauer-be-26mi\/#primaryimage\"},\"thumbnailUrl\":\"https:\/\/tranthi.vn\/hanoi\/wp-content\/uploads\/2022\/07\/Bep-tu-Bauer-BE-26MI-tai-hue.jpg\",\"datePublished\":\"2022-07-06T09:49:37+00:00\",\"dateModified\":\"2022-07-06T09:49:37+00:00\",\"breadcrumb\":{\"@id\":\"https:\/\/tranthi.vn\/hanoi\/bep-tu-bauer-be-26mi\/#breadcrumb\"},\"inLanguage\":\"vi\",\"potentialAction\":[{\"@type\":\"ReadAction\",\"target\":[\"https:\/\/tranthi.vn\/hanoi\/bep-tu-bauer-be-26mi\/\"]}]},{\"@type\":\"ImageObject\",\"inLanguage\":\"vi\",\"@id\":\"https:\/\/tranthi.vn\/hanoi\/bep-tu-bauer-be-26mi\/#primaryimage\",\"url\":\"https:\/\/tranthi.vn\/hanoi\/wp-content\/uploads\/2022\/07\/Bep-tu-Bauer-BE-26MI-tai-hue.jpg\",\"contentUrl\":\"https:\/\/tranthi.vn\/hanoi\/wp-content\/uploads\/2022\/07\/Bep-tu-Bauer-BE-26MI-tai-hue.jpg\",\"width\":250,\"height\":250,\"caption\":\"B\u1ebfp t\u1eeb Bauer BE 26MI t\u1ea1i hu\u1ebf.jpg\"},{\"@type\":\"BreadcrumbList\",\"@id\":\"https:\/\/tranthi.vn\/hanoi\/bep-tu-bauer-be-26mi\/#breadcrumb\",\"itemListElement\":[{\"@type\":\"ListItem\",\"position\":1,\"name\":\"Trang ch\u1ee7\",\"item\":\"https:\/\/tranthi.vn\/hanoi\/\"},{\"@type\":\"ListItem\",\"position\":2,\"name\":\"Shop\",\"item\":\"https:\/\/tranthi.vn\/hanoi\/shop\/\"},{\"@type\":\"ListItem\",\"position\":3,\"name\":\"B\u1ebfp T\u1eeb Bauer BE 26MI\"}]},{\"@type\":\"WebSite\",\"@id\":\"https:\/\/tranthi.vn\/hanoi\/#website\",\"url\":\"https:\/\/tranthi.vn\/hanoi\/\",\"name\":\"V\u1eadt Li\u1ec7u X\u00e2y D\u1ef1ng Tr\u1ea7n Th\u1ecb Chi Nh\u00e1nh H\u00e0 N\u1ed9i\",\"description\":\"V\u1eadt Li\u1ec7u X\u00e2y D\u1ef1ng - H\u00e0 N\u1ed9i\",\"potentialAction\":[{\"@type\":\"SearchAction\",\"target\":{\"@type\":\"EntryPoint\",\"urlTemplate\":\"https:\/\/tranthi.vn\/hanoi\/?s={search_term_string}\"},\"query-input\":{\"@type\":\"PropertyValueSpecification\",\"valueRequired\":true,\"valueName\":\"search_term_string\"}}],\"inLanguage\":\"vi\"},{\"@type\":\"ImageObject\",\"inLanguage\":\"vi\",\"@id\":\"https:\/\/tranthi.vn\/hanoi\/bep-tu-bauer-be-26mi\/#local-main-organization-logo\",\"url\":\"\",\"contentUrl\":\"\",\"caption\":\"V\u1eadt Li\u1ec7u X\u00e2y D\u1ef1ng Tr\u1ea7n Th\u1ecb Chi Nh\u00e1nh H\u00e0 N\u1ed9i\"}]}<\/script>\n<meta property=\"product:price:amount\" content=\"6990000\" \/>\n<meta property=\"product:price:currency\" content=\"VND\" \/>\n<meta property=\"og:availability\" content=\"instock\" \/>\n<meta property=\"product:availability\" content=\"instock\" \/>\n<meta property=\"product:condition\" content=\"new\" \/>\n<!-- \/ Yoast SEO Premium plugin. -->","yoast_head_json":{"title":"B\u1ebfp T\u1eeb Bauer BE 26MI - V\u1eadt Li\u1ec7u X\u00e2y D\u1ef1ng Tr\u1ea7n Th\u1ecb Chi Nh\u00e1nh H\u00e0 N\u1ed9i","robots":{"index":"index","follow":"follow","max-snippet":"max-snippet:-1","max-image-preview":"max-image-preview:large","max-video-preview":"max-video-preview:-1"},"canonical":"https:\/\/tranthi.vn\/hanoi\/bep-tu-bauer-be-26mi\/","og_locale":"vi_VN","og_type":"article","og_title":"B\u1ebfp T\u1eeb Bauer BE 26MI","og_description":"M\u00e3 s\u1ea3n ph\u1ea9m: b\u1ebfp t\u1eeb Bauer BE 26MI.  Ngu\u1ed3n g\u1ed1c xu\u1ea5t x\u1ee9: nh\u1eadp kh\u1ea9u Malaysia\u00a0  Ph\u00e2n lo\u1ea1i: b\u1ebfp t\u1eeb 2 b\u1ebfp l\u1eafp \u00e2m\u00a0  C\u00f4ng su\u1ea5t: 4800W (4.8kW  Ch\u1ee9c n\u0103ng kh\u00f3a tr\u1ebb em\u00a0  C\u1ea3nh b\u00e1o nhi\u1ec7t d\u01b0  K\u00edch th\u01b0\u1edbc: 730 x 430 mm\u00a0\u00a0  Ch\u1ebf d\u1ed9 c\u1ea3m \u1ee9ng ch\u1ed1ng tr\u00e0n  \u0110\u01a1n gi\u00e1 : 6.990.000\u0111 \/ b\u1ed9  &nbsp;  &nbsp;","og_url":"https:\/\/tranthi.vn\/hanoi\/bep-tu-bauer-be-26mi\/","og_site_name":"V\u1eadt Li\u1ec7u X\u00e2y D\u1ef1ng Tr\u1ea7n Th\u1ecb Chi Nh\u00e1nh H\u00e0 N\u1ed9i","og_image":[{"width":250,"height":250,"url":"https:\/\/tranthi.vn\/hanoi\/wp-content\/uploads\/2022\/07\/Bep-tu-Bauer-BE-26MI-tai-hue.jpg","type":"image\/jpeg"}],"twitter_card":"summary_large_image","twitter_misc":{"Gi\u00e1":"6,990,000&nbsp;&#8363;","Kh\u1ea3 d\u1ee5ng":"Trong kho"},"schema":{"@context":"https:\/\/schema.org","@graph":[{"@type":["WebPage","ItemPage"],"@id":"https:\/\/tranthi.vn\/hanoi\/bep-tu-bauer-be-26mi\/","url":"https:\/\/tranthi.vn\/hanoi\/bep-tu-bauer-be-26mi\/","name":"B\u1ebfp T\u1eeb Bauer BE 26MI - V\u1eadt Li\u1ec7u X\u00e2y D\u1ef1ng Tr\u1ea7n Th\u1ecb Chi Nh\u00e1nh H\u00e0 N\u1ed9i","isPartOf":{"@id":"https:\/\/tranthi.vn\/hanoi\/#website"},"primaryImageOfPage":{"@id":"https:\/\/tranthi.vn\/hanoi\/bep-tu-bauer-be-26mi\/#primaryimage"},"image":{"@id":"https:\/\/tranthi.vn\/hanoi\/bep-tu-bauer-be-26mi\/#primaryimage"},"thumbnailUrl":"https:\/\/tranthi.vn\/hanoi\/wp-content\/uploads\/2022\/07\/Bep-tu-Bauer-BE-26MI-tai-hue.jpg","datePublished":"2022-07-06T09:49:37+00:00","dateModified":"2022-07-06T09:49:37+00:00","breadcrumb":{"@id":"https:\/\/tranthi.vn\/hanoi\/bep-tu-bauer-be-26mi\/#breadcrumb"},"inLanguage":"vi","potentialAction":[{"@type":"ReadAction","target":["https:\/\/tranthi.vn\/hanoi\/bep-tu-bauer-be-26mi\/"]}]},{"@type":"ImageObject","inLanguage":"vi","@id":"https:\/\/tranthi.vn\/hanoi\/bep-tu-bauer-be-26mi\/#primaryimage","url":"https:\/\/tranthi.vn\/hanoi\/wp-content\/uploads\/2022\/07\/Bep-tu-Bauer-BE-26MI-tai-hue.jpg","contentUrl":"https:\/\/tranthi.vn\/hanoi\/wp-content\/uploads\/2022\/07\/Bep-tu-Bauer-BE-26MI-tai-hue.jpg","width":250,"height":250,"caption":"B\u1ebfp t\u1eeb Bauer BE 26MI t\u1ea1i hu\u1ebf.jpg"},{"@type":"BreadcrumbList","@id":"https:\/\/tranthi.vn\/hanoi\/bep-tu-bauer-be-26mi\/#breadcrumb","itemListElement":[{"@type":"ListItem","position":1,"name":"Trang ch\u1ee7","item":"https:\/\/tranthi.vn\/hanoi\/"},{"@type":"ListItem","position":2,"name":"Shop","item":"https:\/\/tranthi.vn\/hanoi\/shop\/"},{"@type":"ListItem","position":3,"name":"B\u1ebfp T\u1eeb Bauer BE 26MI"}]},{"@type":"WebSite","@id":"https:\/\/tranthi.vn\/hanoi\/#website","url":"https:\/\/tranthi.vn\/hanoi\/","name":"V\u1eadt Li\u1ec7u X\u00e2y D\u1ef1ng Tr\u1ea7n Th\u1ecb Chi Nh\u00e1nh H\u00e0 N\u1ed9i","description":"V\u1eadt Li\u1ec7u X\u00e2y D\u1ef1ng - H\u00e0 N\u1ed9i","potentialAction":[{"@type":"SearchAction","target":{"@type":"EntryPoint","urlTemplate":"https:\/\/tranthi.vn\/hanoi\/?s={search_term_string}"},"query-input":{"@type":"PropertyValueSpecification","valueRequired":true,"valueName":"search_term_string"}}],"inLanguage":"vi"},{"@type":"ImageObject","inLanguage":"vi","@id":"https:\/\/tranthi.vn\/hanoi\/bep-tu-bauer-be-26mi\/#local-main-organization-logo","url":"","contentUrl":"","caption":"V\u1eadt Li\u1ec7u X\u00e2y D\u1ef1ng Tr\u1ea7n Th\u1ecb Chi Nh\u00e1nh H\u00e0 N\u1ed9i"}]},"product_price_amount":"6990000","product_price_currency":"VND","og_availability":"instock","product_availability":"instock","product_condition":"new"},"_links":{"self":[{"href":"https:\/\/tranthi.vn\/hanoi\/wp-json\/wp\/v2\/product\/5131","targetHints":{"allow":["GET"]}}],"collection":[{"href":"https:\/\/tranthi.vn\/hanoi\/wp-json\/wp\/v2\/product"}],"about":[{"href":"https:\/\/tranthi.vn\/hanoi\/wp-json\/wp\/v2\/types\/product"}],"replies":[{"embeddable":true,"href":"https:\/\/tranthi.vn\/hanoi\/wp-json\/wp\/v2\/comments?post=5131"}],"wp:featuredmedia":[{"embeddable":true,"href":"https:\/\/tranthi.vn\/hanoi\/wp-json\/wp\/v2\/media\/5132"}],"wp:attachment":[{"href":"https:\/\/tranthi.vn\/hanoi\/wp-json\/wp\/v2\/media?parent=5131"}],"wp:term":[{"taxonomy":"product_cat","embeddable":true,"href":"https:\/\/tranthi.vn\/hanoi\/wp-json\/wp\/v2\/product_cat?post=5131"},{"taxonomy":"product_tag","embeddable":true,"href":"https:\/\/tranthi.vn\/hanoi\/wp-json\/wp\/v2\/product_tag?post=5131"}],"curies":[{"name":"wp","href":"https:\/\/api.w.org\/{rel}","templated":true}]}}