{"id":5033,"date":"2022-06-11T16:36:40","date_gmt":"2022-06-11T09:36:40","guid":{"rendered":"https:\/\/tranthi.vn\/hanoi\/?post_type=product&#038;p=5033"},"modified":"2023-01-06T17:31:43","modified_gmt":"2023-01-06T10:31:43","slug":"ke-gia-vi-gan-canh-tu-duoi-tai-hue","status":"publish","type":"product","link":"https:\/\/tranthi.vn\/hanoi\/ke-gia-vi-gan-canh-tu-duoi-tai-hue\/","title":{"rendered":"K\u1ec7 Gia V\u1ecb G\u1eafn C\u00e1nh T\u1ee7 D\u01b0\u1edbi"},"content":{"rendered":"","protected":false},"excerpt":{"rendered":"<p><span style=\"color: #ff9900;\"><em><strong>\u0110\u01a1n gi\u00e1 R\u00e1\/ k\u1ec7 gia v\u1ecb l\u1eafp t\u1ee7 b\u1ebfp d\u01b0\u1edbi inox 304 b\u00f3ng cao c\u1ea5p<\/strong><\/em><\/span><\/p>\n<p><strong><span class=\"pq6dq46d tbxw36s4 knj5qynh kvgmc6g5 ditlmg2l oygrvhab nvdbi5me sf5mxxl7 gl3lb2sf hhz5lgdu\"><img loading=\"lazy\" decoding=\"async\" src=\"https:\/\/static.xx.fbcdn.net\/images\/emoji.php\/v9\/tf9\/1\/16\/1f48e.png\" alt=\"\ud83d\udc8e\" width=\"16\" height=\"16\" \/>\u00a0<\/span>Inox 304 Nan D\u1eb9t M\u1edd\u00a0<\/strong><\/p>\n<p><span class=\"pq6dq46d tbxw36s4 knj5qynh kvgmc6g5 ditlmg2l oygrvhab nvdbi5me sf5mxxl7 gl3lb2sf hhz5lgdu\"><img loading=\"lazy\" decoding=\"async\" src=\"https:\/\/static.xx.fbcdn.net\/images\/emoji.php\/v9\/t28\/1\/16\/1f352.png\" alt=\"\ud83c\udf52\" width=\"16\" height=\"16\" \/>\u00a0<\/span>665*450*160 = 1.880.000\u0111<\/p>\n<p><span class=\"pq6dq46d tbxw36s4 knj5qynh kvgmc6g5 ditlmg2l oygrvhab nvdbi5me sf5mxxl7 gl3lb2sf hhz5lgdu\"><img loading=\"lazy\" decoding=\"async\" src=\"https:\/\/static.xx.fbcdn.net\/images\/emoji.php\/v9\/t28\/1\/16\/1f352.png\" alt=\"\ud83c\udf52\" width=\"16\" height=\"16\" \/>\u00a0<\/span>765*450*160 = 1.946.000\u0111<\/p>\n<p><span class=\"pq6dq46d tbxw36s4 knj5qynh kvgmc6g5 ditlmg2l oygrvhab nvdbi5me sf5mxxl7 gl3lb2sf hhz5lgdu\"><img loading=\"lazy\" decoding=\"async\" src=\"https:\/\/static.xx.fbcdn.net\/images\/emoji.php\/v9\/t28\/1\/16\/1f352.png\" alt=\"\ud83c\udf52\" width=\"16\" height=\"16\" \/><\/span> 865*450*160 = 2.136.000\u0111<\/p>\n<p><strong><span class=\"pq6dq46d tbxw36s4 knj5qynh kvgmc6g5 ditlmg2l oygrvhab nvdbi5me sf5mxxl7 gl3lb2sf hhz5lgdu\"><img loading=\"lazy\" decoding=\"async\" src=\"https:\/\/static.xx.fbcdn.net\/images\/emoji.php\/v9\/tf9\/1\/16\/1f48e.png\" alt=\"\ud83d\udc8e\" width=\"16\" height=\"16\" \/>\u00a0<\/span>Inox 304 Nan D\u1eb9t<\/strong><\/p>\n<p><span class=\"pq6dq46d tbxw36s4 knj5qynh kvgmc6g5 ditlmg2l oygrvhab nvdbi5me sf5mxxl7 gl3lb2sf hhz5lgdu\"><img loading=\"lazy\" decoding=\"async\" src=\"https:\/\/static.xx.fbcdn.net\/images\/emoji.php\/v9\/t28\/1\/16\/1f352.png\" alt=\"\ud83c\udf52\" width=\"16\" height=\"16\" \/>\u00a0<\/span>665*450*160 = 1.920.000\u0111<\/p>\n<p><span class=\"pq6dq46d tbxw36s4 knj5qynh kvgmc6g5 ditlmg2l oygrvhab nvdbi5me sf5mxxl7 gl3lb2sf hhz5lgdu\"><img loading=\"lazy\" decoding=\"async\" src=\"https:\/\/static.xx.fbcdn.net\/images\/emoji.php\/v9\/t28\/1\/16\/1f352.png\" alt=\"\ud83c\udf52\" width=\"16\" height=\"16\" \/><\/span> 765*450*160 = 2.023.000\u0111<\/p>\n<p><span class=\"pq6dq46d tbxw36s4 knj5qynh kvgmc6g5 ditlmg2l oygrvhab nvdbi5me sf5mxxl7 gl3lb2sf hhz5lgdu\"><img loading=\"lazy\" decoding=\"async\" src=\"https:\/\/static.xx.fbcdn.net\/images\/emoji.php\/v9\/t28\/1\/16\/1f352.png\" alt=\"\ud83c\udf52\" width=\"16\" height=\"16\" \/><\/span> 865*450*160 = 2.089.00\u0111<\/p>\n<p><span class=\"pq6dq46d tbxw36s4 knj5qynh kvgmc6g5 ditlmg2l oygrvhab nvdbi5me sf5mxxl7 gl3lb2sf hhz5lgdu\"><img loading=\"lazy\" decoding=\"async\" src=\"https:\/\/static.xx.fbcdn.net\/images\/emoji.php\/v9\/tf9\/1\/16\/1f48e.png\" alt=\"\ud83d\udc8e\" width=\"16\" height=\"16\" \/>\u00a0<\/span><strong>C\u00e1c n\u1ed9i dung s\u1ea3n ph\u1ea9m \u0111\u01b0\u1ee3c b\u1ea3o h\u00e0nh<\/strong><\/p>\n<p><span class=\"pq6dq46d tbxw36s4 knj5qynh kvgmc6g5 ditlmg2l oygrvhab nvdbi5me sf5mxxl7 gl3lb2sf hhz5lgdu\"><img loading=\"lazy\" decoding=\"async\" src=\"https:\/\/static.xx.fbcdn.net\/images\/emoji.php\/v9\/t28\/1\/16\/1f352.png\" alt=\"\ud83c\udf52\" width=\"16\" height=\"16\" \/>\u00a0<\/span>Gi\u1ecf b\u1ea3o h\u00e0nh r\u1ec9 s\u00e9t 5 n\u0103m<\/p>\n<p><span class=\"pq6dq46d tbxw36s4 knj5qynh kvgmc6g5 ditlmg2l oygrvhab nvdbi5me sf5mxxl7 gl3lb2sf hhz5lgdu\"><img loading=\"lazy\" decoding=\"async\" src=\"https:\/\/static.xx.fbcdn.net\/images\/emoji.php\/v9\/t28\/1\/16\/1f352.png\" alt=\"\ud83c\udf52\" width=\"16\" height=\"16\" \/> Inox 304 nan d\u1eb9t m\u1edd b\u1ea3o h\u00e0nh 2 n\u0103m<\/span><\/p>\n<p><span class=\"pq6dq46d tbxw36s4 knj5qynh kvgmc6g5 ditlmg2l oygrvhab nvdbi5me sf5mxxl7 gl3lb2sf hhz5lgdu\"><img loading=\"lazy\" decoding=\"async\" src=\"https:\/\/static.xx.fbcdn.net\/images\/emoji.php\/v9\/t28\/1\/16\/1f352.png\" alt=\"\ud83c\udf52\" width=\"16\" height=\"16\" \/> Inox 304 b\u00f3ng b\u1ea3o h\u00e0nh v\u0129nh vi\u1ec5n<\/span><\/p>\n<p><span class=\"pq6dq46d tbxw36s4 knj5qynh kvgmc6g5 ditlmg2l oygrvhab nvdbi5me sf5mxxl7 gl3lb2sf hhz5lgdu\"><img loading=\"lazy\" decoding=\"async\" src=\"https:\/\/static.xx.fbcdn.net\/images\/emoji.php\/v9\/t28\/1\/16\/1f352.png\" alt=\"\ud83c\udf52\" width=\"16\" height=\"16\" \/>\u00a0<\/span>\u00a0H\u1ec7 th\u1ed1ng khung, ray b\u1ea3o h\u00e0nh 2 n\u0103m<\/p>\n<p><span class=\"pq6dq46d tbxw36s4 knj5qynh kvgmc6g5 ditlmg2l oygrvhab nvdbi5me sf5mxxl7 gl3lb2sf hhz5lgdu\"><img loading=\"lazy\" decoding=\"async\" src=\"https:\/\/static.xx.fbcdn.net\/images\/emoji.php\/v9\/tf9\/1\/16\/1f48e.png\" alt=\"\ud83d\udc8e\" width=\"16\" height=\"16\" \/><\/span>\u00a0<strong>C\u00e1c tr\u01b0\u1eddng h\u1ee3p s\u1ea3n ph\u1ea9m kh\u00f4ng \u0111\u01b0\u1ee3c b\u1ea3o h\u00e0nh:<\/strong><\/p>\n<p><span class=\"pq6dq46d tbxw36s4 knj5qynh kvgmc6g5 ditlmg2l oygrvhab nvdbi5me sf5mxxl7 gl3lb2sf hhz5lgdu\"><img loading=\"lazy\" decoding=\"async\" src=\"https:\/\/static.xx.fbcdn.net\/images\/emoji.php\/v9\/t28\/1\/16\/1f352.png\" alt=\"\ud83c\udf52\" width=\"16\" height=\"16\" \/>\u00a0<\/span>S\u1ea3n ph\u1ea9m s\u1eed d\u1ee5ng trong m\u00f4i tr\u01b0\u1eddng \u1ea9m \u01b0\u1edbt<\/p>\n<p><span class=\"pq6dq46d tbxw36s4 knj5qynh kvgmc6g5 ditlmg2l oygrvhab nvdbi5me sf5mxxl7 gl3lb2sf hhz5lgdu\"><img loading=\"lazy\" decoding=\"async\" src=\"https:\/\/static.xx.fbcdn.net\/images\/emoji.php\/v9\/t28\/1\/16\/1f352.png\" alt=\"\ud83c\udf52\" width=\"16\" height=\"16\" \/>\u00a0<\/span>S\u1ea3n ph\u1ea9m s\u1eed d\u1ee5ng trong m\u00f4i tr\u01b0\u1eddng c\u00f3 axit, \u0111\u1ed9 m\u1eb7n cao<\/p>\n<p><span class=\"pq6dq46d tbxw36s4 knj5qynh kvgmc6g5 ditlmg2l oygrvhab nvdbi5me sf5mxxl7 gl3lb2sf hhz5lgdu\"><img loading=\"lazy\" decoding=\"async\" src=\"https:\/\/static.xx.fbcdn.net\/images\/emoji.php\/v9\/t28\/1\/16\/1f352.png\" alt=\"\ud83c\udf52\" width=\"16\" height=\"16\" \/>\u00a0<\/span>S\u1ea3n ph\u1ea9m b\u1ecb d\u1eabm \u0111\u1ea1p, l\u00e0m bi\u1ebfn d\u1ea1ng do t\u00e1c \u0111\u1ed9ng b\u00ean ngo\u00e0i<\/p>\n<p><span class=\"pq6dq46d tbxw36s4 knj5qynh kvgmc6g5 ditlmg2l oygrvhab nvdbi5me sf5mxxl7 gl3lb2sf hhz5lgdu\"><img loading=\"lazy\" decoding=\"async\" src=\"https:\/\/static.xx.fbcdn.net\/images\/emoji.php\/v9\/tf9\/1\/16\/1f48e.png\" alt=\"\ud83d\udc8e\" width=\"16\" height=\"16\" \/>\u00a0<\/span><strong>Gi\u00e1 \u01b0u \u0111\u00e3i khi nh\u1eadn thi c\u00f4ng k\u1ebft h\u1ee3p v\u1edbi l\u1eafp \u0111\u1eb7t t\u1ee7 nh\u1ef1a B\u1ebfp<\/strong><em>\u00a0<\/em><\/p>\n","protected":false},"featured_media":5034,"comment_status":"closed","ping_status":"closed","template":"","meta":[],"product_cat":[266,920],"product_tag":[925],"class_list":{"0":"post-5033","1":"product","2":"type-product","3":"status-publish","4":"has-post-thumbnail","6":"product_cat-phu-kien-nha-bep","7":"product_cat-phu-kien-tu-bep-thong-minh","8":"product_tag-ke-de-gia-vi-thong-minh-lap-tu-bep-duoi-hue","10":"first","11":"instock","12":"sale","13":"shipping-taxable","14":"purchasable","15":"product-type-simple"},"yoast_head":"<!-- This site is optimized with the Yoast SEO Premium plugin v22.3 (Yoast SEO v23.7) - https:\/\/yoast.com\/wordpress\/plugins\/seo\/ -->\n<title>K\u1ec7 gia v\u1ecb l\u1eafp \u0111\u1eb7t cho t\u1ee7 b\u1ebfp d\u01b0\u1edbi t\u1ea1i Hu\u1ebf - 0903.595.049<\/title>\n<meta name=\"robots\" content=\"index, follow, max-snippet:-1, max-image-preview:large, max-video-preview:-1\" \/>\n<link rel=\"canonical\" href=\"https:\/\/tranthi.vn\/hanoi\/ke-gia-vi-gan-canh-tu-duoi-tai-hue\/\" \/>\n<meta property=\"og:locale\" content=\"vi_VN\" \/>\n<meta property=\"og:type\" content=\"article\" \/>\n<meta property=\"og:title\" content=\"K\u1ec7 Gia V\u1ecb G\u1eafn C\u00e1nh T\u1ee7 D\u01b0\u1edbi\" \/>\n<meta property=\"og:description\" content=\"\u0110\u01a1n gi\u00e1 R\u00e1\/ k\u1ec7 gia v\u1ecb l\u1eafp t\u1ee7 b\u1ebfp d\u01b0\u1edbi inox 304 b\u00f3ng cao c\u1ea5p  \u00a0Inox 304 Nan D\u1eb9t M\u1edd\u00a0  \u00a0665*450*160 = 1.880.000\u0111  \u00a0765*450*160 = 1.946.000\u0111   865*450*160 = 2.136.000\u0111  \u00a0Inox 304 Nan D\u1eb9t  \u00a0665*450*160 = 1.920.000\u0111   765*450*160 = 2.023.000\u0111   865*450*160 = 2.089.00\u0111  \u00a0C\u00e1c n\u1ed9i dung s\u1ea3n ph\u1ea9m \u0111\u01b0\u1ee3c b\u1ea3o h\u00e0nh  \u00a0Gi\u1ecf b\u1ea3o h\u00e0nh r\u1ec9 s\u00e9t 5 n\u0103m   Inox 304 nan d\u1eb9t m\u1edd b\u1ea3o h\u00e0nh 2 n\u0103m   Inox 304 b\u00f3ng b\u1ea3o h\u00e0nh v\u0129nh vi\u1ec5n  \u00a0\u00a0H\u1ec7 th\u1ed1ng khung, ray b\u1ea3o h\u00e0nh 2 n\u0103m  \u00a0C\u00e1c tr\u01b0\u1eddng h\u1ee3p s\u1ea3n ph\u1ea9m kh\u00f4ng \u0111\u01b0\u1ee3c b\u1ea3o h\u00e0nh:  \u00a0S\u1ea3n ph\u1ea9m s\u1eed d\u1ee5ng trong m\u00f4i tr\u01b0\u1eddng \u1ea9m \u01b0\u1edbt  \u00a0S\u1ea3n ph\u1ea9m s\u1eed d\u1ee5ng trong m\u00f4i tr\u01b0\u1eddng c\u00f3 axit, \u0111\u1ed9 m\u1eb7n cao  \u00a0S\u1ea3n ph\u1ea9m b\u1ecb d\u1eabm \u0111\u1ea1p, l\u00e0m bi\u1ebfn d\u1ea1ng do t\u00e1c \u0111\u1ed9ng b\u00ean ngo\u00e0i  \u00a0Gi\u00e1 \u01b0u \u0111\u00e3i khi nh\u1eadn thi c\u00f4ng k\u1ebft h\u1ee3p v\u1edbi l\u1eafp \u0111\u1eb7t t\u1ee7 nh\u1ef1a B\u1ebfp\u00a0\" \/>\n<meta property=\"og:url\" content=\"https:\/\/tranthi.vn\/hanoi\/ke-gia-vi-gan-canh-tu-duoi-tai-hue\/\" \/>\n<meta property=\"og:site_name\" content=\"V\u1eadt Li\u1ec7u X\u00e2y D\u1ef1ng Tr\u1ea7n Th\u1ecb Chi Nh\u00e1nh H\u00e0 N\u1ed9i\" \/>\n<meta property=\"article:modified_time\" content=\"2023-01-06T10:31:43+00:00\" \/>\n<meta property=\"og:image\" content=\"https:\/\/tranthi.vn\/hanoi\/wp-content\/uploads\/2022\/06\/ke-de-gia-vi-thong-minh-lap-tu-bep-duoi-hue.jpg\" \/>\n\t<meta property=\"og:image:width\" content=\"450\" \/>\n\t<meta property=\"og:image:height\" content=\"400\" \/>\n\t<meta property=\"og:image:type\" content=\"image\/jpeg\" \/>\n<meta name=\"twitter:card\" content=\"summary_large_image\" \/>\n<meta name=\"twitter:label1\" content=\"Gi\u00e1\" \/>\n\t<meta name=\"twitter:data1\" content=\"1,880,000&nbsp;&#8363;\" \/>\n\t<meta name=\"twitter:label2\" content=\"Kh\u1ea3 d\u1ee5ng\" \/>\n\t<meta name=\"twitter:data2\" content=\"Trong kho\" \/>\n<script type=\"application\/ld+json\" class=\"yoast-schema-graph\">{\"@context\":\"https:\/\/schema.org\",\"@graph\":[{\"@type\":[\"WebPage\",\"ItemPage\"],\"@id\":\"https:\/\/tranthi.vn\/hanoi\/ke-gia-vi-gan-canh-tu-duoi-tai-hue\/\",\"url\":\"https:\/\/tranthi.vn\/hanoi\/ke-gia-vi-gan-canh-tu-duoi-tai-hue\/\",\"name\":\"K\u1ec7 gia v\u1ecb l\u1eafp \u0111\u1eb7t cho t\u1ee7 b\u1ebfp d\u01b0\u1edbi t\u1ea1i Hu\u1ebf - 0903.595.049\",\"isPartOf\":{\"@id\":\"https:\/\/tranthi.vn\/hanoi\/#website\"},\"primaryImageOfPage\":{\"@id\":\"https:\/\/tranthi.vn\/hanoi\/ke-gia-vi-gan-canh-tu-duoi-tai-hue\/#primaryimage\"},\"image\":{\"@id\":\"https:\/\/tranthi.vn\/hanoi\/ke-gia-vi-gan-canh-tu-duoi-tai-hue\/#primaryimage\"},\"thumbnailUrl\":\"https:\/\/tranthi.vn\/hanoi\/wp-content\/uploads\/2022\/06\/ke-de-gia-vi-thong-minh-lap-tu-bep-duoi-hue.jpg\",\"datePublished\":\"2022-06-11T09:36:40+00:00\",\"dateModified\":\"2023-01-06T10:31:43+00:00\",\"breadcrumb\":{\"@id\":\"https:\/\/tranthi.vn\/hanoi\/ke-gia-vi-gan-canh-tu-duoi-tai-hue\/#breadcrumb\"},\"inLanguage\":\"vi\",\"potentialAction\":[{\"@type\":\"ReadAction\",\"target\":[\"https:\/\/tranthi.vn\/hanoi\/ke-gia-vi-gan-canh-tu-duoi-tai-hue\/\"]}]},{\"@type\":\"ImageObject\",\"inLanguage\":\"vi\",\"@id\":\"https:\/\/tranthi.vn\/hanoi\/ke-gia-vi-gan-canh-tu-duoi-tai-hue\/#primaryimage\",\"url\":\"https:\/\/tranthi.vn\/hanoi\/wp-content\/uploads\/2022\/06\/ke-de-gia-vi-thong-minh-lap-tu-bep-duoi-hue.jpg\",\"contentUrl\":\"https:\/\/tranthi.vn\/hanoi\/wp-content\/uploads\/2022\/06\/ke-de-gia-vi-thong-minh-lap-tu-bep-duoi-hue.jpg\",\"width\":450,\"height\":400,\"caption\":\"ke-de-gia-vi-thong-minh-lap-tu-bep-duoi-hue\"},{\"@type\":\"BreadcrumbList\",\"@id\":\"https:\/\/tranthi.vn\/hanoi\/ke-gia-vi-gan-canh-tu-duoi-tai-hue\/#breadcrumb\",\"itemListElement\":[{\"@type\":\"ListItem\",\"position\":1,\"name\":\"Trang ch\u1ee7\",\"item\":\"https:\/\/tranthi.vn\/hanoi\/\"},{\"@type\":\"ListItem\",\"position\":2,\"name\":\"Shop\",\"item\":\"https:\/\/tranthi.vn\/hanoi\/shop\/\"},{\"@type\":\"ListItem\",\"position\":3,\"name\":\"K\u1ec7 Gia V\u1ecb G\u1eafn C\u00e1nh T\u1ee7 D\u01b0\u1edbi\"}]},{\"@type\":\"WebSite\",\"@id\":\"https:\/\/tranthi.vn\/hanoi\/#website\",\"url\":\"https:\/\/tranthi.vn\/hanoi\/\",\"name\":\"V\u1eadt Li\u1ec7u X\u00e2y D\u1ef1ng Tr\u1ea7n Th\u1ecb Chi Nh\u00e1nh H\u00e0 N\u1ed9i\",\"description\":\"V\u1eadt Li\u1ec7u X\u00e2y D\u1ef1ng - H\u00e0 N\u1ed9i\",\"potentialAction\":[{\"@type\":\"SearchAction\",\"target\":{\"@type\":\"EntryPoint\",\"urlTemplate\":\"https:\/\/tranthi.vn\/hanoi\/?s={search_term_string}\"},\"query-input\":{\"@type\":\"PropertyValueSpecification\",\"valueRequired\":true,\"valueName\":\"search_term_string\"}}],\"inLanguage\":\"vi\"},{\"@type\":\"ImageObject\",\"inLanguage\":\"vi\",\"@id\":\"https:\/\/tranthi.vn\/hanoi\/ke-gia-vi-gan-canh-tu-duoi-tai-hue\/#local-main-organization-logo\",\"url\":\"\",\"contentUrl\":\"\",\"caption\":\"V\u1eadt Li\u1ec7u X\u00e2y D\u1ef1ng Tr\u1ea7n Th\u1ecb Chi Nh\u00e1nh H\u00e0 N\u1ed9i\"}]}<\/script>\n<meta property=\"product:price:amount\" content=\"1880000\" \/>\n<meta property=\"product:price:currency\" content=\"VND\" \/>\n<meta property=\"og:availability\" content=\"instock\" \/>\n<meta property=\"product:availability\" content=\"instock\" \/>\n<meta property=\"product:condition\" content=\"new\" \/>\n<!-- \/ Yoast SEO Premium plugin. -->","yoast_head_json":{"title":"K\u1ec7 gia v\u1ecb l\u1eafp \u0111\u1eb7t cho t\u1ee7 b\u1ebfp d\u01b0\u1edbi t\u1ea1i Hu\u1ebf - 0903.595.049","robots":{"index":"index","follow":"follow","max-snippet":"max-snippet:-1","max-image-preview":"max-image-preview:large","max-video-preview":"max-video-preview:-1"},"canonical":"https:\/\/tranthi.vn\/hanoi\/ke-gia-vi-gan-canh-tu-duoi-tai-hue\/","og_locale":"vi_VN","og_type":"article","og_title":"K\u1ec7 Gia V\u1ecb G\u1eafn C\u00e1nh T\u1ee7 D\u01b0\u1edbi","og_description":"\u0110\u01a1n gi\u00e1 R\u00e1\/ k\u1ec7 gia v\u1ecb l\u1eafp t\u1ee7 b\u1ebfp d\u01b0\u1edbi inox 304 b\u00f3ng cao c\u1ea5p  \u00a0Inox 304 Nan D\u1eb9t M\u1edd\u00a0  \u00a0665*450*160 = 1.880.000\u0111  \u00a0765*450*160 = 1.946.000\u0111   865*450*160 = 2.136.000\u0111  \u00a0Inox 304 Nan D\u1eb9t  \u00a0665*450*160 = 1.920.000\u0111   765*450*160 = 2.023.000\u0111   865*450*160 = 2.089.00\u0111  \u00a0C\u00e1c n\u1ed9i dung s\u1ea3n ph\u1ea9m \u0111\u01b0\u1ee3c b\u1ea3o h\u00e0nh  \u00a0Gi\u1ecf b\u1ea3o h\u00e0nh r\u1ec9 s\u00e9t 5 n\u0103m   Inox 304 nan d\u1eb9t m\u1edd b\u1ea3o h\u00e0nh 2 n\u0103m   Inox 304 b\u00f3ng b\u1ea3o h\u00e0nh v\u0129nh vi\u1ec5n  \u00a0\u00a0H\u1ec7 th\u1ed1ng khung, ray b\u1ea3o h\u00e0nh 2 n\u0103m  \u00a0C\u00e1c tr\u01b0\u1eddng h\u1ee3p s\u1ea3n ph\u1ea9m kh\u00f4ng \u0111\u01b0\u1ee3c b\u1ea3o h\u00e0nh:  \u00a0S\u1ea3n ph\u1ea9m s\u1eed d\u1ee5ng trong m\u00f4i tr\u01b0\u1eddng \u1ea9m \u01b0\u1edbt  \u00a0S\u1ea3n ph\u1ea9m s\u1eed d\u1ee5ng trong m\u00f4i tr\u01b0\u1eddng c\u00f3 axit, \u0111\u1ed9 m\u1eb7n cao  \u00a0S\u1ea3n ph\u1ea9m b\u1ecb d\u1eabm \u0111\u1ea1p, l\u00e0m bi\u1ebfn d\u1ea1ng do t\u00e1c \u0111\u1ed9ng b\u00ean ngo\u00e0i  \u00a0Gi\u00e1 \u01b0u \u0111\u00e3i khi nh\u1eadn thi c\u00f4ng k\u1ebft h\u1ee3p v\u1edbi l\u1eafp \u0111\u1eb7t t\u1ee7 nh\u1ef1a B\u1ebfp\u00a0","og_url":"https:\/\/tranthi.vn\/hanoi\/ke-gia-vi-gan-canh-tu-duoi-tai-hue\/","og_site_name":"V\u1eadt Li\u1ec7u X\u00e2y D\u1ef1ng Tr\u1ea7n Th\u1ecb Chi Nh\u00e1nh H\u00e0 N\u1ed9i","article_modified_time":"2023-01-06T10:31:43+00:00","og_image":[{"width":450,"height":400,"url":"https:\/\/tranthi.vn\/hanoi\/wp-content\/uploads\/2022\/06\/ke-de-gia-vi-thong-minh-lap-tu-bep-duoi-hue.jpg","type":"image\/jpeg"}],"twitter_card":"summary_large_image","twitter_misc":{"Gi\u00e1":"1,880,000&nbsp;&#8363;","Kh\u1ea3 d\u1ee5ng":"Trong kho"},"schema":{"@context":"https:\/\/schema.org","@graph":[{"@type":["WebPage","ItemPage"],"@id":"https:\/\/tranthi.vn\/hanoi\/ke-gia-vi-gan-canh-tu-duoi-tai-hue\/","url":"https:\/\/tranthi.vn\/hanoi\/ke-gia-vi-gan-canh-tu-duoi-tai-hue\/","name":"K\u1ec7 gia v\u1ecb l\u1eafp \u0111\u1eb7t cho t\u1ee7 b\u1ebfp d\u01b0\u1edbi t\u1ea1i Hu\u1ebf - 0903.595.049","isPartOf":{"@id":"https:\/\/tranthi.vn\/hanoi\/#website"},"primaryImageOfPage":{"@id":"https:\/\/tranthi.vn\/hanoi\/ke-gia-vi-gan-canh-tu-duoi-tai-hue\/#primaryimage"},"image":{"@id":"https:\/\/tranthi.vn\/hanoi\/ke-gia-vi-gan-canh-tu-duoi-tai-hue\/#primaryimage"},"thumbnailUrl":"https:\/\/tranthi.vn\/hanoi\/wp-content\/uploads\/2022\/06\/ke-de-gia-vi-thong-minh-lap-tu-bep-duoi-hue.jpg","datePublished":"2022-06-11T09:36:40+00:00","dateModified":"2023-01-06T10:31:43+00:00","breadcrumb":{"@id":"https:\/\/tranthi.vn\/hanoi\/ke-gia-vi-gan-canh-tu-duoi-tai-hue\/#breadcrumb"},"inLanguage":"vi","potentialAction":[{"@type":"ReadAction","target":["https:\/\/tranthi.vn\/hanoi\/ke-gia-vi-gan-canh-tu-duoi-tai-hue\/"]}]},{"@type":"ImageObject","inLanguage":"vi","@id":"https:\/\/tranthi.vn\/hanoi\/ke-gia-vi-gan-canh-tu-duoi-tai-hue\/#primaryimage","url":"https:\/\/tranthi.vn\/hanoi\/wp-content\/uploads\/2022\/06\/ke-de-gia-vi-thong-minh-lap-tu-bep-duoi-hue.jpg","contentUrl":"https:\/\/tranthi.vn\/hanoi\/wp-content\/uploads\/2022\/06\/ke-de-gia-vi-thong-minh-lap-tu-bep-duoi-hue.jpg","width":450,"height":400,"caption":"ke-de-gia-vi-thong-minh-lap-tu-bep-duoi-hue"},{"@type":"BreadcrumbList","@id":"https:\/\/tranthi.vn\/hanoi\/ke-gia-vi-gan-canh-tu-duoi-tai-hue\/#breadcrumb","itemListElement":[{"@type":"ListItem","position":1,"name":"Trang ch\u1ee7","item":"https:\/\/tranthi.vn\/hanoi\/"},{"@type":"ListItem","position":2,"name":"Shop","item":"https:\/\/tranthi.vn\/hanoi\/shop\/"},{"@type":"ListItem","position":3,"name":"K\u1ec7 Gia V\u1ecb G\u1eafn C\u00e1nh T\u1ee7 D\u01b0\u1edbi"}]},{"@type":"WebSite","@id":"https:\/\/tranthi.vn\/hanoi\/#website","url":"https:\/\/tranthi.vn\/hanoi\/","name":"V\u1eadt Li\u1ec7u X\u00e2y D\u1ef1ng Tr\u1ea7n Th\u1ecb Chi Nh\u00e1nh H\u00e0 N\u1ed9i","description":"V\u1eadt Li\u1ec7u X\u00e2y D\u1ef1ng - H\u00e0 N\u1ed9i","potentialAction":[{"@type":"SearchAction","target":{"@type":"EntryPoint","urlTemplate":"https:\/\/tranthi.vn\/hanoi\/?s={search_term_string}"},"query-input":{"@type":"PropertyValueSpecification","valueRequired":true,"valueName":"search_term_string"}}],"inLanguage":"vi"},{"@type":"ImageObject","inLanguage":"vi","@id":"https:\/\/tranthi.vn\/hanoi\/ke-gia-vi-gan-canh-tu-duoi-tai-hue\/#local-main-organization-logo","url":"","contentUrl":"","caption":"V\u1eadt Li\u1ec7u X\u00e2y D\u1ef1ng Tr\u1ea7n Th\u1ecb Chi Nh\u00e1nh H\u00e0 N\u1ed9i"}]},"product_price_amount":"1880000","product_price_currency":"VND","og_availability":"instock","product_availability":"instock","product_condition":"new"},"_links":{"self":[{"href":"https:\/\/tranthi.vn\/hanoi\/wp-json\/wp\/v2\/product\/5033","targetHints":{"allow":["GET"]}}],"collection":[{"href":"https:\/\/tranthi.vn\/hanoi\/wp-json\/wp\/v2\/product"}],"about":[{"href":"https:\/\/tranthi.vn\/hanoi\/wp-json\/wp\/v2\/types\/product"}],"replies":[{"embeddable":true,"href":"https:\/\/tranthi.vn\/hanoi\/wp-json\/wp\/v2\/comments?post=5033"}],"wp:featuredmedia":[{"embeddable":true,"href":"https:\/\/tranthi.vn\/hanoi\/wp-json\/wp\/v2\/media\/5034"}],"wp:attachment":[{"href":"https:\/\/tranthi.vn\/hanoi\/wp-json\/wp\/v2\/media?parent=5033"}],"wp:term":[{"taxonomy":"product_cat","embeddable":true,"href":"https:\/\/tranthi.vn\/hanoi\/wp-json\/wp\/v2\/product_cat?post=5033"},{"taxonomy":"product_tag","embeddable":true,"href":"https:\/\/tranthi.vn\/hanoi\/wp-json\/wp\/v2\/product_tag?post=5033"}],"curies":[{"name":"wp","href":"https:\/\/api.w.org\/{rel}","templated":true}]}}