{"id":4986,"date":"2022-06-09T10:40:37","date_gmt":"2022-06-09T03:40:37","guid":{"rendered":"https:\/\/tranthi.vn\/hanoi\/?post_type=product&#038;p=4986"},"modified":"2023-04-08T09:24:38","modified_gmt":"2023-04-08T02:24:38","slug":"son-lot-ngoai-that-tough-shield-primer-tai-hue","status":"publish","type":"product","link":"https:\/\/tranthi.vn\/hanoi\/son-lot-ngoai-that-tough-shield-primer-tai-hue\/","title":{"rendered":"S\u01a1n L\u00f3t Ngo\u1ea1i Th\u1ea5t Tough Shield Primer"},"content":{"rendered":"","protected":false},"excerpt":{"rendered":"<p><span style=\"font-family: 'times new roman', times, serif;\"><img loading=\"lazy\" decoding=\"async\" class=\"\" src=\"https:\/\/static.xx.fbcdn.net\/images\/emoji.php\/v9\/tb\/1\/16\/1f388.png\" alt=\"\ud83c\udf88\" width=\"19\" height=\"19\" \/><span style=\"font-size: 130%;\">\u00a0B\u1ea3o h\u00e0nh 1 n\u0103m<\/span><\/span><\/p>\n<p><span style=\"font-family: 'times new roman', times, serif; font-size: 130%;\"><img loading=\"lazy\" decoding=\"async\" class=\"\" src=\"https:\/\/static.xx.fbcdn.net\/images\/emoji.php\/v9\/tb\/1\/16\/1f388.png\" alt=\"\ud83c\udf88\" width=\"19\" height=\"19\" \/>\u00a0\u0110\u01a1n gi\u00e1<strong>:\u00a0<a href=\"http:\/\/sonnuocmiennam.com\/son-nuoc\/son-lot-noi-ngoai-cao-cap-jotun-ultra-primer-17-lit\/\">s\u01a1n l\u00f3t ch\u1ed1ng ki\u1ec1m ngo\u1ea1i th\u1ea5t Tough Shield Primer<\/a><\/strong><\/span><\/p>\n<p><span style=\"font-family: 'times new roman', times, serif; font-size: 130%;\"><strong>\u00a0\u00a0<span style=\"color: #008000;\">Th\u00f9ng 17 l\u00edt\u00a0 \u21d2\u00a0 1.790.000\u0111<\/span><br \/>\n<\/strong><\/span><span style=\"font-family: 'times new roman', times, serif; font-size: 130%; color: #008000;\"><strong>\u00a0 Lon 5 l\u00edt\u00a0 \u00a0 \u00a0 \u00a0\u21d2\u00a0 560.000\u0111<\/strong><\/span><\/p>\n<p><span style=\"font-family: 'times new roman', times, serif; font-size: 130%;\"><img loading=\"lazy\" decoding=\"async\" class=\"\" src=\"https:\/\/static.xx.fbcdn.net\/images\/emoji.php\/v9\/tb\/1\/16\/1f388.png\" alt=\"\ud83c\udf88\" width=\"19\" height=\"19\" \/>\u00a0Mi\u1ec5n ph\u00ed v\u1eadn chuy\u1ec3n t\u1eeb 2 \u0111\u01a1n v\u1ecb tr\u1edf l\u00ean ho\u1eb7c trong Tp Hu\u1ebf<\/span><\/p>\n<p><span style=\"font-family: 'times new roman', times, serif; font-size: 130%;\"><img loading=\"lazy\" decoding=\"async\" class=\"\" src=\"https:\/\/static.xx.fbcdn.net\/images\/emoji.php\/v9\/tb\/1\/16\/1f388.png\" alt=\"\ud83c\udf88\" width=\"19\" height=\"19\" \/>\u00a0Mua s\u1ed1 l\u01b0\u1ee3ng l\u1edbn \u0111\u01b0\u1ee3c chi\u1ebft kh\u1ea5u \u01b0u \u0111\u00e3i<\/span><\/p>\n<p><span style=\"font-family: 'times new roman', times, serif; font-size: 130%;\"><img loading=\"lazy\" decoding=\"async\" class=\"\" src=\"https:\/\/static.xx.fbcdn.net\/images\/emoji.php\/v9\/tb\/1\/16\/1f388.png\" alt=\"\ud83c\udf88\" width=\"19\" height=\"19\" \/>\u00a0Cam k\u1ebft h\u00e0ng ch\u00ednh h\u00e3ng h\u1ea1n s\u1eed d\u1ee5ng m\u1edbi, h\u00e0ng gi\u1ea3 h\u00e0ng nh\u00e1i, ho\u00e0n ti\u1ec1n<\/span><\/p>\n","protected":false},"featured_media":4987,"comment_status":"closed","ping_status":"closed","template":"","meta":[],"product_cat":[139,153,155],"product_tag":[919],"class_list":{"0":"post-4986","1":"product","2":"type-product","3":"status-publish","4":"has-post-thumbnail","6":"product_cat-son","7":"product_cat-son-jotun-tai-da-nang","8":"product_cat-son-lot-chong-kiem-jotun","9":"product_tag-son-lot-ngoai-that-tough-shield-primer-hue","11":"first","12":"instock","13":"sale","14":"shipping-taxable","15":"purchasable","16":"product-type-simple"},"yoast_head":"<!-- This site is optimized with the Yoast SEO Premium plugin v22.3 (Yoast SEO v23.7) - https:\/\/yoast.com\/wordpress\/plugins\/seo\/ -->\n<title>S\u01a1n L\u00f3t Ngo\u1ea1i Th\u1ea5t Tough Shield Primer - V\u1eadt Li\u1ec7u X\u00e2y D\u1ef1ng Tr\u1ea7n Th\u1ecb Chi Nh\u00e1nh H\u00e0 N\u1ed9i<\/title>\n<meta name=\"robots\" content=\"index, follow, max-snippet:-1, max-image-preview:large, max-video-preview:-1\" \/>\n<link rel=\"canonical\" href=\"https:\/\/tranthi.vn\/hanoi\/son-lot-ngoai-that-tough-shield-primer-tai-hue\/\" \/>\n<meta property=\"og:locale\" content=\"vi_VN\" \/>\n<meta property=\"og:type\" content=\"article\" \/>\n<meta property=\"og:title\" content=\"S\u01a1n L\u00f3t Ngo\u1ea1i Th\u1ea5t Tough Shield Primer\" \/>\n<meta property=\"og:description\" content=\"\u00a0B\u1ea3o h\u00e0nh 1 n\u0103m  \u00a0\u0110\u01a1n gi\u00e1:\u00a0s\u01a1n l\u00f3t ch\u1ed1ng ki\u1ec1m ngo\u1ea1i th\u1ea5t Tough Shield Primer  \u00a0\u00a0Th\u00f9ng 17 l\u00edt\u00a0 \u21d2\u00a0 1.790.000\u0111 \u00a0 Lon 5 l\u00edt\u00a0 \u00a0 \u00a0 \u00a0\u21d2\u00a0 560.000\u0111  \u00a0Mi\u1ec5n ph\u00ed v\u1eadn chuy\u1ec3n t\u1eeb 2 \u0111\u01a1n v\u1ecb tr\u1edf l\u00ean ho\u1eb7c trong Tp Hu\u1ebf  \u00a0Mua s\u1ed1 l\u01b0\u1ee3ng l\u1edbn \u0111\u01b0\u1ee3c chi\u1ebft kh\u1ea5u \u01b0u \u0111\u00e3i  \u00a0Cam k\u1ebft h\u00e0ng ch\u00ednh h\u00e3ng h\u1ea1n s\u1eed d\u1ee5ng m\u1edbi, h\u00e0ng gi\u1ea3 h\u00e0ng nh\u00e1i, ho\u00e0n ti\u1ec1n\" \/>\n<meta property=\"og:url\" content=\"https:\/\/tranthi.vn\/hanoi\/son-lot-ngoai-that-tough-shield-primer-tai-hue\/\" \/>\n<meta property=\"og:site_name\" content=\"V\u1eadt Li\u1ec7u X\u00e2y D\u1ef1ng Tr\u1ea7n Th\u1ecb Chi Nh\u00e1nh H\u00e0 N\u1ed9i\" \/>\n<meta property=\"article:modified_time\" content=\"2023-04-08T02:24:38+00:00\" \/>\n<meta property=\"og:image\" content=\"https:\/\/tranthi.vn\/hanoi\/wp-content\/uploads\/2022\/06\/son-lot-ngoai-that-tough-shield-primer-hue.jpg\" \/>\n\t<meta property=\"og:image:width\" content=\"250\" \/>\n\t<meta property=\"og:image:height\" content=\"250\" \/>\n\t<meta property=\"og:image:type\" content=\"image\/jpeg\" \/>\n<meta name=\"twitter:card\" content=\"summary_large_image\" \/>\n<meta name=\"twitter:label1\" content=\"Gi\u00e1\" \/>\n\t<meta name=\"twitter:data1\" content=\"1,790,000&nbsp;&#8363;\" \/>\n\t<meta name=\"twitter:label2\" content=\"Kh\u1ea3 d\u1ee5ng\" \/>\n\t<meta name=\"twitter:data2\" content=\"Trong kho\" \/>\n<script type=\"application\/ld+json\" class=\"yoast-schema-graph\">{\"@context\":\"https:\/\/schema.org\",\"@graph\":[{\"@type\":[\"WebPage\",\"ItemPage\"],\"@id\":\"https:\/\/tranthi.vn\/hanoi\/son-lot-ngoai-that-tough-shield-primer-tai-hue\/\",\"url\":\"https:\/\/tranthi.vn\/hanoi\/son-lot-ngoai-that-tough-shield-primer-tai-hue\/\",\"name\":\"S\u01a1n L\u00f3t Ngo\u1ea1i Th\u1ea5t Tough Shield Primer - V\u1eadt Li\u1ec7u X\u00e2y D\u1ef1ng Tr\u1ea7n Th\u1ecb Chi Nh\u00e1nh H\u00e0 N\u1ed9i\",\"isPartOf\":{\"@id\":\"https:\/\/tranthi.vn\/hanoi\/#website\"},\"primaryImageOfPage\":{\"@id\":\"https:\/\/tranthi.vn\/hanoi\/son-lot-ngoai-that-tough-shield-primer-tai-hue\/#primaryimage\"},\"image\":{\"@id\":\"https:\/\/tranthi.vn\/hanoi\/son-lot-ngoai-that-tough-shield-primer-tai-hue\/#primaryimage\"},\"thumbnailUrl\":\"https:\/\/tranthi.vn\/hanoi\/wp-content\/uploads\/2022\/06\/son-lot-ngoai-that-tough-shield-primer-hue.jpg\",\"datePublished\":\"2022-06-09T03:40:37+00:00\",\"dateModified\":\"2023-04-08T02:24:38+00:00\",\"breadcrumb\":{\"@id\":\"https:\/\/tranthi.vn\/hanoi\/son-lot-ngoai-that-tough-shield-primer-tai-hue\/#breadcrumb\"},\"inLanguage\":\"vi\",\"potentialAction\":[{\"@type\":\"ReadAction\",\"target\":[\"https:\/\/tranthi.vn\/hanoi\/son-lot-ngoai-that-tough-shield-primer-tai-hue\/\"]}]},{\"@type\":\"ImageObject\",\"inLanguage\":\"vi\",\"@id\":\"https:\/\/tranthi.vn\/hanoi\/son-lot-ngoai-that-tough-shield-primer-tai-hue\/#primaryimage\",\"url\":\"https:\/\/tranthi.vn\/hanoi\/wp-content\/uploads\/2022\/06\/son-lot-ngoai-that-tough-shield-primer-hue.jpg\",\"contentUrl\":\"https:\/\/tranthi.vn\/hanoi\/wp-content\/uploads\/2022\/06\/son-lot-ngoai-that-tough-shield-primer-hue.jpg\",\"width\":250,\"height\":250,\"caption\":\"s\u01a1n-l\u00f3t-ngo\u1ea1i-th\u1ea5t-tough-shield-primer-hu\u1ebf\"},{\"@type\":\"BreadcrumbList\",\"@id\":\"https:\/\/tranthi.vn\/hanoi\/son-lot-ngoai-that-tough-shield-primer-tai-hue\/#breadcrumb\",\"itemListElement\":[{\"@type\":\"ListItem\",\"position\":1,\"name\":\"Trang ch\u1ee7\",\"item\":\"https:\/\/tranthi.vn\/hanoi\/\"},{\"@type\":\"ListItem\",\"position\":2,\"name\":\"Shop\",\"item\":\"https:\/\/tranthi.vn\/hanoi\/shop\/\"},{\"@type\":\"ListItem\",\"position\":3,\"name\":\"S\u01a1n L\u00f3t Ngo\u1ea1i Th\u1ea5t Tough Shield Primer\"}]},{\"@type\":\"WebSite\",\"@id\":\"https:\/\/tranthi.vn\/hanoi\/#website\",\"url\":\"https:\/\/tranthi.vn\/hanoi\/\",\"name\":\"V\u1eadt Li\u1ec7u X\u00e2y D\u1ef1ng Tr\u1ea7n Th\u1ecb Chi Nh\u00e1nh H\u00e0 N\u1ed9i\",\"description\":\"V\u1eadt Li\u1ec7u X\u00e2y D\u1ef1ng - H\u00e0 N\u1ed9i\",\"potentialAction\":[{\"@type\":\"SearchAction\",\"target\":{\"@type\":\"EntryPoint\",\"urlTemplate\":\"https:\/\/tranthi.vn\/hanoi\/?s={search_term_string}\"},\"query-input\":{\"@type\":\"PropertyValueSpecification\",\"valueRequired\":true,\"valueName\":\"search_term_string\"}}],\"inLanguage\":\"vi\"},{\"@type\":\"ImageObject\",\"inLanguage\":\"vi\",\"@id\":\"https:\/\/tranthi.vn\/hanoi\/son-lot-ngoai-that-tough-shield-primer-tai-hue\/#local-main-organization-logo\",\"url\":\"\",\"contentUrl\":\"\",\"caption\":\"V\u1eadt Li\u1ec7u X\u00e2y D\u1ef1ng Tr\u1ea7n Th\u1ecb Chi Nh\u00e1nh H\u00e0 N\u1ed9i\"}]}<\/script>\n<meta property=\"product:price:amount\" content=\"1790000\" \/>\n<meta property=\"product:price:currency\" content=\"VND\" \/>\n<meta property=\"og:availability\" content=\"instock\" \/>\n<meta property=\"product:availability\" content=\"instock\" \/>\n<meta property=\"product:condition\" content=\"new\" \/>\n<!-- \/ Yoast SEO Premium plugin. -->","yoast_head_json":{"title":"S\u01a1n L\u00f3t Ngo\u1ea1i Th\u1ea5t Tough Shield Primer - V\u1eadt Li\u1ec7u X\u00e2y D\u1ef1ng Tr\u1ea7n Th\u1ecb Chi Nh\u00e1nh H\u00e0 N\u1ed9i","robots":{"index":"index","follow":"follow","max-snippet":"max-snippet:-1","max-image-preview":"max-image-preview:large","max-video-preview":"max-video-preview:-1"},"canonical":"https:\/\/tranthi.vn\/hanoi\/son-lot-ngoai-that-tough-shield-primer-tai-hue\/","og_locale":"vi_VN","og_type":"article","og_title":"S\u01a1n L\u00f3t Ngo\u1ea1i Th\u1ea5t Tough Shield Primer","og_description":"\u00a0B\u1ea3o h\u00e0nh 1 n\u0103m  \u00a0\u0110\u01a1n gi\u00e1:\u00a0s\u01a1n l\u00f3t ch\u1ed1ng ki\u1ec1m ngo\u1ea1i th\u1ea5t Tough Shield Primer  \u00a0\u00a0Th\u00f9ng 17 l\u00edt\u00a0 \u21d2\u00a0 1.790.000\u0111 \u00a0 Lon 5 l\u00edt\u00a0 \u00a0 \u00a0 \u00a0\u21d2\u00a0 560.000\u0111  \u00a0Mi\u1ec5n ph\u00ed v\u1eadn chuy\u1ec3n t\u1eeb 2 \u0111\u01a1n v\u1ecb tr\u1edf l\u00ean ho\u1eb7c trong Tp Hu\u1ebf  \u00a0Mua s\u1ed1 l\u01b0\u1ee3ng l\u1edbn \u0111\u01b0\u1ee3c chi\u1ebft kh\u1ea5u \u01b0u \u0111\u00e3i  \u00a0Cam k\u1ebft h\u00e0ng ch\u00ednh h\u00e3ng h\u1ea1n s\u1eed d\u1ee5ng m\u1edbi, h\u00e0ng gi\u1ea3 h\u00e0ng nh\u00e1i, ho\u00e0n ti\u1ec1n","og_url":"https:\/\/tranthi.vn\/hanoi\/son-lot-ngoai-that-tough-shield-primer-tai-hue\/","og_site_name":"V\u1eadt Li\u1ec7u X\u00e2y D\u1ef1ng Tr\u1ea7n Th\u1ecb Chi Nh\u00e1nh H\u00e0 N\u1ed9i","article_modified_time":"2023-04-08T02:24:38+00:00","og_image":[{"width":250,"height":250,"url":"https:\/\/tranthi.vn\/hanoi\/wp-content\/uploads\/2022\/06\/son-lot-ngoai-that-tough-shield-primer-hue.jpg","type":"image\/jpeg"}],"twitter_card":"summary_large_image","twitter_misc":{"Gi\u00e1":"1,790,000&nbsp;&#8363;","Kh\u1ea3 d\u1ee5ng":"Trong kho"},"schema":{"@context":"https:\/\/schema.org","@graph":[{"@type":["WebPage","ItemPage"],"@id":"https:\/\/tranthi.vn\/hanoi\/son-lot-ngoai-that-tough-shield-primer-tai-hue\/","url":"https:\/\/tranthi.vn\/hanoi\/son-lot-ngoai-that-tough-shield-primer-tai-hue\/","name":"S\u01a1n L\u00f3t Ngo\u1ea1i Th\u1ea5t Tough Shield Primer - V\u1eadt Li\u1ec7u X\u00e2y D\u1ef1ng Tr\u1ea7n Th\u1ecb Chi Nh\u00e1nh H\u00e0 N\u1ed9i","isPartOf":{"@id":"https:\/\/tranthi.vn\/hanoi\/#website"},"primaryImageOfPage":{"@id":"https:\/\/tranthi.vn\/hanoi\/son-lot-ngoai-that-tough-shield-primer-tai-hue\/#primaryimage"},"image":{"@id":"https:\/\/tranthi.vn\/hanoi\/son-lot-ngoai-that-tough-shield-primer-tai-hue\/#primaryimage"},"thumbnailUrl":"https:\/\/tranthi.vn\/hanoi\/wp-content\/uploads\/2022\/06\/son-lot-ngoai-that-tough-shield-primer-hue.jpg","datePublished":"2022-06-09T03:40:37+00:00","dateModified":"2023-04-08T02:24:38+00:00","breadcrumb":{"@id":"https:\/\/tranthi.vn\/hanoi\/son-lot-ngoai-that-tough-shield-primer-tai-hue\/#breadcrumb"},"inLanguage":"vi","potentialAction":[{"@type":"ReadAction","target":["https:\/\/tranthi.vn\/hanoi\/son-lot-ngoai-that-tough-shield-primer-tai-hue\/"]}]},{"@type":"ImageObject","inLanguage":"vi","@id":"https:\/\/tranthi.vn\/hanoi\/son-lot-ngoai-that-tough-shield-primer-tai-hue\/#primaryimage","url":"https:\/\/tranthi.vn\/hanoi\/wp-content\/uploads\/2022\/06\/son-lot-ngoai-that-tough-shield-primer-hue.jpg","contentUrl":"https:\/\/tranthi.vn\/hanoi\/wp-content\/uploads\/2022\/06\/son-lot-ngoai-that-tough-shield-primer-hue.jpg","width":250,"height":250,"caption":"s\u01a1n-l\u00f3t-ngo\u1ea1i-th\u1ea5t-tough-shield-primer-hu\u1ebf"},{"@type":"BreadcrumbList","@id":"https:\/\/tranthi.vn\/hanoi\/son-lot-ngoai-that-tough-shield-primer-tai-hue\/#breadcrumb","itemListElement":[{"@type":"ListItem","position":1,"name":"Trang ch\u1ee7","item":"https:\/\/tranthi.vn\/hanoi\/"},{"@type":"ListItem","position":2,"name":"Shop","item":"https:\/\/tranthi.vn\/hanoi\/shop\/"},{"@type":"ListItem","position":3,"name":"S\u01a1n L\u00f3t Ngo\u1ea1i Th\u1ea5t Tough Shield Primer"}]},{"@type":"WebSite","@id":"https:\/\/tranthi.vn\/hanoi\/#website","url":"https:\/\/tranthi.vn\/hanoi\/","name":"V\u1eadt Li\u1ec7u X\u00e2y D\u1ef1ng Tr\u1ea7n Th\u1ecb Chi Nh\u00e1nh H\u00e0 N\u1ed9i","description":"V\u1eadt Li\u1ec7u X\u00e2y D\u1ef1ng - H\u00e0 N\u1ed9i","potentialAction":[{"@type":"SearchAction","target":{"@type":"EntryPoint","urlTemplate":"https:\/\/tranthi.vn\/hanoi\/?s={search_term_string}"},"query-input":{"@type":"PropertyValueSpecification","valueRequired":true,"valueName":"search_term_string"}}],"inLanguage":"vi"},{"@type":"ImageObject","inLanguage":"vi","@id":"https:\/\/tranthi.vn\/hanoi\/son-lot-ngoai-that-tough-shield-primer-tai-hue\/#local-main-organization-logo","url":"","contentUrl":"","caption":"V\u1eadt Li\u1ec7u X\u00e2y D\u1ef1ng Tr\u1ea7n Th\u1ecb Chi Nh\u00e1nh H\u00e0 N\u1ed9i"}]},"product_price_amount":"1790000","product_price_currency":"VND","og_availability":"instock","product_availability":"instock","product_condition":"new"},"_links":{"self":[{"href":"https:\/\/tranthi.vn\/hanoi\/wp-json\/wp\/v2\/product\/4986","targetHints":{"allow":["GET"]}}],"collection":[{"href":"https:\/\/tranthi.vn\/hanoi\/wp-json\/wp\/v2\/product"}],"about":[{"href":"https:\/\/tranthi.vn\/hanoi\/wp-json\/wp\/v2\/types\/product"}],"replies":[{"embeddable":true,"href":"https:\/\/tranthi.vn\/hanoi\/wp-json\/wp\/v2\/comments?post=4986"}],"wp:featuredmedia":[{"embeddable":true,"href":"https:\/\/tranthi.vn\/hanoi\/wp-json\/wp\/v2\/media\/4987"}],"wp:attachment":[{"href":"https:\/\/tranthi.vn\/hanoi\/wp-json\/wp\/v2\/media?parent=4986"}],"wp:term":[{"taxonomy":"product_cat","embeddable":true,"href":"https:\/\/tranthi.vn\/hanoi\/wp-json\/wp\/v2\/product_cat?post=4986"},{"taxonomy":"product_tag","embeddable":true,"href":"https:\/\/tranthi.vn\/hanoi\/wp-json\/wp\/v2\/product_tag?post=4986"}],"curies":[{"name":"wp","href":"https:\/\/api.w.org\/{rel}","templated":true}]}}