{"id":4783,"date":"2022-04-22T11:10:11","date_gmt":"2022-04-22T04:10:11","guid":{"rendered":"https:\/\/tranthi.vn\/hanoi\/?post_type=product&#038;p=4783"},"modified":"2022-09-12T15:03:24","modified_gmt":"2022-09-12T08:03:24","slug":"tbn-001","status":"publish","type":"product","link":"https:\/\/tranthi.vn\/hanoi\/tbn-001\/","title":{"rendered":"T\u1ee7 B\u1ebfp Tr\u00ean \u2013 1.950.000\/mt"},"content":{"rendered":"","protected":false},"excerpt":{"rendered":"<p><span style=\"font-family: 'times new roman', times, serif;\"><img loading=\"lazy\" decoding=\"async\" class=\"\" src=\"https:\/\/static.xx.fbcdn.net\/images\/emoji.php\/v9\/tb\/1\/16\/1f388.png\" alt=\"\ud83c\udf88\" width=\"19\" height=\"19\" \/><span style=\"font-size: 130%;\">\u00a0 B\u1ea3o h\u00e0nh 1 n\u0103m<\/span><\/span><\/p>\n<p><span style=\"font-family: 'times new roman', times, serif; font-size: 130%;\"><span style=\"font-family: 'times new roman', times, serif;\"><img loading=\"lazy\" decoding=\"async\" class=\"\" src=\"https:\/\/static.xx.fbcdn.net\/images\/emoji.php\/v9\/tb\/1\/16\/1f388.png\" alt=\"\ud83c\udf88\" width=\"19\" height=\"19\" \/> <\/span>\u0110\u01a1n gi\u00e1 t\u1ee7 b\u1ebfp nh\u1ef1a v\u00e2n g\u1ed7 \u2013 nh\u1ef1a \u0110\u00e0i Loan th\u01b0\u1eddng<\/span><\/p>\n<p><span style=\"font-family: 'times new roman', times, serif; font-size: 130%;\">\u00a0 \u00a0 + T\u1ee7 b\u1ebfp d\u01b0\u1edbi <strong><span style=\"color: #008000;\">= 1.650.000\/m ( Th\u00f9ng )<\/span><\/strong><br \/>\n<strong><span style=\"color: #008000;\">\u00a0 \u00a0 \u00a0 \u00a0 \u00a0 \u00a0 \u00a0 \u00a0 \u00a0 \u00a0 \u00a0 \u00a0 \u00a0 \u00a0 = 1.200.000\/m ( v\u00e1ch )<\/span><\/strong><\/span><\/p>\n<p><span style=\"font-family: 'times new roman', times, serif; font-size: 130%;\">\u00a0 \u00a0 + T\u1ee7 b\u1ebfp tr\u00ean<span style=\"color: #008000;\"><strong> = 1.950.000\/m\u00a0<\/strong><\/span><\/span><\/p>\n<p><span style=\"font-family: 'times new roman', times, serif; font-size: 130%;\"><img loading=\"lazy\" decoding=\"async\" class=\"\" src=\"https:\/\/static.xx.fbcdn.net\/images\/emoji.php\/v9\/tb\/1\/16\/1f388.png\" alt=\"\ud83c\udf88\" width=\"19\" height=\"19\" \/>\u00a0 Gi\u00e1 tr\u00ean \u0111\u00e3 bao g\u1ed3m v\u1eadn chuy\u1ec3n v\u00e0 thi c\u00f4ng<\/span><\/p>\n<p><span style=\"font-family: 'times new roman', times, serif; font-size: 130%;\"><img loading=\"lazy\" decoding=\"async\" class=\"\" src=\"https:\/\/static.xx.fbcdn.net\/images\/emoji.php\/v9\/tb\/1\/16\/1f388.png\" alt=\"\ud83c\udf88\" width=\"19\" height=\"19\" \/>\u00a0 Ch\u01b0a k\u00e8m c\u00e1c ph\u1ee5 ki\u1ec7n nh\u01b0 l\u1ec1, m\u1eb7t \u0111\u00e1, v\u00e0 c\u00e1c thi\u1ebft b\u1ecb nh\u00e0 b\u1ebfp<\/span><\/p>\n<p>&nbsp;<\/p>\n","protected":false},"featured_media":4784,"comment_status":"closed","ping_status":"closed","template":"","meta":[],"product_cat":[286,305],"product_tag":[817],"class_list":{"0":"post-4783","1":"product","2":"type-product","3":"status-publish","4":"has-post-thumbnail","6":"product_cat-cua-tu-bep-tu-quan-ao","7":"product_cat-tu-bep-nhua","8":"product_tag-gia-tu-bep-nhua-gia-go-tai-hue","10":"first","11":"instock","12":"sale","13":"shipping-taxable","14":"purchasable","15":"product-type-simple"},"yoast_head":"<!-- This site is optimized with the Yoast SEO Premium plugin v22.3 (Yoast SEO v23.7) - https:\/\/yoast.com\/wordpress\/plugins\/seo\/ -->\n<title>T\u1ee7 B\u1ebfp Tr\u00ean \u2013 1.950.000\/mt - V\u1eadt Li\u1ec7u X\u00e2y D\u1ef1ng Tr\u1ea7n Th\u1ecb Chi Nh\u00e1nh H\u00e0 N\u1ed9i<\/title>\n<meta name=\"robots\" content=\"index, follow, max-snippet:-1, max-image-preview:large, max-video-preview:-1\" \/>\n<link rel=\"canonical\" href=\"https:\/\/tranthi.vn\/hanoi\/tbn-001\/\" \/>\n<meta property=\"og:locale\" content=\"vi_VN\" \/>\n<meta property=\"og:type\" content=\"article\" \/>\n<meta property=\"og:title\" content=\"T\u1ee7 B\u1ebfp Tr\u00ean \u2013 1.950.000\/mt\" \/>\n<meta property=\"og:description\" content=\"\u00a0 B\u1ea3o h\u00e0nh 1 n\u0103m   \u0110\u01a1n gi\u00e1 t\u1ee7 b\u1ebfp nh\u1ef1a v\u00e2n g\u1ed7 \u2013 nh\u1ef1a \u0110\u00e0i Loan th\u01b0\u1eddng  \u00a0 \u00a0 + T\u1ee7 b\u1ebfp d\u01b0\u1edbi = 1.650.000\/m ( Th\u00f9ng ) \u00a0 \u00a0 \u00a0 \u00a0 \u00a0 \u00a0 \u00a0 \u00a0 \u00a0 \u00a0 \u00a0 \u00a0 \u00a0 \u00a0 = 1.200.000\/m ( v\u00e1ch )  \u00a0 \u00a0 + T\u1ee7 b\u1ebfp tr\u00ean = 1.950.000\/m\u00a0  \u00a0 Gi\u00e1 tr\u00ean \u0111\u00e3 bao g\u1ed3m v\u1eadn chuy\u1ec3n v\u00e0 thi c\u00f4ng  \u00a0 Ch\u01b0a k\u00e8m c\u00e1c ph\u1ee5 ki\u1ec7n nh\u01b0 l\u1ec1, m\u1eb7t \u0111\u00e1, v\u00e0 c\u00e1c thi\u1ebft b\u1ecb nh\u00e0 b\u1ebfp  &nbsp;\" \/>\n<meta property=\"og:url\" content=\"https:\/\/tranthi.vn\/hanoi\/tbn-001\/\" \/>\n<meta property=\"og:site_name\" content=\"V\u1eadt Li\u1ec7u X\u00e2y D\u1ef1ng Tr\u1ea7n Th\u1ecb Chi Nh\u00e1nh H\u00e0 N\u1ed9i\" \/>\n<meta property=\"article:modified_time\" content=\"2022-09-12T08:03:24+00:00\" \/>\n<meta property=\"og:image\" content=\"https:\/\/tranthi.vn\/hanoi\/wp-content\/uploads\/2022\/04\/gia-tu-bep-nhua-gia-go-tai-hue.jpg\" \/>\n\t<meta property=\"og:image:width\" content=\"400\" \/>\n\t<meta property=\"og:image:height\" content=\"400\" \/>\n\t<meta property=\"og:image:type\" content=\"image\/jpeg\" \/>\n<meta name=\"twitter:card\" content=\"summary_large_image\" \/>\n<meta name=\"twitter:label1\" content=\"Gi\u00e1\" \/>\n\t<meta name=\"twitter:data1\" content=\"1,950,000&nbsp;&#8363;\" \/>\n\t<meta name=\"twitter:label2\" content=\"Kh\u1ea3 d\u1ee5ng\" \/>\n\t<meta name=\"twitter:data2\" content=\"Trong kho\" \/>\n<script type=\"application\/ld+json\" class=\"yoast-schema-graph\">{\"@context\":\"https:\/\/schema.org\",\"@graph\":[{\"@type\":[\"WebPage\",\"ItemPage\"],\"@id\":\"https:\/\/tranthi.vn\/hanoi\/tbn-001\/\",\"url\":\"https:\/\/tranthi.vn\/hanoi\/tbn-001\/\",\"name\":\"T\u1ee7 B\u1ebfp Tr\u00ean \u2013 1.950.000\/mt - V\u1eadt Li\u1ec7u X\u00e2y D\u1ef1ng Tr\u1ea7n Th\u1ecb Chi Nh\u00e1nh H\u00e0 N\u1ed9i\",\"isPartOf\":{\"@id\":\"https:\/\/tranthi.vn\/hanoi\/#website\"},\"primaryImageOfPage\":{\"@id\":\"https:\/\/tranthi.vn\/hanoi\/tbn-001\/#primaryimage\"},\"image\":{\"@id\":\"https:\/\/tranthi.vn\/hanoi\/tbn-001\/#primaryimage\"},\"thumbnailUrl\":\"https:\/\/tranthi.vn\/hanoi\/wp-content\/uploads\/2022\/04\/gia-tu-bep-nhua-gia-go-tai-hue.jpg\",\"datePublished\":\"2022-04-22T04:10:11+00:00\",\"dateModified\":\"2022-09-12T08:03:24+00:00\",\"breadcrumb\":{\"@id\":\"https:\/\/tranthi.vn\/hanoi\/tbn-001\/#breadcrumb\"},\"inLanguage\":\"vi\",\"potentialAction\":[{\"@type\":\"ReadAction\",\"target\":[\"https:\/\/tranthi.vn\/hanoi\/tbn-001\/\"]}]},{\"@type\":\"ImageObject\",\"inLanguage\":\"vi\",\"@id\":\"https:\/\/tranthi.vn\/hanoi\/tbn-001\/#primaryimage\",\"url\":\"https:\/\/tranthi.vn\/hanoi\/wp-content\/uploads\/2022\/04\/gia-tu-bep-nhua-gia-go-tai-hue.jpg\",\"contentUrl\":\"https:\/\/tranthi.vn\/hanoi\/wp-content\/uploads\/2022\/04\/gia-tu-bep-nhua-gia-go-tai-hue.jpg\",\"width\":400,\"height\":400,\"caption\":\"gia-tu-bep-nhua-gia-go-tai-hue\"},{\"@type\":\"BreadcrumbList\",\"@id\":\"https:\/\/tranthi.vn\/hanoi\/tbn-001\/#breadcrumb\",\"itemListElement\":[{\"@type\":\"ListItem\",\"position\":1,\"name\":\"Trang ch\u1ee7\",\"item\":\"https:\/\/tranthi.vn\/hanoi\/\"},{\"@type\":\"ListItem\",\"position\":2,\"name\":\"Shop\",\"item\":\"https:\/\/tranthi.vn\/hanoi\/shop\/\"},{\"@type\":\"ListItem\",\"position\":3,\"name\":\"T\u1ee7 B\u1ebfp Tr\u00ean \u2013 1.950.000\/mt\"}]},{\"@type\":\"WebSite\",\"@id\":\"https:\/\/tranthi.vn\/hanoi\/#website\",\"url\":\"https:\/\/tranthi.vn\/hanoi\/\",\"name\":\"V\u1eadt Li\u1ec7u X\u00e2y D\u1ef1ng Tr\u1ea7n Th\u1ecb Chi Nh\u00e1nh H\u00e0 N\u1ed9i\",\"description\":\"V\u1eadt Li\u1ec7u X\u00e2y D\u1ef1ng - H\u00e0 N\u1ed9i\",\"potentialAction\":[{\"@type\":\"SearchAction\",\"target\":{\"@type\":\"EntryPoint\",\"urlTemplate\":\"https:\/\/tranthi.vn\/hanoi\/?s={search_term_string}\"},\"query-input\":{\"@type\":\"PropertyValueSpecification\",\"valueRequired\":true,\"valueName\":\"search_term_string\"}}],\"inLanguage\":\"vi\"},{\"@type\":\"ImageObject\",\"inLanguage\":\"vi\",\"@id\":\"https:\/\/tranthi.vn\/hanoi\/tbn-001\/#local-main-organization-logo\",\"url\":\"\",\"contentUrl\":\"\",\"caption\":\"V\u1eadt Li\u1ec7u X\u00e2y D\u1ef1ng Tr\u1ea7n Th\u1ecb Chi Nh\u00e1nh H\u00e0 N\u1ed9i\"}]}<\/script>\n<meta property=\"product:price:amount\" content=\"1950000\" \/>\n<meta property=\"product:price:currency\" content=\"VND\" \/>\n<meta property=\"og:availability\" content=\"instock\" \/>\n<meta property=\"product:availability\" content=\"instock\" \/>\n<meta property=\"product:condition\" content=\"new\" \/>\n<!-- \/ Yoast SEO Premium plugin. -->","yoast_head_json":{"title":"T\u1ee7 B\u1ebfp Tr\u00ean \u2013 1.950.000\/mt - V\u1eadt Li\u1ec7u X\u00e2y D\u1ef1ng Tr\u1ea7n Th\u1ecb Chi Nh\u00e1nh H\u00e0 N\u1ed9i","robots":{"index":"index","follow":"follow","max-snippet":"max-snippet:-1","max-image-preview":"max-image-preview:large","max-video-preview":"max-video-preview:-1"},"canonical":"https:\/\/tranthi.vn\/hanoi\/tbn-001\/","og_locale":"vi_VN","og_type":"article","og_title":"T\u1ee7 B\u1ebfp Tr\u00ean \u2013 1.950.000\/mt","og_description":"\u00a0 B\u1ea3o h\u00e0nh 1 n\u0103m   \u0110\u01a1n gi\u00e1 t\u1ee7 b\u1ebfp nh\u1ef1a v\u00e2n g\u1ed7 \u2013 nh\u1ef1a \u0110\u00e0i Loan th\u01b0\u1eddng  \u00a0 \u00a0 + T\u1ee7 b\u1ebfp d\u01b0\u1edbi = 1.650.000\/m ( Th\u00f9ng ) \u00a0 \u00a0 \u00a0 \u00a0 \u00a0 \u00a0 \u00a0 \u00a0 \u00a0 \u00a0 \u00a0 \u00a0 \u00a0 \u00a0 = 1.200.000\/m ( v\u00e1ch )  \u00a0 \u00a0 + T\u1ee7 b\u1ebfp tr\u00ean = 1.950.000\/m\u00a0  \u00a0 Gi\u00e1 tr\u00ean \u0111\u00e3 bao g\u1ed3m v\u1eadn chuy\u1ec3n v\u00e0 thi c\u00f4ng  \u00a0 Ch\u01b0a k\u00e8m c\u00e1c ph\u1ee5 ki\u1ec7n nh\u01b0 l\u1ec1, m\u1eb7t \u0111\u00e1, v\u00e0 c\u00e1c thi\u1ebft b\u1ecb nh\u00e0 b\u1ebfp  &nbsp;","og_url":"https:\/\/tranthi.vn\/hanoi\/tbn-001\/","og_site_name":"V\u1eadt Li\u1ec7u X\u00e2y D\u1ef1ng Tr\u1ea7n Th\u1ecb Chi Nh\u00e1nh H\u00e0 N\u1ed9i","article_modified_time":"2022-09-12T08:03:24+00:00","og_image":[{"width":400,"height":400,"url":"https:\/\/tranthi.vn\/hanoi\/wp-content\/uploads\/2022\/04\/gia-tu-bep-nhua-gia-go-tai-hue.jpg","type":"image\/jpeg"}],"twitter_card":"summary_large_image","twitter_misc":{"Gi\u00e1":"1,950,000&nbsp;&#8363;","Kh\u1ea3 d\u1ee5ng":"Trong kho"},"schema":{"@context":"https:\/\/schema.org","@graph":[{"@type":["WebPage","ItemPage"],"@id":"https:\/\/tranthi.vn\/hanoi\/tbn-001\/","url":"https:\/\/tranthi.vn\/hanoi\/tbn-001\/","name":"T\u1ee7 B\u1ebfp Tr\u00ean \u2013 1.950.000\/mt - V\u1eadt Li\u1ec7u X\u00e2y D\u1ef1ng Tr\u1ea7n Th\u1ecb Chi Nh\u00e1nh H\u00e0 N\u1ed9i","isPartOf":{"@id":"https:\/\/tranthi.vn\/hanoi\/#website"},"primaryImageOfPage":{"@id":"https:\/\/tranthi.vn\/hanoi\/tbn-001\/#primaryimage"},"image":{"@id":"https:\/\/tranthi.vn\/hanoi\/tbn-001\/#primaryimage"},"thumbnailUrl":"https:\/\/tranthi.vn\/hanoi\/wp-content\/uploads\/2022\/04\/gia-tu-bep-nhua-gia-go-tai-hue.jpg","datePublished":"2022-04-22T04:10:11+00:00","dateModified":"2022-09-12T08:03:24+00:00","breadcrumb":{"@id":"https:\/\/tranthi.vn\/hanoi\/tbn-001\/#breadcrumb"},"inLanguage":"vi","potentialAction":[{"@type":"ReadAction","target":["https:\/\/tranthi.vn\/hanoi\/tbn-001\/"]}]},{"@type":"ImageObject","inLanguage":"vi","@id":"https:\/\/tranthi.vn\/hanoi\/tbn-001\/#primaryimage","url":"https:\/\/tranthi.vn\/hanoi\/wp-content\/uploads\/2022\/04\/gia-tu-bep-nhua-gia-go-tai-hue.jpg","contentUrl":"https:\/\/tranthi.vn\/hanoi\/wp-content\/uploads\/2022\/04\/gia-tu-bep-nhua-gia-go-tai-hue.jpg","width":400,"height":400,"caption":"gia-tu-bep-nhua-gia-go-tai-hue"},{"@type":"BreadcrumbList","@id":"https:\/\/tranthi.vn\/hanoi\/tbn-001\/#breadcrumb","itemListElement":[{"@type":"ListItem","position":1,"name":"Trang ch\u1ee7","item":"https:\/\/tranthi.vn\/hanoi\/"},{"@type":"ListItem","position":2,"name":"Shop","item":"https:\/\/tranthi.vn\/hanoi\/shop\/"},{"@type":"ListItem","position":3,"name":"T\u1ee7 B\u1ebfp Tr\u00ean \u2013 1.950.000\/mt"}]},{"@type":"WebSite","@id":"https:\/\/tranthi.vn\/hanoi\/#website","url":"https:\/\/tranthi.vn\/hanoi\/","name":"V\u1eadt Li\u1ec7u X\u00e2y D\u1ef1ng Tr\u1ea7n Th\u1ecb Chi Nh\u00e1nh H\u00e0 N\u1ed9i","description":"V\u1eadt Li\u1ec7u X\u00e2y D\u1ef1ng - H\u00e0 N\u1ed9i","potentialAction":[{"@type":"SearchAction","target":{"@type":"EntryPoint","urlTemplate":"https:\/\/tranthi.vn\/hanoi\/?s={search_term_string}"},"query-input":{"@type":"PropertyValueSpecification","valueRequired":true,"valueName":"search_term_string"}}],"inLanguage":"vi"},{"@type":"ImageObject","inLanguage":"vi","@id":"https:\/\/tranthi.vn\/hanoi\/tbn-001\/#local-main-organization-logo","url":"","contentUrl":"","caption":"V\u1eadt Li\u1ec7u X\u00e2y D\u1ef1ng Tr\u1ea7n Th\u1ecb Chi Nh\u00e1nh H\u00e0 N\u1ed9i"}]},"product_price_amount":"1950000","product_price_currency":"VND","og_availability":"instock","product_availability":"instock","product_condition":"new"},"_links":{"self":[{"href":"https:\/\/tranthi.vn\/hanoi\/wp-json\/wp\/v2\/product\/4783","targetHints":{"allow":["GET"]}}],"collection":[{"href":"https:\/\/tranthi.vn\/hanoi\/wp-json\/wp\/v2\/product"}],"about":[{"href":"https:\/\/tranthi.vn\/hanoi\/wp-json\/wp\/v2\/types\/product"}],"replies":[{"embeddable":true,"href":"https:\/\/tranthi.vn\/hanoi\/wp-json\/wp\/v2\/comments?post=4783"}],"wp:featuredmedia":[{"embeddable":true,"href":"https:\/\/tranthi.vn\/hanoi\/wp-json\/wp\/v2\/media\/4784"}],"wp:attachment":[{"href":"https:\/\/tranthi.vn\/hanoi\/wp-json\/wp\/v2\/media?parent=4783"}],"wp:term":[{"taxonomy":"product_cat","embeddable":true,"href":"https:\/\/tranthi.vn\/hanoi\/wp-json\/wp\/v2\/product_cat?post=4783"},{"taxonomy":"product_tag","embeddable":true,"href":"https:\/\/tranthi.vn\/hanoi\/wp-json\/wp\/v2\/product_tag?post=4783"}],"curies":[{"name":"wp","href":"https:\/\/api.w.org\/{rel}","templated":true}]}}