{"id":4705,"date":"2022-04-19T15:24:04","date_gmt":"2022-04-19T08:24:04","guid":{"rendered":"https:\/\/tranthi.vn\/hanoi\/?post_type=product&#038;p=4705"},"modified":"2022-10-06T15:31:56","modified_gmt":"2022-10-06T08:31:56","slug":"ngoi-lop-viglacera-ha-long-dong-trieu","status":"publish","type":"product","link":"https:\/\/tranthi.vn\/hanoi\/ngoi-lop-viglacera-ha-long-dong-trieu\/","title":{"rendered":"Ng\u00f3i L\u1ee3p Viglacera H\u1ea1 Long \u0110\u00f4ng Tri\u1ec1u"},"content":{"rendered":"","protected":false},"excerpt":{"rendered":"<div class=\"product-short-description\">\n<p><span style=\"font-family: 'book antiqua', palatino, serif;\"><img loading=\"lazy\" decoding=\"async\" class=\"\" src=\"https:\/\/static.xx.fbcdn.net\/images\/emoji.php\/v9\/tb\/1\/16\/1f388.png\" alt=\"\ud83c\udf88\" width=\"19\" height=\"19\" \/><span style=\"font-size: 130%; font-family: 'times new roman', times, serif; color: #282828;\">\u00a0T\u00ean s\u1ea3n ph\u1ea9m: Ng\u00f3i l\u1ee3p Viglacera H\u1ea1 Long\u00a0<\/span><\/span><\/p>\n<p><span style=\"font-family: 'times new roman', times, serif; font-size: 130%; color: #282828;\"><img loading=\"lazy\" decoding=\"async\" class=\"\" src=\"https:\/\/static.xx.fbcdn.net\/images\/emoji.php\/v9\/tb\/1\/16\/1f388.png\" alt=\"\ud83c\udf88\" width=\"19\" height=\"19\" \/>\u00a0K\u00edch th\u01b0\u1edbc: 340 x 200 x 13 mm.<\/span><\/p>\n<p><span style=\"font-family: 'times new roman', times, serif; font-size: 130%; color: #282828;\"><img loading=\"lazy\" decoding=\"async\" class=\"\" src=\"https:\/\/static.xx.fbcdn.net\/images\/emoji.php\/v9\/tb\/1\/16\/1f388.png\" alt=\"\ud83c\udf88\" width=\"19\" height=\"19\" \/>\u00a0S\u1ed1 l\u01b0\u1ee3ng: 22 vi\u00ean\/m2<\/span><\/p>\n<p><span style=\"font-family: 'times new roman', times, serif; font-size: 130%; color: #282828;\"><img loading=\"lazy\" decoding=\"async\" class=\"\" src=\"https:\/\/static.xx.fbcdn.net\/images\/emoji.php\/v9\/tb\/1\/16\/1f388.png\" alt=\"\ud83c\udf88\" width=\"19\" height=\"19\" \/>\u00a0\u0110\u01a1n Gi\u00e1:\u00a0<span style=\"color: #008000;\"><strong>10.000\u0111 \/ vi\u00ean<\/strong><\/span><\/span><\/p>\n<p><span style=\"font-family: 'times new roman', times, serif; font-size: 130%; color: #282828;\"><img loading=\"lazy\" decoding=\"async\" class=\"\" src=\"https:\/\/static.xx.fbcdn.net\/images\/emoji.php\/v9\/tb\/1\/16\/1f388.png\" alt=\"\ud83c\udf88\" width=\"19\" height=\"19\" \/> Nh\u00e0 m\u00e1y \u0110\u00f4ng Tri\u1ec1u<\/span><\/p>\n<p><span style=\"font-family: 'times new roman', times, serif; font-size: 130%; color: #282828;\"><img loading=\"lazy\" decoding=\"async\" class=\"\" src=\"https:\/\/static.xx.fbcdn.net\/images\/emoji.php\/v9\/tb\/1\/16\/1f388.png\" alt=\"\ud83c\udf88\" width=\"19\" height=\"19\" \/>\u00a0Ch\u1ea5t li\u1ec7u: \u0111\u1ea5t s\u00e9t nung \u1edf nhi\u1ec7t \u0111\u1ed9 cao<\/span><\/p>\n<p><span style=\"font-family: 'times new roman', times, serif; font-size: 130%; color: #282828;\"><img loading=\"lazy\" decoding=\"async\" class=\"\" src=\"https:\/\/static.xx.fbcdn.net\/images\/emoji.php\/v9\/tb\/1\/16\/1f388.png\" alt=\"\ud83c\udf88\" width=\"19\" height=\"19\" \/>\u00a0Mua s\u1ed1 l\u01b0\u1ee3ng l\u1edbn s\u1ebd \u0111\u01b0\u1ee3c gi\u00e1 \u01b0u \u0111\u00e3i\u00a0<\/span><\/p>\n<p><span style=\"font-family: 'times new roman', times, serif; font-size: 130%; color: #282828;\"><img loading=\"lazy\" decoding=\"async\" class=\"\" src=\"https:\/\/static.xx.fbcdn.net\/images\/emoji.php\/v9\/tb\/1\/16\/1f388.png\" alt=\"\ud83c\udf88\" width=\"19\" height=\"19\" \/>\u00a0Mi\u1ec5n ph\u00ed v\u1eadn chuy\u1ec3n \u00e1p d\u1ee5ng cho \u0111\u01a1n h\u00e0ng quanh th\u00e0nh ph\u1ed1 Hu\u1ebf<\/span><\/p>\n<\/div>\n<form class=\"cart\" action=\"https:\/\/tranthi.vn\/hanoi\/ngoi-lop-viglacera-ha-long-doc\/\" enctype=\"multipart\/form-data\" method=\"post\">\n<div class=\"quantity buttons_added\"><\/div>\n<\/form>\n","protected":false},"featured_media":4706,"comment_status":"closed","ping_status":"closed","template":"","meta":[],"product_cat":[15,324,111],"product_tag":[787],"class_list":{"0":"post-4705","1":"product","2":"type-product","3":"status-publish","4":"has-post-thumbnail","6":"product_cat-chua-phan-loai","7":"product_cat-ngoi-dat-nung-hue","8":"product_cat-gia-ngoi-lop-nha-hue","9":"product_tag-ngoi-lop-ha-long-gia-si-tai-hue","11":"first","12":"instock","13":"sale","14":"shipping-taxable","15":"purchasable","16":"product-type-simple"},"yoast_head":"<!-- This site is optimized with the Yoast SEO Premium plugin v22.3 (Yoast SEO v23.7) - https:\/\/yoast.com\/wordpress\/plugins\/seo\/ -->\n<title>Ng\u00f3i L\u1ee3p Viglacera H\u1ea1 Long \u0110\u00f4ng Tri\u1ec1u - V\u1eadt Li\u1ec7u X\u00e2y D\u1ef1ng Tr\u1ea7n Th\u1ecb Chi Nh\u00e1nh H\u00e0 N\u1ed9i<\/title>\n<meta name=\"robots\" content=\"index, follow, max-snippet:-1, max-image-preview:large, max-video-preview:-1\" \/>\n<link rel=\"canonical\" href=\"https:\/\/tranthi.vn\/hanoi\/ngoi-lop-viglacera-ha-long-dong-trieu\/\" \/>\n<meta property=\"og:locale\" content=\"vi_VN\" \/>\n<meta property=\"og:type\" content=\"article\" \/>\n<meta property=\"og:title\" content=\"Ng\u00f3i L\u1ee3p Viglacera H\u1ea1 Long \u0110\u00f4ng Tri\u1ec1u\" \/>\n<meta property=\"og:description\" content=\"\u00a0T\u00ean s\u1ea3n ph\u1ea9m: Ng\u00f3i l\u1ee3p Viglacera H\u1ea1 Long\u00a0  \u00a0K\u00edch th\u01b0\u1edbc: 340 x 200 x 13 mm.  \u00a0S\u1ed1 l\u01b0\u1ee3ng: 22 vi\u00ean\/m2  \u00a0\u0110\u01a1n Gi\u00e1:\u00a010.000\u0111 \/ vi\u00ean   Nh\u00e0 m\u00e1y \u0110\u00f4ng Tri\u1ec1u  \u00a0Ch\u1ea5t li\u1ec7u: \u0111\u1ea5t s\u00e9t nung \u1edf nhi\u1ec7t \u0111\u1ed9 cao  \u00a0Mua s\u1ed1 l\u01b0\u1ee3ng l\u1edbn s\u1ebd \u0111\u01b0\u1ee3c gi\u00e1 \u01b0u \u0111\u00e3i\u00a0  \u00a0Mi\u1ec5n ph\u00ed v\u1eadn chuy\u1ec3n \u00e1p d\u1ee5ng cho \u0111\u01a1n h\u00e0ng quanh th\u00e0nh ph\u1ed1 Hu\u1ebf\" \/>\n<meta property=\"og:url\" content=\"https:\/\/tranthi.vn\/hanoi\/ngoi-lop-viglacera-ha-long-dong-trieu\/\" \/>\n<meta property=\"og:site_name\" content=\"V\u1eadt Li\u1ec7u X\u00e2y D\u1ef1ng Tr\u1ea7n Th\u1ecb Chi Nh\u00e1nh H\u00e0 N\u1ed9i\" \/>\n<meta property=\"article:modified_time\" content=\"2022-10-06T08:31:56+00:00\" \/>\n<meta property=\"og:image\" content=\"https:\/\/tranthi.vn\/hanoi\/wp-content\/uploads\/2022\/04\/Ngoi-lop-Ha-Long-gia-si-tai-Hue.jpg\" \/>\n\t<meta property=\"og:image:width\" content=\"250\" \/>\n\t<meta property=\"og:image:height\" content=\"250\" \/>\n\t<meta property=\"og:image:type\" content=\"image\/jpeg\" \/>\n<meta name=\"twitter:card\" content=\"summary_large_image\" \/>\n<meta name=\"twitter:label1\" content=\"Gi\u00e1\" \/>\n\t<meta name=\"twitter:data1\" content=\"9,600&nbsp;&#8363;\" \/>\n\t<meta name=\"twitter:label2\" content=\"Kh\u1ea3 d\u1ee5ng\" \/>\n\t<meta name=\"twitter:data2\" content=\"Trong kho\" \/>\n<script type=\"application\/ld+json\" class=\"yoast-schema-graph\">{\"@context\":\"https:\/\/schema.org\",\"@graph\":[{\"@type\":[\"WebPage\",\"ItemPage\"],\"@id\":\"https:\/\/tranthi.vn\/hanoi\/ngoi-lop-viglacera-ha-long-dong-trieu\/\",\"url\":\"https:\/\/tranthi.vn\/hanoi\/ngoi-lop-viglacera-ha-long-dong-trieu\/\",\"name\":\"Ng\u00f3i L\u1ee3p Viglacera H\u1ea1 Long \u0110\u00f4ng Tri\u1ec1u - V\u1eadt Li\u1ec7u X\u00e2y D\u1ef1ng Tr\u1ea7n Th\u1ecb Chi Nh\u00e1nh H\u00e0 N\u1ed9i\",\"isPartOf\":{\"@id\":\"https:\/\/tranthi.vn\/hanoi\/#website\"},\"primaryImageOfPage\":{\"@id\":\"https:\/\/tranthi.vn\/hanoi\/ngoi-lop-viglacera-ha-long-dong-trieu\/#primaryimage\"},\"image\":{\"@id\":\"https:\/\/tranthi.vn\/hanoi\/ngoi-lop-viglacera-ha-long-dong-trieu\/#primaryimage\"},\"thumbnailUrl\":\"https:\/\/tranthi.vn\/hanoi\/wp-content\/uploads\/2022\/04\/Ngoi-lop-Ha-Long-gia-si-tai-Hue.jpg\",\"datePublished\":\"2022-04-19T08:24:04+00:00\",\"dateModified\":\"2022-10-06T08:31:56+00:00\",\"breadcrumb\":{\"@id\":\"https:\/\/tranthi.vn\/hanoi\/ngoi-lop-viglacera-ha-long-dong-trieu\/#breadcrumb\"},\"inLanguage\":\"vi\",\"potentialAction\":[{\"@type\":\"ReadAction\",\"target\":[\"https:\/\/tranthi.vn\/hanoi\/ngoi-lop-viglacera-ha-long-dong-trieu\/\"]}]},{\"@type\":\"ImageObject\",\"inLanguage\":\"vi\",\"@id\":\"https:\/\/tranthi.vn\/hanoi\/ngoi-lop-viglacera-ha-long-dong-trieu\/#primaryimage\",\"url\":\"https:\/\/tranthi.vn\/hanoi\/wp-content\/uploads\/2022\/04\/Ngoi-lop-Ha-Long-gia-si-tai-Hue.jpg\",\"contentUrl\":\"https:\/\/tranthi.vn\/hanoi\/wp-content\/uploads\/2022\/04\/Ngoi-lop-Ha-Long-gia-si-tai-Hue.jpg\",\"width\":250,\"height\":250,\"caption\":\"Ng\u00f3i l\u1ee3p H\u1ea1 Long gi\u00e1 s\u1ec9 t\u1ea1i Hu\u1ebf\"},{\"@type\":\"BreadcrumbList\",\"@id\":\"https:\/\/tranthi.vn\/hanoi\/ngoi-lop-viglacera-ha-long-dong-trieu\/#breadcrumb\",\"itemListElement\":[{\"@type\":\"ListItem\",\"position\":1,\"name\":\"Trang ch\u1ee7\",\"item\":\"https:\/\/tranthi.vn\/hanoi\/\"},{\"@type\":\"ListItem\",\"position\":2,\"name\":\"Shop\",\"item\":\"https:\/\/tranthi.vn\/hanoi\/shop\/\"},{\"@type\":\"ListItem\",\"position\":3,\"name\":\"Ng\u00f3i L\u1ee3p Viglacera H\u1ea1 Long \u0110\u00f4ng Tri\u1ec1u\"}]},{\"@type\":\"WebSite\",\"@id\":\"https:\/\/tranthi.vn\/hanoi\/#website\",\"url\":\"https:\/\/tranthi.vn\/hanoi\/\",\"name\":\"V\u1eadt Li\u1ec7u X\u00e2y D\u1ef1ng Tr\u1ea7n Th\u1ecb Chi Nh\u00e1nh H\u00e0 N\u1ed9i\",\"description\":\"V\u1eadt Li\u1ec7u X\u00e2y D\u1ef1ng - H\u00e0 N\u1ed9i\",\"potentialAction\":[{\"@type\":\"SearchAction\",\"target\":{\"@type\":\"EntryPoint\",\"urlTemplate\":\"https:\/\/tranthi.vn\/hanoi\/?s={search_term_string}\"},\"query-input\":{\"@type\":\"PropertyValueSpecification\",\"valueRequired\":true,\"valueName\":\"search_term_string\"}}],\"inLanguage\":\"vi\"},{\"@type\":\"ImageObject\",\"inLanguage\":\"vi\",\"@id\":\"https:\/\/tranthi.vn\/hanoi\/ngoi-lop-viglacera-ha-long-dong-trieu\/#local-main-organization-logo\",\"url\":\"\",\"contentUrl\":\"\",\"caption\":\"V\u1eadt Li\u1ec7u X\u00e2y D\u1ef1ng Tr\u1ea7n Th\u1ecb Chi Nh\u00e1nh H\u00e0 N\u1ed9i\"}]}<\/script>\n<meta property=\"product:price:amount\" content=\"9600\" \/>\n<meta property=\"product:price:currency\" content=\"VND\" \/>\n<meta property=\"og:availability\" content=\"instock\" \/>\n<meta property=\"product:availability\" content=\"instock\" \/>\n<meta property=\"product:condition\" content=\"new\" \/>\n<!-- \/ Yoast SEO Premium plugin. -->","yoast_head_json":{"title":"Ng\u00f3i L\u1ee3p Viglacera H\u1ea1 Long \u0110\u00f4ng Tri\u1ec1u - V\u1eadt Li\u1ec7u X\u00e2y D\u1ef1ng Tr\u1ea7n Th\u1ecb Chi Nh\u00e1nh H\u00e0 N\u1ed9i","robots":{"index":"index","follow":"follow","max-snippet":"max-snippet:-1","max-image-preview":"max-image-preview:large","max-video-preview":"max-video-preview:-1"},"canonical":"https:\/\/tranthi.vn\/hanoi\/ngoi-lop-viglacera-ha-long-dong-trieu\/","og_locale":"vi_VN","og_type":"article","og_title":"Ng\u00f3i L\u1ee3p Viglacera H\u1ea1 Long \u0110\u00f4ng Tri\u1ec1u","og_description":"\u00a0T\u00ean s\u1ea3n ph\u1ea9m: Ng\u00f3i l\u1ee3p Viglacera H\u1ea1 Long\u00a0  \u00a0K\u00edch th\u01b0\u1edbc: 340 x 200 x 13 mm.  \u00a0S\u1ed1 l\u01b0\u1ee3ng: 22 vi\u00ean\/m2  \u00a0\u0110\u01a1n Gi\u00e1:\u00a010.000\u0111 \/ vi\u00ean   Nh\u00e0 m\u00e1y \u0110\u00f4ng Tri\u1ec1u  \u00a0Ch\u1ea5t li\u1ec7u: \u0111\u1ea5t s\u00e9t nung \u1edf nhi\u1ec7t \u0111\u1ed9 cao  \u00a0Mua s\u1ed1 l\u01b0\u1ee3ng l\u1edbn s\u1ebd \u0111\u01b0\u1ee3c gi\u00e1 \u01b0u \u0111\u00e3i\u00a0  \u00a0Mi\u1ec5n ph\u00ed v\u1eadn chuy\u1ec3n \u00e1p d\u1ee5ng cho \u0111\u01a1n h\u00e0ng quanh th\u00e0nh ph\u1ed1 Hu\u1ebf","og_url":"https:\/\/tranthi.vn\/hanoi\/ngoi-lop-viglacera-ha-long-dong-trieu\/","og_site_name":"V\u1eadt Li\u1ec7u X\u00e2y D\u1ef1ng Tr\u1ea7n Th\u1ecb Chi Nh\u00e1nh H\u00e0 N\u1ed9i","article_modified_time":"2022-10-06T08:31:56+00:00","og_image":[{"width":250,"height":250,"url":"https:\/\/tranthi.vn\/hanoi\/wp-content\/uploads\/2022\/04\/Ngoi-lop-Ha-Long-gia-si-tai-Hue.jpg","type":"image\/jpeg"}],"twitter_card":"summary_large_image","twitter_misc":{"Gi\u00e1":"9,600&nbsp;&#8363;","Kh\u1ea3 d\u1ee5ng":"Trong kho"},"schema":{"@context":"https:\/\/schema.org","@graph":[{"@type":["WebPage","ItemPage"],"@id":"https:\/\/tranthi.vn\/hanoi\/ngoi-lop-viglacera-ha-long-dong-trieu\/","url":"https:\/\/tranthi.vn\/hanoi\/ngoi-lop-viglacera-ha-long-dong-trieu\/","name":"Ng\u00f3i L\u1ee3p Viglacera H\u1ea1 Long \u0110\u00f4ng Tri\u1ec1u - V\u1eadt Li\u1ec7u X\u00e2y D\u1ef1ng Tr\u1ea7n Th\u1ecb Chi Nh\u00e1nh H\u00e0 N\u1ed9i","isPartOf":{"@id":"https:\/\/tranthi.vn\/hanoi\/#website"},"primaryImageOfPage":{"@id":"https:\/\/tranthi.vn\/hanoi\/ngoi-lop-viglacera-ha-long-dong-trieu\/#primaryimage"},"image":{"@id":"https:\/\/tranthi.vn\/hanoi\/ngoi-lop-viglacera-ha-long-dong-trieu\/#primaryimage"},"thumbnailUrl":"https:\/\/tranthi.vn\/hanoi\/wp-content\/uploads\/2022\/04\/Ngoi-lop-Ha-Long-gia-si-tai-Hue.jpg","datePublished":"2022-04-19T08:24:04+00:00","dateModified":"2022-10-06T08:31:56+00:00","breadcrumb":{"@id":"https:\/\/tranthi.vn\/hanoi\/ngoi-lop-viglacera-ha-long-dong-trieu\/#breadcrumb"},"inLanguage":"vi","potentialAction":[{"@type":"ReadAction","target":["https:\/\/tranthi.vn\/hanoi\/ngoi-lop-viglacera-ha-long-dong-trieu\/"]}]},{"@type":"ImageObject","inLanguage":"vi","@id":"https:\/\/tranthi.vn\/hanoi\/ngoi-lop-viglacera-ha-long-dong-trieu\/#primaryimage","url":"https:\/\/tranthi.vn\/hanoi\/wp-content\/uploads\/2022\/04\/Ngoi-lop-Ha-Long-gia-si-tai-Hue.jpg","contentUrl":"https:\/\/tranthi.vn\/hanoi\/wp-content\/uploads\/2022\/04\/Ngoi-lop-Ha-Long-gia-si-tai-Hue.jpg","width":250,"height":250,"caption":"Ng\u00f3i l\u1ee3p H\u1ea1 Long gi\u00e1 s\u1ec9 t\u1ea1i Hu\u1ebf"},{"@type":"BreadcrumbList","@id":"https:\/\/tranthi.vn\/hanoi\/ngoi-lop-viglacera-ha-long-dong-trieu\/#breadcrumb","itemListElement":[{"@type":"ListItem","position":1,"name":"Trang ch\u1ee7","item":"https:\/\/tranthi.vn\/hanoi\/"},{"@type":"ListItem","position":2,"name":"Shop","item":"https:\/\/tranthi.vn\/hanoi\/shop\/"},{"@type":"ListItem","position":3,"name":"Ng\u00f3i L\u1ee3p Viglacera H\u1ea1 Long \u0110\u00f4ng Tri\u1ec1u"}]},{"@type":"WebSite","@id":"https:\/\/tranthi.vn\/hanoi\/#website","url":"https:\/\/tranthi.vn\/hanoi\/","name":"V\u1eadt Li\u1ec7u X\u00e2y D\u1ef1ng Tr\u1ea7n Th\u1ecb Chi Nh\u00e1nh H\u00e0 N\u1ed9i","description":"V\u1eadt Li\u1ec7u X\u00e2y D\u1ef1ng - H\u00e0 N\u1ed9i","potentialAction":[{"@type":"SearchAction","target":{"@type":"EntryPoint","urlTemplate":"https:\/\/tranthi.vn\/hanoi\/?s={search_term_string}"},"query-input":{"@type":"PropertyValueSpecification","valueRequired":true,"valueName":"search_term_string"}}],"inLanguage":"vi"},{"@type":"ImageObject","inLanguage":"vi","@id":"https:\/\/tranthi.vn\/hanoi\/ngoi-lop-viglacera-ha-long-dong-trieu\/#local-main-organization-logo","url":"","contentUrl":"","caption":"V\u1eadt Li\u1ec7u X\u00e2y D\u1ef1ng Tr\u1ea7n Th\u1ecb Chi Nh\u00e1nh H\u00e0 N\u1ed9i"}]},"product_price_amount":"9600","product_price_currency":"VND","og_availability":"instock","product_availability":"instock","product_condition":"new"},"_links":{"self":[{"href":"https:\/\/tranthi.vn\/hanoi\/wp-json\/wp\/v2\/product\/4705","targetHints":{"allow":["GET"]}}],"collection":[{"href":"https:\/\/tranthi.vn\/hanoi\/wp-json\/wp\/v2\/product"}],"about":[{"href":"https:\/\/tranthi.vn\/hanoi\/wp-json\/wp\/v2\/types\/product"}],"replies":[{"embeddable":true,"href":"https:\/\/tranthi.vn\/hanoi\/wp-json\/wp\/v2\/comments?post=4705"}],"wp:featuredmedia":[{"embeddable":true,"href":"https:\/\/tranthi.vn\/hanoi\/wp-json\/wp\/v2\/media\/4706"}],"wp:attachment":[{"href":"https:\/\/tranthi.vn\/hanoi\/wp-json\/wp\/v2\/media?parent=4705"}],"wp:term":[{"taxonomy":"product_cat","embeddable":true,"href":"https:\/\/tranthi.vn\/hanoi\/wp-json\/wp\/v2\/product_cat?post=4705"},{"taxonomy":"product_tag","embeddable":true,"href":"https:\/\/tranthi.vn\/hanoi\/wp-json\/wp\/v2\/product_tag?post=4705"}],"curies":[{"name":"wp","href":"https:\/\/api.w.org\/{rel}","templated":true}]}}