{"id":3541,"date":"2021-07-23T10:36:56","date_gmt":"2021-07-23T03:36:56","guid":{"rendered":"https:\/\/tranthi.vn\/?post_type=product&#038;p=3541"},"modified":"2022-12-03T16:27:32","modified_gmt":"2022-12-03T09:27:32","slug":"lavabo-de-ban-230bb-mau-den-hue","status":"publish","type":"product","link":"https:\/\/tranthi.vn\/hanoi\/lavabo-de-ban-230bb-mau-den-hue\/","title":{"rendered":"Lavabo \u0110\u1ec3 B\u00e0n 230bb"},"content":{"rendered":"","protected":false},"excerpt":{"rendered":"<p><span style=\"font-family: 'times new roman', times, serif; font-size: 130%;\"><span style=\"color: #ff6600; font-size: 140%;\">\u2666\u00a0<\/span>Gi\u00e1 ch\u01b0a bao g\u1ed3m ph\u1ee5 ki\u1ec7n<\/span><\/p>\n<p><span style=\"font-family: 'times new roman', times, serif; font-size: 130%;\"><span style=\"color: #ff6600; font-size: 140%;\">\u2666<\/span>\u00a0B\u1ea3o h\u00e0nh 5 n\u0103m ch\u1ea5t men<\/span><\/p>\n<p><span style=\"font-family: 'times new roman', times, serif; font-size: 130%;\"><span style=\"color: #ff6600; font-size: 140%;\">\u2666<\/span>\u00a0\u0110\u01a1n gi\u00e1:<span style=\"color: #008000;\"><strong> 950.000\u0111\/ c\u00e1i<\/strong><\/span><\/span><\/p>\n<p><span style=\"font-family: 'times new roman', times, serif; font-size: 130%;\"><span style=\"color: #ff6600; font-size: 140%;\">\u2666<\/span>\u00a0K\u00edch th\u01b0\u1edbc : 60.5 cm x 35 cm x 11 cm<\/span><\/p>\n<p><span style=\"font-family: 'times new roman', times, serif; font-size: 130%;\"><span style=\"color: #ff6600; font-size: 140%;\">\u2666<\/span>\u00a0Hai c\u00e1i tr\u1edf l\u00ean mi\u1ec5n ph\u00ed Ship trong Tp Hu\u1ebf<\/span><\/p>\n<p><span style=\"font-family: 'times new roman', times, serif; font-size: 130%;\"><span style=\"color: #ff6600; font-size: 140%;\">\u2666<\/span>\u00a0Giao h\u00e0ng \u1edf c\u00e1c huy\u1ec7n kh\u00e1c ph\u00ed Ship t\u00f9y thu\u1ed9c v\u00e0o xa hay g\u1ea7n<\/span><\/p>\n<p><strong><em><span style=\"font-family: 'times new roman', times, serif; font-size: 130%;\">L\u01b0u \u00fd: L\u1edbp b\u00ean ngo\u00e0i l\u00e0 s\u01a1n n\u00ean sau th\u1eddi gian s\u1eed d\u1ee5ng c\u00f3 th\u1ec3 b\u1ecb s\u01b0\u1edbt ho\u1eb7c tr\u00f3c m\u00e0u, khi s\u1eed d\u1ee5ng kh\u00f4ng d\u00f9ng ch\u1ea5t t\u1ea9y m\u1ea1nh v\u00e0 kh\u00f4ng d\u00f9ng b\u00f9i nh\u00f9i nh\u00f4m \u0111\u1ec3 v\u1ec7 sinh<\/span><\/em><\/strong><\/p>\n","protected":false},"featured_media":4040,"comment_status":"closed","ping_status":"closed","template":"","meta":[],"product_cat":[184,274],"product_tag":[379],"class_list":{"0":"post-3541","1":"product","2":"type-product","3":"status-publish","4":"has-post-thumbnail","6":"product_cat-lavabo-gia-re-tai-da-nang","7":"product_cat-lavabo-trang-su-de-ban","8":"product_tag-mau-lavabo-de-ban-mau-den-hue","10":"first","11":"instock","12":"sale","13":"shipping-taxable","14":"purchasable","15":"product-type-simple"},"yoast_head":"<!-- This site is optimized with the Yoast SEO Premium plugin v22.3 (Yoast SEO v23.7) - https:\/\/yoast.com\/wordpress\/plugins\/seo\/ -->\n<title>gi\u00e1 Lavabo \u0111\u1ec3 b\u00e0n m\u00e0u \u0111en 230bb t\u1ea1i hu\u1ebf - 0903 595 049<\/title>\n<meta name=\"robots\" content=\"index, follow, max-snippet:-1, max-image-preview:large, max-video-preview:-1\" \/>\n<link rel=\"canonical\" href=\"https:\/\/tranthi.vn\/hanoi\/lavabo-de-ban-230bb-mau-den-hue\/\" \/>\n<meta property=\"og:locale\" content=\"vi_VN\" \/>\n<meta property=\"og:type\" content=\"article\" \/>\n<meta property=\"og:title\" content=\"Lavabo \u0110\u1ec3 B\u00e0n 230bb\" \/>\n<meta property=\"og:description\" content=\"\u2666\u00a0Gi\u00e1 ch\u01b0a bao g\u1ed3m ph\u1ee5 ki\u1ec7n  \u2666\u00a0B\u1ea3o h\u00e0nh 5 n\u0103m ch\u1ea5t men  \u2666\u00a0\u0110\u01a1n gi\u00e1: 950.000\u0111\/ c\u00e1i  \u2666\u00a0K\u00edch th\u01b0\u1edbc : 60.5 cm x 35 cm x 11 cm  \u2666\u00a0Hai c\u00e1i tr\u1edf l\u00ean mi\u1ec5n ph\u00ed Ship trong Tp Hu\u1ebf  \u2666\u00a0Giao h\u00e0ng \u1edf c\u00e1c huy\u1ec7n kh\u00e1c ph\u00ed Ship t\u00f9y thu\u1ed9c v\u00e0o xa hay g\u1ea7n  L\u01b0u \u00fd: L\u1edbp b\u00ean ngo\u00e0i l\u00e0 s\u01a1n n\u00ean sau th\u1eddi gian s\u1eed d\u1ee5ng c\u00f3 th\u1ec3 b\u1ecb s\u01b0\u1edbt ho\u1eb7c tr\u00f3c m\u00e0u, khi s\u1eed d\u1ee5ng kh\u00f4ng d\u00f9ng ch\u1ea5t t\u1ea9y m\u1ea1nh v\u00e0 kh\u00f4ng d\u00f9ng b\u00f9i nh\u00f9i nh\u00f4m \u0111\u1ec3 v\u1ec7 sinh\" \/>\n<meta property=\"og:url\" content=\"https:\/\/tranthi.vn\/hanoi\/lavabo-de-ban-230bb-mau-den-hue\/\" \/>\n<meta property=\"og:site_name\" content=\"V\u1eadt Li\u1ec7u X\u00e2y D\u1ef1ng Tr\u1ea7n Th\u1ecb Chi Nh\u00e1nh H\u00e0 N\u1ed9i\" \/>\n<meta property=\"article:modified_time\" content=\"2022-12-03T09:27:32+00:00\" \/>\n<meta property=\"og:image\" content=\"https:\/\/tranthi.vn\/hanoi\/wp-content\/uploads\/2021\/07\/Mau-Lavabo-de-ban-mau-den-Hue-1.jpg\" \/>\n\t<meta property=\"og:image:width\" content=\"250\" \/>\n\t<meta property=\"og:image:height\" content=\"250\" \/>\n\t<meta property=\"og:image:type\" content=\"image\/jpeg\" \/>\n<meta name=\"twitter:card\" content=\"summary_large_image\" \/>\n<meta name=\"twitter:label1\" content=\"Gi\u00e1\" \/>\n\t<meta name=\"twitter:data1\" content=\"950,000&nbsp;&#8363;\" \/>\n\t<meta name=\"twitter:label2\" content=\"Kh\u1ea3 d\u1ee5ng\" \/>\n\t<meta name=\"twitter:data2\" content=\"Trong kho\" \/>\n<script type=\"application\/ld+json\" class=\"yoast-schema-graph\">{\"@context\":\"https:\/\/schema.org\",\"@graph\":[{\"@type\":[\"WebPage\",\"ItemPage\"],\"@id\":\"https:\/\/tranthi.vn\/hanoi\/lavabo-de-ban-230bb-mau-den-hue\/\",\"url\":\"https:\/\/tranthi.vn\/hanoi\/lavabo-de-ban-230bb-mau-den-hue\/\",\"name\":\"gi\u00e1 Lavabo \u0111\u1ec3 b\u00e0n m\u00e0u \u0111en 230bb t\u1ea1i hu\u1ebf - 0903 595 049\",\"isPartOf\":{\"@id\":\"https:\/\/tranthi.vn\/hanoi\/#website\"},\"primaryImageOfPage\":{\"@id\":\"https:\/\/tranthi.vn\/hanoi\/lavabo-de-ban-230bb-mau-den-hue\/#primaryimage\"},\"image\":{\"@id\":\"https:\/\/tranthi.vn\/hanoi\/lavabo-de-ban-230bb-mau-den-hue\/#primaryimage\"},\"thumbnailUrl\":\"https:\/\/tranthi.vn\/hanoi\/wp-content\/uploads\/2021\/07\/Mau-Lavabo-de-ban-mau-den-Hue-1.jpg\",\"datePublished\":\"2021-07-23T03:36:56+00:00\",\"dateModified\":\"2022-12-03T09:27:32+00:00\",\"breadcrumb\":{\"@id\":\"https:\/\/tranthi.vn\/hanoi\/lavabo-de-ban-230bb-mau-den-hue\/#breadcrumb\"},\"inLanguage\":\"vi\",\"potentialAction\":[{\"@type\":\"ReadAction\",\"target\":[\"https:\/\/tranthi.vn\/hanoi\/lavabo-de-ban-230bb-mau-den-hue\/\"]}]},{\"@type\":\"ImageObject\",\"inLanguage\":\"vi\",\"@id\":\"https:\/\/tranthi.vn\/hanoi\/lavabo-de-ban-230bb-mau-den-hue\/#primaryimage\",\"url\":\"https:\/\/tranthi.vn\/hanoi\/wp-content\/uploads\/2021\/07\/Mau-Lavabo-de-ban-mau-den-Hue-1.jpg\",\"contentUrl\":\"https:\/\/tranthi.vn\/hanoi\/wp-content\/uploads\/2021\/07\/Mau-Lavabo-de-ban-mau-den-Hue-1.jpg\",\"width\":250,\"height\":250,\"caption\":\"M\u1eabu Lavabo \u0111\u1ec3 b\u00e0n m\u00e0u \u0111en Hu\u1ebf\"},{\"@type\":\"BreadcrumbList\",\"@id\":\"https:\/\/tranthi.vn\/hanoi\/lavabo-de-ban-230bb-mau-den-hue\/#breadcrumb\",\"itemListElement\":[{\"@type\":\"ListItem\",\"position\":1,\"name\":\"Trang ch\u1ee7\",\"item\":\"https:\/\/tranthi.vn\/hanoi\/\"},{\"@type\":\"ListItem\",\"position\":2,\"name\":\"Shop\",\"item\":\"https:\/\/tranthi.vn\/hanoi\/shop\/\"},{\"@type\":\"ListItem\",\"position\":3,\"name\":\"Lavabo \u0110\u1ec3 B\u00e0n 230bb\"}]},{\"@type\":\"WebSite\",\"@id\":\"https:\/\/tranthi.vn\/hanoi\/#website\",\"url\":\"https:\/\/tranthi.vn\/hanoi\/\",\"name\":\"V\u1eadt Li\u1ec7u X\u00e2y D\u1ef1ng Tr\u1ea7n Th\u1ecb Chi Nh\u00e1nh H\u00e0 N\u1ed9i\",\"description\":\"V\u1eadt Li\u1ec7u X\u00e2y D\u1ef1ng - H\u00e0 N\u1ed9i\",\"potentialAction\":[{\"@type\":\"SearchAction\",\"target\":{\"@type\":\"EntryPoint\",\"urlTemplate\":\"https:\/\/tranthi.vn\/hanoi\/?s={search_term_string}\"},\"query-input\":{\"@type\":\"PropertyValueSpecification\",\"valueRequired\":true,\"valueName\":\"search_term_string\"}}],\"inLanguage\":\"vi\"},{\"@type\":\"ImageObject\",\"inLanguage\":\"vi\",\"@id\":\"https:\/\/tranthi.vn\/hanoi\/lavabo-de-ban-230bb-mau-den-hue\/#local-main-organization-logo\",\"url\":\"\",\"contentUrl\":\"\",\"caption\":\"V\u1eadt Li\u1ec7u X\u00e2y D\u1ef1ng Tr\u1ea7n Th\u1ecb Chi Nh\u00e1nh H\u00e0 N\u1ed9i\"}]}<\/script>\n<meta property=\"product:price:amount\" content=\"950000\" \/>\n<meta property=\"product:price:currency\" content=\"VND\" \/>\n<meta property=\"og:availability\" content=\"instock\" \/>\n<meta property=\"product:availability\" content=\"instock\" \/>\n<meta property=\"product:condition\" content=\"new\" \/>\n<!-- \/ Yoast SEO Premium plugin. -->","yoast_head_json":{"title":"gi\u00e1 Lavabo \u0111\u1ec3 b\u00e0n m\u00e0u \u0111en 230bb t\u1ea1i hu\u1ebf - 0903 595 049","robots":{"index":"index","follow":"follow","max-snippet":"max-snippet:-1","max-image-preview":"max-image-preview:large","max-video-preview":"max-video-preview:-1"},"canonical":"https:\/\/tranthi.vn\/hanoi\/lavabo-de-ban-230bb-mau-den-hue\/","og_locale":"vi_VN","og_type":"article","og_title":"Lavabo \u0110\u1ec3 B\u00e0n 230bb","og_description":"\u2666\u00a0Gi\u00e1 ch\u01b0a bao g\u1ed3m ph\u1ee5 ki\u1ec7n  \u2666\u00a0B\u1ea3o h\u00e0nh 5 n\u0103m ch\u1ea5t men  \u2666\u00a0\u0110\u01a1n gi\u00e1: 950.000\u0111\/ c\u00e1i  \u2666\u00a0K\u00edch th\u01b0\u1edbc : 60.5 cm x 35 cm x 11 cm  \u2666\u00a0Hai c\u00e1i tr\u1edf l\u00ean mi\u1ec5n ph\u00ed Ship trong Tp Hu\u1ebf  \u2666\u00a0Giao h\u00e0ng \u1edf c\u00e1c huy\u1ec7n kh\u00e1c ph\u00ed Ship t\u00f9y thu\u1ed9c v\u00e0o xa hay g\u1ea7n  L\u01b0u \u00fd: L\u1edbp b\u00ean ngo\u00e0i l\u00e0 s\u01a1n n\u00ean sau th\u1eddi gian s\u1eed d\u1ee5ng c\u00f3 th\u1ec3 b\u1ecb s\u01b0\u1edbt ho\u1eb7c tr\u00f3c m\u00e0u, khi s\u1eed d\u1ee5ng kh\u00f4ng d\u00f9ng ch\u1ea5t t\u1ea9y m\u1ea1nh v\u00e0 kh\u00f4ng d\u00f9ng b\u00f9i nh\u00f9i nh\u00f4m \u0111\u1ec3 v\u1ec7 sinh","og_url":"https:\/\/tranthi.vn\/hanoi\/lavabo-de-ban-230bb-mau-den-hue\/","og_site_name":"V\u1eadt Li\u1ec7u X\u00e2y D\u1ef1ng Tr\u1ea7n Th\u1ecb Chi Nh\u00e1nh H\u00e0 N\u1ed9i","article_modified_time":"2022-12-03T09:27:32+00:00","og_image":[{"width":250,"height":250,"url":"https:\/\/tranthi.vn\/hanoi\/wp-content\/uploads\/2021\/07\/Mau-Lavabo-de-ban-mau-den-Hue-1.jpg","type":"image\/jpeg"}],"twitter_card":"summary_large_image","twitter_misc":{"Gi\u00e1":"950,000&nbsp;&#8363;","Kh\u1ea3 d\u1ee5ng":"Trong kho"},"schema":{"@context":"https:\/\/schema.org","@graph":[{"@type":["WebPage","ItemPage"],"@id":"https:\/\/tranthi.vn\/hanoi\/lavabo-de-ban-230bb-mau-den-hue\/","url":"https:\/\/tranthi.vn\/hanoi\/lavabo-de-ban-230bb-mau-den-hue\/","name":"gi\u00e1 Lavabo \u0111\u1ec3 b\u00e0n m\u00e0u \u0111en 230bb t\u1ea1i hu\u1ebf - 0903 595 049","isPartOf":{"@id":"https:\/\/tranthi.vn\/hanoi\/#website"},"primaryImageOfPage":{"@id":"https:\/\/tranthi.vn\/hanoi\/lavabo-de-ban-230bb-mau-den-hue\/#primaryimage"},"image":{"@id":"https:\/\/tranthi.vn\/hanoi\/lavabo-de-ban-230bb-mau-den-hue\/#primaryimage"},"thumbnailUrl":"https:\/\/tranthi.vn\/hanoi\/wp-content\/uploads\/2021\/07\/Mau-Lavabo-de-ban-mau-den-Hue-1.jpg","datePublished":"2021-07-23T03:36:56+00:00","dateModified":"2022-12-03T09:27:32+00:00","breadcrumb":{"@id":"https:\/\/tranthi.vn\/hanoi\/lavabo-de-ban-230bb-mau-den-hue\/#breadcrumb"},"inLanguage":"vi","potentialAction":[{"@type":"ReadAction","target":["https:\/\/tranthi.vn\/hanoi\/lavabo-de-ban-230bb-mau-den-hue\/"]}]},{"@type":"ImageObject","inLanguage":"vi","@id":"https:\/\/tranthi.vn\/hanoi\/lavabo-de-ban-230bb-mau-den-hue\/#primaryimage","url":"https:\/\/tranthi.vn\/hanoi\/wp-content\/uploads\/2021\/07\/Mau-Lavabo-de-ban-mau-den-Hue-1.jpg","contentUrl":"https:\/\/tranthi.vn\/hanoi\/wp-content\/uploads\/2021\/07\/Mau-Lavabo-de-ban-mau-den-Hue-1.jpg","width":250,"height":250,"caption":"M\u1eabu Lavabo \u0111\u1ec3 b\u00e0n m\u00e0u \u0111en Hu\u1ebf"},{"@type":"BreadcrumbList","@id":"https:\/\/tranthi.vn\/hanoi\/lavabo-de-ban-230bb-mau-den-hue\/#breadcrumb","itemListElement":[{"@type":"ListItem","position":1,"name":"Trang ch\u1ee7","item":"https:\/\/tranthi.vn\/hanoi\/"},{"@type":"ListItem","position":2,"name":"Shop","item":"https:\/\/tranthi.vn\/hanoi\/shop\/"},{"@type":"ListItem","position":3,"name":"Lavabo \u0110\u1ec3 B\u00e0n 230bb"}]},{"@type":"WebSite","@id":"https:\/\/tranthi.vn\/hanoi\/#website","url":"https:\/\/tranthi.vn\/hanoi\/","name":"V\u1eadt Li\u1ec7u X\u00e2y D\u1ef1ng Tr\u1ea7n Th\u1ecb Chi Nh\u00e1nh H\u00e0 N\u1ed9i","description":"V\u1eadt Li\u1ec7u X\u00e2y D\u1ef1ng - H\u00e0 N\u1ed9i","potentialAction":[{"@type":"SearchAction","target":{"@type":"EntryPoint","urlTemplate":"https:\/\/tranthi.vn\/hanoi\/?s={search_term_string}"},"query-input":{"@type":"PropertyValueSpecification","valueRequired":true,"valueName":"search_term_string"}}],"inLanguage":"vi"},{"@type":"ImageObject","inLanguage":"vi","@id":"https:\/\/tranthi.vn\/hanoi\/lavabo-de-ban-230bb-mau-den-hue\/#local-main-organization-logo","url":"","contentUrl":"","caption":"V\u1eadt Li\u1ec7u X\u00e2y D\u1ef1ng Tr\u1ea7n Th\u1ecb Chi Nh\u00e1nh H\u00e0 N\u1ed9i"}]},"product_price_amount":"950000","product_price_currency":"VND","og_availability":"instock","product_availability":"instock","product_condition":"new"},"_links":{"self":[{"href":"https:\/\/tranthi.vn\/hanoi\/wp-json\/wp\/v2\/product\/3541","targetHints":{"allow":["GET"]}}],"collection":[{"href":"https:\/\/tranthi.vn\/hanoi\/wp-json\/wp\/v2\/product"}],"about":[{"href":"https:\/\/tranthi.vn\/hanoi\/wp-json\/wp\/v2\/types\/product"}],"replies":[{"embeddable":true,"href":"https:\/\/tranthi.vn\/hanoi\/wp-json\/wp\/v2\/comments?post=3541"}],"wp:featuredmedia":[{"embeddable":true,"href":"https:\/\/tranthi.vn\/hanoi\/wp-json\/wp\/v2\/media\/4040"}],"wp:attachment":[{"href":"https:\/\/tranthi.vn\/hanoi\/wp-json\/wp\/v2\/media?parent=3541"}],"wp:term":[{"taxonomy":"product_cat","embeddable":true,"href":"https:\/\/tranthi.vn\/hanoi\/wp-json\/wp\/v2\/product_cat?post=3541"},{"taxonomy":"product_tag","embeddable":true,"href":"https:\/\/tranthi.vn\/hanoi\/wp-json\/wp\/v2\/product_tag?post=3541"}],"curies":[{"name":"wp","href":"https:\/\/api.w.org\/{rel}","templated":true}]}}