{"id":3438,"date":"2021-07-07T11:27:09","date_gmt":"2021-07-07T04:27:09","guid":{"rendered":"https:\/\/tranthi.vn\/?post_type=product&#038;p=3438"},"modified":"2024-07-25T08:45:13","modified_gmt":"2024-07-25T01:45:13","slug":"gach-the-do-trang-men-trang-tri-ha-noi","status":"publish","type":"product","link":"https:\/\/tranthi.vn\/hanoi\/gach-the-do-trang-men-trang-tri-ha-noi\/","title":{"rendered":"\u0110V-\u0111\u1ecf tr\u00e1ng men"},"content":{"rendered":"","protected":false},"excerpt":{"rendered":"<p><span style=\"font-family: 'times new roman', times, serif; color: #282828;\"><strong><span class=\"pq6dq46d tbxw36s4 knj5qynh kvgmc6g5 ditlmg2l oygrvhab nvdbi5me sf5mxxl7 gl3lb2sf hhz5lgdu\"><img loading=\"lazy\" decoding=\"async\" class=\"\" src=\"https:\/\/static.xx.fbcdn.net\/images\/emoji.php\/v9\/t51\/1\/16\/1f449.png\" alt=\"\ud83d\udc49\" width=\"25\" height=\"25\" \/><span style=\"font-size: 130%;\">\u00a0<\/span><\/span><\/strong><span style=\"font-size: 130%;\">K\u00edch th\u01b0\u1edbc: 60x240cm<\/span><\/span><\/p>\n<p><span style=\"font-family: 'times new roman', times, serif; font-size: 130%; color: #282828;\"><strong><span class=\"pq6dq46d tbxw36s4 knj5qynh kvgmc6g5 ditlmg2l oygrvhab nvdbi5me sf5mxxl7 gl3lb2sf hhz5lgdu\"><img loading=\"lazy\" decoding=\"async\" class=\"\" src=\"https:\/\/static.xx.fbcdn.net\/images\/emoji.php\/v9\/t51\/1\/16\/1f449.png\" alt=\"\ud83d\udc49\" width=\"25\" height=\"25\" \/>\u00a0<\/span><\/strong>M\u00e0u \u0111\u1ecf ph\u1ee7 men<\/span><\/p>\n<p><span style=\"font-family: 'times new roman', times, serif; font-size: 130%; color: #282828;\"><strong><span class=\"pq6dq46d tbxw36s4 knj5qynh kvgmc6g5 ditlmg2l oygrvhab nvdbi5me sf5mxxl7 gl3lb2sf hhz5lgdu\"><img loading=\"lazy\" decoding=\"async\" class=\"\" src=\"https:\/\/static.xx.fbcdn.net\/images\/emoji.php\/v9\/t51\/1\/16\/1f449.png\" alt=\"\ud83d\udc49\" width=\"25\" height=\"25\" \/>\u00a0<\/span><\/strong>\u0110\u01a1n gi\u00e1\u00a0\u21d2\u00a0<span style=\"color: #008000;\"><strong>125.000\/h\u1ed9p<\/strong><\/span><\/span><\/p>\n<p><span style=\"font-family: 'times new roman', times, serif; font-size: 130%; color: #282828;\"><strong><span class=\"pq6dq46d tbxw36s4 knj5qynh kvgmc6g5 ditlmg2l oygrvhab nvdbi5me sf5mxxl7 gl3lb2sf hhz5lgdu\"><img loading=\"lazy\" decoding=\"async\" class=\"\" src=\"https:\/\/static.xx.fbcdn.net\/images\/emoji.php\/v9\/t51\/1\/16\/1f449.png\" alt=\"\ud83d\udc49\" width=\"25\" height=\"25\" \/><\/span><\/strong>V\u1eadn chuy\u1ec3n v\u1edbi \u0111\u01a1n h\u00e0ng tr\u00ean 20m2<\/span><\/p>\n<p><span style=\"font-family: 'times new roman', times, serif; font-size: 130%; color: #282828;\"><strong><span class=\"pq6dq46d tbxw36s4 knj5qynh kvgmc6g5 ditlmg2l oygrvhab nvdbi5me sf5mxxl7 gl3lb2sf hhz5lgdu\"><img loading=\"lazy\" decoding=\"async\" class=\"\" src=\"https:\/\/static.xx.fbcdn.net\/images\/emoji.php\/v9\/t51\/1\/16\/1f449.png\" alt=\"\ud83d\udc49\" width=\"25\" height=\"25\" \/><\/span><\/strong>1 h\u1ed9p 70 vi\u00ean<\/span><\/p>\n<p><span style=\"font-family: 'times new roman', times, serif; font-size: 130%; color: #282828;\"><strong><span class=\"pq6dq46d tbxw36s4 knj5qynh kvgmc6g5 ditlmg2l oygrvhab nvdbi5me sf5mxxl7 gl3lb2sf hhz5lgdu\"><img loading=\"lazy\" decoding=\"async\" class=\"\" src=\"https:\/\/static.xx.fbcdn.net\/images\/emoji.php\/v9\/t51\/1\/16\/1f449.png\" alt=\"\ud83d\udc49\" width=\"25\" height=\"25\" \/>\u00a0<\/span><\/strong>Mi\u1ec5n ph\u00ed Ship \u0111\u01a1n h\u00e0ng t\u1eeb 40m2 v\u00e0 trong Tp Qu\u1ea3ng Tr\u1ecb. Ngo\u00e0i ra Tr\u1ea7n Th\u1ecb Ship c\u00e1c huy\u1ec7n l\u00e2n c\u1eadn, ph\u00ed v\u1eadn chuy\u1ec3n \u0111\u01b0\u1ee3c t\u00ednh t\u00f9y thu\u1ed9c v\u00e0o v\u1ecb tr\u00ed xa hay g\u1ea7n<\/span><\/p>\n<p>&nbsp;<\/p>\n<p>&nbsp;<\/p>\n","protected":false},"featured_media":4564,"comment_status":"closed","ping_status":"closed","template":"","meta":[],"product_cat":[297],"product_tag":[702],"class_list":{"0":"post-3438","1":"product","2":"type-product","3":"status-publish","4":"has-post-thumbnail","6":"product_cat-gach-the","7":"product_tag-gach-the-trang-tri-mau-do-tai-hue","9":"first","10":"instock","11":"sale","12":"shipping-taxable","13":"purchasable","14":"product-type-simple"},"yoast_head":"<!-- This site is optimized with the Yoast SEO Premium plugin v22.3 (Yoast SEO v23.7) - https:\/\/yoast.com\/wordpress\/plugins\/seo\/ -->\n<title>Gi\u00e1 g\u1ea1ch th\u1ebb \u0111\u1ecf tr\u00e1ng men t\u1ea1i H\u00e0 N\u1ed9i-0947.335.871<\/title>\n<meta name=\"description\" content=\"Tr\u1ea7n Th\u1ecb l\u00e0 nh\u00e0 ph\u00e2n ph\u1ed1i c\u00e1c lo\u1ea1i g\u1ea1ch th\u1ebb \u0111\u1ecf tr\u00e1ng men gi\u00e1 r\u1ebb t\u1ea1i H\u00e0 N\u1ed9i. g\u1ea1ch th\u1ebb \u0111\u1ecf tr\u00e1ng men c\u00f3 nhi\u1ec1u m\u00e0u s\u1eafc kh\u00e1c nhau v\u00e0 gi\u00e1 c\u0169ng kh\u00e1c nhau\" \/>\n<meta name=\"robots\" content=\"index, follow, max-snippet:-1, max-image-preview:large, max-video-preview:-1\" \/>\n<link rel=\"canonical\" href=\"https:\/\/tranthi.vn\/hanoi\/gach-the-do-trang-men-trang-tri-ha-noi\/\" \/>\n<meta property=\"og:locale\" content=\"vi_VN\" \/>\n<meta property=\"og:type\" content=\"article\" \/>\n<meta property=\"og:title\" content=\"\u0110V-\u0111\u1ecf tr\u00e1ng men\" \/>\n<meta property=\"og:description\" content=\"Tr\u1ea7n Th\u1ecb l\u00e0 nh\u00e0 ph\u00e2n ph\u1ed1i c\u00e1c lo\u1ea1i g\u1ea1ch th\u1ebb \u0111\u1ecf tr\u00e1ng men gi\u00e1 r\u1ebb t\u1ea1i H\u00e0 N\u1ed9i. g\u1ea1ch th\u1ebb \u0111\u1ecf tr\u00e1ng men c\u00f3 nhi\u1ec1u m\u00e0u s\u1eafc kh\u00e1c nhau v\u00e0 gi\u00e1 c\u0169ng kh\u00e1c nhau\" \/>\n<meta property=\"og:url\" content=\"https:\/\/tranthi.vn\/hanoi\/gach-the-do-trang-men-trang-tri-ha-noi\/\" \/>\n<meta property=\"og:site_name\" content=\"V\u1eadt Li\u1ec7u X\u00e2y D\u1ef1ng Tr\u1ea7n Th\u1ecb Chi Nh\u00e1nh H\u00e0 N\u1ed9i\" \/>\n<meta property=\"article:modified_time\" content=\"2024-07-25T01:45:13+00:00\" \/>\n<meta property=\"og:image\" content=\"https:\/\/tranthi.vn\/hanoi\/wp-content\/uploads\/2021\/07\/Gach-the-trang-tri-mau-do-tai-Hue.jpg\" \/>\n\t<meta property=\"og:image:width\" content=\"300\" \/>\n\t<meta property=\"og:image:height\" content=\"300\" \/>\n\t<meta property=\"og:image:type\" content=\"image\/jpeg\" \/>\n<meta name=\"twitter:card\" content=\"summary_large_image\" \/>\n<meta name=\"twitter:label1\" content=\"Gi\u00e1\" \/>\n\t<meta name=\"twitter:data1\" content=\"125,000&nbsp;&#8363;\" \/>\n\t<meta name=\"twitter:label2\" content=\"Kh\u1ea3 d\u1ee5ng\" \/>\n\t<meta name=\"twitter:data2\" content=\"Trong kho\" \/>\n<script type=\"application\/ld+json\" class=\"yoast-schema-graph\">{\"@context\":\"https:\/\/schema.org\",\"@graph\":[{\"@type\":[\"WebPage\",\"ItemPage\"],\"@id\":\"https:\/\/tranthi.vn\/hanoi\/gach-the-do-trang-men-trang-tri-ha-noi\/\",\"url\":\"https:\/\/tranthi.vn\/hanoi\/gach-the-do-trang-men-trang-tri-ha-noi\/\",\"name\":\"Gi\u00e1 g\u1ea1ch th\u1ebb \u0111\u1ecf tr\u00e1ng men t\u1ea1i H\u00e0 N\u1ed9i-0947.335.871\",\"isPartOf\":{\"@id\":\"https:\/\/tranthi.vn\/hanoi\/#website\"},\"primaryImageOfPage\":{\"@id\":\"https:\/\/tranthi.vn\/hanoi\/gach-the-do-trang-men-trang-tri-ha-noi\/#primaryimage\"},\"image\":{\"@id\":\"https:\/\/tranthi.vn\/hanoi\/gach-the-do-trang-men-trang-tri-ha-noi\/#primaryimage\"},\"thumbnailUrl\":\"https:\/\/tranthi.vn\/hanoi\/wp-content\/uploads\/2021\/07\/Gach-the-trang-tri-mau-do-tai-Hue.jpg\",\"datePublished\":\"2021-07-07T04:27:09+00:00\",\"dateModified\":\"2024-07-25T01:45:13+00:00\",\"description\":\"Tr\u1ea7n Th\u1ecb l\u00e0 nh\u00e0 ph\u00e2n ph\u1ed1i c\u00e1c lo\u1ea1i g\u1ea1ch th\u1ebb \u0111\u1ecf tr\u00e1ng men gi\u00e1 r\u1ebb t\u1ea1i H\u00e0 N\u1ed9i. g\u1ea1ch th\u1ebb \u0111\u1ecf tr\u00e1ng men c\u00f3 nhi\u1ec1u m\u00e0u s\u1eafc kh\u00e1c nhau v\u00e0 gi\u00e1 c\u0169ng kh\u00e1c nhau\",\"breadcrumb\":{\"@id\":\"https:\/\/tranthi.vn\/hanoi\/gach-the-do-trang-men-trang-tri-ha-noi\/#breadcrumb\"},\"inLanguage\":\"vi\",\"potentialAction\":[{\"@type\":\"ReadAction\",\"target\":[\"https:\/\/tranthi.vn\/hanoi\/gach-the-do-trang-men-trang-tri-ha-noi\/\"]}]},{\"@type\":\"ImageObject\",\"inLanguage\":\"vi\",\"@id\":\"https:\/\/tranthi.vn\/hanoi\/gach-the-do-trang-men-trang-tri-ha-noi\/#primaryimage\",\"url\":\"https:\/\/tranthi.vn\/hanoi\/wp-content\/uploads\/2021\/07\/Gach-the-trang-tri-mau-do-tai-Hue.jpg\",\"contentUrl\":\"https:\/\/tranthi.vn\/hanoi\/wp-content\/uploads\/2021\/07\/Gach-the-trang-tri-mau-do-tai-Hue.jpg\",\"width\":300,\"height\":300,\"caption\":\"G\u1ea1ch th\u1ebb trang tr\u00ed m\u00e0u \u0111\u1ecf t\u1ea1i Hu\u1ebf\"},{\"@type\":\"BreadcrumbList\",\"@id\":\"https:\/\/tranthi.vn\/hanoi\/gach-the-do-trang-men-trang-tri-ha-noi\/#breadcrumb\",\"itemListElement\":[{\"@type\":\"ListItem\",\"position\":1,\"name\":\"Trang ch\u1ee7\",\"item\":\"https:\/\/tranthi.vn\/hanoi\/\"},{\"@type\":\"ListItem\",\"position\":2,\"name\":\"Shop\",\"item\":\"https:\/\/tranthi.vn\/hanoi\/shop\/\"},{\"@type\":\"ListItem\",\"position\":3,\"name\":\"\u0110V-\u0111\u1ecf tr\u00e1ng men\"}]},{\"@type\":\"WebSite\",\"@id\":\"https:\/\/tranthi.vn\/hanoi\/#website\",\"url\":\"https:\/\/tranthi.vn\/hanoi\/\",\"name\":\"V\u1eadt Li\u1ec7u X\u00e2y D\u1ef1ng Tr\u1ea7n Th\u1ecb Chi Nh\u00e1nh H\u00e0 N\u1ed9i\",\"description\":\"V\u1eadt Li\u1ec7u X\u00e2y D\u1ef1ng - H\u00e0 N\u1ed9i\",\"potentialAction\":[{\"@type\":\"SearchAction\",\"target\":{\"@type\":\"EntryPoint\",\"urlTemplate\":\"https:\/\/tranthi.vn\/hanoi\/?s={search_term_string}\"},\"query-input\":{\"@type\":\"PropertyValueSpecification\",\"valueRequired\":true,\"valueName\":\"search_term_string\"}}],\"inLanguage\":\"vi\"},{\"@type\":\"ImageObject\",\"inLanguage\":\"vi\",\"@id\":\"https:\/\/tranthi.vn\/hanoi\/gach-the-do-trang-men-trang-tri-ha-noi\/#local-main-organization-logo\",\"url\":\"\",\"contentUrl\":\"\",\"caption\":\"V\u1eadt Li\u1ec7u X\u00e2y D\u1ef1ng Tr\u1ea7n Th\u1ecb Chi Nh\u00e1nh H\u00e0 N\u1ed9i\"}]}<\/script>\n<meta property=\"product:price:amount\" content=\"125000\" \/>\n<meta property=\"product:price:currency\" content=\"VND\" \/>\n<meta property=\"og:availability\" content=\"instock\" \/>\n<meta property=\"product:availability\" content=\"instock\" \/>\n<meta property=\"product:condition\" content=\"new\" \/>\n<!-- \/ Yoast SEO Premium plugin. -->","yoast_head_json":{"title":"Gi\u00e1 g\u1ea1ch th\u1ebb \u0111\u1ecf tr\u00e1ng men t\u1ea1i H\u00e0 N\u1ed9i-0947.335.871","description":"Tr\u1ea7n Th\u1ecb l\u00e0 nh\u00e0 ph\u00e2n ph\u1ed1i c\u00e1c lo\u1ea1i g\u1ea1ch th\u1ebb \u0111\u1ecf tr\u00e1ng men gi\u00e1 r\u1ebb t\u1ea1i H\u00e0 N\u1ed9i. g\u1ea1ch th\u1ebb \u0111\u1ecf tr\u00e1ng men c\u00f3 nhi\u1ec1u m\u00e0u s\u1eafc kh\u00e1c nhau v\u00e0 gi\u00e1 c\u0169ng kh\u00e1c nhau","robots":{"index":"index","follow":"follow","max-snippet":"max-snippet:-1","max-image-preview":"max-image-preview:large","max-video-preview":"max-video-preview:-1"},"canonical":"https:\/\/tranthi.vn\/hanoi\/gach-the-do-trang-men-trang-tri-ha-noi\/","og_locale":"vi_VN","og_type":"article","og_title":"\u0110V-\u0111\u1ecf tr\u00e1ng men","og_description":"Tr\u1ea7n Th\u1ecb l\u00e0 nh\u00e0 ph\u00e2n ph\u1ed1i c\u00e1c lo\u1ea1i g\u1ea1ch th\u1ebb \u0111\u1ecf tr\u00e1ng men gi\u00e1 r\u1ebb t\u1ea1i H\u00e0 N\u1ed9i. g\u1ea1ch th\u1ebb \u0111\u1ecf tr\u00e1ng men c\u00f3 nhi\u1ec1u m\u00e0u s\u1eafc kh\u00e1c nhau v\u00e0 gi\u00e1 c\u0169ng kh\u00e1c nhau","og_url":"https:\/\/tranthi.vn\/hanoi\/gach-the-do-trang-men-trang-tri-ha-noi\/","og_site_name":"V\u1eadt Li\u1ec7u X\u00e2y D\u1ef1ng Tr\u1ea7n Th\u1ecb Chi Nh\u00e1nh H\u00e0 N\u1ed9i","article_modified_time":"2024-07-25T01:45:13+00:00","og_image":[{"width":300,"height":300,"url":"https:\/\/tranthi.vn\/hanoi\/wp-content\/uploads\/2021\/07\/Gach-the-trang-tri-mau-do-tai-Hue.jpg","type":"image\/jpeg"}],"twitter_card":"summary_large_image","twitter_misc":{"Gi\u00e1":"125,000&nbsp;&#8363;","Kh\u1ea3 d\u1ee5ng":"Trong kho"},"schema":{"@context":"https:\/\/schema.org","@graph":[{"@type":["WebPage","ItemPage"],"@id":"https:\/\/tranthi.vn\/hanoi\/gach-the-do-trang-men-trang-tri-ha-noi\/","url":"https:\/\/tranthi.vn\/hanoi\/gach-the-do-trang-men-trang-tri-ha-noi\/","name":"Gi\u00e1 g\u1ea1ch th\u1ebb \u0111\u1ecf tr\u00e1ng men t\u1ea1i H\u00e0 N\u1ed9i-0947.335.871","isPartOf":{"@id":"https:\/\/tranthi.vn\/hanoi\/#website"},"primaryImageOfPage":{"@id":"https:\/\/tranthi.vn\/hanoi\/gach-the-do-trang-men-trang-tri-ha-noi\/#primaryimage"},"image":{"@id":"https:\/\/tranthi.vn\/hanoi\/gach-the-do-trang-men-trang-tri-ha-noi\/#primaryimage"},"thumbnailUrl":"https:\/\/tranthi.vn\/hanoi\/wp-content\/uploads\/2021\/07\/Gach-the-trang-tri-mau-do-tai-Hue.jpg","datePublished":"2021-07-07T04:27:09+00:00","dateModified":"2024-07-25T01:45:13+00:00","description":"Tr\u1ea7n Th\u1ecb l\u00e0 nh\u00e0 ph\u00e2n ph\u1ed1i c\u00e1c lo\u1ea1i g\u1ea1ch th\u1ebb \u0111\u1ecf tr\u00e1ng men gi\u00e1 r\u1ebb t\u1ea1i H\u00e0 N\u1ed9i. g\u1ea1ch th\u1ebb \u0111\u1ecf tr\u00e1ng men c\u00f3 nhi\u1ec1u m\u00e0u s\u1eafc kh\u00e1c nhau v\u00e0 gi\u00e1 c\u0169ng kh\u00e1c nhau","breadcrumb":{"@id":"https:\/\/tranthi.vn\/hanoi\/gach-the-do-trang-men-trang-tri-ha-noi\/#breadcrumb"},"inLanguage":"vi","potentialAction":[{"@type":"ReadAction","target":["https:\/\/tranthi.vn\/hanoi\/gach-the-do-trang-men-trang-tri-ha-noi\/"]}]},{"@type":"ImageObject","inLanguage":"vi","@id":"https:\/\/tranthi.vn\/hanoi\/gach-the-do-trang-men-trang-tri-ha-noi\/#primaryimage","url":"https:\/\/tranthi.vn\/hanoi\/wp-content\/uploads\/2021\/07\/Gach-the-trang-tri-mau-do-tai-Hue.jpg","contentUrl":"https:\/\/tranthi.vn\/hanoi\/wp-content\/uploads\/2021\/07\/Gach-the-trang-tri-mau-do-tai-Hue.jpg","width":300,"height":300,"caption":"G\u1ea1ch th\u1ebb trang tr\u00ed m\u00e0u \u0111\u1ecf t\u1ea1i Hu\u1ebf"},{"@type":"BreadcrumbList","@id":"https:\/\/tranthi.vn\/hanoi\/gach-the-do-trang-men-trang-tri-ha-noi\/#breadcrumb","itemListElement":[{"@type":"ListItem","position":1,"name":"Trang ch\u1ee7","item":"https:\/\/tranthi.vn\/hanoi\/"},{"@type":"ListItem","position":2,"name":"Shop","item":"https:\/\/tranthi.vn\/hanoi\/shop\/"},{"@type":"ListItem","position":3,"name":"\u0110V-\u0111\u1ecf tr\u00e1ng men"}]},{"@type":"WebSite","@id":"https:\/\/tranthi.vn\/hanoi\/#website","url":"https:\/\/tranthi.vn\/hanoi\/","name":"V\u1eadt Li\u1ec7u X\u00e2y D\u1ef1ng Tr\u1ea7n Th\u1ecb Chi Nh\u00e1nh H\u00e0 N\u1ed9i","description":"V\u1eadt Li\u1ec7u X\u00e2y D\u1ef1ng - H\u00e0 N\u1ed9i","potentialAction":[{"@type":"SearchAction","target":{"@type":"EntryPoint","urlTemplate":"https:\/\/tranthi.vn\/hanoi\/?s={search_term_string}"},"query-input":{"@type":"PropertyValueSpecification","valueRequired":true,"valueName":"search_term_string"}}],"inLanguage":"vi"},{"@type":"ImageObject","inLanguage":"vi","@id":"https:\/\/tranthi.vn\/hanoi\/gach-the-do-trang-men-trang-tri-ha-noi\/#local-main-organization-logo","url":"","contentUrl":"","caption":"V\u1eadt Li\u1ec7u X\u00e2y D\u1ef1ng Tr\u1ea7n Th\u1ecb Chi Nh\u00e1nh H\u00e0 N\u1ed9i"}]},"product_price_amount":"125000","product_price_currency":"VND","og_availability":"instock","product_availability":"instock","product_condition":"new"},"_links":{"self":[{"href":"https:\/\/tranthi.vn\/hanoi\/wp-json\/wp\/v2\/product\/3438","targetHints":{"allow":["GET"]}}],"collection":[{"href":"https:\/\/tranthi.vn\/hanoi\/wp-json\/wp\/v2\/product"}],"about":[{"href":"https:\/\/tranthi.vn\/hanoi\/wp-json\/wp\/v2\/types\/product"}],"replies":[{"embeddable":true,"href":"https:\/\/tranthi.vn\/hanoi\/wp-json\/wp\/v2\/comments?post=3438"}],"wp:featuredmedia":[{"embeddable":true,"href":"https:\/\/tranthi.vn\/hanoi\/wp-json\/wp\/v2\/media\/4564"}],"wp:attachment":[{"href":"https:\/\/tranthi.vn\/hanoi\/wp-json\/wp\/v2\/media?parent=3438"}],"wp:term":[{"taxonomy":"product_cat","embeddable":true,"href":"https:\/\/tranthi.vn\/hanoi\/wp-json\/wp\/v2\/product_cat?post=3438"},{"taxonomy":"product_tag","embeddable":true,"href":"https:\/\/tranthi.vn\/hanoi\/wp-json\/wp\/v2\/product_tag?post=3438"}],"curies":[{"name":"wp","href":"https:\/\/api.w.org\/{rel}","templated":true}]}}