{"id":3311,"date":"2021-06-15T09:11:48","date_gmt":"2021-06-15T02:11:48","guid":{"rendered":"https:\/\/tranthi.vn\/?post_type=product&#038;p=3311"},"modified":"2022-09-12T17:33:09","modified_gmt":"2022-09-12T10:33:09","slug":"cp-03","status":"publish","type":"product","link":"https:\/\/tranthi.vn\/hanoi\/cp-03\/","title":{"rendered":"CP-03"},"content":{"rendered":"","protected":false},"excerpt":{"rendered":"<p><span style=\"font-family: 'times new roman', times, serif; font-size: 130%; color: #282828;\"><span style=\"color: #99cc00; font-size: 140%;\"> \u2666 <\/span>Giao h\u00e0ng trong \u0111\u1ecba b\u00e0n Hu\u1ebf<\/span><\/p>\n<p><span style=\"font-family: 'times new roman', times, serif; font-size: 130%; color: #282828;\"><span style=\"color: #99cc00; font-size: 140%;\">\u2666 <\/span>\u00a0\u0110\u01a1n v\u1ecb t\u00ednh: b\u1ed9<\/span><\/p>\n<p><span style=\"font-family: 'times new roman', times, serif; font-size: 130%; color: #282828;\"><span style=\"color: #99cc00; font-size: 140%;\">\u2666 <\/span>\u00a0\u0110\u01a1n gi\u00e1<b><i>\u00a0\u00a0<span style=\"color: #666699;\">c\u1eeda nh\u1ef1a composite m\u1eabu d\u00e1n<\/span><br \/>\n<\/i><\/b><\/span><\/p>\n<p><span style=\"font-family: 'times new roman', times, serif; font-size: 130%; color: #282828;\">\u00a0 \u00a0\u00a0<span style=\"color: #ff0000;\">K\u00edch th\u01b0\u1edbc: 800 x 2200 = 3.650.000\/ b\u1ed9\u00a0<\/span><\/span><br \/>\n<span style=\"font-family: 'times new roman', times, serif; font-size: 130%; color: #ff0000;\">\u00a0 \u00a0 K\u00edch th\u01b0\u1edbc: 900 x 2200 =\u00a0 3.750.000\/ b\u1ed9\u00a0<\/span><br \/>\n<span style=\"font-family: 'times new roman', times, serif; font-size: 130%; color: #ff0000;\">\u00a0 \u00a0 kich th\u01b0\u1edbc: 900 x 2400 =\u00a0 3.800.000\/ b\u1ed9\u00a0<\/span><\/p>\n<p><span style=\"font-family: 'times new roman', times, serif; font-size: 130%; color: #282828;\"><span style=\"color: #99cc00; font-size: 140%;\">\u2666 <\/span>\u00a0Gi\u00e1 tr\u00ean \u00e1p d\u1ee5ng cho t\u1eeb 3 b\u1ed9 tr\u1edf l\u00ean<\/span><\/p>\n<p><span style=\"font-family: 'times new roman', times, serif; font-size: 130%; color: #282828;\"><span style=\"color: #99cc00; font-size: 140%;\">\u2666 <\/span>\u00a0Gi\u00e1 ch\u01b0a bao g\u1ed3m \u1ed5 kh\u00f3a v\u00e0 h\u1ecda ti\u1ebft\u00a0<\/span><\/p>\n<p><span style=\"font-family: 'times new roman', times, serif; font-size: 130%; color: #282828;\"><span style=\"color: #99cc00; font-size: 140%;\">\u2666<\/span>\u00a0 \u0110\u00e3 bao g\u1ed3m ph\u00ed v\u1eadn chuy\u1ec3n v\u00e0 l\u1eafp \u0111\u1eb7t<\/span><\/p>\n<p><span style=\"font-family: 'times new roman', times, serif; font-size: 130%; color: #282828;\"><span style=\"color: #99cc00; font-size: 140%;\">\u2666<\/span>\u00a0 B\u1ea3o h\u00e0nh 5 n\u0103m b\u1ea3o tr\u00ec tr\u1ecdn v\u00f2ng \u0111\u1eddi s\u1ea3n ph\u1ea9m<\/span><\/p>\n","protected":false},"featured_media":5253,"comment_status":"closed","ping_status":"closed","template":"","meta":[],"product_cat":[291],"product_tag":[969,561],"class_list":{"0":"post-3311","1":"product","2":"type-product","3":"status-publish","4":"has-post-thumbnail","6":"product_cat-cua-nhua-go-composite","7":"product_tag-cua-nhua-composite-gia-re-tai-hue","8":"product_tag-mau-cua-nhua-composite-hue","10":"first","11":"instock","12":"sale","13":"shipping-taxable","14":"purchasable","15":"product-type-simple"},"yoast_head":"<!-- This site is optimized with the Yoast SEO Premium plugin v22.3 (Yoast SEO v23.7) - https:\/\/yoast.com\/wordpress\/plugins\/seo\/ -->\n<title>CP-03 - V\u1eadt Li\u1ec7u X\u00e2y D\u1ef1ng Tr\u1ea7n Th\u1ecb Chi Nh\u00e1nh H\u00e0 N\u1ed9i<\/title>\n<meta name=\"robots\" content=\"index, follow, max-snippet:-1, max-image-preview:large, max-video-preview:-1\" \/>\n<link rel=\"canonical\" href=\"https:\/\/tranthi.vn\/hanoi\/cp-03\/\" \/>\n<meta property=\"og:locale\" content=\"vi_VN\" \/>\n<meta property=\"og:type\" content=\"article\" \/>\n<meta property=\"og:title\" content=\"CP-03\" \/>\n<meta property=\"og:description\" content=\"\u2666 Giao h\u00e0ng trong \u0111\u1ecba b\u00e0n Hu\u1ebf  \u2666 \u00a0\u0110\u01a1n v\u1ecb t\u00ednh: b\u1ed9  \u2666 \u00a0\u0110\u01a1n gi\u00e1\u00a0\u00a0c\u1eeda nh\u1ef1a composite m\u1eabu d\u00e1n   \u00a0 \u00a0\u00a0K\u00edch th\u01b0\u1edbc: 800 x 2200 = 3.650.000\/ b\u1ed9\u00a0 \u00a0 \u00a0 K\u00edch th\u01b0\u1edbc: 900 x 2200 =\u00a0 3.750.000\/ b\u1ed9\u00a0 \u00a0 \u00a0 kich th\u01b0\u1edbc: 900 x 2400 =\u00a0 3.800.000\/ b\u1ed9\u00a0  \u2666 \u00a0Gi\u00e1 tr\u00ean \u00e1p d\u1ee5ng cho t\u1eeb 3 b\u1ed9 tr\u1edf l\u00ean  \u2666 \u00a0Gi\u00e1 ch\u01b0a bao g\u1ed3m \u1ed5 kh\u00f3a v\u00e0 h\u1ecda ti\u1ebft\u00a0  \u2666\u00a0 \u0110\u00e3 bao g\u1ed3m ph\u00ed v\u1eadn chuy\u1ec3n v\u00e0 l\u1eafp \u0111\u1eb7t  \u2666\u00a0 B\u1ea3o h\u00e0nh 5 n\u0103m b\u1ea3o tr\u00ec tr\u1ecdn v\u00f2ng \u0111\u1eddi s\u1ea3n ph\u1ea9m\" \/>\n<meta property=\"og:url\" content=\"https:\/\/tranthi.vn\/hanoi\/cp-03\/\" \/>\n<meta property=\"og:site_name\" content=\"V\u1eadt Li\u1ec7u X\u00e2y D\u1ef1ng Tr\u1ea7n Th\u1ecb Chi Nh\u00e1nh H\u00e0 N\u1ed9i\" \/>\n<meta property=\"article:modified_time\" content=\"2022-09-12T10:33:09+00:00\" \/>\n<meta property=\"og:image\" content=\"https:\/\/tranthi.vn\/hanoi\/wp-content\/uploads\/2021\/07\/cua-nhua-Composite-gia-re-tai-hue.jpg\" \/>\n\t<meta property=\"og:image:width\" content=\"250\" \/>\n\t<meta property=\"og:image:height\" content=\"250\" \/>\n\t<meta property=\"og:image:type\" content=\"image\/jpeg\" \/>\n<meta name=\"twitter:card\" content=\"summary_large_image\" \/>\n<meta name=\"twitter:label1\" content=\"Gi\u00e1\" \/>\n\t<meta name=\"twitter:data1\" content=\"3,650,000&nbsp;&#8363;\" \/>\n\t<meta name=\"twitter:label2\" content=\"Kh\u1ea3 d\u1ee5ng\" \/>\n\t<meta name=\"twitter:data2\" content=\"Trong kho\" \/>\n<script type=\"application\/ld+json\" class=\"yoast-schema-graph\">{\"@context\":\"https:\/\/schema.org\",\"@graph\":[{\"@type\":[\"WebPage\",\"ItemPage\"],\"@id\":\"https:\/\/tranthi.vn\/hanoi\/cp-03\/\",\"url\":\"https:\/\/tranthi.vn\/hanoi\/cp-03\/\",\"name\":\"CP-03 - V\u1eadt Li\u1ec7u X\u00e2y D\u1ef1ng Tr\u1ea7n Th\u1ecb Chi Nh\u00e1nh H\u00e0 N\u1ed9i\",\"isPartOf\":{\"@id\":\"https:\/\/tranthi.vn\/hanoi\/#website\"},\"primaryImageOfPage\":{\"@id\":\"https:\/\/tranthi.vn\/hanoi\/cp-03\/#primaryimage\"},\"image\":{\"@id\":\"https:\/\/tranthi.vn\/hanoi\/cp-03\/#primaryimage\"},\"thumbnailUrl\":\"https:\/\/tranthi.vn\/hanoi\/wp-content\/uploads\/2021\/07\/cua-nhua-Composite-gia-re-tai-hue.jpg\",\"datePublished\":\"2021-06-15T02:11:48+00:00\",\"dateModified\":\"2022-09-12T10:33:09+00:00\",\"breadcrumb\":{\"@id\":\"https:\/\/tranthi.vn\/hanoi\/cp-03\/#breadcrumb\"},\"inLanguage\":\"vi\",\"potentialAction\":[{\"@type\":\"ReadAction\",\"target\":[\"https:\/\/tranthi.vn\/hanoi\/cp-03\/\"]}]},{\"@type\":\"ImageObject\",\"inLanguage\":\"vi\",\"@id\":\"https:\/\/tranthi.vn\/hanoi\/cp-03\/#primaryimage\",\"url\":\"https:\/\/tranthi.vn\/hanoi\/wp-content\/uploads\/2021\/07\/cua-nhua-Composite-gia-re-tai-hue.jpg\",\"contentUrl\":\"https:\/\/tranthi.vn\/hanoi\/wp-content\/uploads\/2021\/07\/cua-nhua-Composite-gia-re-tai-hue.jpg\",\"width\":250,\"height\":250,\"caption\":\"c\u1eeda nh\u1ef1a Composite gi\u00e1 r\u1ebb t\u1ea1i hu\u1ebf\"},{\"@type\":\"BreadcrumbList\",\"@id\":\"https:\/\/tranthi.vn\/hanoi\/cp-03\/#breadcrumb\",\"itemListElement\":[{\"@type\":\"ListItem\",\"position\":1,\"name\":\"Trang ch\u1ee7\",\"item\":\"https:\/\/tranthi.vn\/hanoi\/\"},{\"@type\":\"ListItem\",\"position\":2,\"name\":\"Shop\",\"item\":\"https:\/\/tranthi.vn\/hanoi\/shop\/\"},{\"@type\":\"ListItem\",\"position\":3,\"name\":\"CP-03\"}]},{\"@type\":\"WebSite\",\"@id\":\"https:\/\/tranthi.vn\/hanoi\/#website\",\"url\":\"https:\/\/tranthi.vn\/hanoi\/\",\"name\":\"V\u1eadt Li\u1ec7u X\u00e2y D\u1ef1ng Tr\u1ea7n Th\u1ecb Chi Nh\u00e1nh H\u00e0 N\u1ed9i\",\"description\":\"V\u1eadt Li\u1ec7u X\u00e2y D\u1ef1ng - H\u00e0 N\u1ed9i\",\"potentialAction\":[{\"@type\":\"SearchAction\",\"target\":{\"@type\":\"EntryPoint\",\"urlTemplate\":\"https:\/\/tranthi.vn\/hanoi\/?s={search_term_string}\"},\"query-input\":{\"@type\":\"PropertyValueSpecification\",\"valueRequired\":true,\"valueName\":\"search_term_string\"}}],\"inLanguage\":\"vi\"},{\"@type\":\"ImageObject\",\"inLanguage\":\"vi\",\"@id\":\"https:\/\/tranthi.vn\/hanoi\/cp-03\/#local-main-organization-logo\",\"url\":\"\",\"contentUrl\":\"\",\"caption\":\"V\u1eadt Li\u1ec7u X\u00e2y D\u1ef1ng Tr\u1ea7n Th\u1ecb Chi Nh\u00e1nh H\u00e0 N\u1ed9i\"}]}<\/script>\n<meta property=\"product:price:amount\" content=\"3650000\" \/>\n<meta property=\"product:price:currency\" content=\"VND\" \/>\n<meta property=\"og:availability\" content=\"instock\" \/>\n<meta property=\"product:availability\" content=\"instock\" \/>\n<meta property=\"product:condition\" content=\"new\" \/>\n<!-- \/ Yoast SEO Premium plugin. -->","yoast_head_json":{"title":"CP-03 - V\u1eadt Li\u1ec7u X\u00e2y D\u1ef1ng Tr\u1ea7n Th\u1ecb Chi Nh\u00e1nh H\u00e0 N\u1ed9i","robots":{"index":"index","follow":"follow","max-snippet":"max-snippet:-1","max-image-preview":"max-image-preview:large","max-video-preview":"max-video-preview:-1"},"canonical":"https:\/\/tranthi.vn\/hanoi\/cp-03\/","og_locale":"vi_VN","og_type":"article","og_title":"CP-03","og_description":"\u2666 Giao h\u00e0ng trong \u0111\u1ecba b\u00e0n Hu\u1ebf  \u2666 \u00a0\u0110\u01a1n v\u1ecb t\u00ednh: b\u1ed9  \u2666 \u00a0\u0110\u01a1n gi\u00e1\u00a0\u00a0c\u1eeda nh\u1ef1a composite m\u1eabu d\u00e1n   \u00a0 \u00a0\u00a0K\u00edch th\u01b0\u1edbc: 800 x 2200 = 3.650.000\/ b\u1ed9\u00a0 \u00a0 \u00a0 K\u00edch th\u01b0\u1edbc: 900 x 2200 =\u00a0 3.750.000\/ b\u1ed9\u00a0 \u00a0 \u00a0 kich th\u01b0\u1edbc: 900 x 2400 =\u00a0 3.800.000\/ b\u1ed9\u00a0  \u2666 \u00a0Gi\u00e1 tr\u00ean \u00e1p d\u1ee5ng cho t\u1eeb 3 b\u1ed9 tr\u1edf l\u00ean  \u2666 \u00a0Gi\u00e1 ch\u01b0a bao g\u1ed3m \u1ed5 kh\u00f3a v\u00e0 h\u1ecda ti\u1ebft\u00a0  \u2666\u00a0 \u0110\u00e3 bao g\u1ed3m ph\u00ed v\u1eadn chuy\u1ec3n v\u00e0 l\u1eafp \u0111\u1eb7t  \u2666\u00a0 B\u1ea3o h\u00e0nh 5 n\u0103m b\u1ea3o tr\u00ec tr\u1ecdn v\u00f2ng \u0111\u1eddi s\u1ea3n ph\u1ea9m","og_url":"https:\/\/tranthi.vn\/hanoi\/cp-03\/","og_site_name":"V\u1eadt Li\u1ec7u X\u00e2y D\u1ef1ng Tr\u1ea7n Th\u1ecb Chi Nh\u00e1nh H\u00e0 N\u1ed9i","article_modified_time":"2022-09-12T10:33:09+00:00","og_image":[{"width":250,"height":250,"url":"https:\/\/tranthi.vn\/hanoi\/wp-content\/uploads\/2021\/07\/cua-nhua-Composite-gia-re-tai-hue.jpg","type":"image\/jpeg"}],"twitter_card":"summary_large_image","twitter_misc":{"Gi\u00e1":"3,650,000&nbsp;&#8363;","Kh\u1ea3 d\u1ee5ng":"Trong kho"},"schema":{"@context":"https:\/\/schema.org","@graph":[{"@type":["WebPage","ItemPage"],"@id":"https:\/\/tranthi.vn\/hanoi\/cp-03\/","url":"https:\/\/tranthi.vn\/hanoi\/cp-03\/","name":"CP-03 - V\u1eadt Li\u1ec7u X\u00e2y D\u1ef1ng Tr\u1ea7n Th\u1ecb Chi Nh\u00e1nh H\u00e0 N\u1ed9i","isPartOf":{"@id":"https:\/\/tranthi.vn\/hanoi\/#website"},"primaryImageOfPage":{"@id":"https:\/\/tranthi.vn\/hanoi\/cp-03\/#primaryimage"},"image":{"@id":"https:\/\/tranthi.vn\/hanoi\/cp-03\/#primaryimage"},"thumbnailUrl":"https:\/\/tranthi.vn\/hanoi\/wp-content\/uploads\/2021\/07\/cua-nhua-Composite-gia-re-tai-hue.jpg","datePublished":"2021-06-15T02:11:48+00:00","dateModified":"2022-09-12T10:33:09+00:00","breadcrumb":{"@id":"https:\/\/tranthi.vn\/hanoi\/cp-03\/#breadcrumb"},"inLanguage":"vi","potentialAction":[{"@type":"ReadAction","target":["https:\/\/tranthi.vn\/hanoi\/cp-03\/"]}]},{"@type":"ImageObject","inLanguage":"vi","@id":"https:\/\/tranthi.vn\/hanoi\/cp-03\/#primaryimage","url":"https:\/\/tranthi.vn\/hanoi\/wp-content\/uploads\/2021\/07\/cua-nhua-Composite-gia-re-tai-hue.jpg","contentUrl":"https:\/\/tranthi.vn\/hanoi\/wp-content\/uploads\/2021\/07\/cua-nhua-Composite-gia-re-tai-hue.jpg","width":250,"height":250,"caption":"c\u1eeda nh\u1ef1a Composite gi\u00e1 r\u1ebb t\u1ea1i hu\u1ebf"},{"@type":"BreadcrumbList","@id":"https:\/\/tranthi.vn\/hanoi\/cp-03\/#breadcrumb","itemListElement":[{"@type":"ListItem","position":1,"name":"Trang ch\u1ee7","item":"https:\/\/tranthi.vn\/hanoi\/"},{"@type":"ListItem","position":2,"name":"Shop","item":"https:\/\/tranthi.vn\/hanoi\/shop\/"},{"@type":"ListItem","position":3,"name":"CP-03"}]},{"@type":"WebSite","@id":"https:\/\/tranthi.vn\/hanoi\/#website","url":"https:\/\/tranthi.vn\/hanoi\/","name":"V\u1eadt Li\u1ec7u X\u00e2y D\u1ef1ng Tr\u1ea7n Th\u1ecb Chi Nh\u00e1nh H\u00e0 N\u1ed9i","description":"V\u1eadt Li\u1ec7u X\u00e2y D\u1ef1ng - H\u00e0 N\u1ed9i","potentialAction":[{"@type":"SearchAction","target":{"@type":"EntryPoint","urlTemplate":"https:\/\/tranthi.vn\/hanoi\/?s={search_term_string}"},"query-input":{"@type":"PropertyValueSpecification","valueRequired":true,"valueName":"search_term_string"}}],"inLanguage":"vi"},{"@type":"ImageObject","inLanguage":"vi","@id":"https:\/\/tranthi.vn\/hanoi\/cp-03\/#local-main-organization-logo","url":"","contentUrl":"","caption":"V\u1eadt Li\u1ec7u X\u00e2y D\u1ef1ng Tr\u1ea7n Th\u1ecb Chi Nh\u00e1nh H\u00e0 N\u1ed9i"}]},"product_price_amount":"3650000","product_price_currency":"VND","og_availability":"instock","product_availability":"instock","product_condition":"new"},"_links":{"self":[{"href":"https:\/\/tranthi.vn\/hanoi\/wp-json\/wp\/v2\/product\/3311","targetHints":{"allow":["GET"]}}],"collection":[{"href":"https:\/\/tranthi.vn\/hanoi\/wp-json\/wp\/v2\/product"}],"about":[{"href":"https:\/\/tranthi.vn\/hanoi\/wp-json\/wp\/v2\/types\/product"}],"replies":[{"embeddable":true,"href":"https:\/\/tranthi.vn\/hanoi\/wp-json\/wp\/v2\/comments?post=3311"}],"wp:featuredmedia":[{"embeddable":true,"href":"https:\/\/tranthi.vn\/hanoi\/wp-json\/wp\/v2\/media\/5253"}],"wp:attachment":[{"href":"https:\/\/tranthi.vn\/hanoi\/wp-json\/wp\/v2\/media?parent=3311"}],"wp:term":[{"taxonomy":"product_cat","embeddable":true,"href":"https:\/\/tranthi.vn\/hanoi\/wp-json\/wp\/v2\/product_cat?post=3311"},{"taxonomy":"product_tag","embeddable":true,"href":"https:\/\/tranthi.vn\/hanoi\/wp-json\/wp\/v2\/product_tag?post=3311"}],"curies":[{"name":"wp","href":"https:\/\/api.w.org\/{rel}","templated":true}]}}