{"id":3297,"date":"2021-06-14T15:39:04","date_gmt":"2021-06-14T08:39:04","guid":{"rendered":"https:\/\/tranthi.vn\/?post_type=product&#038;p=3297"},"modified":"2022-03-16T15:09:35","modified_gmt":"2022-03-16T08:09:35","slug":"lavabo-treo-tuong-goc-vuong-tai-hue","status":"publish","type":"product","link":"https:\/\/tranthi.vn\/hanoi\/lavabo-treo-tuong-goc-vuong-tai-hue\/","title":{"rendered":"Lavabo g\u00f3c t\u01b0\u1eddng ( \u0110\u1eb7t tr\u01b0\u1edbc)"},"content":{"rendered":"","protected":false},"excerpt":{"rendered":"<ul>\n<li><span style=\"font-family: 'times new roman', times, serif; font-size: 130%;\">\ud83d\ude1b Gi\u00e1 ch\u01b0a bao g\u1ed3m ph\u1ee5 ki\u1ec7n<\/span><\/li>\n<li><span style=\"font-family: 'times new roman', times, serif; font-size: 130%;\">\ud83d\ude1b Hai c\u00e1i tr\u1edf l\u00ean mi\u1ec5n ph\u00ed Ship trong Tp Hu\u1ebf<\/span><\/li>\n<li><span style=\"font-family: 'times new roman', times, serif; font-size: 130%;\">\ud83d\ude1b Giao h\u00e0ng \u1edf c\u00e1c huy\u1ec7n kh\u00e1c ( ph\u00ed Ship t\u00f9y thu\u1ed9c v\u00e0o xa hay g\u1ea7n )<\/span><\/li>\n<li><span style=\"font-family: 'times new roman', times, serif; font-size: 130%;\">\ud83d\ude1b K\u00edch th\u01b0\u1edbc : 51cm x 44cm<\/span><\/li>\n<li><span style=\"font-family: 'times new roman', times, serif; font-size: 130%;\">\ud83d\ude1b Ph\u1ee5 ki\u1ec7n \u0111i k\u00e8m g\u1ed3m b\u00e1ch, v\u00edt, \u1ed1ng x\u1ea3, sen v\u00f2i.<\/span><\/li>\n<\/ul>\n","protected":false},"featured_media":3298,"comment_status":"closed","ping_status":"closed","template":"","meta":[],"product_cat":[273],"product_tag":[315],"class_list":{"0":"post-3297","1":"product","2":"type-product","3":"status-publish","4":"has-post-thumbnail","6":"product_cat-lavabo-trang-su-treo-tuong","7":"product_tag-lavabo-treo-tuong-goc-vuong-tai-hue","9":"first","10":"instock","11":"sale","12":"shipping-taxable","13":"purchasable","14":"product-type-simple"},"yoast_head":"<!-- This site is optimized with the Yoast SEO Premium plugin v22.3 (Yoast SEO v23.7) - https:\/\/yoast.com\/wordpress\/plugins\/seo\/ -->\n<title>Gi\u00e1 Lavabo treo t\u01b0\u1eddng g\u00f3c vu\u00f4ng Hu\u1ebf - 0903 595 049<\/title>\n<meta name=\"description\" content=\"Ph\u00f2ng t\u1eafm nh\u00e0 b\u1ea1n b\u1ecb h\u1eb9p th\u00ec Lavabo treo g\u00f3c t\u01b0\u1eddng l\u00e0 gi\u1ea3i ph\u00e1p \u0111\u1ec3 c\u0103n ph\u00f2ng tr\u1edf n\u00ean r\u1ed9ng r\u00e3i. Ch\u00fang t\u00f4i mi\u1ec5n ph\u00ed Ship t\u1eeb &gt;2 c\u00e1i t\u1ea1i TP Hu\u1ebf\" \/>\n<meta name=\"robots\" content=\"index, follow, max-snippet:-1, max-image-preview:large, max-video-preview:-1\" \/>\n<link rel=\"canonical\" href=\"https:\/\/tranthi.vn\/hanoi\/lavabo-treo-tuong-goc-vuong-tai-hue\/\" \/>\n<meta property=\"og:locale\" content=\"vi_VN\" \/>\n<meta property=\"og:type\" content=\"article\" \/>\n<meta property=\"og:title\" content=\"Lavabo g\u00f3c t\u01b0\u1eddng ( \u0110\u1eb7t tr\u01b0\u1edbc)\" \/>\n<meta property=\"og:description\" content=\"Ph\u00f2ng t\u1eafm nh\u00e0 b\u1ea1n b\u1ecb h\u1eb9p th\u00ec Lavabo treo g\u00f3c t\u01b0\u1eddng l\u00e0 gi\u1ea3i ph\u00e1p \u0111\u1ec3 c\u0103n ph\u00f2ng tr\u1edf n\u00ean r\u1ed9ng r\u00e3i. Ch\u00fang t\u00f4i mi\u1ec5n ph\u00ed Ship t\u1eeb &gt;2 c\u00e1i t\u1ea1i TP Hu\u1ebf\" \/>\n<meta property=\"og:url\" content=\"https:\/\/tranthi.vn\/hanoi\/lavabo-treo-tuong-goc-vuong-tai-hue\/\" \/>\n<meta property=\"og:site_name\" content=\"V\u1eadt Li\u1ec7u X\u00e2y D\u1ef1ng Tr\u1ea7n Th\u1ecb Chi Nh\u00e1nh H\u00e0 N\u1ed9i\" \/>\n<meta property=\"article:modified_time\" content=\"2022-03-16T08:09:35+00:00\" \/>\n<meta property=\"og:image\" content=\"https:\/\/tranthi.vn\/hanoi\/wp-content\/uploads\/2021\/06\/lavabo-goc-tuong_optimized.jpg\" \/>\n\t<meta property=\"og:image:width\" content=\"270\" \/>\n\t<meta property=\"og:image:height\" content=\"264\" \/>\n\t<meta property=\"og:image:type\" content=\"image\/jpeg\" \/>\n<meta name=\"twitter:card\" content=\"summary_large_image\" \/>\n<meta name=\"twitter:label1\" content=\"Gi\u00e1\" \/>\n\t<meta name=\"twitter:data1\" content=\"225,000&nbsp;&#8363;\" \/>\n\t<meta name=\"twitter:label2\" content=\"Kh\u1ea3 d\u1ee5ng\" \/>\n\t<meta name=\"twitter:data2\" content=\"Trong kho\" \/>\n<script type=\"application\/ld+json\" class=\"yoast-schema-graph\">{\"@context\":\"https:\/\/schema.org\",\"@graph\":[{\"@type\":[\"WebPage\",\"ItemPage\"],\"@id\":\"https:\/\/tranthi.vn\/hanoi\/lavabo-treo-tuong-goc-vuong-tai-hue\/\",\"url\":\"https:\/\/tranthi.vn\/hanoi\/lavabo-treo-tuong-goc-vuong-tai-hue\/\",\"name\":\"Gi\u00e1 Lavabo treo t\u01b0\u1eddng g\u00f3c vu\u00f4ng Hu\u1ebf - 0903 595 049\",\"isPartOf\":{\"@id\":\"https:\/\/tranthi.vn\/hanoi\/#website\"},\"primaryImageOfPage\":{\"@id\":\"https:\/\/tranthi.vn\/hanoi\/lavabo-treo-tuong-goc-vuong-tai-hue\/#primaryimage\"},\"image\":{\"@id\":\"https:\/\/tranthi.vn\/hanoi\/lavabo-treo-tuong-goc-vuong-tai-hue\/#primaryimage\"},\"thumbnailUrl\":\"https:\/\/tranthi.vn\/hanoi\/wp-content\/uploads\/2021\/06\/lavabo-goc-tuong_optimized.jpg\",\"datePublished\":\"2021-06-14T08:39:04+00:00\",\"dateModified\":\"2022-03-16T08:09:35+00:00\",\"description\":\"Ph\u00f2ng t\u1eafm nh\u00e0 b\u1ea1n b\u1ecb h\u1eb9p th\u00ec Lavabo treo g\u00f3c t\u01b0\u1eddng l\u00e0 gi\u1ea3i ph\u00e1p \u0111\u1ec3 c\u0103n ph\u00f2ng tr\u1edf n\u00ean r\u1ed9ng r\u00e3i. Ch\u00fang t\u00f4i mi\u1ec5n ph\u00ed Ship t\u1eeb >2 c\u00e1i t\u1ea1i TP Hu\u1ebf\",\"breadcrumb\":{\"@id\":\"https:\/\/tranthi.vn\/hanoi\/lavabo-treo-tuong-goc-vuong-tai-hue\/#breadcrumb\"},\"inLanguage\":\"vi\",\"potentialAction\":[{\"@type\":\"ReadAction\",\"target\":[\"https:\/\/tranthi.vn\/hanoi\/lavabo-treo-tuong-goc-vuong-tai-hue\/\"]}]},{\"@type\":\"ImageObject\",\"inLanguage\":\"vi\",\"@id\":\"https:\/\/tranthi.vn\/hanoi\/lavabo-treo-tuong-goc-vuong-tai-hue\/#primaryimage\",\"url\":\"https:\/\/tranthi.vn\/hanoi\/wp-content\/uploads\/2021\/06\/lavabo-goc-tuong_optimized.jpg\",\"contentUrl\":\"https:\/\/tranthi.vn\/hanoi\/wp-content\/uploads\/2021\/06\/lavabo-goc-tuong_optimized.jpg\",\"width\":270,\"height\":264},{\"@type\":\"BreadcrumbList\",\"@id\":\"https:\/\/tranthi.vn\/hanoi\/lavabo-treo-tuong-goc-vuong-tai-hue\/#breadcrumb\",\"itemListElement\":[{\"@type\":\"ListItem\",\"position\":1,\"name\":\"Trang ch\u1ee7\",\"item\":\"https:\/\/tranthi.vn\/hanoi\/\"},{\"@type\":\"ListItem\",\"position\":2,\"name\":\"Shop\",\"item\":\"https:\/\/tranthi.vn\/hanoi\/shop\/\"},{\"@type\":\"ListItem\",\"position\":3,\"name\":\"Lavabo g\u00f3c t\u01b0\u1eddng ( \u0110\u1eb7t tr\u01b0\u1edbc)\"}]},{\"@type\":\"WebSite\",\"@id\":\"https:\/\/tranthi.vn\/hanoi\/#website\",\"url\":\"https:\/\/tranthi.vn\/hanoi\/\",\"name\":\"V\u1eadt Li\u1ec7u X\u00e2y D\u1ef1ng Tr\u1ea7n Th\u1ecb Chi Nh\u00e1nh H\u00e0 N\u1ed9i\",\"description\":\"V\u1eadt Li\u1ec7u X\u00e2y D\u1ef1ng - H\u00e0 N\u1ed9i\",\"potentialAction\":[{\"@type\":\"SearchAction\",\"target\":{\"@type\":\"EntryPoint\",\"urlTemplate\":\"https:\/\/tranthi.vn\/hanoi\/?s={search_term_string}\"},\"query-input\":{\"@type\":\"PropertyValueSpecification\",\"valueRequired\":true,\"valueName\":\"search_term_string\"}}],\"inLanguage\":\"vi\"},{\"@type\":\"ImageObject\",\"inLanguage\":\"vi\",\"@id\":\"https:\/\/tranthi.vn\/hanoi\/lavabo-treo-tuong-goc-vuong-tai-hue\/#local-main-organization-logo\",\"url\":\"\",\"contentUrl\":\"\",\"caption\":\"V\u1eadt Li\u1ec7u X\u00e2y D\u1ef1ng Tr\u1ea7n Th\u1ecb Chi Nh\u00e1nh H\u00e0 N\u1ed9i\"}]}<\/script>\n<meta property=\"product:price:amount\" content=\"225000\" \/>\n<meta property=\"product:price:currency\" content=\"VND\" \/>\n<meta property=\"og:availability\" content=\"instock\" \/>\n<meta property=\"product:availability\" content=\"instock\" \/>\n<meta property=\"product:condition\" content=\"new\" \/>\n<!-- \/ Yoast SEO Premium plugin. -->","yoast_head_json":{"title":"Gi\u00e1 Lavabo treo t\u01b0\u1eddng g\u00f3c vu\u00f4ng Hu\u1ebf - 0903 595 049","description":"Ph\u00f2ng t\u1eafm nh\u00e0 b\u1ea1n b\u1ecb h\u1eb9p th\u00ec Lavabo treo g\u00f3c t\u01b0\u1eddng l\u00e0 gi\u1ea3i ph\u00e1p \u0111\u1ec3 c\u0103n ph\u00f2ng tr\u1edf n\u00ean r\u1ed9ng r\u00e3i. Ch\u00fang t\u00f4i mi\u1ec5n ph\u00ed Ship t\u1eeb >2 c\u00e1i t\u1ea1i TP Hu\u1ebf","robots":{"index":"index","follow":"follow","max-snippet":"max-snippet:-1","max-image-preview":"max-image-preview:large","max-video-preview":"max-video-preview:-1"},"canonical":"https:\/\/tranthi.vn\/hanoi\/lavabo-treo-tuong-goc-vuong-tai-hue\/","og_locale":"vi_VN","og_type":"article","og_title":"Lavabo g\u00f3c t\u01b0\u1eddng ( \u0110\u1eb7t tr\u01b0\u1edbc)","og_description":"Ph\u00f2ng t\u1eafm nh\u00e0 b\u1ea1n b\u1ecb h\u1eb9p th\u00ec Lavabo treo g\u00f3c t\u01b0\u1eddng l\u00e0 gi\u1ea3i ph\u00e1p \u0111\u1ec3 c\u0103n ph\u00f2ng tr\u1edf n\u00ean r\u1ed9ng r\u00e3i. Ch\u00fang t\u00f4i mi\u1ec5n ph\u00ed Ship t\u1eeb >2 c\u00e1i t\u1ea1i TP Hu\u1ebf","og_url":"https:\/\/tranthi.vn\/hanoi\/lavabo-treo-tuong-goc-vuong-tai-hue\/","og_site_name":"V\u1eadt Li\u1ec7u X\u00e2y D\u1ef1ng Tr\u1ea7n Th\u1ecb Chi Nh\u00e1nh H\u00e0 N\u1ed9i","article_modified_time":"2022-03-16T08:09:35+00:00","og_image":[{"width":270,"height":264,"url":"https:\/\/tranthi.vn\/hanoi\/wp-content\/uploads\/2021\/06\/lavabo-goc-tuong_optimized.jpg","type":"image\/jpeg"}],"twitter_card":"summary_large_image","twitter_misc":{"Gi\u00e1":"225,000&nbsp;&#8363;","Kh\u1ea3 d\u1ee5ng":"Trong kho"},"schema":{"@context":"https:\/\/schema.org","@graph":[{"@type":["WebPage","ItemPage"],"@id":"https:\/\/tranthi.vn\/hanoi\/lavabo-treo-tuong-goc-vuong-tai-hue\/","url":"https:\/\/tranthi.vn\/hanoi\/lavabo-treo-tuong-goc-vuong-tai-hue\/","name":"Gi\u00e1 Lavabo treo t\u01b0\u1eddng g\u00f3c vu\u00f4ng Hu\u1ebf - 0903 595 049","isPartOf":{"@id":"https:\/\/tranthi.vn\/hanoi\/#website"},"primaryImageOfPage":{"@id":"https:\/\/tranthi.vn\/hanoi\/lavabo-treo-tuong-goc-vuong-tai-hue\/#primaryimage"},"image":{"@id":"https:\/\/tranthi.vn\/hanoi\/lavabo-treo-tuong-goc-vuong-tai-hue\/#primaryimage"},"thumbnailUrl":"https:\/\/tranthi.vn\/hanoi\/wp-content\/uploads\/2021\/06\/lavabo-goc-tuong_optimized.jpg","datePublished":"2021-06-14T08:39:04+00:00","dateModified":"2022-03-16T08:09:35+00:00","description":"Ph\u00f2ng t\u1eafm nh\u00e0 b\u1ea1n b\u1ecb h\u1eb9p th\u00ec Lavabo treo g\u00f3c t\u01b0\u1eddng l\u00e0 gi\u1ea3i ph\u00e1p \u0111\u1ec3 c\u0103n ph\u00f2ng tr\u1edf n\u00ean r\u1ed9ng r\u00e3i. Ch\u00fang t\u00f4i mi\u1ec5n ph\u00ed Ship t\u1eeb >2 c\u00e1i t\u1ea1i TP Hu\u1ebf","breadcrumb":{"@id":"https:\/\/tranthi.vn\/hanoi\/lavabo-treo-tuong-goc-vuong-tai-hue\/#breadcrumb"},"inLanguage":"vi","potentialAction":[{"@type":"ReadAction","target":["https:\/\/tranthi.vn\/hanoi\/lavabo-treo-tuong-goc-vuong-tai-hue\/"]}]},{"@type":"ImageObject","inLanguage":"vi","@id":"https:\/\/tranthi.vn\/hanoi\/lavabo-treo-tuong-goc-vuong-tai-hue\/#primaryimage","url":"https:\/\/tranthi.vn\/hanoi\/wp-content\/uploads\/2021\/06\/lavabo-goc-tuong_optimized.jpg","contentUrl":"https:\/\/tranthi.vn\/hanoi\/wp-content\/uploads\/2021\/06\/lavabo-goc-tuong_optimized.jpg","width":270,"height":264},{"@type":"BreadcrumbList","@id":"https:\/\/tranthi.vn\/hanoi\/lavabo-treo-tuong-goc-vuong-tai-hue\/#breadcrumb","itemListElement":[{"@type":"ListItem","position":1,"name":"Trang ch\u1ee7","item":"https:\/\/tranthi.vn\/hanoi\/"},{"@type":"ListItem","position":2,"name":"Shop","item":"https:\/\/tranthi.vn\/hanoi\/shop\/"},{"@type":"ListItem","position":3,"name":"Lavabo g\u00f3c t\u01b0\u1eddng ( \u0110\u1eb7t tr\u01b0\u1edbc)"}]},{"@type":"WebSite","@id":"https:\/\/tranthi.vn\/hanoi\/#website","url":"https:\/\/tranthi.vn\/hanoi\/","name":"V\u1eadt Li\u1ec7u X\u00e2y D\u1ef1ng Tr\u1ea7n Th\u1ecb Chi Nh\u00e1nh H\u00e0 N\u1ed9i","description":"V\u1eadt Li\u1ec7u X\u00e2y D\u1ef1ng - H\u00e0 N\u1ed9i","potentialAction":[{"@type":"SearchAction","target":{"@type":"EntryPoint","urlTemplate":"https:\/\/tranthi.vn\/hanoi\/?s={search_term_string}"},"query-input":{"@type":"PropertyValueSpecification","valueRequired":true,"valueName":"search_term_string"}}],"inLanguage":"vi"},{"@type":"ImageObject","inLanguage":"vi","@id":"https:\/\/tranthi.vn\/hanoi\/lavabo-treo-tuong-goc-vuong-tai-hue\/#local-main-organization-logo","url":"","contentUrl":"","caption":"V\u1eadt Li\u1ec7u X\u00e2y D\u1ef1ng Tr\u1ea7n Th\u1ecb Chi Nh\u00e1nh H\u00e0 N\u1ed9i"}]},"product_price_amount":"225000","product_price_currency":"VND","og_availability":"instock","product_availability":"instock","product_condition":"new"},"_links":{"self":[{"href":"https:\/\/tranthi.vn\/hanoi\/wp-json\/wp\/v2\/product\/3297","targetHints":{"allow":["GET"]}}],"collection":[{"href":"https:\/\/tranthi.vn\/hanoi\/wp-json\/wp\/v2\/product"}],"about":[{"href":"https:\/\/tranthi.vn\/hanoi\/wp-json\/wp\/v2\/types\/product"}],"replies":[{"embeddable":true,"href":"https:\/\/tranthi.vn\/hanoi\/wp-json\/wp\/v2\/comments?post=3297"}],"wp:featuredmedia":[{"embeddable":true,"href":"https:\/\/tranthi.vn\/hanoi\/wp-json\/wp\/v2\/media\/3298"}],"wp:attachment":[{"href":"https:\/\/tranthi.vn\/hanoi\/wp-json\/wp\/v2\/media?parent=3297"}],"wp:term":[{"taxonomy":"product_cat","embeddable":true,"href":"https:\/\/tranthi.vn\/hanoi\/wp-json\/wp\/v2\/product_cat?post=3297"},{"taxonomy":"product_tag","embeddable":true,"href":"https:\/\/tranthi.vn\/hanoi\/wp-json\/wp\/v2\/product_tag?post=3297"}],"curies":[{"name":"wp","href":"https:\/\/api.w.org\/{rel}","templated":true}]}}