{"id":3295,"date":"2021-06-14T15:24:59","date_gmt":"2021-06-14T08:24:59","guid":{"rendered":"https:\/\/tranthi.vn\/?post_type=product&#038;p=3295"},"modified":"2022-03-16T17:06:41","modified_gmt":"2022-03-16T10:06:41","slug":"combo-lavabo-va-chan-treo-hue","status":"publish","type":"product","link":"https:\/\/tranthi.vn\/hanoi\/combo-lavabo-va-chan-treo-hue\/","title":{"rendered":"Lavabo k\u00e8m ch\u00e2n"},"content":{"rendered":"","protected":false},"excerpt":{"rendered":"<p>&nbsp;<\/p>\n<ul>\n<li><span style=\"font-family: 'times new roman', times, serif; font-size: 130%;\">\ud83d\ude1b Combo ch\u01b0a bao g\u1ed3m sen v\u00f2i<\/span><\/li>\n<li><span style=\"font-family: 'times new roman', times, serif; font-size: 130%;\">\ud83d\ude1b Mi\u1ec5n ph\u00ed v\u1eadn chuy\u1ec3n t\u1eeb 2 c\u00e1i tr\u1edf l\u00ean trong TP Hu\u1ebf<\/span><\/li>\n<li><span style=\"font-family: 'times new roman', times, serif; font-size: 130%;\">\ud83d\ude1b K\u00edch c\u1ee1 : 58 cm x 50 cm<\/span><\/li>\n<li><span style=\"font-family: 'times new roman', times, serif; font-size: 130%;\">\ud83d\ude1b Tr\u1ea7n Th\u1ecb nh\u1eadn giao h\u00e0ng \u1edf c\u00e1c huy\u1ec7n kh\u00e1c ( ph\u00ed Ship \u0111\u01b0\u1ee3c t\u00ednh t\u00f9y thu\u1ed9c v\u00e0o kho\u1ea3ng c\u00e1ch )<\/span><\/li>\n<\/ul>\n","protected":false},"featured_media":3873,"comment_status":"closed","ping_status":"closed","template":"","meta":[],"product_cat":[273],"product_tag":[316],"class_list":{"0":"post-3295","1":"product","2":"type-product","3":"status-publish","4":"has-post-thumbnail","6":"product_cat-lavabo-trang-su-treo-tuong","7":"product_tag-combo-lavabo-ket-hop-voi-chan-treo-tai-hue","9":"first","10":"instock","11":"sale","12":"shipping-taxable","13":"purchasable","14":"product-type-simple"},"yoast_head":"<!-- This site is optimized with the Yoast SEO Premium plugin v22.3 (Yoast SEO v23.7) - https:\/\/yoast.com\/wordpress\/plugins\/seo\/ -->\n<title>Gi\u00e1 Combo Lavabo v\u00e0 ch\u00e2n treo t\u1ea1i Hu\u1ebf - 0903 595 049<\/title>\n<meta name=\"description\" content=\"\u0110\u1ec3 t\u1ea1o s\u1ef1 g\u00f2n g\u00e0ng , th\u1ea9m m\u1ef9 cho nh\u00e0 v\u1ec7 sinh c\u1ee7a b\u1ea1n l\u00e0 s\u1ef1 k\u1ebft h\u1ee3p gi\u1eefa Lavabo v\u00e0 ch\u00e2n treo v\u1edbi thi\u1ebft k\u1ebf tinh t\u1ebf b\u00e1n t\u1ea1i Hu\u1ebf\" \/>\n<meta name=\"robots\" content=\"index, follow, max-snippet:-1, max-image-preview:large, max-video-preview:-1\" \/>\n<link rel=\"canonical\" href=\"https:\/\/tranthi.vn\/hanoi\/combo-lavabo-va-chan-treo-hue\/\" \/>\n<meta property=\"og:locale\" content=\"vi_VN\" \/>\n<meta property=\"og:type\" content=\"article\" \/>\n<meta property=\"og:title\" content=\"Lavabo k\u00e8m ch\u00e2n\" \/>\n<meta property=\"og:description\" content=\"\u0110\u1ec3 t\u1ea1o s\u1ef1 g\u00f2n g\u00e0ng , th\u1ea9m m\u1ef9 cho nh\u00e0 v\u1ec7 sinh c\u1ee7a b\u1ea1n l\u00e0 s\u1ef1 k\u1ebft h\u1ee3p gi\u1eefa Lavabo v\u00e0 ch\u00e2n treo v\u1edbi thi\u1ebft k\u1ebf tinh t\u1ebf b\u00e1n t\u1ea1i Hu\u1ebf\" \/>\n<meta property=\"og:url\" content=\"https:\/\/tranthi.vn\/hanoi\/combo-lavabo-va-chan-treo-hue\/\" \/>\n<meta property=\"og:site_name\" content=\"V\u1eadt Li\u1ec7u X\u00e2y D\u1ef1ng Tr\u1ea7n Th\u1ecb Chi Nh\u00e1nh H\u00e0 N\u1ed9i\" \/>\n<meta property=\"article:modified_time\" content=\"2022-03-16T10:06:41+00:00\" \/>\n<meta property=\"og:image\" content=\"https:\/\/tranthi.vn\/hanoi\/wp-content\/uploads\/2021\/06\/Combo-Lavabo-va-chan-treo-hue.jpg\" \/>\n\t<meta property=\"og:image:width\" content=\"250\" \/>\n\t<meta property=\"og:image:height\" content=\"250\" \/>\n\t<meta property=\"og:image:type\" content=\"image\/jpeg\" \/>\n<meta name=\"twitter:card\" content=\"summary_large_image\" \/>\n<meta name=\"twitter:label1\" content=\"Gi\u00e1\" \/>\n\t<meta name=\"twitter:data1\" content=\"450,000&nbsp;&#8363;\" \/>\n\t<meta name=\"twitter:label2\" content=\"Kh\u1ea3 d\u1ee5ng\" \/>\n\t<meta name=\"twitter:data2\" content=\"Trong kho\" \/>\n<script type=\"application\/ld+json\" class=\"yoast-schema-graph\">{\"@context\":\"https:\/\/schema.org\",\"@graph\":[{\"@type\":[\"WebPage\",\"ItemPage\"],\"@id\":\"https:\/\/tranthi.vn\/hanoi\/combo-lavabo-va-chan-treo-hue\/\",\"url\":\"https:\/\/tranthi.vn\/hanoi\/combo-lavabo-va-chan-treo-hue\/\",\"name\":\"Gi\u00e1 Combo Lavabo v\u00e0 ch\u00e2n treo t\u1ea1i Hu\u1ebf - 0903 595 049\",\"isPartOf\":{\"@id\":\"https:\/\/tranthi.vn\/hanoi\/#website\"},\"primaryImageOfPage\":{\"@id\":\"https:\/\/tranthi.vn\/hanoi\/combo-lavabo-va-chan-treo-hue\/#primaryimage\"},\"image\":{\"@id\":\"https:\/\/tranthi.vn\/hanoi\/combo-lavabo-va-chan-treo-hue\/#primaryimage\"},\"thumbnailUrl\":\"https:\/\/tranthi.vn\/hanoi\/wp-content\/uploads\/2021\/06\/Combo-Lavabo-va-chan-treo-hue.jpg\",\"datePublished\":\"2021-06-14T08:24:59+00:00\",\"dateModified\":\"2022-03-16T10:06:41+00:00\",\"description\":\"\u0110\u1ec3 t\u1ea1o s\u1ef1 g\u00f2n g\u00e0ng , th\u1ea9m m\u1ef9 cho nh\u00e0 v\u1ec7 sinh c\u1ee7a b\u1ea1n l\u00e0 s\u1ef1 k\u1ebft h\u1ee3p gi\u1eefa Lavabo v\u00e0 ch\u00e2n treo v\u1edbi thi\u1ebft k\u1ebf tinh t\u1ebf b\u00e1n t\u1ea1i Hu\u1ebf\",\"breadcrumb\":{\"@id\":\"https:\/\/tranthi.vn\/hanoi\/combo-lavabo-va-chan-treo-hue\/#breadcrumb\"},\"inLanguage\":\"vi\",\"potentialAction\":[{\"@type\":\"ReadAction\",\"target\":[\"https:\/\/tranthi.vn\/hanoi\/combo-lavabo-va-chan-treo-hue\/\"]}]},{\"@type\":\"ImageObject\",\"inLanguage\":\"vi\",\"@id\":\"https:\/\/tranthi.vn\/hanoi\/combo-lavabo-va-chan-treo-hue\/#primaryimage\",\"url\":\"https:\/\/tranthi.vn\/hanoi\/wp-content\/uploads\/2021\/06\/Combo-Lavabo-va-chan-treo-hue.jpg\",\"contentUrl\":\"https:\/\/tranthi.vn\/hanoi\/wp-content\/uploads\/2021\/06\/Combo-Lavabo-va-chan-treo-hue.jpg\",\"width\":250,\"height\":250,\"caption\":\"B\u1ed9 ch\u00e2n treo v\u00e0 lavabo t\u1ea1i Hu\u1ebf\"},{\"@type\":\"BreadcrumbList\",\"@id\":\"https:\/\/tranthi.vn\/hanoi\/combo-lavabo-va-chan-treo-hue\/#breadcrumb\",\"itemListElement\":[{\"@type\":\"ListItem\",\"position\":1,\"name\":\"Trang ch\u1ee7\",\"item\":\"https:\/\/tranthi.vn\/hanoi\/\"},{\"@type\":\"ListItem\",\"position\":2,\"name\":\"Shop\",\"item\":\"https:\/\/tranthi.vn\/hanoi\/shop\/\"},{\"@type\":\"ListItem\",\"position\":3,\"name\":\"Lavabo k\u00e8m ch\u00e2n\"}]},{\"@type\":\"WebSite\",\"@id\":\"https:\/\/tranthi.vn\/hanoi\/#website\",\"url\":\"https:\/\/tranthi.vn\/hanoi\/\",\"name\":\"V\u1eadt Li\u1ec7u X\u00e2y D\u1ef1ng Tr\u1ea7n Th\u1ecb Chi Nh\u00e1nh H\u00e0 N\u1ed9i\",\"description\":\"V\u1eadt Li\u1ec7u X\u00e2y D\u1ef1ng - H\u00e0 N\u1ed9i\",\"potentialAction\":[{\"@type\":\"SearchAction\",\"target\":{\"@type\":\"EntryPoint\",\"urlTemplate\":\"https:\/\/tranthi.vn\/hanoi\/?s={search_term_string}\"},\"query-input\":{\"@type\":\"PropertyValueSpecification\",\"valueRequired\":true,\"valueName\":\"search_term_string\"}}],\"inLanguage\":\"vi\"},{\"@type\":\"ImageObject\",\"inLanguage\":\"vi\",\"@id\":\"https:\/\/tranthi.vn\/hanoi\/combo-lavabo-va-chan-treo-hue\/#local-main-organization-logo\",\"url\":\"\",\"contentUrl\":\"\",\"caption\":\"V\u1eadt Li\u1ec7u X\u00e2y D\u1ef1ng Tr\u1ea7n Th\u1ecb Chi Nh\u00e1nh H\u00e0 N\u1ed9i\"}]}<\/script>\n<meta property=\"product:price:amount\" content=\"450000\" \/>\n<meta property=\"product:price:currency\" content=\"VND\" \/>\n<meta property=\"og:availability\" content=\"instock\" \/>\n<meta property=\"product:availability\" content=\"instock\" \/>\n<meta property=\"product:condition\" content=\"new\" \/>\n<!-- \/ Yoast SEO Premium plugin. -->","yoast_head_json":{"title":"Gi\u00e1 Combo Lavabo v\u00e0 ch\u00e2n treo t\u1ea1i Hu\u1ebf - 0903 595 049","description":"\u0110\u1ec3 t\u1ea1o s\u1ef1 g\u00f2n g\u00e0ng , th\u1ea9m m\u1ef9 cho nh\u00e0 v\u1ec7 sinh c\u1ee7a b\u1ea1n l\u00e0 s\u1ef1 k\u1ebft h\u1ee3p gi\u1eefa Lavabo v\u00e0 ch\u00e2n treo v\u1edbi thi\u1ebft k\u1ebf tinh t\u1ebf b\u00e1n t\u1ea1i Hu\u1ebf","robots":{"index":"index","follow":"follow","max-snippet":"max-snippet:-1","max-image-preview":"max-image-preview:large","max-video-preview":"max-video-preview:-1"},"canonical":"https:\/\/tranthi.vn\/hanoi\/combo-lavabo-va-chan-treo-hue\/","og_locale":"vi_VN","og_type":"article","og_title":"Lavabo k\u00e8m ch\u00e2n","og_description":"\u0110\u1ec3 t\u1ea1o s\u1ef1 g\u00f2n g\u00e0ng , th\u1ea9m m\u1ef9 cho nh\u00e0 v\u1ec7 sinh c\u1ee7a b\u1ea1n l\u00e0 s\u1ef1 k\u1ebft h\u1ee3p gi\u1eefa Lavabo v\u00e0 ch\u00e2n treo v\u1edbi thi\u1ebft k\u1ebf tinh t\u1ebf b\u00e1n t\u1ea1i Hu\u1ebf","og_url":"https:\/\/tranthi.vn\/hanoi\/combo-lavabo-va-chan-treo-hue\/","og_site_name":"V\u1eadt Li\u1ec7u X\u00e2y D\u1ef1ng Tr\u1ea7n Th\u1ecb Chi Nh\u00e1nh H\u00e0 N\u1ed9i","article_modified_time":"2022-03-16T10:06:41+00:00","og_image":[{"width":250,"height":250,"url":"https:\/\/tranthi.vn\/hanoi\/wp-content\/uploads\/2021\/06\/Combo-Lavabo-va-chan-treo-hue.jpg","type":"image\/jpeg"}],"twitter_card":"summary_large_image","twitter_misc":{"Gi\u00e1":"450,000&nbsp;&#8363;","Kh\u1ea3 d\u1ee5ng":"Trong kho"},"schema":{"@context":"https:\/\/schema.org","@graph":[{"@type":["WebPage","ItemPage"],"@id":"https:\/\/tranthi.vn\/hanoi\/combo-lavabo-va-chan-treo-hue\/","url":"https:\/\/tranthi.vn\/hanoi\/combo-lavabo-va-chan-treo-hue\/","name":"Gi\u00e1 Combo Lavabo v\u00e0 ch\u00e2n treo t\u1ea1i Hu\u1ebf - 0903 595 049","isPartOf":{"@id":"https:\/\/tranthi.vn\/hanoi\/#website"},"primaryImageOfPage":{"@id":"https:\/\/tranthi.vn\/hanoi\/combo-lavabo-va-chan-treo-hue\/#primaryimage"},"image":{"@id":"https:\/\/tranthi.vn\/hanoi\/combo-lavabo-va-chan-treo-hue\/#primaryimage"},"thumbnailUrl":"https:\/\/tranthi.vn\/hanoi\/wp-content\/uploads\/2021\/06\/Combo-Lavabo-va-chan-treo-hue.jpg","datePublished":"2021-06-14T08:24:59+00:00","dateModified":"2022-03-16T10:06:41+00:00","description":"\u0110\u1ec3 t\u1ea1o s\u1ef1 g\u00f2n g\u00e0ng , th\u1ea9m m\u1ef9 cho nh\u00e0 v\u1ec7 sinh c\u1ee7a b\u1ea1n l\u00e0 s\u1ef1 k\u1ebft h\u1ee3p gi\u1eefa Lavabo v\u00e0 ch\u00e2n treo v\u1edbi thi\u1ebft k\u1ebf tinh t\u1ebf b\u00e1n t\u1ea1i Hu\u1ebf","breadcrumb":{"@id":"https:\/\/tranthi.vn\/hanoi\/combo-lavabo-va-chan-treo-hue\/#breadcrumb"},"inLanguage":"vi","potentialAction":[{"@type":"ReadAction","target":["https:\/\/tranthi.vn\/hanoi\/combo-lavabo-va-chan-treo-hue\/"]}]},{"@type":"ImageObject","inLanguage":"vi","@id":"https:\/\/tranthi.vn\/hanoi\/combo-lavabo-va-chan-treo-hue\/#primaryimage","url":"https:\/\/tranthi.vn\/hanoi\/wp-content\/uploads\/2021\/06\/Combo-Lavabo-va-chan-treo-hue.jpg","contentUrl":"https:\/\/tranthi.vn\/hanoi\/wp-content\/uploads\/2021\/06\/Combo-Lavabo-va-chan-treo-hue.jpg","width":250,"height":250,"caption":"B\u1ed9 ch\u00e2n treo v\u00e0 lavabo t\u1ea1i Hu\u1ebf"},{"@type":"BreadcrumbList","@id":"https:\/\/tranthi.vn\/hanoi\/combo-lavabo-va-chan-treo-hue\/#breadcrumb","itemListElement":[{"@type":"ListItem","position":1,"name":"Trang ch\u1ee7","item":"https:\/\/tranthi.vn\/hanoi\/"},{"@type":"ListItem","position":2,"name":"Shop","item":"https:\/\/tranthi.vn\/hanoi\/shop\/"},{"@type":"ListItem","position":3,"name":"Lavabo k\u00e8m ch\u00e2n"}]},{"@type":"WebSite","@id":"https:\/\/tranthi.vn\/hanoi\/#website","url":"https:\/\/tranthi.vn\/hanoi\/","name":"V\u1eadt Li\u1ec7u X\u00e2y D\u1ef1ng Tr\u1ea7n Th\u1ecb Chi Nh\u00e1nh H\u00e0 N\u1ed9i","description":"V\u1eadt Li\u1ec7u X\u00e2y D\u1ef1ng - H\u00e0 N\u1ed9i","potentialAction":[{"@type":"SearchAction","target":{"@type":"EntryPoint","urlTemplate":"https:\/\/tranthi.vn\/hanoi\/?s={search_term_string}"},"query-input":{"@type":"PropertyValueSpecification","valueRequired":true,"valueName":"search_term_string"}}],"inLanguage":"vi"},{"@type":"ImageObject","inLanguage":"vi","@id":"https:\/\/tranthi.vn\/hanoi\/combo-lavabo-va-chan-treo-hue\/#local-main-organization-logo","url":"","contentUrl":"","caption":"V\u1eadt Li\u1ec7u X\u00e2y D\u1ef1ng Tr\u1ea7n Th\u1ecb Chi Nh\u00e1nh H\u00e0 N\u1ed9i"}]},"product_price_amount":"450000","product_price_currency":"VND","og_availability":"instock","product_availability":"instock","product_condition":"new"},"_links":{"self":[{"href":"https:\/\/tranthi.vn\/hanoi\/wp-json\/wp\/v2\/product\/3295","targetHints":{"allow":["GET"]}}],"collection":[{"href":"https:\/\/tranthi.vn\/hanoi\/wp-json\/wp\/v2\/product"}],"about":[{"href":"https:\/\/tranthi.vn\/hanoi\/wp-json\/wp\/v2\/types\/product"}],"replies":[{"embeddable":true,"href":"https:\/\/tranthi.vn\/hanoi\/wp-json\/wp\/v2\/comments?post=3295"}],"wp:featuredmedia":[{"embeddable":true,"href":"https:\/\/tranthi.vn\/hanoi\/wp-json\/wp\/v2\/media\/3873"}],"wp:attachment":[{"href":"https:\/\/tranthi.vn\/hanoi\/wp-json\/wp\/v2\/media?parent=3295"}],"wp:term":[{"taxonomy":"product_cat","embeddable":true,"href":"https:\/\/tranthi.vn\/hanoi\/wp-json\/wp\/v2\/product_cat?post=3295"},{"taxonomy":"product_tag","embeddable":true,"href":"https:\/\/tranthi.vn\/hanoi\/wp-json\/wp\/v2\/product_tag?post=3295"}],"curies":[{"name":"wp","href":"https:\/\/api.w.org\/{rel}","templated":true}]}}