{"id":2345,"date":"2021-03-02T09:36:35","date_gmt":"2021-03-02T02:36:35","guid":{"rendered":"https:\/\/tranthi.vn\/?post_type=product&#038;p=2345"},"modified":"2022-10-05T16:55:08","modified_gmt":"2022-10-05T09:55:08","slug":"san-hem-khoa-m803-4mm","status":"publish","type":"product","link":"https:\/\/tranthi.vn\/hanoi\/san-hem-khoa-m803-4mm\/","title":{"rendered":"S\u00e0n H\u00e8m Kh\u00f3a T412"},"content":{"rendered":"","protected":false},"excerpt":{"rendered":"<p><span style=\"font-family: 'times new roman', times, serif;\"><img loading=\"lazy\" decoding=\"async\" src=\"https:\/\/static.xx.fbcdn.net\/images\/emoji.php\/v9\/t87\/1\/16\/1f340.png\" alt=\"\ud83c\udf40\" width=\"16\" height=\"16\" \/><span style=\"font-size: 130%;\">\u00a0K\u00edch th\u01b0\u1edbc: 940x152x4cm<\/span><\/span><\/p>\n<p><span style=\"font-family: 'times new roman', times, serif; font-size: 130%;\"><img loading=\"lazy\" decoding=\"async\" src=\"https:\/\/static.xx.fbcdn.net\/images\/emoji.php\/v9\/t87\/1\/16\/1f340.png\" alt=\"\ud83c\udf40\" width=\"16\" height=\"16\" \/>\u00a0\u0110\u01a1n v\u1ecb t\u00ednh: m\u00e9t vu\u00f4ng<\/span><\/p>\n<p><span style=\"font-family: 'times new roman', times, serif; font-size: 130%;\"><img loading=\"lazy\" decoding=\"async\" src=\"https:\/\/static.xx.fbcdn.net\/images\/emoji.php\/v9\/t87\/1\/16\/1f340.png\" alt=\"\ud83c\udf40\" width=\"16\" height=\"16\" \/>\u00a0\u0110\u01a1n gi\u00e1:\u00a0<span style=\"color: #ff0000;\"><strong>240.000\u0111\/m2<\/strong><\/span><\/span><\/p>\n<p><span style=\"font-family: 'times new roman', times, serif; font-size: 130%;\"><img loading=\"lazy\" decoding=\"async\" src=\"https:\/\/static.xx.fbcdn.net\/images\/emoji.php\/v9\/t87\/1\/16\/1f340.png\" alt=\"\ud83c\udf40\" width=\"16\" height=\"16\" \/>\u00a0Nh\u1eadn thi c\u00f4ng:\u00a0<span style=\"color: #ff0000;\"><strong>40.000\u0111\/m2<\/strong><\/span><\/span><\/p>\n<p><span style=\"font-family: 'times new roman', times, serif; font-size: 130%;\"><img loading=\"lazy\" decoding=\"async\" src=\"https:\/\/static.xx.fbcdn.net\/images\/emoji.php\/v9\/t87\/1\/16\/1f340.png\" alt=\"\ud83c\udf40\" width=\"16\" height=\"16\" \/>\u00a0 Th\u01b0\u01a1ng hi\u1ec7u: Tep Flor \u2013 Trung Qu\u1ed1c<\/span><\/p>\n<p><span style=\"font-family: 'times new roman', times, serif; font-size: 130%;\"><img loading=\"lazy\" decoding=\"async\" src=\"https:\/\/static.xx.fbcdn.net\/images\/emoji.php\/v9\/t87\/1\/16\/1f340.png\" alt=\"\ud83c\udf40\" width=\"16\" height=\"16\" \/>\u00a0Gi\u00e1 tr\u00ean \u00e1p d\u1ee5ng cho \u0111\u01a1n h\u00e0ng tr\u00ean 40 m2\u00a0<\/span><\/p>\n<p><span style=\"font-family: 'times new roman', times, serif; font-size: 130%;\"><img loading=\"lazy\" decoding=\"async\" src=\"https:\/\/static.xx.fbcdn.net\/images\/emoji.php\/v9\/t87\/1\/16\/1f340.png\" alt=\"\ud83c\udf40\" width=\"16\" height=\"16\" \/>\u00a0B\u1ea3o h\u00e0nh s\u00e0n nh\u1ef1a l\u00ean \u0111\u1ebfn 10 n\u0103m v\u00e0 b\u1ea3o tr\u00ec tr\u1ecdn v\u00f2ng \u0111\u1eddi s\u1ea3n ph\u1ea9m<\/span><\/p>\n<p><span style=\"font-family: 'times new roman', times, serif; font-size: 130%;\"><img loading=\"lazy\" decoding=\"async\" src=\"https:\/\/static.xx.fbcdn.net\/images\/emoji.php\/v9\/t87\/1\/16\/1f340.png\" alt=\"\ud83c\udf40\" width=\"16\" height=\"16\" \/>\u00a0Tr\u1ea7n Th\u1ecb mi\u1ec5n ph\u00ed v\u1eadn chuy\u1ec3n \u0111\u01a1n h\u00e0ng trong TP Hu\u1ebf, ngo\u00e0i ra c\u00f2n giao h\u00e0ng \u0111\u1ebfn c\u00e1c huy\u1ec7n l\u00e2n c\u1eadn, ph\u00ed v\u1eadn chuy\u1ec3n \u0111\u01b0\u1ee3c t\u00ednh t\u00f9y thu\u1ed9c v\u00e0o v\u1ecb tr\u00ed xa hay g\u1ea7n<\/span><\/p>\n","protected":false},"featured_media":4751,"comment_status":"closed","ping_status":"closed","template":"","meta":[],"product_cat":[138,135],"product_tag":[803],"class_list":{"0":"post-2345","1":"product","2":"type-product","3":"status-publish","4":"has-post-thumbnail","6":"product_cat-san-nhua-hem-khoa","7":"product_cat-san-nhua-van-gia-go","8":"product_tag-san-hem-khoa-tai-hue-gia-re","10":"first","11":"instock","12":"sale","13":"shipping-taxable","14":"purchasable","15":"product-type-simple"},"yoast_head":"<!-- This site is optimized with the Yoast SEO Premium plugin v22.3 (Yoast SEO v23.7) - https:\/\/yoast.com\/wordpress\/plugins\/seo\/ -->\n<title>S\u00e0n H\u00e8m Kh\u00f3a T412 - V\u1eadt Li\u1ec7u X\u00e2y D\u1ef1ng Tr\u1ea7n Th\u1ecb Chi Nh\u00e1nh H\u00e0 N\u1ed9i<\/title>\n<meta name=\"robots\" content=\"index, follow, max-snippet:-1, max-image-preview:large, max-video-preview:-1\" \/>\n<link rel=\"canonical\" href=\"https:\/\/tranthi.vn\/hanoi\/san-hem-khoa-m803-4mm\/\" \/>\n<meta property=\"og:locale\" content=\"vi_VN\" \/>\n<meta property=\"og:type\" content=\"article\" \/>\n<meta property=\"og:title\" content=\"S\u00e0n H\u00e8m Kh\u00f3a T412\" \/>\n<meta property=\"og:description\" content=\"\u00a0K\u00edch th\u01b0\u1edbc: 940x152x4cm  \u00a0\u0110\u01a1n v\u1ecb t\u00ednh: m\u00e9t vu\u00f4ng  \u00a0\u0110\u01a1n gi\u00e1:\u00a0240.000\u0111\/m2  \u00a0Nh\u1eadn thi c\u00f4ng:\u00a040.000\u0111\/m2  \u00a0 Th\u01b0\u01a1ng hi\u1ec7u: Tep Flor \u2013 Trung Qu\u1ed1c  \u00a0Gi\u00e1 tr\u00ean \u00e1p d\u1ee5ng cho \u0111\u01a1n h\u00e0ng tr\u00ean 40 m2\u00a0  \u00a0B\u1ea3o h\u00e0nh s\u00e0n nh\u1ef1a l\u00ean \u0111\u1ebfn 10 n\u0103m v\u00e0 b\u1ea3o tr\u00ec tr\u1ecdn v\u00f2ng \u0111\u1eddi s\u1ea3n ph\u1ea9m  \u00a0Tr\u1ea7n Th\u1ecb mi\u1ec5n ph\u00ed v\u1eadn chuy\u1ec3n \u0111\u01a1n h\u00e0ng trong TP Hu\u1ebf, ngo\u00e0i ra c\u00f2n giao h\u00e0ng \u0111\u1ebfn c\u00e1c huy\u1ec7n l\u00e2n c\u1eadn, ph\u00ed v\u1eadn chuy\u1ec3n \u0111\u01b0\u1ee3c t\u00ednh t\u00f9y thu\u1ed9c v\u00e0o v\u1ecb tr\u00ed xa hay g\u1ea7n\" \/>\n<meta property=\"og:url\" content=\"https:\/\/tranthi.vn\/hanoi\/san-hem-khoa-m803-4mm\/\" \/>\n<meta property=\"og:site_name\" content=\"V\u1eadt Li\u1ec7u X\u00e2y D\u1ef1ng Tr\u1ea7n Th\u1ecb Chi Nh\u00e1nh H\u00e0 N\u1ed9i\" \/>\n<meta property=\"article:modified_time\" content=\"2022-10-05T09:55:08+00:00\" \/>\n<meta property=\"og:image\" content=\"https:\/\/tranthi.vn\/hanoi\/wp-content\/uploads\/2021\/03\/San-hem-khoa-tai-Hue-gia-re.jpg\" \/>\n\t<meta property=\"og:image:width\" content=\"250\" \/>\n\t<meta property=\"og:image:height\" content=\"250\" \/>\n\t<meta property=\"og:image:type\" content=\"image\/jpeg\" \/>\n<meta name=\"twitter:card\" content=\"summary_large_image\" \/>\n<meta name=\"twitter:label1\" content=\"Gi\u00e1\" \/>\n\t<meta name=\"twitter:data1\" content=\"240,000&nbsp;&#8363;\" \/>\n\t<meta name=\"twitter:label2\" content=\"Kh\u1ea3 d\u1ee5ng\" \/>\n\t<meta name=\"twitter:data2\" content=\"Trong kho\" \/>\n<script type=\"application\/ld+json\" class=\"yoast-schema-graph\">{\"@context\":\"https:\/\/schema.org\",\"@graph\":[{\"@type\":[\"WebPage\",\"ItemPage\"],\"@id\":\"https:\/\/tranthi.vn\/hanoi\/san-hem-khoa-m803-4mm\/\",\"url\":\"https:\/\/tranthi.vn\/hanoi\/san-hem-khoa-m803-4mm\/\",\"name\":\"S\u00e0n H\u00e8m Kh\u00f3a T412 - V\u1eadt Li\u1ec7u X\u00e2y D\u1ef1ng Tr\u1ea7n Th\u1ecb Chi Nh\u00e1nh H\u00e0 N\u1ed9i\",\"isPartOf\":{\"@id\":\"https:\/\/tranthi.vn\/hanoi\/#website\"},\"primaryImageOfPage\":{\"@id\":\"https:\/\/tranthi.vn\/hanoi\/san-hem-khoa-m803-4mm\/#primaryimage\"},\"image\":{\"@id\":\"https:\/\/tranthi.vn\/hanoi\/san-hem-khoa-m803-4mm\/#primaryimage\"},\"thumbnailUrl\":\"https:\/\/tranthi.vn\/hanoi\/wp-content\/uploads\/2021\/03\/San-hem-khoa-tai-Hue-gia-re.jpg\",\"datePublished\":\"2021-03-02T02:36:35+00:00\",\"dateModified\":\"2022-10-05T09:55:08+00:00\",\"breadcrumb\":{\"@id\":\"https:\/\/tranthi.vn\/hanoi\/san-hem-khoa-m803-4mm\/#breadcrumb\"},\"inLanguage\":\"vi\",\"potentialAction\":[{\"@type\":\"ReadAction\",\"target\":[\"https:\/\/tranthi.vn\/hanoi\/san-hem-khoa-m803-4mm\/\"]}]},{\"@type\":\"ImageObject\",\"inLanguage\":\"vi\",\"@id\":\"https:\/\/tranthi.vn\/hanoi\/san-hem-khoa-m803-4mm\/#primaryimage\",\"url\":\"https:\/\/tranthi.vn\/hanoi\/wp-content\/uploads\/2021\/03\/San-hem-khoa-tai-Hue-gia-re.jpg\",\"contentUrl\":\"https:\/\/tranthi.vn\/hanoi\/wp-content\/uploads\/2021\/03\/San-hem-khoa-tai-Hue-gia-re.jpg\",\"width\":250,\"height\":250,\"caption\":\"S\u00e0n h\u1ebbm kh\u00f3a t\u1ea1i Hu\u1ebf gi\u00e1 r\u1ebb\"},{\"@type\":\"BreadcrumbList\",\"@id\":\"https:\/\/tranthi.vn\/hanoi\/san-hem-khoa-m803-4mm\/#breadcrumb\",\"itemListElement\":[{\"@type\":\"ListItem\",\"position\":1,\"name\":\"Trang ch\u1ee7\",\"item\":\"https:\/\/tranthi.vn\/hanoi\/\"},{\"@type\":\"ListItem\",\"position\":2,\"name\":\"Shop\",\"item\":\"https:\/\/tranthi.vn\/hanoi\/shop\/\"},{\"@type\":\"ListItem\",\"position\":3,\"name\":\"S\u00e0n H\u00e8m Kh\u00f3a T412\"}]},{\"@type\":\"WebSite\",\"@id\":\"https:\/\/tranthi.vn\/hanoi\/#website\",\"url\":\"https:\/\/tranthi.vn\/hanoi\/\",\"name\":\"V\u1eadt Li\u1ec7u X\u00e2y D\u1ef1ng Tr\u1ea7n Th\u1ecb Chi Nh\u00e1nh H\u00e0 N\u1ed9i\",\"description\":\"V\u1eadt Li\u1ec7u X\u00e2y D\u1ef1ng - H\u00e0 N\u1ed9i\",\"potentialAction\":[{\"@type\":\"SearchAction\",\"target\":{\"@type\":\"EntryPoint\",\"urlTemplate\":\"https:\/\/tranthi.vn\/hanoi\/?s={search_term_string}\"},\"query-input\":{\"@type\":\"PropertyValueSpecification\",\"valueRequired\":true,\"valueName\":\"search_term_string\"}}],\"inLanguage\":\"vi\"},{\"@type\":\"ImageObject\",\"inLanguage\":\"vi\",\"@id\":\"https:\/\/tranthi.vn\/hanoi\/san-hem-khoa-m803-4mm\/#local-main-organization-logo\",\"url\":\"\",\"contentUrl\":\"\",\"caption\":\"V\u1eadt Li\u1ec7u X\u00e2y D\u1ef1ng Tr\u1ea7n Th\u1ecb Chi Nh\u00e1nh H\u00e0 N\u1ed9i\"}]}<\/script>\n<meta property=\"product:price:amount\" content=\"240000\" \/>\n<meta property=\"product:price:currency\" content=\"VND\" \/>\n<meta property=\"og:availability\" content=\"instock\" \/>\n<meta property=\"product:availability\" content=\"instock\" \/>\n<meta property=\"product:condition\" content=\"new\" \/>\n<!-- \/ Yoast SEO Premium plugin. -->","yoast_head_json":{"title":"S\u00e0n H\u00e8m Kh\u00f3a T412 - V\u1eadt Li\u1ec7u X\u00e2y D\u1ef1ng Tr\u1ea7n Th\u1ecb Chi Nh\u00e1nh H\u00e0 N\u1ed9i","robots":{"index":"index","follow":"follow","max-snippet":"max-snippet:-1","max-image-preview":"max-image-preview:large","max-video-preview":"max-video-preview:-1"},"canonical":"https:\/\/tranthi.vn\/hanoi\/san-hem-khoa-m803-4mm\/","og_locale":"vi_VN","og_type":"article","og_title":"S\u00e0n H\u00e8m Kh\u00f3a T412","og_description":"\u00a0K\u00edch th\u01b0\u1edbc: 940x152x4cm  \u00a0\u0110\u01a1n v\u1ecb t\u00ednh: m\u00e9t vu\u00f4ng  \u00a0\u0110\u01a1n gi\u00e1:\u00a0240.000\u0111\/m2  \u00a0Nh\u1eadn thi c\u00f4ng:\u00a040.000\u0111\/m2  \u00a0 Th\u01b0\u01a1ng hi\u1ec7u: Tep Flor \u2013 Trung Qu\u1ed1c  \u00a0Gi\u00e1 tr\u00ean \u00e1p d\u1ee5ng cho \u0111\u01a1n h\u00e0ng tr\u00ean 40 m2\u00a0  \u00a0B\u1ea3o h\u00e0nh s\u00e0n nh\u1ef1a l\u00ean \u0111\u1ebfn 10 n\u0103m v\u00e0 b\u1ea3o tr\u00ec tr\u1ecdn v\u00f2ng \u0111\u1eddi s\u1ea3n ph\u1ea9m  \u00a0Tr\u1ea7n Th\u1ecb mi\u1ec5n ph\u00ed v\u1eadn chuy\u1ec3n \u0111\u01a1n h\u00e0ng trong TP Hu\u1ebf, ngo\u00e0i ra c\u00f2n giao h\u00e0ng \u0111\u1ebfn c\u00e1c huy\u1ec7n l\u00e2n c\u1eadn, ph\u00ed v\u1eadn chuy\u1ec3n \u0111\u01b0\u1ee3c t\u00ednh t\u00f9y thu\u1ed9c v\u00e0o v\u1ecb tr\u00ed xa hay g\u1ea7n","og_url":"https:\/\/tranthi.vn\/hanoi\/san-hem-khoa-m803-4mm\/","og_site_name":"V\u1eadt Li\u1ec7u X\u00e2y D\u1ef1ng Tr\u1ea7n Th\u1ecb Chi Nh\u00e1nh H\u00e0 N\u1ed9i","article_modified_time":"2022-10-05T09:55:08+00:00","og_image":[{"width":250,"height":250,"url":"https:\/\/tranthi.vn\/hanoi\/wp-content\/uploads\/2021\/03\/San-hem-khoa-tai-Hue-gia-re.jpg","type":"image\/jpeg"}],"twitter_card":"summary_large_image","twitter_misc":{"Gi\u00e1":"240,000&nbsp;&#8363;","Kh\u1ea3 d\u1ee5ng":"Trong kho"},"schema":{"@context":"https:\/\/schema.org","@graph":[{"@type":["WebPage","ItemPage"],"@id":"https:\/\/tranthi.vn\/hanoi\/san-hem-khoa-m803-4mm\/","url":"https:\/\/tranthi.vn\/hanoi\/san-hem-khoa-m803-4mm\/","name":"S\u00e0n H\u00e8m Kh\u00f3a T412 - V\u1eadt Li\u1ec7u X\u00e2y D\u1ef1ng Tr\u1ea7n Th\u1ecb Chi Nh\u00e1nh H\u00e0 N\u1ed9i","isPartOf":{"@id":"https:\/\/tranthi.vn\/hanoi\/#website"},"primaryImageOfPage":{"@id":"https:\/\/tranthi.vn\/hanoi\/san-hem-khoa-m803-4mm\/#primaryimage"},"image":{"@id":"https:\/\/tranthi.vn\/hanoi\/san-hem-khoa-m803-4mm\/#primaryimage"},"thumbnailUrl":"https:\/\/tranthi.vn\/hanoi\/wp-content\/uploads\/2021\/03\/San-hem-khoa-tai-Hue-gia-re.jpg","datePublished":"2021-03-02T02:36:35+00:00","dateModified":"2022-10-05T09:55:08+00:00","breadcrumb":{"@id":"https:\/\/tranthi.vn\/hanoi\/san-hem-khoa-m803-4mm\/#breadcrumb"},"inLanguage":"vi","potentialAction":[{"@type":"ReadAction","target":["https:\/\/tranthi.vn\/hanoi\/san-hem-khoa-m803-4mm\/"]}]},{"@type":"ImageObject","inLanguage":"vi","@id":"https:\/\/tranthi.vn\/hanoi\/san-hem-khoa-m803-4mm\/#primaryimage","url":"https:\/\/tranthi.vn\/hanoi\/wp-content\/uploads\/2021\/03\/San-hem-khoa-tai-Hue-gia-re.jpg","contentUrl":"https:\/\/tranthi.vn\/hanoi\/wp-content\/uploads\/2021\/03\/San-hem-khoa-tai-Hue-gia-re.jpg","width":250,"height":250,"caption":"S\u00e0n h\u1ebbm kh\u00f3a t\u1ea1i Hu\u1ebf gi\u00e1 r\u1ebb"},{"@type":"BreadcrumbList","@id":"https:\/\/tranthi.vn\/hanoi\/san-hem-khoa-m803-4mm\/#breadcrumb","itemListElement":[{"@type":"ListItem","position":1,"name":"Trang ch\u1ee7","item":"https:\/\/tranthi.vn\/hanoi\/"},{"@type":"ListItem","position":2,"name":"Shop","item":"https:\/\/tranthi.vn\/hanoi\/shop\/"},{"@type":"ListItem","position":3,"name":"S\u00e0n H\u00e8m Kh\u00f3a T412"}]},{"@type":"WebSite","@id":"https:\/\/tranthi.vn\/hanoi\/#website","url":"https:\/\/tranthi.vn\/hanoi\/","name":"V\u1eadt Li\u1ec7u X\u00e2y D\u1ef1ng Tr\u1ea7n Th\u1ecb Chi Nh\u00e1nh H\u00e0 N\u1ed9i","description":"V\u1eadt Li\u1ec7u X\u00e2y D\u1ef1ng - H\u00e0 N\u1ed9i","potentialAction":[{"@type":"SearchAction","target":{"@type":"EntryPoint","urlTemplate":"https:\/\/tranthi.vn\/hanoi\/?s={search_term_string}"},"query-input":{"@type":"PropertyValueSpecification","valueRequired":true,"valueName":"search_term_string"}}],"inLanguage":"vi"},{"@type":"ImageObject","inLanguage":"vi","@id":"https:\/\/tranthi.vn\/hanoi\/san-hem-khoa-m803-4mm\/#local-main-organization-logo","url":"","contentUrl":"","caption":"V\u1eadt Li\u1ec7u X\u00e2y D\u1ef1ng Tr\u1ea7n Th\u1ecb Chi Nh\u00e1nh H\u00e0 N\u1ed9i"}]},"product_price_amount":"240000","product_price_currency":"VND","og_availability":"instock","product_availability":"instock","product_condition":"new"},"_links":{"self":[{"href":"https:\/\/tranthi.vn\/hanoi\/wp-json\/wp\/v2\/product\/2345","targetHints":{"allow":["GET"]}}],"collection":[{"href":"https:\/\/tranthi.vn\/hanoi\/wp-json\/wp\/v2\/product"}],"about":[{"href":"https:\/\/tranthi.vn\/hanoi\/wp-json\/wp\/v2\/types\/product"}],"replies":[{"embeddable":true,"href":"https:\/\/tranthi.vn\/hanoi\/wp-json\/wp\/v2\/comments?post=2345"}],"wp:featuredmedia":[{"embeddable":true,"href":"https:\/\/tranthi.vn\/hanoi\/wp-json\/wp\/v2\/media\/4751"}],"wp:attachment":[{"href":"https:\/\/tranthi.vn\/hanoi\/wp-json\/wp\/v2\/media?parent=2345"}],"wp:term":[{"taxonomy":"product_cat","embeddable":true,"href":"https:\/\/tranthi.vn\/hanoi\/wp-json\/wp\/v2\/product_cat?post=2345"},{"taxonomy":"product_tag","embeddable":true,"href":"https:\/\/tranthi.vn\/hanoi\/wp-json\/wp\/v2\/product_tag?post=2345"}],"curies":[{"name":"wp","href":"https:\/\/api.w.org\/{rel}","templated":true}]}}